{"id":89166,"date":"2026-02-26T09:08:59","date_gmt":"2026-02-26T07:08:59","guid":{"rendered":"https:\/\/kidsplay.lt\/produktas\/woopie-melyno-policijos-miesto-sunkvezimio-garso-ir-sviesos-efektai\/"},"modified":"2026-04-13T14:45:52","modified_gmt":"2026-04-13T11:45:52","slug":"woopie-melyno-policijos-miesto-sunkvezimio-garso-ir-sviesos-efektai","status":"publish","type":"product","link":"https:\/\/kidsplay.lt\/lv\/products\/woopie-melyno-policijos-miesto-sunkvezimio-garso-ir-sviesos-efektai\/","title":{"rendered":"WOOPIE zila policijas pils\u0113tas kravas automa\u0161\u012bnas ska\u0146as un gaismas efekti"},"content":{"rendered":"<p>Policijos sunkve\u017eimio\u00a0vilkikas\u00a0i\u0161\u00a0CITY TRUCK\u00a0serijos nukels j\u016bs\u0173 vaik\u0105 \u012f policijos nuotyki\u0173 pasaul\u012f ir leis jam tapti teis\u0117saugos pareig\u016bnu. Pagamintas i\u0161\u00a0auk\u0161tos kokyb\u0117s med\u017eiag\u0173,\u00a0\u0161is rinkinys apima didel\u012f m\u0117lyn\u0105 sunkve\u017eim\u012f su vilkimo priekaba, sraigtasparn\u012f ir visureig\u012f. \u0160viesos ir garso efektai paver\u010dia \u017eaidim\u0105 dar tikrovi\u0161kesniu ir \u012fdomesniu. Tai puikus rinkinys k\u016brybi\u0161kam \u017eaidimui namuose, vaidinant policijos nuovad\u0105 ar vykdant gelb\u0117jimo operacijas.<br \/>\n\u2705\u00a0Charakteristikos:<br \/>\n\u2714\ufe0f Pagaminta i\u0161\u00a0tvirt\u0173 med\u017eiag\u0173<br \/>\n\u2714\ufe0f Su\u00a0\u0161viesos ir garso\u00a0efektais\u00a0\u2714\ufe0f Rinkin\u012f sudaro:\u00a0vilkikas\u00a0,\u00a0sraigtasparnis\u00a0ir\u00a0policijos automobilis<br \/>\n\u2705 Rota\u013clieta att\u012bst\u0101s:<br \/>\n\u2714\ufe0f Vaizduot\u0117<br \/>\n\u2714\ufe0f K\u016brybi\u0161kumas<br \/>\n\u2714\ufe0f Manualiniai \u012fg\u016bd\u017eiai<br \/>\n\u2714\ufe0f Loginis m\u0105stymas<br \/>\n\u26a1Baterijos prid\u0117tos\u26a1<\/p>","protected":false},"excerpt":{"rendered":"<p>Policijos sunkve\u017eimio\u00a0vilkikas\u00a0i\u0161\u00a0CITY TRUCK\u00a0serijos nukels j\u016bs\u0173 vaik\u0105 \u012f policijos nuotyki\u0173 pasaul\u012f ir leis jam tapti teis\u0117saugos pareig\u016bnu. Pagamintas i\u0161\u00a0auk\u0161tos kokyb\u0117s med\u017eiag\u0173,\u00a0\u0161is<\/p>","protected":false},"featured_media":78951,"template":"","meta":{"_acf_changed":false,"_glsr_average":0,"_glsr_ranking":0,"_glsr_reviews":0},"product_brand":[],"product_cat":[448,229],"product_tag":[],"class_list":{"0":"post-89166","1":"product","2":"type-product","3":"status-publish","4":"has-post-thumbnail","6":"product_cat-automobiliai-ir-transportas","7":"product_cat-zaislai-vaikams","8":"\"style=\"background-color: #2ecc711c;\"","10":"first","11":"instock","12":"purchasable","13":"product-type-simple"},"acf":[],"yoast_head":"<!-- This site is optimized with the Yoast SEO plugin v27.4 - https:\/\/yoast.com\/product\/yoast-seo-wordpress\/ -->\n<title>WOOPIE m\u0117lyno policijos miesto sunkve\u017eimio garso ir \u0161viesos efektai<\/title>\n<meta name=\"description\" content=\"WOOPIE m\u0117lyno policijos miesto sunkve\u017eimio garso ir \u0161viesos efektai - KidsPlay. Did\u017eiausias vaik\u0173 \u017eaisl\u0173 pasirinkimas.\" \/>\n<meta name=\"robots\" content=\"index, follow, max-snippet:-1, max-image-preview:large, max-video-preview:-1\" \/>\n<link rel=\"canonical\" href=\"https:\/\/kidsplay.lt\/lv\/products\/woopie-melyno-policijos-miesto-sunkvezimio-garso-ir-sviesos-efektai\/\" \/>\n<meta property=\"og:locale\" content=\"lv_LV\" \/>\n<meta property=\"og:type\" content=\"article\" \/>\n<meta property=\"og:title\" content=\"WOOPIE m\u0117lyno policijos miesto sunkve\u017eimio garso ir \u0161viesos efektai\" \/>\n<meta property=\"og:description\" content=\"WOOPIE m\u0117lyno policijos miesto sunkve\u017eimio garso ir \u0161viesos efektai - KidsPlay. Did\u017eiausias vaik\u0173 \u017eaisl\u0173 pasirinkimas.\" \/>\n<meta property=\"og:url\" content=\"https:\/\/kidsplay.lt\/lv\/products\/woopie-melyno-policijos-miesto-sunkvezimio-garso-ir-sviesos-efektai\/\" \/>\n<meta property=\"og:site_name\" content=\"KidsPlay\" \/>\n<meta property=\"article:publisher\" content=\"https:\/\/www.facebook.com\/www.kidsplay.lt\" \/>\n<meta property=\"article:modified_time\" content=\"2026-04-13T11:45:52+00:00\" \/>\n<meta property=\"og:image\" content=\"https:\/\/kidsplay.lt\/wp-content\/uploads\/2025\/10\/WOOPIE-melyno-policijos-miesto-sunkvezimio-garso-ir-sviesos-efektai.jpg\" \/>\n\t<meta property=\"og:image:width\" content=\"2560\" \/>\n\t<meta property=\"og:image:height\" content=\"2560\" \/>\n\t<meta property=\"og:image:type\" content=\"image\/jpeg\" \/>\n<meta name=\"twitter:card\" content=\"summary_large_image\" \/>\n<meta name=\"twitter:label1\" content=\"Est. reading time\" \/>\n\t<meta name=\"twitter:data1\" content=\"1 min\u016bte\" \/>\n<script type=\"application\/ld+json\" class=\"yoast-schema-graph\">{\"@context\":\"https:\\\/\\\/schema.org\",\"@graph\":[{\"@type\":\"WebPage\",\"@id\":\"https:\\\/\\\/kidsplay.lt\\\/produktas\\\/woopie-melyno-policijos-miesto-sunkvezimio-garso-ir-sviesos-efektai\\\/\",\"url\":\"https:\\\/\\\/kidsplay.lt\\\/produktas\\\/woopie-melyno-policijos-miesto-sunkvezimio-garso-ir-sviesos-efektai\\\/\",\"name\":\"WOOPIE m\u0117lyno policijos miesto sunkve\u017eimio garso ir \u0161viesos efektai\",\"isPartOf\":{\"@id\":\"https:\\\/\\\/kidsplay.lt\\\/#website\"},\"primaryImageOfPage\":{\"@id\":\"https:\\\/\\\/kidsplay.lt\\\/produktas\\\/woopie-melyno-policijos-miesto-sunkvezimio-garso-ir-sviesos-efektai\\\/#primaryimage\"},\"image\":{\"@id\":\"https:\\\/\\\/kidsplay.lt\\\/produktas\\\/woopie-melyno-policijos-miesto-sunkvezimio-garso-ir-sviesos-efektai\\\/#primaryimage\"},\"thumbnailUrl\":\"https:\\\/\\\/kidsplay.lt\\\/wp-content\\\/uploads\\\/2025\\\/10\\\/WOOPIE-melyno-policijos-miesto-sunkvezimio-garso-ir-sviesos-efektai.jpg\",\"datePublished\":\"2026-02-26T07:08:59+00:00\",\"dateModified\":\"2026-04-13T11:45:52+00:00\",\"description\":\"WOOPIE m\u0117lyno policijos miesto sunkve\u017eimio garso ir \u0161viesos efektai - KidsPlay. Did\u017eiausias vaik\u0173 \u017eaisl\u0173 pasirinkimas.\",\"breadcrumb\":{\"@id\":\"https:\\\/\\\/kidsplay.lt\\\/produktas\\\/woopie-melyno-policijos-miesto-sunkvezimio-garso-ir-sviesos-efektai\\\/#breadcrumb\"},\"inLanguage\":\"lv-LV\",\"potentialAction\":[{\"@type\":\"ReadAction\",\"target\":[\"https:\\\/\\\/kidsplay.lt\\\/produktas\\\/woopie-melyno-policijos-miesto-sunkvezimio-garso-ir-sviesos-efektai\\\/\"]}]},{\"@type\":\"ImageObject\",\"inLanguage\":\"lv-LV\",\"@id\":\"https:\\\/\\\/kidsplay.lt\\\/produktas\\\/woopie-melyno-policijos-miesto-sunkvezimio-garso-ir-sviesos-efektai\\\/#primaryimage\",\"url\":\"https:\\\/\\\/kidsplay.lt\\\/wp-content\\\/uploads\\\/2025\\\/10\\\/WOOPIE-melyno-policijos-miesto-sunkvezimio-garso-ir-sviesos-efektai.jpg\",\"contentUrl\":\"https:\\\/\\\/kidsplay.lt\\\/wp-content\\\/uploads\\\/2025\\\/10\\\/WOOPIE-melyno-policijos-miesto-sunkvezimio-garso-ir-sviesos-efektai.jpg\",\"width\":2560,\"height\":2560,\"caption\":\"WOOPIE m\u0117lyno policijos miesto sunkve\u017eimio garso ir \u0161viesos efektai\"},{\"@type\":\"BreadcrumbList\",\"@id\":\"https:\\\/\\\/kidsplay.lt\\\/produktas\\\/woopie-melyno-policijos-miesto-sunkvezimio-garso-ir-sviesos-efektai\\\/#breadcrumb\",\"itemListElement\":[{\"@type\":\"ListItem\",\"position\":1,\"name\":\"Pagrindinis\",\"item\":\"https:\\\/\\\/kidsplay.lt\\\/\"},{\"@type\":\"ListItem\",\"position\":2,\"name\":\"Parduotuv\u0117\",\"item\":\"https:\\\/\\\/kidsplay.lt\\\/parduotuve\\\/\"},{\"@type\":\"ListItem\",\"position\":3,\"name\":\"WOOPIE m\u0117lyno policijos miesto sunkve\u017eimio garso ir \u0161viesos efektai\"}]},{\"@type\":\"WebSite\",\"@id\":\"https:\\\/\\\/kidsplay.lt\\\/#website\",\"url\":\"https:\\\/\\\/kidsplay.lt\\\/\",\"name\":\"Kidsplay.lt\",\"description\":\"\u012evairios prek\u0117s vaikams\",\"publisher\":{\"@id\":\"https:\\\/\\\/kidsplay.lt\\\/#organization\"},\"alternateName\":\"Kidsplay\",\"potentialAction\":[{\"@type\":\"SearchAction\",\"target\":{\"@type\":\"EntryPoint\",\"urlTemplate\":\"https:\\\/\\\/kidsplay.lt\\\/?s={search_term_string}\"},\"query-input\":{\"@type\":\"PropertyValueSpecification\",\"valueRequired\":true,\"valueName\":\"search_term_string\"}}],\"inLanguage\":\"lv-LV\"},{\"@type\":\"Organization\",\"@id\":\"https:\\\/\\\/kidsplay.lt\\\/#organization\",\"name\":\"KidsPlay\",\"url\":\"https:\\\/\\\/kidsplay.lt\\\/\",\"logo\":{\"@type\":\"ImageObject\",\"inLanguage\":\"lv-LV\",\"@id\":\"https:\\\/\\\/kidsplay.lt\\\/#\\\/schema\\\/logo\\\/image\\\/\",\"url\":\"https:\\\/\\\/kidsplay.lt\\\/wp-content\\\/uploads\\\/2023\\\/07\\\/kidsplay-logo.png\",\"contentUrl\":\"https:\\\/\\\/kidsplay.lt\\\/wp-content\\\/uploads\\\/2023\\\/07\\\/kidsplay-logo.png\",\"width\":451,\"height\":98,\"caption\":\"KidsPlay\"},\"image\":{\"@id\":\"https:\\\/\\\/kidsplay.lt\\\/#\\\/schema\\\/logo\\\/image\\\/\"},\"sameAs\":[\"https:\\\/\\\/www.facebook.com\\\/www.kidsplay.lt\"]}]}<\/script>\n<!-- \/ Yoast SEO plugin. -->","yoast_head_json":{"title":"WOOPIE zila policijas pils\u0113tas kravas automa\u0161\u012bnas ska\u0146as un gaismas efekti","description":"WOOPIE m\u0117lyno policijos miesto sunkve\u017eimio garso ir \u0161viesos efektai - KidsPlay. Did\u017eiausias vaik\u0173 \u017eaisl\u0173 pasirinkimas.","robots":{"index":"index","follow":"follow","max-snippet":"max-snippet:-1","max-image-preview":"max-image-preview:large","max-video-preview":"max-video-preview:-1"},"canonical":"https:\/\/kidsplay.lt\/lv\/products\/woopie-melyno-policijos-miesto-sunkvezimio-garso-ir-sviesos-efektai\/","og_locale":"lv_LV","og_type":"article","og_title":"WOOPIE m\u0117lyno policijos miesto sunkve\u017eimio garso ir \u0161viesos efektai","og_description":"WOOPIE m\u0117lyno policijos miesto sunkve\u017eimio garso ir \u0161viesos efektai - KidsPlay. Did\u017eiausias vaik\u0173 \u017eaisl\u0173 pasirinkimas.","og_url":"https:\/\/kidsplay.lt\/lv\/products\/woopie-melyno-policijos-miesto-sunkvezimio-garso-ir-sviesos-efektai\/","og_site_name":"KidsPlay","article_publisher":"https:\/\/www.facebook.com\/www.kidsplay.lt","article_modified_time":"2026-04-13T11:45:52+00:00","og_image":[{"width":2560,"height":2560,"url":"https:\/\/kidsplay.lt\/wp-content\/uploads\/2025\/10\/WOOPIE-melyno-policijos-miesto-sunkvezimio-garso-ir-sviesos-efektai.jpg","type":"image\/jpeg"}],"twitter_card":"summary_large_image","twitter_misc":{"Est. reading time":"1 min\u016bte"},"schema":{"@context":"https:\/\/schema.org","@graph":[{"@type":"WebPage","@id":"https:\/\/kidsplay.lt\/produktas\/woopie-melyno-policijos-miesto-sunkvezimio-garso-ir-sviesos-efektai\/","url":"https:\/\/kidsplay.lt\/produktas\/woopie-melyno-policijos-miesto-sunkvezimio-garso-ir-sviesos-efektai\/","name":"WOOPIE zila policijas pils\u0113tas kravas automa\u0161\u012bnas ska\u0146as un gaismas efekti","isPartOf":{"@id":"https:\/\/kidsplay.lt\/#website"},"primaryImageOfPage":{"@id":"https:\/\/kidsplay.lt\/produktas\/woopie-melyno-policijos-miesto-sunkvezimio-garso-ir-sviesos-efektai\/#primaryimage"},"image":{"@id":"https:\/\/kidsplay.lt\/produktas\/woopie-melyno-policijos-miesto-sunkvezimio-garso-ir-sviesos-efektai\/#primaryimage"},"thumbnailUrl":"https:\/\/kidsplay.lt\/wp-content\/uploads\/2025\/10\/WOOPIE-melyno-policijos-miesto-sunkvezimio-garso-ir-sviesos-efektai.jpg","datePublished":"2026-02-26T07:08:59+00:00","dateModified":"2026-04-13T11:45:52+00:00","description":"WOOPIE m\u0117lyno policijos miesto sunkve\u017eimio garso ir \u0161viesos efektai - KidsPlay. Did\u017eiausias vaik\u0173 \u017eaisl\u0173 pasirinkimas.","breadcrumb":{"@id":"https:\/\/kidsplay.lt\/produktas\/woopie-melyno-policijos-miesto-sunkvezimio-garso-ir-sviesos-efektai\/#breadcrumb"},"inLanguage":"lv-LV","potentialAction":[{"@type":"ReadAction","target":["https:\/\/kidsplay.lt\/produktas\/woopie-melyno-policijos-miesto-sunkvezimio-garso-ir-sviesos-efektai\/"]}]},{"@type":"ImageObject","inLanguage":"lv-LV","@id":"https:\/\/kidsplay.lt\/produktas\/woopie-melyno-policijos-miesto-sunkvezimio-garso-ir-sviesos-efektai\/#primaryimage","url":"https:\/\/kidsplay.lt\/wp-content\/uploads\/2025\/10\/WOOPIE-melyno-policijos-miesto-sunkvezimio-garso-ir-sviesos-efektai.jpg","contentUrl":"https:\/\/kidsplay.lt\/wp-content\/uploads\/2025\/10\/WOOPIE-melyno-policijos-miesto-sunkvezimio-garso-ir-sviesos-efektai.jpg","width":2560,"height":2560,"caption":"WOOPIE m\u0117lyno policijos miesto sunkve\u017eimio garso ir \u0161viesos efektai"},{"@type":"BreadcrumbList","@id":"https:\/\/kidsplay.lt\/produktas\/woopie-melyno-policijos-miesto-sunkvezimio-garso-ir-sviesos-efektai\/#breadcrumb","itemListElement":[{"@type":"ListItem","position":1,"name":"Pagrindinis","item":"https:\/\/kidsplay.lt\/"},{"@type":"ListItem","position":2,"name":"Parduotuv\u0117","item":"https:\/\/kidsplay.lt\/parduotuve\/"},{"@type":"ListItem","position":3,"name":"WOOPIE m\u0117lyno policijos miesto sunkve\u017eimio garso ir \u0161viesos efektai"}]},{"@type":"WebSite","@id":"https:\/\/kidsplay.lt\/#website","url":"https:\/\/kidsplay.lt\/","name":"B\u0113rnu sp\u0113les.lv","description":"\u012evairios prek\u0117s vaikams","publisher":{"@id":"https:\/\/kidsplay.lt\/#organization"},"alternateName":"Kidsplay","potentialAction":[{"@type":"SearchAction","target":{"@type":"EntryPoint","urlTemplate":"https:\/\/kidsplay.lt\/?s={search_term_string}"},"query-input":{"@type":"PropertyValueSpecification","valueRequired":true,"valueName":"search_term_string"}}],"inLanguage":"lv-LV"},{"@type":"Organization","@id":"https:\/\/kidsplay.lt\/#organization","name":"B\u0113rnu sp\u0113le","url":"https:\/\/kidsplay.lt\/","logo":{"@type":"ImageObject","inLanguage":"lv-LV","@id":"https:\/\/kidsplay.lt\/#\/schema\/logo\/image\/","url":"https:\/\/kidsplay.lt\/wp-content\/uploads\/2023\/07\/kidsplay-logo.png","contentUrl":"https:\/\/kidsplay.lt\/wp-content\/uploads\/2023\/07\/kidsplay-logo.png","width":451,"height":98,"caption":"KidsPlay"},"image":{"@id":"https:\/\/kidsplay.lt\/#\/schema\/logo\/image\/"},"sameAs":["https:\/\/www.facebook.com\/www.kidsplay.lt"]}]}},"_links":{"self":[{"href":"https:\/\/kidsplay.lt\/lv\/wp-json\/wp\/v2\/product\/89166","targetHints":{"allow":["GET"]}}],"collection":[{"href":"https:\/\/kidsplay.lt\/lv\/wp-json\/wp\/v2\/product"}],"about":[{"href":"https:\/\/kidsplay.lt\/lv\/wp-json\/wp\/v2\/types\/product"}],"version-history":[{"count":1,"href":"https:\/\/kidsplay.lt\/lv\/wp-json\/wp\/v2\/product\/89166\/revisions"}],"predecessor-version":[{"id":89167,"href":"https:\/\/kidsplay.lt\/lv\/wp-json\/wp\/v2\/product\/89166\/revisions\/89167"}],"wp:featuredmedia":[{"embeddable":true,"href":"https:\/\/kidsplay.lt\/lv\/wp-json\/wp\/v2\/media\/78951"}],"wp:attachment":[{"href":"https:\/\/kidsplay.lt\/lv\/wp-json\/wp\/v2\/media?parent=89166"}],"wp:term":[{"taxonomy":"product_brand","embeddable":true,"href":"https:\/\/kidsplay.lt\/lv\/wp-json\/wp\/v2\/product_brand?post=89166"},{"taxonomy":"product_cat","embeddable":true,"href":"https:\/\/kidsplay.lt\/lv\/wp-json\/wp\/v2\/product_cat?post=89166"},{"taxonomy":"product_tag","embeddable":true,"href":"https:\/\/kidsplay.lt\/lv\/wp-json\/wp\/v2\/product_tag?post=89166"}],"curies":[{"name":"wp","href":"https:\/\/api.w.org\/{rel}","templated":true}]}}