{"id":89183,"date":"2026-02-26T09:09:18","date_gmt":"2026-02-26T07:09:18","guid":{"rendered":"https:\/\/kidsplay.lt\/produktas\/woopie-creator-city-ugniagesiu-brigados-konstravimo-rinkinys\/"},"modified":"2026-04-07T10:24:54","modified_gmt":"2026-04-07T07:24:54","slug":"woopie-creator-city-ugniagesiu-brigados-konstravimo-rinkinys","status":"publish","type":"product","link":"https:\/\/kidsplay.lt\/lv\/products\/woopie-creator-city-ugniagesiu-brigados-konstravimo-rinkinys\/","title":{"rendered":"WOOPIE Creator City ugniagesi\u0173 brigados konstravimo rinkinys"},"content":{"rendered":"<p>\u201eCREATOR CITY FIRE BRIGADA\u201c konstravimo rinkinys pakelia jauno in\u017einieriaus vaidmen\u0173 \u017eaidim\u0105 \u012f kit\u0105 lyg\u012f. Pagamintas i\u0161 tvirt\u0173 med\u017eiag\u0173 ir pasi\u017eymintis i\u0161skirtiniais raudonais ir baltais ugniagesi\u0173 komandos elementais, \u0161is rinkinys tikrai prad\u017eiugins bet kur\u012f jaun\u0105j\u012f statybinink\u0105. Rinkinyje yra detali\u0173, skirt\u0173 \u012fvairioms greitosios pagalbos transporto priemon\u0117ms sukonstruoti, kurias vaikai gali konstruoti savaranki\u0161kai \u017eaisdami. \u0160is gra\u017eiai sukurtas rinkinys skatina k\u016brybi\u0161k\u0105 vaidmen\u0173 \u017eaidim\u0105 ir leid\u017eia vaikams lavinti techninius bei socialinius \u012fg\u016bd\u017eius \u017eaid\u017eiant.<br \/>\n\u2757\ufe0f Rinkinys leid\u017eia surinkti po vien\u0105 transporto priemon\u0119 \u2757\ufe0f<br \/>\n\u2705\u00a0Charakteristikos:<br \/>\n\u2714\ufe0f Pagaminta i\u0161\u00a0tvirt\u0173\u00a0, labai patvari\u0173 med\u017eiag\u0173 \u2714\ufe0f Pridedamos\u00a06 gelb\u0117jimo automobili\u0173<br \/>\nsurinkimo instrukcijos\u00a0\u2714\ufe0f\u00a0D\u0117\u017eut\u0117s tipo pakuot\u0117 rinkinio komponentams laikyti\u00a0\u2714\ufe0f Su charakteringais raudonais ir baltais ugniagesi\u0173 komandos elementais\u00a0\u2714\ufe0f Puikiai tinka k\u016brybi\u0161kam \u017eaidimui kaip statybininkui ar ugniagesi\u0173 komandai\u00a0\u2714\ufe0f Tvirta konstrukcija u\u017etikrina patvarum\u0105 ir saugum\u0105<\/p>\n<p>\u2705\u00a0\u017daislas vystosi:<br \/>\n\u2714\ufe0f Vaizduot\u0117<br \/>\n\u2714\ufe0f K\u016brybi\u0161kumas<br \/>\n\u2714\ufe0f Loginis m\u0105stymas<br \/>\n\u2714\ufe0f Rankiniai \u012fg\u016bd\u017eiai<\/p>","protected":false},"excerpt":{"rendered":"<p>\u201eCREATOR CITY FIRE BRIGADA\u201c konstravimo rinkinys pakelia jauno in\u017einieriaus vaidmen\u0173 \u017eaidim\u0105 \u012f kit\u0105 lyg\u012f. Pagamintas i\u0161 tvirt\u0173 med\u017eiag\u0173 ir pasi\u017eymintis<\/p>","protected":false},"featured_media":63445,"template":"","meta":{"_acf_changed":false,"_glsr_average":0,"_glsr_ranking":0,"_glsr_reviews":0},"product_brand":[],"product_cat":[446,229],"product_tag":[],"class_list":{"0":"post-89183","1":"product","2":"type-product","3":"status-publish","4":"has-post-thumbnail","6":"product_cat-konstruktoriai","7":"product_cat-zaislai-vaikams","8":"\"style=\"background-color: #2ecc711c;\"","10":"first","11":"instock","12":"purchasable","13":"product-type-simple"},"acf":[],"yoast_head":"<!-- This site is optimized with the Yoast SEO plugin v27.3 - https:\/\/yoast.com\/product\/yoast-seo-wordpress\/ -->\n<title>WOOPIE Creator City ugniagesi\u0173 brigados konstravimo rinkinys<\/title>\n<meta name=\"description\" content=\"WOOPIE Creator City ugniagesi\u0173 brigados konstravimo rinkinys - KidsPlay. Did\u017eiausias vaik\u0173 \u017eaisl\u0173 pasirinkimas.\" \/>\n<meta name=\"robots\" content=\"index, follow, max-snippet:-1, max-image-preview:large, max-video-preview:-1\" \/>\n<link rel=\"canonical\" href=\"https:\/\/kidsplay.lt\/lv\/products\/woopie-creator-city-ugniagesiu-brigados-konstravimo-rinkinys\/\" \/>\n<meta property=\"og:locale\" content=\"lv_LV\" \/>\n<meta property=\"og:type\" content=\"article\" \/>\n<meta property=\"og:title\" content=\"WOOPIE Creator City ugniagesi\u0173 brigados konstravimo rinkinys\" \/>\n<meta property=\"og:description\" content=\"WOOPIE Creator City ugniagesi\u0173 brigados konstravimo rinkinys - KidsPlay. Did\u017eiausias vaik\u0173 \u017eaisl\u0173 pasirinkimas.\" \/>\n<meta property=\"og:url\" content=\"https:\/\/kidsplay.lt\/lv\/products\/woopie-creator-city-ugniagesiu-brigados-konstravimo-rinkinys\/\" \/>\n<meta property=\"og:site_name\" content=\"KidsPlay\" \/>\n<meta property=\"article:publisher\" content=\"https:\/\/www.facebook.com\/www.kidsplay.lt\" \/>\n<meta property=\"article:modified_time\" content=\"2026-04-07T07:24:54+00:00\" \/>\n<meta property=\"og:image\" content=\"https:\/\/kidsplay.lt\/wp-content\/uploads\/2025\/09\/WOOPIE-Creator-City-ugniagesiu-brigados-konstravimo-rinkinys.jpg\" \/>\n\t<meta property=\"og:image:width\" content=\"1000\" \/>\n\t<meta property=\"og:image:height\" content=\"1000\" \/>\n\t<meta property=\"og:image:type\" content=\"image\/jpeg\" \/>\n<meta name=\"twitter:card\" content=\"summary_large_image\" \/>\n<meta name=\"twitter:label1\" content=\"Est. reading time\" \/>\n\t<meta name=\"twitter:data1\" content=\"1 min\u016bte\" \/>\n<script type=\"application\/ld+json\" class=\"yoast-schema-graph\">{\"@context\":\"https:\\\/\\\/schema.org\",\"@graph\":[{\"@type\":\"WebPage\",\"@id\":\"https:\\\/\\\/kidsplay.lt\\\/produktas\\\/woopie-creator-city-ugniagesiu-brigados-konstravimo-rinkinys\\\/\",\"url\":\"https:\\\/\\\/kidsplay.lt\\\/produktas\\\/woopie-creator-city-ugniagesiu-brigados-konstravimo-rinkinys\\\/\",\"name\":\"WOOPIE Creator City ugniagesi\u0173 brigados konstravimo rinkinys\",\"isPartOf\":{\"@id\":\"https:\\\/\\\/kidsplay.lt\\\/#website\"},\"primaryImageOfPage\":{\"@id\":\"https:\\\/\\\/kidsplay.lt\\\/produktas\\\/woopie-creator-city-ugniagesiu-brigados-konstravimo-rinkinys\\\/#primaryimage\"},\"image\":{\"@id\":\"https:\\\/\\\/kidsplay.lt\\\/produktas\\\/woopie-creator-city-ugniagesiu-brigados-konstravimo-rinkinys\\\/#primaryimage\"},\"thumbnailUrl\":\"https:\\\/\\\/kidsplay.lt\\\/wp-content\\\/uploads\\\/2025\\\/09\\\/WOOPIE-Creator-City-ugniagesiu-brigados-konstravimo-rinkinys.jpg\",\"datePublished\":\"2026-02-26T07:09:18+00:00\",\"dateModified\":\"2026-04-07T07:24:54+00:00\",\"description\":\"WOOPIE Creator City ugniagesi\u0173 brigados konstravimo rinkinys - KidsPlay. Did\u017eiausias vaik\u0173 \u017eaisl\u0173 pasirinkimas.\",\"breadcrumb\":{\"@id\":\"https:\\\/\\\/kidsplay.lt\\\/produktas\\\/woopie-creator-city-ugniagesiu-brigados-konstravimo-rinkinys\\\/#breadcrumb\"},\"inLanguage\":\"lv-LV\",\"potentialAction\":[{\"@type\":\"ReadAction\",\"target\":[\"https:\\\/\\\/kidsplay.lt\\\/produktas\\\/woopie-creator-city-ugniagesiu-brigados-konstravimo-rinkinys\\\/\"]}]},{\"@type\":\"ImageObject\",\"inLanguage\":\"lv-LV\",\"@id\":\"https:\\\/\\\/kidsplay.lt\\\/produktas\\\/woopie-creator-city-ugniagesiu-brigados-konstravimo-rinkinys\\\/#primaryimage\",\"url\":\"https:\\\/\\\/kidsplay.lt\\\/wp-content\\\/uploads\\\/2025\\\/09\\\/WOOPIE-Creator-City-ugniagesiu-brigados-konstravimo-rinkinys.jpg\",\"contentUrl\":\"https:\\\/\\\/kidsplay.lt\\\/wp-content\\\/uploads\\\/2025\\\/09\\\/WOOPIE-Creator-City-ugniagesiu-brigados-konstravimo-rinkinys.jpg\",\"width\":1000,\"height\":1000,\"caption\":\"WOOPIE Creator City ugniagesi\u0173 brigados konstravimo rinkinys\"},{\"@type\":\"BreadcrumbList\",\"@id\":\"https:\\\/\\\/kidsplay.lt\\\/produktas\\\/woopie-creator-city-ugniagesiu-brigados-konstravimo-rinkinys\\\/#breadcrumb\",\"itemListElement\":[{\"@type\":\"ListItem\",\"position\":1,\"name\":\"Pagrindinis\",\"item\":\"https:\\\/\\\/kidsplay.lt\\\/\"},{\"@type\":\"ListItem\",\"position\":2,\"name\":\"Parduotuv\u0117\",\"item\":\"https:\\\/\\\/kidsplay.lt\\\/parduotuve\\\/\"},{\"@type\":\"ListItem\",\"position\":3,\"name\":\"WOOPIE Creator City ugniagesi\u0173 brigados konstravimo rinkinys\"}]},{\"@type\":\"WebSite\",\"@id\":\"https:\\\/\\\/kidsplay.lt\\\/#website\",\"url\":\"https:\\\/\\\/kidsplay.lt\\\/\",\"name\":\"Kidsplay.lt\",\"description\":\"\u012evairios prek\u0117s vaikams\",\"publisher\":{\"@id\":\"https:\\\/\\\/kidsplay.lt\\\/#organization\"},\"alternateName\":\"Kidsplay\",\"potentialAction\":[{\"@type\":\"SearchAction\",\"target\":{\"@type\":\"EntryPoint\",\"urlTemplate\":\"https:\\\/\\\/kidsplay.lt\\\/?s={search_term_string}\"},\"query-input\":{\"@type\":\"PropertyValueSpecification\",\"valueRequired\":true,\"valueName\":\"search_term_string\"}}],\"inLanguage\":\"lv-LV\"},{\"@type\":\"Organization\",\"@id\":\"https:\\\/\\\/kidsplay.lt\\\/#organization\",\"name\":\"KidsPlay\",\"url\":\"https:\\\/\\\/kidsplay.lt\\\/\",\"logo\":{\"@type\":\"ImageObject\",\"inLanguage\":\"lv-LV\",\"@id\":\"https:\\\/\\\/kidsplay.lt\\\/#\\\/schema\\\/logo\\\/image\\\/\",\"url\":\"https:\\\/\\\/kidsplay.lt\\\/wp-content\\\/uploads\\\/2023\\\/07\\\/kidsplay-logo.png\",\"contentUrl\":\"https:\\\/\\\/kidsplay.lt\\\/wp-content\\\/uploads\\\/2023\\\/07\\\/kidsplay-logo.png\",\"width\":451,\"height\":98,\"caption\":\"KidsPlay\"},\"image\":{\"@id\":\"https:\\\/\\\/kidsplay.lt\\\/#\\\/schema\\\/logo\\\/image\\\/\"},\"sameAs\":[\"https:\\\/\\\/www.facebook.com\\\/www.kidsplay.lt\"]}]}<\/script>\n<!-- \/ Yoast SEO plugin. -->","yoast_head_json":{"title":"WOOPIE Creator City ugniagesi\u0173 brigados konstravimo rinkinys","description":"WOOPIE Creator City ugniagesi\u0173 brigados konstravimo rinkinys - KidsPlay. Did\u017eiausias vaik\u0173 \u017eaisl\u0173 pasirinkimas.","robots":{"index":"index","follow":"follow","max-snippet":"max-snippet:-1","max-image-preview":"max-image-preview:large","max-video-preview":"max-video-preview:-1"},"canonical":"https:\/\/kidsplay.lt\/lv\/products\/woopie-creator-city-ugniagesiu-brigados-konstravimo-rinkinys\/","og_locale":"lv_LV","og_type":"article","og_title":"WOOPIE Creator City ugniagesi\u0173 brigados konstravimo rinkinys","og_description":"WOOPIE Creator City ugniagesi\u0173 brigados konstravimo rinkinys - KidsPlay. Did\u017eiausias vaik\u0173 \u017eaisl\u0173 pasirinkimas.","og_url":"https:\/\/kidsplay.lt\/lv\/products\/woopie-creator-city-ugniagesiu-brigados-konstravimo-rinkinys\/","og_site_name":"KidsPlay","article_publisher":"https:\/\/www.facebook.com\/www.kidsplay.lt","article_modified_time":"2026-04-07T07:24:54+00:00","og_image":[{"width":1000,"height":1000,"url":"https:\/\/kidsplay.lt\/wp-content\/uploads\/2025\/09\/WOOPIE-Creator-City-ugniagesiu-brigados-konstravimo-rinkinys.jpg","type":"image\/jpeg"}],"twitter_card":"summary_large_image","twitter_misc":{"Est. reading time":"1 min\u016bte"},"schema":{"@context":"https:\/\/schema.org","@graph":[{"@type":"WebPage","@id":"https:\/\/kidsplay.lt\/produktas\/woopie-creator-city-ugniagesiu-brigados-konstravimo-rinkinys\/","url":"https:\/\/kidsplay.lt\/produktas\/woopie-creator-city-ugniagesiu-brigados-konstravimo-rinkinys\/","name":"WOOPIE Creator City ugniagesi\u0173 brigados konstravimo rinkinys","isPartOf":{"@id":"https:\/\/kidsplay.lt\/#website"},"primaryImageOfPage":{"@id":"https:\/\/kidsplay.lt\/produktas\/woopie-creator-city-ugniagesiu-brigados-konstravimo-rinkinys\/#primaryimage"},"image":{"@id":"https:\/\/kidsplay.lt\/produktas\/woopie-creator-city-ugniagesiu-brigados-konstravimo-rinkinys\/#primaryimage"},"thumbnailUrl":"https:\/\/kidsplay.lt\/wp-content\/uploads\/2025\/09\/WOOPIE-Creator-City-ugniagesiu-brigados-konstravimo-rinkinys.jpg","datePublished":"2026-02-26T07:09:18+00:00","dateModified":"2026-04-07T07:24:54+00:00","description":"WOOPIE Creator City ugniagesi\u0173 brigados konstravimo rinkinys - KidsPlay. Did\u017eiausias vaik\u0173 \u017eaisl\u0173 pasirinkimas.","breadcrumb":{"@id":"https:\/\/kidsplay.lt\/produktas\/woopie-creator-city-ugniagesiu-brigados-konstravimo-rinkinys\/#breadcrumb"},"inLanguage":"lv-LV","potentialAction":[{"@type":"ReadAction","target":["https:\/\/kidsplay.lt\/produktas\/woopie-creator-city-ugniagesiu-brigados-konstravimo-rinkinys\/"]}]},{"@type":"ImageObject","inLanguage":"lv-LV","@id":"https:\/\/kidsplay.lt\/produktas\/woopie-creator-city-ugniagesiu-brigados-konstravimo-rinkinys\/#primaryimage","url":"https:\/\/kidsplay.lt\/wp-content\/uploads\/2025\/09\/WOOPIE-Creator-City-ugniagesiu-brigados-konstravimo-rinkinys.jpg","contentUrl":"https:\/\/kidsplay.lt\/wp-content\/uploads\/2025\/09\/WOOPIE-Creator-City-ugniagesiu-brigados-konstravimo-rinkinys.jpg","width":1000,"height":1000,"caption":"WOOPIE Creator City ugniagesi\u0173 brigados konstravimo rinkinys"},{"@type":"BreadcrumbList","@id":"https:\/\/kidsplay.lt\/produktas\/woopie-creator-city-ugniagesiu-brigados-konstravimo-rinkinys\/#breadcrumb","itemListElement":[{"@type":"ListItem","position":1,"name":"Pagrindinis","item":"https:\/\/kidsplay.lt\/"},{"@type":"ListItem","position":2,"name":"Parduotuv\u0117","item":"https:\/\/kidsplay.lt\/parduotuve\/"},{"@type":"ListItem","position":3,"name":"WOOPIE Creator City ugniagesi\u0173 brigados konstravimo rinkinys"}]},{"@type":"WebSite","@id":"https:\/\/kidsplay.lt\/#website","url":"https:\/\/kidsplay.lt\/","name":"B\u0113rnu sp\u0113les.lv","description":"\u012evairios prek\u0117s vaikams","publisher":{"@id":"https:\/\/kidsplay.lt\/#organization"},"alternateName":"Kidsplay","potentialAction":[{"@type":"SearchAction","target":{"@type":"EntryPoint","urlTemplate":"https:\/\/kidsplay.lt\/?s={search_term_string}"},"query-input":{"@type":"PropertyValueSpecification","valueRequired":true,"valueName":"search_term_string"}}],"inLanguage":"lv-LV"},{"@type":"Organization","@id":"https:\/\/kidsplay.lt\/#organization","name":"B\u0113rnu sp\u0113le","url":"https:\/\/kidsplay.lt\/","logo":{"@type":"ImageObject","inLanguage":"lv-LV","@id":"https:\/\/kidsplay.lt\/#\/schema\/logo\/image\/","url":"https:\/\/kidsplay.lt\/wp-content\/uploads\/2023\/07\/kidsplay-logo.png","contentUrl":"https:\/\/kidsplay.lt\/wp-content\/uploads\/2023\/07\/kidsplay-logo.png","width":451,"height":98,"caption":"KidsPlay"},"image":{"@id":"https:\/\/kidsplay.lt\/#\/schema\/logo\/image\/"},"sameAs":["https:\/\/www.facebook.com\/www.kidsplay.lt"]}]}},"_links":{"self":[{"href":"https:\/\/kidsplay.lt\/lv\/wp-json\/wp\/v2\/product\/89183","targetHints":{"allow":["GET"]}}],"collection":[{"href":"https:\/\/kidsplay.lt\/lv\/wp-json\/wp\/v2\/product"}],"about":[{"href":"https:\/\/kidsplay.lt\/lv\/wp-json\/wp\/v2\/types\/product"}],"version-history":[{"count":1,"href":"https:\/\/kidsplay.lt\/lv\/wp-json\/wp\/v2\/product\/89183\/revisions"}],"predecessor-version":[{"id":89184,"href":"https:\/\/kidsplay.lt\/lv\/wp-json\/wp\/v2\/product\/89183\/revisions\/89184"}],"wp:featuredmedia":[{"embeddable":true,"href":"https:\/\/kidsplay.lt\/lv\/wp-json\/wp\/v2\/media\/63445"}],"wp:attachment":[{"href":"https:\/\/kidsplay.lt\/lv\/wp-json\/wp\/v2\/media?parent=89183"}],"wp:term":[{"taxonomy":"product_brand","embeddable":true,"href":"https:\/\/kidsplay.lt\/lv\/wp-json\/wp\/v2\/product_brand?post=89183"},{"taxonomy":"product_cat","embeddable":true,"href":"https:\/\/kidsplay.lt\/lv\/wp-json\/wp\/v2\/product_cat?post=89183"},{"taxonomy":"product_tag","embeddable":true,"href":"https:\/\/kidsplay.lt\/lv\/wp-json\/wp\/v2\/product_tag?post=89183"}],"curies":[{"name":"wp","href":"https:\/\/api.w.org\/{rel}","templated":true}]}}