{"id":89187,"date":"2026-02-26T09:09:23","date_gmt":"2026-02-26T07:09:23","guid":{"rendered":"https:\/\/kidsplay.lt\/produktas\/viga-mediniai-magnetiniai-raidziu-magnetai-skirti-ismokti-rasyti\/"},"modified":"2026-03-23T08:36:44","modified_gmt":"2026-03-23T06:36:44","slug":"viga-mediniai-magnetiniai-raidziu-magnetai-skirti-ismokti-rasyti","status":"publish","type":"product","link":"https:\/\/kidsplay.lt\/lv\/products\/viga-mediniai-magnetiniai-raidziu-magnetai-skirti-ismokti-rasyti\/","title":{"rendered":"VIGA mediniai magnetiniai raid\u017ei\u0173 magnetai, skirti i\u0161mokti ra\u0161yti"},"content":{"rendered":"<p>Magnetin\u0117s raid\u0117s i\u0161mokys j\u016bs\u0173 k\u016bdik\u012f atpa\u017einti raides ir i\u0161 j\u0173 sudaryti \u017eod\u017eius \u2013 puikus sprendimas vaikams, kurie tik pradeda mokytis skaityti.<\/p>\n<p>Rakstur\u012bgs:<\/p>\n<p> \t&#8211; spalvingos, trimat\u0117s raid\u0117s skatina \u017eaisti, tod\u0117l raid\u017ei\u0173 mokymasis ir pirm\u0173j\u0173 \u017eod\u017ei\u0173 k\u016brimas tampa patrauklus vaikams,<br \/>\n \t&#8211; Raid\u017ei\u0173 d\u0117lion\u0117s detal\u0117s puikiai tinka ma\u017eoms rankyt\u0117ms, tod\u0117l mokymasis niekada netampa nuobodus. Tokie pratimai yra puikus pasiruo\u0161imas b\u016bsimam ikimokykliniam ugdymui ir puikus b\u016bdas smagiai praleisti laik\u0105 su savo vaiku.<br \/>\n \t&#8211; kiekviena raid\u0117 apa\u010dioje turi magnet\u0105, tod\u0117l j\u0105 galima lengvai pritvirtinti prie lentos ar \u0161aldytuvo,<br \/>\n \t&#8211; kiekvien\u0105 raid\u0119 galima laisvai i\u0161d\u0117styti magnet\u0173 d\u0117ka, nepriklausomai nuo jos pad\u0117ties kampo,<br \/>\n \t&#8211; magnetin\u0117s raid\u0117s supakuotos esteti\u0161koje medin\u0117je d\u0117\u017eut\u0117je su permatomu akriliniu langeliu, kuris palengvina laikym\u0105 ir puikiai tinka kaip dovana,<br \/>\n \t&#8211; rinkin\u012f sudaro: 52 raid\u0117s (26 vnt. ma\u017eosios raid\u0117s, 26 vnt. did\u017eiosios raid\u0117s),<br \/>\n \t&#8211; Visas daiktas pagamintas i\u0161 lakuotos medienos ir da\u017eytas netoksi\u0161kais, ry\u0161ki\u0173 spalv\u0173 da\u017eais, kurie patenkins kiekvien\u0105 vartotoj\u0105 ir suteiks daug d\u017eiaugsmo \u017eaid\u017eiant.<\/p>\n<p>Rota\u013clieta att\u012bst\u0101s:<\/p>\n<p> \t&#8211; motoriniai \u012fg\u016bd\u017eiai,<br \/>\n \t&#8211; vikrumas,<br \/>\n \t&#8211; rankiniai \u012fg\u016bd\u017eiai,<br \/>\n \t&#8211; form\u0173 ir spalv\u0173 susiejimas.<\/p>","protected":false},"excerpt":{"rendered":"<p>Magnetin\u0117s raid\u0117s i\u0161mokys j\u016bs\u0173 k\u016bdik\u012f atpa\u017einti raides ir i\u0161 j\u0173 sudaryti \u017eod\u017eius \u2013 puikus sprendimas vaikams, kurie tik pradeda mokytis<\/p>","protected":false},"featured_media":78973,"template":"","meta":{"_acf_changed":false,"_glsr_average":0,"_glsr_ranking":0,"_glsr_reviews":0},"product_brand":[],"product_cat":[673,229],"product_tag":[],"class_list":{"0":"post-89187","1":"product","2":"type-product","3":"status-publish","4":"has-post-thumbnail","6":"product_cat-ugdomosios-priemones","7":"product_cat-zaislai-vaikams","8":"\"style=\"background-color: #2ecc711c;\"","10":"first","11":"outofstock","12":"purchasable","13":"product-type-simple"},"acf":[],"yoast_head":"<!-- This site is optimized with the Yoast SEO plugin v27.3 - https:\/\/yoast.com\/product\/yoast-seo-wordpress\/ -->\n<title>VIGA mediniai magnetiniai raid\u017ei\u0173 magnetai, skirti i\u0161mokti ra\u0161yti<\/title>\n<meta name=\"description\" content=\"VIGA mediniai magnetiniai raid\u017ei\u0173 magnetai, skirti i\u0161mokti ra\u0161yti - KidsPlay. Did\u017eiausias vaik\u0173 \u017eaisl\u0173 pasirinkimas.\" \/>\n<meta name=\"robots\" content=\"index, follow, max-snippet:-1, max-image-preview:large, max-video-preview:-1\" \/>\n<link rel=\"canonical\" href=\"https:\/\/kidsplay.lt\/lv\/products\/viga-mediniai-magnetiniai-raidziu-magnetai-skirti-ismokti-rasyti\/\" \/>\n<meta property=\"og:locale\" content=\"lv_LV\" \/>\n<meta property=\"og:type\" content=\"article\" \/>\n<meta property=\"og:title\" content=\"VIGA mediniai magnetiniai raid\u017ei\u0173 magnetai, skirti i\u0161mokti ra\u0161yti\" \/>\n<meta property=\"og:description\" content=\"VIGA mediniai magnetiniai raid\u017ei\u0173 magnetai, skirti i\u0161mokti ra\u0161yti - KidsPlay. Did\u017eiausias vaik\u0173 \u017eaisl\u0173 pasirinkimas.\" \/>\n<meta property=\"og:url\" content=\"https:\/\/kidsplay.lt\/lv\/products\/viga-mediniai-magnetiniai-raidziu-magnetai-skirti-ismokti-rasyti\/\" \/>\n<meta property=\"og:site_name\" content=\"KidsPlay\" \/>\n<meta property=\"article:publisher\" content=\"https:\/\/www.facebook.com\/www.kidsplay.lt\" \/>\n<meta property=\"article:modified_time\" content=\"2026-03-23T06:36:44+00:00\" \/>\n<meta property=\"og:image\" content=\"https:\/\/kidsplay.lt\/wp-content\/uploads\/2025\/10\/VIGA-mediniai-magnetiniai-raidziu-magnetai-skirti-ismokti-rasyti.jpg\" \/>\n\t<meta property=\"og:image:width\" content=\"2560\" \/>\n\t<meta property=\"og:image:height\" content=\"2560\" \/>\n\t<meta property=\"og:image:type\" content=\"image\/jpeg\" \/>\n<meta name=\"twitter:card\" content=\"summary_large_image\" \/>\n<meta name=\"twitter:label1\" content=\"Est. reading time\" \/>\n\t<meta name=\"twitter:data1\" content=\"1 min\u016bte\" \/>\n<script type=\"application\/ld+json\" class=\"yoast-schema-graph\">{\"@context\":\"https:\\\/\\\/schema.org\",\"@graph\":[{\"@type\":\"WebPage\",\"@id\":\"https:\\\/\\\/kidsplay.lt\\\/produktas\\\/viga-mediniai-magnetiniai-raidziu-magnetai-skirti-ismokti-rasyti\\\/\",\"url\":\"https:\\\/\\\/kidsplay.lt\\\/produktas\\\/viga-mediniai-magnetiniai-raidziu-magnetai-skirti-ismokti-rasyti\\\/\",\"name\":\"VIGA mediniai magnetiniai raid\u017ei\u0173 magnetai, skirti i\u0161mokti ra\u0161yti\",\"isPartOf\":{\"@id\":\"https:\\\/\\\/kidsplay.lt\\\/#website\"},\"primaryImageOfPage\":{\"@id\":\"https:\\\/\\\/kidsplay.lt\\\/produktas\\\/viga-mediniai-magnetiniai-raidziu-magnetai-skirti-ismokti-rasyti\\\/#primaryimage\"},\"image\":{\"@id\":\"https:\\\/\\\/kidsplay.lt\\\/produktas\\\/viga-mediniai-magnetiniai-raidziu-magnetai-skirti-ismokti-rasyti\\\/#primaryimage\"},\"thumbnailUrl\":\"https:\\\/\\\/kidsplay.lt\\\/wp-content\\\/uploads\\\/2025\\\/10\\\/VIGA-mediniai-magnetiniai-raidziu-magnetai-skirti-ismokti-rasyti.jpg\",\"datePublished\":\"2026-02-26T07:09:23+00:00\",\"dateModified\":\"2026-03-23T06:36:44+00:00\",\"description\":\"VIGA mediniai magnetiniai raid\u017ei\u0173 magnetai, skirti i\u0161mokti ra\u0161yti - KidsPlay. Did\u017eiausias vaik\u0173 \u017eaisl\u0173 pasirinkimas.\",\"breadcrumb\":{\"@id\":\"https:\\\/\\\/kidsplay.lt\\\/produktas\\\/viga-mediniai-magnetiniai-raidziu-magnetai-skirti-ismokti-rasyti\\\/#breadcrumb\"},\"inLanguage\":\"lv-LV\",\"potentialAction\":[{\"@type\":\"ReadAction\",\"target\":[\"https:\\\/\\\/kidsplay.lt\\\/produktas\\\/viga-mediniai-magnetiniai-raidziu-magnetai-skirti-ismokti-rasyti\\\/\"]}]},{\"@type\":\"ImageObject\",\"inLanguage\":\"lv-LV\",\"@id\":\"https:\\\/\\\/kidsplay.lt\\\/produktas\\\/viga-mediniai-magnetiniai-raidziu-magnetai-skirti-ismokti-rasyti\\\/#primaryimage\",\"url\":\"https:\\\/\\\/kidsplay.lt\\\/wp-content\\\/uploads\\\/2025\\\/10\\\/VIGA-mediniai-magnetiniai-raidziu-magnetai-skirti-ismokti-rasyti.jpg\",\"contentUrl\":\"https:\\\/\\\/kidsplay.lt\\\/wp-content\\\/uploads\\\/2025\\\/10\\\/VIGA-mediniai-magnetiniai-raidziu-magnetai-skirti-ismokti-rasyti.jpg\",\"width\":2560,\"height\":2560,\"caption\":\"VIGA mediniai magnetiniai raid\u017ei\u0173 magnetai\"},{\"@type\":\"BreadcrumbList\",\"@id\":\"https:\\\/\\\/kidsplay.lt\\\/produktas\\\/viga-mediniai-magnetiniai-raidziu-magnetai-skirti-ismokti-rasyti\\\/#breadcrumb\",\"itemListElement\":[{\"@type\":\"ListItem\",\"position\":1,\"name\":\"Pagrindinis\",\"item\":\"https:\\\/\\\/kidsplay.lt\\\/\"},{\"@type\":\"ListItem\",\"position\":2,\"name\":\"Parduotuv\u0117\",\"item\":\"https:\\\/\\\/kidsplay.lt\\\/parduotuve\\\/\"},{\"@type\":\"ListItem\",\"position\":3,\"name\":\"VIGA mediniai magnetiniai raid\u017ei\u0173 magnetai, skirti i\u0161mokti ra\u0161yti\"}]},{\"@type\":\"WebSite\",\"@id\":\"https:\\\/\\\/kidsplay.lt\\\/#website\",\"url\":\"https:\\\/\\\/kidsplay.lt\\\/\",\"name\":\"Kidsplay.lt\",\"description\":\"\u012evairios prek\u0117s vaikams\",\"publisher\":{\"@id\":\"https:\\\/\\\/kidsplay.lt\\\/#organization\"},\"alternateName\":\"Kidsplay\",\"potentialAction\":[{\"@type\":\"SearchAction\",\"target\":{\"@type\":\"EntryPoint\",\"urlTemplate\":\"https:\\\/\\\/kidsplay.lt\\\/?s={search_term_string}\"},\"query-input\":{\"@type\":\"PropertyValueSpecification\",\"valueRequired\":true,\"valueName\":\"search_term_string\"}}],\"inLanguage\":\"lv-LV\"},{\"@type\":\"Organization\",\"@id\":\"https:\\\/\\\/kidsplay.lt\\\/#organization\",\"name\":\"KidsPlay\",\"url\":\"https:\\\/\\\/kidsplay.lt\\\/\",\"logo\":{\"@type\":\"ImageObject\",\"inLanguage\":\"lv-LV\",\"@id\":\"https:\\\/\\\/kidsplay.lt\\\/#\\\/schema\\\/logo\\\/image\\\/\",\"url\":\"https:\\\/\\\/kidsplay.lt\\\/wp-content\\\/uploads\\\/2023\\\/07\\\/kidsplay-logo.png\",\"contentUrl\":\"https:\\\/\\\/kidsplay.lt\\\/wp-content\\\/uploads\\\/2023\\\/07\\\/kidsplay-logo.png\",\"width\":451,\"height\":98,\"caption\":\"KidsPlay\"},\"image\":{\"@id\":\"https:\\\/\\\/kidsplay.lt\\\/#\\\/schema\\\/logo\\\/image\\\/\"},\"sameAs\":[\"https:\\\/\\\/www.facebook.com\\\/www.kidsplay.lt\"]}]}<\/script>\n<!-- \/ Yoast SEO plugin. -->","yoast_head_json":{"title":"VIGA mediniai magnetiniai raid\u017ei\u0173 magnetai, skirti i\u0161mokti ra\u0161yti","description":"VIGA mediniai magnetiniai raid\u017ei\u0173 magnetai, skirti i\u0161mokti ra\u0161yti - KidsPlay. Did\u017eiausias vaik\u0173 \u017eaisl\u0173 pasirinkimas.","robots":{"index":"index","follow":"follow","max-snippet":"max-snippet:-1","max-image-preview":"max-image-preview:large","max-video-preview":"max-video-preview:-1"},"canonical":"https:\/\/kidsplay.lt\/lv\/products\/viga-mediniai-magnetiniai-raidziu-magnetai-skirti-ismokti-rasyti\/","og_locale":"lv_LV","og_type":"article","og_title":"VIGA mediniai magnetiniai raid\u017ei\u0173 magnetai, skirti i\u0161mokti ra\u0161yti","og_description":"VIGA mediniai magnetiniai raid\u017ei\u0173 magnetai, skirti i\u0161mokti ra\u0161yti - KidsPlay. Did\u017eiausias vaik\u0173 \u017eaisl\u0173 pasirinkimas.","og_url":"https:\/\/kidsplay.lt\/lv\/products\/viga-mediniai-magnetiniai-raidziu-magnetai-skirti-ismokti-rasyti\/","og_site_name":"KidsPlay","article_publisher":"https:\/\/www.facebook.com\/www.kidsplay.lt","article_modified_time":"2026-03-23T06:36:44+00:00","og_image":[{"width":2560,"height":2560,"url":"https:\/\/kidsplay.lt\/wp-content\/uploads\/2025\/10\/VIGA-mediniai-magnetiniai-raidziu-magnetai-skirti-ismokti-rasyti.jpg","type":"image\/jpeg"}],"twitter_card":"summary_large_image","twitter_misc":{"Est. reading time":"1 min\u016bte"},"schema":{"@context":"https:\/\/schema.org","@graph":[{"@type":"WebPage","@id":"https:\/\/kidsplay.lt\/produktas\/viga-mediniai-magnetiniai-raidziu-magnetai-skirti-ismokti-rasyti\/","url":"https:\/\/kidsplay.lt\/produktas\/viga-mediniai-magnetiniai-raidziu-magnetai-skirti-ismokti-rasyti\/","name":"VIGA mediniai magnetiniai raid\u017ei\u0173 magnetai, skirti i\u0161mokti ra\u0161yti","isPartOf":{"@id":"https:\/\/kidsplay.lt\/#website"},"primaryImageOfPage":{"@id":"https:\/\/kidsplay.lt\/produktas\/viga-mediniai-magnetiniai-raidziu-magnetai-skirti-ismokti-rasyti\/#primaryimage"},"image":{"@id":"https:\/\/kidsplay.lt\/produktas\/viga-mediniai-magnetiniai-raidziu-magnetai-skirti-ismokti-rasyti\/#primaryimage"},"thumbnailUrl":"https:\/\/kidsplay.lt\/wp-content\/uploads\/2025\/10\/VIGA-mediniai-magnetiniai-raidziu-magnetai-skirti-ismokti-rasyti.jpg","datePublished":"2026-02-26T07:09:23+00:00","dateModified":"2026-03-23T06:36:44+00:00","description":"VIGA mediniai magnetiniai raid\u017ei\u0173 magnetai, skirti i\u0161mokti ra\u0161yti - KidsPlay. Did\u017eiausias vaik\u0173 \u017eaisl\u0173 pasirinkimas.","breadcrumb":{"@id":"https:\/\/kidsplay.lt\/produktas\/viga-mediniai-magnetiniai-raidziu-magnetai-skirti-ismokti-rasyti\/#breadcrumb"},"inLanguage":"lv-LV","potentialAction":[{"@type":"ReadAction","target":["https:\/\/kidsplay.lt\/produktas\/viga-mediniai-magnetiniai-raidziu-magnetai-skirti-ismokti-rasyti\/"]}]},{"@type":"ImageObject","inLanguage":"lv-LV","@id":"https:\/\/kidsplay.lt\/produktas\/viga-mediniai-magnetiniai-raidziu-magnetai-skirti-ismokti-rasyti\/#primaryimage","url":"https:\/\/kidsplay.lt\/wp-content\/uploads\/2025\/10\/VIGA-mediniai-magnetiniai-raidziu-magnetai-skirti-ismokti-rasyti.jpg","contentUrl":"https:\/\/kidsplay.lt\/wp-content\/uploads\/2025\/10\/VIGA-mediniai-magnetiniai-raidziu-magnetai-skirti-ismokti-rasyti.jpg","width":2560,"height":2560,"caption":"VIGA mediniai magnetiniai raid\u017ei\u0173 magnetai"},{"@type":"BreadcrumbList","@id":"https:\/\/kidsplay.lt\/produktas\/viga-mediniai-magnetiniai-raidziu-magnetai-skirti-ismokti-rasyti\/#breadcrumb","itemListElement":[{"@type":"ListItem","position":1,"name":"Pagrindinis","item":"https:\/\/kidsplay.lt\/"},{"@type":"ListItem","position":2,"name":"Parduotuv\u0117","item":"https:\/\/kidsplay.lt\/parduotuve\/"},{"@type":"ListItem","position":3,"name":"VIGA mediniai magnetiniai raid\u017ei\u0173 magnetai, skirti i\u0161mokti ra\u0161yti"}]},{"@type":"WebSite","@id":"https:\/\/kidsplay.lt\/#website","url":"https:\/\/kidsplay.lt\/","name":"B\u0113rnu sp\u0113les.lv","description":"\u012evairios prek\u0117s vaikams","publisher":{"@id":"https:\/\/kidsplay.lt\/#organization"},"alternateName":"Kidsplay","potentialAction":[{"@type":"SearchAction","target":{"@type":"EntryPoint","urlTemplate":"https:\/\/kidsplay.lt\/?s={search_term_string}"},"query-input":{"@type":"PropertyValueSpecification","valueRequired":true,"valueName":"search_term_string"}}],"inLanguage":"lv-LV"},{"@type":"Organization","@id":"https:\/\/kidsplay.lt\/#organization","name":"B\u0113rnu sp\u0113le","url":"https:\/\/kidsplay.lt\/","logo":{"@type":"ImageObject","inLanguage":"lv-LV","@id":"https:\/\/kidsplay.lt\/#\/schema\/logo\/image\/","url":"https:\/\/kidsplay.lt\/wp-content\/uploads\/2023\/07\/kidsplay-logo.png","contentUrl":"https:\/\/kidsplay.lt\/wp-content\/uploads\/2023\/07\/kidsplay-logo.png","width":451,"height":98,"caption":"KidsPlay"},"image":{"@id":"https:\/\/kidsplay.lt\/#\/schema\/logo\/image\/"},"sameAs":["https:\/\/www.facebook.com\/www.kidsplay.lt"]}]}},"_links":{"self":[{"href":"https:\/\/kidsplay.lt\/lv\/wp-json\/wp\/v2\/product\/89187","targetHints":{"allow":["GET"]}}],"collection":[{"href":"https:\/\/kidsplay.lt\/lv\/wp-json\/wp\/v2\/product"}],"about":[{"href":"https:\/\/kidsplay.lt\/lv\/wp-json\/wp\/v2\/types\/product"}],"version-history":[{"count":1,"href":"https:\/\/kidsplay.lt\/lv\/wp-json\/wp\/v2\/product\/89187\/revisions"}],"predecessor-version":[{"id":89188,"href":"https:\/\/kidsplay.lt\/lv\/wp-json\/wp\/v2\/product\/89187\/revisions\/89188"}],"wp:featuredmedia":[{"embeddable":true,"href":"https:\/\/kidsplay.lt\/lv\/wp-json\/wp\/v2\/media\/78973"}],"wp:attachment":[{"href":"https:\/\/kidsplay.lt\/lv\/wp-json\/wp\/v2\/media?parent=89187"}],"wp:term":[{"taxonomy":"product_brand","embeddable":true,"href":"https:\/\/kidsplay.lt\/lv\/wp-json\/wp\/v2\/product_brand?post=89187"},{"taxonomy":"product_cat","embeddable":true,"href":"https:\/\/kidsplay.lt\/lv\/wp-json\/wp\/v2\/product_cat?post=89187"},{"taxonomy":"product_tag","embeddable":true,"href":"https:\/\/kidsplay.lt\/lv\/wp-json\/wp\/v2\/product_tag?post=89187"}],"curies":[{"name":"wp","href":"https:\/\/api.w.org\/{rel}","templated":true}]}}