{"id":89195,"date":"2026-02-26T09:09:35","date_gmt":"2026-02-26T07:09:35","guid":{"rendered":"https:\/\/kidsplay.lt\/produktas\/axi-viengubo-supynes-didelis-remas\/"},"modified":"2026-04-13T13:48:13","modified_gmt":"2026-04-13T10:48:13","slug":"axi-viengubo-supynes-didelis-remas","status":"publish","type":"product","link":"https:\/\/kidsplay.lt\/lv\/products\/axi-viengubo-supynes-didelis-remas\/","title":{"rendered":"AXI viengubo s\u016bpyn\u0117s didelis r\u0117mas"},"content":{"rendered":"<p>Viengubos metalin\u0117s s\u016bpyn\u0117s\u00a0i\u0161 \u017einomos kompanijos\u00a0AXI\u00a0suteikia vaikams atsipalaidavim\u0105 ir pramogas laisvalaikiu.<\/p>\n<p>\u2714 Modernus, spalvingas r\u0117mas yra atsparus oro s\u0105lygoms ir tvirtas, o d\u0117l savo dyd\u017eio tinka net ma\u017eiems sodams<\/p>\n<p>\u2714 Papildomas beveik 2,2 metro auk\u0161tis suteikia dar didesnes s\u016bpynes. Metalin\u0117s s\u016bpyn\u0117s pagamintos i\u0161 milteliniu b\u016bdu da\u017eyto plieno ir yra cinkuotos viduje ir i\u0161or\u0117je.<\/p>\n<p>\u2714 D\u0117l papildomo saugumo s\u016bpyn\u0117s turi keturis \u017eem\u0117s inkarus, skirtus \u012fbetonuoti \u012f \u017eem\u0119<\/p>\n<p>\u2714 S\u016bpyni\u0173 s\u0117dyn\u0117s, pagamintos i\u0161 PP plastiko, yra labai lengvai valomos, tod\u0117l galite suptis i\u0161kart po nedidelio lietaus<\/p>\n<p>\u2714 S\u016bpyn\u0117s auga kartu su j\u016bs\u0173 vaiku d\u0117l reguliuojam\u0173 virvi\u0173, u\u017etikrinan\u010di\u0173 ilg\u0105 tarnavimo laik\u0105.<\/p>\n<p>Rakstur\u012bgs:<\/p>\n<p> \t&#8211; Matmenys apytiksliai (I x P x A) 140 x 210 x 217 (cm),<br \/>\n \t&#8211; Pagaminta i\u0161 milteliniu b\u016bdu da\u017eyto plieno, cinkuota viduje ir i\u0161or\u0117je, kuri u\u017etikrina ilgalaik\u0119 apsaug\u0105 nuo r\u016bd\u017ei\u0173,<br \/>\n \t&#8211; Mink\u0161tos lietimui polipropileno virv\u0117s ir dvi liejimo b\u016bdu pagamintos plastikin\u0117s polipropileno s\u016bpyni\u0173 s\u0117dyn\u0117s,<br \/>\n \t&#8211; Reguliuojami virv\u0117s nuo 39 cm iki 99 cm vir\u0161 \u017eem\u0117s u\u017etikrina ilg\u0105 tarnavimo laik\u0105,<br \/>\n \t&#8211; Komplekte yra 4 \u017eem\u0117s inkarai betonavimui \u017eem\u0117je,<br \/>\n \t&#8211; Did\u017eiausias naudotojo svoris vienai s\u016bpyni\u0173 s\u0117dynei \u2013 50 kg,<br \/>\n \t&#8211; Lengvas surinkimas (reikalingas suaug\u0119s asmuo).<\/p>","protected":false},"excerpt":{"rendered":"<p>Viengubos metalin\u0117s s\u016bpyn\u0117s\u00a0i\u0161 \u017einomos kompanijos\u00a0AXI\u00a0suteikia vaikams atsipalaidavim\u0105 ir pramogas laisvalaikiu. \u2714 Modernus, spalvingas r\u0117mas yra atsparus oro s\u0105lygoms ir tvirtas,<\/p>","protected":false},"featured_media":63463,"template":"","meta":{"_acf_changed":false,"_glsr_average":0,"_glsr_ranking":0,"_glsr_reviews":0},"product_brand":[],"product_cat":[233,232],"product_tag":[],"class_list":{"0":"post-89195","1":"product","2":"type-product","3":"status-publish","4":"has-post-thumbnail","6":"product_cat-lauko-pramogos","7":"product_cat-supynes","8":"\"style=\"background-color: #2ecc711c;\"","10":"first","11":"instock","12":"purchasable","13":"product-type-simple"},"acf":[],"yoast_head":"<!-- This site is optimized with the Yoast SEO plugin v27.4 - https:\/\/yoast.com\/product\/yoast-seo-wordpress\/ -->\n<title>AXI viengubo s\u016bpyn\u0117s didelis r\u0117mas<\/title>\n<meta name=\"description\" content=\"AXI viengubo s\u016bpyn\u0117s didelis r\u0117mas - KidsPlay. Did\u017eiausias vaik\u0173 \u017eaisl\u0173 pasirinkimas.\" \/>\n<meta name=\"robots\" content=\"index, follow, max-snippet:-1, max-image-preview:large, max-video-preview:-1\" \/>\n<link rel=\"canonical\" href=\"https:\/\/kidsplay.lt\/lv\/products\/axi-viengubo-supynes-didelis-remas\/\" \/>\n<meta property=\"og:locale\" content=\"lv_LV\" \/>\n<meta property=\"og:type\" content=\"article\" \/>\n<meta property=\"og:title\" content=\"AXI viengubo s\u016bpyn\u0117s didelis r\u0117mas\" \/>\n<meta property=\"og:description\" content=\"AXI viengubo s\u016bpyn\u0117s didelis r\u0117mas - KidsPlay. Did\u017eiausias vaik\u0173 \u017eaisl\u0173 pasirinkimas.\" \/>\n<meta property=\"og:url\" content=\"https:\/\/kidsplay.lt\/lv\/products\/axi-viengubo-supynes-didelis-remas\/\" \/>\n<meta property=\"og:site_name\" content=\"KidsPlay\" \/>\n<meta property=\"article:publisher\" content=\"https:\/\/www.facebook.com\/www.kidsplay.lt\" \/>\n<meta property=\"article:modified_time\" content=\"2026-04-13T10:48:13+00:00\" \/>\n<meta property=\"og:image\" content=\"https:\/\/kidsplay.lt\/wp-content\/uploads\/2025\/09\/AXI-viengubo-supynes-didelis-remas.jpg\" \/>\n\t<meta property=\"og:image:width\" content=\"800\" \/>\n\t<meta property=\"og:image:height\" content=\"800\" \/>\n\t<meta property=\"og:image:type\" content=\"image\/jpeg\" \/>\n<meta name=\"twitter:card\" content=\"summary_large_image\" \/>\n<meta name=\"twitter:label1\" content=\"Est. reading time\" \/>\n\t<meta name=\"twitter:data1\" content=\"1 min\u016bte\" \/>\n<script type=\"application\/ld+json\" class=\"yoast-schema-graph\">{\"@context\":\"https:\\\/\\\/schema.org\",\"@graph\":[{\"@type\":\"WebPage\",\"@id\":\"https:\\\/\\\/kidsplay.lt\\\/produktas\\\/axi-viengubo-supynes-didelis-remas\\\/\",\"url\":\"https:\\\/\\\/kidsplay.lt\\\/produktas\\\/axi-viengubo-supynes-didelis-remas\\\/\",\"name\":\"AXI viengubo s\u016bpyn\u0117s didelis r\u0117mas\",\"isPartOf\":{\"@id\":\"https:\\\/\\\/kidsplay.lt\\\/#website\"},\"primaryImageOfPage\":{\"@id\":\"https:\\\/\\\/kidsplay.lt\\\/produktas\\\/axi-viengubo-supynes-didelis-remas\\\/#primaryimage\"},\"image\":{\"@id\":\"https:\\\/\\\/kidsplay.lt\\\/produktas\\\/axi-viengubo-supynes-didelis-remas\\\/#primaryimage\"},\"thumbnailUrl\":\"https:\\\/\\\/kidsplay.lt\\\/wp-content\\\/uploads\\\/2025\\\/09\\\/AXI-viengubo-supynes-didelis-remas.jpg\",\"datePublished\":\"2026-02-26T07:09:35+00:00\",\"dateModified\":\"2026-04-13T10:48:13+00:00\",\"description\":\"AXI viengubo s\u016bpyn\u0117s didelis r\u0117mas - KidsPlay. Did\u017eiausias vaik\u0173 \u017eaisl\u0173 pasirinkimas.\",\"breadcrumb\":{\"@id\":\"https:\\\/\\\/kidsplay.lt\\\/produktas\\\/axi-viengubo-supynes-didelis-remas\\\/#breadcrumb\"},\"inLanguage\":\"lv-LV\",\"potentialAction\":[{\"@type\":\"ReadAction\",\"target\":[\"https:\\\/\\\/kidsplay.lt\\\/produktas\\\/axi-viengubo-supynes-didelis-remas\\\/\"]}]},{\"@type\":\"ImageObject\",\"inLanguage\":\"lv-LV\",\"@id\":\"https:\\\/\\\/kidsplay.lt\\\/produktas\\\/axi-viengubo-supynes-didelis-remas\\\/#primaryimage\",\"url\":\"https:\\\/\\\/kidsplay.lt\\\/wp-content\\\/uploads\\\/2025\\\/09\\\/AXI-viengubo-supynes-didelis-remas.jpg\",\"contentUrl\":\"https:\\\/\\\/kidsplay.lt\\\/wp-content\\\/uploads\\\/2025\\\/09\\\/AXI-viengubo-supynes-didelis-remas.jpg\",\"width\":800,\"height\":800,\"caption\":\"AXI viengubo s\u016bpyn\u0117s didelis r\u0117mas\"},{\"@type\":\"BreadcrumbList\",\"@id\":\"https:\\\/\\\/kidsplay.lt\\\/produktas\\\/axi-viengubo-supynes-didelis-remas\\\/#breadcrumb\",\"itemListElement\":[{\"@type\":\"ListItem\",\"position\":1,\"name\":\"Pagrindinis\",\"item\":\"https:\\\/\\\/kidsplay.lt\\\/\"},{\"@type\":\"ListItem\",\"position\":2,\"name\":\"Parduotuv\u0117\",\"item\":\"https:\\\/\\\/kidsplay.lt\\\/parduotuve\\\/\"},{\"@type\":\"ListItem\",\"position\":3,\"name\":\"AXI viengubo s\u016bpyn\u0117s didelis r\u0117mas\"}]},{\"@type\":\"WebSite\",\"@id\":\"https:\\\/\\\/kidsplay.lt\\\/#website\",\"url\":\"https:\\\/\\\/kidsplay.lt\\\/\",\"name\":\"Kidsplay.lt\",\"description\":\"\u012evairios prek\u0117s vaikams\",\"publisher\":{\"@id\":\"https:\\\/\\\/kidsplay.lt\\\/#organization\"},\"alternateName\":\"Kidsplay\",\"potentialAction\":[{\"@type\":\"SearchAction\",\"target\":{\"@type\":\"EntryPoint\",\"urlTemplate\":\"https:\\\/\\\/kidsplay.lt\\\/?s={search_term_string}\"},\"query-input\":{\"@type\":\"PropertyValueSpecification\",\"valueRequired\":true,\"valueName\":\"search_term_string\"}}],\"inLanguage\":\"lv-LV\"},{\"@type\":\"Organization\",\"@id\":\"https:\\\/\\\/kidsplay.lt\\\/#organization\",\"name\":\"KidsPlay\",\"url\":\"https:\\\/\\\/kidsplay.lt\\\/\",\"logo\":{\"@type\":\"ImageObject\",\"inLanguage\":\"lv-LV\",\"@id\":\"https:\\\/\\\/kidsplay.lt\\\/#\\\/schema\\\/logo\\\/image\\\/\",\"url\":\"https:\\\/\\\/kidsplay.lt\\\/wp-content\\\/uploads\\\/2023\\\/07\\\/kidsplay-logo.png\",\"contentUrl\":\"https:\\\/\\\/kidsplay.lt\\\/wp-content\\\/uploads\\\/2023\\\/07\\\/kidsplay-logo.png\",\"width\":451,\"height\":98,\"caption\":\"KidsPlay\"},\"image\":{\"@id\":\"https:\\\/\\\/kidsplay.lt\\\/#\\\/schema\\\/logo\\\/image\\\/\"},\"sameAs\":[\"https:\\\/\\\/www.facebook.com\\\/www.kidsplay.lt\"]}]}<\/script>\n<!-- \/ Yoast SEO plugin. -->","yoast_head_json":{"title":"AXI viengubo s\u016bpyn\u0117s didelis r\u0117mas","description":"AXI viengubo s\u016bpyn\u0117s didelis r\u0117mas - KidsPlay. Did\u017eiausias vaik\u0173 \u017eaisl\u0173 pasirinkimas.","robots":{"index":"index","follow":"follow","max-snippet":"max-snippet:-1","max-image-preview":"max-image-preview:large","max-video-preview":"max-video-preview:-1"},"canonical":"https:\/\/kidsplay.lt\/lv\/products\/axi-viengubo-supynes-didelis-remas\/","og_locale":"lv_LV","og_type":"article","og_title":"AXI viengubo s\u016bpyn\u0117s didelis r\u0117mas","og_description":"AXI viengubo s\u016bpyn\u0117s didelis r\u0117mas - KidsPlay. Did\u017eiausias vaik\u0173 \u017eaisl\u0173 pasirinkimas.","og_url":"https:\/\/kidsplay.lt\/lv\/products\/axi-viengubo-supynes-didelis-remas\/","og_site_name":"KidsPlay","article_publisher":"https:\/\/www.facebook.com\/www.kidsplay.lt","article_modified_time":"2026-04-13T10:48:13+00:00","og_image":[{"width":800,"height":800,"url":"https:\/\/kidsplay.lt\/wp-content\/uploads\/2025\/09\/AXI-viengubo-supynes-didelis-remas.jpg","type":"image\/jpeg"}],"twitter_card":"summary_large_image","twitter_misc":{"Est. reading time":"1 min\u016bte"},"schema":{"@context":"https:\/\/schema.org","@graph":[{"@type":"WebPage","@id":"https:\/\/kidsplay.lt\/produktas\/axi-viengubo-supynes-didelis-remas\/","url":"https:\/\/kidsplay.lt\/produktas\/axi-viengubo-supynes-didelis-remas\/","name":"AXI viengubo s\u016bpyn\u0117s didelis r\u0117mas","isPartOf":{"@id":"https:\/\/kidsplay.lt\/#website"},"primaryImageOfPage":{"@id":"https:\/\/kidsplay.lt\/produktas\/axi-viengubo-supynes-didelis-remas\/#primaryimage"},"image":{"@id":"https:\/\/kidsplay.lt\/produktas\/axi-viengubo-supynes-didelis-remas\/#primaryimage"},"thumbnailUrl":"https:\/\/kidsplay.lt\/wp-content\/uploads\/2025\/09\/AXI-viengubo-supynes-didelis-remas.jpg","datePublished":"2026-02-26T07:09:35+00:00","dateModified":"2026-04-13T10:48:13+00:00","description":"AXI viengubo s\u016bpyn\u0117s didelis r\u0117mas - KidsPlay. Did\u017eiausias vaik\u0173 \u017eaisl\u0173 pasirinkimas.","breadcrumb":{"@id":"https:\/\/kidsplay.lt\/produktas\/axi-viengubo-supynes-didelis-remas\/#breadcrumb"},"inLanguage":"lv-LV","potentialAction":[{"@type":"ReadAction","target":["https:\/\/kidsplay.lt\/produktas\/axi-viengubo-supynes-didelis-remas\/"]}]},{"@type":"ImageObject","inLanguage":"lv-LV","@id":"https:\/\/kidsplay.lt\/produktas\/axi-viengubo-supynes-didelis-remas\/#primaryimage","url":"https:\/\/kidsplay.lt\/wp-content\/uploads\/2025\/09\/AXI-viengubo-supynes-didelis-remas.jpg","contentUrl":"https:\/\/kidsplay.lt\/wp-content\/uploads\/2025\/09\/AXI-viengubo-supynes-didelis-remas.jpg","width":800,"height":800,"caption":"AXI viengubo s\u016bpyn\u0117s didelis r\u0117mas"},{"@type":"BreadcrumbList","@id":"https:\/\/kidsplay.lt\/produktas\/axi-viengubo-supynes-didelis-remas\/#breadcrumb","itemListElement":[{"@type":"ListItem","position":1,"name":"Pagrindinis","item":"https:\/\/kidsplay.lt\/"},{"@type":"ListItem","position":2,"name":"Parduotuv\u0117","item":"https:\/\/kidsplay.lt\/parduotuve\/"},{"@type":"ListItem","position":3,"name":"AXI viengubo s\u016bpyn\u0117s didelis r\u0117mas"}]},{"@type":"WebSite","@id":"https:\/\/kidsplay.lt\/#website","url":"https:\/\/kidsplay.lt\/","name":"B\u0113rnu sp\u0113les.lv","description":"\u012evairios prek\u0117s vaikams","publisher":{"@id":"https:\/\/kidsplay.lt\/#organization"},"alternateName":"Kidsplay","potentialAction":[{"@type":"SearchAction","target":{"@type":"EntryPoint","urlTemplate":"https:\/\/kidsplay.lt\/?s={search_term_string}"},"query-input":{"@type":"PropertyValueSpecification","valueRequired":true,"valueName":"search_term_string"}}],"inLanguage":"lv-LV"},{"@type":"Organization","@id":"https:\/\/kidsplay.lt\/#organization","name":"B\u0113rnu sp\u0113le","url":"https:\/\/kidsplay.lt\/","logo":{"@type":"ImageObject","inLanguage":"lv-LV","@id":"https:\/\/kidsplay.lt\/#\/schema\/logo\/image\/","url":"https:\/\/kidsplay.lt\/wp-content\/uploads\/2023\/07\/kidsplay-logo.png","contentUrl":"https:\/\/kidsplay.lt\/wp-content\/uploads\/2023\/07\/kidsplay-logo.png","width":451,"height":98,"caption":"KidsPlay"},"image":{"@id":"https:\/\/kidsplay.lt\/#\/schema\/logo\/image\/"},"sameAs":["https:\/\/www.facebook.com\/www.kidsplay.lt"]}]}},"_links":{"self":[{"href":"https:\/\/kidsplay.lt\/lv\/wp-json\/wp\/v2\/product\/89195","targetHints":{"allow":["GET"]}}],"collection":[{"href":"https:\/\/kidsplay.lt\/lv\/wp-json\/wp\/v2\/product"}],"about":[{"href":"https:\/\/kidsplay.lt\/lv\/wp-json\/wp\/v2\/types\/product"}],"version-history":[{"count":1,"href":"https:\/\/kidsplay.lt\/lv\/wp-json\/wp\/v2\/product\/89195\/revisions"}],"predecessor-version":[{"id":89196,"href":"https:\/\/kidsplay.lt\/lv\/wp-json\/wp\/v2\/product\/89195\/revisions\/89196"}],"wp:featuredmedia":[{"embeddable":true,"href":"https:\/\/kidsplay.lt\/lv\/wp-json\/wp\/v2\/media\/63463"}],"wp:attachment":[{"href":"https:\/\/kidsplay.lt\/lv\/wp-json\/wp\/v2\/media?parent=89195"}],"wp:term":[{"taxonomy":"product_brand","embeddable":true,"href":"https:\/\/kidsplay.lt\/lv\/wp-json\/wp\/v2\/product_brand?post=89195"},{"taxonomy":"product_cat","embeddable":true,"href":"https:\/\/kidsplay.lt\/lv\/wp-json\/wp\/v2\/product_cat?post=89195"},{"taxonomy":"product_tag","embeddable":true,"href":"https:\/\/kidsplay.lt\/lv\/wp-json\/wp\/v2\/product_tag?post=89195"}],"curies":[{"name":"wp","href":"https:\/\/api.w.org\/{rel}","templated":true}]}}