{"id":89197,"date":"2026-02-26T09:09:38","date_gmt":"2026-02-26T07:09:38","guid":{"rendered":"https:\/\/kidsplay.lt\/produktas\/injusa-large-quad-rage-24v-extreme-nuo-6-metu-iki-50-kg-elektromobilis\/"},"modified":"2026-04-13T14:46:33","modified_gmt":"2026-04-13T11:46:33","slug":"injusa-large-quad-rage-24v-extreme-nuo-6-metu-iki-50-kg-elektromobilis","status":"publish","type":"product","link":"https:\/\/kidsplay.lt\/lv\/products\/injusa-large-quad-rage-24v-extreme-nuo-6-metu-iki-50-kg-elektromobilis\/","title":{"rendered":"INJUSA LARGE Quad Rage 24V Extreme elektromobilis no 6 gadiem l\u012bdz 50 kg"},"content":{"rendered":"<p>Ispanijos elektromobili\u0173 gamintojo\u00a0INJUSA\u00a0elektrinis\u00a0keturratis \u201eQuad Rage\u201c\u00a0\u2013 puikus pasirinkimas adrenalino m\u0117g\u0117jams vaikams\u00a0nuo 6 met\u0173 am\u017eiaus\u00a0.\u00a0Plat\u016bs ratai\u00a0u\u017etikrina puik\u0173\u00a0stabilum\u0105\u00a0, o guminis protektorius \u2013\u00a0puik\u0173 sukibim\u0105 ir patog\u0173 va\u017eiavim\u0105\u00a0\u012fvairiais pavir\u0161iais.\u00a024 V akumuliatorius u\u017etikrina\u00a0iki 11 km\/h\u00a0greit\u012f .<\/p>\n<p>Rakstur\u012bgs:<\/p>\n<p> \t&#8211;\u00a0\u012enir\u0161io \u017ealias keturratis,<br \/>\n \t&#8211; akumuliatoriaus \u012ftampa yra\u00a024 V\u00a0,<br \/>\n \t&#8211;\u00a0pridedamas akumuliatoriaus\u00a0\u012fkroviklis ,<br \/>\n \t&#8211; va\u017eiavimo greitis\u00a0iki 11 km\/h\u00a0,<br \/>\n \t&#8211; du\u00a0va\u017eiavimo\u00a0grei\u010diai ,<br \/>\n \t&#8211; ratai turi gumin\u012f protektori\u0173, kuris u\u017etikrina\u00a0stabilum\u0105 ir va\u017eiavimo komfort\u0105\u00a0,<br \/>\n \t&#8211; skirtas vaikams\u00a0nuo 6 met\u0173 am\u017eiaus\u00a0,<br \/>\n \t&#8211; plat\u016bs ratai suteikia transporto priemonei maksimal\u0173 stabilum\u0105,<br \/>\n \t&#8211; maksimali leistina\u00a0apkrova iki 50 kg\u00a0.<\/p>","protected":false},"excerpt":{"rendered":"<p>Ispanijos elektromobili\u0173 gamintojo\u00a0INJUSA\u00a0elektrinis\u00a0keturratis \u201eQuad Rage\u201c\u00a0\u2013 puikus pasirinkimas adrenalino m\u0117g\u0117jams vaikams\u00a0nuo 6 met\u0173 am\u017eiaus\u00a0.\u00a0Plat\u016bs ratai\u00a0u\u017etikrina puik\u0173\u00a0stabilum\u0105\u00a0, o guminis protektorius \u2013\u00a0puik\u0173 sukibim\u0105<\/p>","protected":false},"featured_media":63468,"template":"","meta":{"_acf_changed":false,"_glsr_average":0,"_glsr_ranking":0,"_glsr_reviews":0},"product_brand":[],"product_cat":[310,237],"product_tag":[],"class_list":{"0":"post-89197","1":"product","2":"type-product","3":"status-publish","4":"has-post-thumbnail","6":"product_cat-akumuliatorines-transporto-priemones","7":"product_cat-judejimo-priemones","8":"\"style=\"background-color: #2ecc711c;\"","10":"first","11":"instock","12":"purchasable","13":"product-type-simple"},"acf":[],"yoast_head":"<!-- This site is optimized with the Yoast SEO plugin v27.4 - https:\/\/yoast.com\/product\/yoast-seo-wordpress\/ -->\n<title>INJUSA LARGE Quad Rage 24V Extreme nuo 6 met\u0173 iki 50 kg elektromobilis<\/title>\n<meta name=\"description\" content=\"INJUSA LARGE Quad Rage 24V Extreme nuo 6 met\u0173 iki 50 kg elektromobilis - KidsPlay. Did\u017eiausias vaik\u0173 \u017eaisl\u0173 pasirinkimas.\" \/>\n<meta name=\"robots\" content=\"index, follow, max-snippet:-1, max-image-preview:large, max-video-preview:-1\" \/>\n<link rel=\"canonical\" href=\"https:\/\/kidsplay.lt\/lv\/products\/injusa-large-quad-rage-24v-extreme-nuo-6-metu-iki-50-kg-elektromobilis\/\" \/>\n<meta property=\"og:locale\" content=\"lv_LV\" \/>\n<meta property=\"og:type\" content=\"article\" \/>\n<meta property=\"og:title\" content=\"INJUSA LARGE Quad Rage 24V Extreme nuo 6 met\u0173 iki 50 kg elektromobilis\" \/>\n<meta property=\"og:description\" content=\"INJUSA LARGE Quad Rage 24V Extreme nuo 6 met\u0173 iki 50 kg elektromobilis - KidsPlay. Did\u017eiausias vaik\u0173 \u017eaisl\u0173 pasirinkimas.\" \/>\n<meta property=\"og:url\" content=\"https:\/\/kidsplay.lt\/lv\/products\/injusa-large-quad-rage-24v-extreme-nuo-6-metu-iki-50-kg-elektromobilis\/\" \/>\n<meta property=\"og:site_name\" content=\"KidsPlay\" \/>\n<meta property=\"article:publisher\" content=\"https:\/\/www.facebook.com\/www.kidsplay.lt\" \/>\n<meta property=\"article:modified_time\" content=\"2026-04-13T11:46:33+00:00\" \/>\n<meta property=\"og:image\" content=\"https:\/\/kidsplay.lt\/wp-content\/uploads\/2025\/09\/INJUSA-LARGE-Quad-Rage-24V-Extreme-nuo-6-metu-iki-50-kg-elektromobilis.jpg\" \/>\n\t<meta property=\"og:image:width\" content=\"1000\" \/>\n\t<meta property=\"og:image:height\" content=\"1000\" \/>\n\t<meta property=\"og:image:type\" content=\"image\/jpeg\" \/>\n<meta name=\"twitter:card\" content=\"summary_large_image\" \/>\n<meta name=\"twitter:label1\" content=\"Est. reading time\" \/>\n\t<meta name=\"twitter:data1\" content=\"1 min\u016bte\" \/>\n<script type=\"application\/ld+json\" class=\"yoast-schema-graph\">{\"@context\":\"https:\\\/\\\/schema.org\",\"@graph\":[{\"@type\":\"WebPage\",\"@id\":\"https:\\\/\\\/kidsplay.lt\\\/produktas\\\/injusa-large-quad-rage-24v-extreme-nuo-6-metu-iki-50-kg-elektromobilis\\\/\",\"url\":\"https:\\\/\\\/kidsplay.lt\\\/produktas\\\/injusa-large-quad-rage-24v-extreme-nuo-6-metu-iki-50-kg-elektromobilis\\\/\",\"name\":\"INJUSA LARGE Quad Rage 24V Extreme nuo 6 met\u0173 iki 50 kg elektromobilis\",\"isPartOf\":{\"@id\":\"https:\\\/\\\/kidsplay.lt\\\/#website\"},\"primaryImageOfPage\":{\"@id\":\"https:\\\/\\\/kidsplay.lt\\\/produktas\\\/injusa-large-quad-rage-24v-extreme-nuo-6-metu-iki-50-kg-elektromobilis\\\/#primaryimage\"},\"image\":{\"@id\":\"https:\\\/\\\/kidsplay.lt\\\/produktas\\\/injusa-large-quad-rage-24v-extreme-nuo-6-metu-iki-50-kg-elektromobilis\\\/#primaryimage\"},\"thumbnailUrl\":\"https:\\\/\\\/kidsplay.lt\\\/wp-content\\\/uploads\\\/2025\\\/09\\\/INJUSA-LARGE-Quad-Rage-24V-Extreme-nuo-6-metu-iki-50-kg-elektromobilis.jpg\",\"datePublished\":\"2026-02-26T07:09:38+00:00\",\"dateModified\":\"2026-04-13T11:46:33+00:00\",\"description\":\"INJUSA LARGE Quad Rage 24V Extreme nuo 6 met\u0173 iki 50 kg elektromobilis - KidsPlay. Did\u017eiausias vaik\u0173 \u017eaisl\u0173 pasirinkimas.\",\"breadcrumb\":{\"@id\":\"https:\\\/\\\/kidsplay.lt\\\/produktas\\\/injusa-large-quad-rage-24v-extreme-nuo-6-metu-iki-50-kg-elektromobilis\\\/#breadcrumb\"},\"inLanguage\":\"lv-LV\",\"potentialAction\":[{\"@type\":\"ReadAction\",\"target\":[\"https:\\\/\\\/kidsplay.lt\\\/produktas\\\/injusa-large-quad-rage-24v-extreme-nuo-6-metu-iki-50-kg-elektromobilis\\\/\"]}]},{\"@type\":\"ImageObject\",\"inLanguage\":\"lv-LV\",\"@id\":\"https:\\\/\\\/kidsplay.lt\\\/produktas\\\/injusa-large-quad-rage-24v-extreme-nuo-6-metu-iki-50-kg-elektromobilis\\\/#primaryimage\",\"url\":\"https:\\\/\\\/kidsplay.lt\\\/wp-content\\\/uploads\\\/2025\\\/09\\\/INJUSA-LARGE-Quad-Rage-24V-Extreme-nuo-6-metu-iki-50-kg-elektromobilis.jpg\",\"contentUrl\":\"https:\\\/\\\/kidsplay.lt\\\/wp-content\\\/uploads\\\/2025\\\/09\\\/INJUSA-LARGE-Quad-Rage-24V-Extreme-nuo-6-metu-iki-50-kg-elektromobilis.jpg\",\"width\":1000,\"height\":1000,\"caption\":\"INJUSA LARGE Quad Rage 24V Extreme nuo 6 met\u0173 iki 50 kg elektromobilis\"},{\"@type\":\"BreadcrumbList\",\"@id\":\"https:\\\/\\\/kidsplay.lt\\\/produktas\\\/injusa-large-quad-rage-24v-extreme-nuo-6-metu-iki-50-kg-elektromobilis\\\/#breadcrumb\",\"itemListElement\":[{\"@type\":\"ListItem\",\"position\":1,\"name\":\"Pagrindinis\",\"item\":\"https:\\\/\\\/kidsplay.lt\\\/\"},{\"@type\":\"ListItem\",\"position\":2,\"name\":\"Parduotuv\u0117\",\"item\":\"https:\\\/\\\/kidsplay.lt\\\/parduotuve\\\/\"},{\"@type\":\"ListItem\",\"position\":3,\"name\":\"INJUSA LARGE Quad Rage 24V Extreme nuo 6 met\u0173 iki 50 kg elektromobilis\"}]},{\"@type\":\"WebSite\",\"@id\":\"https:\\\/\\\/kidsplay.lt\\\/#website\",\"url\":\"https:\\\/\\\/kidsplay.lt\\\/\",\"name\":\"Kidsplay.lt\",\"description\":\"\u012evairios prek\u0117s vaikams\",\"publisher\":{\"@id\":\"https:\\\/\\\/kidsplay.lt\\\/#organization\"},\"alternateName\":\"Kidsplay\",\"potentialAction\":[{\"@type\":\"SearchAction\",\"target\":{\"@type\":\"EntryPoint\",\"urlTemplate\":\"https:\\\/\\\/kidsplay.lt\\\/?s={search_term_string}\"},\"query-input\":{\"@type\":\"PropertyValueSpecification\",\"valueRequired\":true,\"valueName\":\"search_term_string\"}}],\"inLanguage\":\"lv-LV\"},{\"@type\":\"Organization\",\"@id\":\"https:\\\/\\\/kidsplay.lt\\\/#organization\",\"name\":\"KidsPlay\",\"url\":\"https:\\\/\\\/kidsplay.lt\\\/\",\"logo\":{\"@type\":\"ImageObject\",\"inLanguage\":\"lv-LV\",\"@id\":\"https:\\\/\\\/kidsplay.lt\\\/#\\\/schema\\\/logo\\\/image\\\/\",\"url\":\"https:\\\/\\\/kidsplay.lt\\\/wp-content\\\/uploads\\\/2023\\\/07\\\/kidsplay-logo.png\",\"contentUrl\":\"https:\\\/\\\/kidsplay.lt\\\/wp-content\\\/uploads\\\/2023\\\/07\\\/kidsplay-logo.png\",\"width\":451,\"height\":98,\"caption\":\"KidsPlay\"},\"image\":{\"@id\":\"https:\\\/\\\/kidsplay.lt\\\/#\\\/schema\\\/logo\\\/image\\\/\"},\"sameAs\":[\"https:\\\/\\\/www.facebook.com\\\/www.kidsplay.lt\"]}]}<\/script>\n<!-- \/ Yoast SEO plugin. -->","yoast_head_json":{"title":"INJUSA LARGE Quad Rage 24V Extreme elektromobilis no 6 gadiem l\u012bdz 50 kg","description":"INJUSA LARGE Quad Rage 24V Extreme nuo 6 met\u0173 iki 50 kg elektromobilis - KidsPlay. Did\u017eiausias vaik\u0173 \u017eaisl\u0173 pasirinkimas.","robots":{"index":"index","follow":"follow","max-snippet":"max-snippet:-1","max-image-preview":"max-image-preview:large","max-video-preview":"max-video-preview:-1"},"canonical":"https:\/\/kidsplay.lt\/lv\/products\/injusa-large-quad-rage-24v-extreme-nuo-6-metu-iki-50-kg-elektromobilis\/","og_locale":"lv_LV","og_type":"article","og_title":"INJUSA LARGE Quad Rage 24V Extreme nuo 6 met\u0173 iki 50 kg elektromobilis","og_description":"INJUSA LARGE Quad Rage 24V Extreme nuo 6 met\u0173 iki 50 kg elektromobilis - KidsPlay. Did\u017eiausias vaik\u0173 \u017eaisl\u0173 pasirinkimas.","og_url":"https:\/\/kidsplay.lt\/lv\/products\/injusa-large-quad-rage-24v-extreme-nuo-6-metu-iki-50-kg-elektromobilis\/","og_site_name":"KidsPlay","article_publisher":"https:\/\/www.facebook.com\/www.kidsplay.lt","article_modified_time":"2026-04-13T11:46:33+00:00","og_image":[{"width":1000,"height":1000,"url":"https:\/\/kidsplay.lt\/wp-content\/uploads\/2025\/09\/INJUSA-LARGE-Quad-Rage-24V-Extreme-nuo-6-metu-iki-50-kg-elektromobilis.jpg","type":"image\/jpeg"}],"twitter_card":"summary_large_image","twitter_misc":{"Est. reading time":"1 min\u016bte"},"schema":{"@context":"https:\/\/schema.org","@graph":[{"@type":"WebPage","@id":"https:\/\/kidsplay.lt\/produktas\/injusa-large-quad-rage-24v-extreme-nuo-6-metu-iki-50-kg-elektromobilis\/","url":"https:\/\/kidsplay.lt\/produktas\/injusa-large-quad-rage-24v-extreme-nuo-6-metu-iki-50-kg-elektromobilis\/","name":"INJUSA LARGE Quad Rage 24V Extreme elektromobilis no 6 gadiem l\u012bdz 50 kg","isPartOf":{"@id":"https:\/\/kidsplay.lt\/#website"},"primaryImageOfPage":{"@id":"https:\/\/kidsplay.lt\/produktas\/injusa-large-quad-rage-24v-extreme-nuo-6-metu-iki-50-kg-elektromobilis\/#primaryimage"},"image":{"@id":"https:\/\/kidsplay.lt\/produktas\/injusa-large-quad-rage-24v-extreme-nuo-6-metu-iki-50-kg-elektromobilis\/#primaryimage"},"thumbnailUrl":"https:\/\/kidsplay.lt\/wp-content\/uploads\/2025\/09\/INJUSA-LARGE-Quad-Rage-24V-Extreme-nuo-6-metu-iki-50-kg-elektromobilis.jpg","datePublished":"2026-02-26T07:09:38+00:00","dateModified":"2026-04-13T11:46:33+00:00","description":"INJUSA LARGE Quad Rage 24V Extreme nuo 6 met\u0173 iki 50 kg elektromobilis - KidsPlay. Did\u017eiausias vaik\u0173 \u017eaisl\u0173 pasirinkimas.","breadcrumb":{"@id":"https:\/\/kidsplay.lt\/produktas\/injusa-large-quad-rage-24v-extreme-nuo-6-metu-iki-50-kg-elektromobilis\/#breadcrumb"},"inLanguage":"lv-LV","potentialAction":[{"@type":"ReadAction","target":["https:\/\/kidsplay.lt\/produktas\/injusa-large-quad-rage-24v-extreme-nuo-6-metu-iki-50-kg-elektromobilis\/"]}]},{"@type":"ImageObject","inLanguage":"lv-LV","@id":"https:\/\/kidsplay.lt\/produktas\/injusa-large-quad-rage-24v-extreme-nuo-6-metu-iki-50-kg-elektromobilis\/#primaryimage","url":"https:\/\/kidsplay.lt\/wp-content\/uploads\/2025\/09\/INJUSA-LARGE-Quad-Rage-24V-Extreme-nuo-6-metu-iki-50-kg-elektromobilis.jpg","contentUrl":"https:\/\/kidsplay.lt\/wp-content\/uploads\/2025\/09\/INJUSA-LARGE-Quad-Rage-24V-Extreme-nuo-6-metu-iki-50-kg-elektromobilis.jpg","width":1000,"height":1000,"caption":"INJUSA LARGE Quad Rage 24V Extreme nuo 6 met\u0173 iki 50 kg elektromobilis"},{"@type":"BreadcrumbList","@id":"https:\/\/kidsplay.lt\/produktas\/injusa-large-quad-rage-24v-extreme-nuo-6-metu-iki-50-kg-elektromobilis\/#breadcrumb","itemListElement":[{"@type":"ListItem","position":1,"name":"Pagrindinis","item":"https:\/\/kidsplay.lt\/"},{"@type":"ListItem","position":2,"name":"Parduotuv\u0117","item":"https:\/\/kidsplay.lt\/parduotuve\/"},{"@type":"ListItem","position":3,"name":"INJUSA LARGE Quad Rage 24V Extreme nuo 6 met\u0173 iki 50 kg elektromobilis"}]},{"@type":"WebSite","@id":"https:\/\/kidsplay.lt\/#website","url":"https:\/\/kidsplay.lt\/","name":"B\u0113rnu sp\u0113les.lv","description":"\u012evairios prek\u0117s vaikams","publisher":{"@id":"https:\/\/kidsplay.lt\/#organization"},"alternateName":"Kidsplay","potentialAction":[{"@type":"SearchAction","target":{"@type":"EntryPoint","urlTemplate":"https:\/\/kidsplay.lt\/?s={search_term_string}"},"query-input":{"@type":"PropertyValueSpecification","valueRequired":true,"valueName":"search_term_string"}}],"inLanguage":"lv-LV"},{"@type":"Organization","@id":"https:\/\/kidsplay.lt\/#organization","name":"B\u0113rnu sp\u0113le","url":"https:\/\/kidsplay.lt\/","logo":{"@type":"ImageObject","inLanguage":"lv-LV","@id":"https:\/\/kidsplay.lt\/#\/schema\/logo\/image\/","url":"https:\/\/kidsplay.lt\/wp-content\/uploads\/2023\/07\/kidsplay-logo.png","contentUrl":"https:\/\/kidsplay.lt\/wp-content\/uploads\/2023\/07\/kidsplay-logo.png","width":451,"height":98,"caption":"KidsPlay"},"image":{"@id":"https:\/\/kidsplay.lt\/#\/schema\/logo\/image\/"},"sameAs":["https:\/\/www.facebook.com\/www.kidsplay.lt"]}]}},"_links":{"self":[{"href":"https:\/\/kidsplay.lt\/lv\/wp-json\/wp\/v2\/product\/89197","targetHints":{"allow":["GET"]}}],"collection":[{"href":"https:\/\/kidsplay.lt\/lv\/wp-json\/wp\/v2\/product"}],"about":[{"href":"https:\/\/kidsplay.lt\/lv\/wp-json\/wp\/v2\/types\/product"}],"version-history":[{"count":1,"href":"https:\/\/kidsplay.lt\/lv\/wp-json\/wp\/v2\/product\/89197\/revisions"}],"predecessor-version":[{"id":89198,"href":"https:\/\/kidsplay.lt\/lv\/wp-json\/wp\/v2\/product\/89197\/revisions\/89198"}],"wp:featuredmedia":[{"embeddable":true,"href":"https:\/\/kidsplay.lt\/lv\/wp-json\/wp\/v2\/media\/63468"}],"wp:attachment":[{"href":"https:\/\/kidsplay.lt\/lv\/wp-json\/wp\/v2\/media?parent=89197"}],"wp:term":[{"taxonomy":"product_brand","embeddable":true,"href":"https:\/\/kidsplay.lt\/lv\/wp-json\/wp\/v2\/product_brand?post=89197"},{"taxonomy":"product_cat","embeddable":true,"href":"https:\/\/kidsplay.lt\/lv\/wp-json\/wp\/v2\/product_cat?post=89197"},{"taxonomy":"product_tag","embeddable":true,"href":"https:\/\/kidsplay.lt\/lv\/wp-json\/wp\/v2\/product_tag?post=89197"}],"curies":[{"name":"wp","href":"https:\/\/api.w.org\/{rel}","templated":true}]}}