{"id":89199,"date":"2026-02-26T09:09:40","date_gmt":"2026-02-26T07:09:40","guid":{"rendered":"https:\/\/kidsplay.lt\/produktas\/viga-medinis-ukininko-namelis-su-sodu-ir-traktoriumi-21-dalis\/"},"modified":"2026-04-13T14:46:37","modified_gmt":"2026-04-13T11:46:37","slug":"viga-medinis-ukininko-namelis-su-sodu-ir-traktoriumi-21-dalis","status":"publish","type":"product","link":"https:\/\/kidsplay.lt\/lv\/products\/viga-medinis-ukininko-namelis-su-sodu-ir-traktoriumi-21-dalis\/","title":{"rendered":"VIGA koka zemnieka m\u0101ja ar d\u0101rzu un traktoru, 21. da\u013ca"},"content":{"rendered":"<p>VIGA\u00a0medinis\u00a0\u016bkis\u00a0\u2013 \u017eavus pasi\u016blymas jauniesiems kaimo gyvenimo myl\u0117tojams! \u0160is gausiai \u012frengtas statinys suteiks valand\u0173 valandas k\u016brybi\u0161ko \u017eaidimo, leisdamas vaikams i\u0161mokti \u016bkininkavimo ir gyv\u016bn\u0173 prie\u017ei\u016bros paslap\u010di\u0173. D\u0117l \u012fvairi\u0173 element\u0173 vaikai gali kurti tikrovi\u0161kus \u016bkio gyvenimo scenarijus, lavindami savo vaizduot\u0119 ir socialinius \u012fg\u016bd\u017eius.<br \/>\n\u2705 Charakteristikos:<br \/>\n\u2714\ufe0f\u00a0Tinka vaikams\u00a0nuo 3 met\u0173\u00a0\u2714\ufe0f<br \/>\nMedinis\u00a0tvartas \u016bkio \u012frankiams ir gyv\u016bnams laikyti<br \/>\n\u2714\ufe0f\u00a0Pagamintas i\u0161\u00a0auk\u0161tos kokyb\u0117s\u00a0medienos<br \/>\n\u2714\ufe0f\u00a0Sodinimo zona mokymuisi apie pas\u0117lius<br \/>\n\u2714\ufe0f\u00a0Tvirtos tvoros u\u017etikrina gyv\u016bn\u0173 saugum\u0105<br \/>\n\u2714\ufe0f\u00a0Tre\u010diame auk\u0161te yra gaisrin\u0117s sraigtasparnio\u00a0nusileidimo aik\u0161tel\u0117\u00a0, suteikianti galimyb\u0119 atlikti operacijas ore<br \/>\n\u2705\u00a0\u012e rinkin\u012f \u012feina:<br \/>\n\u25fe\u00a0\u00a0Medinis tvartas<br \/>\n\u25fe\u00a0\u00a0Fig\u016br\u0117l\u0117s: \u016bkininkas, aviganis, vi\u0161ta, antis, avis, karv\u0117<br \/>\n\u25fe\u00a0\u00a0Tvirtas traktorius su priekaba<br \/>\n\u25fe\u00a0\u00a0Ma\u017eas e\u017eeras<br \/>\n\u25fe 4 tvoros \u016bkiui \/ sodui sukurti<br \/>\n\u25fe\u00a0\u00a03 sodinimo lysv\u0117s<br \/>\n\u25fe\u00a0\u00a03 augan\u010di\u0173 augal\u0173 fig\u016br\u0117l\u0117s: ridik\u0117liai, morkos ir moli\u016bgai<br \/>\n\u25fe\u00a0\u00a02 \u0161ieno rulonai<\/p>\n<p>\u2705 Rota\u013clieta att\u012bst\u0101s:<\/p>\n<p>\u2714\ufe0f\u00a0K\u016brybi\u0161kumas ir vaizduot\u0117<br \/>\n\u2714\ufe0f\u00a0Socialiniai \u012fg\u016bd\u017eiai ir komandinis darbas<br \/>\n\u2714\ufe0f\u00a0Motoriniai \u012fg\u016bd\u017eiai<br \/>\n\u2714\ufe0f\u00a0Empatija ir r\u016bpestis gyv\u016bnais bei augalais<br \/>\n\u2714\ufe0f\u00a0Aki\u0173 ir rank\u0173 koordinacija<br \/>\n\u2714\ufe0f\u00a0Loginis m\u0105stymas<\/p>","protected":false},"excerpt":{"rendered":"<p>VIGA\u00a0medinis\u00a0\u016bkis\u00a0\u2013 \u017eavus pasi\u016blymas jauniesiems kaimo gyvenimo myl\u0117tojams! \u0160is gausiai \u012frengtas statinys suteiks valand\u0173 valandas k\u016brybi\u0161ko \u017eaidimo, leisdamas vaikams i\u0161mokti \u016bkininkavimo<\/p>","protected":false},"featured_media":78991,"template":"","meta":{"_acf_changed":false,"_glsr_average":0,"_glsr_ranking":0,"_glsr_reviews":0},"product_brand":[],"product_cat":[896,399],"product_tag":[],"class_list":{"0":"post-89199","1":"product","2":"type-product","3":"status-publish","4":"has-post-thumbnail","6":"product_cat-namu-ukis-vaidmenu-zaidimai","7":"product_cat-vaidmenu-zaidimai-2","8":"\"style=\"background-color: #2ecc711c;\"","10":"first","11":"instock","12":"purchasable","13":"product-type-simple"},"acf":[],"yoast_head":"<!-- This site is optimized with the Yoast SEO plugin v27.4 - https:\/\/yoast.com\/product\/yoast-seo-wordpress\/ -->\n<title>VIGA medinis \u016bkininko namelis su sodu ir traktoriumi, 21 dalis<\/title>\n<meta name=\"description\" content=\"VIGA medinis \u016bkininko namelis su sodu ir traktoriumi, 21 dalis - KidsPlay. Did\u017eiausias vaik\u0173 \u017eaisl\u0173 pasirinkimas.\" \/>\n<meta name=\"robots\" content=\"index, follow, max-snippet:-1, max-image-preview:large, max-video-preview:-1\" \/>\n<link rel=\"canonical\" href=\"https:\/\/kidsplay.lt\/lv\/products\/viga-medinis-ukininko-namelis-su-sodu-ir-traktoriumi-21-dalis\/\" \/>\n<meta property=\"og:locale\" content=\"lv_LV\" \/>\n<meta property=\"og:type\" content=\"article\" \/>\n<meta property=\"og:title\" content=\"VIGA medinis \u016bkininko namelis su sodu ir traktoriumi, 21 dalis\" \/>\n<meta property=\"og:description\" content=\"VIGA medinis \u016bkininko namelis su sodu ir traktoriumi, 21 dalis - KidsPlay. Did\u017eiausias vaik\u0173 \u017eaisl\u0173 pasirinkimas.\" \/>\n<meta property=\"og:url\" content=\"https:\/\/kidsplay.lt\/lv\/products\/viga-medinis-ukininko-namelis-su-sodu-ir-traktoriumi-21-dalis\/\" \/>\n<meta property=\"og:site_name\" content=\"KidsPlay\" \/>\n<meta property=\"article:publisher\" content=\"https:\/\/www.facebook.com\/www.kidsplay.lt\" \/>\n<meta property=\"article:modified_time\" content=\"2026-04-13T11:46:37+00:00\" \/>\n<meta property=\"og:image\" content=\"https:\/\/kidsplay.lt\/wp-content\/uploads\/2025\/10\/VIGA-medinis-ukininko-namelis-su-sodu-ir-traktoriumi-21-dalis-800x800.jpg\" \/>\n\t<meta property=\"og:image:width\" content=\"800\" \/>\n\t<meta property=\"og:image:height\" content=\"800\" \/>\n\t<meta property=\"og:image:type\" content=\"image\/jpeg\" \/>\n<meta name=\"twitter:card\" content=\"summary_large_image\" \/>\n<meta name=\"twitter:label1\" content=\"Est. reading time\" \/>\n\t<meta name=\"twitter:data1\" content=\"1 min\u016bte\" \/>\n<script type=\"application\/ld+json\" class=\"yoast-schema-graph\">{\"@context\":\"https:\\\/\\\/schema.org\",\"@graph\":[{\"@type\":\"WebPage\",\"@id\":\"https:\\\/\\\/kidsplay.lt\\\/produktas\\\/viga-medinis-ukininko-namelis-su-sodu-ir-traktoriumi-21-dalis\\\/\",\"url\":\"https:\\\/\\\/kidsplay.lt\\\/produktas\\\/viga-medinis-ukininko-namelis-su-sodu-ir-traktoriumi-21-dalis\\\/\",\"name\":\"VIGA medinis \u016bkininko namelis su sodu ir traktoriumi, 21 dalis\",\"isPartOf\":{\"@id\":\"https:\\\/\\\/kidsplay.lt\\\/#website\"},\"primaryImageOfPage\":{\"@id\":\"https:\\\/\\\/kidsplay.lt\\\/produktas\\\/viga-medinis-ukininko-namelis-su-sodu-ir-traktoriumi-21-dalis\\\/#primaryimage\"},\"image\":{\"@id\":\"https:\\\/\\\/kidsplay.lt\\\/produktas\\\/viga-medinis-ukininko-namelis-su-sodu-ir-traktoriumi-21-dalis\\\/#primaryimage\"},\"thumbnailUrl\":\"https:\\\/\\\/kidsplay.lt\\\/wp-content\\\/uploads\\\/2025\\\/10\\\/VIGA-medinis-ukininko-namelis-su-sodu-ir-traktoriumi-21-dalis.jpg\",\"datePublished\":\"2026-02-26T07:09:40+00:00\",\"dateModified\":\"2026-04-13T11:46:37+00:00\",\"description\":\"VIGA medinis \u016bkininko namelis su sodu ir traktoriumi, 21 dalis - KidsPlay. Did\u017eiausias vaik\u0173 \u017eaisl\u0173 pasirinkimas.\",\"breadcrumb\":{\"@id\":\"https:\\\/\\\/kidsplay.lt\\\/produktas\\\/viga-medinis-ukininko-namelis-su-sodu-ir-traktoriumi-21-dalis\\\/#breadcrumb\"},\"inLanguage\":\"lv-LV\",\"potentialAction\":[{\"@type\":\"ReadAction\",\"target\":[\"https:\\\/\\\/kidsplay.lt\\\/produktas\\\/viga-medinis-ukininko-namelis-su-sodu-ir-traktoriumi-21-dalis\\\/\"]}]},{\"@type\":\"ImageObject\",\"inLanguage\":\"lv-LV\",\"@id\":\"https:\\\/\\\/kidsplay.lt\\\/produktas\\\/viga-medinis-ukininko-namelis-su-sodu-ir-traktoriumi-21-dalis\\\/#primaryimage\",\"url\":\"https:\\\/\\\/kidsplay.lt\\\/wp-content\\\/uploads\\\/2025\\\/10\\\/VIGA-medinis-ukininko-namelis-su-sodu-ir-traktoriumi-21-dalis.jpg\",\"contentUrl\":\"https:\\\/\\\/kidsplay.lt\\\/wp-content\\\/uploads\\\/2025\\\/10\\\/VIGA-medinis-ukininko-namelis-su-sodu-ir-traktoriumi-21-dalis.jpg\",\"width\":2500,\"height\":2500,\"caption\":\"VIGA medinis \u016bkininko namelis su sodu ir traktoriumi\"},{\"@type\":\"BreadcrumbList\",\"@id\":\"https:\\\/\\\/kidsplay.lt\\\/produktas\\\/viga-medinis-ukininko-namelis-su-sodu-ir-traktoriumi-21-dalis\\\/#breadcrumb\",\"itemListElement\":[{\"@type\":\"ListItem\",\"position\":1,\"name\":\"Pagrindinis\",\"item\":\"https:\\\/\\\/kidsplay.lt\\\/\"},{\"@type\":\"ListItem\",\"position\":2,\"name\":\"Parduotuv\u0117\",\"item\":\"https:\\\/\\\/kidsplay.lt\\\/parduotuve\\\/\"},{\"@type\":\"ListItem\",\"position\":3,\"name\":\"VIGA medinis \u016bkininko namelis su sodu ir traktoriumi, 21 dalis\"}]},{\"@type\":\"WebSite\",\"@id\":\"https:\\\/\\\/kidsplay.lt\\\/#website\",\"url\":\"https:\\\/\\\/kidsplay.lt\\\/\",\"name\":\"Kidsplay.lt\",\"description\":\"\u012evairios prek\u0117s vaikams\",\"publisher\":{\"@id\":\"https:\\\/\\\/kidsplay.lt\\\/#organization\"},\"alternateName\":\"Kidsplay\",\"potentialAction\":[{\"@type\":\"SearchAction\",\"target\":{\"@type\":\"EntryPoint\",\"urlTemplate\":\"https:\\\/\\\/kidsplay.lt\\\/?s={search_term_string}\"},\"query-input\":{\"@type\":\"PropertyValueSpecification\",\"valueRequired\":true,\"valueName\":\"search_term_string\"}}],\"inLanguage\":\"lv-LV\"},{\"@type\":\"Organization\",\"@id\":\"https:\\\/\\\/kidsplay.lt\\\/#organization\",\"name\":\"KidsPlay\",\"url\":\"https:\\\/\\\/kidsplay.lt\\\/\",\"logo\":{\"@type\":\"ImageObject\",\"inLanguage\":\"lv-LV\",\"@id\":\"https:\\\/\\\/kidsplay.lt\\\/#\\\/schema\\\/logo\\\/image\\\/\",\"url\":\"https:\\\/\\\/kidsplay.lt\\\/wp-content\\\/uploads\\\/2023\\\/07\\\/kidsplay-logo.png\",\"contentUrl\":\"https:\\\/\\\/kidsplay.lt\\\/wp-content\\\/uploads\\\/2023\\\/07\\\/kidsplay-logo.png\",\"width\":451,\"height\":98,\"caption\":\"KidsPlay\"},\"image\":{\"@id\":\"https:\\\/\\\/kidsplay.lt\\\/#\\\/schema\\\/logo\\\/image\\\/\"},\"sameAs\":[\"https:\\\/\\\/www.facebook.com\\\/www.kidsplay.lt\"]}]}<\/script>\n<!-- \/ Yoast SEO plugin. -->","yoast_head_json":{"title":"VIGA koka zemnieka m\u0101ja ar d\u0101rzu un traktoru, 21. da\u013ca","description":"VIGA medinis \u016bkininko namelis su sodu ir traktoriumi, 21 dalis - KidsPlay. Did\u017eiausias vaik\u0173 \u017eaisl\u0173 pasirinkimas.","robots":{"index":"index","follow":"follow","max-snippet":"max-snippet:-1","max-image-preview":"max-image-preview:large","max-video-preview":"max-video-preview:-1"},"canonical":"https:\/\/kidsplay.lt\/lv\/products\/viga-medinis-ukininko-namelis-su-sodu-ir-traktoriumi-21-dalis\/","og_locale":"lv_LV","og_type":"article","og_title":"VIGA medinis \u016bkininko namelis su sodu ir traktoriumi, 21 dalis","og_description":"VIGA medinis \u016bkininko namelis su sodu ir traktoriumi, 21 dalis - KidsPlay. Did\u017eiausias vaik\u0173 \u017eaisl\u0173 pasirinkimas.","og_url":"https:\/\/kidsplay.lt\/lv\/products\/viga-medinis-ukininko-namelis-su-sodu-ir-traktoriumi-21-dalis\/","og_site_name":"KidsPlay","article_publisher":"https:\/\/www.facebook.com\/www.kidsplay.lt","article_modified_time":"2026-04-13T11:46:37+00:00","og_image":[{"width":800,"height":800,"url":"https:\/\/kidsplay.lt\/wp-content\/uploads\/2025\/10\/VIGA-medinis-ukininko-namelis-su-sodu-ir-traktoriumi-21-dalis-800x800.jpg","type":"image\/jpeg"}],"twitter_card":"summary_large_image","twitter_misc":{"Est. reading time":"1 min\u016bte"},"schema":{"@context":"https:\/\/schema.org","@graph":[{"@type":"WebPage","@id":"https:\/\/kidsplay.lt\/produktas\/viga-medinis-ukininko-namelis-su-sodu-ir-traktoriumi-21-dalis\/","url":"https:\/\/kidsplay.lt\/produktas\/viga-medinis-ukininko-namelis-su-sodu-ir-traktoriumi-21-dalis\/","name":"VIGA koka zemnieka m\u0101ja ar d\u0101rzu un traktoru, 21. da\u013ca","isPartOf":{"@id":"https:\/\/kidsplay.lt\/#website"},"primaryImageOfPage":{"@id":"https:\/\/kidsplay.lt\/produktas\/viga-medinis-ukininko-namelis-su-sodu-ir-traktoriumi-21-dalis\/#primaryimage"},"image":{"@id":"https:\/\/kidsplay.lt\/produktas\/viga-medinis-ukininko-namelis-su-sodu-ir-traktoriumi-21-dalis\/#primaryimage"},"thumbnailUrl":"https:\/\/kidsplay.lt\/wp-content\/uploads\/2025\/10\/VIGA-medinis-ukininko-namelis-su-sodu-ir-traktoriumi-21-dalis.jpg","datePublished":"2026-02-26T07:09:40+00:00","dateModified":"2026-04-13T11:46:37+00:00","description":"VIGA medinis \u016bkininko namelis su sodu ir traktoriumi, 21 dalis - KidsPlay. Did\u017eiausias vaik\u0173 \u017eaisl\u0173 pasirinkimas.","breadcrumb":{"@id":"https:\/\/kidsplay.lt\/produktas\/viga-medinis-ukininko-namelis-su-sodu-ir-traktoriumi-21-dalis\/#breadcrumb"},"inLanguage":"lv-LV","potentialAction":[{"@type":"ReadAction","target":["https:\/\/kidsplay.lt\/produktas\/viga-medinis-ukininko-namelis-su-sodu-ir-traktoriumi-21-dalis\/"]}]},{"@type":"ImageObject","inLanguage":"lv-LV","@id":"https:\/\/kidsplay.lt\/produktas\/viga-medinis-ukininko-namelis-su-sodu-ir-traktoriumi-21-dalis\/#primaryimage","url":"https:\/\/kidsplay.lt\/wp-content\/uploads\/2025\/10\/VIGA-medinis-ukininko-namelis-su-sodu-ir-traktoriumi-21-dalis.jpg","contentUrl":"https:\/\/kidsplay.lt\/wp-content\/uploads\/2025\/10\/VIGA-medinis-ukininko-namelis-su-sodu-ir-traktoriumi-21-dalis.jpg","width":2500,"height":2500,"caption":"VIGA medinis \u016bkininko namelis su sodu ir traktoriumi"},{"@type":"BreadcrumbList","@id":"https:\/\/kidsplay.lt\/produktas\/viga-medinis-ukininko-namelis-su-sodu-ir-traktoriumi-21-dalis\/#breadcrumb","itemListElement":[{"@type":"ListItem","position":1,"name":"Pagrindinis","item":"https:\/\/kidsplay.lt\/"},{"@type":"ListItem","position":2,"name":"Parduotuv\u0117","item":"https:\/\/kidsplay.lt\/parduotuve\/"},{"@type":"ListItem","position":3,"name":"VIGA medinis \u016bkininko namelis su sodu ir traktoriumi, 21 dalis"}]},{"@type":"WebSite","@id":"https:\/\/kidsplay.lt\/#website","url":"https:\/\/kidsplay.lt\/","name":"B\u0113rnu sp\u0113les.lv","description":"\u012evairios prek\u0117s vaikams","publisher":{"@id":"https:\/\/kidsplay.lt\/#organization"},"alternateName":"Kidsplay","potentialAction":[{"@type":"SearchAction","target":{"@type":"EntryPoint","urlTemplate":"https:\/\/kidsplay.lt\/?s={search_term_string}"},"query-input":{"@type":"PropertyValueSpecification","valueRequired":true,"valueName":"search_term_string"}}],"inLanguage":"lv-LV"},{"@type":"Organization","@id":"https:\/\/kidsplay.lt\/#organization","name":"B\u0113rnu sp\u0113le","url":"https:\/\/kidsplay.lt\/","logo":{"@type":"ImageObject","inLanguage":"lv-LV","@id":"https:\/\/kidsplay.lt\/#\/schema\/logo\/image\/","url":"https:\/\/kidsplay.lt\/wp-content\/uploads\/2023\/07\/kidsplay-logo.png","contentUrl":"https:\/\/kidsplay.lt\/wp-content\/uploads\/2023\/07\/kidsplay-logo.png","width":451,"height":98,"caption":"KidsPlay"},"image":{"@id":"https:\/\/kidsplay.lt\/#\/schema\/logo\/image\/"},"sameAs":["https:\/\/www.facebook.com\/www.kidsplay.lt"]}]}},"_links":{"self":[{"href":"https:\/\/kidsplay.lt\/lv\/wp-json\/wp\/v2\/product\/89199","targetHints":{"allow":["GET"]}}],"collection":[{"href":"https:\/\/kidsplay.lt\/lv\/wp-json\/wp\/v2\/product"}],"about":[{"href":"https:\/\/kidsplay.lt\/lv\/wp-json\/wp\/v2\/types\/product"}],"version-history":[{"count":1,"href":"https:\/\/kidsplay.lt\/lv\/wp-json\/wp\/v2\/product\/89199\/revisions"}],"predecessor-version":[{"id":89200,"href":"https:\/\/kidsplay.lt\/lv\/wp-json\/wp\/v2\/product\/89199\/revisions\/89200"}],"wp:featuredmedia":[{"embeddable":true,"href":"https:\/\/kidsplay.lt\/lv\/wp-json\/wp\/v2\/media\/78991"}],"wp:attachment":[{"href":"https:\/\/kidsplay.lt\/lv\/wp-json\/wp\/v2\/media?parent=89199"}],"wp:term":[{"taxonomy":"product_brand","embeddable":true,"href":"https:\/\/kidsplay.lt\/lv\/wp-json\/wp\/v2\/product_brand?post=89199"},{"taxonomy":"product_cat","embeddable":true,"href":"https:\/\/kidsplay.lt\/lv\/wp-json\/wp\/v2\/product_cat?post=89199"},{"taxonomy":"product_tag","embeddable":true,"href":"https:\/\/kidsplay.lt\/lv\/wp-json\/wp\/v2\/product_tag?post=89199"}],"curies":[{"name":"wp","href":"https:\/\/api.w.org\/{rel}","templated":true}]}}