{"id":89218,"date":"2026-02-26T09:10:11","date_gmt":"2026-02-26T07:10:11","guid":{"rendered":"https:\/\/kidsplay.lt\/produktas\/little-tikes-kaimo-sodo-namelis\/"},"modified":"2026-04-07T10:25:40","modified_gmt":"2026-04-07T07:25:40","slug":"little-tikes-kaimo-sodo-namelis","status":"publish","type":"product","link":"https:\/\/kidsplay.lt\/lv\/products\/little-tikes-kaimo-sodo-namelis\/","title":{"rendered":"\u201eLittle Tikes Country Garden Playhouse"},"content":{"rendered":"<p>\u201eLittle Tikes\u201c \u017ealias kaimi\u0161ko stiliaus sodo namelis.\u00a0<\/p>\n<p> \tViduje yra kriaukl\u0117 su pasukamu \u010diaupu,<br \/>\n \tvirykl\u0117 su mygtukais ir telefonas.<br \/>\n \tNamas turi duris, 4 langus ir langines, kurias galima lengvai atidaryti ir u\u017edaryti.<\/p>\n<p>\u0160is kruop\u0161\u010diai suprojektuotas kaimo namelis prad\u017eiugins vaikus, leisdamas jiems m\u0117gautis grynu oru sode. Plastikinis kaimo namelis \u012fkvepia k\u016brybi\u0161kam \u017eaidimui, skatina aktyvum\u0105 ir suteikia daug d\u017eiaugsmo valand\u0173 valandas linksmybi\u0173 su kitais vaikais.<\/p>\n<p>\u201eLittle Tikes\u201c\u00a0buvo\u00a0\u00a0\u00a0\u012fkurta 1970 m. \u0160iandien tai vienas i\u0161 pagrindini\u0173 \u201eMGA Entertainment\u201c prek\u0117s \u017eenkl\u0173, atstovaujam\u0173 daugelyje pasaulio \u0161ali\u0173 ir kult\u016br\u0173. \u201eLittle Tikes\u201c produktai yra nepaprastai populiar\u016bs ir pasi\u017eymi auk\u0161ta kokybe, saugumu ir ilgaam\u017ei\u0161kumu. Lauko \u017eaisl\u0173 dizainui ir gamybai naudojama rotacinio liejimo technologija. \u017daislai yra dvigubos sienel\u0117s, apsaugan\u010dios nuo saul\u0117s ir oro s\u0105lyg\u0173, be to, yra atsparesni stipriems sm\u016bgiams. \u012emon\u0117 u\u017etikrina, kad jos gaminiai \u012fkvepia k\u016brybi\u0161kam \u017eaidimui, skatina aktyvum\u0105, atradimus ir teikia d\u017eiaugsmo vaikams, tod\u0117l jau daugel\u012f met\u0173 pelno t\u0117v\u0173 ir sve\u010di\u0173 pasitik\u0117jim\u0105 t\u016bkstan\u010diuose vaik\u0173 kambari\u0173 ir ikimokyklinio ugdymo \u012fstaig\u0173. Kas ne\u017eino dabar jau legendinio plaktuko su garsais ir \u0161viesos efektais?<\/p>","protected":false},"excerpt":{"rendered":"<p>\u201eLittle Tikes\u201c \u017ealias kaimi\u0161ko stiliaus sodo namelis.\u00a0 Viduje yra kriaukl\u0117 su pasukamu \u010diaupu, virykl\u0117 su mygtukais ir telefonas. Namas turi<\/p>","protected":false},"featured_media":63516,"template":"","meta":{"_acf_changed":false,"_glsr_average":0,"_glsr_ranking":0,"_glsr_reviews":0},"product_brand":[],"product_cat":[233,234],"product_tag":[],"class_list":{"0":"post-89218","1":"product","2":"type-product","3":"status-publish","4":"has-post-thumbnail","6":"product_cat-lauko-pramogos","7":"product_cat-vaikiski-nameliai","8":"\"style=\"background-color: #2ecc711c;\"","10":"first","11":"instock","12":"purchasable","13":"product-type-simple"},"acf":[],"yoast_head":"<!-- This site is optimized with the Yoast SEO plugin v27.3 - https:\/\/yoast.com\/product\/yoast-seo-wordpress\/ -->\n<title>\u201eLittle Tikes\u201c kaimo sodo namelis<\/title>\n<meta name=\"description\" content=\"\u201eLittle Tikes\u201c kaimo sodo namelis - KidsPlay. Did\u017eiausias vaik\u0173 \u017eaisl\u0173 pasirinkimas.\" \/>\n<meta name=\"robots\" content=\"index, follow, max-snippet:-1, max-image-preview:large, max-video-preview:-1\" \/>\n<link rel=\"canonical\" href=\"https:\/\/kidsplay.lt\/lv\/products\/little-tikes-kaimo-sodo-namelis\/\" \/>\n<meta property=\"og:locale\" content=\"lv_LV\" \/>\n<meta property=\"og:type\" content=\"article\" \/>\n<meta property=\"og:title\" content=\"\u201eLittle Tikes\u201c kaimo sodo namelis\" \/>\n<meta property=\"og:description\" content=\"\u201eLittle Tikes\u201c kaimo sodo namelis - KidsPlay. Did\u017eiausias vaik\u0173 \u017eaisl\u0173 pasirinkimas.\" \/>\n<meta property=\"og:url\" content=\"https:\/\/kidsplay.lt\/lv\/products\/little-tikes-kaimo-sodo-namelis\/\" \/>\n<meta property=\"og:site_name\" content=\"KidsPlay\" \/>\n<meta property=\"article:publisher\" content=\"https:\/\/www.facebook.com\/www.kidsplay.lt\" \/>\n<meta property=\"article:modified_time\" content=\"2026-04-07T07:25:40+00:00\" \/>\n<meta property=\"og:image\" content=\"https:\/\/kidsplay.lt\/wp-content\/uploads\/2025\/09\/\u201eLittle-Tikes-kaimo-sodo-namelis.jpg\" \/>\n\t<meta property=\"og:image:width\" content=\"800\" \/>\n\t<meta property=\"og:image:height\" content=\"714\" \/>\n\t<meta property=\"og:image:type\" content=\"image\/jpeg\" \/>\n<meta name=\"twitter:card\" content=\"summary_large_image\" \/>\n<meta name=\"twitter:label1\" content=\"Est. reading time\" \/>\n\t<meta name=\"twitter:data1\" content=\"1 min\u016bte\" \/>\n<script type=\"application\/ld+json\" class=\"yoast-schema-graph\">{\"@context\":\"https:\\\/\\\/schema.org\",\"@graph\":[{\"@type\":\"WebPage\",\"@id\":\"https:\\\/\\\/kidsplay.lt\\\/produktas\\\/little-tikes-kaimo-sodo-namelis\\\/\",\"url\":\"https:\\\/\\\/kidsplay.lt\\\/produktas\\\/little-tikes-kaimo-sodo-namelis\\\/\",\"name\":\"\u201eLittle Tikes\u201c kaimo sodo namelis\",\"isPartOf\":{\"@id\":\"https:\\\/\\\/kidsplay.lt\\\/#website\"},\"primaryImageOfPage\":{\"@id\":\"https:\\\/\\\/kidsplay.lt\\\/produktas\\\/little-tikes-kaimo-sodo-namelis\\\/#primaryimage\"},\"image\":{\"@id\":\"https:\\\/\\\/kidsplay.lt\\\/produktas\\\/little-tikes-kaimo-sodo-namelis\\\/#primaryimage\"},\"thumbnailUrl\":\"https:\\\/\\\/kidsplay.lt\\\/wp-content\\\/uploads\\\/2025\\\/09\\\/\u201eLittle-Tikes-kaimo-sodo-namelis.jpg\",\"datePublished\":\"2026-02-26T07:10:11+00:00\",\"dateModified\":\"2026-04-07T07:25:40+00:00\",\"description\":\"\u201eLittle Tikes\u201c kaimo sodo namelis - KidsPlay. Did\u017eiausias vaik\u0173 \u017eaisl\u0173 pasirinkimas.\",\"breadcrumb\":{\"@id\":\"https:\\\/\\\/kidsplay.lt\\\/produktas\\\/little-tikes-kaimo-sodo-namelis\\\/#breadcrumb\"},\"inLanguage\":\"lv-LV\",\"potentialAction\":[{\"@type\":\"ReadAction\",\"target\":[\"https:\\\/\\\/kidsplay.lt\\\/produktas\\\/little-tikes-kaimo-sodo-namelis\\\/\"]}]},{\"@type\":\"ImageObject\",\"inLanguage\":\"lv-LV\",\"@id\":\"https:\\\/\\\/kidsplay.lt\\\/produktas\\\/little-tikes-kaimo-sodo-namelis\\\/#primaryimage\",\"url\":\"https:\\\/\\\/kidsplay.lt\\\/wp-content\\\/uploads\\\/2025\\\/09\\\/\u201eLittle-Tikes-kaimo-sodo-namelis.jpg\",\"contentUrl\":\"https:\\\/\\\/kidsplay.lt\\\/wp-content\\\/uploads\\\/2025\\\/09\\\/\u201eLittle-Tikes-kaimo-sodo-namelis.jpg\",\"width\":800,\"height\":714,\"caption\":\"\u201eLittle Tikes\u201c kaimo sodo namelis\"},{\"@type\":\"BreadcrumbList\",\"@id\":\"https:\\\/\\\/kidsplay.lt\\\/produktas\\\/little-tikes-kaimo-sodo-namelis\\\/#breadcrumb\",\"itemListElement\":[{\"@type\":\"ListItem\",\"position\":1,\"name\":\"Pagrindinis\",\"item\":\"https:\\\/\\\/kidsplay.lt\\\/\"},{\"@type\":\"ListItem\",\"position\":2,\"name\":\"Parduotuv\u0117\",\"item\":\"https:\\\/\\\/kidsplay.lt\\\/parduotuve\\\/\"},{\"@type\":\"ListItem\",\"position\":3,\"name\":\"\u201eLittle Tikes\u201c kaimo sodo namelis\"}]},{\"@type\":\"WebSite\",\"@id\":\"https:\\\/\\\/kidsplay.lt\\\/#website\",\"url\":\"https:\\\/\\\/kidsplay.lt\\\/\",\"name\":\"Kidsplay.lt\",\"description\":\"\u012evairios prek\u0117s vaikams\",\"publisher\":{\"@id\":\"https:\\\/\\\/kidsplay.lt\\\/#organization\"},\"alternateName\":\"Kidsplay\",\"potentialAction\":[{\"@type\":\"SearchAction\",\"target\":{\"@type\":\"EntryPoint\",\"urlTemplate\":\"https:\\\/\\\/kidsplay.lt\\\/?s={search_term_string}\"},\"query-input\":{\"@type\":\"PropertyValueSpecification\",\"valueRequired\":true,\"valueName\":\"search_term_string\"}}],\"inLanguage\":\"lv-LV\"},{\"@type\":\"Organization\",\"@id\":\"https:\\\/\\\/kidsplay.lt\\\/#organization\",\"name\":\"KidsPlay\",\"url\":\"https:\\\/\\\/kidsplay.lt\\\/\",\"logo\":{\"@type\":\"ImageObject\",\"inLanguage\":\"lv-LV\",\"@id\":\"https:\\\/\\\/kidsplay.lt\\\/#\\\/schema\\\/logo\\\/image\\\/\",\"url\":\"https:\\\/\\\/kidsplay.lt\\\/wp-content\\\/uploads\\\/2023\\\/07\\\/kidsplay-logo.png\",\"contentUrl\":\"https:\\\/\\\/kidsplay.lt\\\/wp-content\\\/uploads\\\/2023\\\/07\\\/kidsplay-logo.png\",\"width\":451,\"height\":98,\"caption\":\"KidsPlay\"},\"image\":{\"@id\":\"https:\\\/\\\/kidsplay.lt\\\/#\\\/schema\\\/logo\\\/image\\\/\"},\"sameAs\":[\"https:\\\/\\\/www.facebook.com\\\/www.kidsplay.lt\"]}]}<\/script>\n<!-- \/ Yoast SEO plugin. -->","yoast_head_json":{"title":"\u201eLittle Tikes Country Garden Playhouse","description":"\u201eLittle Tikes\u201c kaimo sodo namelis - KidsPlay. Did\u017eiausias vaik\u0173 \u017eaisl\u0173 pasirinkimas.","robots":{"index":"index","follow":"follow","max-snippet":"max-snippet:-1","max-image-preview":"max-image-preview:large","max-video-preview":"max-video-preview:-1"},"canonical":"https:\/\/kidsplay.lt\/lv\/products\/little-tikes-kaimo-sodo-namelis\/","og_locale":"lv_LV","og_type":"article","og_title":"\u201eLittle Tikes\u201c kaimo sodo namelis","og_description":"\u201eLittle Tikes\u201c kaimo sodo namelis - KidsPlay. Did\u017eiausias vaik\u0173 \u017eaisl\u0173 pasirinkimas.","og_url":"https:\/\/kidsplay.lt\/lv\/products\/little-tikes-kaimo-sodo-namelis\/","og_site_name":"KidsPlay","article_publisher":"https:\/\/www.facebook.com\/www.kidsplay.lt","article_modified_time":"2026-04-07T07:25:40+00:00","og_image":[{"width":800,"height":714,"url":"https:\/\/kidsplay.lt\/wp-content\/uploads\/2025\/09\/\u201eLittle-Tikes-kaimo-sodo-namelis.jpg","type":"image\/jpeg"}],"twitter_card":"summary_large_image","twitter_misc":{"Est. reading time":"1 min\u016bte"},"schema":{"@context":"https:\/\/schema.org","@graph":[{"@type":"WebPage","@id":"https:\/\/kidsplay.lt\/produktas\/little-tikes-kaimo-sodo-namelis\/","url":"https:\/\/kidsplay.lt\/produktas\/little-tikes-kaimo-sodo-namelis\/","name":"\u201eLittle Tikes Country Garden Playhouse","isPartOf":{"@id":"https:\/\/kidsplay.lt\/#website"},"primaryImageOfPage":{"@id":"https:\/\/kidsplay.lt\/produktas\/little-tikes-kaimo-sodo-namelis\/#primaryimage"},"image":{"@id":"https:\/\/kidsplay.lt\/produktas\/little-tikes-kaimo-sodo-namelis\/#primaryimage"},"thumbnailUrl":"https:\/\/kidsplay.lt\/wp-content\/uploads\/2025\/09\/\u201eLittle-Tikes-kaimo-sodo-namelis.jpg","datePublished":"2026-02-26T07:10:11+00:00","dateModified":"2026-04-07T07:25:40+00:00","description":"\u201eLittle Tikes\u201c kaimo sodo namelis - KidsPlay. Did\u017eiausias vaik\u0173 \u017eaisl\u0173 pasirinkimas.","breadcrumb":{"@id":"https:\/\/kidsplay.lt\/produktas\/little-tikes-kaimo-sodo-namelis\/#breadcrumb"},"inLanguage":"lv-LV","potentialAction":[{"@type":"ReadAction","target":["https:\/\/kidsplay.lt\/produktas\/little-tikes-kaimo-sodo-namelis\/"]}]},{"@type":"ImageObject","inLanguage":"lv-LV","@id":"https:\/\/kidsplay.lt\/produktas\/little-tikes-kaimo-sodo-namelis\/#primaryimage","url":"https:\/\/kidsplay.lt\/wp-content\/uploads\/2025\/09\/\u201eLittle-Tikes-kaimo-sodo-namelis.jpg","contentUrl":"https:\/\/kidsplay.lt\/wp-content\/uploads\/2025\/09\/\u201eLittle-Tikes-kaimo-sodo-namelis.jpg","width":800,"height":714,"caption":"\u201eLittle Tikes\u201c kaimo sodo namelis"},{"@type":"BreadcrumbList","@id":"https:\/\/kidsplay.lt\/produktas\/little-tikes-kaimo-sodo-namelis\/#breadcrumb","itemListElement":[{"@type":"ListItem","position":1,"name":"Pagrindinis","item":"https:\/\/kidsplay.lt\/"},{"@type":"ListItem","position":2,"name":"Parduotuv\u0117","item":"https:\/\/kidsplay.lt\/parduotuve\/"},{"@type":"ListItem","position":3,"name":"\u201eLittle Tikes\u201c kaimo sodo namelis"}]},{"@type":"WebSite","@id":"https:\/\/kidsplay.lt\/#website","url":"https:\/\/kidsplay.lt\/","name":"B\u0113rnu sp\u0113les.lv","description":"\u012evairios prek\u0117s vaikams","publisher":{"@id":"https:\/\/kidsplay.lt\/#organization"},"alternateName":"Kidsplay","potentialAction":[{"@type":"SearchAction","target":{"@type":"EntryPoint","urlTemplate":"https:\/\/kidsplay.lt\/?s={search_term_string}"},"query-input":{"@type":"PropertyValueSpecification","valueRequired":true,"valueName":"search_term_string"}}],"inLanguage":"lv-LV"},{"@type":"Organization","@id":"https:\/\/kidsplay.lt\/#organization","name":"B\u0113rnu sp\u0113le","url":"https:\/\/kidsplay.lt\/","logo":{"@type":"ImageObject","inLanguage":"lv-LV","@id":"https:\/\/kidsplay.lt\/#\/schema\/logo\/image\/","url":"https:\/\/kidsplay.lt\/wp-content\/uploads\/2023\/07\/kidsplay-logo.png","contentUrl":"https:\/\/kidsplay.lt\/wp-content\/uploads\/2023\/07\/kidsplay-logo.png","width":451,"height":98,"caption":"KidsPlay"},"image":{"@id":"https:\/\/kidsplay.lt\/#\/schema\/logo\/image\/"},"sameAs":["https:\/\/www.facebook.com\/www.kidsplay.lt"]}]}},"_links":{"self":[{"href":"https:\/\/kidsplay.lt\/lv\/wp-json\/wp\/v2\/product\/89218","targetHints":{"allow":["GET"]}}],"collection":[{"href":"https:\/\/kidsplay.lt\/lv\/wp-json\/wp\/v2\/product"}],"about":[{"href":"https:\/\/kidsplay.lt\/lv\/wp-json\/wp\/v2\/types\/product"}],"version-history":[{"count":1,"href":"https:\/\/kidsplay.lt\/lv\/wp-json\/wp\/v2\/product\/89218\/revisions"}],"predecessor-version":[{"id":89219,"href":"https:\/\/kidsplay.lt\/lv\/wp-json\/wp\/v2\/product\/89218\/revisions\/89219"}],"wp:featuredmedia":[{"embeddable":true,"href":"https:\/\/kidsplay.lt\/lv\/wp-json\/wp\/v2\/media\/63516"}],"wp:attachment":[{"href":"https:\/\/kidsplay.lt\/lv\/wp-json\/wp\/v2\/media?parent=89218"}],"wp:term":[{"taxonomy":"product_brand","embeddable":true,"href":"https:\/\/kidsplay.lt\/lv\/wp-json\/wp\/v2\/product_brand?post=89218"},{"taxonomy":"product_cat","embeddable":true,"href":"https:\/\/kidsplay.lt\/lv\/wp-json\/wp\/v2\/product_cat?post=89218"},{"taxonomy":"product_tag","embeddable":true,"href":"https:\/\/kidsplay.lt\/lv\/wp-json\/wp\/v2\/product_tag?post=89218"}],"curies":[{"name":"wp","href":"https:\/\/api.w.org\/{rel}","templated":true}]}}