{"id":89227,"date":"2026-02-26T09:10:34","date_gmt":"2026-02-26T07:10:34","guid":{"rendered":"https:\/\/kidsplay.lt\/produktas\/viga-2-viename-igudziu-zaidimas-kryziukai-nuliukai-kukuruzu-skyle-mesk-i-taikini\/"},"modified":"2026-04-07T10:25:50","modified_gmt":"2026-04-07T07:25:50","slug":"viga-2-viename-igudziu-zaidimas-kryziukai-nuliukai-kukuruzu-skyle-mesk-i-taikini","status":"publish","type":"product","link":"https:\/\/kidsplay.lt\/lv\/products\/viga-2-viename-igudziu-zaidimas-kryziukai-nuliukai-kukuruzu-skyle-mesk-i-taikini\/","title":{"rendered":"Viga 2 viename \u012fg\u016bd\u017ei\u0173 \u017eaidimas \u201eKry\u017eiukai-nuliukai\u201c + \u201eKukur\u016bz\u0173 skyl\u0117\u201c \u2013 mesk \u012f taikin\u012f"},"content":{"rendered":"<p>\u0160is unikalus\u00a0\u201eVIGA\u201c\u00a0\u012fg\u016bd\u017ei\u0173\u00a0lavinimo \u017eaidimas\u00a0puikiai tinka tiek vaikams, tiek suaugusiems, jame derinamas\u00a0klasikinis pufo m\u0117tymo\u00a0ir\u00a0kry\u017eiuk\u0173\u00a0\u017eaidimo smagumas ! Tai suteikia\u00a0dvigub\u0105 doz\u0119 jaudulio ir d\u017eiaugsmo\u00a0, lavina smulki\u0105j\u0105 motorik\u0105 ir strategin\u012f m\u0105stym\u0105.<\/p>\n<p>\u2705 Charakteristikos:<\/p>\n<p>\u2714\ufe0f Didel\u0117 m\u0117tymo anga klasikiniam \u201eCornhole\u201c \u017eaidimui.<br \/>\n\u2714\ufe0f Devyni kampeliai ir ply\u0161iai \u2013 puikiai tinka strategin\u0117ms var\u017eyboms.<br \/>\n\u2714\ufe0f\u00a0\u00a08 m\u0117tymo mai\u0161ai\u00a0\u2013 dviej\u0173 spalv\u0173 (4 raudoni ir 4 m\u0117lyni), puikiai tinka komandin\u0117ms var\u017eyboms.<\/p>\n<p>\u2705\u017daislas vystosi:<\/p>\n<p>\u2714\ufe0f\u00a0\u00a0Lavina aki\u0173 ir rank\u0173 koordinacij\u0105<br \/>\n\u2714\ufe0f\u00a0Gerina metim\u0173 tikslum\u0105 ir precizi\u0161kum\u0105<br \/>\n\u2714\ufe0f\u00a0Pramoga visai \u0161eimai<br \/>\n\u2714\ufe0f\u00a0Galima \u017eaisti lauke ir viduje<br \/>\n\u2714\ufe0f\u00a0Puiki dovanos id\u0117ja<\/p>","protected":false},"excerpt":{"rendered":"<p>\u0160is unikalus\u00a0\u201eVIGA\u201c\u00a0\u012fg\u016bd\u017ei\u0173\u00a0lavinimo \u017eaidimas\u00a0puikiai tinka tiek vaikams, tiek suaugusiems, jame derinamas\u00a0klasikinis pufo m\u0117tymo\u00a0ir\u00a0kry\u017eiuk\u0173\u00a0\u017eaidimo smagumas ! Tai suteikia\u00a0dvigub\u0105 doz\u0119 jaudulio ir d\u017eiaugsmo\u00a0,<\/p>","protected":false},"featured_media":79021,"template":"","meta":{"_acf_changed":false,"_glsr_average":0,"_glsr_ranking":0,"_glsr_reviews":0},"product_brand":[],"product_cat":[673,229],"product_tag":[],"class_list":{"0":"post-89227","1":"product","2":"type-product","3":"status-publish","4":"has-post-thumbnail","6":"product_cat-ugdomosios-priemones","7":"product_cat-zaislai-vaikams","8":"\"style=\"background-color: #2ecc711c;\"","10":"first","11":"instock","12":"purchasable","13":"product-type-simple"},"acf":[],"yoast_head":"<!-- This site is optimized with the Yoast SEO plugin v27.3 - https:\/\/yoast.com\/product\/yoast-seo-wordpress\/ -->\n<title>Viga 2 viename \u012fg\u016bd\u017ei\u0173 \u017eaidimas \u201eKry\u017eiukai-nuliukai\u201c + \u201eKukur\u016bz\u0173 skyl\u0117\u201c \u2013 mesk \u012f taikin\u012f<\/title>\n<meta name=\"description\" content=\"Viga 2 viename \u012fg\u016bd\u017ei\u0173 \u017eaidimas \u201eKry\u017eiukai-nuliukai\u201c + \u201eKukur\u016bz\u0173 skyl\u0117\u201c \u2013 mesk \u012f taikin\u012f - KidsPlay. Did\u017eiausias vaik\u0173 \u017eaisl\u0173 pasirinkimas.\" \/>\n<meta name=\"robots\" content=\"index, follow, max-snippet:-1, max-image-preview:large, max-video-preview:-1\" \/>\n<link rel=\"canonical\" href=\"https:\/\/kidsplay.lt\/lv\/products\/viga-2-viename-igudziu-zaidimas-kryziukai-nuliukai-kukuruzu-skyle-mesk-i-taikini\/\" \/>\n<meta property=\"og:locale\" content=\"lv_LV\" \/>\n<meta property=\"og:type\" content=\"article\" \/>\n<meta property=\"og:title\" content=\"Viga 2 viename \u012fg\u016bd\u017ei\u0173 \u017eaidimas \u201eKry\u017eiukai-nuliukai\u201c + \u201eKukur\u016bz\u0173 skyl\u0117\u201c \u2013 mesk \u012f taikin\u012f\" \/>\n<meta property=\"og:description\" content=\"Viga 2 viename \u012fg\u016bd\u017ei\u0173 \u017eaidimas \u201eKry\u017eiukai-nuliukai\u201c + \u201eKukur\u016bz\u0173 skyl\u0117\u201c \u2013 mesk \u012f taikin\u012f - KidsPlay. Did\u017eiausias vaik\u0173 \u017eaisl\u0173 pasirinkimas.\" \/>\n<meta property=\"og:url\" content=\"https:\/\/kidsplay.lt\/lv\/products\/viga-2-viename-igudziu-zaidimas-kryziukai-nuliukai-kukuruzu-skyle-mesk-i-taikini\/\" \/>\n<meta property=\"og:site_name\" content=\"KidsPlay\" \/>\n<meta property=\"article:publisher\" content=\"https:\/\/www.facebook.com\/www.kidsplay.lt\" \/>\n<meta property=\"article:modified_time\" content=\"2026-04-07T07:25:50+00:00\" \/>\n<meta property=\"og:image\" content=\"https:\/\/kidsplay.lt\/wp-content\/uploads\/2025\/10\/Viga-2-viename-igudziu-zaidimas-\u201eKryziukai-nuliukai-\u201eKukuruzu-skyle-\u2013-mesk-i-taikini.jpg\" \/>\n\t<meta property=\"og:image:width\" content=\"2560\" \/>\n\t<meta property=\"og:image:height\" content=\"2560\" \/>\n\t<meta property=\"og:image:type\" content=\"image\/jpeg\" \/>\n<meta name=\"twitter:card\" content=\"summary_large_image\" \/>\n<meta name=\"twitter:label1\" content=\"Est. reading time\" \/>\n\t<meta name=\"twitter:data1\" content=\"1 min\u016bte\" \/>\n<script type=\"application\/ld+json\" class=\"yoast-schema-graph\">{\"@context\":\"https:\\\/\\\/schema.org\",\"@graph\":[{\"@type\":\"WebPage\",\"@id\":\"https:\\\/\\\/kidsplay.lt\\\/produktas\\\/viga-2-viename-igudziu-zaidimas-kryziukai-nuliukai-kukuruzu-skyle-mesk-i-taikini\\\/\",\"url\":\"https:\\\/\\\/kidsplay.lt\\\/produktas\\\/viga-2-viename-igudziu-zaidimas-kryziukai-nuliukai-kukuruzu-skyle-mesk-i-taikini\\\/\",\"name\":\"Viga 2 viename \u012fg\u016bd\u017ei\u0173 \u017eaidimas \u201eKry\u017eiukai-nuliukai\u201c + \u201eKukur\u016bz\u0173 skyl\u0117\u201c \u2013 mesk \u012f taikin\u012f\",\"isPartOf\":{\"@id\":\"https:\\\/\\\/kidsplay.lt\\\/#website\"},\"primaryImageOfPage\":{\"@id\":\"https:\\\/\\\/kidsplay.lt\\\/produktas\\\/viga-2-viename-igudziu-zaidimas-kryziukai-nuliukai-kukuruzu-skyle-mesk-i-taikini\\\/#primaryimage\"},\"image\":{\"@id\":\"https:\\\/\\\/kidsplay.lt\\\/produktas\\\/viga-2-viename-igudziu-zaidimas-kryziukai-nuliukai-kukuruzu-skyle-mesk-i-taikini\\\/#primaryimage\"},\"thumbnailUrl\":\"https:\\\/\\\/kidsplay.lt\\\/wp-content\\\/uploads\\\/2025\\\/10\\\/Viga-2-viename-igudziu-zaidimas-\u201eKryziukai-nuliukai-\u201eKukuruzu-skyle-\u2013-mesk-i-taikini.jpg\",\"datePublished\":\"2026-02-26T07:10:34+00:00\",\"dateModified\":\"2026-04-07T07:25:50+00:00\",\"description\":\"Viga 2 viename \u012fg\u016bd\u017ei\u0173 \u017eaidimas \u201eKry\u017eiukai-nuliukai\u201c + \u201eKukur\u016bz\u0173 skyl\u0117\u201c \u2013 mesk \u012f taikin\u012f - KidsPlay. Did\u017eiausias vaik\u0173 \u017eaisl\u0173 pasirinkimas.\",\"breadcrumb\":{\"@id\":\"https:\\\/\\\/kidsplay.lt\\\/produktas\\\/viga-2-viename-igudziu-zaidimas-kryziukai-nuliukai-kukuruzu-skyle-mesk-i-taikini\\\/#breadcrumb\"},\"inLanguage\":\"lv-LV\",\"potentialAction\":[{\"@type\":\"ReadAction\",\"target\":[\"https:\\\/\\\/kidsplay.lt\\\/produktas\\\/viga-2-viename-igudziu-zaidimas-kryziukai-nuliukai-kukuruzu-skyle-mesk-i-taikini\\\/\"]}]},{\"@type\":\"ImageObject\",\"inLanguage\":\"lv-LV\",\"@id\":\"https:\\\/\\\/kidsplay.lt\\\/produktas\\\/viga-2-viename-igudziu-zaidimas-kryziukai-nuliukai-kukuruzu-skyle-mesk-i-taikini\\\/#primaryimage\",\"url\":\"https:\\\/\\\/kidsplay.lt\\\/wp-content\\\/uploads\\\/2025\\\/10\\\/Viga-2-viename-igudziu-zaidimas-\u201eKryziukai-nuliukai-\u201eKukuruzu-skyle-\u2013-mesk-i-taikini.jpg\",\"contentUrl\":\"https:\\\/\\\/kidsplay.lt\\\/wp-content\\\/uploads\\\/2025\\\/10\\\/Viga-2-viename-igudziu-zaidimas-\u201eKryziukai-nuliukai-\u201eKukuruzu-skyle-\u2013-mesk-i-taikini.jpg\",\"width\":2560,\"height\":2560,\"caption\":\"Viga 2 viename \u012fg\u016bd\u017ei\u0173 \u017eaidimas \u201eKry\u017eiukai-nuliukai\u201c + \u201eKukur\u016bz\u0173 skyl\u0117\u201c \u2013 mesk \u012f taikin\u012f\"},{\"@type\":\"BreadcrumbList\",\"@id\":\"https:\\\/\\\/kidsplay.lt\\\/produktas\\\/viga-2-viename-igudziu-zaidimas-kryziukai-nuliukai-kukuruzu-skyle-mesk-i-taikini\\\/#breadcrumb\",\"itemListElement\":[{\"@type\":\"ListItem\",\"position\":1,\"name\":\"Pagrindinis\",\"item\":\"https:\\\/\\\/kidsplay.lt\\\/\"},{\"@type\":\"ListItem\",\"position\":2,\"name\":\"Parduotuv\u0117\",\"item\":\"https:\\\/\\\/kidsplay.lt\\\/parduotuve\\\/\"},{\"@type\":\"ListItem\",\"position\":3,\"name\":\"Viga 2 viename \u012fg\u016bd\u017ei\u0173 \u017eaidimas \u201eKry\u017eiukai-nuliukai\u201c + \u201eKukur\u016bz\u0173 skyl\u0117\u201c \u2013 mesk \u012f taikin\u012f\"}]},{\"@type\":\"WebSite\",\"@id\":\"https:\\\/\\\/kidsplay.lt\\\/#website\",\"url\":\"https:\\\/\\\/kidsplay.lt\\\/\",\"name\":\"Kidsplay.lt\",\"description\":\"\u012evairios prek\u0117s vaikams\",\"publisher\":{\"@id\":\"https:\\\/\\\/kidsplay.lt\\\/#organization\"},\"alternateName\":\"Kidsplay\",\"potentialAction\":[{\"@type\":\"SearchAction\",\"target\":{\"@type\":\"EntryPoint\",\"urlTemplate\":\"https:\\\/\\\/kidsplay.lt\\\/?s={search_term_string}\"},\"query-input\":{\"@type\":\"PropertyValueSpecification\",\"valueRequired\":true,\"valueName\":\"search_term_string\"}}],\"inLanguage\":\"lv-LV\"},{\"@type\":\"Organization\",\"@id\":\"https:\\\/\\\/kidsplay.lt\\\/#organization\",\"name\":\"KidsPlay\",\"url\":\"https:\\\/\\\/kidsplay.lt\\\/\",\"logo\":{\"@type\":\"ImageObject\",\"inLanguage\":\"lv-LV\",\"@id\":\"https:\\\/\\\/kidsplay.lt\\\/#\\\/schema\\\/logo\\\/image\\\/\",\"url\":\"https:\\\/\\\/kidsplay.lt\\\/wp-content\\\/uploads\\\/2023\\\/07\\\/kidsplay-logo.png\",\"contentUrl\":\"https:\\\/\\\/kidsplay.lt\\\/wp-content\\\/uploads\\\/2023\\\/07\\\/kidsplay-logo.png\",\"width\":451,\"height\":98,\"caption\":\"KidsPlay\"},\"image\":{\"@id\":\"https:\\\/\\\/kidsplay.lt\\\/#\\\/schema\\\/logo\\\/image\\\/\"},\"sameAs\":[\"https:\\\/\\\/www.facebook.com\\\/www.kidsplay.lt\"]}]}<\/script>\n<!-- \/ Yoast SEO plugin. -->","yoast_head_json":{"title":"Viga 2 viename \u012fg\u016bd\u017ei\u0173 \u017eaidimas \u201eKry\u017eiukai-nuliukai\u201c + \u201eKukur\u016bz\u0173 skyl\u0117\u201c \u2013 mesk \u012f taikin\u012f","description":"Viga 2 viename \u012fg\u016bd\u017ei\u0173 \u017eaidimas \u201eKry\u017eiukai-nuliukai\u201c + \u201eKukur\u016bz\u0173 skyl\u0117\u201c \u2013 mesk \u012f taikin\u012f - KidsPlay. Did\u017eiausias vaik\u0173 \u017eaisl\u0173 pasirinkimas.","robots":{"index":"index","follow":"follow","max-snippet":"max-snippet:-1","max-image-preview":"max-image-preview:large","max-video-preview":"max-video-preview:-1"},"canonical":"https:\/\/kidsplay.lt\/lv\/products\/viga-2-viename-igudziu-zaidimas-kryziukai-nuliukai-kukuruzu-skyle-mesk-i-taikini\/","og_locale":"lv_LV","og_type":"article","og_title":"Viga 2 viename \u012fg\u016bd\u017ei\u0173 \u017eaidimas \u201eKry\u017eiukai-nuliukai\u201c + \u201eKukur\u016bz\u0173 skyl\u0117\u201c \u2013 mesk \u012f taikin\u012f","og_description":"Viga 2 viename \u012fg\u016bd\u017ei\u0173 \u017eaidimas \u201eKry\u017eiukai-nuliukai\u201c + \u201eKukur\u016bz\u0173 skyl\u0117\u201c \u2013 mesk \u012f taikin\u012f - KidsPlay. Did\u017eiausias vaik\u0173 \u017eaisl\u0173 pasirinkimas.","og_url":"https:\/\/kidsplay.lt\/lv\/products\/viga-2-viename-igudziu-zaidimas-kryziukai-nuliukai-kukuruzu-skyle-mesk-i-taikini\/","og_site_name":"KidsPlay","article_publisher":"https:\/\/www.facebook.com\/www.kidsplay.lt","article_modified_time":"2026-04-07T07:25:50+00:00","og_image":[{"width":2560,"height":2560,"url":"https:\/\/kidsplay.lt\/wp-content\/uploads\/2025\/10\/Viga-2-viename-igudziu-zaidimas-\u201eKryziukai-nuliukai-\u201eKukuruzu-skyle-\u2013-mesk-i-taikini.jpg","type":"image\/jpeg"}],"twitter_card":"summary_large_image","twitter_misc":{"Est. reading time":"1 min\u016bte"},"schema":{"@context":"https:\/\/schema.org","@graph":[{"@type":"WebPage","@id":"https:\/\/kidsplay.lt\/produktas\/viga-2-viename-igudziu-zaidimas-kryziukai-nuliukai-kukuruzu-skyle-mesk-i-taikini\/","url":"https:\/\/kidsplay.lt\/produktas\/viga-2-viename-igudziu-zaidimas-kryziukai-nuliukai-kukuruzu-skyle-mesk-i-taikini\/","name":"Viga 2 viename \u012fg\u016bd\u017ei\u0173 \u017eaidimas \u201eKry\u017eiukai-nuliukai\u201c + \u201eKukur\u016bz\u0173 skyl\u0117\u201c \u2013 mesk \u012f taikin\u012f","isPartOf":{"@id":"https:\/\/kidsplay.lt\/#website"},"primaryImageOfPage":{"@id":"https:\/\/kidsplay.lt\/produktas\/viga-2-viename-igudziu-zaidimas-kryziukai-nuliukai-kukuruzu-skyle-mesk-i-taikini\/#primaryimage"},"image":{"@id":"https:\/\/kidsplay.lt\/produktas\/viga-2-viename-igudziu-zaidimas-kryziukai-nuliukai-kukuruzu-skyle-mesk-i-taikini\/#primaryimage"},"thumbnailUrl":"https:\/\/kidsplay.lt\/wp-content\/uploads\/2025\/10\/Viga-2-viename-igudziu-zaidimas-\u201eKryziukai-nuliukai-\u201eKukuruzu-skyle-\u2013-mesk-i-taikini.jpg","datePublished":"2026-02-26T07:10:34+00:00","dateModified":"2026-04-07T07:25:50+00:00","description":"Viga 2 viename \u012fg\u016bd\u017ei\u0173 \u017eaidimas \u201eKry\u017eiukai-nuliukai\u201c + \u201eKukur\u016bz\u0173 skyl\u0117\u201c \u2013 mesk \u012f taikin\u012f - KidsPlay. Did\u017eiausias vaik\u0173 \u017eaisl\u0173 pasirinkimas.","breadcrumb":{"@id":"https:\/\/kidsplay.lt\/produktas\/viga-2-viename-igudziu-zaidimas-kryziukai-nuliukai-kukuruzu-skyle-mesk-i-taikini\/#breadcrumb"},"inLanguage":"lv-LV","potentialAction":[{"@type":"ReadAction","target":["https:\/\/kidsplay.lt\/produktas\/viga-2-viename-igudziu-zaidimas-kryziukai-nuliukai-kukuruzu-skyle-mesk-i-taikini\/"]}]},{"@type":"ImageObject","inLanguage":"lv-LV","@id":"https:\/\/kidsplay.lt\/produktas\/viga-2-viename-igudziu-zaidimas-kryziukai-nuliukai-kukuruzu-skyle-mesk-i-taikini\/#primaryimage","url":"https:\/\/kidsplay.lt\/wp-content\/uploads\/2025\/10\/Viga-2-viename-igudziu-zaidimas-\u201eKryziukai-nuliukai-\u201eKukuruzu-skyle-\u2013-mesk-i-taikini.jpg","contentUrl":"https:\/\/kidsplay.lt\/wp-content\/uploads\/2025\/10\/Viga-2-viename-igudziu-zaidimas-\u201eKryziukai-nuliukai-\u201eKukuruzu-skyle-\u2013-mesk-i-taikini.jpg","width":2560,"height":2560,"caption":"Viga 2 viename \u012fg\u016bd\u017ei\u0173 \u017eaidimas \u201eKry\u017eiukai-nuliukai\u201c + \u201eKukur\u016bz\u0173 skyl\u0117\u201c \u2013 mesk \u012f taikin\u012f"},{"@type":"BreadcrumbList","@id":"https:\/\/kidsplay.lt\/produktas\/viga-2-viename-igudziu-zaidimas-kryziukai-nuliukai-kukuruzu-skyle-mesk-i-taikini\/#breadcrumb","itemListElement":[{"@type":"ListItem","position":1,"name":"Pagrindinis","item":"https:\/\/kidsplay.lt\/"},{"@type":"ListItem","position":2,"name":"Parduotuv\u0117","item":"https:\/\/kidsplay.lt\/parduotuve\/"},{"@type":"ListItem","position":3,"name":"Viga 2 viename \u012fg\u016bd\u017ei\u0173 \u017eaidimas \u201eKry\u017eiukai-nuliukai\u201c + \u201eKukur\u016bz\u0173 skyl\u0117\u201c \u2013 mesk \u012f taikin\u012f"}]},{"@type":"WebSite","@id":"https:\/\/kidsplay.lt\/#website","url":"https:\/\/kidsplay.lt\/","name":"B\u0113rnu sp\u0113les.lv","description":"\u012evairios prek\u0117s vaikams","publisher":{"@id":"https:\/\/kidsplay.lt\/#organization"},"alternateName":"Kidsplay","potentialAction":[{"@type":"SearchAction","target":{"@type":"EntryPoint","urlTemplate":"https:\/\/kidsplay.lt\/?s={search_term_string}"},"query-input":{"@type":"PropertyValueSpecification","valueRequired":true,"valueName":"search_term_string"}}],"inLanguage":"lv-LV"},{"@type":"Organization","@id":"https:\/\/kidsplay.lt\/#organization","name":"B\u0113rnu sp\u0113le","url":"https:\/\/kidsplay.lt\/","logo":{"@type":"ImageObject","inLanguage":"lv-LV","@id":"https:\/\/kidsplay.lt\/#\/schema\/logo\/image\/","url":"https:\/\/kidsplay.lt\/wp-content\/uploads\/2023\/07\/kidsplay-logo.png","contentUrl":"https:\/\/kidsplay.lt\/wp-content\/uploads\/2023\/07\/kidsplay-logo.png","width":451,"height":98,"caption":"KidsPlay"},"image":{"@id":"https:\/\/kidsplay.lt\/#\/schema\/logo\/image\/"},"sameAs":["https:\/\/www.facebook.com\/www.kidsplay.lt"]}]}},"_links":{"self":[{"href":"https:\/\/kidsplay.lt\/lv\/wp-json\/wp\/v2\/product\/89227","targetHints":{"allow":["GET"]}}],"collection":[{"href":"https:\/\/kidsplay.lt\/lv\/wp-json\/wp\/v2\/product"}],"about":[{"href":"https:\/\/kidsplay.lt\/lv\/wp-json\/wp\/v2\/types\/product"}],"version-history":[{"count":1,"href":"https:\/\/kidsplay.lt\/lv\/wp-json\/wp\/v2\/product\/89227\/revisions"}],"predecessor-version":[{"id":89228,"href":"https:\/\/kidsplay.lt\/lv\/wp-json\/wp\/v2\/product\/89227\/revisions\/89228"}],"wp:featuredmedia":[{"embeddable":true,"href":"https:\/\/kidsplay.lt\/lv\/wp-json\/wp\/v2\/media\/79021"}],"wp:attachment":[{"href":"https:\/\/kidsplay.lt\/lv\/wp-json\/wp\/v2\/media?parent=89227"}],"wp:term":[{"taxonomy":"product_brand","embeddable":true,"href":"https:\/\/kidsplay.lt\/lv\/wp-json\/wp\/v2\/product_brand?post=89227"},{"taxonomy":"product_cat","embeddable":true,"href":"https:\/\/kidsplay.lt\/lv\/wp-json\/wp\/v2\/product_cat?post=89227"},{"taxonomy":"product_tag","embeddable":true,"href":"https:\/\/kidsplay.lt\/lv\/wp-json\/wp\/v2\/product_tag?post=89227"}],"curies":[{"name":"wp","href":"https:\/\/api.w.org\/{rel}","templated":true}]}}