{"id":89231,"date":"2026-02-26T09:10:40","date_gmt":"2026-02-26T07:10:40","guid":{"rendered":"https:\/\/kidsplay.lt\/produktas\/axi-medine-smelio-deze-su-stogeliu-ir-suoliukais\/"},"modified":"2026-04-07T10:25:56","modified_gmt":"2026-04-07T07:25:56","slug":"axi-medine-smelio-deze-su-stogeliu-ir-suoliukais","status":"publish","type":"product","link":"https:\/\/kidsplay.lt\/lv\/products\/axi-medine-smelio-deze-su-stogeliu-ir-suoliukais\/","title":{"rendered":"AXI medin\u0117 sm\u0117lio d\u0117\u017e\u0117 su stogeliu ir suoliukais"},"content":{"rendered":"<p>Lily sm\u0117lio d\u0117\u017e\u0117 su stogu<\/p>\n<p>\u2714\u00a0AXI\u00a0\u201e\u00a0Lily\u201c\u00a0sm\u0117lio d\u0117\u017e\u0117 \u2013 puikus pasirinkimas t\u0117vams, norintiems suteikti savo vaikams patogi\u0105 ir saugi\u0105 erdv\u0119 \u017eaisti lauke\u00a0\u2714 D\u0117l reguliuojamo stogo ir patvarios konstrukcijos, pagamintos i\u0161 nat\u016bralios medienos, tai gaminys, kuris tarnaus ilgus metus\u00a0\u2714 Pagaminta i\u0161\u00a0100 % FSC c\u016bgos medienos \u2013\u00a0\u0161i mediena yra nat\u016braliai atspari oro s\u0105lygoms, neskilin\u0117ja ir nereikalauja papildomos prie\u017ei\u016bros\u00a0\u2714 Sm\u0117lio d\u0117\u017e\u0117 turi\u00a0CE\u00a0sertifikat\u0105 ir atitinka Europos saugos standartus\u00a0EN 71<br \/>\nRakstur\u012bgs:<br \/>\n&#8211;\u00a0Reguliuojamas 2 viename stogelis\u00a0\u2013 pagamintas i\u0161 vandeniui atsparaus poliesterio (280 g\/m\u00b2) su\u00a0UV50\u00a0apsauga , apsaugo vaikus nuo saul\u0117s ir lietaus.\u00a0J\u012f galima lengvai reguliuoti\u00a0, kad b\u016bt\u0173 galima pakoreguoti kamp\u0105, o pasibaigus \u017eaidimui, j\u012f galima nuleisti ir paversti apsauginiu sm\u0117lio d\u0117\u017e\u0117s stogeliu<br \/>\n.Talpina\u00a0apie 225 kg sm\u0117lio<br \/>\n-Pridedamas prakti\u0161kas \u012fd\u0117klas\u00a0\u2013 jis neleid\u017eia augti pikt\u017eol\u0117ms ir palaiko sm\u0117l\u012f \u0161var\u0173, tuo pa\u010diu leisdamas vandeniui laisvai nutek\u0117ti<br \/>\n.Lengvas surinkimas\u00a0\u2013 d\u0117l i\u0161 dalies surinkt\u0173 komponent\u0173 sm\u0117lio d\u0117\u017e\u0117s surinkimas yra greitas ir intuityvus.<br \/>\nTehniskie dati:<br \/>\n\u2714 Matmenys:\u00a0118 x 118 x 118 cm<br \/>\n\u2714 Maksimali apkrova:\u00a050 kg<br \/>\n\u2714 Talpina\u00a0apie 225 kg sm\u0117lio<br \/>\n\u2714 Skirta\u00a0vaikams nuo 18 m\u0117nesi\u0173<\/p>","protected":false},"excerpt":{"rendered":"<p>Lily sm\u0117lio d\u0117\u017e\u0117 su stogu \u2714\u00a0AXI\u00a0\u201e\u00a0Lily\u201c\u00a0sm\u0117lio d\u0117\u017e\u0117 \u2013 puikus pasirinkimas t\u0117vams, norintiems suteikti savo vaikams patogi\u0105 ir saugi\u0105 erdv\u0119 \u017eaisti<\/p>","protected":false},"featured_media":63536,"template":"","meta":{"_acf_changed":false,"_glsr_average":0,"_glsr_ranking":0,"_glsr_reviews":0},"product_brand":[],"product_cat":[233,327],"product_tag":[],"class_list":{"0":"post-89231","1":"product","2":"type-product","3":"status-publish","4":"has-post-thumbnail","6":"product_cat-lauko-pramogos","7":"product_cat-smelio-dezes-ir-priedai","8":"\"style=\"background-color: #2ecc711c;\"","10":"first","11":"instock","12":"purchasable","13":"product-type-simple"},"acf":[],"yoast_head":"<!-- This site is optimized with the Yoast SEO plugin v27.3 - https:\/\/yoast.com\/product\/yoast-seo-wordpress\/ -->\n<title>AXI medin\u0117 sm\u0117lio d\u0117\u017e\u0117 su stogeliu ir suoliukais<\/title>\n<meta name=\"description\" content=\"AXI medin\u0117 sm\u0117lio d\u0117\u017e\u0117 su stogeliu ir suoliukais - KidsPlay. Did\u017eiausias vaik\u0173 \u017eaisl\u0173 pasirinkimas.\" \/>\n<meta name=\"robots\" content=\"index, follow, max-snippet:-1, max-image-preview:large, max-video-preview:-1\" \/>\n<link rel=\"canonical\" href=\"https:\/\/kidsplay.lt\/lv\/products\/axi-medine-smelio-deze-su-stogeliu-ir-suoliukais\/\" \/>\n<meta property=\"og:locale\" content=\"lv_LV\" \/>\n<meta property=\"og:type\" content=\"article\" \/>\n<meta property=\"og:title\" content=\"AXI medin\u0117 sm\u0117lio d\u0117\u017e\u0117 su stogeliu ir suoliukais\" \/>\n<meta property=\"og:description\" content=\"AXI medin\u0117 sm\u0117lio d\u0117\u017e\u0117 su stogeliu ir suoliukais - KidsPlay. Did\u017eiausias vaik\u0173 \u017eaisl\u0173 pasirinkimas.\" \/>\n<meta property=\"og:url\" content=\"https:\/\/kidsplay.lt\/lv\/products\/axi-medine-smelio-deze-su-stogeliu-ir-suoliukais\/\" \/>\n<meta property=\"og:site_name\" content=\"KidsPlay\" \/>\n<meta property=\"article:publisher\" content=\"https:\/\/www.facebook.com\/www.kidsplay.lt\" \/>\n<meta property=\"article:modified_time\" content=\"2026-04-07T07:25:56+00:00\" \/>\n<meta property=\"og:image\" content=\"https:\/\/kidsplay.lt\/wp-content\/uploads\/2025\/09\/AXI-medine-smelio-deze-su-stogeliu-ir-suoliukais.jpg\" \/>\n\t<meta property=\"og:image:width\" content=\"1000\" \/>\n\t<meta property=\"og:image:height\" content=\"1000\" \/>\n\t<meta property=\"og:image:type\" content=\"image\/jpeg\" \/>\n<meta name=\"twitter:card\" content=\"summary_large_image\" \/>\n<meta name=\"twitter:label1\" content=\"Est. reading time\" \/>\n\t<meta name=\"twitter:data1\" content=\"1 min\u016bte\" \/>\n<script type=\"application\/ld+json\" class=\"yoast-schema-graph\">{\"@context\":\"https:\\\/\\\/schema.org\",\"@graph\":[{\"@type\":\"WebPage\",\"@id\":\"https:\\\/\\\/kidsplay.lt\\\/produktas\\\/axi-medine-smelio-deze-su-stogeliu-ir-suoliukais\\\/\",\"url\":\"https:\\\/\\\/kidsplay.lt\\\/produktas\\\/axi-medine-smelio-deze-su-stogeliu-ir-suoliukais\\\/\",\"name\":\"AXI medin\u0117 sm\u0117lio d\u0117\u017e\u0117 su stogeliu ir suoliukais\",\"isPartOf\":{\"@id\":\"https:\\\/\\\/kidsplay.lt\\\/#website\"},\"primaryImageOfPage\":{\"@id\":\"https:\\\/\\\/kidsplay.lt\\\/produktas\\\/axi-medine-smelio-deze-su-stogeliu-ir-suoliukais\\\/#primaryimage\"},\"image\":{\"@id\":\"https:\\\/\\\/kidsplay.lt\\\/produktas\\\/axi-medine-smelio-deze-su-stogeliu-ir-suoliukais\\\/#primaryimage\"},\"thumbnailUrl\":\"https:\\\/\\\/kidsplay.lt\\\/wp-content\\\/uploads\\\/2025\\\/09\\\/AXI-medine-smelio-deze-su-stogeliu-ir-suoliukais.jpg\",\"datePublished\":\"2026-02-26T07:10:40+00:00\",\"dateModified\":\"2026-04-07T07:25:56+00:00\",\"description\":\"AXI medin\u0117 sm\u0117lio d\u0117\u017e\u0117 su stogeliu ir suoliukais - KidsPlay. Did\u017eiausias vaik\u0173 \u017eaisl\u0173 pasirinkimas.\",\"breadcrumb\":{\"@id\":\"https:\\\/\\\/kidsplay.lt\\\/produktas\\\/axi-medine-smelio-deze-su-stogeliu-ir-suoliukais\\\/#breadcrumb\"},\"inLanguage\":\"lv-LV\",\"potentialAction\":[{\"@type\":\"ReadAction\",\"target\":[\"https:\\\/\\\/kidsplay.lt\\\/produktas\\\/axi-medine-smelio-deze-su-stogeliu-ir-suoliukais\\\/\"]}]},{\"@type\":\"ImageObject\",\"inLanguage\":\"lv-LV\",\"@id\":\"https:\\\/\\\/kidsplay.lt\\\/produktas\\\/axi-medine-smelio-deze-su-stogeliu-ir-suoliukais\\\/#primaryimage\",\"url\":\"https:\\\/\\\/kidsplay.lt\\\/wp-content\\\/uploads\\\/2025\\\/09\\\/AXI-medine-smelio-deze-su-stogeliu-ir-suoliukais.jpg\",\"contentUrl\":\"https:\\\/\\\/kidsplay.lt\\\/wp-content\\\/uploads\\\/2025\\\/09\\\/AXI-medine-smelio-deze-su-stogeliu-ir-suoliukais.jpg\",\"width\":1000,\"height\":1000,\"caption\":\"AXI medin\u0117 sm\u0117lio d\u0117\u017e\u0117 su stogeliu ir suoliukais\"},{\"@type\":\"BreadcrumbList\",\"@id\":\"https:\\\/\\\/kidsplay.lt\\\/produktas\\\/axi-medine-smelio-deze-su-stogeliu-ir-suoliukais\\\/#breadcrumb\",\"itemListElement\":[{\"@type\":\"ListItem\",\"position\":1,\"name\":\"Pagrindinis\",\"item\":\"https:\\\/\\\/kidsplay.lt\\\/\"},{\"@type\":\"ListItem\",\"position\":2,\"name\":\"Parduotuv\u0117\",\"item\":\"https:\\\/\\\/kidsplay.lt\\\/parduotuve\\\/\"},{\"@type\":\"ListItem\",\"position\":3,\"name\":\"AXI medin\u0117 sm\u0117lio d\u0117\u017e\u0117 su stogeliu ir suoliukais\"}]},{\"@type\":\"WebSite\",\"@id\":\"https:\\\/\\\/kidsplay.lt\\\/#website\",\"url\":\"https:\\\/\\\/kidsplay.lt\\\/\",\"name\":\"Kidsplay.lt\",\"description\":\"\u012evairios prek\u0117s vaikams\",\"publisher\":{\"@id\":\"https:\\\/\\\/kidsplay.lt\\\/#organization\"},\"alternateName\":\"Kidsplay\",\"potentialAction\":[{\"@type\":\"SearchAction\",\"target\":{\"@type\":\"EntryPoint\",\"urlTemplate\":\"https:\\\/\\\/kidsplay.lt\\\/?s={search_term_string}\"},\"query-input\":{\"@type\":\"PropertyValueSpecification\",\"valueRequired\":true,\"valueName\":\"search_term_string\"}}],\"inLanguage\":\"lv-LV\"},{\"@type\":\"Organization\",\"@id\":\"https:\\\/\\\/kidsplay.lt\\\/#organization\",\"name\":\"KidsPlay\",\"url\":\"https:\\\/\\\/kidsplay.lt\\\/\",\"logo\":{\"@type\":\"ImageObject\",\"inLanguage\":\"lv-LV\",\"@id\":\"https:\\\/\\\/kidsplay.lt\\\/#\\\/schema\\\/logo\\\/image\\\/\",\"url\":\"https:\\\/\\\/kidsplay.lt\\\/wp-content\\\/uploads\\\/2023\\\/07\\\/kidsplay-logo.png\",\"contentUrl\":\"https:\\\/\\\/kidsplay.lt\\\/wp-content\\\/uploads\\\/2023\\\/07\\\/kidsplay-logo.png\",\"width\":451,\"height\":98,\"caption\":\"KidsPlay\"},\"image\":{\"@id\":\"https:\\\/\\\/kidsplay.lt\\\/#\\\/schema\\\/logo\\\/image\\\/\"},\"sameAs\":[\"https:\\\/\\\/www.facebook.com\\\/www.kidsplay.lt\"]}]}<\/script>\n<!-- \/ Yoast SEO plugin. -->","yoast_head_json":{"title":"AXI medin\u0117 sm\u0117lio d\u0117\u017e\u0117 su stogeliu ir suoliukais","description":"AXI medin\u0117 sm\u0117lio d\u0117\u017e\u0117 su stogeliu ir suoliukais - KidsPlay. Did\u017eiausias vaik\u0173 \u017eaisl\u0173 pasirinkimas.","robots":{"index":"index","follow":"follow","max-snippet":"max-snippet:-1","max-image-preview":"max-image-preview:large","max-video-preview":"max-video-preview:-1"},"canonical":"https:\/\/kidsplay.lt\/lv\/products\/axi-medine-smelio-deze-su-stogeliu-ir-suoliukais\/","og_locale":"lv_LV","og_type":"article","og_title":"AXI medin\u0117 sm\u0117lio d\u0117\u017e\u0117 su stogeliu ir suoliukais","og_description":"AXI medin\u0117 sm\u0117lio d\u0117\u017e\u0117 su stogeliu ir suoliukais - KidsPlay. Did\u017eiausias vaik\u0173 \u017eaisl\u0173 pasirinkimas.","og_url":"https:\/\/kidsplay.lt\/lv\/products\/axi-medine-smelio-deze-su-stogeliu-ir-suoliukais\/","og_site_name":"KidsPlay","article_publisher":"https:\/\/www.facebook.com\/www.kidsplay.lt","article_modified_time":"2026-04-07T07:25:56+00:00","og_image":[{"width":1000,"height":1000,"url":"https:\/\/kidsplay.lt\/wp-content\/uploads\/2025\/09\/AXI-medine-smelio-deze-su-stogeliu-ir-suoliukais.jpg","type":"image\/jpeg"}],"twitter_card":"summary_large_image","twitter_misc":{"Est. reading time":"1 min\u016bte"},"schema":{"@context":"https:\/\/schema.org","@graph":[{"@type":"WebPage","@id":"https:\/\/kidsplay.lt\/produktas\/axi-medine-smelio-deze-su-stogeliu-ir-suoliukais\/","url":"https:\/\/kidsplay.lt\/produktas\/axi-medine-smelio-deze-su-stogeliu-ir-suoliukais\/","name":"AXI medin\u0117 sm\u0117lio d\u0117\u017e\u0117 su stogeliu ir suoliukais","isPartOf":{"@id":"https:\/\/kidsplay.lt\/#website"},"primaryImageOfPage":{"@id":"https:\/\/kidsplay.lt\/produktas\/axi-medine-smelio-deze-su-stogeliu-ir-suoliukais\/#primaryimage"},"image":{"@id":"https:\/\/kidsplay.lt\/produktas\/axi-medine-smelio-deze-su-stogeliu-ir-suoliukais\/#primaryimage"},"thumbnailUrl":"https:\/\/kidsplay.lt\/wp-content\/uploads\/2025\/09\/AXI-medine-smelio-deze-su-stogeliu-ir-suoliukais.jpg","datePublished":"2026-02-26T07:10:40+00:00","dateModified":"2026-04-07T07:25:56+00:00","description":"AXI medin\u0117 sm\u0117lio d\u0117\u017e\u0117 su stogeliu ir suoliukais - KidsPlay. Did\u017eiausias vaik\u0173 \u017eaisl\u0173 pasirinkimas.","breadcrumb":{"@id":"https:\/\/kidsplay.lt\/produktas\/axi-medine-smelio-deze-su-stogeliu-ir-suoliukais\/#breadcrumb"},"inLanguage":"lv-LV","potentialAction":[{"@type":"ReadAction","target":["https:\/\/kidsplay.lt\/produktas\/axi-medine-smelio-deze-su-stogeliu-ir-suoliukais\/"]}]},{"@type":"ImageObject","inLanguage":"lv-LV","@id":"https:\/\/kidsplay.lt\/produktas\/axi-medine-smelio-deze-su-stogeliu-ir-suoliukais\/#primaryimage","url":"https:\/\/kidsplay.lt\/wp-content\/uploads\/2025\/09\/AXI-medine-smelio-deze-su-stogeliu-ir-suoliukais.jpg","contentUrl":"https:\/\/kidsplay.lt\/wp-content\/uploads\/2025\/09\/AXI-medine-smelio-deze-su-stogeliu-ir-suoliukais.jpg","width":1000,"height":1000,"caption":"AXI medin\u0117 sm\u0117lio d\u0117\u017e\u0117 su stogeliu ir suoliukais"},{"@type":"BreadcrumbList","@id":"https:\/\/kidsplay.lt\/produktas\/axi-medine-smelio-deze-su-stogeliu-ir-suoliukais\/#breadcrumb","itemListElement":[{"@type":"ListItem","position":1,"name":"Pagrindinis","item":"https:\/\/kidsplay.lt\/"},{"@type":"ListItem","position":2,"name":"Parduotuv\u0117","item":"https:\/\/kidsplay.lt\/parduotuve\/"},{"@type":"ListItem","position":3,"name":"AXI medin\u0117 sm\u0117lio d\u0117\u017e\u0117 su stogeliu ir suoliukais"}]},{"@type":"WebSite","@id":"https:\/\/kidsplay.lt\/#website","url":"https:\/\/kidsplay.lt\/","name":"B\u0113rnu sp\u0113les.lv","description":"\u012evairios prek\u0117s vaikams","publisher":{"@id":"https:\/\/kidsplay.lt\/#organization"},"alternateName":"Kidsplay","potentialAction":[{"@type":"SearchAction","target":{"@type":"EntryPoint","urlTemplate":"https:\/\/kidsplay.lt\/?s={search_term_string}"},"query-input":{"@type":"PropertyValueSpecification","valueRequired":true,"valueName":"search_term_string"}}],"inLanguage":"lv-LV"},{"@type":"Organization","@id":"https:\/\/kidsplay.lt\/#organization","name":"B\u0113rnu sp\u0113le","url":"https:\/\/kidsplay.lt\/","logo":{"@type":"ImageObject","inLanguage":"lv-LV","@id":"https:\/\/kidsplay.lt\/#\/schema\/logo\/image\/","url":"https:\/\/kidsplay.lt\/wp-content\/uploads\/2023\/07\/kidsplay-logo.png","contentUrl":"https:\/\/kidsplay.lt\/wp-content\/uploads\/2023\/07\/kidsplay-logo.png","width":451,"height":98,"caption":"KidsPlay"},"image":{"@id":"https:\/\/kidsplay.lt\/#\/schema\/logo\/image\/"},"sameAs":["https:\/\/www.facebook.com\/www.kidsplay.lt"]}]}},"_links":{"self":[{"href":"https:\/\/kidsplay.lt\/lv\/wp-json\/wp\/v2\/product\/89231","targetHints":{"allow":["GET"]}}],"collection":[{"href":"https:\/\/kidsplay.lt\/lv\/wp-json\/wp\/v2\/product"}],"about":[{"href":"https:\/\/kidsplay.lt\/lv\/wp-json\/wp\/v2\/types\/product"}],"version-history":[{"count":1,"href":"https:\/\/kidsplay.lt\/lv\/wp-json\/wp\/v2\/product\/89231\/revisions"}],"predecessor-version":[{"id":89232,"href":"https:\/\/kidsplay.lt\/lv\/wp-json\/wp\/v2\/product\/89231\/revisions\/89232"}],"wp:featuredmedia":[{"embeddable":true,"href":"https:\/\/kidsplay.lt\/lv\/wp-json\/wp\/v2\/media\/63536"}],"wp:attachment":[{"href":"https:\/\/kidsplay.lt\/lv\/wp-json\/wp\/v2\/media?parent=89231"}],"wp:term":[{"taxonomy":"product_brand","embeddable":true,"href":"https:\/\/kidsplay.lt\/lv\/wp-json\/wp\/v2\/product_brand?post=89231"},{"taxonomy":"product_cat","embeddable":true,"href":"https:\/\/kidsplay.lt\/lv\/wp-json\/wp\/v2\/product_cat?post=89231"},{"taxonomy":"product_tag","embeddable":true,"href":"https:\/\/kidsplay.lt\/lv\/wp-json\/wp\/v2\/product_tag?post=89231"}],"curies":[{"name":"wp","href":"https:\/\/api.w.org\/{rel}","templated":true}]}}