{"id":89237,"date":"2026-02-26T09:10:47","date_gmt":"2026-02-26T07:10:47","guid":{"rendered":"https:\/\/kidsplay.lt\/produktas\/viga-polarb-muzikos-instrumentu-rinkinys-su-pauksciu\/"},"modified":"2026-04-13T14:47:33","modified_gmt":"2026-04-13T11:47:33","slug":"viga-polarb-muzikos-instrumentu-rinkinys-su-pauksciu","status":"publish","type":"product","link":"https:\/\/kidsplay.lt\/lv\/products\/viga-polarb-muzikos-instrumentu-rinkinys-su-pauksciu\/","title":{"rendered":"VIGA PolarB m\u016bzikas instrumentu komplekts ar putnu"},"content":{"rendered":"<p>\u201eVIGA PolarB\u201c muzikos instrument\u0173 rinkinys\u00a0\u2013 puikus pasirinkimas jauniausiems gars\u0173 pasaulio tyrin\u0117tojams.<br \/>\nKruop\u0161\u010diai sukurtas siekiant paremti darn\u0173\u00a0vaik\u0173, kuri\u0173 am\u017eius siekia vos\u00a012 m\u0117nesi\u0173,\u00a0muzikin\u012f vystym\u0105si\u00a0, rinkin\u012f\u00a0sudaro trys gra\u017eiai pagaminti pastelini\u0173 spalv\u0173 instrumentai\u00a0su mielu pauk\u0161\u010dio motyvu, skatinantys vaikus leistis \u012f pirmuosius muzikinius eksperimentus, lavinantys\u00a0klaus\u0105, ritmo poj\u016bt\u012f ir motorin\u0119 koordinacij\u0105.<\/p>\n<p>\u2705\u00a0Charakteristikos:<\/p>\n<p>\u2714\ufe0f\u00a0Rinkinys skirtasnuo 12 m\u0117nesi\u0173 am\u017eiaus<br \/>\n\u2714\ufe0f\u00a0Rinkin\u012f sudaro3 instrumentai: tamburinas, dvigubi marakasai ir ksilofonas<br \/>\n\u2714\ufe0f\u00a0\u017daislai pagamintii\u0161 lakuotos medienos, da\u017eytinetoksi\u0161kais\u00a0da\u017eais<br \/>\n\u2714\ufe0f\u00a0Puiki dovana ma\u017eajam muzikantui<\/p>\n<p>\u2705\u00a0\u017daislas vystosi:<br \/>\n\u2714\ufe0f\u00a0\u00a0muzikiniai \u012fg\u016bd\u017eiai<br \/>\n\u2714\ufe0f\u00a0klausa<br \/>\n\u2714\ufe0f\u00a0k\u016brybi\u0161kumas<br \/>\n\u2714\ufe0f\u00a0\u00a0smulkiosios motorikos \u012fg\u016bd\u017eiai<\/p>\n<p>Pastaba:\u00a0gyvenimo b\u016bdo nuotraukose pavaizduota kitokia spalv\u0173 versija (44233N).<\/p>","protected":false},"excerpt":{"rendered":"<p>\u201eVIGA PolarB\u201c muzikos instrument\u0173 rinkinys\u00a0\u2013 puikus pasirinkimas jauniausiems gars\u0173 pasaulio tyrin\u0117tojams. Kruop\u0161\u010diai sukurtas siekiant paremti darn\u0173\u00a0vaik\u0173, kuri\u0173 am\u017eius siekia vos\u00a012<\/p>","protected":false},"featured_media":63549,"template":"","meta":{"_acf_changed":false,"_glsr_average":0,"_glsr_ranking":0,"_glsr_reviews":0},"product_brand":[],"product_cat":[449,229],"product_tag":[],"class_list":{"0":"post-89237","1":"product","2":"type-product","3":"status-publish","4":"has-post-thumbnail","6":"product_cat-muzikiniai","7":"product_cat-zaislai-vaikams","8":"\"style=\"background-color: #2ecc711c;\"","10":"first","11":"instock","12":"purchasable","13":"product-type-simple"},"acf":[],"yoast_head":"<!-- This site is optimized with the Yoast SEO plugin v27.3 - https:\/\/yoast.com\/product\/yoast-seo-wordpress\/ -->\n<title>VIGA PolarB muzikos instrument\u0173 rinkinys su pauk\u0161\u010diu<\/title>\n<meta name=\"description\" content=\"VIGA PolarB muzikos instrument\u0173 rinkinys su pauk\u0161\u010diu - KidsPlay. Did\u017eiausias vaik\u0173 \u017eaisl\u0173 pasirinkimas.\" \/>\n<meta name=\"robots\" content=\"index, follow, max-snippet:-1, max-image-preview:large, max-video-preview:-1\" \/>\n<link rel=\"canonical\" href=\"https:\/\/kidsplay.lt\/lv\/products\/viga-polarb-muzikos-instrumentu-rinkinys-su-pauksciu\/\" \/>\n<meta property=\"og:locale\" content=\"lv_LV\" \/>\n<meta property=\"og:type\" content=\"article\" \/>\n<meta property=\"og:title\" content=\"VIGA PolarB muzikos instrument\u0173 rinkinys su pauk\u0161\u010diu\" \/>\n<meta property=\"og:description\" content=\"VIGA PolarB muzikos instrument\u0173 rinkinys su pauk\u0161\u010diu - KidsPlay. Did\u017eiausias vaik\u0173 \u017eaisl\u0173 pasirinkimas.\" \/>\n<meta property=\"og:url\" content=\"https:\/\/kidsplay.lt\/lv\/products\/viga-polarb-muzikos-instrumentu-rinkinys-su-pauksciu\/\" \/>\n<meta property=\"og:site_name\" content=\"KidsPlay\" \/>\n<meta property=\"article:publisher\" content=\"https:\/\/www.facebook.com\/www.kidsplay.lt\" \/>\n<meta property=\"article:modified_time\" content=\"2026-04-13T11:47:33+00:00\" \/>\n<meta property=\"og:image\" content=\"https:\/\/kidsplay.lt\/wp-content\/uploads\/2025\/09\/VIGA-PolarB-muzikos-instrumentu-rinkinys-su-pauksciu.jpg\" \/>\n\t<meta property=\"og:image:width\" content=\"2560\" \/>\n\t<meta property=\"og:image:height\" content=\"2560\" \/>\n\t<meta property=\"og:image:type\" content=\"image\/jpeg\" \/>\n<meta name=\"twitter:card\" content=\"summary_large_image\" \/>\n<meta name=\"twitter:label1\" content=\"Est. reading time\" \/>\n\t<meta name=\"twitter:data1\" content=\"1 min\u016bte\" \/>\n<script type=\"application\/ld+json\" class=\"yoast-schema-graph\">{\"@context\":\"https:\\\/\\\/schema.org\",\"@graph\":[{\"@type\":\"WebPage\",\"@id\":\"https:\\\/\\\/kidsplay.lt\\\/produktas\\\/viga-polarb-muzikos-instrumentu-rinkinys-su-pauksciu\\\/\",\"url\":\"https:\\\/\\\/kidsplay.lt\\\/produktas\\\/viga-polarb-muzikos-instrumentu-rinkinys-su-pauksciu\\\/\",\"name\":\"VIGA PolarB muzikos instrument\u0173 rinkinys su pauk\u0161\u010diu\",\"isPartOf\":{\"@id\":\"https:\\\/\\\/kidsplay.lt\\\/#website\"},\"primaryImageOfPage\":{\"@id\":\"https:\\\/\\\/kidsplay.lt\\\/produktas\\\/viga-polarb-muzikos-instrumentu-rinkinys-su-pauksciu\\\/#primaryimage\"},\"image\":{\"@id\":\"https:\\\/\\\/kidsplay.lt\\\/produktas\\\/viga-polarb-muzikos-instrumentu-rinkinys-su-pauksciu\\\/#primaryimage\"},\"thumbnailUrl\":\"https:\\\/\\\/kidsplay.lt\\\/wp-content\\\/uploads\\\/2025\\\/09\\\/VIGA-PolarB-muzikos-instrumentu-rinkinys-su-pauksciu.jpg\",\"datePublished\":\"2026-02-26T07:10:47+00:00\",\"dateModified\":\"2026-04-13T11:47:33+00:00\",\"description\":\"VIGA PolarB muzikos instrument\u0173 rinkinys su pauk\u0161\u010diu - KidsPlay. Did\u017eiausias vaik\u0173 \u017eaisl\u0173 pasirinkimas.\",\"breadcrumb\":{\"@id\":\"https:\\\/\\\/kidsplay.lt\\\/produktas\\\/viga-polarb-muzikos-instrumentu-rinkinys-su-pauksciu\\\/#breadcrumb\"},\"inLanguage\":\"lv-LV\",\"potentialAction\":[{\"@type\":\"ReadAction\",\"target\":[\"https:\\\/\\\/kidsplay.lt\\\/produktas\\\/viga-polarb-muzikos-instrumentu-rinkinys-su-pauksciu\\\/\"]}]},{\"@type\":\"ImageObject\",\"inLanguage\":\"lv-LV\",\"@id\":\"https:\\\/\\\/kidsplay.lt\\\/produktas\\\/viga-polarb-muzikos-instrumentu-rinkinys-su-pauksciu\\\/#primaryimage\",\"url\":\"https:\\\/\\\/kidsplay.lt\\\/wp-content\\\/uploads\\\/2025\\\/09\\\/VIGA-PolarB-muzikos-instrumentu-rinkinys-su-pauksciu.jpg\",\"contentUrl\":\"https:\\\/\\\/kidsplay.lt\\\/wp-content\\\/uploads\\\/2025\\\/09\\\/VIGA-PolarB-muzikos-instrumentu-rinkinys-su-pauksciu.jpg\",\"width\":2560,\"height\":2560,\"caption\":\"VIGA PolarB muzikos instrument\u0173 rinkinys su pauk\u0161\u010diu\"},{\"@type\":\"BreadcrumbList\",\"@id\":\"https:\\\/\\\/kidsplay.lt\\\/produktas\\\/viga-polarb-muzikos-instrumentu-rinkinys-su-pauksciu\\\/#breadcrumb\",\"itemListElement\":[{\"@type\":\"ListItem\",\"position\":1,\"name\":\"Pagrindinis\",\"item\":\"https:\\\/\\\/kidsplay.lt\\\/\"},{\"@type\":\"ListItem\",\"position\":2,\"name\":\"Parduotuv\u0117\",\"item\":\"https:\\\/\\\/kidsplay.lt\\\/parduotuve\\\/\"},{\"@type\":\"ListItem\",\"position\":3,\"name\":\"VIGA PolarB muzikos instrument\u0173 rinkinys su pauk\u0161\u010diu\"}]},{\"@type\":\"WebSite\",\"@id\":\"https:\\\/\\\/kidsplay.lt\\\/#website\",\"url\":\"https:\\\/\\\/kidsplay.lt\\\/\",\"name\":\"Kidsplay.lt\",\"description\":\"\u012evairios prek\u0117s vaikams\",\"publisher\":{\"@id\":\"https:\\\/\\\/kidsplay.lt\\\/#organization\"},\"alternateName\":\"Kidsplay\",\"potentialAction\":[{\"@type\":\"SearchAction\",\"target\":{\"@type\":\"EntryPoint\",\"urlTemplate\":\"https:\\\/\\\/kidsplay.lt\\\/?s={search_term_string}\"},\"query-input\":{\"@type\":\"PropertyValueSpecification\",\"valueRequired\":true,\"valueName\":\"search_term_string\"}}],\"inLanguage\":\"lv-LV\"},{\"@type\":\"Organization\",\"@id\":\"https:\\\/\\\/kidsplay.lt\\\/#organization\",\"name\":\"KidsPlay\",\"url\":\"https:\\\/\\\/kidsplay.lt\\\/\",\"logo\":{\"@type\":\"ImageObject\",\"inLanguage\":\"lv-LV\",\"@id\":\"https:\\\/\\\/kidsplay.lt\\\/#\\\/schema\\\/logo\\\/image\\\/\",\"url\":\"https:\\\/\\\/kidsplay.lt\\\/wp-content\\\/uploads\\\/2023\\\/07\\\/kidsplay-logo.png\",\"contentUrl\":\"https:\\\/\\\/kidsplay.lt\\\/wp-content\\\/uploads\\\/2023\\\/07\\\/kidsplay-logo.png\",\"width\":451,\"height\":98,\"caption\":\"KidsPlay\"},\"image\":{\"@id\":\"https:\\\/\\\/kidsplay.lt\\\/#\\\/schema\\\/logo\\\/image\\\/\"},\"sameAs\":[\"https:\\\/\\\/www.facebook.com\\\/www.kidsplay.lt\"]}]}<\/script>\n<!-- \/ Yoast SEO plugin. -->","yoast_head_json":{"title":"VIGA PolarB m\u016bzikas instrumentu komplekts ar putnu","description":"VIGA PolarB muzikos instrument\u0173 rinkinys su pauk\u0161\u010diu - KidsPlay. Did\u017eiausias vaik\u0173 \u017eaisl\u0173 pasirinkimas.","robots":{"index":"index","follow":"follow","max-snippet":"max-snippet:-1","max-image-preview":"max-image-preview:large","max-video-preview":"max-video-preview:-1"},"canonical":"https:\/\/kidsplay.lt\/lv\/products\/viga-polarb-muzikos-instrumentu-rinkinys-su-pauksciu\/","og_locale":"lv_LV","og_type":"article","og_title":"VIGA PolarB muzikos instrument\u0173 rinkinys su pauk\u0161\u010diu","og_description":"VIGA PolarB muzikos instrument\u0173 rinkinys su pauk\u0161\u010diu - KidsPlay. Did\u017eiausias vaik\u0173 \u017eaisl\u0173 pasirinkimas.","og_url":"https:\/\/kidsplay.lt\/lv\/products\/viga-polarb-muzikos-instrumentu-rinkinys-su-pauksciu\/","og_site_name":"KidsPlay","article_publisher":"https:\/\/www.facebook.com\/www.kidsplay.lt","article_modified_time":"2026-04-13T11:47:33+00:00","og_image":[{"width":2560,"height":2560,"url":"https:\/\/kidsplay.lt\/wp-content\/uploads\/2025\/09\/VIGA-PolarB-muzikos-instrumentu-rinkinys-su-pauksciu.jpg","type":"image\/jpeg"}],"twitter_card":"summary_large_image","twitter_misc":{"Est. reading time":"1 min\u016bte"},"schema":{"@context":"https:\/\/schema.org","@graph":[{"@type":"WebPage","@id":"https:\/\/kidsplay.lt\/produktas\/viga-polarb-muzikos-instrumentu-rinkinys-su-pauksciu\/","url":"https:\/\/kidsplay.lt\/produktas\/viga-polarb-muzikos-instrumentu-rinkinys-su-pauksciu\/","name":"VIGA PolarB m\u016bzikas instrumentu komplekts ar putnu","isPartOf":{"@id":"https:\/\/kidsplay.lt\/#website"},"primaryImageOfPage":{"@id":"https:\/\/kidsplay.lt\/produktas\/viga-polarb-muzikos-instrumentu-rinkinys-su-pauksciu\/#primaryimage"},"image":{"@id":"https:\/\/kidsplay.lt\/produktas\/viga-polarb-muzikos-instrumentu-rinkinys-su-pauksciu\/#primaryimage"},"thumbnailUrl":"https:\/\/kidsplay.lt\/wp-content\/uploads\/2025\/09\/VIGA-PolarB-muzikos-instrumentu-rinkinys-su-pauksciu.jpg","datePublished":"2026-02-26T07:10:47+00:00","dateModified":"2026-04-13T11:47:33+00:00","description":"VIGA PolarB muzikos instrument\u0173 rinkinys su pauk\u0161\u010diu - KidsPlay. Did\u017eiausias vaik\u0173 \u017eaisl\u0173 pasirinkimas.","breadcrumb":{"@id":"https:\/\/kidsplay.lt\/produktas\/viga-polarb-muzikos-instrumentu-rinkinys-su-pauksciu\/#breadcrumb"},"inLanguage":"lv-LV","potentialAction":[{"@type":"ReadAction","target":["https:\/\/kidsplay.lt\/produktas\/viga-polarb-muzikos-instrumentu-rinkinys-su-pauksciu\/"]}]},{"@type":"ImageObject","inLanguage":"lv-LV","@id":"https:\/\/kidsplay.lt\/produktas\/viga-polarb-muzikos-instrumentu-rinkinys-su-pauksciu\/#primaryimage","url":"https:\/\/kidsplay.lt\/wp-content\/uploads\/2025\/09\/VIGA-PolarB-muzikos-instrumentu-rinkinys-su-pauksciu.jpg","contentUrl":"https:\/\/kidsplay.lt\/wp-content\/uploads\/2025\/09\/VIGA-PolarB-muzikos-instrumentu-rinkinys-su-pauksciu.jpg","width":2560,"height":2560,"caption":"VIGA PolarB muzikos instrument\u0173 rinkinys su pauk\u0161\u010diu"},{"@type":"BreadcrumbList","@id":"https:\/\/kidsplay.lt\/produktas\/viga-polarb-muzikos-instrumentu-rinkinys-su-pauksciu\/#breadcrumb","itemListElement":[{"@type":"ListItem","position":1,"name":"Pagrindinis","item":"https:\/\/kidsplay.lt\/"},{"@type":"ListItem","position":2,"name":"Parduotuv\u0117","item":"https:\/\/kidsplay.lt\/parduotuve\/"},{"@type":"ListItem","position":3,"name":"VIGA PolarB muzikos instrument\u0173 rinkinys su pauk\u0161\u010diu"}]},{"@type":"WebSite","@id":"https:\/\/kidsplay.lt\/#website","url":"https:\/\/kidsplay.lt\/","name":"B\u0113rnu sp\u0113les.lv","description":"\u012evairios prek\u0117s vaikams","publisher":{"@id":"https:\/\/kidsplay.lt\/#organization"},"alternateName":"Kidsplay","potentialAction":[{"@type":"SearchAction","target":{"@type":"EntryPoint","urlTemplate":"https:\/\/kidsplay.lt\/?s={search_term_string}"},"query-input":{"@type":"PropertyValueSpecification","valueRequired":true,"valueName":"search_term_string"}}],"inLanguage":"lv-LV"},{"@type":"Organization","@id":"https:\/\/kidsplay.lt\/#organization","name":"B\u0113rnu sp\u0113le","url":"https:\/\/kidsplay.lt\/","logo":{"@type":"ImageObject","inLanguage":"lv-LV","@id":"https:\/\/kidsplay.lt\/#\/schema\/logo\/image\/","url":"https:\/\/kidsplay.lt\/wp-content\/uploads\/2023\/07\/kidsplay-logo.png","contentUrl":"https:\/\/kidsplay.lt\/wp-content\/uploads\/2023\/07\/kidsplay-logo.png","width":451,"height":98,"caption":"KidsPlay"},"image":{"@id":"https:\/\/kidsplay.lt\/#\/schema\/logo\/image\/"},"sameAs":["https:\/\/www.facebook.com\/www.kidsplay.lt"]}]}},"_links":{"self":[{"href":"https:\/\/kidsplay.lt\/lv\/wp-json\/wp\/v2\/product\/89237","targetHints":{"allow":["GET"]}}],"collection":[{"href":"https:\/\/kidsplay.lt\/lv\/wp-json\/wp\/v2\/product"}],"about":[{"href":"https:\/\/kidsplay.lt\/lv\/wp-json\/wp\/v2\/types\/product"}],"version-history":[{"count":1,"href":"https:\/\/kidsplay.lt\/lv\/wp-json\/wp\/v2\/product\/89237\/revisions"}],"predecessor-version":[{"id":89238,"href":"https:\/\/kidsplay.lt\/lv\/wp-json\/wp\/v2\/product\/89237\/revisions\/89238"}],"wp:featuredmedia":[{"embeddable":true,"href":"https:\/\/kidsplay.lt\/lv\/wp-json\/wp\/v2\/media\/63549"}],"wp:attachment":[{"href":"https:\/\/kidsplay.lt\/lv\/wp-json\/wp\/v2\/media?parent=89237"}],"wp:term":[{"taxonomy":"product_brand","embeddable":true,"href":"https:\/\/kidsplay.lt\/lv\/wp-json\/wp\/v2\/product_brand?post=89237"},{"taxonomy":"product_cat","embeddable":true,"href":"https:\/\/kidsplay.lt\/lv\/wp-json\/wp\/v2\/product_cat?post=89237"},{"taxonomy":"product_tag","embeddable":true,"href":"https:\/\/kidsplay.lt\/lv\/wp-json\/wp\/v2\/product_tag?post=89237"}],"curies":[{"name":"wp","href":"https:\/\/api.w.org\/{rel}","templated":true}]}}