{"id":89239,"date":"2026-02-26T09:10:49","date_gmt":"2026-02-26T07:10:49","guid":{"rendered":"https:\/\/kidsplay.lt\/produktas\/viga-medine-ukulele-gitara-vaikams-zalia-su-natomis\/"},"modified":"2026-04-13T14:47:37","modified_gmt":"2026-04-13T11:47:37","slug":"viga-medine-ukulele-gitara-vaikams-zalia-su-natomis","status":"publish","type":"product","link":"https:\/\/kidsplay.lt\/lv\/products\/viga-medine-ukulele-gitara-vaikams-zalia-su-natomis\/","title":{"rendered":"Viga medin\u0117 ukulele gitara vaikams, \u017ealia, su natomis"},"content":{"rendered":"<p>Atraskite savo vaiko muzikin\u012f talent\u0105 su m\u016bs\u0173 \u017eavia medine ukulele! \u0160is unikalus \u017eaislas ne tik smagus, bet ir lavina klaus\u0105, ritm\u0105 bei koordinacij\u0105. D\u0117l keturi\u0173 styg\u0173 ma\u017eyliai gali kurti savo pirm\u0105sias melodijas, o prid\u0117tos\u00a0\u201eSu gimtadieniu\u201c\u00a0dainos natos i\u0161 karto prad\u0117s j\u0173 muzikin\u0119 kelion\u0119!<\/p>\n<p>\u2705 Charakteristikos:<\/p>\n<p>\u2714\ufe0f \u017daislas tinka\u00a0vaikams nuo 3 met\u0173 am\u017eiaus.<br \/>\n\u2714\ufe0f\u00a0Tvirtas ir patvarus, pagamintas i\u0161 auk\u0161tos kokyb\u0117s medienos.<br \/>\n\u2714\ufe0f\u00a0Keturios stygos:\u00a0Atkuria malonius, melodingus garsus.<br \/>\n\u2714\ufe0f\u00a0Natos \u201eSu gimtadieniu\u201c:\u00a0Pridedamos, tod\u0117l galite prad\u0117ti mokytis i\u0161 karto.<br \/>\n\u2714\ufe0f\u00a0Nat\u0173 stovas:\u00a0Lengviau skaityti ir groti natas.<\/p>\n<p>\u2705 Rota\u013clieta att\u012bst\u0101s:<\/p>\n<p>\u2714\ufe0f\u00a0klausos poj\u016btis,<br \/>\n\u2714\ufe0f\u00a0\u00a0kognityviniai geb\u0117jimai,<br \/>\n\u2714\ufe0f\u00a0\u00a0k\u016brybi\u0161kumas,<br \/>\n\u2714\ufe0f\u00a0\u00a0jautrumas muzikai,<br \/>\n\u2714\ufe0f\u00a0\u00a0vaizduot\u0117<\/p>","protected":false},"excerpt":{"rendered":"<p>Atraskite savo vaiko muzikin\u012f talent\u0105 su m\u016bs\u0173 \u017eavia medine ukulele! \u0160is unikalus \u017eaislas ne tik smagus, bet ir lavina klaus\u0105,<\/p>","protected":false},"featured_media":63552,"template":"","meta":{"_acf_changed":false,"_glsr_average":0,"_glsr_ranking":0,"_glsr_reviews":0},"product_brand":[],"product_cat":[449,229],"product_tag":[],"class_list":{"0":"post-89239","1":"product","2":"type-product","3":"status-publish","4":"has-post-thumbnail","6":"product_cat-muzikiniai","7":"product_cat-zaislai-vaikams","8":"\"style=\"background-color: #2ecc711c;\"","10":"first","11":"instock","12":"purchasable","13":"product-type-simple"},"acf":[],"yoast_head":"<!-- This site is optimized with the Yoast SEO plugin v27.4 - https:\/\/yoast.com\/product\/yoast-seo-wordpress\/ -->\n<title>Viga medin\u0117 ukulele gitara vaikams, \u017ealia, su natomis<\/title>\n<meta name=\"description\" content=\"Viga medin\u0117 ukulele gitara vaikams, \u017ealia, su natomis - KidsPlay. Did\u017eiausias vaik\u0173 \u017eaisl\u0173 pasirinkimas.\" \/>\n<meta name=\"robots\" content=\"index, follow, max-snippet:-1, max-image-preview:large, max-video-preview:-1\" \/>\n<link rel=\"canonical\" href=\"https:\/\/kidsplay.lt\/lv\/products\/viga-medine-ukulele-gitara-vaikams-zalia-su-natomis\/\" \/>\n<meta property=\"og:locale\" content=\"lv_LV\" \/>\n<meta property=\"og:type\" content=\"article\" \/>\n<meta property=\"og:title\" content=\"Viga medin\u0117 ukulele gitara vaikams, \u017ealia, su natomis\" \/>\n<meta property=\"og:description\" content=\"Viga medin\u0117 ukulele gitara vaikams, \u017ealia, su natomis - KidsPlay. Did\u017eiausias vaik\u0173 \u017eaisl\u0173 pasirinkimas.\" \/>\n<meta property=\"og:url\" content=\"https:\/\/kidsplay.lt\/lv\/products\/viga-medine-ukulele-gitara-vaikams-zalia-su-natomis\/\" \/>\n<meta property=\"og:site_name\" content=\"KidsPlay\" \/>\n<meta property=\"article:publisher\" content=\"https:\/\/www.facebook.com\/www.kidsplay.lt\" \/>\n<meta property=\"article:modified_time\" content=\"2026-04-13T11:47:37+00:00\" \/>\n<meta property=\"og:image\" content=\"https:\/\/kidsplay.lt\/wp-content\/uploads\/2025\/09\/Viga-medine-ukulele-gitara-vaikams-zalia-su-natomis.jpg\" \/>\n\t<meta property=\"og:image:width\" content=\"2560\" \/>\n\t<meta property=\"og:image:height\" content=\"2560\" \/>\n\t<meta property=\"og:image:type\" content=\"image\/jpeg\" \/>\n<meta name=\"twitter:card\" content=\"summary_large_image\" \/>\n<meta name=\"twitter:label1\" content=\"Est. reading time\" \/>\n\t<meta name=\"twitter:data1\" content=\"1 min\u016bte\" \/>\n<script type=\"application\/ld+json\" class=\"yoast-schema-graph\">{\"@context\":\"https:\\\/\\\/schema.org\",\"@graph\":[{\"@type\":\"WebPage\",\"@id\":\"https:\\\/\\\/kidsplay.lt\\\/produktas\\\/viga-medine-ukulele-gitara-vaikams-zalia-su-natomis\\\/\",\"url\":\"https:\\\/\\\/kidsplay.lt\\\/produktas\\\/viga-medine-ukulele-gitara-vaikams-zalia-su-natomis\\\/\",\"name\":\"Viga medin\u0117 ukulele gitara vaikams, \u017ealia, su natomis\",\"isPartOf\":{\"@id\":\"https:\\\/\\\/kidsplay.lt\\\/#website\"},\"primaryImageOfPage\":{\"@id\":\"https:\\\/\\\/kidsplay.lt\\\/produktas\\\/viga-medine-ukulele-gitara-vaikams-zalia-su-natomis\\\/#primaryimage\"},\"image\":{\"@id\":\"https:\\\/\\\/kidsplay.lt\\\/produktas\\\/viga-medine-ukulele-gitara-vaikams-zalia-su-natomis\\\/#primaryimage\"},\"thumbnailUrl\":\"https:\\\/\\\/kidsplay.lt\\\/wp-content\\\/uploads\\\/2025\\\/09\\\/Viga-medine-ukulele-gitara-vaikams-zalia-su-natomis.jpg\",\"datePublished\":\"2026-02-26T07:10:49+00:00\",\"dateModified\":\"2026-04-13T11:47:37+00:00\",\"description\":\"Viga medin\u0117 ukulele gitara vaikams, \u017ealia, su natomis - KidsPlay. Did\u017eiausias vaik\u0173 \u017eaisl\u0173 pasirinkimas.\",\"breadcrumb\":{\"@id\":\"https:\\\/\\\/kidsplay.lt\\\/produktas\\\/viga-medine-ukulele-gitara-vaikams-zalia-su-natomis\\\/#breadcrumb\"},\"inLanguage\":\"lv-LV\",\"potentialAction\":[{\"@type\":\"ReadAction\",\"target\":[\"https:\\\/\\\/kidsplay.lt\\\/produktas\\\/viga-medine-ukulele-gitara-vaikams-zalia-su-natomis\\\/\"]}]},{\"@type\":\"ImageObject\",\"inLanguage\":\"lv-LV\",\"@id\":\"https:\\\/\\\/kidsplay.lt\\\/produktas\\\/viga-medine-ukulele-gitara-vaikams-zalia-su-natomis\\\/#primaryimage\",\"url\":\"https:\\\/\\\/kidsplay.lt\\\/wp-content\\\/uploads\\\/2025\\\/09\\\/Viga-medine-ukulele-gitara-vaikams-zalia-su-natomis.jpg\",\"contentUrl\":\"https:\\\/\\\/kidsplay.lt\\\/wp-content\\\/uploads\\\/2025\\\/09\\\/Viga-medine-ukulele-gitara-vaikams-zalia-su-natomis.jpg\",\"width\":2560,\"height\":2560,\"caption\":\"Viga medin\u0117 ukulele gitara vaikams\"},{\"@type\":\"BreadcrumbList\",\"@id\":\"https:\\\/\\\/kidsplay.lt\\\/produktas\\\/viga-medine-ukulele-gitara-vaikams-zalia-su-natomis\\\/#breadcrumb\",\"itemListElement\":[{\"@type\":\"ListItem\",\"position\":1,\"name\":\"Pagrindinis\",\"item\":\"https:\\\/\\\/kidsplay.lt\\\/\"},{\"@type\":\"ListItem\",\"position\":2,\"name\":\"Parduotuv\u0117\",\"item\":\"https:\\\/\\\/kidsplay.lt\\\/parduotuve\\\/\"},{\"@type\":\"ListItem\",\"position\":3,\"name\":\"Viga medin\u0117 ukulele gitara vaikams, \u017ealia, su natomis\"}]},{\"@type\":\"WebSite\",\"@id\":\"https:\\\/\\\/kidsplay.lt\\\/#website\",\"url\":\"https:\\\/\\\/kidsplay.lt\\\/\",\"name\":\"Kidsplay.lt\",\"description\":\"\u012evairios prek\u0117s vaikams\",\"publisher\":{\"@id\":\"https:\\\/\\\/kidsplay.lt\\\/#organization\"},\"alternateName\":\"Kidsplay\",\"potentialAction\":[{\"@type\":\"SearchAction\",\"target\":{\"@type\":\"EntryPoint\",\"urlTemplate\":\"https:\\\/\\\/kidsplay.lt\\\/?s={search_term_string}\"},\"query-input\":{\"@type\":\"PropertyValueSpecification\",\"valueRequired\":true,\"valueName\":\"search_term_string\"}}],\"inLanguage\":\"lv-LV\"},{\"@type\":\"Organization\",\"@id\":\"https:\\\/\\\/kidsplay.lt\\\/#organization\",\"name\":\"KidsPlay\",\"url\":\"https:\\\/\\\/kidsplay.lt\\\/\",\"logo\":{\"@type\":\"ImageObject\",\"inLanguage\":\"lv-LV\",\"@id\":\"https:\\\/\\\/kidsplay.lt\\\/#\\\/schema\\\/logo\\\/image\\\/\",\"url\":\"https:\\\/\\\/kidsplay.lt\\\/wp-content\\\/uploads\\\/2023\\\/07\\\/kidsplay-logo.png\",\"contentUrl\":\"https:\\\/\\\/kidsplay.lt\\\/wp-content\\\/uploads\\\/2023\\\/07\\\/kidsplay-logo.png\",\"width\":451,\"height\":98,\"caption\":\"KidsPlay\"},\"image\":{\"@id\":\"https:\\\/\\\/kidsplay.lt\\\/#\\\/schema\\\/logo\\\/image\\\/\"},\"sameAs\":[\"https:\\\/\\\/www.facebook.com\\\/www.kidsplay.lt\"]}]}<\/script>\n<!-- \/ Yoast SEO plugin. -->","yoast_head_json":{"title":"Viga medin\u0117 ukulele gitara vaikams, \u017ealia, su natomis","description":"Viga medin\u0117 ukulele gitara vaikams, \u017ealia, su natomis - KidsPlay. Did\u017eiausias vaik\u0173 \u017eaisl\u0173 pasirinkimas.","robots":{"index":"index","follow":"follow","max-snippet":"max-snippet:-1","max-image-preview":"max-image-preview:large","max-video-preview":"max-video-preview:-1"},"canonical":"https:\/\/kidsplay.lt\/lv\/products\/viga-medine-ukulele-gitara-vaikams-zalia-su-natomis\/","og_locale":"lv_LV","og_type":"article","og_title":"Viga medin\u0117 ukulele gitara vaikams, \u017ealia, su natomis","og_description":"Viga medin\u0117 ukulele gitara vaikams, \u017ealia, su natomis - KidsPlay. Did\u017eiausias vaik\u0173 \u017eaisl\u0173 pasirinkimas.","og_url":"https:\/\/kidsplay.lt\/lv\/products\/viga-medine-ukulele-gitara-vaikams-zalia-su-natomis\/","og_site_name":"KidsPlay","article_publisher":"https:\/\/www.facebook.com\/www.kidsplay.lt","article_modified_time":"2026-04-13T11:47:37+00:00","og_image":[{"width":2560,"height":2560,"url":"https:\/\/kidsplay.lt\/wp-content\/uploads\/2025\/09\/Viga-medine-ukulele-gitara-vaikams-zalia-su-natomis.jpg","type":"image\/jpeg"}],"twitter_card":"summary_large_image","twitter_misc":{"Est. reading time":"1 min\u016bte"},"schema":{"@context":"https:\/\/schema.org","@graph":[{"@type":"WebPage","@id":"https:\/\/kidsplay.lt\/produktas\/viga-medine-ukulele-gitara-vaikams-zalia-su-natomis\/","url":"https:\/\/kidsplay.lt\/produktas\/viga-medine-ukulele-gitara-vaikams-zalia-su-natomis\/","name":"Viga medin\u0117 ukulele gitara vaikams, \u017ealia, su natomis","isPartOf":{"@id":"https:\/\/kidsplay.lt\/#website"},"primaryImageOfPage":{"@id":"https:\/\/kidsplay.lt\/produktas\/viga-medine-ukulele-gitara-vaikams-zalia-su-natomis\/#primaryimage"},"image":{"@id":"https:\/\/kidsplay.lt\/produktas\/viga-medine-ukulele-gitara-vaikams-zalia-su-natomis\/#primaryimage"},"thumbnailUrl":"https:\/\/kidsplay.lt\/wp-content\/uploads\/2025\/09\/Viga-medine-ukulele-gitara-vaikams-zalia-su-natomis.jpg","datePublished":"2026-02-26T07:10:49+00:00","dateModified":"2026-04-13T11:47:37+00:00","description":"Viga medin\u0117 ukulele gitara vaikams, \u017ealia, su natomis - KidsPlay. Did\u017eiausias vaik\u0173 \u017eaisl\u0173 pasirinkimas.","breadcrumb":{"@id":"https:\/\/kidsplay.lt\/produktas\/viga-medine-ukulele-gitara-vaikams-zalia-su-natomis\/#breadcrumb"},"inLanguage":"lv-LV","potentialAction":[{"@type":"ReadAction","target":["https:\/\/kidsplay.lt\/produktas\/viga-medine-ukulele-gitara-vaikams-zalia-su-natomis\/"]}]},{"@type":"ImageObject","inLanguage":"lv-LV","@id":"https:\/\/kidsplay.lt\/produktas\/viga-medine-ukulele-gitara-vaikams-zalia-su-natomis\/#primaryimage","url":"https:\/\/kidsplay.lt\/wp-content\/uploads\/2025\/09\/Viga-medine-ukulele-gitara-vaikams-zalia-su-natomis.jpg","contentUrl":"https:\/\/kidsplay.lt\/wp-content\/uploads\/2025\/09\/Viga-medine-ukulele-gitara-vaikams-zalia-su-natomis.jpg","width":2560,"height":2560,"caption":"Viga medin\u0117 ukulele gitara vaikams"},{"@type":"BreadcrumbList","@id":"https:\/\/kidsplay.lt\/produktas\/viga-medine-ukulele-gitara-vaikams-zalia-su-natomis\/#breadcrumb","itemListElement":[{"@type":"ListItem","position":1,"name":"Pagrindinis","item":"https:\/\/kidsplay.lt\/"},{"@type":"ListItem","position":2,"name":"Parduotuv\u0117","item":"https:\/\/kidsplay.lt\/parduotuve\/"},{"@type":"ListItem","position":3,"name":"Viga medin\u0117 ukulele gitara vaikams, \u017ealia, su natomis"}]},{"@type":"WebSite","@id":"https:\/\/kidsplay.lt\/#website","url":"https:\/\/kidsplay.lt\/","name":"B\u0113rnu sp\u0113les.lv","description":"\u012evairios prek\u0117s vaikams","publisher":{"@id":"https:\/\/kidsplay.lt\/#organization"},"alternateName":"Kidsplay","potentialAction":[{"@type":"SearchAction","target":{"@type":"EntryPoint","urlTemplate":"https:\/\/kidsplay.lt\/?s={search_term_string}"},"query-input":{"@type":"PropertyValueSpecification","valueRequired":true,"valueName":"search_term_string"}}],"inLanguage":"lv-LV"},{"@type":"Organization","@id":"https:\/\/kidsplay.lt\/#organization","name":"B\u0113rnu sp\u0113le","url":"https:\/\/kidsplay.lt\/","logo":{"@type":"ImageObject","inLanguage":"lv-LV","@id":"https:\/\/kidsplay.lt\/#\/schema\/logo\/image\/","url":"https:\/\/kidsplay.lt\/wp-content\/uploads\/2023\/07\/kidsplay-logo.png","contentUrl":"https:\/\/kidsplay.lt\/wp-content\/uploads\/2023\/07\/kidsplay-logo.png","width":451,"height":98,"caption":"KidsPlay"},"image":{"@id":"https:\/\/kidsplay.lt\/#\/schema\/logo\/image\/"},"sameAs":["https:\/\/www.facebook.com\/www.kidsplay.lt"]}]}},"_links":{"self":[{"href":"https:\/\/kidsplay.lt\/lv\/wp-json\/wp\/v2\/product\/89239","targetHints":{"allow":["GET"]}}],"collection":[{"href":"https:\/\/kidsplay.lt\/lv\/wp-json\/wp\/v2\/product"}],"about":[{"href":"https:\/\/kidsplay.lt\/lv\/wp-json\/wp\/v2\/types\/product"}],"version-history":[{"count":1,"href":"https:\/\/kidsplay.lt\/lv\/wp-json\/wp\/v2\/product\/89239\/revisions"}],"predecessor-version":[{"id":89240,"href":"https:\/\/kidsplay.lt\/lv\/wp-json\/wp\/v2\/product\/89239\/revisions\/89240"}],"wp:featuredmedia":[{"embeddable":true,"href":"https:\/\/kidsplay.lt\/lv\/wp-json\/wp\/v2\/media\/63552"}],"wp:attachment":[{"href":"https:\/\/kidsplay.lt\/lv\/wp-json\/wp\/v2\/media?parent=89239"}],"wp:term":[{"taxonomy":"product_brand","embeddable":true,"href":"https:\/\/kidsplay.lt\/lv\/wp-json\/wp\/v2\/product_brand?post=89239"},{"taxonomy":"product_cat","embeddable":true,"href":"https:\/\/kidsplay.lt\/lv\/wp-json\/wp\/v2\/product_cat?post=89239"},{"taxonomy":"product_tag","embeddable":true,"href":"https:\/\/kidsplay.lt\/lv\/wp-json\/wp\/v2\/product_tag?post=89239"}],"curies":[{"name":"wp","href":"https:\/\/api.w.org\/{rel}","templated":true}]}}