{"id":89241,"date":"2026-02-26T09:10:52","date_gmt":"2026-02-26T07:10:52","guid":{"rendered":"https:\/\/kidsplay.lt\/produktas\/viga-medinis-edukacinis-kubas-5in1\/"},"modified":"2026-03-09T17:30:23","modified_gmt":"2026-03-09T15:30:23","slug":"viga-medinis-edukacinis-kubas-5in1","status":"publish","type":"product","link":"https:\/\/kidsplay.lt\/lv\/products\/viga-medinis-edukacinis-kubas-5in1\/","title":{"rendered":"Viga medinis edukacinis kubas 5in1"},"content":{"rendered":"<p>Atraskite spalv\u0173, form\u0173 ir gars\u0173\u00a0pasaul\u012f\u00a0su m\u016bs\u0173\u00a0lavinan\u010diu veiklos kubeliu\u00a0! \u0160is daugiafunkcis \u017eaislas suteiks\u00a0valand\u0173 valandas \u012ftraukian\u010dio \u017eaidimo\u00a0ir kartu skatins j\u016bs\u0173 ma\u017eylio vystym\u0105si. Kiekviena kubelio pus\u0117 yra\u00a0naujas, \u017eavus nuotykis\u00a0, kupinas i\u0161\u0161\u016bki\u0173, kurie\u00a0stimuliuoja poj\u016b\u010dius, lavina motorinius \u012fg\u016bd\u017eius ir moko per \u017eaidim\u0105\u00a0. Tai puikus pasirinkimas ma\u017eiesiems tyrin\u0117tojams, kurie m\u0117gsta eksperimentuoti ir tyrin\u0117ti pasaul\u012f!<\/p>\n<p>\u2705\u00a0Charakteristikos:<\/p>\n<p>\u2714\ufe0f \u017daislas\u00a0skirtas 18 m\u0117nesi\u0173 ir vyresniems<br \/>\n\u2714\ufe0f 5 viename lavinamasis kubas\u00a0\u2013 kiekviena pus\u0117 si\u016blo skirting\u0105 veiklos form\u0105<br \/>\n\u2714\ufe0f Pagamintas i\u0161 med\u017eio masyvo, u\u017etikrinan\u010dio patvarum\u0105 ir saugum\u0105<br \/>\n\u2714\ufe0f Ry\u0161kios spalvos ir kruop\u0161tus darbas patraukia vaiko d\u0117mes\u012f<\/p>\n<p>\u2705\u00a0\u017daislo savyb\u0117s:<\/p>\n<p>\u2714\ufe0f Karoliuk\u0173 labirintas\u00a0\u2013 puikus pratimas ma\u017eoms rankyt\u0117ms, lavina\u00a0aki\u0173 ir rank\u0173 koordinacij\u0105\u00a0bei skatina\u00a0login\u012f m\u0105stym\u0105\u00a0.<br \/>\n\u2714\ufe0f Fig\u016br\u0173 r\u016b\u0161iuoklis\u00a0\u2013 moko\u00a0atpa\u017einti geometrines fig\u016bras ir spalvas\u00a0, padeda lavinti rankinius \u012fg\u016bd\u017eius.<br \/>\n\u2714\ufe0f Krumpliara\u010diai\u00a0\u2013 j\u016bs\u0173 vaikas gali juos manipuliuoti, o tai lavina\u00a0prie\u017easties ir pasekm\u0117s ry\u0161ius\u00a0ir lavina\u00a0rankinius \u012fg\u016bd\u017eius\u00a0.<br \/>\n\u2714\ufe0f Laikrodis su judan\u010diomis rodykl\u0117mis\u00a0\u2013 pirmieji \u017eingsniai mokantis pasakyti laik\u0105 ir suprasti\u00a0laiko s\u0105vok\u0105\u00a0.<br \/>\n\u2714\ufe0f L\u0117k\u0161t\u0117s\u00a0\u2013 skatina atrasti\u00a0gars\u0173 pasaul\u012f\u00a0, lavina\u00a0muzikin\u0119 klaus\u0105 ir k\u016brybi\u0161kum\u0105\u00a0.<br \/>\n\u2714\ufe0f Nuimama sienel\u0117 su r\u016b\u0161iuokliu\u00a0\u2013 papildoma pramoga ir galimyb\u0117 derinti detales.<br \/>\n\u2714\ufe0f \u012evairi\u0173 form\u0173 kalad\u0117l\u0117s\u00a0\u2013 puikiai tinka d\u0117ti vien\u0105 ant kitos ir konstruoti, padeda lavinti\u00a0erdvin\u0119 vaizduot\u0119\u00a0.<\/p>","protected":false},"excerpt":{"rendered":"<p>Atraskite spalv\u0173, form\u0173 ir gars\u0173\u00a0pasaul\u012f\u00a0su m\u016bs\u0173\u00a0lavinan\u010diu veiklos kubeliu\u00a0! \u0160is daugiafunkcis \u017eaislas suteiks\u00a0valand\u0173 valandas \u012ftraukian\u010dio \u017eaidimo\u00a0ir kartu skatins j\u016bs\u0173 ma\u017eylio vystym\u0105si.<\/p>","protected":false},"featured_media":63562,"template":"","meta":{"_acf_changed":false,"_glsr_average":0,"_glsr_ranking":0,"_glsr_reviews":0},"product_brand":[],"product_cat":[396],"product_tag":[],"class_list":{"0":"post-89241","1":"product","2":"type-product","3":"status-publish","4":"has-post-thumbnail","6":"product_cat-kudikiu-zaislai-vaikams2","7":"\"style=\"background-color: #2ecc711c;\"","9":"first","10":"outofstock","11":"purchasable","12":"product-type-simple"},"acf":[],"yoast_head":"<!-- This site is optimized with the Yoast SEO plugin v27.3 - https:\/\/yoast.com\/product\/yoast-seo-wordpress\/ -->\n<title>Viga medinis edukacinis kubas 5in1<\/title>\n<meta name=\"description\" content=\"Viga medinis edukacinis kubas 5in1 - KidsPlay. Did\u017eiausias vaik\u0173 \u017eaisl\u0173 pasirinkimas.\" \/>\n<meta name=\"robots\" content=\"index, follow, max-snippet:-1, max-image-preview:large, max-video-preview:-1\" \/>\n<link rel=\"canonical\" href=\"https:\/\/kidsplay.lt\/lv\/products\/viga-medinis-edukacinis-kubas-5in1\/\" \/>\n<meta property=\"og:locale\" content=\"lv_LV\" \/>\n<meta property=\"og:type\" content=\"article\" \/>\n<meta property=\"og:title\" content=\"Viga medinis edukacinis kubas 5in1\" \/>\n<meta property=\"og:description\" content=\"Viga medinis edukacinis kubas 5in1 - KidsPlay. Did\u017eiausias vaik\u0173 \u017eaisl\u0173 pasirinkimas.\" \/>\n<meta property=\"og:url\" content=\"https:\/\/kidsplay.lt\/lv\/products\/viga-medinis-edukacinis-kubas-5in1\/\" \/>\n<meta property=\"og:site_name\" content=\"KidsPlay\" \/>\n<meta property=\"article:publisher\" content=\"https:\/\/www.facebook.com\/www.kidsplay.lt\" \/>\n<meta property=\"article:modified_time\" content=\"2026-03-09T15:30:23+00:00\" \/>\n<meta property=\"og:image\" content=\"https:\/\/kidsplay.lt\/wp-content\/uploads\/2025\/09\/Viga-medinis-edukacinis-kubas-5in1.jpg\" \/>\n\t<meta property=\"og:image:width\" content=\"1000\" \/>\n\t<meta property=\"og:image:height\" content=\"1000\" \/>\n\t<meta property=\"og:image:type\" content=\"image\/jpeg\" \/>\n<meta name=\"twitter:card\" content=\"summary_large_image\" \/>\n<meta name=\"twitter:label1\" content=\"Est. reading time\" \/>\n\t<meta name=\"twitter:data1\" content=\"1 min\u016bte\" \/>\n<script type=\"application\/ld+json\" class=\"yoast-schema-graph\">{\"@context\":\"https:\\\/\\\/schema.org\",\"@graph\":[{\"@type\":\"WebPage\",\"@id\":\"https:\\\/\\\/kidsplay.lt\\\/produktas\\\/viga-medinis-edukacinis-kubas-5in1\\\/\",\"url\":\"https:\\\/\\\/kidsplay.lt\\\/produktas\\\/viga-medinis-edukacinis-kubas-5in1\\\/\",\"name\":\"Viga medinis edukacinis kubas 5in1\",\"isPartOf\":{\"@id\":\"https:\\\/\\\/kidsplay.lt\\\/#website\"},\"primaryImageOfPage\":{\"@id\":\"https:\\\/\\\/kidsplay.lt\\\/produktas\\\/viga-medinis-edukacinis-kubas-5in1\\\/#primaryimage\"},\"image\":{\"@id\":\"https:\\\/\\\/kidsplay.lt\\\/produktas\\\/viga-medinis-edukacinis-kubas-5in1\\\/#primaryimage\"},\"thumbnailUrl\":\"https:\\\/\\\/kidsplay.lt\\\/wp-content\\\/uploads\\\/2025\\\/09\\\/Viga-medinis-edukacinis-kubas-5in1.jpg\",\"datePublished\":\"2026-02-26T07:10:52+00:00\",\"dateModified\":\"2026-03-09T15:30:23+00:00\",\"description\":\"Viga medinis edukacinis kubas 5in1 - KidsPlay. Did\u017eiausias vaik\u0173 \u017eaisl\u0173 pasirinkimas.\",\"breadcrumb\":{\"@id\":\"https:\\\/\\\/kidsplay.lt\\\/produktas\\\/viga-medinis-edukacinis-kubas-5in1\\\/#breadcrumb\"},\"inLanguage\":\"lv-LV\",\"potentialAction\":[{\"@type\":\"ReadAction\",\"target\":[\"https:\\\/\\\/kidsplay.lt\\\/produktas\\\/viga-medinis-edukacinis-kubas-5in1\\\/\"]}]},{\"@type\":\"ImageObject\",\"inLanguage\":\"lv-LV\",\"@id\":\"https:\\\/\\\/kidsplay.lt\\\/produktas\\\/viga-medinis-edukacinis-kubas-5in1\\\/#primaryimage\",\"url\":\"https:\\\/\\\/kidsplay.lt\\\/wp-content\\\/uploads\\\/2025\\\/09\\\/Viga-medinis-edukacinis-kubas-5in1.jpg\",\"contentUrl\":\"https:\\\/\\\/kidsplay.lt\\\/wp-content\\\/uploads\\\/2025\\\/09\\\/Viga-medinis-edukacinis-kubas-5in1.jpg\",\"width\":1000,\"height\":1000,\"caption\":\"Viga medinis edukacinis kubas 5in1\"},{\"@type\":\"BreadcrumbList\",\"@id\":\"https:\\\/\\\/kidsplay.lt\\\/produktas\\\/viga-medinis-edukacinis-kubas-5in1\\\/#breadcrumb\",\"itemListElement\":[{\"@type\":\"ListItem\",\"position\":1,\"name\":\"Pagrindinis\",\"item\":\"https:\\\/\\\/kidsplay.lt\\\/\"},{\"@type\":\"ListItem\",\"position\":2,\"name\":\"Parduotuv\u0117\",\"item\":\"https:\\\/\\\/kidsplay.lt\\\/parduotuve\\\/\"},{\"@type\":\"ListItem\",\"position\":3,\"name\":\"Viga medinis edukacinis kubas 5in1\"}]},{\"@type\":\"WebSite\",\"@id\":\"https:\\\/\\\/kidsplay.lt\\\/#website\",\"url\":\"https:\\\/\\\/kidsplay.lt\\\/\",\"name\":\"Kidsplay.lt\",\"description\":\"\u012evairios prek\u0117s vaikams\",\"publisher\":{\"@id\":\"https:\\\/\\\/kidsplay.lt\\\/#organization\"},\"alternateName\":\"Kidsplay\",\"potentialAction\":[{\"@type\":\"SearchAction\",\"target\":{\"@type\":\"EntryPoint\",\"urlTemplate\":\"https:\\\/\\\/kidsplay.lt\\\/?s={search_term_string}\"},\"query-input\":{\"@type\":\"PropertyValueSpecification\",\"valueRequired\":true,\"valueName\":\"search_term_string\"}}],\"inLanguage\":\"lv-LV\"},{\"@type\":\"Organization\",\"@id\":\"https:\\\/\\\/kidsplay.lt\\\/#organization\",\"name\":\"KidsPlay\",\"url\":\"https:\\\/\\\/kidsplay.lt\\\/\",\"logo\":{\"@type\":\"ImageObject\",\"inLanguage\":\"lv-LV\",\"@id\":\"https:\\\/\\\/kidsplay.lt\\\/#\\\/schema\\\/logo\\\/image\\\/\",\"url\":\"https:\\\/\\\/kidsplay.lt\\\/wp-content\\\/uploads\\\/2023\\\/07\\\/kidsplay-logo.png\",\"contentUrl\":\"https:\\\/\\\/kidsplay.lt\\\/wp-content\\\/uploads\\\/2023\\\/07\\\/kidsplay-logo.png\",\"width\":451,\"height\":98,\"caption\":\"KidsPlay\"},\"image\":{\"@id\":\"https:\\\/\\\/kidsplay.lt\\\/#\\\/schema\\\/logo\\\/image\\\/\"},\"sameAs\":[\"https:\\\/\\\/www.facebook.com\\\/www.kidsplay.lt\"]}]}<\/script>\n<!-- \/ Yoast SEO plugin. -->","yoast_head_json":{"title":"Viga medinis edukacinis kubas 5in1","description":"Viga medinis edukacinis kubas 5in1 - KidsPlay. Did\u017eiausias vaik\u0173 \u017eaisl\u0173 pasirinkimas.","robots":{"index":"index","follow":"follow","max-snippet":"max-snippet:-1","max-image-preview":"max-image-preview:large","max-video-preview":"max-video-preview:-1"},"canonical":"https:\/\/kidsplay.lt\/lv\/products\/viga-medinis-edukacinis-kubas-5in1\/","og_locale":"lv_LV","og_type":"article","og_title":"Viga medinis edukacinis kubas 5in1","og_description":"Viga medinis edukacinis kubas 5in1 - KidsPlay. Did\u017eiausias vaik\u0173 \u017eaisl\u0173 pasirinkimas.","og_url":"https:\/\/kidsplay.lt\/lv\/products\/viga-medinis-edukacinis-kubas-5in1\/","og_site_name":"KidsPlay","article_publisher":"https:\/\/www.facebook.com\/www.kidsplay.lt","article_modified_time":"2026-03-09T15:30:23+00:00","og_image":[{"width":1000,"height":1000,"url":"https:\/\/kidsplay.lt\/wp-content\/uploads\/2025\/09\/Viga-medinis-edukacinis-kubas-5in1.jpg","type":"image\/jpeg"}],"twitter_card":"summary_large_image","twitter_misc":{"Est. reading time":"1 min\u016bte"},"schema":{"@context":"https:\/\/schema.org","@graph":[{"@type":"WebPage","@id":"https:\/\/kidsplay.lt\/produktas\/viga-medinis-edukacinis-kubas-5in1\/","url":"https:\/\/kidsplay.lt\/produktas\/viga-medinis-edukacinis-kubas-5in1\/","name":"Viga medinis edukacinis kubas 5in1","isPartOf":{"@id":"https:\/\/kidsplay.lt\/#website"},"primaryImageOfPage":{"@id":"https:\/\/kidsplay.lt\/produktas\/viga-medinis-edukacinis-kubas-5in1\/#primaryimage"},"image":{"@id":"https:\/\/kidsplay.lt\/produktas\/viga-medinis-edukacinis-kubas-5in1\/#primaryimage"},"thumbnailUrl":"https:\/\/kidsplay.lt\/wp-content\/uploads\/2025\/09\/Viga-medinis-edukacinis-kubas-5in1.jpg","datePublished":"2026-02-26T07:10:52+00:00","dateModified":"2026-03-09T15:30:23+00:00","description":"Viga medinis edukacinis kubas 5in1 - KidsPlay. Did\u017eiausias vaik\u0173 \u017eaisl\u0173 pasirinkimas.","breadcrumb":{"@id":"https:\/\/kidsplay.lt\/produktas\/viga-medinis-edukacinis-kubas-5in1\/#breadcrumb"},"inLanguage":"lv-LV","potentialAction":[{"@type":"ReadAction","target":["https:\/\/kidsplay.lt\/produktas\/viga-medinis-edukacinis-kubas-5in1\/"]}]},{"@type":"ImageObject","inLanguage":"lv-LV","@id":"https:\/\/kidsplay.lt\/produktas\/viga-medinis-edukacinis-kubas-5in1\/#primaryimage","url":"https:\/\/kidsplay.lt\/wp-content\/uploads\/2025\/09\/Viga-medinis-edukacinis-kubas-5in1.jpg","contentUrl":"https:\/\/kidsplay.lt\/wp-content\/uploads\/2025\/09\/Viga-medinis-edukacinis-kubas-5in1.jpg","width":1000,"height":1000,"caption":"Viga medinis edukacinis kubas 5in1"},{"@type":"BreadcrumbList","@id":"https:\/\/kidsplay.lt\/produktas\/viga-medinis-edukacinis-kubas-5in1\/#breadcrumb","itemListElement":[{"@type":"ListItem","position":1,"name":"Pagrindinis","item":"https:\/\/kidsplay.lt\/"},{"@type":"ListItem","position":2,"name":"Parduotuv\u0117","item":"https:\/\/kidsplay.lt\/parduotuve\/"},{"@type":"ListItem","position":3,"name":"Viga medinis edukacinis kubas 5in1"}]},{"@type":"WebSite","@id":"https:\/\/kidsplay.lt\/#website","url":"https:\/\/kidsplay.lt\/","name":"B\u0113rnu sp\u0113les.lv","description":"\u012evairios prek\u0117s vaikams","publisher":{"@id":"https:\/\/kidsplay.lt\/#organization"},"alternateName":"Kidsplay","potentialAction":[{"@type":"SearchAction","target":{"@type":"EntryPoint","urlTemplate":"https:\/\/kidsplay.lt\/?s={search_term_string}"},"query-input":{"@type":"PropertyValueSpecification","valueRequired":true,"valueName":"search_term_string"}}],"inLanguage":"lv-LV"},{"@type":"Organization","@id":"https:\/\/kidsplay.lt\/#organization","name":"B\u0113rnu sp\u0113le","url":"https:\/\/kidsplay.lt\/","logo":{"@type":"ImageObject","inLanguage":"lv-LV","@id":"https:\/\/kidsplay.lt\/#\/schema\/logo\/image\/","url":"https:\/\/kidsplay.lt\/wp-content\/uploads\/2023\/07\/kidsplay-logo.png","contentUrl":"https:\/\/kidsplay.lt\/wp-content\/uploads\/2023\/07\/kidsplay-logo.png","width":451,"height":98,"caption":"KidsPlay"},"image":{"@id":"https:\/\/kidsplay.lt\/#\/schema\/logo\/image\/"},"sameAs":["https:\/\/www.facebook.com\/www.kidsplay.lt"]}]}},"_links":{"self":[{"href":"https:\/\/kidsplay.lt\/lv\/wp-json\/wp\/v2\/product\/89241","targetHints":{"allow":["GET"]}}],"collection":[{"href":"https:\/\/kidsplay.lt\/lv\/wp-json\/wp\/v2\/product"}],"about":[{"href":"https:\/\/kidsplay.lt\/lv\/wp-json\/wp\/v2\/types\/product"}],"version-history":[{"count":1,"href":"https:\/\/kidsplay.lt\/lv\/wp-json\/wp\/v2\/product\/89241\/revisions"}],"predecessor-version":[{"id":89242,"href":"https:\/\/kidsplay.lt\/lv\/wp-json\/wp\/v2\/product\/89241\/revisions\/89242"}],"wp:featuredmedia":[{"embeddable":true,"href":"https:\/\/kidsplay.lt\/lv\/wp-json\/wp\/v2\/media\/63562"}],"wp:attachment":[{"href":"https:\/\/kidsplay.lt\/lv\/wp-json\/wp\/v2\/media?parent=89241"}],"wp:term":[{"taxonomy":"product_brand","embeddable":true,"href":"https:\/\/kidsplay.lt\/lv\/wp-json\/wp\/v2\/product_brand?post=89241"},{"taxonomy":"product_cat","embeddable":true,"href":"https:\/\/kidsplay.lt\/lv\/wp-json\/wp\/v2\/product_cat?post=89241"},{"taxonomy":"product_tag","embeddable":true,"href":"https:\/\/kidsplay.lt\/lv\/wp-json\/wp\/v2\/product_tag?post=89241"}],"curies":[{"name":"wp","href":"https:\/\/api.w.org\/{rel}","templated":true}]}}