{"id":89245,"date":"2026-02-26T09:10:57","date_gmt":"2026-02-26T07:10:57","guid":{"rendered":"https:\/\/kidsplay.lt\/produktas\/falk-racing-dviratis-su-raudonais-placiais-ratais-1\/"},"modified":"2026-04-07T10:26:15","modified_gmt":"2026-04-07T07:26:15","slug":"falk-racing-dviratis-su-raudonais-placiais-ratais-1","status":"publish","type":"product","link":"https:\/\/kidsplay.lt\/lv\/products\/falk-racing-dviratis-su-raudonais-placiais-ratais-1\/","title":{"rendered":"FALK sac\u012bk\u0161u velosip\u0113ds ar sarkaniem platiem rite\u0146iem 1+"},"content":{"rendered":"<p>Pranc\u016bz\u0173 \u017eaisl\u0173 gamintojo\u00a0\u201eFalk\u201c\u00a0va\u017eiuojantis variklis\u00a0yra puiki dovana vaikams\u00a0nuo 2 met\u0173 am\u017eiaus\u00a0. Gra\u017ei grafika ir labai\u00a0tikrovi\u0161ka i\u0161vaizda\u00a0suteiks daug d\u017eiaugsmo\u00a0ma\u017eiesiems\u00a0. \u017daislas\u00a0turi didelius ratus\u00a0, kurie puikiai va\u017eiuoja \u012fvairiais pavir\u0161iais\u00a0.\u00a0Priekinis ratas sukasi,\u00a0kad b\u016bt\u0173 lengviau vairuoti ir sukti.<\/p>\n<p>Charakteristikos\u00a0:.<\/p>\n<p> \t&#8211; Skirta vaikams\u00a0nuo 1 iki 3 met\u0173 am\u017eiaus\u00a0,<br \/>\n \t&#8211;\u00a0Maksimali dvira\u010dio apkrova yra 25 kg,<br \/>\n \t&#8211; Pagaminta i\u0161\u00a0auk\u0161tos kokyb\u0117s med\u017eiagos\u00a0, atspari oro s\u0105lygoms,<br \/>\n \t&#8211;\u00a0Ergonomi\u0161kas dizainas\u00a0u\u017etikrina patog\u0173 vairavim\u0105,<br \/>\n \t&#8211;\u00a0D\u0117l pla\u010di\u0173 rat\u0173 transporto priemon\u0117 yra stabili\u00a0,<\/p>\n<p>\u201eFalk\u201c\u00a0\u00a0yra pirmaujantis auk\u0161tos kokyb\u0117s pedalais varom\u0173 transporto priemoni\u0173 gamintojas Europoje. J\u0173 gamini\u0173 asortiment\u0105 sudaro licencijuoti traktoriai i\u0161 toki\u0173 preki\u0173 \u017eenkl\u0173 kaip \u201eClaas\u201c, \u201eRenault\u201c, \u201eMcCormick\u201c, \u201eKubota\u201c, \u201eCase IH\u201c ir kit\u0173. Visos transporto priemon\u0117s gaminamos Pranc\u016bzijoje i\u0161 auk\u0161tos kokyb\u0117s med\u017eiag\u0173.<\/p>","protected":false},"excerpt":{"rendered":"<p>Pranc\u016bz\u0173 \u017eaisl\u0173 gamintojo\u00a0\u201eFalk\u201c\u00a0va\u017eiuojantis variklis\u00a0yra puiki dovana vaikams\u00a0nuo 2 met\u0173 am\u017eiaus\u00a0. Gra\u017ei grafika ir labai\u00a0tikrovi\u0161ka i\u0161vaizda\u00a0suteiks daug d\u017eiaugsmo\u00a0ma\u017eiesiems\u00a0. \u017daislas\u00a0turi didelius ratus\u00a0,<\/p>","protected":false},"featured_media":63575,"template":"","meta":{"_acf_changed":false,"_glsr_average":0,"_glsr_ranking":0,"_glsr_reviews":0},"product_brand":[],"product_cat":[237,238],"product_tag":[],"class_list":{"0":"post-89245","1":"product","2":"type-product","3":"status-publish","4":"has-post-thumbnail","6":"product_cat-judejimo-priemones","7":"product_cat-stumdomos-masineles","8":"\"style=\"background-color: #2ecc711c;\"","10":"first","11":"instock","12":"purchasable","13":"product-type-simple"},"acf":[],"yoast_head":"<!-- This site is optimized with the Yoast SEO plugin v27.3 - https:\/\/yoast.com\/product\/yoast-seo-wordpress\/ -->\n<title>FALK Racing dviratis su raudonais pla\u010diais ratais 1+<\/title>\n<meta name=\"description\" content=\"FALK Racing dviratis su raudonais pla\u010diais ratais 1+ - KidsPlay. Did\u017eiausias vaik\u0173 \u017eaisl\u0173 pasirinkimas.\" \/>\n<meta name=\"robots\" content=\"index, follow, max-snippet:-1, max-image-preview:large, max-video-preview:-1\" \/>\n<link rel=\"canonical\" href=\"https:\/\/kidsplay.lt\/lv\/products\/falk-racing-dviratis-su-raudonais-placiais-ratais-1\/\" \/>\n<meta property=\"og:locale\" content=\"lv_LV\" \/>\n<meta property=\"og:type\" content=\"article\" \/>\n<meta property=\"og:title\" content=\"FALK Racing dviratis su raudonais pla\u010diais ratais 1+\" \/>\n<meta property=\"og:description\" content=\"FALK Racing dviratis su raudonais pla\u010diais ratais 1+ - KidsPlay. Did\u017eiausias vaik\u0173 \u017eaisl\u0173 pasirinkimas.\" \/>\n<meta property=\"og:url\" content=\"https:\/\/kidsplay.lt\/lv\/products\/falk-racing-dviratis-su-raudonais-placiais-ratais-1\/\" \/>\n<meta property=\"og:site_name\" content=\"KidsPlay\" \/>\n<meta property=\"article:publisher\" content=\"https:\/\/www.facebook.com\/www.kidsplay.lt\" \/>\n<meta property=\"article:modified_time\" content=\"2026-04-07T07:26:15+00:00\" \/>\n<meta property=\"og:image\" content=\"https:\/\/kidsplay.lt\/wp-content\/uploads\/2025\/09\/FALK-Racing-dviratis-su-raudonais-placiais-ratais-1.jpg\" \/>\n\t<meta property=\"og:image:width\" content=\"800\" \/>\n\t<meta property=\"og:image:height\" content=\"800\" \/>\n\t<meta property=\"og:image:type\" content=\"image\/jpeg\" \/>\n<meta name=\"twitter:card\" content=\"summary_large_image\" \/>\n<meta name=\"twitter:label1\" content=\"Est. reading time\" \/>\n\t<meta name=\"twitter:data1\" content=\"1 min\u016bte\" \/>\n<script type=\"application\/ld+json\" class=\"yoast-schema-graph\">{\"@context\":\"https:\\\/\\\/schema.org\",\"@graph\":[{\"@type\":\"WebPage\",\"@id\":\"https:\\\/\\\/kidsplay.lt\\\/produktas\\\/falk-racing-dviratis-su-raudonais-placiais-ratais-1\\\/\",\"url\":\"https:\\\/\\\/kidsplay.lt\\\/produktas\\\/falk-racing-dviratis-su-raudonais-placiais-ratais-1\\\/\",\"name\":\"FALK Racing dviratis su raudonais pla\u010diais ratais 1+\",\"isPartOf\":{\"@id\":\"https:\\\/\\\/kidsplay.lt\\\/#website\"},\"primaryImageOfPage\":{\"@id\":\"https:\\\/\\\/kidsplay.lt\\\/produktas\\\/falk-racing-dviratis-su-raudonais-placiais-ratais-1\\\/#primaryimage\"},\"image\":{\"@id\":\"https:\\\/\\\/kidsplay.lt\\\/produktas\\\/falk-racing-dviratis-su-raudonais-placiais-ratais-1\\\/#primaryimage\"},\"thumbnailUrl\":\"https:\\\/\\\/kidsplay.lt\\\/wp-content\\\/uploads\\\/2025\\\/09\\\/FALK-Racing-dviratis-su-raudonais-placiais-ratais-1.jpg\",\"datePublished\":\"2026-02-26T07:10:57+00:00\",\"dateModified\":\"2026-04-07T07:26:15+00:00\",\"description\":\"FALK Racing dviratis su raudonais pla\u010diais ratais 1+ - KidsPlay. Did\u017eiausias vaik\u0173 \u017eaisl\u0173 pasirinkimas.\",\"breadcrumb\":{\"@id\":\"https:\\\/\\\/kidsplay.lt\\\/produktas\\\/falk-racing-dviratis-su-raudonais-placiais-ratais-1\\\/#breadcrumb\"},\"inLanguage\":\"lv-LV\",\"potentialAction\":[{\"@type\":\"ReadAction\",\"target\":[\"https:\\\/\\\/kidsplay.lt\\\/produktas\\\/falk-racing-dviratis-su-raudonais-placiais-ratais-1\\\/\"]}]},{\"@type\":\"ImageObject\",\"inLanguage\":\"lv-LV\",\"@id\":\"https:\\\/\\\/kidsplay.lt\\\/produktas\\\/falk-racing-dviratis-su-raudonais-placiais-ratais-1\\\/#primaryimage\",\"url\":\"https:\\\/\\\/kidsplay.lt\\\/wp-content\\\/uploads\\\/2025\\\/09\\\/FALK-Racing-dviratis-su-raudonais-placiais-ratais-1.jpg\",\"contentUrl\":\"https:\\\/\\\/kidsplay.lt\\\/wp-content\\\/uploads\\\/2025\\\/09\\\/FALK-Racing-dviratis-su-raudonais-placiais-ratais-1.jpg\",\"width\":2500,\"height\":2500,\"caption\":\"FALK Racing dviratis su raudonais pla\u010diais ratais 1+\"},{\"@type\":\"BreadcrumbList\",\"@id\":\"https:\\\/\\\/kidsplay.lt\\\/produktas\\\/falk-racing-dviratis-su-raudonais-placiais-ratais-1\\\/#breadcrumb\",\"itemListElement\":[{\"@type\":\"ListItem\",\"position\":1,\"name\":\"Pagrindinis\",\"item\":\"https:\\\/\\\/kidsplay.lt\\\/\"},{\"@type\":\"ListItem\",\"position\":2,\"name\":\"Parduotuv\u0117\",\"item\":\"https:\\\/\\\/kidsplay.lt\\\/parduotuve\\\/\"},{\"@type\":\"ListItem\",\"position\":3,\"name\":\"FALK Racing dviratis su raudonais pla\u010diais ratais 1+\"}]},{\"@type\":\"WebSite\",\"@id\":\"https:\\\/\\\/kidsplay.lt\\\/#website\",\"url\":\"https:\\\/\\\/kidsplay.lt\\\/\",\"name\":\"Kidsplay.lt\",\"description\":\"\u012evairios prek\u0117s vaikams\",\"publisher\":{\"@id\":\"https:\\\/\\\/kidsplay.lt\\\/#organization\"},\"alternateName\":\"Kidsplay\",\"potentialAction\":[{\"@type\":\"SearchAction\",\"target\":{\"@type\":\"EntryPoint\",\"urlTemplate\":\"https:\\\/\\\/kidsplay.lt\\\/?s={search_term_string}\"},\"query-input\":{\"@type\":\"PropertyValueSpecification\",\"valueRequired\":true,\"valueName\":\"search_term_string\"}}],\"inLanguage\":\"lv-LV\"},{\"@type\":\"Organization\",\"@id\":\"https:\\\/\\\/kidsplay.lt\\\/#organization\",\"name\":\"KidsPlay\",\"url\":\"https:\\\/\\\/kidsplay.lt\\\/\",\"logo\":{\"@type\":\"ImageObject\",\"inLanguage\":\"lv-LV\",\"@id\":\"https:\\\/\\\/kidsplay.lt\\\/#\\\/schema\\\/logo\\\/image\\\/\",\"url\":\"https:\\\/\\\/kidsplay.lt\\\/wp-content\\\/uploads\\\/2023\\\/07\\\/kidsplay-logo.png\",\"contentUrl\":\"https:\\\/\\\/kidsplay.lt\\\/wp-content\\\/uploads\\\/2023\\\/07\\\/kidsplay-logo.png\",\"width\":451,\"height\":98,\"caption\":\"KidsPlay\"},\"image\":{\"@id\":\"https:\\\/\\\/kidsplay.lt\\\/#\\\/schema\\\/logo\\\/image\\\/\"},\"sameAs\":[\"https:\\\/\\\/www.facebook.com\\\/www.kidsplay.lt\"]}]}<\/script>\n<!-- \/ Yoast SEO plugin. -->","yoast_head_json":{"title":"FALK sac\u012bk\u0161u velosip\u0113ds ar sarkaniem platiem rite\u0146iem 1+","description":"FALK Racing dviratis su raudonais pla\u010diais ratais 1+ - KidsPlay. Did\u017eiausias vaik\u0173 \u017eaisl\u0173 pasirinkimas.","robots":{"index":"index","follow":"follow","max-snippet":"max-snippet:-1","max-image-preview":"max-image-preview:large","max-video-preview":"max-video-preview:-1"},"canonical":"https:\/\/kidsplay.lt\/lv\/products\/falk-racing-dviratis-su-raudonais-placiais-ratais-1\/","og_locale":"lv_LV","og_type":"article","og_title":"FALK Racing dviratis su raudonais pla\u010diais ratais 1+","og_description":"FALK Racing dviratis su raudonais pla\u010diais ratais 1+ - KidsPlay. Did\u017eiausias vaik\u0173 \u017eaisl\u0173 pasirinkimas.","og_url":"https:\/\/kidsplay.lt\/lv\/products\/falk-racing-dviratis-su-raudonais-placiais-ratais-1\/","og_site_name":"KidsPlay","article_publisher":"https:\/\/www.facebook.com\/www.kidsplay.lt","article_modified_time":"2026-04-07T07:26:15+00:00","og_image":[{"url":"https:\/\/kidsplay.lt\/wp-content\/uploads\/2025\/09\/FALK-Racing-dviratis-su-raudonais-placiais-ratais-1.jpg","width":800,"height":800,"type":"image\/jpeg"}],"twitter_card":"summary_large_image","twitter_misc":{"Est. reading time":"1 min\u016bte"},"schema":{"@context":"https:\/\/schema.org","@graph":[{"@type":"WebPage","@id":"https:\/\/kidsplay.lt\/produktas\/falk-racing-dviratis-su-raudonais-placiais-ratais-1\/","url":"https:\/\/kidsplay.lt\/produktas\/falk-racing-dviratis-su-raudonais-placiais-ratais-1\/","name":"FALK sac\u012bk\u0161u velosip\u0113ds ar sarkaniem platiem rite\u0146iem 1+","isPartOf":{"@id":"https:\/\/kidsplay.lt\/#website"},"primaryImageOfPage":{"@id":"https:\/\/kidsplay.lt\/produktas\/falk-racing-dviratis-su-raudonais-placiais-ratais-1\/#primaryimage"},"image":{"@id":"https:\/\/kidsplay.lt\/produktas\/falk-racing-dviratis-su-raudonais-placiais-ratais-1\/#primaryimage"},"thumbnailUrl":"https:\/\/kidsplay.lt\/wp-content\/uploads\/2025\/09\/FALK-Racing-dviratis-su-raudonais-placiais-ratais-1.jpg","datePublished":"2026-02-26T07:10:57+00:00","dateModified":"2026-04-07T07:26:15+00:00","description":"FALK Racing dviratis su raudonais pla\u010diais ratais 1+ - KidsPlay. Did\u017eiausias vaik\u0173 \u017eaisl\u0173 pasirinkimas.","breadcrumb":{"@id":"https:\/\/kidsplay.lt\/produktas\/falk-racing-dviratis-su-raudonais-placiais-ratais-1\/#breadcrumb"},"inLanguage":"lv-LV","potentialAction":[{"@type":"ReadAction","target":["https:\/\/kidsplay.lt\/produktas\/falk-racing-dviratis-su-raudonais-placiais-ratais-1\/"]}]},{"@type":"ImageObject","inLanguage":"lv-LV","@id":"https:\/\/kidsplay.lt\/produktas\/falk-racing-dviratis-su-raudonais-placiais-ratais-1\/#primaryimage","url":"https:\/\/kidsplay.lt\/wp-content\/uploads\/2025\/09\/FALK-Racing-dviratis-su-raudonais-placiais-ratais-1.jpg","contentUrl":"https:\/\/kidsplay.lt\/wp-content\/uploads\/2025\/09\/FALK-Racing-dviratis-su-raudonais-placiais-ratais-1.jpg","width":2500,"height":2500,"caption":"FALK Racing dviratis su raudonais pla\u010diais ratais 1+"},{"@type":"BreadcrumbList","@id":"https:\/\/kidsplay.lt\/produktas\/falk-racing-dviratis-su-raudonais-placiais-ratais-1\/#breadcrumb","itemListElement":[{"@type":"ListItem","position":1,"name":"Pagrindinis","item":"https:\/\/kidsplay.lt\/"},{"@type":"ListItem","position":2,"name":"Parduotuv\u0117","item":"https:\/\/kidsplay.lt\/parduotuve\/"},{"@type":"ListItem","position":3,"name":"FALK Racing dviratis su raudonais pla\u010diais ratais 1+"}]},{"@type":"WebSite","@id":"https:\/\/kidsplay.lt\/#website","url":"https:\/\/kidsplay.lt\/","name":"B\u0113rnu sp\u0113les.lv","description":"\u012evairios prek\u0117s vaikams","publisher":{"@id":"https:\/\/kidsplay.lt\/#organization"},"alternateName":"Kidsplay","potentialAction":[{"@type":"SearchAction","target":{"@type":"EntryPoint","urlTemplate":"https:\/\/kidsplay.lt\/?s={search_term_string}"},"query-input":{"@type":"PropertyValueSpecification","valueRequired":true,"valueName":"search_term_string"}}],"inLanguage":"lv-LV"},{"@type":"Organization","@id":"https:\/\/kidsplay.lt\/#organization","name":"B\u0113rnu sp\u0113le","url":"https:\/\/kidsplay.lt\/","logo":{"@type":"ImageObject","inLanguage":"lv-LV","@id":"https:\/\/kidsplay.lt\/#\/schema\/logo\/image\/","url":"https:\/\/kidsplay.lt\/wp-content\/uploads\/2023\/07\/kidsplay-logo.png","contentUrl":"https:\/\/kidsplay.lt\/wp-content\/uploads\/2023\/07\/kidsplay-logo.png","width":451,"height":98,"caption":"KidsPlay"},"image":{"@id":"https:\/\/kidsplay.lt\/#\/schema\/logo\/image\/"},"sameAs":["https:\/\/www.facebook.com\/www.kidsplay.lt"]}]}},"_links":{"self":[{"href":"https:\/\/kidsplay.lt\/lv\/wp-json\/wp\/v2\/product\/89245","targetHints":{"allow":["GET"]}}],"collection":[{"href":"https:\/\/kidsplay.lt\/lv\/wp-json\/wp\/v2\/product"}],"about":[{"href":"https:\/\/kidsplay.lt\/lv\/wp-json\/wp\/v2\/types\/product"}],"version-history":[{"count":1,"href":"https:\/\/kidsplay.lt\/lv\/wp-json\/wp\/v2\/product\/89245\/revisions"}],"predecessor-version":[{"id":89246,"href":"https:\/\/kidsplay.lt\/lv\/wp-json\/wp\/v2\/product\/89245\/revisions\/89246"}],"wp:featuredmedia":[{"embeddable":true,"href":"https:\/\/kidsplay.lt\/lv\/wp-json\/wp\/v2\/media\/63575"}],"wp:attachment":[{"href":"https:\/\/kidsplay.lt\/lv\/wp-json\/wp\/v2\/media?parent=89245"}],"wp:term":[{"taxonomy":"product_brand","embeddable":true,"href":"https:\/\/kidsplay.lt\/lv\/wp-json\/wp\/v2\/product_brand?post=89245"},{"taxonomy":"product_cat","embeddable":true,"href":"https:\/\/kidsplay.lt\/lv\/wp-json\/wp\/v2\/product_cat?post=89245"},{"taxonomy":"product_tag","embeddable":true,"href":"https:\/\/kidsplay.lt\/lv\/wp-json\/wp\/v2\/product_tag?post=89245"}],"curies":[{"name":"wp","href":"https:\/\/api.w.org\/{rel}","templated":true}]}}