{"id":89251,"date":"2026-02-26T09:11:12","date_gmt":"2026-02-26T07:11:12","guid":{"rendered":"https:\/\/kidsplay.lt\/produktas\/classic-world-medine-dinozauro-kiausinio-delione\/"},"modified":"2026-04-13T14:47:56","modified_gmt":"2026-04-13T11:47:56","slug":"classic-world-medine-dinozauro-kiausinio-delione","status":"publish","type":"product","link":"https:\/\/kidsplay.lt\/lv\/products\/classic-world-medine-dinozauro-kiausinio-delione\/","title":{"rendered":"KLASISK\u0100 PASAULES koka dinozaura olu puzle"},"content":{"rendered":"<p>Leiskit\u0117s \u012f\u00a0prie\u0161istorin\u0119\u00a0kelion\u0119 su \u0161ia medine\u00a0CLASSIC\u00a0WORLD\u00a0dinozaur\u0173 d\u0117lione\u00a0,\u00a0puikiai tinkan\u010dia\u00a0ma\u017eiesiems\u00a0tyrin\u0117tojams\u00a0nuo\u00a018 m\u0117nesi\u0173\u00a0am\u017eiaus !\u00a0\u0160i unikali\u00a0trij\u0173 sluoksni\u0173 d\u0117lion\u0117\u00a0derina\u00a0derinimo\u00a0pramogas su\u00a0\u017eavia\u00a0i\u0161 kiau\u0161ini\u0173 i\u0161siritan\u010di\u0173\u00a0dinozaur\u0173\u00a0tema\u00a0. Rinkin\u012f sudaro\u00a025 detal\u0117s\u00a0, \u012fskaitant \u017eavingas\u00a0dinozaur\u0173\u00a0fig\u016br\u0117les\u00a0ir\u00a0kiau\u0161ini\u0173 luk\u0161tus\u00a0, kuriuos reikia\u00a0teisingai sujungti.\u00a0Pagaminta i\u0161\u00a0saugios\u00a0,\u00a0auk\u0161tos kokyb\u0117s medienos\u00a0, tai\u00a0patvari\u00a0ir lavinamoji\u00a0dovana\u00a0, skatinanti\u00a0rank\u0173 miklum\u0105, koordinacij\u0105 ir login\u012f m\u0105stym\u0105\u00a0.<\/p>\n<p>Rakstur\u012bgs:<\/p>\n<p> \t&#8211; Skirta vaikams\u00a0nuo 18 m\u0117nesi\u0173 am\u017eiaus\u00a0.<br \/>\n \t&#8211; Pagaminta i\u0161\u00a0med\u017eio\u00a0, su elementais su saugiais kra\u0161tais.<br \/>\n \t&#8211;\u00a0Trij\u0173 sluoksni\u0173 plok\u0161t\u0117s dizainas\u00a0u\u017etikrina didesn\u012f interaktyvum\u0105 ir gyl\u012f.<br \/>\n \t&#8211; Spalvingos iliustracijos ir dinozauro i\u0161siritimo motyvas patraukia vaiko d\u0117mes\u012f.<br \/>\n \t&#8211; Puikus \u017eaislas tiek naudojimui namuose, tiek kaip\u00a0mokymo priemon\u0117 dar\u017eeliuose\u00a0.<\/p>\n<p>Komplekt\u0101 ietilpst:<\/p>\n<p> \t&#8211; 1x D\u0117lion\u0117s\u00a0lenta\u00a0.<br \/>\n \t&#8211; 8x\u00a0dinozaur\u0173 fig\u016br\u0117l\u0117s\u00a0.<br \/>\n \t&#8211; 16x\u00a0dinozauro kiau\u0161inio luk\u0161to\u00a0dali\u0173 (fig\u016br\u0117li\u0173 sujungimui).<\/p>\n<p>Rota\u013clieta att\u012bst\u0101s:<\/p>\n<p> \t&#8211; Rank\u0173 \u012fg\u016bd\u017eiai\u00a0ir tikslumas rankoje.<br \/>\n \t&#8211; Aki\u0173-rank\u0173 koordinacija\u00a0.<br \/>\n \t&#8211; Loginis m\u0105stymas\u00a0ir geb\u0117jimas spr\u0119sti problemas.<br \/>\n \t&#8211; K\u016brybi\u0161kumas\u00a0ir vaizduot\u0117.<br \/>\n \t&#8211; Pa\u017eintin\u0117s \u017einios\u00a0(mokymasis atpa\u017einti formas).<\/p>","protected":false},"excerpt":{"rendered":"<p>Leiskit\u0117s \u012f\u00a0prie\u0161istorin\u0119\u00a0kelion\u0119 su \u0161ia medine\u00a0CLASSIC\u00a0WORLD\u00a0dinozaur\u0173 d\u0117lione\u00a0,\u00a0puikiai tinkan\u010dia\u00a0ma\u017eiesiems\u00a0tyrin\u0117tojams\u00a0nuo\u00a018 m\u0117nesi\u0173\u00a0am\u017eiaus !\u00a0\u0160i unikali\u00a0trij\u0173 sluoksni\u0173 d\u0117lion\u0117\u00a0derina\u00a0derinimo\u00a0pramogas su\u00a0\u017eavia\u00a0i\u0161 kiau\u0161ini\u0173 i\u0161siritan\u010di\u0173\u00a0dinozaur\u0173\u00a0tema\u00a0. Rinkin\u012f sudaro\u00a025 detal\u0117s\u00a0, \u012fskaitant \u017eavingas\u00a0dinozaur\u0173\u00a0fig\u016br\u0117les\u00a0ir\u00a0kiau\u0161ini\u0173<\/p>","protected":false},"featured_media":79044,"template":"","meta":{"_acf_changed":false,"_glsr_average":0,"_glsr_ranking":0,"_glsr_reviews":0},"product_brand":[],"product_cat":[397,883],"product_tag":[],"class_list":{"0":"post-89251","1":"product","2":"type-product","3":"status-publish","4":"has-post-thumbnail","6":"product_cat-medines-deliones-mediniai-zaislai","7":"product_cat-mediniai-zaislai-2","8":"\"style=\"background-color: #2ecc711c;\"","10":"first","11":"instock","12":"purchasable","13":"product-type-simple"},"acf":[],"yoast_head":"<!-- This site is optimized with the Yoast SEO plugin v27.4 - https:\/\/yoast.com\/product\/yoast-seo-wordpress\/ -->\n<title>CLASSIC WORLD medin\u0117 dinozauro kiau\u0161inio d\u0117lion\u0117<\/title>\n<meta name=\"description\" content=\"CLASSIC WORLD medin\u0117 dinozauro kiau\u0161inio d\u0117lion\u0117 - KidsPlay. Did\u017eiausias vaik\u0173 \u017eaisl\u0173 pasirinkimas.\" \/>\n<meta name=\"robots\" content=\"index, follow, max-snippet:-1, max-image-preview:large, max-video-preview:-1\" \/>\n<link rel=\"canonical\" href=\"https:\/\/kidsplay.lt\/lv\/products\/classic-world-medine-dinozauro-kiausinio-delione\/\" \/>\n<meta property=\"og:locale\" content=\"lv_LV\" \/>\n<meta property=\"og:type\" content=\"article\" \/>\n<meta property=\"og:title\" content=\"CLASSIC WORLD medin\u0117 dinozauro kiau\u0161inio d\u0117lion\u0117\" \/>\n<meta property=\"og:description\" content=\"CLASSIC WORLD medin\u0117 dinozauro kiau\u0161inio d\u0117lion\u0117 - KidsPlay. Did\u017eiausias vaik\u0173 \u017eaisl\u0173 pasirinkimas.\" \/>\n<meta property=\"og:url\" content=\"https:\/\/kidsplay.lt\/lv\/products\/classic-world-medine-dinozauro-kiausinio-delione\/\" \/>\n<meta property=\"og:site_name\" content=\"KidsPlay\" \/>\n<meta property=\"article:publisher\" content=\"https:\/\/www.facebook.com\/www.kidsplay.lt\" \/>\n<meta property=\"article:modified_time\" content=\"2026-04-13T11:47:56+00:00\" \/>\n<meta property=\"og:image\" content=\"https:\/\/kidsplay.lt\/wp-content\/uploads\/2025\/10\/CLASSIC-WORLD-medine-dinozauro-kiausinio-delione.jpg\" \/>\n\t<meta property=\"og:image:width\" content=\"2560\" \/>\n\t<meta property=\"og:image:height\" content=\"2560\" \/>\n\t<meta property=\"og:image:type\" content=\"image\/jpeg\" \/>\n<meta name=\"twitter:card\" content=\"summary_large_image\" \/>\n<meta name=\"twitter:label1\" content=\"Est. reading time\" \/>\n\t<meta name=\"twitter:data1\" content=\"1 min\u016bte\" \/>\n<script type=\"application\/ld+json\" class=\"yoast-schema-graph\">{\"@context\":\"https:\\\/\\\/schema.org\",\"@graph\":[{\"@type\":\"WebPage\",\"@id\":\"https:\\\/\\\/kidsplay.lt\\\/produktas\\\/classic-world-medine-dinozauro-kiausinio-delione\\\/\",\"url\":\"https:\\\/\\\/kidsplay.lt\\\/produktas\\\/classic-world-medine-dinozauro-kiausinio-delione\\\/\",\"name\":\"CLASSIC WORLD medin\u0117 dinozauro kiau\u0161inio d\u0117lion\u0117\",\"isPartOf\":{\"@id\":\"https:\\\/\\\/kidsplay.lt\\\/#website\"},\"primaryImageOfPage\":{\"@id\":\"https:\\\/\\\/kidsplay.lt\\\/produktas\\\/classic-world-medine-dinozauro-kiausinio-delione\\\/#primaryimage\"},\"image\":{\"@id\":\"https:\\\/\\\/kidsplay.lt\\\/produktas\\\/classic-world-medine-dinozauro-kiausinio-delione\\\/#primaryimage\"},\"thumbnailUrl\":\"https:\\\/\\\/kidsplay.lt\\\/wp-content\\\/uploads\\\/2025\\\/10\\\/CLASSIC-WORLD-medine-dinozauro-kiausinio-delione.jpg\",\"datePublished\":\"2026-02-26T07:11:12+00:00\",\"dateModified\":\"2026-04-13T11:47:56+00:00\",\"description\":\"CLASSIC WORLD medin\u0117 dinozauro kiau\u0161inio d\u0117lion\u0117 - KidsPlay. Did\u017eiausias vaik\u0173 \u017eaisl\u0173 pasirinkimas.\",\"breadcrumb\":{\"@id\":\"https:\\\/\\\/kidsplay.lt\\\/produktas\\\/classic-world-medine-dinozauro-kiausinio-delione\\\/#breadcrumb\"},\"inLanguage\":\"lv-LV\",\"potentialAction\":[{\"@type\":\"ReadAction\",\"target\":[\"https:\\\/\\\/kidsplay.lt\\\/produktas\\\/classic-world-medine-dinozauro-kiausinio-delione\\\/\"]}]},{\"@type\":\"ImageObject\",\"inLanguage\":\"lv-LV\",\"@id\":\"https:\\\/\\\/kidsplay.lt\\\/produktas\\\/classic-world-medine-dinozauro-kiausinio-delione\\\/#primaryimage\",\"url\":\"https:\\\/\\\/kidsplay.lt\\\/wp-content\\\/uploads\\\/2025\\\/10\\\/CLASSIC-WORLD-medine-dinozauro-kiausinio-delione.jpg\",\"contentUrl\":\"https:\\\/\\\/kidsplay.lt\\\/wp-content\\\/uploads\\\/2025\\\/10\\\/CLASSIC-WORLD-medine-dinozauro-kiausinio-delione.jpg\",\"width\":2560,\"height\":2560,\"caption\":\"CLASSIC WORLD medin\u0117 dinozauro kiau\u0161inio d\u0117lion\u0117\"},{\"@type\":\"BreadcrumbList\",\"@id\":\"https:\\\/\\\/kidsplay.lt\\\/produktas\\\/classic-world-medine-dinozauro-kiausinio-delione\\\/#breadcrumb\",\"itemListElement\":[{\"@type\":\"ListItem\",\"position\":1,\"name\":\"Pagrindinis\",\"item\":\"https:\\\/\\\/kidsplay.lt\\\/\"},{\"@type\":\"ListItem\",\"position\":2,\"name\":\"Parduotuv\u0117\",\"item\":\"https:\\\/\\\/kidsplay.lt\\\/parduotuve\\\/\"},{\"@type\":\"ListItem\",\"position\":3,\"name\":\"CLASSIC WORLD medin\u0117 dinozauro kiau\u0161inio d\u0117lion\u0117\"}]},{\"@type\":\"WebSite\",\"@id\":\"https:\\\/\\\/kidsplay.lt\\\/#website\",\"url\":\"https:\\\/\\\/kidsplay.lt\\\/\",\"name\":\"Kidsplay.lt\",\"description\":\"\u012evairios prek\u0117s vaikams\",\"publisher\":{\"@id\":\"https:\\\/\\\/kidsplay.lt\\\/#organization\"},\"alternateName\":\"Kidsplay\",\"potentialAction\":[{\"@type\":\"SearchAction\",\"target\":{\"@type\":\"EntryPoint\",\"urlTemplate\":\"https:\\\/\\\/kidsplay.lt\\\/?s={search_term_string}\"},\"query-input\":{\"@type\":\"PropertyValueSpecification\",\"valueRequired\":true,\"valueName\":\"search_term_string\"}}],\"inLanguage\":\"lv-LV\"},{\"@type\":\"Organization\",\"@id\":\"https:\\\/\\\/kidsplay.lt\\\/#organization\",\"name\":\"KidsPlay\",\"url\":\"https:\\\/\\\/kidsplay.lt\\\/\",\"logo\":{\"@type\":\"ImageObject\",\"inLanguage\":\"lv-LV\",\"@id\":\"https:\\\/\\\/kidsplay.lt\\\/#\\\/schema\\\/logo\\\/image\\\/\",\"url\":\"https:\\\/\\\/kidsplay.lt\\\/wp-content\\\/uploads\\\/2023\\\/07\\\/kidsplay-logo.png\",\"contentUrl\":\"https:\\\/\\\/kidsplay.lt\\\/wp-content\\\/uploads\\\/2023\\\/07\\\/kidsplay-logo.png\",\"width\":451,\"height\":98,\"caption\":\"KidsPlay\"},\"image\":{\"@id\":\"https:\\\/\\\/kidsplay.lt\\\/#\\\/schema\\\/logo\\\/image\\\/\"},\"sameAs\":[\"https:\\\/\\\/www.facebook.com\\\/www.kidsplay.lt\"]}]}<\/script>\n<!-- \/ Yoast SEO plugin. -->","yoast_head_json":{"title":"KLASISK\u0100 PASAULES koka dinozaura olu puzle","description":"CLASSIC WORLD medin\u0117 dinozauro kiau\u0161inio d\u0117lion\u0117 - KidsPlay. Did\u017eiausias vaik\u0173 \u017eaisl\u0173 pasirinkimas.","robots":{"index":"index","follow":"follow","max-snippet":"max-snippet:-1","max-image-preview":"max-image-preview:large","max-video-preview":"max-video-preview:-1"},"canonical":"https:\/\/kidsplay.lt\/lv\/products\/classic-world-medine-dinozauro-kiausinio-delione\/","og_locale":"lv_LV","og_type":"article","og_title":"CLASSIC WORLD medin\u0117 dinozauro kiau\u0161inio d\u0117lion\u0117","og_description":"CLASSIC WORLD medin\u0117 dinozauro kiau\u0161inio d\u0117lion\u0117 - KidsPlay. Did\u017eiausias vaik\u0173 \u017eaisl\u0173 pasirinkimas.","og_url":"https:\/\/kidsplay.lt\/lv\/products\/classic-world-medine-dinozauro-kiausinio-delione\/","og_site_name":"KidsPlay","article_publisher":"https:\/\/www.facebook.com\/www.kidsplay.lt","article_modified_time":"2026-04-13T11:47:56+00:00","og_image":[{"width":2560,"height":2560,"url":"https:\/\/kidsplay.lt\/wp-content\/uploads\/2025\/10\/CLASSIC-WORLD-medine-dinozauro-kiausinio-delione.jpg","type":"image\/jpeg"}],"twitter_card":"summary_large_image","twitter_misc":{"Est. reading time":"1 min\u016bte"},"schema":{"@context":"https:\/\/schema.org","@graph":[{"@type":"WebPage","@id":"https:\/\/kidsplay.lt\/produktas\/classic-world-medine-dinozauro-kiausinio-delione\/","url":"https:\/\/kidsplay.lt\/produktas\/classic-world-medine-dinozauro-kiausinio-delione\/","name":"KLASISK\u0100 PASAULES koka dinozaura olu puzle","isPartOf":{"@id":"https:\/\/kidsplay.lt\/#website"},"primaryImageOfPage":{"@id":"https:\/\/kidsplay.lt\/produktas\/classic-world-medine-dinozauro-kiausinio-delione\/#primaryimage"},"image":{"@id":"https:\/\/kidsplay.lt\/produktas\/classic-world-medine-dinozauro-kiausinio-delione\/#primaryimage"},"thumbnailUrl":"https:\/\/kidsplay.lt\/wp-content\/uploads\/2025\/10\/CLASSIC-WORLD-medine-dinozauro-kiausinio-delione.jpg","datePublished":"2026-02-26T07:11:12+00:00","dateModified":"2026-04-13T11:47:56+00:00","description":"CLASSIC WORLD medin\u0117 dinozauro kiau\u0161inio d\u0117lion\u0117 - KidsPlay. Did\u017eiausias vaik\u0173 \u017eaisl\u0173 pasirinkimas.","breadcrumb":{"@id":"https:\/\/kidsplay.lt\/produktas\/classic-world-medine-dinozauro-kiausinio-delione\/#breadcrumb"},"inLanguage":"lv-LV","potentialAction":[{"@type":"ReadAction","target":["https:\/\/kidsplay.lt\/produktas\/classic-world-medine-dinozauro-kiausinio-delione\/"]}]},{"@type":"ImageObject","inLanguage":"lv-LV","@id":"https:\/\/kidsplay.lt\/produktas\/classic-world-medine-dinozauro-kiausinio-delione\/#primaryimage","url":"https:\/\/kidsplay.lt\/wp-content\/uploads\/2025\/10\/CLASSIC-WORLD-medine-dinozauro-kiausinio-delione.jpg","contentUrl":"https:\/\/kidsplay.lt\/wp-content\/uploads\/2025\/10\/CLASSIC-WORLD-medine-dinozauro-kiausinio-delione.jpg","width":2560,"height":2560,"caption":"CLASSIC WORLD medin\u0117 dinozauro kiau\u0161inio d\u0117lion\u0117"},{"@type":"BreadcrumbList","@id":"https:\/\/kidsplay.lt\/produktas\/classic-world-medine-dinozauro-kiausinio-delione\/#breadcrumb","itemListElement":[{"@type":"ListItem","position":1,"name":"Pagrindinis","item":"https:\/\/kidsplay.lt\/"},{"@type":"ListItem","position":2,"name":"Parduotuv\u0117","item":"https:\/\/kidsplay.lt\/parduotuve\/"},{"@type":"ListItem","position":3,"name":"CLASSIC WORLD medin\u0117 dinozauro kiau\u0161inio d\u0117lion\u0117"}]},{"@type":"WebSite","@id":"https:\/\/kidsplay.lt\/#website","url":"https:\/\/kidsplay.lt\/","name":"B\u0113rnu sp\u0113les.lv","description":"\u012evairios prek\u0117s vaikams","publisher":{"@id":"https:\/\/kidsplay.lt\/#organization"},"alternateName":"Kidsplay","potentialAction":[{"@type":"SearchAction","target":{"@type":"EntryPoint","urlTemplate":"https:\/\/kidsplay.lt\/?s={search_term_string}"},"query-input":{"@type":"PropertyValueSpecification","valueRequired":true,"valueName":"search_term_string"}}],"inLanguage":"lv-LV"},{"@type":"Organization","@id":"https:\/\/kidsplay.lt\/#organization","name":"B\u0113rnu sp\u0113le","url":"https:\/\/kidsplay.lt\/","logo":{"@type":"ImageObject","inLanguage":"lv-LV","@id":"https:\/\/kidsplay.lt\/#\/schema\/logo\/image\/","url":"https:\/\/kidsplay.lt\/wp-content\/uploads\/2023\/07\/kidsplay-logo.png","contentUrl":"https:\/\/kidsplay.lt\/wp-content\/uploads\/2023\/07\/kidsplay-logo.png","width":451,"height":98,"caption":"KidsPlay"},"image":{"@id":"https:\/\/kidsplay.lt\/#\/schema\/logo\/image\/"},"sameAs":["https:\/\/www.facebook.com\/www.kidsplay.lt"]}]}},"_links":{"self":[{"href":"https:\/\/kidsplay.lt\/lv\/wp-json\/wp\/v2\/product\/89251","targetHints":{"allow":["GET"]}}],"collection":[{"href":"https:\/\/kidsplay.lt\/lv\/wp-json\/wp\/v2\/product"}],"about":[{"href":"https:\/\/kidsplay.lt\/lv\/wp-json\/wp\/v2\/types\/product"}],"version-history":[{"count":1,"href":"https:\/\/kidsplay.lt\/lv\/wp-json\/wp\/v2\/product\/89251\/revisions"}],"predecessor-version":[{"id":89252,"href":"https:\/\/kidsplay.lt\/lv\/wp-json\/wp\/v2\/product\/89251\/revisions\/89252"}],"wp:featuredmedia":[{"embeddable":true,"href":"https:\/\/kidsplay.lt\/lv\/wp-json\/wp\/v2\/media\/79044"}],"wp:attachment":[{"href":"https:\/\/kidsplay.lt\/lv\/wp-json\/wp\/v2\/media?parent=89251"}],"wp:term":[{"taxonomy":"product_brand","embeddable":true,"href":"https:\/\/kidsplay.lt\/lv\/wp-json\/wp\/v2\/product_brand?post=89251"},{"taxonomy":"product_cat","embeddable":true,"href":"https:\/\/kidsplay.lt\/lv\/wp-json\/wp\/v2\/product_cat?post=89251"},{"taxonomy":"product_tag","embeddable":true,"href":"https:\/\/kidsplay.lt\/lv\/wp-json\/wp\/v2\/product_tag?post=89251"}],"curies":[{"name":"wp","href":"https:\/\/api.w.org\/{rel}","templated":true}]}}