{"id":89263,"date":"2026-02-26T09:11:33","date_gmt":"2026-02-26T07:11:33","guid":{"rendered":"https:\/\/kidsplay.lt\/produktas\/classic-world-medine-manipuliacine-lenta-mano-pirmasis-kalendorius-laikrodis-vaikams\/"},"modified":"2026-04-13T14:48:13","modified_gmt":"2026-04-13T11:48:13","slug":"classic-world-medine-manipuliacine-lenta-mano-pirmasis-kalendorius-laikrodis-vaikams","status":"publish","type":"product","link":"https:\/\/kidsplay.lt\/lv\/products\/classic-world-medine-manipuliacine-lenta-mano-pirmasis-kalendorius-laikrodis-vaikams\/","title":{"rendered":"KLASISK\u0100 PASAULES Koka manipulat\u012bvais d\u0113lis &quot;Mans pirmais kalend\u0101rs&quot; B\u0113rnu pulkstenis"},"content":{"rendered":"<p>Atraskite \u0161i\u0105 lavinan\u010di\u0105 manipuliacin\u0119 lent\u0105, kuri supa\u017eindins j\u016bs\u0173 vaik\u0105 su \u017eaviu laiko, or\u0173 ir met\u0173 laik\u0173 pasauliu. Spalvingi elementai padeda j\u016bs\u0173 vaikui lengvai i\u0161mokti atpa\u017einti savait\u0117s dienas, m\u0117nesius, valandas ir temperat\u016br\u0105. Interaktyvios ranken\u0117l\u0117s ir slankikliai lavina rank\u0173 \u012fg\u016bd\u017eius bei aki\u0173 ir rank\u0173 koordinacij\u0105. \u0160i lenta \u012ftraukian\u010diai derina pramogas su mokymusi, skatindama j\u016bs\u0173 ma\u017eyl\u012f savaranki\u0161kai atrasti pasaul\u012f. Puikiai tinka vaiko kambariui arba kaip dovana, ji suteiks valand\u0173 valandas k\u016brybi\u0161ko \u017eaidimo.<\/p>\n<p>Rakstur\u012bgs:<\/p>\n<p> \t-4 viename lavinamoji manipuliacin\u0117 lenta: laikrodis, savait\u0117s dienos, m\u0117nesiai\/metai, oras ir temperat\u016bra.\u2714\ufe0f\u00a0<br \/>\n \t&#8211; Ry\u0161k\u016bs, spalvingi ir vaikams pritaikyti judantys bei sukami elementai.<br \/>\n \t&#8211; Pagaminta i\u0161 patvarios medienos su saugiais kra\u0161tais.<br \/>\n \t&#8211; Palaiko loginio m\u0105stymo, steb\u0117jimo ir atminties vystym\u0105si.<br \/>\n \t-Esteti\u0161kas dizainas su gamtos ir gyv\u016bn\u0173 motyvais, puikiai tinkantis vaik\u0173 kambariui.<\/p>\n<p>Komplekt\u0101 ietilpst:<\/p>\n<p> \t&#8211; Laikrodis su judan\u010diomis rodykl\u0117mis laikui mokytis.<br \/>\n \t&#8211; Surinkite m\u0117nesius ir met\u0173 laikus.<br \/>\n \t-Savait\u0117s dien\u0173 slankiklis.<br \/>\n \t&#8211; Or\u0173 ir temperat\u016bros indikatorius (kar\u0161ta\/\u0161ilta\/v\u0117su\/\u0161alta).<br \/>\n \t&#8211; M\u0117nesio dien\u0173 skaitiklis (1\u201331) su slankiojan\u010diu indikatoriumi.<\/p>\n<p>Rota\u013clieta att\u012bst\u0101s:<\/p>\n<p> \t&#8211; laiko ir pagrindini\u0173 kalendoriaus s\u0105vok\u0173 skaitymas.<br \/>\n \t&#8211; D\u0117mesio suvokimas ir koncentracija.<br \/>\n \t&#8211; Rank\u0173 \u012fg\u016bd\u017eiai ir aki\u0173-rank\u0173 koordinacija.<br \/>\n \t&#8211; K\u016brybi\u0161kumas ir savaranki\u0161kas aplinkos atradimas.<br \/>\n \t&#8211; Ankstyvas oro rei\u0161kini\u0173 ir gamtos cikl\u0173 supratimas.<\/p>","protected":false},"excerpt":{"rendered":"<p>Atraskite \u0161i\u0105 lavinan\u010di\u0105 manipuliacin\u0119 lent\u0105, kuri supa\u017eindins j\u016bs\u0173 vaik\u0105 su \u017eaviu laiko, or\u0173 ir met\u0173 laik\u0173 pasauliu. Spalvingi elementai padeda<\/p>","protected":false},"featured_media":79057,"template":"","meta":{"_acf_changed":false,"_glsr_average":0,"_glsr_ranking":0,"_glsr_reviews":0},"product_brand":[],"product_cat":[549,229],"product_tag":[],"class_list":{"0":"post-89263","1":"product","2":"type-product","3":"status-publish","4":"has-post-thumbnail","6":"product_cat-manipuliacines-lentos","7":"product_cat-zaislai-vaikams","8":"\"style=\"background-color: #2ecc711c;\"","10":"first","11":"instock","12":"purchasable","13":"product-type-simple"},"acf":[],"yoast_head":"<!-- This site is optimized with the Yoast SEO plugin v27.4 - https:\/\/yoast.com\/product\/yoast-seo-wordpress\/ -->\n<title>CLASSIC WORLD Medin\u0117 manipuliacin\u0117 lenta \u201eMano pirmasis kalendorius\u201c Laikrodis vaikams<\/title>\n<meta name=\"description\" content=\"CLASSIC WORLD Medin\u0117 manipuliacin\u0117 lenta \u201eMano pirmasis kalendorius\u201c Laikrodis vaikams - KidsPlay. Did\u017eiausias vaik\u0173 \u017eaisl\u0173 pasirinkimas.\" \/>\n<meta name=\"robots\" content=\"index, follow, max-snippet:-1, max-image-preview:large, max-video-preview:-1\" \/>\n<link rel=\"canonical\" href=\"https:\/\/kidsplay.lt\/lv\/products\/classic-world-medine-manipuliacine-lenta-mano-pirmasis-kalendorius-laikrodis-vaikams\/\" \/>\n<meta property=\"og:locale\" content=\"lv_LV\" \/>\n<meta property=\"og:type\" content=\"article\" \/>\n<meta property=\"og:title\" content=\"CLASSIC WORLD Medin\u0117 manipuliacin\u0117 lenta \u201eMano pirmasis kalendorius\u201c Laikrodis vaikams\" \/>\n<meta property=\"og:description\" content=\"CLASSIC WORLD Medin\u0117 manipuliacin\u0117 lenta \u201eMano pirmasis kalendorius\u201c Laikrodis vaikams - KidsPlay. Did\u017eiausias vaik\u0173 \u017eaisl\u0173 pasirinkimas.\" \/>\n<meta property=\"og:url\" content=\"https:\/\/kidsplay.lt\/lv\/products\/classic-world-medine-manipuliacine-lenta-mano-pirmasis-kalendorius-laikrodis-vaikams\/\" \/>\n<meta property=\"og:site_name\" content=\"KidsPlay\" \/>\n<meta property=\"article:publisher\" content=\"https:\/\/www.facebook.com\/www.kidsplay.lt\" \/>\n<meta property=\"article:modified_time\" content=\"2026-04-13T11:48:13+00:00\" \/>\n<meta property=\"og:image\" content=\"https:\/\/kidsplay.lt\/wp-content\/uploads\/2025\/10\/CLASSIC-WORLD-Medine-manipuliacine-lenta-\u201eMano-pirmasis-kalendorius-Laikrodis-vaikams-800x800.jpg\" \/>\n\t<meta property=\"og:image:width\" content=\"800\" \/>\n\t<meta property=\"og:image:height\" content=\"800\" \/>\n\t<meta property=\"og:image:type\" content=\"image\/jpeg\" \/>\n<meta name=\"twitter:card\" content=\"summary_large_image\" \/>\n<meta name=\"twitter:label1\" content=\"Est. reading time\" \/>\n\t<meta name=\"twitter:data1\" content=\"1 min\u016bte\" \/>\n<script type=\"application\/ld+json\" class=\"yoast-schema-graph\">{\"@context\":\"https:\\\/\\\/schema.org\",\"@graph\":[{\"@type\":\"WebPage\",\"@id\":\"https:\\\/\\\/kidsplay.lt\\\/produktas\\\/classic-world-medine-manipuliacine-lenta-mano-pirmasis-kalendorius-laikrodis-vaikams\\\/\",\"url\":\"https:\\\/\\\/kidsplay.lt\\\/produktas\\\/classic-world-medine-manipuliacine-lenta-mano-pirmasis-kalendorius-laikrodis-vaikams\\\/\",\"name\":\"CLASSIC WORLD Medin\u0117 manipuliacin\u0117 lenta \u201eMano pirmasis kalendorius\u201c Laikrodis vaikams\",\"isPartOf\":{\"@id\":\"https:\\\/\\\/kidsplay.lt\\\/#website\"},\"primaryImageOfPage\":{\"@id\":\"https:\\\/\\\/kidsplay.lt\\\/produktas\\\/classic-world-medine-manipuliacine-lenta-mano-pirmasis-kalendorius-laikrodis-vaikams\\\/#primaryimage\"},\"image\":{\"@id\":\"https:\\\/\\\/kidsplay.lt\\\/produktas\\\/classic-world-medine-manipuliacine-lenta-mano-pirmasis-kalendorius-laikrodis-vaikams\\\/#primaryimage\"},\"thumbnailUrl\":\"https:\\\/\\\/kidsplay.lt\\\/wp-content\\\/uploads\\\/2025\\\/10\\\/CLASSIC-WORLD-Medine-manipuliacine-lenta-\u201eMano-pirmasis-kalendorius-Laikrodis-vaikams.jpg\",\"datePublished\":\"2026-02-26T07:11:33+00:00\",\"dateModified\":\"2026-04-13T11:48:13+00:00\",\"description\":\"CLASSIC WORLD Medin\u0117 manipuliacin\u0117 lenta \u201eMano pirmasis kalendorius\u201c Laikrodis vaikams - KidsPlay. Did\u017eiausias vaik\u0173 \u017eaisl\u0173 pasirinkimas.\",\"breadcrumb\":{\"@id\":\"https:\\\/\\\/kidsplay.lt\\\/produktas\\\/classic-world-medine-manipuliacine-lenta-mano-pirmasis-kalendorius-laikrodis-vaikams\\\/#breadcrumb\"},\"inLanguage\":\"lv-LV\",\"potentialAction\":[{\"@type\":\"ReadAction\",\"target\":[\"https:\\\/\\\/kidsplay.lt\\\/produktas\\\/classic-world-medine-manipuliacine-lenta-mano-pirmasis-kalendorius-laikrodis-vaikams\\\/\"]}]},{\"@type\":\"ImageObject\",\"inLanguage\":\"lv-LV\",\"@id\":\"https:\\\/\\\/kidsplay.lt\\\/produktas\\\/classic-world-medine-manipuliacine-lenta-mano-pirmasis-kalendorius-laikrodis-vaikams\\\/#primaryimage\",\"url\":\"https:\\\/\\\/kidsplay.lt\\\/wp-content\\\/uploads\\\/2025\\\/10\\\/CLASSIC-WORLD-Medine-manipuliacine-lenta-\u201eMano-pirmasis-kalendorius-Laikrodis-vaikams.jpg\",\"contentUrl\":\"https:\\\/\\\/kidsplay.lt\\\/wp-content\\\/uploads\\\/2025\\\/10\\\/CLASSIC-WORLD-Medine-manipuliacine-lenta-\u201eMano-pirmasis-kalendorius-Laikrodis-vaikams.jpg\",\"width\":2500,\"height\":2500,\"caption\":\"CLASSIC WORLD Medin\u0117 manipuliacin\u0117 lenta \u201eMano pirmasis kalendorius\u201c Laikrodis vaikams\"},{\"@type\":\"BreadcrumbList\",\"@id\":\"https:\\\/\\\/kidsplay.lt\\\/produktas\\\/classic-world-medine-manipuliacine-lenta-mano-pirmasis-kalendorius-laikrodis-vaikams\\\/#breadcrumb\",\"itemListElement\":[{\"@type\":\"ListItem\",\"position\":1,\"name\":\"Pagrindinis\",\"item\":\"https:\\\/\\\/kidsplay.lt\\\/\"},{\"@type\":\"ListItem\",\"position\":2,\"name\":\"Parduotuv\u0117\",\"item\":\"https:\\\/\\\/kidsplay.lt\\\/parduotuve\\\/\"},{\"@type\":\"ListItem\",\"position\":3,\"name\":\"CLASSIC WORLD Medin\u0117 manipuliacin\u0117 lenta \u201eMano pirmasis kalendorius\u201c Laikrodis vaikams\"}]},{\"@type\":\"WebSite\",\"@id\":\"https:\\\/\\\/kidsplay.lt\\\/#website\",\"url\":\"https:\\\/\\\/kidsplay.lt\\\/\",\"name\":\"Kidsplay.lt\",\"description\":\"\u012evairios prek\u0117s vaikams\",\"publisher\":{\"@id\":\"https:\\\/\\\/kidsplay.lt\\\/#organization\"},\"alternateName\":\"Kidsplay\",\"potentialAction\":[{\"@type\":\"SearchAction\",\"target\":{\"@type\":\"EntryPoint\",\"urlTemplate\":\"https:\\\/\\\/kidsplay.lt\\\/?s={search_term_string}\"},\"query-input\":{\"@type\":\"PropertyValueSpecification\",\"valueRequired\":true,\"valueName\":\"search_term_string\"}}],\"inLanguage\":\"lv-LV\"},{\"@type\":\"Organization\",\"@id\":\"https:\\\/\\\/kidsplay.lt\\\/#organization\",\"name\":\"KidsPlay\",\"url\":\"https:\\\/\\\/kidsplay.lt\\\/\",\"logo\":{\"@type\":\"ImageObject\",\"inLanguage\":\"lv-LV\",\"@id\":\"https:\\\/\\\/kidsplay.lt\\\/#\\\/schema\\\/logo\\\/image\\\/\",\"url\":\"https:\\\/\\\/kidsplay.lt\\\/wp-content\\\/uploads\\\/2023\\\/07\\\/kidsplay-logo.png\",\"contentUrl\":\"https:\\\/\\\/kidsplay.lt\\\/wp-content\\\/uploads\\\/2023\\\/07\\\/kidsplay-logo.png\",\"width\":451,\"height\":98,\"caption\":\"KidsPlay\"},\"image\":{\"@id\":\"https:\\\/\\\/kidsplay.lt\\\/#\\\/schema\\\/logo\\\/image\\\/\"},\"sameAs\":[\"https:\\\/\\\/www.facebook.com\\\/www.kidsplay.lt\"]}]}<\/script>\n<!-- \/ Yoast SEO plugin. -->","yoast_head_json":{"title":"KLASISK\u0100 PASAULES Koka manipulat\u012bvais d\u0113lis &quot;Mans pirmais kalend\u0101rs&quot; B\u0113rnu pulkstenis","description":"CLASSIC WORLD Medin\u0117 manipuliacin\u0117 lenta \u201eMano pirmasis kalendorius\u201c Laikrodis vaikams - KidsPlay. Did\u017eiausias vaik\u0173 \u017eaisl\u0173 pasirinkimas.","robots":{"index":"index","follow":"follow","max-snippet":"max-snippet:-1","max-image-preview":"max-image-preview:large","max-video-preview":"max-video-preview:-1"},"canonical":"https:\/\/kidsplay.lt\/lv\/products\/classic-world-medine-manipuliacine-lenta-mano-pirmasis-kalendorius-laikrodis-vaikams\/","og_locale":"lv_LV","og_type":"article","og_title":"CLASSIC WORLD Medin\u0117 manipuliacin\u0117 lenta \u201eMano pirmasis kalendorius\u201c Laikrodis vaikams","og_description":"CLASSIC WORLD Medin\u0117 manipuliacin\u0117 lenta \u201eMano pirmasis kalendorius\u201c Laikrodis vaikams - KidsPlay. Did\u017eiausias vaik\u0173 \u017eaisl\u0173 pasirinkimas.","og_url":"https:\/\/kidsplay.lt\/lv\/products\/classic-world-medine-manipuliacine-lenta-mano-pirmasis-kalendorius-laikrodis-vaikams\/","og_site_name":"KidsPlay","article_publisher":"https:\/\/www.facebook.com\/www.kidsplay.lt","article_modified_time":"2026-04-13T11:48:13+00:00","og_image":[{"width":800,"height":800,"url":"https:\/\/kidsplay.lt\/wp-content\/uploads\/2025\/10\/CLASSIC-WORLD-Medine-manipuliacine-lenta-\u201eMano-pirmasis-kalendorius-Laikrodis-vaikams-800x800.jpg","type":"image\/jpeg"}],"twitter_card":"summary_large_image","twitter_misc":{"Est. reading time":"1 min\u016bte"},"schema":{"@context":"https:\/\/schema.org","@graph":[{"@type":"WebPage","@id":"https:\/\/kidsplay.lt\/produktas\/classic-world-medine-manipuliacine-lenta-mano-pirmasis-kalendorius-laikrodis-vaikams\/","url":"https:\/\/kidsplay.lt\/produktas\/classic-world-medine-manipuliacine-lenta-mano-pirmasis-kalendorius-laikrodis-vaikams\/","name":"KLASISK\u0100 PASAULES Koka manipulat\u012bvais d\u0113lis &quot;Mans pirmais kalend\u0101rs&quot; B\u0113rnu pulkstenis","isPartOf":{"@id":"https:\/\/kidsplay.lt\/#website"},"primaryImageOfPage":{"@id":"https:\/\/kidsplay.lt\/produktas\/classic-world-medine-manipuliacine-lenta-mano-pirmasis-kalendorius-laikrodis-vaikams\/#primaryimage"},"image":{"@id":"https:\/\/kidsplay.lt\/produktas\/classic-world-medine-manipuliacine-lenta-mano-pirmasis-kalendorius-laikrodis-vaikams\/#primaryimage"},"thumbnailUrl":"https:\/\/kidsplay.lt\/wp-content\/uploads\/2025\/10\/CLASSIC-WORLD-Medine-manipuliacine-lenta-\u201eMano-pirmasis-kalendorius-Laikrodis-vaikams.jpg","datePublished":"2026-02-26T07:11:33+00:00","dateModified":"2026-04-13T11:48:13+00:00","description":"CLASSIC WORLD Medin\u0117 manipuliacin\u0117 lenta \u201eMano pirmasis kalendorius\u201c Laikrodis vaikams - KidsPlay. Did\u017eiausias vaik\u0173 \u017eaisl\u0173 pasirinkimas.","breadcrumb":{"@id":"https:\/\/kidsplay.lt\/produktas\/classic-world-medine-manipuliacine-lenta-mano-pirmasis-kalendorius-laikrodis-vaikams\/#breadcrumb"},"inLanguage":"lv-LV","potentialAction":[{"@type":"ReadAction","target":["https:\/\/kidsplay.lt\/produktas\/classic-world-medine-manipuliacine-lenta-mano-pirmasis-kalendorius-laikrodis-vaikams\/"]}]},{"@type":"ImageObject","inLanguage":"lv-LV","@id":"https:\/\/kidsplay.lt\/produktas\/classic-world-medine-manipuliacine-lenta-mano-pirmasis-kalendorius-laikrodis-vaikams\/#primaryimage","url":"https:\/\/kidsplay.lt\/wp-content\/uploads\/2025\/10\/CLASSIC-WORLD-Medine-manipuliacine-lenta-\u201eMano-pirmasis-kalendorius-Laikrodis-vaikams.jpg","contentUrl":"https:\/\/kidsplay.lt\/wp-content\/uploads\/2025\/10\/CLASSIC-WORLD-Medine-manipuliacine-lenta-\u201eMano-pirmasis-kalendorius-Laikrodis-vaikams.jpg","width":2500,"height":2500,"caption":"CLASSIC WORLD Medin\u0117 manipuliacin\u0117 lenta \u201eMano pirmasis kalendorius\u201c Laikrodis vaikams"},{"@type":"BreadcrumbList","@id":"https:\/\/kidsplay.lt\/produktas\/classic-world-medine-manipuliacine-lenta-mano-pirmasis-kalendorius-laikrodis-vaikams\/#breadcrumb","itemListElement":[{"@type":"ListItem","position":1,"name":"Pagrindinis","item":"https:\/\/kidsplay.lt\/"},{"@type":"ListItem","position":2,"name":"Parduotuv\u0117","item":"https:\/\/kidsplay.lt\/parduotuve\/"},{"@type":"ListItem","position":3,"name":"CLASSIC WORLD Medin\u0117 manipuliacin\u0117 lenta \u201eMano pirmasis kalendorius\u201c Laikrodis vaikams"}]},{"@type":"WebSite","@id":"https:\/\/kidsplay.lt\/#website","url":"https:\/\/kidsplay.lt\/","name":"B\u0113rnu sp\u0113les.lv","description":"\u012evairios prek\u0117s vaikams","publisher":{"@id":"https:\/\/kidsplay.lt\/#organization"},"alternateName":"Kidsplay","potentialAction":[{"@type":"SearchAction","target":{"@type":"EntryPoint","urlTemplate":"https:\/\/kidsplay.lt\/?s={search_term_string}"},"query-input":{"@type":"PropertyValueSpecification","valueRequired":true,"valueName":"search_term_string"}}],"inLanguage":"lv-LV"},{"@type":"Organization","@id":"https:\/\/kidsplay.lt\/#organization","name":"B\u0113rnu sp\u0113le","url":"https:\/\/kidsplay.lt\/","logo":{"@type":"ImageObject","inLanguage":"lv-LV","@id":"https:\/\/kidsplay.lt\/#\/schema\/logo\/image\/","url":"https:\/\/kidsplay.lt\/wp-content\/uploads\/2023\/07\/kidsplay-logo.png","contentUrl":"https:\/\/kidsplay.lt\/wp-content\/uploads\/2023\/07\/kidsplay-logo.png","width":451,"height":98,"caption":"KidsPlay"},"image":{"@id":"https:\/\/kidsplay.lt\/#\/schema\/logo\/image\/"},"sameAs":["https:\/\/www.facebook.com\/www.kidsplay.lt"]}]}},"_links":{"self":[{"href":"https:\/\/kidsplay.lt\/lv\/wp-json\/wp\/v2\/product\/89263","targetHints":{"allow":["GET"]}}],"collection":[{"href":"https:\/\/kidsplay.lt\/lv\/wp-json\/wp\/v2\/product"}],"about":[{"href":"https:\/\/kidsplay.lt\/lv\/wp-json\/wp\/v2\/types\/product"}],"version-history":[{"count":1,"href":"https:\/\/kidsplay.lt\/lv\/wp-json\/wp\/v2\/product\/89263\/revisions"}],"predecessor-version":[{"id":89264,"href":"https:\/\/kidsplay.lt\/lv\/wp-json\/wp\/v2\/product\/89263\/revisions\/89264"}],"wp:featuredmedia":[{"embeddable":true,"href":"https:\/\/kidsplay.lt\/lv\/wp-json\/wp\/v2\/media\/79057"}],"wp:attachment":[{"href":"https:\/\/kidsplay.lt\/lv\/wp-json\/wp\/v2\/media?parent=89263"}],"wp:term":[{"taxonomy":"product_brand","embeddable":true,"href":"https:\/\/kidsplay.lt\/lv\/wp-json\/wp\/v2\/product_brand?post=89263"},{"taxonomy":"product_cat","embeddable":true,"href":"https:\/\/kidsplay.lt\/lv\/wp-json\/wp\/v2\/product_cat?post=89263"},{"taxonomy":"product_tag","embeddable":true,"href":"https:\/\/kidsplay.lt\/lv\/wp-json\/wp\/v2\/product_tag?post=89263"}],"curies":[{"name":"wp","href":"https:\/\/api.w.org\/{rel}","templated":true}]}}