{"id":89265,"date":"2026-02-26T09:11:35","date_gmt":"2026-02-26T07:11:35","guid":{"rendered":"https:\/\/kidsplay.lt\/produktas\/classic-world-edu-eko-smelio-deze-smelio-dezes-zaislas\/"},"modified":"2026-04-13T14:48:15","modified_gmt":"2026-04-13T11:48:15","slug":"classic-world-edu-eko-smelio-deze-smelio-dezes-zaislas","status":"publish","type":"product","link":"https:\/\/kidsplay.lt\/lv\/products\/classic-world-edu-eko-smelio-deze-smelio-dezes-zaislas\/","title":{"rendered":"CLASSIC WORLD EDU Eco Sandbox Smil\u0161u kastes rota\u013clieta"},"content":{"rendered":"<p>\u0160i vaiki\u0161ka sm\u0117lio d\u0117\u017e\u0117\u00a0i\u0161 garsaus\u00a0\u201eClassic World\u201c\u00a0prek\u0117s \u017eenklo \u2013 puikus\u00a0j\u016bs\u0173 sm\u0117lio d\u0117\u017e\u0117s papildymas!\u00a0Pagaminta i\u0161\u00a0auk\u0161tos kokyb\u0117s medienos\u00a0, padengta\u00a0netoksi\u0161ka\u00a0,\u00a0vaikams saugia impregnavimo med\u017eiaga. Pripildykite d\u0117\u017e\u0119 sm\u0117liu\u00a0, o kai ji prisipildys,\u00a0pastumkite apatin\u012f u\u017erakt\u0105\u00a0, kad j\u0105 atlaisvintum\u0117te!\u00a0Puikiai tinka j\u016bs\u0173 nam\u0173 sodui!<\/p>\n<p>Rakstur\u012bgs:<\/p>\n<p> \t&#8211;\u00a0pagaminta i\u0161\u00a0auk\u0161tos kokyb\u0117s medienos,<br \/>\n \t&#8211; da\u017eyta netoksi\u0161ka impregnavimo priemone,<br \/>\n \t&#8211; nesibaigian\u010dios pramogos,<\/p>\n<p> \t&#8211; puikus sm\u0117lio d\u0117\u017e\u0117s papildymas.<\/p>\n<p>Rota\u013clieta att\u012bst\u0101s:<\/p>\n<p> \t&#8211; rankiniai \u012fg\u016bd\u017eiai,<br \/>\n \t&#8211; loginis m\u0105stymas,<br \/>\n \t&#8211; vaizduot\u0117,<br \/>\n \t&#8211; k\u016brybi\u0161kumas.<\/p>","protected":false},"excerpt":{"rendered":"<p>\u0160i vaiki\u0161ka sm\u0117lio d\u0117\u017e\u0117\u00a0i\u0161 garsaus\u00a0\u201eClassic World\u201c\u00a0prek\u0117s \u017eenklo \u2013 puikus\u00a0j\u016bs\u0173 sm\u0117lio d\u0117\u017e\u0117s papildymas!\u00a0Pagaminta i\u0161\u00a0auk\u0161tos kokyb\u0117s medienos\u00a0, padengta\u00a0netoksi\u0161ka\u00a0,\u00a0vaikams saugia impregnavimo med\u017eiaga. Pripildykite<\/p>","protected":false},"featured_media":79062,"template":"","meta":{"_acf_changed":false,"_glsr_average":0,"_glsr_ranking":0,"_glsr_reviews":0},"product_brand":[],"product_cat":[233,327],"product_tag":[],"class_list":{"0":"post-89265","1":"product","2":"type-product","3":"status-publish","4":"has-post-thumbnail","6":"product_cat-lauko-pramogos","7":"product_cat-smelio-dezes-ir-priedai","8":"\"style=\"background-color: #2ecc711c;\"","10":"first","11":"instock","12":"purchasable","13":"product-type-simple"},"acf":[],"yoast_head":"<!-- This site is optimized with the Yoast SEO plugin v27.3 - https:\/\/yoast.com\/product\/yoast-seo-wordpress\/ -->\n<title>CLASSIC WORLD EDU Eko sm\u0117lio d\u0117\u017e\u0117 Sm\u0117lio d\u0117\u017e\u0117s \u017eaislas<\/title>\n<meta name=\"description\" content=\"CLASSIC WORLD EDU Eko sm\u0117lio d\u0117\u017e\u0117 Sm\u0117lio d\u0117\u017e\u0117s \u017eaislas - KidsPlay. Did\u017eiausias vaik\u0173 \u017eaisl\u0173 pasirinkimas.\" \/>\n<meta name=\"robots\" content=\"index, follow, max-snippet:-1, max-image-preview:large, max-video-preview:-1\" \/>\n<link rel=\"canonical\" href=\"https:\/\/kidsplay.lt\/lv\/products\/classic-world-edu-eko-smelio-deze-smelio-dezes-zaislas\/\" \/>\n<meta property=\"og:locale\" content=\"lv_LV\" \/>\n<meta property=\"og:type\" content=\"article\" \/>\n<meta property=\"og:title\" content=\"CLASSIC WORLD EDU Eko sm\u0117lio d\u0117\u017e\u0117 Sm\u0117lio d\u0117\u017e\u0117s \u017eaislas\" \/>\n<meta property=\"og:description\" content=\"CLASSIC WORLD EDU Eko sm\u0117lio d\u0117\u017e\u0117 Sm\u0117lio d\u0117\u017e\u0117s \u017eaislas - KidsPlay. Did\u017eiausias vaik\u0173 \u017eaisl\u0173 pasirinkimas.\" \/>\n<meta property=\"og:url\" content=\"https:\/\/kidsplay.lt\/lv\/products\/classic-world-edu-eko-smelio-deze-smelio-dezes-zaislas\/\" \/>\n<meta property=\"og:site_name\" content=\"KidsPlay\" \/>\n<meta property=\"article:publisher\" content=\"https:\/\/www.facebook.com\/www.kidsplay.lt\" \/>\n<meta property=\"article:modified_time\" content=\"2026-04-13T11:48:15+00:00\" \/>\n<meta property=\"og:image\" content=\"https:\/\/kidsplay.lt\/wp-content\/uploads\/2025\/10\/CLASSIC-WORLD-EDU-Eko-smelio-deze-Smelio-dezes-zaislas.jpg\" \/>\n\t<meta property=\"og:image:width\" content=\"2560\" \/>\n\t<meta property=\"og:image:height\" content=\"2560\" \/>\n\t<meta property=\"og:image:type\" content=\"image\/jpeg\" \/>\n<meta name=\"twitter:card\" content=\"summary_large_image\" \/>\n<meta name=\"twitter:label1\" content=\"Est. reading time\" \/>\n\t<meta name=\"twitter:data1\" content=\"1 min\u016bte\" \/>\n<script type=\"application\/ld+json\" class=\"yoast-schema-graph\">{\"@context\":\"https:\\\/\\\/schema.org\",\"@graph\":[{\"@type\":\"WebPage\",\"@id\":\"https:\\\/\\\/kidsplay.lt\\\/produktas\\\/classic-world-edu-eko-smelio-deze-smelio-dezes-zaislas\\\/\",\"url\":\"https:\\\/\\\/kidsplay.lt\\\/produktas\\\/classic-world-edu-eko-smelio-deze-smelio-dezes-zaislas\\\/\",\"name\":\"CLASSIC WORLD EDU Eko sm\u0117lio d\u0117\u017e\u0117 Sm\u0117lio d\u0117\u017e\u0117s \u017eaislas\",\"isPartOf\":{\"@id\":\"https:\\\/\\\/kidsplay.lt\\\/#website\"},\"primaryImageOfPage\":{\"@id\":\"https:\\\/\\\/kidsplay.lt\\\/produktas\\\/classic-world-edu-eko-smelio-deze-smelio-dezes-zaislas\\\/#primaryimage\"},\"image\":{\"@id\":\"https:\\\/\\\/kidsplay.lt\\\/produktas\\\/classic-world-edu-eko-smelio-deze-smelio-dezes-zaislas\\\/#primaryimage\"},\"thumbnailUrl\":\"https:\\\/\\\/kidsplay.lt\\\/wp-content\\\/uploads\\\/2025\\\/10\\\/CLASSIC-WORLD-EDU-Eko-smelio-deze-Smelio-dezes-zaislas.jpg\",\"datePublished\":\"2026-02-26T07:11:35+00:00\",\"dateModified\":\"2026-04-13T11:48:15+00:00\",\"description\":\"CLASSIC WORLD EDU Eko sm\u0117lio d\u0117\u017e\u0117 Sm\u0117lio d\u0117\u017e\u0117s \u017eaislas - KidsPlay. Did\u017eiausias vaik\u0173 \u017eaisl\u0173 pasirinkimas.\",\"breadcrumb\":{\"@id\":\"https:\\\/\\\/kidsplay.lt\\\/produktas\\\/classic-world-edu-eko-smelio-deze-smelio-dezes-zaislas\\\/#breadcrumb\"},\"inLanguage\":\"lv-LV\",\"potentialAction\":[{\"@type\":\"ReadAction\",\"target\":[\"https:\\\/\\\/kidsplay.lt\\\/produktas\\\/classic-world-edu-eko-smelio-deze-smelio-dezes-zaislas\\\/\"]}]},{\"@type\":\"ImageObject\",\"inLanguage\":\"lv-LV\",\"@id\":\"https:\\\/\\\/kidsplay.lt\\\/produktas\\\/classic-world-edu-eko-smelio-deze-smelio-dezes-zaislas\\\/#primaryimage\",\"url\":\"https:\\\/\\\/kidsplay.lt\\\/wp-content\\\/uploads\\\/2025\\\/10\\\/CLASSIC-WORLD-EDU-Eko-smelio-deze-Smelio-dezes-zaislas.jpg\",\"contentUrl\":\"https:\\\/\\\/kidsplay.lt\\\/wp-content\\\/uploads\\\/2025\\\/10\\\/CLASSIC-WORLD-EDU-Eko-smelio-deze-Smelio-dezes-zaislas.jpg\",\"width\":2560,\"height\":2560,\"caption\":\"CLASSIC WORLD EDU Eko sm\u0117lio d\u0117\u017e\u0117 Sm\u0117lio d\u0117\u017e\u0117s \u017eaislas\"},{\"@type\":\"BreadcrumbList\",\"@id\":\"https:\\\/\\\/kidsplay.lt\\\/produktas\\\/classic-world-edu-eko-smelio-deze-smelio-dezes-zaislas\\\/#breadcrumb\",\"itemListElement\":[{\"@type\":\"ListItem\",\"position\":1,\"name\":\"Pagrindinis\",\"item\":\"https:\\\/\\\/kidsplay.lt\\\/\"},{\"@type\":\"ListItem\",\"position\":2,\"name\":\"Parduotuv\u0117\",\"item\":\"https:\\\/\\\/kidsplay.lt\\\/parduotuve\\\/\"},{\"@type\":\"ListItem\",\"position\":3,\"name\":\"CLASSIC WORLD EDU Eko sm\u0117lio d\u0117\u017e\u0117 Sm\u0117lio d\u0117\u017e\u0117s \u017eaislas\"}]},{\"@type\":\"WebSite\",\"@id\":\"https:\\\/\\\/kidsplay.lt\\\/#website\",\"url\":\"https:\\\/\\\/kidsplay.lt\\\/\",\"name\":\"Kidsplay.lt\",\"description\":\"\u012evairios prek\u0117s vaikams\",\"publisher\":{\"@id\":\"https:\\\/\\\/kidsplay.lt\\\/#organization\"},\"alternateName\":\"Kidsplay\",\"potentialAction\":[{\"@type\":\"SearchAction\",\"target\":{\"@type\":\"EntryPoint\",\"urlTemplate\":\"https:\\\/\\\/kidsplay.lt\\\/?s={search_term_string}\"},\"query-input\":{\"@type\":\"PropertyValueSpecification\",\"valueRequired\":true,\"valueName\":\"search_term_string\"}}],\"inLanguage\":\"lv-LV\"},{\"@type\":\"Organization\",\"@id\":\"https:\\\/\\\/kidsplay.lt\\\/#organization\",\"name\":\"KidsPlay\",\"url\":\"https:\\\/\\\/kidsplay.lt\\\/\",\"logo\":{\"@type\":\"ImageObject\",\"inLanguage\":\"lv-LV\",\"@id\":\"https:\\\/\\\/kidsplay.lt\\\/#\\\/schema\\\/logo\\\/image\\\/\",\"url\":\"https:\\\/\\\/kidsplay.lt\\\/wp-content\\\/uploads\\\/2023\\\/07\\\/kidsplay-logo.png\",\"contentUrl\":\"https:\\\/\\\/kidsplay.lt\\\/wp-content\\\/uploads\\\/2023\\\/07\\\/kidsplay-logo.png\",\"width\":451,\"height\":98,\"caption\":\"KidsPlay\"},\"image\":{\"@id\":\"https:\\\/\\\/kidsplay.lt\\\/#\\\/schema\\\/logo\\\/image\\\/\"},\"sameAs\":[\"https:\\\/\\\/www.facebook.com\\\/www.kidsplay.lt\"]}]}<\/script>\n<!-- \/ Yoast SEO plugin. -->","yoast_head_json":{"title":"CLASSIC WORLD EDU Eco Sandbox Smil\u0161u kastes rota\u013clieta","description":"CLASSIC WORLD EDU Eko sm\u0117lio d\u0117\u017e\u0117 Sm\u0117lio d\u0117\u017e\u0117s \u017eaislas - KidsPlay. Did\u017eiausias vaik\u0173 \u017eaisl\u0173 pasirinkimas.","robots":{"index":"index","follow":"follow","max-snippet":"max-snippet:-1","max-image-preview":"max-image-preview:large","max-video-preview":"max-video-preview:-1"},"canonical":"https:\/\/kidsplay.lt\/lv\/products\/classic-world-edu-eko-smelio-deze-smelio-dezes-zaislas\/","og_locale":"lv_LV","og_type":"article","og_title":"CLASSIC WORLD EDU Eko sm\u0117lio d\u0117\u017e\u0117 Sm\u0117lio d\u0117\u017e\u0117s \u017eaislas","og_description":"CLASSIC WORLD EDU Eko sm\u0117lio d\u0117\u017e\u0117 Sm\u0117lio d\u0117\u017e\u0117s \u017eaislas - KidsPlay. Did\u017eiausias vaik\u0173 \u017eaisl\u0173 pasirinkimas.","og_url":"https:\/\/kidsplay.lt\/lv\/products\/classic-world-edu-eko-smelio-deze-smelio-dezes-zaislas\/","og_site_name":"KidsPlay","article_publisher":"https:\/\/www.facebook.com\/www.kidsplay.lt","article_modified_time":"2026-04-13T11:48:15+00:00","og_image":[{"width":2560,"height":2560,"url":"https:\/\/kidsplay.lt\/wp-content\/uploads\/2025\/10\/CLASSIC-WORLD-EDU-Eko-smelio-deze-Smelio-dezes-zaislas.jpg","type":"image\/jpeg"}],"twitter_card":"summary_large_image","twitter_misc":{"Est. reading time":"1 min\u016bte"},"schema":{"@context":"https:\/\/schema.org","@graph":[{"@type":"WebPage","@id":"https:\/\/kidsplay.lt\/produktas\/classic-world-edu-eko-smelio-deze-smelio-dezes-zaislas\/","url":"https:\/\/kidsplay.lt\/produktas\/classic-world-edu-eko-smelio-deze-smelio-dezes-zaislas\/","name":"CLASSIC WORLD EDU Eco Sandbox Smil\u0161u kastes rota\u013clieta","isPartOf":{"@id":"https:\/\/kidsplay.lt\/#website"},"primaryImageOfPage":{"@id":"https:\/\/kidsplay.lt\/produktas\/classic-world-edu-eko-smelio-deze-smelio-dezes-zaislas\/#primaryimage"},"image":{"@id":"https:\/\/kidsplay.lt\/produktas\/classic-world-edu-eko-smelio-deze-smelio-dezes-zaislas\/#primaryimage"},"thumbnailUrl":"https:\/\/kidsplay.lt\/wp-content\/uploads\/2025\/10\/CLASSIC-WORLD-EDU-Eko-smelio-deze-Smelio-dezes-zaislas.jpg","datePublished":"2026-02-26T07:11:35+00:00","dateModified":"2026-04-13T11:48:15+00:00","description":"CLASSIC WORLD EDU Eko sm\u0117lio d\u0117\u017e\u0117 Sm\u0117lio d\u0117\u017e\u0117s \u017eaislas - KidsPlay. Did\u017eiausias vaik\u0173 \u017eaisl\u0173 pasirinkimas.","breadcrumb":{"@id":"https:\/\/kidsplay.lt\/produktas\/classic-world-edu-eko-smelio-deze-smelio-dezes-zaislas\/#breadcrumb"},"inLanguage":"lv-LV","potentialAction":[{"@type":"ReadAction","target":["https:\/\/kidsplay.lt\/produktas\/classic-world-edu-eko-smelio-deze-smelio-dezes-zaislas\/"]}]},{"@type":"ImageObject","inLanguage":"lv-LV","@id":"https:\/\/kidsplay.lt\/produktas\/classic-world-edu-eko-smelio-deze-smelio-dezes-zaislas\/#primaryimage","url":"https:\/\/kidsplay.lt\/wp-content\/uploads\/2025\/10\/CLASSIC-WORLD-EDU-Eko-smelio-deze-Smelio-dezes-zaislas.jpg","contentUrl":"https:\/\/kidsplay.lt\/wp-content\/uploads\/2025\/10\/CLASSIC-WORLD-EDU-Eko-smelio-deze-Smelio-dezes-zaislas.jpg","width":2560,"height":2560,"caption":"CLASSIC WORLD EDU Eko sm\u0117lio d\u0117\u017e\u0117 Sm\u0117lio d\u0117\u017e\u0117s \u017eaislas"},{"@type":"BreadcrumbList","@id":"https:\/\/kidsplay.lt\/produktas\/classic-world-edu-eko-smelio-deze-smelio-dezes-zaislas\/#breadcrumb","itemListElement":[{"@type":"ListItem","position":1,"name":"Pagrindinis","item":"https:\/\/kidsplay.lt\/"},{"@type":"ListItem","position":2,"name":"Parduotuv\u0117","item":"https:\/\/kidsplay.lt\/parduotuve\/"},{"@type":"ListItem","position":3,"name":"CLASSIC WORLD EDU Eko sm\u0117lio d\u0117\u017e\u0117 Sm\u0117lio d\u0117\u017e\u0117s \u017eaislas"}]},{"@type":"WebSite","@id":"https:\/\/kidsplay.lt\/#website","url":"https:\/\/kidsplay.lt\/","name":"B\u0113rnu sp\u0113les.lv","description":"\u012evairios prek\u0117s vaikams","publisher":{"@id":"https:\/\/kidsplay.lt\/#organization"},"alternateName":"Kidsplay","potentialAction":[{"@type":"SearchAction","target":{"@type":"EntryPoint","urlTemplate":"https:\/\/kidsplay.lt\/?s={search_term_string}"},"query-input":{"@type":"PropertyValueSpecification","valueRequired":true,"valueName":"search_term_string"}}],"inLanguage":"lv-LV"},{"@type":"Organization","@id":"https:\/\/kidsplay.lt\/#organization","name":"B\u0113rnu sp\u0113le","url":"https:\/\/kidsplay.lt\/","logo":{"@type":"ImageObject","inLanguage":"lv-LV","@id":"https:\/\/kidsplay.lt\/#\/schema\/logo\/image\/","url":"https:\/\/kidsplay.lt\/wp-content\/uploads\/2023\/07\/kidsplay-logo.png","contentUrl":"https:\/\/kidsplay.lt\/wp-content\/uploads\/2023\/07\/kidsplay-logo.png","width":451,"height":98,"caption":"KidsPlay"},"image":{"@id":"https:\/\/kidsplay.lt\/#\/schema\/logo\/image\/"},"sameAs":["https:\/\/www.facebook.com\/www.kidsplay.lt"]}]}},"_links":{"self":[{"href":"https:\/\/kidsplay.lt\/lv\/wp-json\/wp\/v2\/product\/89265","targetHints":{"allow":["GET"]}}],"collection":[{"href":"https:\/\/kidsplay.lt\/lv\/wp-json\/wp\/v2\/product"}],"about":[{"href":"https:\/\/kidsplay.lt\/lv\/wp-json\/wp\/v2\/types\/product"}],"version-history":[{"count":1,"href":"https:\/\/kidsplay.lt\/lv\/wp-json\/wp\/v2\/product\/89265\/revisions"}],"predecessor-version":[{"id":89266,"href":"https:\/\/kidsplay.lt\/lv\/wp-json\/wp\/v2\/product\/89265\/revisions\/89266"}],"wp:featuredmedia":[{"embeddable":true,"href":"https:\/\/kidsplay.lt\/lv\/wp-json\/wp\/v2\/media\/79062"}],"wp:attachment":[{"href":"https:\/\/kidsplay.lt\/lv\/wp-json\/wp\/v2\/media?parent=89265"}],"wp:term":[{"taxonomy":"product_brand","embeddable":true,"href":"https:\/\/kidsplay.lt\/lv\/wp-json\/wp\/v2\/product_brand?post=89265"},{"taxonomy":"product_cat","embeddable":true,"href":"https:\/\/kidsplay.lt\/lv\/wp-json\/wp\/v2\/product_cat?post=89265"},{"taxonomy":"product_tag","embeddable":true,"href":"https:\/\/kidsplay.lt\/lv\/wp-json\/wp\/v2\/product_tag?post=89265"}],"curies":[{"name":"wp","href":"https:\/\/api.w.org\/{rel}","templated":true}]}}