{"id":89267,"date":"2026-02-26T09:11:37","date_gmt":"2026-02-26T07:11:37","guid":{"rendered":"https:\/\/kidsplay.lt\/produktas\/falk-super-dumper-priekaba-saviratis-3-7-m\/"},"modified":"2026-04-13T14:48:19","modified_gmt":"2026-04-13T11:48:19","slug":"falk-super-dumper-priekaba-saviratis-3-7-m","status":"publish","type":"product","link":"https:\/\/kidsplay.lt\/lv\/products\/falk-super-dumper-priekaba-saviratis-3-7-m\/","title":{"rendered":"FALK &quot;Super Dumper&quot; piekabe-puspiekabe (3-7 gadi)"},"content":{"rendered":"<p>Tvirta ir funkcionali FALK \u201eSuper Dumper\u201c priekaba suteiks vaik\u0173 \u017eaidimams dar daugiau galios ir tikrovi\u0161kumo. Ji visi\u0161kai suderinama su visais FALK traktoriais, skirtais 3\u20137 met\u0173 vaikams, tod\u0117l ma\u017eieji gali lengvai i\u0161pl\u0117sti savo \u016bkio ar statyb\u0173 technikos park\u0105.<\/p>\n<p>Auk\u0161tos kokyb\u0117s med\u017eiagos u\u017etikrina ilgaam\u017ei\u0161kum\u0105, o speciali apsaugin\u0117 pakreipimo blokada leid\u017eia saugiai naudoti priekab\u0105 net intensyviai \u017eaid\u017eiant lauke. Tai puikus pasirinkimas ma\u017eiesiems statybininkams, kurie m\u0117gsta ve\u017eti, krauti ir kurti savo nuotykius kieme.<\/p>\n<p>Raksturojums<\/p>\n<p> \tSkirta vaikams nuo 3 iki 7 met\u0173<br \/>\n \tMatmenys: 87 \u00d7 49 \u00d7 48 cm<br \/>\n \tSuderinama su visais FALK traktoriais \u0161iai am\u017eiaus grupei<br \/>\n \tTvirta konstrukcija i\u0161 auk\u0161tos kokyb\u0117s med\u017eiag\u0173<br \/>\n \tApsaugin\u0117 pakreipimo blokada saugiam naudojimui<br \/>\n \tPuikiai tinka \u017eaidimams lauke, \u016bkyje ar statyb\u0173 tematikos \u017eaidimuose<\/p>","protected":false},"excerpt":{"rendered":"<p>Tvirta ir funkcionali FALK \u201eSuper Dumper\u201c priekaba suteiks vaik\u0173 \u017eaidimams dar daugiau galios ir tikrovi\u0161kumo. Ji visi\u0161kai suderinama su visais<\/p>","protected":false},"featured_media":89269,"template":"","meta":{"_acf_changed":false,"_glsr_average":0,"_glsr_ranking":0,"_glsr_reviews":0},"product_brand":[],"product_cat":[237,433],"product_tag":[],"class_list":{"0":"post-89267","1":"product","2":"type-product","3":"status-publish","4":"has-post-thumbnail","6":"product_cat-judejimo-priemones","7":"product_cat-priedai-judejimo-priemones","8":"\"style=\"background-color: #2ecc711c;\"","10":"first","11":"instock","12":"purchasable","13":"product-type-simple"},"acf":[],"yoast_head":"<!-- This site is optimized with the Yoast SEO plugin v27.4 - https:\/\/yoast.com\/product\/yoast-seo-wordpress\/ -->\n<title>FALK \u201eSuper Dumper\u201c priekaba\u2013saviratis (3\u20137 m.)<\/title>\n<meta name=\"description\" content=\"FALK \u201eSuper Dumper\u201c priekaba\u2013saviratis (3\u20137 m.) - KidsPlay. Did\u017eiausias vaik\u0173 \u017eaisl\u0173 pasirinkimas.\" \/>\n<meta name=\"robots\" content=\"index, follow, max-snippet:-1, max-image-preview:large, max-video-preview:-1\" \/>\n<link rel=\"canonical\" href=\"https:\/\/kidsplay.lt\/lv\/products\/falk-super-dumper-priekaba-saviratis-3-7-m\/\" \/>\n<meta property=\"og:locale\" content=\"lv_LV\" \/>\n<meta property=\"og:type\" content=\"article\" \/>\n<meta property=\"og:title\" content=\"FALK \u201eSuper Dumper\u201c priekaba\u2013saviratis (3\u20137 m.)\" \/>\n<meta property=\"og:description\" content=\"FALK \u201eSuper Dumper\u201c priekaba\u2013saviratis (3\u20137 m.) - KidsPlay. Did\u017eiausias vaik\u0173 \u017eaisl\u0173 pasirinkimas.\" \/>\n<meta property=\"og:url\" content=\"https:\/\/kidsplay.lt\/lv\/products\/falk-super-dumper-priekaba-saviratis-3-7-m\/\" \/>\n<meta property=\"og:site_name\" content=\"KidsPlay\" \/>\n<meta property=\"article:publisher\" content=\"https:\/\/www.facebook.com\/www.kidsplay.lt\" \/>\n<meta property=\"article:modified_time\" content=\"2026-04-13T11:48:19+00:00\" \/>\n<meta property=\"og:image\" content=\"https:\/\/kidsplay.lt\/wp-content\/uploads\/2026\/02\/FALK-\u201eSuper-Dumper-priekaba\u2013saviratis-3\u20137-m.jpg\" \/>\n\t<meta property=\"og:image:width\" content=\"1000\" \/>\n\t<meta property=\"og:image:height\" content=\"1000\" \/>\n\t<meta property=\"og:image:type\" content=\"image\/jpeg\" \/>\n<meta name=\"twitter:card\" content=\"summary_large_image\" \/>\n<meta name=\"twitter:label1\" content=\"Est. reading time\" \/>\n\t<meta name=\"twitter:data1\" content=\"1 min\u016bte\" \/>\n<script type=\"application\/ld+json\" class=\"yoast-schema-graph\">{\"@context\":\"https:\\\/\\\/schema.org\",\"@graph\":[{\"@type\":\"WebPage\",\"@id\":\"https:\\\/\\\/kidsplay.lt\\\/produktas\\\/falk-super-dumper-priekaba-saviratis-3-7-m\\\/\",\"url\":\"https:\\\/\\\/kidsplay.lt\\\/produktas\\\/falk-super-dumper-priekaba-saviratis-3-7-m\\\/\",\"name\":\"FALK \u201eSuper Dumper\u201c priekaba\u2013saviratis (3\u20137 m.)\",\"isPartOf\":{\"@id\":\"https:\\\/\\\/kidsplay.lt\\\/#website\"},\"primaryImageOfPage\":{\"@id\":\"https:\\\/\\\/kidsplay.lt\\\/produktas\\\/falk-super-dumper-priekaba-saviratis-3-7-m\\\/#primaryimage\"},\"image\":{\"@id\":\"https:\\\/\\\/kidsplay.lt\\\/produktas\\\/falk-super-dumper-priekaba-saviratis-3-7-m\\\/#primaryimage\"},\"thumbnailUrl\":\"https:\\\/\\\/kidsplay.lt\\\/wp-content\\\/uploads\\\/2026\\\/02\\\/FALK-\u201eSuper-Dumper-priekaba\u2013saviratis-3\u20137-m.jpg\",\"datePublished\":\"2026-02-26T07:11:37+00:00\",\"dateModified\":\"2026-04-13T11:48:19+00:00\",\"description\":\"FALK \u201eSuper Dumper\u201c priekaba\u2013saviratis (3\u20137 m.) - KidsPlay. Did\u017eiausias vaik\u0173 \u017eaisl\u0173 pasirinkimas.\",\"breadcrumb\":{\"@id\":\"https:\\\/\\\/kidsplay.lt\\\/produktas\\\/falk-super-dumper-priekaba-saviratis-3-7-m\\\/#breadcrumb\"},\"inLanguage\":\"lv-LV\",\"potentialAction\":[{\"@type\":\"ReadAction\",\"target\":[\"https:\\\/\\\/kidsplay.lt\\\/produktas\\\/falk-super-dumper-priekaba-saviratis-3-7-m\\\/\"]}]},{\"@type\":\"ImageObject\",\"inLanguage\":\"lv-LV\",\"@id\":\"https:\\\/\\\/kidsplay.lt\\\/produktas\\\/falk-super-dumper-priekaba-saviratis-3-7-m\\\/#primaryimage\",\"url\":\"https:\\\/\\\/kidsplay.lt\\\/wp-content\\\/uploads\\\/2026\\\/02\\\/FALK-\u201eSuper-Dumper-priekaba\u2013saviratis-3\u20137-m.jpg\",\"contentUrl\":\"https:\\\/\\\/kidsplay.lt\\\/wp-content\\\/uploads\\\/2026\\\/02\\\/FALK-\u201eSuper-Dumper-priekaba\u2013saviratis-3\u20137-m.jpg\",\"width\":1000,\"height\":1000,\"caption\":\"FALK \u201eSuper Dumper\u201c priekaba\u2013saviratis (3\u20137 m.)\"},{\"@type\":\"BreadcrumbList\",\"@id\":\"https:\\\/\\\/kidsplay.lt\\\/produktas\\\/falk-super-dumper-priekaba-saviratis-3-7-m\\\/#breadcrumb\",\"itemListElement\":[{\"@type\":\"ListItem\",\"position\":1,\"name\":\"Pagrindinis\",\"item\":\"https:\\\/\\\/kidsplay.lt\\\/\"},{\"@type\":\"ListItem\",\"position\":2,\"name\":\"Parduotuv\u0117\",\"item\":\"https:\\\/\\\/kidsplay.lt\\\/parduotuve\\\/\"},{\"@type\":\"ListItem\",\"position\":3,\"name\":\"FALK \u201eSuper Dumper\u201c priekaba\u2013saviratis (3\u20137 m.)\"}]},{\"@type\":\"WebSite\",\"@id\":\"https:\\\/\\\/kidsplay.lt\\\/#website\",\"url\":\"https:\\\/\\\/kidsplay.lt\\\/\",\"name\":\"Kidsplay.lt\",\"description\":\"\u012evairios prek\u0117s vaikams\",\"publisher\":{\"@id\":\"https:\\\/\\\/kidsplay.lt\\\/#organization\"},\"alternateName\":\"Kidsplay\",\"potentialAction\":[{\"@type\":\"SearchAction\",\"target\":{\"@type\":\"EntryPoint\",\"urlTemplate\":\"https:\\\/\\\/kidsplay.lt\\\/?s={search_term_string}\"},\"query-input\":{\"@type\":\"PropertyValueSpecification\",\"valueRequired\":true,\"valueName\":\"search_term_string\"}}],\"inLanguage\":\"lv-LV\"},{\"@type\":\"Organization\",\"@id\":\"https:\\\/\\\/kidsplay.lt\\\/#organization\",\"name\":\"KidsPlay\",\"url\":\"https:\\\/\\\/kidsplay.lt\\\/\",\"logo\":{\"@type\":\"ImageObject\",\"inLanguage\":\"lv-LV\",\"@id\":\"https:\\\/\\\/kidsplay.lt\\\/#\\\/schema\\\/logo\\\/image\\\/\",\"url\":\"https:\\\/\\\/kidsplay.lt\\\/wp-content\\\/uploads\\\/2023\\\/07\\\/kidsplay-logo.png\",\"contentUrl\":\"https:\\\/\\\/kidsplay.lt\\\/wp-content\\\/uploads\\\/2023\\\/07\\\/kidsplay-logo.png\",\"width\":451,\"height\":98,\"caption\":\"KidsPlay\"},\"image\":{\"@id\":\"https:\\\/\\\/kidsplay.lt\\\/#\\\/schema\\\/logo\\\/image\\\/\"},\"sameAs\":[\"https:\\\/\\\/www.facebook.com\\\/www.kidsplay.lt\"]}]}<\/script>\n<!-- \/ Yoast SEO plugin. -->","yoast_head_json":{"title":"FALK &quot;Super Dumper&quot; piekabe-puspiekabe (3-7 gadi)","description":"FALK \u201eSuper Dumper\u201c priekaba\u2013saviratis (3\u20137 m.) - KidsPlay. Did\u017eiausias vaik\u0173 \u017eaisl\u0173 pasirinkimas.","robots":{"index":"index","follow":"follow","max-snippet":"max-snippet:-1","max-image-preview":"max-image-preview:large","max-video-preview":"max-video-preview:-1"},"canonical":"https:\/\/kidsplay.lt\/lv\/products\/falk-super-dumper-priekaba-saviratis-3-7-m\/","og_locale":"lv_LV","og_type":"article","og_title":"FALK \u201eSuper Dumper\u201c priekaba\u2013saviratis (3\u20137 m.)","og_description":"FALK \u201eSuper Dumper\u201c priekaba\u2013saviratis (3\u20137 m.) - KidsPlay. Did\u017eiausias vaik\u0173 \u017eaisl\u0173 pasirinkimas.","og_url":"https:\/\/kidsplay.lt\/lv\/products\/falk-super-dumper-priekaba-saviratis-3-7-m\/","og_site_name":"KidsPlay","article_publisher":"https:\/\/www.facebook.com\/www.kidsplay.lt","article_modified_time":"2026-04-13T11:48:19+00:00","og_image":[{"width":1000,"height":1000,"url":"https:\/\/kidsplay.lt\/wp-content\/uploads\/2026\/02\/FALK-\u201eSuper-Dumper-priekaba\u2013saviratis-3\u20137-m.jpg","type":"image\/jpeg"}],"twitter_card":"summary_large_image","twitter_misc":{"Est. reading time":"1 min\u016bte"},"schema":{"@context":"https:\/\/schema.org","@graph":[{"@type":"WebPage","@id":"https:\/\/kidsplay.lt\/produktas\/falk-super-dumper-priekaba-saviratis-3-7-m\/","url":"https:\/\/kidsplay.lt\/produktas\/falk-super-dumper-priekaba-saviratis-3-7-m\/","name":"FALK &quot;Super Dumper&quot; piekabe-puspiekabe (3-7 gadi)","isPartOf":{"@id":"https:\/\/kidsplay.lt\/#website"},"primaryImageOfPage":{"@id":"https:\/\/kidsplay.lt\/produktas\/falk-super-dumper-priekaba-saviratis-3-7-m\/#primaryimage"},"image":{"@id":"https:\/\/kidsplay.lt\/produktas\/falk-super-dumper-priekaba-saviratis-3-7-m\/#primaryimage"},"thumbnailUrl":"https:\/\/kidsplay.lt\/wp-content\/uploads\/2026\/02\/FALK-\u201eSuper-Dumper-priekaba\u2013saviratis-3\u20137-m.jpg","datePublished":"2026-02-26T07:11:37+00:00","dateModified":"2026-04-13T11:48:19+00:00","description":"FALK \u201eSuper Dumper\u201c priekaba\u2013saviratis (3\u20137 m.) - KidsPlay. Did\u017eiausias vaik\u0173 \u017eaisl\u0173 pasirinkimas.","breadcrumb":{"@id":"https:\/\/kidsplay.lt\/produktas\/falk-super-dumper-priekaba-saviratis-3-7-m\/#breadcrumb"},"inLanguage":"lv-LV","potentialAction":[{"@type":"ReadAction","target":["https:\/\/kidsplay.lt\/produktas\/falk-super-dumper-priekaba-saviratis-3-7-m\/"]}]},{"@type":"ImageObject","inLanguage":"lv-LV","@id":"https:\/\/kidsplay.lt\/produktas\/falk-super-dumper-priekaba-saviratis-3-7-m\/#primaryimage","url":"https:\/\/kidsplay.lt\/wp-content\/uploads\/2026\/02\/FALK-\u201eSuper-Dumper-priekaba\u2013saviratis-3\u20137-m.jpg","contentUrl":"https:\/\/kidsplay.lt\/wp-content\/uploads\/2026\/02\/FALK-\u201eSuper-Dumper-priekaba\u2013saviratis-3\u20137-m.jpg","width":1000,"height":1000,"caption":"FALK \u201eSuper Dumper\u201c priekaba\u2013saviratis (3\u20137 m.)"},{"@type":"BreadcrumbList","@id":"https:\/\/kidsplay.lt\/produktas\/falk-super-dumper-priekaba-saviratis-3-7-m\/#breadcrumb","itemListElement":[{"@type":"ListItem","position":1,"name":"Pagrindinis","item":"https:\/\/kidsplay.lt\/"},{"@type":"ListItem","position":2,"name":"Parduotuv\u0117","item":"https:\/\/kidsplay.lt\/parduotuve\/"},{"@type":"ListItem","position":3,"name":"FALK \u201eSuper Dumper\u201c priekaba\u2013saviratis (3\u20137 m.)"}]},{"@type":"WebSite","@id":"https:\/\/kidsplay.lt\/#website","url":"https:\/\/kidsplay.lt\/","name":"B\u0113rnu sp\u0113les.lv","description":"\u012evairios prek\u0117s vaikams","publisher":{"@id":"https:\/\/kidsplay.lt\/#organization"},"alternateName":"Kidsplay","potentialAction":[{"@type":"SearchAction","target":{"@type":"EntryPoint","urlTemplate":"https:\/\/kidsplay.lt\/?s={search_term_string}"},"query-input":{"@type":"PropertyValueSpecification","valueRequired":true,"valueName":"search_term_string"}}],"inLanguage":"lv-LV"},{"@type":"Organization","@id":"https:\/\/kidsplay.lt\/#organization","name":"B\u0113rnu sp\u0113le","url":"https:\/\/kidsplay.lt\/","logo":{"@type":"ImageObject","inLanguage":"lv-LV","@id":"https:\/\/kidsplay.lt\/#\/schema\/logo\/image\/","url":"https:\/\/kidsplay.lt\/wp-content\/uploads\/2023\/07\/kidsplay-logo.png","contentUrl":"https:\/\/kidsplay.lt\/wp-content\/uploads\/2023\/07\/kidsplay-logo.png","width":451,"height":98,"caption":"KidsPlay"},"image":{"@id":"https:\/\/kidsplay.lt\/#\/schema\/logo\/image\/"},"sameAs":["https:\/\/www.facebook.com\/www.kidsplay.lt"]}]}},"_links":{"self":[{"href":"https:\/\/kidsplay.lt\/lv\/wp-json\/wp\/v2\/product\/89267","targetHints":{"allow":["GET"]}}],"collection":[{"href":"https:\/\/kidsplay.lt\/lv\/wp-json\/wp\/v2\/product"}],"about":[{"href":"https:\/\/kidsplay.lt\/lv\/wp-json\/wp\/v2\/types\/product"}],"version-history":[{"count":1,"href":"https:\/\/kidsplay.lt\/lv\/wp-json\/wp\/v2\/product\/89267\/revisions"}],"predecessor-version":[{"id":89268,"href":"https:\/\/kidsplay.lt\/lv\/wp-json\/wp\/v2\/product\/89267\/revisions\/89268"}],"wp:featuredmedia":[{"embeddable":true,"href":"https:\/\/kidsplay.lt\/lv\/wp-json\/wp\/v2\/media\/89269"}],"wp:attachment":[{"href":"https:\/\/kidsplay.lt\/lv\/wp-json\/wp\/v2\/media?parent=89267"}],"wp:term":[{"taxonomy":"product_brand","embeddable":true,"href":"https:\/\/kidsplay.lt\/lv\/wp-json\/wp\/v2\/product_brand?post=89267"},{"taxonomy":"product_cat","embeddable":true,"href":"https:\/\/kidsplay.lt\/lv\/wp-json\/wp\/v2\/product_cat?post=89267"},{"taxonomy":"product_tag","embeddable":true,"href":"https:\/\/kidsplay.lt\/lv\/wp-json\/wp\/v2\/product_tag?post=89267"}],"curies":[{"name":"wp","href":"https:\/\/api.w.org\/{rel}","templated":true}]}}