{"id":89276,"date":"2026-02-26T09:11:53","date_gmt":"2026-02-26T07:11:53","guid":{"rendered":"https:\/\/kidsplay.lt\/produktas\/woopie-magnetine-spalvota-zymeklio-lenta-2-dinozauru-antspaudai\/"},"modified":"2026-03-10T17:30:13","modified_gmt":"2026-03-10T15:30:13","slug":"woopie-magnetine-spalvota-zymeklio-lenta-2-dinozauru-antspaudai","status":"publish","type":"product","link":"https:\/\/kidsplay.lt\/lv\/products\/woopie-magnetine-spalvota-zymeklio-lenta-2-dinozauru-antspaudai\/","title":{"rendered":"WOOPIE magn\u0113tisk\u0101 kr\u0101sain\u0101 mar\u0137iera t\u0101fele + 2 dinozauru z\u012bmogi"},"content":{"rendered":"<p>\u201eWoopie\u201c\u00a0magnetin\u0117\u00a0ra\u0161ymo lenta\u00a0\u00a0yra novatori\u0161kas edukacinis \u017eaislas, kuris unikaliai k\u016brybi\u0161kai derina mokym\u0105si ir \u017eaidim\u0105. Unikaliame dizaine pavaizduotas mielas, didel\u0117mis akimis dinozauras, skatinantis aktyv\u0173 \u017eaidim\u0105. Lenta leid\u017eia\u00a0pie\u0161ti be netvarkos\u00a0, nereikia popieriaus, ra\u0161alo ar da\u017e\u0173. Tai puikus sprendimas t\u0117vams, kurie vertina \u0161var\u0105 ir patogum\u0105, ir begalini\u0173 pramog\u0173 \u0161altinis vaikams! Spalvingas magnetinis pavir\u0161ius leid\u017eia vaikams pie\u0161ti \u012fvairi\u0173 spalv\u0173 pie\u0161inius. Tiesiog pastumkite slankikl\u012f, kad vienu judesiu i\u0161valytum\u0117te vis\u0105 lent\u0105 ir prad\u0117tum\u0117te pramogas i\u0161 naujo. Pridedamas magnetinis \u017eymeklis ir\u00a0du leten\u0117l\u0117s formos antspaudai\u00a0\u00a0suteikia daugyb\u0119 galimybi\u0173 kurti smagias iliustracijas ir ra\u0161tus. Magnetin\u0117 lenta yra puiki priemon\u0117 lavinti rankinius \u012fg\u016bd\u017eius, vaizduot\u0119 ir k\u016brybi\u0161kum\u0105. Tai taip pat puikus b\u016bdas supa\u017eindinti vaikus su ra\u0161ymu ir form\u0173 pie\u0161imu. Visa tai patogioje, lengvoje ir saugioje pakuot\u0117je, kuri\u0105 vaikai gali pasiimti bet kur \u2013 \u012f dar\u017eel\u012f, atostogas ar aplankyti seneli\u0173.<\/p>\n<p>Rakstur\u012bgs:<\/p>\n<p> \t&#8211; \u017daislas vaikams\u00a0nuo 3 met\u0173 am\u017eiaus<br \/>\n \t&#8211;\u00a0\u00a0Spalvinga pie\u0161imo lenta\u00a0su magnetiniu ekranu<br \/>\n \t&#8211;\u00a0\u00a0Dizainas \u012fkv\u0117ptas mielo dinozauro\u00a0\u2013 skatina \u017eaisti<br \/>\n \t&#8211;\u00a0\u00a0Saugus magnetinis \u017eymeklis,\u00a0pritvirtintas prie lentos, visada po ranka<br \/>\n \t&#8211;\u00a0\u00a0Ekologi\u0161kas ir daugkartinio naudojimo\u00a0\u2013 nereikia popieriaus, ra\u0161alo ar baterij\u0173<br \/>\n \t&#8211;\u00a0 Lent\u0105\u00a0lengva valyti\u00a0slankikliu<br \/>\n \t&#8211;\u00a0\u00a0Saug\u016bs, u\u017eapvalinti kra\u0161tai\u00a0ir med\u017eiagos<br \/>\n \t&#8211;\u00a0\u00a0Puikiai tinka \u017eaisti namuose ir keliaujant\u00a0&#8211; lengvas ir patogus<\/p>\n<p>Komplekt\u0101 ietilpst:<\/p>\n<p> \t&#8211; 1x magnetin\u0117 lenta<br \/>\n \t&#8211; 1x magnetinis ra\u0161iklis<br \/>\n \t&#8211; 2 pa\u0161to \u017eenklai<\/p>\n<p>Rota\u013clieta att\u012bst\u0101s:<\/p>\n<p> \t&#8211; k\u016brybi\u0161kumas<br \/>\n \t&#8211; meniniai geb\u0117jimai<br \/>\n \t&#8211; judesi\u0173 tikslumas ir koordinacija<br \/>\n \t&#8211; smulkiosios motorikos \u012fg\u016bd\u017eiai<br \/>\n \t&#8211; koncentracija<\/p>\n<p>Gaminio matmenys: 34 x 25,5 x 3,5 (cm)<\/p>\n<p>Pakuot\u0117s matmenys: 38 x 29 x 5 (cm)<\/p>","protected":false},"excerpt":{"rendered":"<p>\u201eWoopie\u201c\u00a0magnetin\u0117\u00a0ra\u0161ymo lenta\u00a0\u00a0yra novatori\u0161kas edukacinis \u017eaislas, kuris unikaliai k\u016brybi\u0161kai derina mokym\u0105si ir \u017eaidim\u0105. Unikaliame dizaine pavaizduotas mielas, didel\u0117mis akimis dinozauras, skatinantis<\/p>","protected":false},"featured_media":79082,"template":"","meta":{"_acf_changed":false,"_glsr_average":0,"_glsr_ranking":0,"_glsr_reviews":0},"product_brand":[],"product_cat":[388,229],"product_tag":[],"class_list":{"0":"post-89276","1":"product","2":"type-product","3":"status-publish","4":"has-post-thumbnail","6":"product_cat-edukaciniai-lavinamieji-zaislai","7":"product_cat-zaislai-vaikams","8":"\"style=\"background-color: #2ecc711c;\"","10":"first","11":"outofstock","12":"purchasable","13":"product-type-simple"},"acf":[],"yoast_head":"<!-- This site is optimized with the Yoast SEO plugin v27.3 - https:\/\/yoast.com\/product\/yoast-seo-wordpress\/ -->\n<title>WOOPIE magnetin\u0117 spalvota \u017eymeklio lenta + 2 dinozaur\u0173 antspaudai<\/title>\n<meta name=\"description\" content=\"WOOPIE magnetin\u0117 spalvota \u017eymeklio lenta + 2 dinozaur\u0173 antspaudai - KidsPlay. Did\u017eiausias vaik\u0173 \u017eaisl\u0173 pasirinkimas.\" \/>\n<meta name=\"robots\" content=\"index, follow, max-snippet:-1, max-image-preview:large, max-video-preview:-1\" \/>\n<link rel=\"canonical\" href=\"https:\/\/kidsplay.lt\/lv\/products\/woopie-magnetine-spalvota-zymeklio-lenta-2-dinozauru-antspaudai\/\" \/>\n<meta property=\"og:locale\" content=\"lv_LV\" \/>\n<meta property=\"og:type\" content=\"article\" \/>\n<meta property=\"og:title\" content=\"WOOPIE magnetin\u0117 spalvota \u017eymeklio lenta + 2 dinozaur\u0173 antspaudai\" \/>\n<meta property=\"og:description\" content=\"WOOPIE magnetin\u0117 spalvota \u017eymeklio lenta + 2 dinozaur\u0173 antspaudai - KidsPlay. Did\u017eiausias vaik\u0173 \u017eaisl\u0173 pasirinkimas.\" \/>\n<meta property=\"og:url\" content=\"https:\/\/kidsplay.lt\/lv\/products\/woopie-magnetine-spalvota-zymeklio-lenta-2-dinozauru-antspaudai\/\" \/>\n<meta property=\"og:site_name\" content=\"KidsPlay\" \/>\n<meta property=\"article:publisher\" content=\"https:\/\/www.facebook.com\/www.kidsplay.lt\" \/>\n<meta property=\"article:modified_time\" content=\"2026-03-10T15:30:13+00:00\" \/>\n<meta property=\"og:image\" content=\"https:\/\/kidsplay.lt\/wp-content\/uploads\/2025\/10\/WOOPIE-magnetine-spalvota-zymeklio-lenta-2-dinozauru-antspaudai-800x800.jpg\" \/>\n\t<meta property=\"og:image:width\" content=\"800\" \/>\n\t<meta property=\"og:image:height\" content=\"800\" \/>\n\t<meta property=\"og:image:type\" content=\"image\/png\" \/>\n<meta name=\"twitter:card\" content=\"summary_large_image\" \/>\n<meta name=\"twitter:label1\" content=\"Est. reading time\" \/>\n\t<meta name=\"twitter:data1\" content=\"1 min\u016bte\" \/>\n<script type=\"application\/ld+json\" class=\"yoast-schema-graph\">{\"@context\":\"https:\\\/\\\/schema.org\",\"@graph\":[{\"@type\":\"WebPage\",\"@id\":\"https:\\\/\\\/kidsplay.lt\\\/produktas\\\/woopie-magnetine-spalvota-zymeklio-lenta-2-dinozauru-antspaudai\\\/\",\"url\":\"https:\\\/\\\/kidsplay.lt\\\/produktas\\\/woopie-magnetine-spalvota-zymeklio-lenta-2-dinozauru-antspaudai\\\/\",\"name\":\"WOOPIE magnetin\u0117 spalvota \u017eymeklio lenta + 2 dinozaur\u0173 antspaudai\",\"isPartOf\":{\"@id\":\"https:\\\/\\\/kidsplay.lt\\\/#website\"},\"primaryImageOfPage\":{\"@id\":\"https:\\\/\\\/kidsplay.lt\\\/produktas\\\/woopie-magnetine-spalvota-zymeklio-lenta-2-dinozauru-antspaudai\\\/#primaryimage\"},\"image\":{\"@id\":\"https:\\\/\\\/kidsplay.lt\\\/produktas\\\/woopie-magnetine-spalvota-zymeklio-lenta-2-dinozauru-antspaudai\\\/#primaryimage\"},\"thumbnailUrl\":\"https:\\\/\\\/kidsplay.lt\\\/wp-content\\\/uploads\\\/2025\\\/10\\\/WOOPIE-magnetine-spalvota-zymeklio-lenta-2-dinozauru-antspaudai.jpg\",\"datePublished\":\"2026-02-26T07:11:53+00:00\",\"dateModified\":\"2026-03-10T15:30:13+00:00\",\"description\":\"WOOPIE magnetin\u0117 spalvota \u017eymeklio lenta + 2 dinozaur\u0173 antspaudai - KidsPlay. Did\u017eiausias vaik\u0173 \u017eaisl\u0173 pasirinkimas.\",\"breadcrumb\":{\"@id\":\"https:\\\/\\\/kidsplay.lt\\\/produktas\\\/woopie-magnetine-spalvota-zymeklio-lenta-2-dinozauru-antspaudai\\\/#breadcrumb\"},\"inLanguage\":\"lv-LV\",\"potentialAction\":[{\"@type\":\"ReadAction\",\"target\":[\"https:\\\/\\\/kidsplay.lt\\\/produktas\\\/woopie-magnetine-spalvota-zymeklio-lenta-2-dinozauru-antspaudai\\\/\"]}]},{\"@type\":\"ImageObject\",\"inLanguage\":\"lv-LV\",\"@id\":\"https:\\\/\\\/kidsplay.lt\\\/produktas\\\/woopie-magnetine-spalvota-zymeklio-lenta-2-dinozauru-antspaudai\\\/#primaryimage\",\"url\":\"https:\\\/\\\/kidsplay.lt\\\/wp-content\\\/uploads\\\/2025\\\/10\\\/WOOPIE-magnetine-spalvota-zymeklio-lenta-2-dinozauru-antspaudai.jpg\",\"contentUrl\":\"https:\\\/\\\/kidsplay.lt\\\/wp-content\\\/uploads\\\/2025\\\/10\\\/WOOPIE-magnetine-spalvota-zymeklio-lenta-2-dinozauru-antspaudai.jpg\",\"width\":2560,\"height\":2560,\"caption\":\"WOOPIE magnetin\u0117 spalvota \u017eymeklio lenta + 2 dinozaur\u0173 antspaudai\"},{\"@type\":\"BreadcrumbList\",\"@id\":\"https:\\\/\\\/kidsplay.lt\\\/produktas\\\/woopie-magnetine-spalvota-zymeklio-lenta-2-dinozauru-antspaudai\\\/#breadcrumb\",\"itemListElement\":[{\"@type\":\"ListItem\",\"position\":1,\"name\":\"Pagrindinis\",\"item\":\"https:\\\/\\\/kidsplay.lt\\\/\"},{\"@type\":\"ListItem\",\"position\":2,\"name\":\"Parduotuv\u0117\",\"item\":\"https:\\\/\\\/kidsplay.lt\\\/parduotuve\\\/\"},{\"@type\":\"ListItem\",\"position\":3,\"name\":\"WOOPIE magnetin\u0117 spalvota \u017eymeklio lenta + 2 dinozaur\u0173 antspaudai\"}]},{\"@type\":\"WebSite\",\"@id\":\"https:\\\/\\\/kidsplay.lt\\\/#website\",\"url\":\"https:\\\/\\\/kidsplay.lt\\\/\",\"name\":\"Kidsplay.lt\",\"description\":\"\u012evairios prek\u0117s vaikams\",\"publisher\":{\"@id\":\"https:\\\/\\\/kidsplay.lt\\\/#organization\"},\"alternateName\":\"Kidsplay\",\"potentialAction\":[{\"@type\":\"SearchAction\",\"target\":{\"@type\":\"EntryPoint\",\"urlTemplate\":\"https:\\\/\\\/kidsplay.lt\\\/?s={search_term_string}\"},\"query-input\":{\"@type\":\"PropertyValueSpecification\",\"valueRequired\":true,\"valueName\":\"search_term_string\"}}],\"inLanguage\":\"lv-LV\"},{\"@type\":\"Organization\",\"@id\":\"https:\\\/\\\/kidsplay.lt\\\/#organization\",\"name\":\"KidsPlay\",\"url\":\"https:\\\/\\\/kidsplay.lt\\\/\",\"logo\":{\"@type\":\"ImageObject\",\"inLanguage\":\"lv-LV\",\"@id\":\"https:\\\/\\\/kidsplay.lt\\\/#\\\/schema\\\/logo\\\/image\\\/\",\"url\":\"https:\\\/\\\/kidsplay.lt\\\/wp-content\\\/uploads\\\/2023\\\/07\\\/kidsplay-logo.png\",\"contentUrl\":\"https:\\\/\\\/kidsplay.lt\\\/wp-content\\\/uploads\\\/2023\\\/07\\\/kidsplay-logo.png\",\"width\":451,\"height\":98,\"caption\":\"KidsPlay\"},\"image\":{\"@id\":\"https:\\\/\\\/kidsplay.lt\\\/#\\\/schema\\\/logo\\\/image\\\/\"},\"sameAs\":[\"https:\\\/\\\/www.facebook.com\\\/www.kidsplay.lt\"]}]}<\/script>\n<!-- \/ Yoast SEO plugin. -->","yoast_head_json":{"title":"WOOPIE magn\u0113tisk\u0101 kr\u0101sain\u0101 mar\u0137iera t\u0101fele + 2 dinozauru z\u012bmogi","description":"WOOPIE magnetin\u0117 spalvota \u017eymeklio lenta + 2 dinozaur\u0173 antspaudai - KidsPlay. Did\u017eiausias vaik\u0173 \u017eaisl\u0173 pasirinkimas.","robots":{"index":"index","follow":"follow","max-snippet":"max-snippet:-1","max-image-preview":"max-image-preview:large","max-video-preview":"max-video-preview:-1"},"canonical":"https:\/\/kidsplay.lt\/lv\/products\/woopie-magnetine-spalvota-zymeklio-lenta-2-dinozauru-antspaudai\/","og_locale":"lv_LV","og_type":"article","og_title":"WOOPIE magnetin\u0117 spalvota \u017eymeklio lenta + 2 dinozaur\u0173 antspaudai","og_description":"WOOPIE magnetin\u0117 spalvota \u017eymeklio lenta + 2 dinozaur\u0173 antspaudai - KidsPlay. Did\u017eiausias vaik\u0173 \u017eaisl\u0173 pasirinkimas.","og_url":"https:\/\/kidsplay.lt\/lv\/products\/woopie-magnetine-spalvota-zymeklio-lenta-2-dinozauru-antspaudai\/","og_site_name":"KidsPlay","article_publisher":"https:\/\/www.facebook.com\/www.kidsplay.lt","article_modified_time":"2026-03-10T15:30:13+00:00","og_image":[{"width":800,"height":800,"url":"https:\/\/kidsplay.lt\/wp-content\/uploads\/2025\/10\/WOOPIE-magnetine-spalvota-zymeklio-lenta-2-dinozauru-antspaudai-800x800.jpg","type":"image\/png"}],"twitter_card":"summary_large_image","twitter_misc":{"Est. reading time":"1 min\u016bte"},"schema":{"@context":"https:\/\/schema.org","@graph":[{"@type":"WebPage","@id":"https:\/\/kidsplay.lt\/produktas\/woopie-magnetine-spalvota-zymeklio-lenta-2-dinozauru-antspaudai\/","url":"https:\/\/kidsplay.lt\/produktas\/woopie-magnetine-spalvota-zymeklio-lenta-2-dinozauru-antspaudai\/","name":"WOOPIE magn\u0113tisk\u0101 kr\u0101sain\u0101 mar\u0137iera t\u0101fele + 2 dinozauru z\u012bmogi","isPartOf":{"@id":"https:\/\/kidsplay.lt\/#website"},"primaryImageOfPage":{"@id":"https:\/\/kidsplay.lt\/produktas\/woopie-magnetine-spalvota-zymeklio-lenta-2-dinozauru-antspaudai\/#primaryimage"},"image":{"@id":"https:\/\/kidsplay.lt\/produktas\/woopie-magnetine-spalvota-zymeklio-lenta-2-dinozauru-antspaudai\/#primaryimage"},"thumbnailUrl":"https:\/\/kidsplay.lt\/wp-content\/uploads\/2025\/10\/WOOPIE-magnetine-spalvota-zymeklio-lenta-2-dinozauru-antspaudai.jpg","datePublished":"2026-02-26T07:11:53+00:00","dateModified":"2026-03-10T15:30:13+00:00","description":"WOOPIE magnetin\u0117 spalvota \u017eymeklio lenta + 2 dinozaur\u0173 antspaudai - KidsPlay. Did\u017eiausias vaik\u0173 \u017eaisl\u0173 pasirinkimas.","breadcrumb":{"@id":"https:\/\/kidsplay.lt\/produktas\/woopie-magnetine-spalvota-zymeklio-lenta-2-dinozauru-antspaudai\/#breadcrumb"},"inLanguage":"lv-LV","potentialAction":[{"@type":"ReadAction","target":["https:\/\/kidsplay.lt\/produktas\/woopie-magnetine-spalvota-zymeklio-lenta-2-dinozauru-antspaudai\/"]}]},{"@type":"ImageObject","inLanguage":"lv-LV","@id":"https:\/\/kidsplay.lt\/produktas\/woopie-magnetine-spalvota-zymeklio-lenta-2-dinozauru-antspaudai\/#primaryimage","url":"https:\/\/kidsplay.lt\/wp-content\/uploads\/2025\/10\/WOOPIE-magnetine-spalvota-zymeklio-lenta-2-dinozauru-antspaudai.jpg","contentUrl":"https:\/\/kidsplay.lt\/wp-content\/uploads\/2025\/10\/WOOPIE-magnetine-spalvota-zymeklio-lenta-2-dinozauru-antspaudai.jpg","width":2560,"height":2560,"caption":"WOOPIE magnetin\u0117 spalvota \u017eymeklio lenta + 2 dinozaur\u0173 antspaudai"},{"@type":"BreadcrumbList","@id":"https:\/\/kidsplay.lt\/produktas\/woopie-magnetine-spalvota-zymeklio-lenta-2-dinozauru-antspaudai\/#breadcrumb","itemListElement":[{"@type":"ListItem","position":1,"name":"Pagrindinis","item":"https:\/\/kidsplay.lt\/"},{"@type":"ListItem","position":2,"name":"Parduotuv\u0117","item":"https:\/\/kidsplay.lt\/parduotuve\/"},{"@type":"ListItem","position":3,"name":"WOOPIE magnetin\u0117 spalvota \u017eymeklio lenta + 2 dinozaur\u0173 antspaudai"}]},{"@type":"WebSite","@id":"https:\/\/kidsplay.lt\/#website","url":"https:\/\/kidsplay.lt\/","name":"B\u0113rnu sp\u0113les.lv","description":"\u012evairios prek\u0117s vaikams","publisher":{"@id":"https:\/\/kidsplay.lt\/#organization"},"alternateName":"Kidsplay","potentialAction":[{"@type":"SearchAction","target":{"@type":"EntryPoint","urlTemplate":"https:\/\/kidsplay.lt\/?s={search_term_string}"},"query-input":{"@type":"PropertyValueSpecification","valueRequired":true,"valueName":"search_term_string"}}],"inLanguage":"lv-LV"},{"@type":"Organization","@id":"https:\/\/kidsplay.lt\/#organization","name":"B\u0113rnu sp\u0113le","url":"https:\/\/kidsplay.lt\/","logo":{"@type":"ImageObject","inLanguage":"lv-LV","@id":"https:\/\/kidsplay.lt\/#\/schema\/logo\/image\/","url":"https:\/\/kidsplay.lt\/wp-content\/uploads\/2023\/07\/kidsplay-logo.png","contentUrl":"https:\/\/kidsplay.lt\/wp-content\/uploads\/2023\/07\/kidsplay-logo.png","width":451,"height":98,"caption":"KidsPlay"},"image":{"@id":"https:\/\/kidsplay.lt\/#\/schema\/logo\/image\/"},"sameAs":["https:\/\/www.facebook.com\/www.kidsplay.lt"]}]}},"_links":{"self":[{"href":"https:\/\/kidsplay.lt\/lv\/wp-json\/wp\/v2\/product\/89276","targetHints":{"allow":["GET"]}}],"collection":[{"href":"https:\/\/kidsplay.lt\/lv\/wp-json\/wp\/v2\/product"}],"about":[{"href":"https:\/\/kidsplay.lt\/lv\/wp-json\/wp\/v2\/types\/product"}],"version-history":[{"count":1,"href":"https:\/\/kidsplay.lt\/lv\/wp-json\/wp\/v2\/product\/89276\/revisions"}],"predecessor-version":[{"id":89277,"href":"https:\/\/kidsplay.lt\/lv\/wp-json\/wp\/v2\/product\/89276\/revisions\/89277"}],"wp:featuredmedia":[{"embeddable":true,"href":"https:\/\/kidsplay.lt\/lv\/wp-json\/wp\/v2\/media\/79082"}],"wp:attachment":[{"href":"https:\/\/kidsplay.lt\/lv\/wp-json\/wp\/v2\/media?parent=89276"}],"wp:term":[{"taxonomy":"product_brand","embeddable":true,"href":"https:\/\/kidsplay.lt\/lv\/wp-json\/wp\/v2\/product_brand?post=89276"},{"taxonomy":"product_cat","embeddable":true,"href":"https:\/\/kidsplay.lt\/lv\/wp-json\/wp\/v2\/product_cat?post=89276"},{"taxonomy":"product_tag","embeddable":true,"href":"https:\/\/kidsplay.lt\/lv\/wp-json\/wp\/v2\/product_tag?post=89276"}],"curies":[{"name":"wp","href":"https:\/\/api.w.org\/{rel}","templated":true}]}}