{"id":89278,"date":"2026-02-26T09:11:55","date_gmt":"2026-02-26T07:11:55","guid":{"rendered":"https:\/\/kidsplay.lt\/produktas\/woopie-sensorinis-zaislas-gryzakas-2in1\/"},"modified":"2026-04-13T14:48:31","modified_gmt":"2026-04-13T11:48:31","slug":"woopie-sensorinis-zaislas-gryzakas-2in1","status":"publish","type":"product","link":"https:\/\/kidsplay.lt\/lv\/products\/woopie-sensorinis-zaislas-gryzakas-2in1\/","title":{"rendered":"Woopie 2in1 sensorisk\u0101 rota\u013clieta-zobi"},"content":{"rendered":"<p>\u0160is spalvingas Woopie sensorinis \u017eaislas 2in1 yra idealus pasirinkimas ma\u017eyliams nuo pirm\u0173j\u0173 gyvenimo dien\u0173, ypa\u010d dygstant dantukams. Mink\u0161tos, ry\u0161kios, lankstomos \u201er\u016brel\u0117s\u201c traukia k\u016bdikio d\u0117mes\u012f, o lengva konstrukcija leid\u017eia patogiai laikyti \u017eaisl\u0105 ma\u017eose rankyt\u0117se.<\/p>\n<p>\u017daislas sukurtas taip, kad b\u016bt\u0173 visi\u0161kai saugus: be a\u0161tri\u0173 briaun\u0173, su mink\u0161tais elementais, kurie gali b\u016bti naudojami kaip gryzakas. Viduje esanti bar\u0161kut\u0117 skatina klaus\u0105, o spalvoti slankiojantys elementai ant lankstom\u0173 kilpeli\u0173 lavina smulki\u0105j\u0105 motorik\u0105 ir pa\u017eintinius \u012fg\u016bd\u017eius.<\/p>\n<p>\u017daisl\u0105 galima laikyti \u0161aldytuve, kad suteikt\u0173 papildom\u0105 palengv\u0117jim\u0105 jautriems dantenoms.<\/p>\n<p>Raksturojums<\/p>\n<p> \tTinka k\u016bdikiams nuo gimimo<br \/>\n \t2in1: gryzakas ir bar\u0161kutis<br \/>\n \tMink\u0161ti, saug\u016bs elementai dantenoms<br \/>\n \tSlankiojantys form\u0173 elementai \u2014 pa\u017eintis su formomis ir tekst\u016bromis<br \/>\n \t\u012evairios tekst\u016bros ir spalvos stimuliuoja poj\u016b\u010dius<br \/>\n \tGalima laikyti \u0161aldytuve papildomam v\u0117sinimui<br \/>\n \tLengva, patogi laikyti konstrukcija<\/p>","protected":false},"excerpt":{"rendered":"<p>\u0160is spalvingas Woopie sensorinis \u017eaislas 2in1 yra idealus pasirinkimas ma\u017eyliams nuo pirm\u0173j\u0173 gyvenimo dien\u0173, ypa\u010d dygstant dantukams. Mink\u0161tos, ry\u0161kios, lankstomos<\/p>","protected":false},"featured_media":89280,"template":"","meta":{"_acf_changed":false,"_glsr_average":0,"_glsr_ranking":0,"_glsr_reviews":0},"product_brand":[],"product_cat":[396,229],"product_tag":[],"class_list":{"0":"post-89278","1":"product","2":"type-product","3":"status-publish","4":"has-post-thumbnail","6":"product_cat-kudikiu-zaislai-vaikams2","7":"product_cat-zaislai-vaikams","8":"\"style=\"background-color: #2ecc711c;\"","10":"first","11":"instock","12":"purchasable","13":"product-type-simple"},"acf":[],"yoast_head":"<!-- This site is optimized with the Yoast SEO plugin v27.4 - https:\/\/yoast.com\/product\/yoast-seo-wordpress\/ -->\n<title>Woopie sensorinis \u017eaislas\u2013gryzakas 2in1<\/title>\n<meta name=\"description\" content=\"Woopie sensorinis \u017eaislas\u2013gryzakas 2in1 - KidsPlay. Did\u017eiausias vaik\u0173 \u017eaisl\u0173 pasirinkimas.\" \/>\n<meta name=\"robots\" content=\"index, follow, max-snippet:-1, max-image-preview:large, max-video-preview:-1\" \/>\n<link rel=\"canonical\" href=\"https:\/\/kidsplay.lt\/lv\/products\/woopie-sensorinis-zaislas-gryzakas-2in1\/\" \/>\n<meta property=\"og:locale\" content=\"lv_LV\" \/>\n<meta property=\"og:type\" content=\"article\" \/>\n<meta property=\"og:title\" content=\"Woopie sensorinis \u017eaislas\u2013gryzakas 2in1\" \/>\n<meta property=\"og:description\" content=\"Woopie sensorinis \u017eaislas\u2013gryzakas 2in1 - KidsPlay. Did\u017eiausias vaik\u0173 \u017eaisl\u0173 pasirinkimas.\" \/>\n<meta property=\"og:url\" content=\"https:\/\/kidsplay.lt\/lv\/products\/woopie-sensorinis-zaislas-gryzakas-2in1\/\" \/>\n<meta property=\"og:site_name\" content=\"KidsPlay\" \/>\n<meta property=\"article:publisher\" content=\"https:\/\/www.facebook.com\/www.kidsplay.lt\" \/>\n<meta property=\"article:modified_time\" content=\"2026-04-13T11:48:31+00:00\" \/>\n<meta property=\"og:image\" content=\"https:\/\/kidsplay.lt\/wp-content\/uploads\/2026\/02\/Woopie-sensorinis-zaislas\u2013gryzakas-2in1.jpg\" \/>\n\t<meta property=\"og:image:width\" content=\"2560\" \/>\n\t<meta property=\"og:image:height\" content=\"2257\" \/>\n\t<meta property=\"og:image:type\" content=\"image\/jpeg\" \/>\n<meta name=\"twitter:card\" content=\"summary_large_image\" \/>\n<meta name=\"twitter:label1\" content=\"Est. reading time\" \/>\n\t<meta name=\"twitter:data1\" content=\"1 min\u016bte\" \/>\n<script type=\"application\/ld+json\" class=\"yoast-schema-graph\">{\"@context\":\"https:\\\/\\\/schema.org\",\"@graph\":[{\"@type\":\"WebPage\",\"@id\":\"https:\\\/\\\/kidsplay.lt\\\/produktas\\\/woopie-sensorinis-zaislas-gryzakas-2in1\\\/\",\"url\":\"https:\\\/\\\/kidsplay.lt\\\/produktas\\\/woopie-sensorinis-zaislas-gryzakas-2in1\\\/\",\"name\":\"Woopie sensorinis \u017eaislas\u2013gryzakas 2in1\",\"isPartOf\":{\"@id\":\"https:\\\/\\\/kidsplay.lt\\\/#website\"},\"primaryImageOfPage\":{\"@id\":\"https:\\\/\\\/kidsplay.lt\\\/produktas\\\/woopie-sensorinis-zaislas-gryzakas-2in1\\\/#primaryimage\"},\"image\":{\"@id\":\"https:\\\/\\\/kidsplay.lt\\\/produktas\\\/woopie-sensorinis-zaislas-gryzakas-2in1\\\/#primaryimage\"},\"thumbnailUrl\":\"https:\\\/\\\/kidsplay.lt\\\/wp-content\\\/uploads\\\/2026\\\/02\\\/Woopie-sensorinis-zaislas\u2013gryzakas-2in1.jpg\",\"datePublished\":\"2026-02-26T07:11:55+00:00\",\"dateModified\":\"2026-04-13T11:48:31+00:00\",\"description\":\"Woopie sensorinis \u017eaislas\u2013gryzakas 2in1 - KidsPlay. Did\u017eiausias vaik\u0173 \u017eaisl\u0173 pasirinkimas.\",\"breadcrumb\":{\"@id\":\"https:\\\/\\\/kidsplay.lt\\\/produktas\\\/woopie-sensorinis-zaislas-gryzakas-2in1\\\/#breadcrumb\"},\"inLanguage\":\"lv-LV\",\"potentialAction\":[{\"@type\":\"ReadAction\",\"target\":[\"https:\\\/\\\/kidsplay.lt\\\/produktas\\\/woopie-sensorinis-zaislas-gryzakas-2in1\\\/\"]}]},{\"@type\":\"ImageObject\",\"inLanguage\":\"lv-LV\",\"@id\":\"https:\\\/\\\/kidsplay.lt\\\/produktas\\\/woopie-sensorinis-zaislas-gryzakas-2in1\\\/#primaryimage\",\"url\":\"https:\\\/\\\/kidsplay.lt\\\/wp-content\\\/uploads\\\/2026\\\/02\\\/Woopie-sensorinis-zaislas\u2013gryzakas-2in1.jpg\",\"contentUrl\":\"https:\\\/\\\/kidsplay.lt\\\/wp-content\\\/uploads\\\/2026\\\/02\\\/Woopie-sensorinis-zaislas\u2013gryzakas-2in1.jpg\",\"width\":2560,\"height\":2257,\"caption\":\"Woopie sensorinis \u017eaislas\u2013gryzakas 2in1\"},{\"@type\":\"BreadcrumbList\",\"@id\":\"https:\\\/\\\/kidsplay.lt\\\/produktas\\\/woopie-sensorinis-zaislas-gryzakas-2in1\\\/#breadcrumb\",\"itemListElement\":[{\"@type\":\"ListItem\",\"position\":1,\"name\":\"Pagrindinis\",\"item\":\"https:\\\/\\\/kidsplay.lt\\\/\"},{\"@type\":\"ListItem\",\"position\":2,\"name\":\"Parduotuv\u0117\",\"item\":\"https:\\\/\\\/kidsplay.lt\\\/parduotuve\\\/\"},{\"@type\":\"ListItem\",\"position\":3,\"name\":\"Woopie sensorinis \u017eaislas\u2013gryzakas 2in1\"}]},{\"@type\":\"WebSite\",\"@id\":\"https:\\\/\\\/kidsplay.lt\\\/#website\",\"url\":\"https:\\\/\\\/kidsplay.lt\\\/\",\"name\":\"Kidsplay.lt\",\"description\":\"\u012evairios prek\u0117s vaikams\",\"publisher\":{\"@id\":\"https:\\\/\\\/kidsplay.lt\\\/#organization\"},\"alternateName\":\"Kidsplay\",\"potentialAction\":[{\"@type\":\"SearchAction\",\"target\":{\"@type\":\"EntryPoint\",\"urlTemplate\":\"https:\\\/\\\/kidsplay.lt\\\/?s={search_term_string}\"},\"query-input\":{\"@type\":\"PropertyValueSpecification\",\"valueRequired\":true,\"valueName\":\"search_term_string\"}}],\"inLanguage\":\"lv-LV\"},{\"@type\":\"Organization\",\"@id\":\"https:\\\/\\\/kidsplay.lt\\\/#organization\",\"name\":\"KidsPlay\",\"url\":\"https:\\\/\\\/kidsplay.lt\\\/\",\"logo\":{\"@type\":\"ImageObject\",\"inLanguage\":\"lv-LV\",\"@id\":\"https:\\\/\\\/kidsplay.lt\\\/#\\\/schema\\\/logo\\\/image\\\/\",\"url\":\"https:\\\/\\\/kidsplay.lt\\\/wp-content\\\/uploads\\\/2023\\\/07\\\/kidsplay-logo.png\",\"contentUrl\":\"https:\\\/\\\/kidsplay.lt\\\/wp-content\\\/uploads\\\/2023\\\/07\\\/kidsplay-logo.png\",\"width\":451,\"height\":98,\"caption\":\"KidsPlay\"},\"image\":{\"@id\":\"https:\\\/\\\/kidsplay.lt\\\/#\\\/schema\\\/logo\\\/image\\\/\"},\"sameAs\":[\"https:\\\/\\\/www.facebook.com\\\/www.kidsplay.lt\"]}]}<\/script>\n<!-- \/ Yoast SEO plugin. -->","yoast_head_json":{"title":"Woopie 2in1 sensorisk\u0101 rota\u013clieta-zobi","description":"Woopie sensorinis \u017eaislas\u2013gryzakas 2in1 - KidsPlay. Did\u017eiausias vaik\u0173 \u017eaisl\u0173 pasirinkimas.","robots":{"index":"index","follow":"follow","max-snippet":"max-snippet:-1","max-image-preview":"max-image-preview:large","max-video-preview":"max-video-preview:-1"},"canonical":"https:\/\/kidsplay.lt\/lv\/products\/woopie-sensorinis-zaislas-gryzakas-2in1\/","og_locale":"lv_LV","og_type":"article","og_title":"Woopie sensorinis \u017eaislas\u2013gryzakas 2in1","og_description":"Woopie sensorinis \u017eaislas\u2013gryzakas 2in1 - KidsPlay. Did\u017eiausias vaik\u0173 \u017eaisl\u0173 pasirinkimas.","og_url":"https:\/\/kidsplay.lt\/lv\/products\/woopie-sensorinis-zaislas-gryzakas-2in1\/","og_site_name":"KidsPlay","article_publisher":"https:\/\/www.facebook.com\/www.kidsplay.lt","article_modified_time":"2026-04-13T11:48:31+00:00","og_image":[{"width":2560,"height":2257,"url":"https:\/\/kidsplay.lt\/wp-content\/uploads\/2026\/02\/Woopie-sensorinis-zaislas\u2013gryzakas-2in1.jpg","type":"image\/jpeg"}],"twitter_card":"summary_large_image","twitter_misc":{"Est. reading time":"1 min\u016bte"},"schema":{"@context":"https:\/\/schema.org","@graph":[{"@type":"WebPage","@id":"https:\/\/kidsplay.lt\/produktas\/woopie-sensorinis-zaislas-gryzakas-2in1\/","url":"https:\/\/kidsplay.lt\/produktas\/woopie-sensorinis-zaislas-gryzakas-2in1\/","name":"Woopie 2in1 sensorisk\u0101 rota\u013clieta-zobi","isPartOf":{"@id":"https:\/\/kidsplay.lt\/#website"},"primaryImageOfPage":{"@id":"https:\/\/kidsplay.lt\/produktas\/woopie-sensorinis-zaislas-gryzakas-2in1\/#primaryimage"},"image":{"@id":"https:\/\/kidsplay.lt\/produktas\/woopie-sensorinis-zaislas-gryzakas-2in1\/#primaryimage"},"thumbnailUrl":"https:\/\/kidsplay.lt\/wp-content\/uploads\/2026\/02\/Woopie-sensorinis-zaislas\u2013gryzakas-2in1.jpg","datePublished":"2026-02-26T07:11:55+00:00","dateModified":"2026-04-13T11:48:31+00:00","description":"Woopie sensorinis \u017eaislas\u2013gryzakas 2in1 - KidsPlay. Did\u017eiausias vaik\u0173 \u017eaisl\u0173 pasirinkimas.","breadcrumb":{"@id":"https:\/\/kidsplay.lt\/produktas\/woopie-sensorinis-zaislas-gryzakas-2in1\/#breadcrumb"},"inLanguage":"lv-LV","potentialAction":[{"@type":"ReadAction","target":["https:\/\/kidsplay.lt\/produktas\/woopie-sensorinis-zaislas-gryzakas-2in1\/"]}]},{"@type":"ImageObject","inLanguage":"lv-LV","@id":"https:\/\/kidsplay.lt\/produktas\/woopie-sensorinis-zaislas-gryzakas-2in1\/#primaryimage","url":"https:\/\/kidsplay.lt\/wp-content\/uploads\/2026\/02\/Woopie-sensorinis-zaislas\u2013gryzakas-2in1.jpg","contentUrl":"https:\/\/kidsplay.lt\/wp-content\/uploads\/2026\/02\/Woopie-sensorinis-zaislas\u2013gryzakas-2in1.jpg","width":2560,"height":2257,"caption":"Woopie sensorinis \u017eaislas\u2013gryzakas 2in1"},{"@type":"BreadcrumbList","@id":"https:\/\/kidsplay.lt\/produktas\/woopie-sensorinis-zaislas-gryzakas-2in1\/#breadcrumb","itemListElement":[{"@type":"ListItem","position":1,"name":"Pagrindinis","item":"https:\/\/kidsplay.lt\/"},{"@type":"ListItem","position":2,"name":"Parduotuv\u0117","item":"https:\/\/kidsplay.lt\/parduotuve\/"},{"@type":"ListItem","position":3,"name":"Woopie sensorinis \u017eaislas\u2013gryzakas 2in1"}]},{"@type":"WebSite","@id":"https:\/\/kidsplay.lt\/#website","url":"https:\/\/kidsplay.lt\/","name":"B\u0113rnu sp\u0113les.lv","description":"\u012evairios prek\u0117s vaikams","publisher":{"@id":"https:\/\/kidsplay.lt\/#organization"},"alternateName":"Kidsplay","potentialAction":[{"@type":"SearchAction","target":{"@type":"EntryPoint","urlTemplate":"https:\/\/kidsplay.lt\/?s={search_term_string}"},"query-input":{"@type":"PropertyValueSpecification","valueRequired":true,"valueName":"search_term_string"}}],"inLanguage":"lv-LV"},{"@type":"Organization","@id":"https:\/\/kidsplay.lt\/#organization","name":"B\u0113rnu sp\u0113le","url":"https:\/\/kidsplay.lt\/","logo":{"@type":"ImageObject","inLanguage":"lv-LV","@id":"https:\/\/kidsplay.lt\/#\/schema\/logo\/image\/","url":"https:\/\/kidsplay.lt\/wp-content\/uploads\/2023\/07\/kidsplay-logo.png","contentUrl":"https:\/\/kidsplay.lt\/wp-content\/uploads\/2023\/07\/kidsplay-logo.png","width":451,"height":98,"caption":"KidsPlay"},"image":{"@id":"https:\/\/kidsplay.lt\/#\/schema\/logo\/image\/"},"sameAs":["https:\/\/www.facebook.com\/www.kidsplay.lt"]}]}},"_links":{"self":[{"href":"https:\/\/kidsplay.lt\/lv\/wp-json\/wp\/v2\/product\/89278","targetHints":{"allow":["GET"]}}],"collection":[{"href":"https:\/\/kidsplay.lt\/lv\/wp-json\/wp\/v2\/product"}],"about":[{"href":"https:\/\/kidsplay.lt\/lv\/wp-json\/wp\/v2\/types\/product"}],"version-history":[{"count":1,"href":"https:\/\/kidsplay.lt\/lv\/wp-json\/wp\/v2\/product\/89278\/revisions"}],"predecessor-version":[{"id":89279,"href":"https:\/\/kidsplay.lt\/lv\/wp-json\/wp\/v2\/product\/89278\/revisions\/89279"}],"wp:featuredmedia":[{"embeddable":true,"href":"https:\/\/kidsplay.lt\/lv\/wp-json\/wp\/v2\/media\/89280"}],"wp:attachment":[{"href":"https:\/\/kidsplay.lt\/lv\/wp-json\/wp\/v2\/media?parent=89278"}],"wp:term":[{"taxonomy":"product_brand","embeddable":true,"href":"https:\/\/kidsplay.lt\/lv\/wp-json\/wp\/v2\/product_brand?post=89278"},{"taxonomy":"product_cat","embeddable":true,"href":"https:\/\/kidsplay.lt\/lv\/wp-json\/wp\/v2\/product_cat?post=89278"},{"taxonomy":"product_tag","embeddable":true,"href":"https:\/\/kidsplay.lt\/lv\/wp-json\/wp\/v2\/product_tag?post=89278"}],"curies":[{"name":"wp","href":"https:\/\/api.w.org\/{rel}","templated":true}]}}