{"id":89283,"date":"2026-02-26T09:12:06","date_gmt":"2026-02-26T07:12:06","guid":{"rendered":"https:\/\/kidsplay.lt\/produktas\/tooky-toy-medinis-krabo-deliones-kaladeliu-rinkinys-pastelines-spalvos\/"},"modified":"2026-04-13T14:48:34","modified_gmt":"2026-04-13T11:48:34","slug":"tooky-toy-medinis-krabo-deliones-kaladeliu-rinkinys-pastelines-spalvos","status":"publish","type":"product","link":"https:\/\/kidsplay.lt\/lv\/products\/tooky-toy-medinis-krabo-deliones-kaladeliu-rinkinys-pastelines-spalvos\/","title":{"rendered":"TOOKY TOY medinis krabo d\u0117lion\u0117s kalad\u0117li\u0173 rinkinys, pastelin\u0117s spalvos"},"content":{"rendered":"<p>\u201e Tooky\u00a0Toy\u201c\u00a0medinis krabo galvos\u016bkis\u00a0yra idealus\u00a0lavinamasis \u017eaislas\u00a0, kuris ne tik linksmina, bet ir padeda vaikams vystytis \u012fvairiais lygmenimis. \u0160is rinkinys puikiai tinka mokytis spalv\u0173, form\u0173 ir ankstyvosios geometrijos, taip pat\u00a0lavinti derinimo \u012fg\u016bd\u017eius\u00a0,\u00a0login\u012f m\u0105stym\u0105\u00a0,\u00a0smulki\u0105j\u0105 motorik\u0105\u00a0ir\u00a0aki\u0173 bei rank\u0173 koordinacij\u0105\u00a0.<\/p>\n<p>\u017daisdami patys, vaikai gali lavinti savo\u00a0k\u016brybi\u0161kum\u0105 ir vaizduot\u0119\u00a0. Jie gali d\u0117lioti kalad\u0117les \u012f \u012fvairius ra\u0161tus ir strukt\u016bras, kurti geometrinius gyv\u016bnus arba kurti savo dizainus. Tai puiki proga eksperimentuoti ir atrasti nauj\u0173 galimybi\u0173.<\/p>\n<p>Rakstur\u012bgs:<\/p>\n<p> \t&#8211; \u017eaislas, skirtas\u00a0vaikams nuo 2 met\u0173 am\u017eiaus<br \/>\n \t&#8211; Rinkin\u012f sudaro\u00a018 element\u0173\u00a0: medinis pagrindas, 12 kalad\u0117li\u0173 ir 5 dvipus\u0117s kortel\u0117s su ra\u0161tais<br \/>\n \t&#8211; pagaminta i\u0161 med\u017eio, da\u017eyta saugiais da\u017eais<br \/>\n \t&#8211; gra\u017ei\u0173 pastelini\u0173 spalv\u0173 d\u0117lion\u0117<\/p>\n<p>Rota\u013clieta att\u012bst\u0101s:<\/p>\n<p> \t&#8211; koncentracija<br \/>\n \t&#8211; rank\u0173 ir aki\u0173 koordinacija<br \/>\n \t&#8211; form\u0173 ir spalv\u0173 atpa\u017einimas<br \/>\n \t&#8211; loginis m\u0105stymas<\/p>","protected":false},"excerpt":{"rendered":"<p>\u201e Tooky\u00a0Toy\u201c\u00a0medinis krabo galvos\u016bkis\u00a0yra idealus\u00a0lavinamasis \u017eaislas\u00a0, kuris ne tik linksmina, bet ir padeda vaikams vystytis \u012fvairiais lygmenimis. \u0160is rinkinys puikiai<\/p>","protected":false},"featured_media":79097,"template":"","meta":{"_acf_changed":false,"_glsr_average":0,"_glsr_ranking":0,"_glsr_reviews":0},"product_brand":[],"product_cat":[884,883],"product_tag":[],"class_list":{"0":"post-89283","1":"product","2":"type-product","3":"status-publish","4":"has-post-thumbnail","6":"product_cat-edukaciniai-lavinamieji-mediniai-zaislai","7":"product_cat-mediniai-zaislai-2","8":"\"style=\"background-color: #2ecc711c;\"","10":"first","11":"instock","12":"purchasable","13":"product-type-simple"},"acf":[],"yoast_head":"<!-- This site is optimized with the Yoast SEO plugin v27.3 - https:\/\/yoast.com\/product\/yoast-seo-wordpress\/ -->\n<title>TOOKY TOY medinis krabo d\u0117lion\u0117s kalad\u0117li\u0173 rinkinys, pastelin\u0117s spalvos<\/title>\n<meta name=\"description\" content=\"TOOKY TOY medinis krabo d\u0117lion\u0117s kalad\u0117li\u0173 rinkinys, pastelin\u0117s spalvos - KidsPlay. Did\u017eiausias vaik\u0173 \u017eaisl\u0173 pasirinkimas.\" \/>\n<meta name=\"robots\" content=\"index, follow, max-snippet:-1, max-image-preview:large, max-video-preview:-1\" \/>\n<link rel=\"canonical\" href=\"https:\/\/kidsplay.lt\/lv\/products\/tooky-toy-medinis-krabo-deliones-kaladeliu-rinkinys-pastelines-spalvos\/\" \/>\n<meta property=\"og:locale\" content=\"lv_LV\" \/>\n<meta property=\"og:type\" content=\"article\" \/>\n<meta property=\"og:title\" content=\"TOOKY TOY medinis krabo d\u0117lion\u0117s kalad\u0117li\u0173 rinkinys, pastelin\u0117s spalvos\" \/>\n<meta property=\"og:description\" content=\"TOOKY TOY medinis krabo d\u0117lion\u0117s kalad\u0117li\u0173 rinkinys, pastelin\u0117s spalvos - KidsPlay. Did\u017eiausias vaik\u0173 \u017eaisl\u0173 pasirinkimas.\" \/>\n<meta property=\"og:url\" content=\"https:\/\/kidsplay.lt\/lv\/products\/tooky-toy-medinis-krabo-deliones-kaladeliu-rinkinys-pastelines-spalvos\/\" \/>\n<meta property=\"og:site_name\" content=\"KidsPlay\" \/>\n<meta property=\"article:publisher\" content=\"https:\/\/www.facebook.com\/www.kidsplay.lt\" \/>\n<meta property=\"article:modified_time\" content=\"2026-04-13T11:48:34+00:00\" \/>\n<meta property=\"og:image\" content=\"https:\/\/kidsplay.lt\/wp-content\/uploads\/2025\/10\/TOOKY-TOY-medinis-krabo-deliones-kaladeliu-rinkinys-pastelines-spalvos.jpg\" \/>\n\t<meta property=\"og:image:width\" content=\"1500\" \/>\n\t<meta property=\"og:image:height\" content=\"1500\" \/>\n\t<meta property=\"og:image:type\" content=\"image\/jpeg\" \/>\n<meta name=\"twitter:card\" content=\"summary_large_image\" \/>\n<meta name=\"twitter:label1\" content=\"Est. reading time\" \/>\n\t<meta name=\"twitter:data1\" content=\"1 min\u016bte\" \/>\n<script type=\"application\/ld+json\" class=\"yoast-schema-graph\">{\"@context\":\"https:\\\/\\\/schema.org\",\"@graph\":[{\"@type\":\"WebPage\",\"@id\":\"https:\\\/\\\/kidsplay.lt\\\/produktas\\\/tooky-toy-medinis-krabo-deliones-kaladeliu-rinkinys-pastelines-spalvos\\\/\",\"url\":\"https:\\\/\\\/kidsplay.lt\\\/produktas\\\/tooky-toy-medinis-krabo-deliones-kaladeliu-rinkinys-pastelines-spalvos\\\/\",\"name\":\"TOOKY TOY medinis krabo d\u0117lion\u0117s kalad\u0117li\u0173 rinkinys, pastelin\u0117s spalvos\",\"isPartOf\":{\"@id\":\"https:\\\/\\\/kidsplay.lt\\\/#website\"},\"primaryImageOfPage\":{\"@id\":\"https:\\\/\\\/kidsplay.lt\\\/produktas\\\/tooky-toy-medinis-krabo-deliones-kaladeliu-rinkinys-pastelines-spalvos\\\/#primaryimage\"},\"image\":{\"@id\":\"https:\\\/\\\/kidsplay.lt\\\/produktas\\\/tooky-toy-medinis-krabo-deliones-kaladeliu-rinkinys-pastelines-spalvos\\\/#primaryimage\"},\"thumbnailUrl\":\"https:\\\/\\\/kidsplay.lt\\\/wp-content\\\/uploads\\\/2025\\\/10\\\/TOOKY-TOY-medinis-krabo-deliones-kaladeliu-rinkinys-pastelines-spalvos.jpg\",\"datePublished\":\"2026-02-26T07:12:06+00:00\",\"dateModified\":\"2026-04-13T11:48:34+00:00\",\"description\":\"TOOKY TOY medinis krabo d\u0117lion\u0117s kalad\u0117li\u0173 rinkinys, pastelin\u0117s spalvos - KidsPlay. Did\u017eiausias vaik\u0173 \u017eaisl\u0173 pasirinkimas.\",\"breadcrumb\":{\"@id\":\"https:\\\/\\\/kidsplay.lt\\\/produktas\\\/tooky-toy-medinis-krabo-deliones-kaladeliu-rinkinys-pastelines-spalvos\\\/#breadcrumb\"},\"inLanguage\":\"lv-LV\",\"potentialAction\":[{\"@type\":\"ReadAction\",\"target\":[\"https:\\\/\\\/kidsplay.lt\\\/produktas\\\/tooky-toy-medinis-krabo-deliones-kaladeliu-rinkinys-pastelines-spalvos\\\/\"]}]},{\"@type\":\"ImageObject\",\"inLanguage\":\"lv-LV\",\"@id\":\"https:\\\/\\\/kidsplay.lt\\\/produktas\\\/tooky-toy-medinis-krabo-deliones-kaladeliu-rinkinys-pastelines-spalvos\\\/#primaryimage\",\"url\":\"https:\\\/\\\/kidsplay.lt\\\/wp-content\\\/uploads\\\/2025\\\/10\\\/TOOKY-TOY-medinis-krabo-deliones-kaladeliu-rinkinys-pastelines-spalvos.jpg\",\"contentUrl\":\"https:\\\/\\\/kidsplay.lt\\\/wp-content\\\/uploads\\\/2025\\\/10\\\/TOOKY-TOY-medinis-krabo-deliones-kaladeliu-rinkinys-pastelines-spalvos.jpg\",\"width\":1500,\"height\":1500,\"caption\":\"TOOKY TOY medinis krabo d\u0117lion\u0117s kalad\u0117li\u0173 rinkinys\"},{\"@type\":\"BreadcrumbList\",\"@id\":\"https:\\\/\\\/kidsplay.lt\\\/produktas\\\/tooky-toy-medinis-krabo-deliones-kaladeliu-rinkinys-pastelines-spalvos\\\/#breadcrumb\",\"itemListElement\":[{\"@type\":\"ListItem\",\"position\":1,\"name\":\"Pagrindinis\",\"item\":\"https:\\\/\\\/kidsplay.lt\\\/\"},{\"@type\":\"ListItem\",\"position\":2,\"name\":\"Parduotuv\u0117\",\"item\":\"https:\\\/\\\/kidsplay.lt\\\/parduotuve\\\/\"},{\"@type\":\"ListItem\",\"position\":3,\"name\":\"TOOKY TOY medinis krabo d\u0117lion\u0117s kalad\u0117li\u0173 rinkinys, pastelin\u0117s spalvos\"}]},{\"@type\":\"WebSite\",\"@id\":\"https:\\\/\\\/kidsplay.lt\\\/#website\",\"url\":\"https:\\\/\\\/kidsplay.lt\\\/\",\"name\":\"Kidsplay.lt\",\"description\":\"\u012evairios prek\u0117s vaikams\",\"publisher\":{\"@id\":\"https:\\\/\\\/kidsplay.lt\\\/#organization\"},\"alternateName\":\"Kidsplay\",\"potentialAction\":[{\"@type\":\"SearchAction\",\"target\":{\"@type\":\"EntryPoint\",\"urlTemplate\":\"https:\\\/\\\/kidsplay.lt\\\/?s={search_term_string}\"},\"query-input\":{\"@type\":\"PropertyValueSpecification\",\"valueRequired\":true,\"valueName\":\"search_term_string\"}}],\"inLanguage\":\"lv-LV\"},{\"@type\":\"Organization\",\"@id\":\"https:\\\/\\\/kidsplay.lt\\\/#organization\",\"name\":\"KidsPlay\",\"url\":\"https:\\\/\\\/kidsplay.lt\\\/\",\"logo\":{\"@type\":\"ImageObject\",\"inLanguage\":\"lv-LV\",\"@id\":\"https:\\\/\\\/kidsplay.lt\\\/#\\\/schema\\\/logo\\\/image\\\/\",\"url\":\"https:\\\/\\\/kidsplay.lt\\\/wp-content\\\/uploads\\\/2023\\\/07\\\/kidsplay-logo.png\",\"contentUrl\":\"https:\\\/\\\/kidsplay.lt\\\/wp-content\\\/uploads\\\/2023\\\/07\\\/kidsplay-logo.png\",\"width\":451,\"height\":98,\"caption\":\"KidsPlay\"},\"image\":{\"@id\":\"https:\\\/\\\/kidsplay.lt\\\/#\\\/schema\\\/logo\\\/image\\\/\"},\"sameAs\":[\"https:\\\/\\\/www.facebook.com\\\/www.kidsplay.lt\"]}]}<\/script>\n<!-- \/ Yoast SEO plugin. -->","yoast_head_json":{"title":"TOOKY TOY medinis krabo d\u0117lion\u0117s kalad\u0117li\u0173 rinkinys, pastelin\u0117s spalvos","description":"TOOKY TOY medinis krabo d\u0117lion\u0117s kalad\u0117li\u0173 rinkinys, pastelin\u0117s spalvos - KidsPlay. Did\u017eiausias vaik\u0173 \u017eaisl\u0173 pasirinkimas.","robots":{"index":"index","follow":"follow","max-snippet":"max-snippet:-1","max-image-preview":"max-image-preview:large","max-video-preview":"max-video-preview:-1"},"canonical":"https:\/\/kidsplay.lt\/lv\/products\/tooky-toy-medinis-krabo-deliones-kaladeliu-rinkinys-pastelines-spalvos\/","og_locale":"lv_LV","og_type":"article","og_title":"TOOKY TOY medinis krabo d\u0117lion\u0117s kalad\u0117li\u0173 rinkinys, pastelin\u0117s spalvos","og_description":"TOOKY TOY medinis krabo d\u0117lion\u0117s kalad\u0117li\u0173 rinkinys, pastelin\u0117s spalvos - KidsPlay. Did\u017eiausias vaik\u0173 \u017eaisl\u0173 pasirinkimas.","og_url":"https:\/\/kidsplay.lt\/lv\/products\/tooky-toy-medinis-krabo-deliones-kaladeliu-rinkinys-pastelines-spalvos\/","og_site_name":"KidsPlay","article_publisher":"https:\/\/www.facebook.com\/www.kidsplay.lt","article_modified_time":"2026-04-13T11:48:34+00:00","og_image":[{"width":1500,"height":1500,"url":"https:\/\/kidsplay.lt\/wp-content\/uploads\/2025\/10\/TOOKY-TOY-medinis-krabo-deliones-kaladeliu-rinkinys-pastelines-spalvos.jpg","type":"image\/jpeg"}],"twitter_card":"summary_large_image","twitter_misc":{"Est. reading time":"1 min\u016bte"},"schema":{"@context":"https:\/\/schema.org","@graph":[{"@type":"WebPage","@id":"https:\/\/kidsplay.lt\/produktas\/tooky-toy-medinis-krabo-deliones-kaladeliu-rinkinys-pastelines-spalvos\/","url":"https:\/\/kidsplay.lt\/produktas\/tooky-toy-medinis-krabo-deliones-kaladeliu-rinkinys-pastelines-spalvos\/","name":"TOOKY TOY medinis krabo d\u0117lion\u0117s kalad\u0117li\u0173 rinkinys, pastelin\u0117s spalvos","isPartOf":{"@id":"https:\/\/kidsplay.lt\/#website"},"primaryImageOfPage":{"@id":"https:\/\/kidsplay.lt\/produktas\/tooky-toy-medinis-krabo-deliones-kaladeliu-rinkinys-pastelines-spalvos\/#primaryimage"},"image":{"@id":"https:\/\/kidsplay.lt\/produktas\/tooky-toy-medinis-krabo-deliones-kaladeliu-rinkinys-pastelines-spalvos\/#primaryimage"},"thumbnailUrl":"https:\/\/kidsplay.lt\/wp-content\/uploads\/2025\/10\/TOOKY-TOY-medinis-krabo-deliones-kaladeliu-rinkinys-pastelines-spalvos.jpg","datePublished":"2026-02-26T07:12:06+00:00","dateModified":"2026-04-13T11:48:34+00:00","description":"TOOKY TOY medinis krabo d\u0117lion\u0117s kalad\u0117li\u0173 rinkinys, pastelin\u0117s spalvos - KidsPlay. Did\u017eiausias vaik\u0173 \u017eaisl\u0173 pasirinkimas.","breadcrumb":{"@id":"https:\/\/kidsplay.lt\/produktas\/tooky-toy-medinis-krabo-deliones-kaladeliu-rinkinys-pastelines-spalvos\/#breadcrumb"},"inLanguage":"lv-LV","potentialAction":[{"@type":"ReadAction","target":["https:\/\/kidsplay.lt\/produktas\/tooky-toy-medinis-krabo-deliones-kaladeliu-rinkinys-pastelines-spalvos\/"]}]},{"@type":"ImageObject","inLanguage":"lv-LV","@id":"https:\/\/kidsplay.lt\/produktas\/tooky-toy-medinis-krabo-deliones-kaladeliu-rinkinys-pastelines-spalvos\/#primaryimage","url":"https:\/\/kidsplay.lt\/wp-content\/uploads\/2025\/10\/TOOKY-TOY-medinis-krabo-deliones-kaladeliu-rinkinys-pastelines-spalvos.jpg","contentUrl":"https:\/\/kidsplay.lt\/wp-content\/uploads\/2025\/10\/TOOKY-TOY-medinis-krabo-deliones-kaladeliu-rinkinys-pastelines-spalvos.jpg","width":1500,"height":1500,"caption":"TOOKY TOY medinis krabo d\u0117lion\u0117s kalad\u0117li\u0173 rinkinys"},{"@type":"BreadcrumbList","@id":"https:\/\/kidsplay.lt\/produktas\/tooky-toy-medinis-krabo-deliones-kaladeliu-rinkinys-pastelines-spalvos\/#breadcrumb","itemListElement":[{"@type":"ListItem","position":1,"name":"Pagrindinis","item":"https:\/\/kidsplay.lt\/"},{"@type":"ListItem","position":2,"name":"Parduotuv\u0117","item":"https:\/\/kidsplay.lt\/parduotuve\/"},{"@type":"ListItem","position":3,"name":"TOOKY TOY medinis krabo d\u0117lion\u0117s kalad\u0117li\u0173 rinkinys, pastelin\u0117s spalvos"}]},{"@type":"WebSite","@id":"https:\/\/kidsplay.lt\/#website","url":"https:\/\/kidsplay.lt\/","name":"B\u0113rnu sp\u0113les.lv","description":"\u012evairios prek\u0117s vaikams","publisher":{"@id":"https:\/\/kidsplay.lt\/#organization"},"alternateName":"Kidsplay","potentialAction":[{"@type":"SearchAction","target":{"@type":"EntryPoint","urlTemplate":"https:\/\/kidsplay.lt\/?s={search_term_string}"},"query-input":{"@type":"PropertyValueSpecification","valueRequired":true,"valueName":"search_term_string"}}],"inLanguage":"lv-LV"},{"@type":"Organization","@id":"https:\/\/kidsplay.lt\/#organization","name":"B\u0113rnu sp\u0113le","url":"https:\/\/kidsplay.lt\/","logo":{"@type":"ImageObject","inLanguage":"lv-LV","@id":"https:\/\/kidsplay.lt\/#\/schema\/logo\/image\/","url":"https:\/\/kidsplay.lt\/wp-content\/uploads\/2023\/07\/kidsplay-logo.png","contentUrl":"https:\/\/kidsplay.lt\/wp-content\/uploads\/2023\/07\/kidsplay-logo.png","width":451,"height":98,"caption":"KidsPlay"},"image":{"@id":"https:\/\/kidsplay.lt\/#\/schema\/logo\/image\/"},"sameAs":["https:\/\/www.facebook.com\/www.kidsplay.lt"]}]}},"_links":{"self":[{"href":"https:\/\/kidsplay.lt\/lv\/wp-json\/wp\/v2\/product\/89283","targetHints":{"allow":["GET"]}}],"collection":[{"href":"https:\/\/kidsplay.lt\/lv\/wp-json\/wp\/v2\/product"}],"about":[{"href":"https:\/\/kidsplay.lt\/lv\/wp-json\/wp\/v2\/types\/product"}],"version-history":[{"count":1,"href":"https:\/\/kidsplay.lt\/lv\/wp-json\/wp\/v2\/product\/89283\/revisions"}],"predecessor-version":[{"id":89284,"href":"https:\/\/kidsplay.lt\/lv\/wp-json\/wp\/v2\/product\/89283\/revisions\/89284"}],"wp:featuredmedia":[{"embeddable":true,"href":"https:\/\/kidsplay.lt\/lv\/wp-json\/wp\/v2\/media\/79097"}],"wp:attachment":[{"href":"https:\/\/kidsplay.lt\/lv\/wp-json\/wp\/v2\/media?parent=89283"}],"wp:term":[{"taxonomy":"product_brand","embeddable":true,"href":"https:\/\/kidsplay.lt\/lv\/wp-json\/wp\/v2\/product_brand?post=89283"},{"taxonomy":"product_cat","embeddable":true,"href":"https:\/\/kidsplay.lt\/lv\/wp-json\/wp\/v2\/product_cat?post=89283"},{"taxonomy":"product_tag","embeddable":true,"href":"https:\/\/kidsplay.lt\/lv\/wp-json\/wp\/v2\/product_tag?post=89283"}],"curies":[{"name":"wp","href":"https:\/\/api.w.org\/{rel}","templated":true}]}}