{"id":89285,"date":"2026-02-26T09:12:09","date_gmt":"2026-02-26T07:12:09","guid":{"rendered":"https:\/\/kidsplay.lt\/produktas\/medinis-traukinuku-komplektas-30-vnt\/"},"modified":"2026-04-13T13:44:55","modified_gmt":"2026-04-13T10:44:55","slug":"medinis-traukinuku-komplektas-30-vnt","status":"publish","type":"product","link":"https:\/\/kidsplay.lt\/lv\/products\/medinis-traukinuku-komplektas-30-vnt\/","title":{"rendered":"Medinis traukinuk\u0173 komplektas 30 vnt."},"content":{"rendered":"<p>PolarB medini\u0173 traukini\u0173 komplektas 30 vnt.\u00a0yra puikus pasirinkimas ma\u017e\u0173j\u0173 traukini\u0173 m\u0117g\u0117jams! Sud\u0117tyje yra 30 element\u0173, \u012fskaitant \u012fvairius takelius, interaktyvi\u0105 stot\u012f ir priedus, leid\u017eian\u010dius susikurti savo \u017eaidimo scenarijus. Be to, \u012ftrauktas vadovas leid\u017eia lengvai sukurti tikrovi\u0161k\u0105 gele\u017einkelio stoties peiza\u017e\u0105. Garso funkcija, kuri magnetiniu b\u016bdu \u012fjungiama traukiniui va\u017eiuojant pro stot\u012f, linksmybes paver\u010dia dar labiau \u012ftraukian\u010diomis. Mediniai elementai yra tvirti ir patvar\u016bs, o j\u0173 universalumas skatina vaikus \u017eaisti laisvai ir k\u016brybi\u0161kai.<\/p>\n<p>Raksturojums:<\/p>\n<p> \t\u00a0&#8211;\u00a0Am\u017eius:\u00a03 metai<br \/>\n \t\u00a0&#8211;\u00a030 dali\u0173 rinkinys\u00a0su b\u0117giais, traukiniu ir priedais<br \/>\n \t\u00a0&#8211; Gele\u017einkelio stotis su\u00a0garso funkcija\u00a0(magnetin\u0117 indukcija)<br \/>\n \t\u00a0&#8211;\u00a0Bukletas su\u00a0scenos statybos vadovu<br \/>\n \t\u00a0&#8211;\u00a0Auk\u0161tos kokyb\u0117s ir ilgaam\u017ei\u0161kumo\u00a0mediniai elementai<br \/>\n \t\u00a0&#8211; Reikalingos baterijos:\u00a02 x LR44 1,5 V\u00a0(\u012f komplekt\u0105 ne\u012feina)<\/p>\n<p>Komplekt\u0101 ietilpst:<\/p>\n<p> \t\u00a0&#8211;\u00a03 vagonai<br \/>\n \t\u00a0&#8211; 1 lokomotyvas<br \/>\n \t\u00a0&#8211; 3 fig\u016bros: dramblys, li\u016btas ir lap\u0117<br \/>\n \t\u00a0&#8211; 5 kr\u016bmai<br \/>\n \t\u00a0&#8211; 2 med\u017eiai<br \/>\n \t\u00a0&#8211; 8 sukimo takeliai<br \/>\n \t\u00a0&#8211; 3 ties\u016bs takeliai<br \/>\n \t\u00a0&#8211; stotis, susidedanti i\u0161 b\u0117gi\u0173 kelio, stoties pastato, stogo ir 2 stulp\u0173<\/p>\n<p>Rota\u013clieta att\u012bst\u0101s:<\/p>\n<p> \t\u00a0\u2013 Roku-acu koordin\u0101cija<br \/>\n \t\u00a0&#8211; K\u016brybi\u0161kumas ir vaizduot\u0117<br \/>\n \t\u00a0&#8211; Statybos \u012fg\u016bd\u017eiai<br \/>\n \t\u00a0&#8211; Rankiniai \u012fg\u016bd\u017eiai ir smulkioji motorika<\/p>","protected":false},"excerpt":{"rendered":"<p>PolarB medini\u0173 traukini\u0173 komplektas 30 vnt.\u00a0yra puikus pasirinkimas ma\u017e\u0173j\u0173 traukini\u0173 m\u0117g\u0117jams! Sud\u0117tyje yra 30 element\u0173, \u012fskaitant \u012fvairius takelius, interaktyvi\u0105 stot\u012f<\/p>","protected":false},"featured_media":60761,"template":"","meta":{"_acf_changed":false,"_glsr_average":0,"_glsr_ranking":0,"_glsr_reviews":0},"product_brand":[],"product_cat":[891,883],"product_tag":[],"class_list":{"0":"post-89285","1":"product","2":"type-product","3":"status-publish","4":"has-post-thumbnail","6":"product_cat-medines-transporto-priemones","7":"product_cat-mediniai-zaislai-2","8":"\"style=\"background-color: #2ecc711c;\"","10":"first","11":"instock","12":"purchasable","13":"product-type-simple"},"acf":[],"yoast_head":"<!-- This site is optimized with the Yoast SEO plugin v27.4 - https:\/\/yoast.com\/product\/yoast-seo-wordpress\/ -->\n<title>Medinis traukinuk\u0173 komplektas 30 vnt.<\/title>\n<meta name=\"description\" content=\"Medinis traukinuk\u0173 komplektas 30 vnt. - KidsPlay. Did\u017eiausias vaik\u0173 \u017eaisl\u0173 pasirinkimas.\" \/>\n<meta name=\"robots\" content=\"index, follow, max-snippet:-1, max-image-preview:large, max-video-preview:-1\" \/>\n<link rel=\"canonical\" href=\"https:\/\/kidsplay.lt\/lv\/products\/medinis-traukinuku-komplektas-30-vnt\/\" \/>\n<meta property=\"og:locale\" content=\"lv_LV\" \/>\n<meta property=\"og:type\" content=\"article\" \/>\n<meta property=\"og:title\" content=\"Medinis traukinuk\u0173 komplektas 30 vnt.\" \/>\n<meta property=\"og:description\" content=\"Medinis traukinuk\u0173 komplektas 30 vnt. - KidsPlay. Did\u017eiausias vaik\u0173 \u017eaisl\u0173 pasirinkimas.\" \/>\n<meta property=\"og:url\" content=\"https:\/\/kidsplay.lt\/lv\/products\/medinis-traukinuku-komplektas-30-vnt\/\" \/>\n<meta property=\"og:site_name\" content=\"KidsPlay\" \/>\n<meta property=\"article:publisher\" content=\"https:\/\/www.facebook.com\/www.kidsplay.lt\" \/>\n<meta property=\"article:modified_time\" content=\"2026-04-13T10:44:55+00:00\" \/>\n<meta property=\"og:image\" content=\"https:\/\/kidsplay.lt\/wp-content\/uploads\/2025\/03\/Medinis-traukinuku-komplektas-30-vnt.jpg\" \/>\n\t<meta property=\"og:image:width\" content=\"1000\" \/>\n\t<meta property=\"og:image:height\" content=\"1000\" \/>\n\t<meta property=\"og:image:type\" content=\"image\/jpeg\" \/>\n<meta name=\"twitter:card\" content=\"summary_large_image\" \/>\n<meta name=\"twitter:label1\" content=\"Est. reading time\" \/>\n\t<meta name=\"twitter:data1\" content=\"1 min\u016bte\" \/>\n<script type=\"application\/ld+json\" class=\"yoast-schema-graph\">{\"@context\":\"https:\\\/\\\/schema.org\",\"@graph\":[{\"@type\":\"WebPage\",\"@id\":\"https:\\\/\\\/kidsplay.lt\\\/produktas\\\/medinis-traukinuku-komplektas-30-vnt\\\/\",\"url\":\"https:\\\/\\\/kidsplay.lt\\\/produktas\\\/medinis-traukinuku-komplektas-30-vnt\\\/\",\"name\":\"Medinis traukinuk\u0173 komplektas 30 vnt.\",\"isPartOf\":{\"@id\":\"https:\\\/\\\/kidsplay.lt\\\/#website\"},\"primaryImageOfPage\":{\"@id\":\"https:\\\/\\\/kidsplay.lt\\\/produktas\\\/medinis-traukinuku-komplektas-30-vnt\\\/#primaryimage\"},\"image\":{\"@id\":\"https:\\\/\\\/kidsplay.lt\\\/produktas\\\/medinis-traukinuku-komplektas-30-vnt\\\/#primaryimage\"},\"thumbnailUrl\":\"https:\\\/\\\/kidsplay.lt\\\/wp-content\\\/uploads\\\/2025\\\/03\\\/Medinis-traukinuku-komplektas-30-vnt.jpg\",\"datePublished\":\"2026-02-26T07:12:09+00:00\",\"dateModified\":\"2026-04-13T10:44:55+00:00\",\"description\":\"Medinis traukinuk\u0173 komplektas 30 vnt. - KidsPlay. Did\u017eiausias vaik\u0173 \u017eaisl\u0173 pasirinkimas.\",\"breadcrumb\":{\"@id\":\"https:\\\/\\\/kidsplay.lt\\\/produktas\\\/medinis-traukinuku-komplektas-30-vnt\\\/#breadcrumb\"},\"inLanguage\":\"lv-LV\",\"potentialAction\":[{\"@type\":\"ReadAction\",\"target\":[\"https:\\\/\\\/kidsplay.lt\\\/produktas\\\/medinis-traukinuku-komplektas-30-vnt\\\/\"]}]},{\"@type\":\"ImageObject\",\"inLanguage\":\"lv-LV\",\"@id\":\"https:\\\/\\\/kidsplay.lt\\\/produktas\\\/medinis-traukinuku-komplektas-30-vnt\\\/#primaryimage\",\"url\":\"https:\\\/\\\/kidsplay.lt\\\/wp-content\\\/uploads\\\/2025\\\/03\\\/Medinis-traukinuku-komplektas-30-vnt.jpg\",\"contentUrl\":\"https:\\\/\\\/kidsplay.lt\\\/wp-content\\\/uploads\\\/2025\\\/03\\\/Medinis-traukinuku-komplektas-30-vnt.jpg\",\"width\":1000,\"height\":1000,\"caption\":\"Medinis traukinuk\u0173 komplektas 30 vnt.\"},{\"@type\":\"BreadcrumbList\",\"@id\":\"https:\\\/\\\/kidsplay.lt\\\/produktas\\\/medinis-traukinuku-komplektas-30-vnt\\\/#breadcrumb\",\"itemListElement\":[{\"@type\":\"ListItem\",\"position\":1,\"name\":\"Pagrindinis\",\"item\":\"https:\\\/\\\/kidsplay.lt\\\/\"},{\"@type\":\"ListItem\",\"position\":2,\"name\":\"Parduotuv\u0117\",\"item\":\"https:\\\/\\\/kidsplay.lt\\\/parduotuve\\\/\"},{\"@type\":\"ListItem\",\"position\":3,\"name\":\"Medinis traukinuk\u0173 komplektas 30 vnt.\"}]},{\"@type\":\"WebSite\",\"@id\":\"https:\\\/\\\/kidsplay.lt\\\/#website\",\"url\":\"https:\\\/\\\/kidsplay.lt\\\/\",\"name\":\"Kidsplay.lt\",\"description\":\"\u012evairios prek\u0117s vaikams\",\"publisher\":{\"@id\":\"https:\\\/\\\/kidsplay.lt\\\/#organization\"},\"alternateName\":\"Kidsplay\",\"potentialAction\":[{\"@type\":\"SearchAction\",\"target\":{\"@type\":\"EntryPoint\",\"urlTemplate\":\"https:\\\/\\\/kidsplay.lt\\\/?s={search_term_string}\"},\"query-input\":{\"@type\":\"PropertyValueSpecification\",\"valueRequired\":true,\"valueName\":\"search_term_string\"}}],\"inLanguage\":\"lv-LV\"},{\"@type\":\"Organization\",\"@id\":\"https:\\\/\\\/kidsplay.lt\\\/#organization\",\"name\":\"KidsPlay\",\"url\":\"https:\\\/\\\/kidsplay.lt\\\/\",\"logo\":{\"@type\":\"ImageObject\",\"inLanguage\":\"lv-LV\",\"@id\":\"https:\\\/\\\/kidsplay.lt\\\/#\\\/schema\\\/logo\\\/image\\\/\",\"url\":\"https:\\\/\\\/kidsplay.lt\\\/wp-content\\\/uploads\\\/2023\\\/07\\\/kidsplay-logo.png\",\"contentUrl\":\"https:\\\/\\\/kidsplay.lt\\\/wp-content\\\/uploads\\\/2023\\\/07\\\/kidsplay-logo.png\",\"width\":451,\"height\":98,\"caption\":\"KidsPlay\"},\"image\":{\"@id\":\"https:\\\/\\\/kidsplay.lt\\\/#\\\/schema\\\/logo\\\/image\\\/\"},\"sameAs\":[\"https:\\\/\\\/www.facebook.com\\\/www.kidsplay.lt\"]}]}<\/script>\n<!-- \/ Yoast SEO plugin. -->","yoast_head_json":{"title":"Medinis traukinuk\u0173 komplektas 30 vnt.","description":"Medinis traukinuk\u0173 komplektas 30 vnt. - KidsPlay. Did\u017eiausias vaik\u0173 \u017eaisl\u0173 pasirinkimas.","robots":{"index":"index","follow":"follow","max-snippet":"max-snippet:-1","max-image-preview":"max-image-preview:large","max-video-preview":"max-video-preview:-1"},"canonical":"https:\/\/kidsplay.lt\/lv\/products\/medinis-traukinuku-komplektas-30-vnt\/","og_locale":"lv_LV","og_type":"article","og_title":"Medinis traukinuk\u0173 komplektas 30 vnt.","og_description":"Medinis traukinuk\u0173 komplektas 30 vnt. - KidsPlay. Did\u017eiausias vaik\u0173 \u017eaisl\u0173 pasirinkimas.","og_url":"https:\/\/kidsplay.lt\/lv\/products\/medinis-traukinuku-komplektas-30-vnt\/","og_site_name":"KidsPlay","article_publisher":"https:\/\/www.facebook.com\/www.kidsplay.lt","article_modified_time":"2026-04-13T10:44:55+00:00","og_image":[{"width":1000,"height":1000,"url":"https:\/\/kidsplay.lt\/wp-content\/uploads\/2025\/03\/Medinis-traukinuku-komplektas-30-vnt.jpg","type":"image\/jpeg"}],"twitter_card":"summary_large_image","twitter_misc":{"Est. reading time":"1 min\u016bte"},"schema":{"@context":"https:\/\/schema.org","@graph":[{"@type":"WebPage","@id":"https:\/\/kidsplay.lt\/produktas\/medinis-traukinuku-komplektas-30-vnt\/","url":"https:\/\/kidsplay.lt\/produktas\/medinis-traukinuku-komplektas-30-vnt\/","name":"Medinis traukinuk\u0173 komplektas 30 vnt.","isPartOf":{"@id":"https:\/\/kidsplay.lt\/#website"},"primaryImageOfPage":{"@id":"https:\/\/kidsplay.lt\/produktas\/medinis-traukinuku-komplektas-30-vnt\/#primaryimage"},"image":{"@id":"https:\/\/kidsplay.lt\/produktas\/medinis-traukinuku-komplektas-30-vnt\/#primaryimage"},"thumbnailUrl":"https:\/\/kidsplay.lt\/wp-content\/uploads\/2025\/03\/Medinis-traukinuku-komplektas-30-vnt.jpg","datePublished":"2026-02-26T07:12:09+00:00","dateModified":"2026-04-13T10:44:55+00:00","description":"Medinis traukinuk\u0173 komplektas 30 vnt. - KidsPlay. Did\u017eiausias vaik\u0173 \u017eaisl\u0173 pasirinkimas.","breadcrumb":{"@id":"https:\/\/kidsplay.lt\/produktas\/medinis-traukinuku-komplektas-30-vnt\/#breadcrumb"},"inLanguage":"lv-LV","potentialAction":[{"@type":"ReadAction","target":["https:\/\/kidsplay.lt\/produktas\/medinis-traukinuku-komplektas-30-vnt\/"]}]},{"@type":"ImageObject","inLanguage":"lv-LV","@id":"https:\/\/kidsplay.lt\/produktas\/medinis-traukinuku-komplektas-30-vnt\/#primaryimage","url":"https:\/\/kidsplay.lt\/wp-content\/uploads\/2025\/03\/Medinis-traukinuku-komplektas-30-vnt.jpg","contentUrl":"https:\/\/kidsplay.lt\/wp-content\/uploads\/2025\/03\/Medinis-traukinuku-komplektas-30-vnt.jpg","width":1000,"height":1000,"caption":"Medinis traukinuk\u0173 komplektas 30 vnt."},{"@type":"BreadcrumbList","@id":"https:\/\/kidsplay.lt\/produktas\/medinis-traukinuku-komplektas-30-vnt\/#breadcrumb","itemListElement":[{"@type":"ListItem","position":1,"name":"Pagrindinis","item":"https:\/\/kidsplay.lt\/"},{"@type":"ListItem","position":2,"name":"Parduotuv\u0117","item":"https:\/\/kidsplay.lt\/parduotuve\/"},{"@type":"ListItem","position":3,"name":"Medinis traukinuk\u0173 komplektas 30 vnt."}]},{"@type":"WebSite","@id":"https:\/\/kidsplay.lt\/#website","url":"https:\/\/kidsplay.lt\/","name":"B\u0113rnu sp\u0113les.lv","description":"\u012evairios prek\u0117s vaikams","publisher":{"@id":"https:\/\/kidsplay.lt\/#organization"},"alternateName":"Kidsplay","potentialAction":[{"@type":"SearchAction","target":{"@type":"EntryPoint","urlTemplate":"https:\/\/kidsplay.lt\/?s={search_term_string}"},"query-input":{"@type":"PropertyValueSpecification","valueRequired":true,"valueName":"search_term_string"}}],"inLanguage":"lv-LV"},{"@type":"Organization","@id":"https:\/\/kidsplay.lt\/#organization","name":"B\u0113rnu sp\u0113le","url":"https:\/\/kidsplay.lt\/","logo":{"@type":"ImageObject","inLanguage":"lv-LV","@id":"https:\/\/kidsplay.lt\/#\/schema\/logo\/image\/","url":"https:\/\/kidsplay.lt\/wp-content\/uploads\/2023\/07\/kidsplay-logo.png","contentUrl":"https:\/\/kidsplay.lt\/wp-content\/uploads\/2023\/07\/kidsplay-logo.png","width":451,"height":98,"caption":"KidsPlay"},"image":{"@id":"https:\/\/kidsplay.lt\/#\/schema\/logo\/image\/"},"sameAs":["https:\/\/www.facebook.com\/www.kidsplay.lt"]}]}},"_links":{"self":[{"href":"https:\/\/kidsplay.lt\/lv\/wp-json\/wp\/v2\/product\/89285","targetHints":{"allow":["GET"]}}],"collection":[{"href":"https:\/\/kidsplay.lt\/lv\/wp-json\/wp\/v2\/product"}],"about":[{"href":"https:\/\/kidsplay.lt\/lv\/wp-json\/wp\/v2\/types\/product"}],"version-history":[{"count":1,"href":"https:\/\/kidsplay.lt\/lv\/wp-json\/wp\/v2\/product\/89285\/revisions"}],"predecessor-version":[{"id":89286,"href":"https:\/\/kidsplay.lt\/lv\/wp-json\/wp\/v2\/product\/89285\/revisions\/89286"}],"wp:featuredmedia":[{"embeddable":true,"href":"https:\/\/kidsplay.lt\/lv\/wp-json\/wp\/v2\/media\/60761"}],"wp:attachment":[{"href":"https:\/\/kidsplay.lt\/lv\/wp-json\/wp\/v2\/media?parent=89285"}],"wp:term":[{"taxonomy":"product_brand","embeddable":true,"href":"https:\/\/kidsplay.lt\/lv\/wp-json\/wp\/v2\/product_brand?post=89285"},{"taxonomy":"product_cat","embeddable":true,"href":"https:\/\/kidsplay.lt\/lv\/wp-json\/wp\/v2\/product_cat?post=89285"},{"taxonomy":"product_tag","embeddable":true,"href":"https:\/\/kidsplay.lt\/lv\/wp-json\/wp\/v2\/product_tag?post=89285"}],"curies":[{"name":"wp","href":"https:\/\/api.w.org\/{rel}","templated":true}]}}