{"id":89289,"date":"2026-02-26T09:12:14","date_gmt":"2026-02-26T07:12:14","guid":{"rendered":"https:\/\/kidsplay.lt\/produktas\/viga-garso-deliones-atitinkancios-egzotinius-gyvunus\/"},"modified":"2026-04-07T10:27:08","modified_gmt":"2026-04-07T07:27:08","slug":"viga-garso-deliones-atitinkancios-egzotinius-gyvunus","status":"publish","type":"product","link":"https:\/\/kidsplay.lt\/lv\/products\/viga-garso-deliones-atitinkancios-egzotinius-gyvunus\/","title":{"rendered":"VIGA garso d\u0117lion\u0117s, atitinkan\u010dios egzotinius gyv\u016bnus"},"content":{"rendered":"<p>VIGA egzoti\u0161k\u0173 gyv\u016bn\u0173 gars\u0173 d\u0117lion\u0117\u00a0pad\u0117s jums atrasti \u017eav\u0173 d\u017eiungli\u0173 gyv\u016bn\u0173 pasaul\u012f. \u0160i lavinamoji d\u0117lion\u0117 yra puikus b\u016bdas lavinti j\u016bs\u0173 vaiko rankinius ir pa\u017eintinius \u012fg\u016bd\u017eius. Kai paimsite ir v\u0117l sujungsite detal\u0119, j\u016bs\u0173 vaikas i\u0161girs tikrovi\u0161k\u0105 gyv\u016bno gars\u0105, sustiprinant\u012f patirtin\u012f mokym\u0105si. Puikiai tinka ma\u017eiesiems tyrin\u0117tojams, kurie m\u0117gsta interaktyv\u0173 mokym\u0105si.<\/p>\n<p>Rakstur\u012bgs:<\/p>\n<p> \t\u00a0&#8211;\u00a0Am\u017eius:\u00a018 m\u0117nesi\u0173<br \/>\n \t\u00a0&#8211; Mediniai d\u0117lion\u0117s su gyv\u016bn\u0173 motyvais<br \/>\n \t\u00a0&#8211;\u00a0Integruotas garso modulis\u00a0\u2013 garsas \u012fjungiamas, kai elementas sutampa<br \/>\n \t\u00a0&#8211; Naudingos iliustracijos po d\u0117lion\u0117s detal\u0117mis palengvina j\u0173 sujungim\u0105<br \/>\n \t\u00a0&#8211;\u00a0Tvirtas darbas\u00a0ir vaikams saugios med\u017eiagos<\/p>\n<p>Rota\u013clieta att\u012bst\u0101s:<\/p>\n<p> \t\u00a0&#8211; Rank\u0173 ir aki\u0173 koordinacija<br \/>\n \t\u00a0&#8211; Atpa\u017einti garsus ir susieti juos su paveiksl\u0117liais<br \/>\n \t\u00a0&#8211; \u012e\u017evalgumas ir loginio m\u0105stymo \u012fg\u016bd\u017eiai<br \/>\n \t\u00a0&#8211; Smulkieji motoriniai \u012fg\u016bd\u017eiai ir miklumas<\/p>","protected":false},"excerpt":{"rendered":"<p>VIGA egzoti\u0161k\u0173 gyv\u016bn\u0173 gars\u0173 d\u0117lion\u0117\u00a0pad\u0117s jums atrasti \u017eav\u0173 d\u017eiungli\u0173 gyv\u016bn\u0173 pasaul\u012f. \u0160i lavinamoji d\u0117lion\u0117 yra puikus b\u016bdas lavinti j\u016bs\u0173 vaiko<\/p>","protected":false},"featured_media":79107,"template":"","meta":{"_acf_changed":false,"_glsr_average":0,"_glsr_ranking":0,"_glsr_reviews":0},"product_brand":[],"product_cat":[884,883],"product_tag":[],"class_list":{"0":"post-89289","1":"product","2":"type-product","3":"status-publish","4":"has-post-thumbnail","6":"product_cat-edukaciniai-lavinamieji-mediniai-zaislai","7":"product_cat-mediniai-zaislai-2","8":"\"style=\"background-color: #2ecc711c;\"","10":"first","11":"instock","12":"purchasable","13":"product-type-simple"},"acf":[],"yoast_head":"<!-- This site is optimized with the Yoast SEO plugin v27.3 - https:\/\/yoast.com\/product\/yoast-seo-wordpress\/ -->\n<title>VIGA garso d\u0117lion\u0117s, atitinkan\u010dios egzotinius gyv\u016bnus<\/title>\n<meta name=\"description\" content=\"VIGA garso d\u0117lion\u0117s, atitinkan\u010dios egzotinius gyv\u016bnus - KidsPlay. Did\u017eiausias vaik\u0173 \u017eaisl\u0173 pasirinkimas.\" \/>\n<meta name=\"robots\" content=\"index, follow, max-snippet:-1, max-image-preview:large, max-video-preview:-1\" \/>\n<link rel=\"canonical\" href=\"https:\/\/kidsplay.lt\/lv\/products\/viga-garso-deliones-atitinkancios-egzotinius-gyvunus\/\" \/>\n<meta property=\"og:locale\" content=\"lv_LV\" \/>\n<meta property=\"og:type\" content=\"article\" \/>\n<meta property=\"og:title\" content=\"VIGA garso d\u0117lion\u0117s, atitinkan\u010dios egzotinius gyv\u016bnus\" \/>\n<meta property=\"og:description\" content=\"VIGA garso d\u0117lion\u0117s, atitinkan\u010dios egzotinius gyv\u016bnus - KidsPlay. Did\u017eiausias vaik\u0173 \u017eaisl\u0173 pasirinkimas.\" \/>\n<meta property=\"og:url\" content=\"https:\/\/kidsplay.lt\/lv\/products\/viga-garso-deliones-atitinkancios-egzotinius-gyvunus\/\" \/>\n<meta property=\"og:site_name\" content=\"KidsPlay\" \/>\n<meta property=\"article:publisher\" content=\"https:\/\/www.facebook.com\/www.kidsplay.lt\" \/>\n<meta property=\"article:modified_time\" content=\"2026-04-07T07:27:08+00:00\" \/>\n<meta property=\"og:image\" content=\"https:\/\/kidsplay.lt\/wp-content\/uploads\/2025\/10\/VIGA-garso-deliones-atitinkancios-egzotinius-gyvunus.jpg\" \/>\n\t<meta property=\"og:image:width\" content=\"1000\" \/>\n\t<meta property=\"og:image:height\" content=\"1000\" \/>\n\t<meta property=\"og:image:type\" content=\"image\/jpeg\" \/>\n<meta name=\"twitter:card\" content=\"summary_large_image\" \/>\n<meta name=\"twitter:label1\" content=\"Est. reading time\" \/>\n\t<meta name=\"twitter:data1\" content=\"1 min\u016bte\" \/>\n<script type=\"application\/ld+json\" class=\"yoast-schema-graph\">{\"@context\":\"https:\\\/\\\/schema.org\",\"@graph\":[{\"@type\":\"WebPage\",\"@id\":\"https:\\\/\\\/kidsplay.lt\\\/produktas\\\/viga-garso-deliones-atitinkancios-egzotinius-gyvunus\\\/\",\"url\":\"https:\\\/\\\/kidsplay.lt\\\/produktas\\\/viga-garso-deliones-atitinkancios-egzotinius-gyvunus\\\/\",\"name\":\"VIGA garso d\u0117lion\u0117s, atitinkan\u010dios egzotinius gyv\u016bnus\",\"isPartOf\":{\"@id\":\"https:\\\/\\\/kidsplay.lt\\\/#website\"},\"primaryImageOfPage\":{\"@id\":\"https:\\\/\\\/kidsplay.lt\\\/produktas\\\/viga-garso-deliones-atitinkancios-egzotinius-gyvunus\\\/#primaryimage\"},\"image\":{\"@id\":\"https:\\\/\\\/kidsplay.lt\\\/produktas\\\/viga-garso-deliones-atitinkancios-egzotinius-gyvunus\\\/#primaryimage\"},\"thumbnailUrl\":\"https:\\\/\\\/kidsplay.lt\\\/wp-content\\\/uploads\\\/2025\\\/10\\\/VIGA-garso-deliones-atitinkancios-egzotinius-gyvunus.jpg\",\"datePublished\":\"2026-02-26T07:12:14+00:00\",\"dateModified\":\"2026-04-07T07:27:08+00:00\",\"description\":\"VIGA garso d\u0117lion\u0117s, atitinkan\u010dios egzotinius gyv\u016bnus - KidsPlay. Did\u017eiausias vaik\u0173 \u017eaisl\u0173 pasirinkimas.\",\"breadcrumb\":{\"@id\":\"https:\\\/\\\/kidsplay.lt\\\/produktas\\\/viga-garso-deliones-atitinkancios-egzotinius-gyvunus\\\/#breadcrumb\"},\"inLanguage\":\"lv-LV\",\"potentialAction\":[{\"@type\":\"ReadAction\",\"target\":[\"https:\\\/\\\/kidsplay.lt\\\/produktas\\\/viga-garso-deliones-atitinkancios-egzotinius-gyvunus\\\/\"]}]},{\"@type\":\"ImageObject\",\"inLanguage\":\"lv-LV\",\"@id\":\"https:\\\/\\\/kidsplay.lt\\\/produktas\\\/viga-garso-deliones-atitinkancios-egzotinius-gyvunus\\\/#primaryimage\",\"url\":\"https:\\\/\\\/kidsplay.lt\\\/wp-content\\\/uploads\\\/2025\\\/10\\\/VIGA-garso-deliones-atitinkancios-egzotinius-gyvunus.jpg\",\"contentUrl\":\"https:\\\/\\\/kidsplay.lt\\\/wp-content\\\/uploads\\\/2025\\\/10\\\/VIGA-garso-deliones-atitinkancios-egzotinius-gyvunus.jpg\",\"width\":1000,\"height\":1000,\"caption\":\"VIGA garso d\u0117lion\u0117s\"},{\"@type\":\"BreadcrumbList\",\"@id\":\"https:\\\/\\\/kidsplay.lt\\\/produktas\\\/viga-garso-deliones-atitinkancios-egzotinius-gyvunus\\\/#breadcrumb\",\"itemListElement\":[{\"@type\":\"ListItem\",\"position\":1,\"name\":\"Pagrindinis\",\"item\":\"https:\\\/\\\/kidsplay.lt\\\/\"},{\"@type\":\"ListItem\",\"position\":2,\"name\":\"Parduotuv\u0117\",\"item\":\"https:\\\/\\\/kidsplay.lt\\\/parduotuve\\\/\"},{\"@type\":\"ListItem\",\"position\":3,\"name\":\"VIGA garso d\u0117lion\u0117s, atitinkan\u010dios egzotinius gyv\u016bnus\"}]},{\"@type\":\"WebSite\",\"@id\":\"https:\\\/\\\/kidsplay.lt\\\/#website\",\"url\":\"https:\\\/\\\/kidsplay.lt\\\/\",\"name\":\"Kidsplay.lt\",\"description\":\"\u012evairios prek\u0117s vaikams\",\"publisher\":{\"@id\":\"https:\\\/\\\/kidsplay.lt\\\/#organization\"},\"alternateName\":\"Kidsplay\",\"potentialAction\":[{\"@type\":\"SearchAction\",\"target\":{\"@type\":\"EntryPoint\",\"urlTemplate\":\"https:\\\/\\\/kidsplay.lt\\\/?s={search_term_string}\"},\"query-input\":{\"@type\":\"PropertyValueSpecification\",\"valueRequired\":true,\"valueName\":\"search_term_string\"}}],\"inLanguage\":\"lv-LV\"},{\"@type\":\"Organization\",\"@id\":\"https:\\\/\\\/kidsplay.lt\\\/#organization\",\"name\":\"KidsPlay\",\"url\":\"https:\\\/\\\/kidsplay.lt\\\/\",\"logo\":{\"@type\":\"ImageObject\",\"inLanguage\":\"lv-LV\",\"@id\":\"https:\\\/\\\/kidsplay.lt\\\/#\\\/schema\\\/logo\\\/image\\\/\",\"url\":\"https:\\\/\\\/kidsplay.lt\\\/wp-content\\\/uploads\\\/2023\\\/07\\\/kidsplay-logo.png\",\"contentUrl\":\"https:\\\/\\\/kidsplay.lt\\\/wp-content\\\/uploads\\\/2023\\\/07\\\/kidsplay-logo.png\",\"width\":451,\"height\":98,\"caption\":\"KidsPlay\"},\"image\":{\"@id\":\"https:\\\/\\\/kidsplay.lt\\\/#\\\/schema\\\/logo\\\/image\\\/\"},\"sameAs\":[\"https:\\\/\\\/www.facebook.com\\\/www.kidsplay.lt\"]}]}<\/script>\n<!-- \/ Yoast SEO plugin. -->","yoast_head_json":{"title":"VIGA garso d\u0117lion\u0117s, atitinkan\u010dios egzotinius gyv\u016bnus","description":"VIGA garso d\u0117lion\u0117s, atitinkan\u010dios egzotinius gyv\u016bnus - KidsPlay. Did\u017eiausias vaik\u0173 \u017eaisl\u0173 pasirinkimas.","robots":{"index":"index","follow":"follow","max-snippet":"max-snippet:-1","max-image-preview":"max-image-preview:large","max-video-preview":"max-video-preview:-1"},"canonical":"https:\/\/kidsplay.lt\/lv\/products\/viga-garso-deliones-atitinkancios-egzotinius-gyvunus\/","og_locale":"lv_LV","og_type":"article","og_title":"VIGA garso d\u0117lion\u0117s, atitinkan\u010dios egzotinius gyv\u016bnus","og_description":"VIGA garso d\u0117lion\u0117s, atitinkan\u010dios egzotinius gyv\u016bnus - KidsPlay. Did\u017eiausias vaik\u0173 \u017eaisl\u0173 pasirinkimas.","og_url":"https:\/\/kidsplay.lt\/lv\/products\/viga-garso-deliones-atitinkancios-egzotinius-gyvunus\/","og_site_name":"KidsPlay","article_publisher":"https:\/\/www.facebook.com\/www.kidsplay.lt","article_modified_time":"2026-04-07T07:27:08+00:00","og_image":[{"width":1000,"height":1000,"url":"https:\/\/kidsplay.lt\/wp-content\/uploads\/2025\/10\/VIGA-garso-deliones-atitinkancios-egzotinius-gyvunus.jpg","type":"image\/jpeg"}],"twitter_card":"summary_large_image","twitter_misc":{"Est. reading time":"1 min\u016bte"},"schema":{"@context":"https:\/\/schema.org","@graph":[{"@type":"WebPage","@id":"https:\/\/kidsplay.lt\/produktas\/viga-garso-deliones-atitinkancios-egzotinius-gyvunus\/","url":"https:\/\/kidsplay.lt\/produktas\/viga-garso-deliones-atitinkancios-egzotinius-gyvunus\/","name":"VIGA garso d\u0117lion\u0117s, atitinkan\u010dios egzotinius gyv\u016bnus","isPartOf":{"@id":"https:\/\/kidsplay.lt\/#website"},"primaryImageOfPage":{"@id":"https:\/\/kidsplay.lt\/produktas\/viga-garso-deliones-atitinkancios-egzotinius-gyvunus\/#primaryimage"},"image":{"@id":"https:\/\/kidsplay.lt\/produktas\/viga-garso-deliones-atitinkancios-egzotinius-gyvunus\/#primaryimage"},"thumbnailUrl":"https:\/\/kidsplay.lt\/wp-content\/uploads\/2025\/10\/VIGA-garso-deliones-atitinkancios-egzotinius-gyvunus.jpg","datePublished":"2026-02-26T07:12:14+00:00","dateModified":"2026-04-07T07:27:08+00:00","description":"VIGA garso d\u0117lion\u0117s, atitinkan\u010dios egzotinius gyv\u016bnus - KidsPlay. Did\u017eiausias vaik\u0173 \u017eaisl\u0173 pasirinkimas.","breadcrumb":{"@id":"https:\/\/kidsplay.lt\/produktas\/viga-garso-deliones-atitinkancios-egzotinius-gyvunus\/#breadcrumb"},"inLanguage":"lv-LV","potentialAction":[{"@type":"ReadAction","target":["https:\/\/kidsplay.lt\/produktas\/viga-garso-deliones-atitinkancios-egzotinius-gyvunus\/"]}]},{"@type":"ImageObject","inLanguage":"lv-LV","@id":"https:\/\/kidsplay.lt\/produktas\/viga-garso-deliones-atitinkancios-egzotinius-gyvunus\/#primaryimage","url":"https:\/\/kidsplay.lt\/wp-content\/uploads\/2025\/10\/VIGA-garso-deliones-atitinkancios-egzotinius-gyvunus.jpg","contentUrl":"https:\/\/kidsplay.lt\/wp-content\/uploads\/2025\/10\/VIGA-garso-deliones-atitinkancios-egzotinius-gyvunus.jpg","width":1000,"height":1000,"caption":"VIGA garso d\u0117lion\u0117s"},{"@type":"BreadcrumbList","@id":"https:\/\/kidsplay.lt\/produktas\/viga-garso-deliones-atitinkancios-egzotinius-gyvunus\/#breadcrumb","itemListElement":[{"@type":"ListItem","position":1,"name":"Pagrindinis","item":"https:\/\/kidsplay.lt\/"},{"@type":"ListItem","position":2,"name":"Parduotuv\u0117","item":"https:\/\/kidsplay.lt\/parduotuve\/"},{"@type":"ListItem","position":3,"name":"VIGA garso d\u0117lion\u0117s, atitinkan\u010dios egzotinius gyv\u016bnus"}]},{"@type":"WebSite","@id":"https:\/\/kidsplay.lt\/#website","url":"https:\/\/kidsplay.lt\/","name":"B\u0113rnu sp\u0113les.lv","description":"\u012evairios prek\u0117s vaikams","publisher":{"@id":"https:\/\/kidsplay.lt\/#organization"},"alternateName":"Kidsplay","potentialAction":[{"@type":"SearchAction","target":{"@type":"EntryPoint","urlTemplate":"https:\/\/kidsplay.lt\/?s={search_term_string}"},"query-input":{"@type":"PropertyValueSpecification","valueRequired":true,"valueName":"search_term_string"}}],"inLanguage":"lv-LV"},{"@type":"Organization","@id":"https:\/\/kidsplay.lt\/#organization","name":"B\u0113rnu sp\u0113le","url":"https:\/\/kidsplay.lt\/","logo":{"@type":"ImageObject","inLanguage":"lv-LV","@id":"https:\/\/kidsplay.lt\/#\/schema\/logo\/image\/","url":"https:\/\/kidsplay.lt\/wp-content\/uploads\/2023\/07\/kidsplay-logo.png","contentUrl":"https:\/\/kidsplay.lt\/wp-content\/uploads\/2023\/07\/kidsplay-logo.png","width":451,"height":98,"caption":"KidsPlay"},"image":{"@id":"https:\/\/kidsplay.lt\/#\/schema\/logo\/image\/"},"sameAs":["https:\/\/www.facebook.com\/www.kidsplay.lt"]}]}},"_links":{"self":[{"href":"https:\/\/kidsplay.lt\/lv\/wp-json\/wp\/v2\/product\/89289","targetHints":{"allow":["GET"]}}],"collection":[{"href":"https:\/\/kidsplay.lt\/lv\/wp-json\/wp\/v2\/product"}],"about":[{"href":"https:\/\/kidsplay.lt\/lv\/wp-json\/wp\/v2\/types\/product"}],"version-history":[{"count":1,"href":"https:\/\/kidsplay.lt\/lv\/wp-json\/wp\/v2\/product\/89289\/revisions"}],"predecessor-version":[{"id":89290,"href":"https:\/\/kidsplay.lt\/lv\/wp-json\/wp\/v2\/product\/89289\/revisions\/89290"}],"wp:featuredmedia":[{"embeddable":true,"href":"https:\/\/kidsplay.lt\/lv\/wp-json\/wp\/v2\/media\/79107"}],"wp:attachment":[{"href":"https:\/\/kidsplay.lt\/lv\/wp-json\/wp\/v2\/media?parent=89289"}],"wp:term":[{"taxonomy":"product_brand","embeddable":true,"href":"https:\/\/kidsplay.lt\/lv\/wp-json\/wp\/v2\/product_brand?post=89289"},{"taxonomy":"product_cat","embeddable":true,"href":"https:\/\/kidsplay.lt\/lv\/wp-json\/wp\/v2\/product_cat?post=89289"},{"taxonomy":"product_tag","embeddable":true,"href":"https:\/\/kidsplay.lt\/lv\/wp-json\/wp\/v2\/product_tag?post=89289"}],"curies":[{"name":"wp","href":"https:\/\/api.w.org\/{rel}","templated":true}]}}