{"id":89293,"date":"2026-02-26T09:12:19","date_gmt":"2026-02-26T07:12:19","guid":{"rendered":"https:\/\/kidsplay.lt\/produktas\/viga-figuru-ir-objektu-jungimo-delioniu-rinkinys\/"},"modified":"2026-04-07T10:27:14","modified_gmt":"2026-04-07T07:27:14","slug":"viga-figuru-ir-objektu-jungimo-delioniu-rinkinys","status":"publish","type":"product","link":"https:\/\/kidsplay.lt\/lv\/products\/viga-figuru-ir-objektu-jungimo-delioniu-rinkinys\/","title":{"rendered":"VIGA formu un objektu savienojuma puz\u013cu komplekts"},"content":{"rendered":"<p>VIGA d\u0117lioni\u0173 rinkinys \u201eSuderink \u0161e\u0161\u0117lius\u201c \u2013\u00a0tai tobulas\u00a0pramog\u0173 ir lavinam\u0173j\u0173 u\u017esi\u0117mim\u0173\u00a0derinys . \u0160ie loginiai galvos\u016bkiai yra klasikiniai, kurie prad\u017eiugins kiekvien\u0105 vaik\u0105. Su savo\u00a0gra\u017eiomis, spalvingomis detal\u0117mis\u00a0jie ne tik suteikia \u012ftraukiant\u012f \u017eaidim\u0105, bet ir\u00a0skatina ankstyv\u0105j\u012f mokym\u0105si per \u017eaidim\u0105\u00a0. Spalvingi d\u0117lion\u0117s detali\u0173 persona\u017eai\u00a0pritrauks vaik\u0173 d\u0117mes\u012f\u00a0, pad\u0117s jiems pa\u017einti spalvas ir tyrin\u0117ti aplinkin\u012f pasaul\u012f, taip pat lavinti naujus \u017eod\u017eius, eil\u0117ra\u0161\u010dius ir daineles. \u0160i medin\u0117 d\u0117lion\u0117 padeda vaikams i\u0161mokti atpa\u017einti ir atskirti\u00a0kasdieni\u0173 daikt\u0173\u00a0\u0161e\u0161\u0117lius .<\/p>\n<p>Rakstur\u012bgs:<\/p>\n<p> \t&#8211;\u00a0Skirta vaikams\u00a0nuo 18 m\u0117nesi\u0173\u00a0, idealiai tinka ankstyvam vystymuisi.<br \/>\n \t&#8211; Palaiko\u00a0\u017eodyno, susikaupimo, motorini\u0173 \u012fg\u016bd\u017ei\u0173 ir loginio m\u0105stymo\u00a0vystym\u0105si .<br \/>\n \t&#8211; Spalvingi paveiksl\u0117liuose esantys persona\u017eai pritraukia vaik\u0173 d\u0117mes\u012f, skatina juos\u00a0\u017eaisti ir mokytis\u00a0.<br \/>\n \t&#8211; Pagaminta i\u0161\u00a0patvarios buko medienos\u00a0, da\u017eyta\u00a0netoksi\u0161kais\u00a0da\u017eais<br \/>\n \t&#8211; Supakuota spalvingoje d\u0117\u017eut\u0117je su magnetiniu u\u017esegimu,\u00a0puikiai tinka dovanai<br \/>\n \t&#8211; Tai leid\u017eia jums\u00a0leisti laik\u0105 interaktyviai su savo vaiku\u00a0, padeda u\u017emegzti ry\u0161ius ir kartu tyrin\u0117ti pasaul\u012f<\/p>\n<p>Rota\u013clieta att\u012bst\u0101s:<\/p>\n<p> \t&#8211; \u012e\u017evalgumas<br \/>\n \t&#8211; Koncentracija<br \/>\n \t&#8211; Smulk\u016bs motoriniai \u012fg\u016bd\u017eiai<br \/>\n \t&#8211; Aki\u0173 koordinacija<\/p>\n<p>Komplekt\u0101 ietilpst:<\/p>\n<p> \t&#8211;\u00a012 pagrindini\u0173 plyteli\u0173\u00a0su deran\u010diais spalvingais paveiksl\u0117liais<br \/>\n \t&#8211;\u00a012\u00a0suderint\u0173 \u0161e\u0161\u0117li\u0173 plyteli\u0173<br \/>\n \t&#8211; Instrukcijos<\/p>","protected":false},"excerpt":{"rendered":"<p>VIGA d\u0117lioni\u0173 rinkinys \u201eSuderink \u0161e\u0161\u0117lius\u201c \u2013\u00a0tai tobulas\u00a0pramog\u0173 ir lavinam\u0173j\u0173 u\u017esi\u0117mim\u0173\u00a0derinys . \u0160ie loginiai galvos\u016bkiai yra klasikiniai, kurie prad\u017eiugins kiekvien\u0105 vaik\u0105.<\/p>","protected":false},"featured_media":79122,"template":"","meta":{"_acf_changed":false,"_glsr_average":0,"_glsr_ranking":0,"_glsr_reviews":0},"product_brand":[],"product_cat":[397,883],"product_tag":[],"class_list":{"0":"post-89293","1":"product","2":"type-product","3":"status-publish","4":"has-post-thumbnail","6":"product_cat-medines-deliones-mediniai-zaislai","7":"product_cat-mediniai-zaislai-2","8":"\"style=\"background-color: #2ecc711c;\"","10":"first","11":"instock","12":"purchasable","13":"product-type-simple"},"acf":[],"yoast_head":"<!-- This site is optimized with the Yoast SEO plugin v27.3 - https:\/\/yoast.com\/product\/yoast-seo-wordpress\/ -->\n<title>VIGA fig\u016br\u0173 ir objekt\u0173 jungimo d\u0117lioni\u0173 rinkinys<\/title>\n<meta name=\"description\" content=\"VIGA fig\u016br\u0173 ir objekt\u0173 jungimo d\u0117lioni\u0173 rinkinys - KidsPlay. Did\u017eiausias vaik\u0173 \u017eaisl\u0173 pasirinkimas.\" \/>\n<meta name=\"robots\" content=\"index, follow, max-snippet:-1, max-image-preview:large, max-video-preview:-1\" \/>\n<link rel=\"canonical\" href=\"https:\/\/kidsplay.lt\/lv\/products\/viga-figuru-ir-objektu-jungimo-delioniu-rinkinys\/\" \/>\n<meta property=\"og:locale\" content=\"lv_LV\" \/>\n<meta property=\"og:type\" content=\"article\" \/>\n<meta property=\"og:title\" content=\"VIGA fig\u016br\u0173 ir objekt\u0173 jungimo d\u0117lioni\u0173 rinkinys\" \/>\n<meta property=\"og:description\" content=\"VIGA fig\u016br\u0173 ir objekt\u0173 jungimo d\u0117lioni\u0173 rinkinys - KidsPlay. Did\u017eiausias vaik\u0173 \u017eaisl\u0173 pasirinkimas.\" \/>\n<meta property=\"og:url\" content=\"https:\/\/kidsplay.lt\/lv\/products\/viga-figuru-ir-objektu-jungimo-delioniu-rinkinys\/\" \/>\n<meta property=\"og:site_name\" content=\"KidsPlay\" \/>\n<meta property=\"article:publisher\" content=\"https:\/\/www.facebook.com\/www.kidsplay.lt\" \/>\n<meta property=\"article:modified_time\" content=\"2026-04-07T07:27:14+00:00\" \/>\n<meta property=\"og:image\" content=\"https:\/\/kidsplay.lt\/wp-content\/uploads\/2025\/10\/VIGA-figuru-ir-objektu-jungimo-delioniu-rinkinys.jpg\" \/>\n\t<meta property=\"og:image:width\" content=\"2500\" \/>\n\t<meta property=\"og:image:height\" content=\"2500\" \/>\n\t<meta property=\"og:image:type\" content=\"image\/jpeg\" \/>\n<meta name=\"twitter:card\" content=\"summary_large_image\" \/>\n<meta name=\"twitter:label1\" content=\"Est. reading time\" \/>\n\t<meta name=\"twitter:data1\" content=\"1 min\u016bte\" \/>\n<script type=\"application\/ld+json\" class=\"yoast-schema-graph\">{\"@context\":\"https:\\\/\\\/schema.org\",\"@graph\":[{\"@type\":\"WebPage\",\"@id\":\"https:\\\/\\\/kidsplay.lt\\\/produktas\\\/viga-figuru-ir-objektu-jungimo-delioniu-rinkinys\\\/\",\"url\":\"https:\\\/\\\/kidsplay.lt\\\/produktas\\\/viga-figuru-ir-objektu-jungimo-delioniu-rinkinys\\\/\",\"name\":\"VIGA fig\u016br\u0173 ir objekt\u0173 jungimo d\u0117lioni\u0173 rinkinys\",\"isPartOf\":{\"@id\":\"https:\\\/\\\/kidsplay.lt\\\/#website\"},\"primaryImageOfPage\":{\"@id\":\"https:\\\/\\\/kidsplay.lt\\\/produktas\\\/viga-figuru-ir-objektu-jungimo-delioniu-rinkinys\\\/#primaryimage\"},\"image\":{\"@id\":\"https:\\\/\\\/kidsplay.lt\\\/produktas\\\/viga-figuru-ir-objektu-jungimo-delioniu-rinkinys\\\/#primaryimage\"},\"thumbnailUrl\":\"https:\\\/\\\/kidsplay.lt\\\/wp-content\\\/uploads\\\/2025\\\/10\\\/VIGA-figuru-ir-objektu-jungimo-delioniu-rinkinys.jpg\",\"datePublished\":\"2026-02-26T07:12:19+00:00\",\"dateModified\":\"2026-04-07T07:27:14+00:00\",\"description\":\"VIGA fig\u016br\u0173 ir objekt\u0173 jungimo d\u0117lioni\u0173 rinkinys - KidsPlay. Did\u017eiausias vaik\u0173 \u017eaisl\u0173 pasirinkimas.\",\"breadcrumb\":{\"@id\":\"https:\\\/\\\/kidsplay.lt\\\/produktas\\\/viga-figuru-ir-objektu-jungimo-delioniu-rinkinys\\\/#breadcrumb\"},\"inLanguage\":\"lv-LV\",\"potentialAction\":[{\"@type\":\"ReadAction\",\"target\":[\"https:\\\/\\\/kidsplay.lt\\\/produktas\\\/viga-figuru-ir-objektu-jungimo-delioniu-rinkinys\\\/\"]}]},{\"@type\":\"ImageObject\",\"inLanguage\":\"lv-LV\",\"@id\":\"https:\\\/\\\/kidsplay.lt\\\/produktas\\\/viga-figuru-ir-objektu-jungimo-delioniu-rinkinys\\\/#primaryimage\",\"url\":\"https:\\\/\\\/kidsplay.lt\\\/wp-content\\\/uploads\\\/2025\\\/10\\\/VIGA-figuru-ir-objektu-jungimo-delioniu-rinkinys.jpg\",\"contentUrl\":\"https:\\\/\\\/kidsplay.lt\\\/wp-content\\\/uploads\\\/2025\\\/10\\\/VIGA-figuru-ir-objektu-jungimo-delioniu-rinkinys.jpg\",\"width\":2500,\"height\":2500,\"caption\":\"VIGA fig\u016br\u0173 ir objekt\u0173 jungimo d\u0117lioni\u0173 rinkinys\"},{\"@type\":\"BreadcrumbList\",\"@id\":\"https:\\\/\\\/kidsplay.lt\\\/produktas\\\/viga-figuru-ir-objektu-jungimo-delioniu-rinkinys\\\/#breadcrumb\",\"itemListElement\":[{\"@type\":\"ListItem\",\"position\":1,\"name\":\"Pagrindinis\",\"item\":\"https:\\\/\\\/kidsplay.lt\\\/\"},{\"@type\":\"ListItem\",\"position\":2,\"name\":\"Parduotuv\u0117\",\"item\":\"https:\\\/\\\/kidsplay.lt\\\/parduotuve\\\/\"},{\"@type\":\"ListItem\",\"position\":3,\"name\":\"VIGA fig\u016br\u0173 ir objekt\u0173 jungimo d\u0117lioni\u0173 rinkinys\"}]},{\"@type\":\"WebSite\",\"@id\":\"https:\\\/\\\/kidsplay.lt\\\/#website\",\"url\":\"https:\\\/\\\/kidsplay.lt\\\/\",\"name\":\"Kidsplay.lt\",\"description\":\"\u012evairios prek\u0117s vaikams\",\"publisher\":{\"@id\":\"https:\\\/\\\/kidsplay.lt\\\/#organization\"},\"alternateName\":\"Kidsplay\",\"potentialAction\":[{\"@type\":\"SearchAction\",\"target\":{\"@type\":\"EntryPoint\",\"urlTemplate\":\"https:\\\/\\\/kidsplay.lt\\\/?s={search_term_string}\"},\"query-input\":{\"@type\":\"PropertyValueSpecification\",\"valueRequired\":true,\"valueName\":\"search_term_string\"}}],\"inLanguage\":\"lv-LV\"},{\"@type\":\"Organization\",\"@id\":\"https:\\\/\\\/kidsplay.lt\\\/#organization\",\"name\":\"KidsPlay\",\"url\":\"https:\\\/\\\/kidsplay.lt\\\/\",\"logo\":{\"@type\":\"ImageObject\",\"inLanguage\":\"lv-LV\",\"@id\":\"https:\\\/\\\/kidsplay.lt\\\/#\\\/schema\\\/logo\\\/image\\\/\",\"url\":\"https:\\\/\\\/kidsplay.lt\\\/wp-content\\\/uploads\\\/2023\\\/07\\\/kidsplay-logo.png\",\"contentUrl\":\"https:\\\/\\\/kidsplay.lt\\\/wp-content\\\/uploads\\\/2023\\\/07\\\/kidsplay-logo.png\",\"width\":451,\"height\":98,\"caption\":\"KidsPlay\"},\"image\":{\"@id\":\"https:\\\/\\\/kidsplay.lt\\\/#\\\/schema\\\/logo\\\/image\\\/\"},\"sameAs\":[\"https:\\\/\\\/www.facebook.com\\\/www.kidsplay.lt\"]}]}<\/script>\n<!-- \/ Yoast SEO plugin. -->","yoast_head_json":{"title":"VIGA formu un objektu savienojuma puz\u013cu komplekts","description":"VIGA fig\u016br\u0173 ir objekt\u0173 jungimo d\u0117lioni\u0173 rinkinys - KidsPlay. Did\u017eiausias vaik\u0173 \u017eaisl\u0173 pasirinkimas.","robots":{"index":"index","follow":"follow","max-snippet":"max-snippet:-1","max-image-preview":"max-image-preview:large","max-video-preview":"max-video-preview:-1"},"canonical":"https:\/\/kidsplay.lt\/lv\/products\/viga-figuru-ir-objektu-jungimo-delioniu-rinkinys\/","og_locale":"lv_LV","og_type":"article","og_title":"VIGA fig\u016br\u0173 ir objekt\u0173 jungimo d\u0117lioni\u0173 rinkinys","og_description":"VIGA fig\u016br\u0173 ir objekt\u0173 jungimo d\u0117lioni\u0173 rinkinys - KidsPlay. Did\u017eiausias vaik\u0173 \u017eaisl\u0173 pasirinkimas.","og_url":"https:\/\/kidsplay.lt\/lv\/products\/viga-figuru-ir-objektu-jungimo-delioniu-rinkinys\/","og_site_name":"KidsPlay","article_publisher":"https:\/\/www.facebook.com\/www.kidsplay.lt","article_modified_time":"2026-04-07T07:27:14+00:00","og_image":[{"width":2500,"height":2500,"url":"https:\/\/kidsplay.lt\/wp-content\/uploads\/2025\/10\/VIGA-figuru-ir-objektu-jungimo-delioniu-rinkinys.jpg","type":"image\/jpeg"}],"twitter_card":"summary_large_image","twitter_misc":{"Est. reading time":"1 min\u016bte"},"schema":{"@context":"https:\/\/schema.org","@graph":[{"@type":"WebPage","@id":"https:\/\/kidsplay.lt\/produktas\/viga-figuru-ir-objektu-jungimo-delioniu-rinkinys\/","url":"https:\/\/kidsplay.lt\/produktas\/viga-figuru-ir-objektu-jungimo-delioniu-rinkinys\/","name":"VIGA formu un objektu savienojuma puz\u013cu komplekts","isPartOf":{"@id":"https:\/\/kidsplay.lt\/#website"},"primaryImageOfPage":{"@id":"https:\/\/kidsplay.lt\/produktas\/viga-figuru-ir-objektu-jungimo-delioniu-rinkinys\/#primaryimage"},"image":{"@id":"https:\/\/kidsplay.lt\/produktas\/viga-figuru-ir-objektu-jungimo-delioniu-rinkinys\/#primaryimage"},"thumbnailUrl":"https:\/\/kidsplay.lt\/wp-content\/uploads\/2025\/10\/VIGA-figuru-ir-objektu-jungimo-delioniu-rinkinys.jpg","datePublished":"2026-02-26T07:12:19+00:00","dateModified":"2026-04-07T07:27:14+00:00","description":"VIGA fig\u016br\u0173 ir objekt\u0173 jungimo d\u0117lioni\u0173 rinkinys - KidsPlay. Did\u017eiausias vaik\u0173 \u017eaisl\u0173 pasirinkimas.","breadcrumb":{"@id":"https:\/\/kidsplay.lt\/produktas\/viga-figuru-ir-objektu-jungimo-delioniu-rinkinys\/#breadcrumb"},"inLanguage":"lv-LV","potentialAction":[{"@type":"ReadAction","target":["https:\/\/kidsplay.lt\/produktas\/viga-figuru-ir-objektu-jungimo-delioniu-rinkinys\/"]}]},{"@type":"ImageObject","inLanguage":"lv-LV","@id":"https:\/\/kidsplay.lt\/produktas\/viga-figuru-ir-objektu-jungimo-delioniu-rinkinys\/#primaryimage","url":"https:\/\/kidsplay.lt\/wp-content\/uploads\/2025\/10\/VIGA-figuru-ir-objektu-jungimo-delioniu-rinkinys.jpg","contentUrl":"https:\/\/kidsplay.lt\/wp-content\/uploads\/2025\/10\/VIGA-figuru-ir-objektu-jungimo-delioniu-rinkinys.jpg","width":2500,"height":2500,"caption":"VIGA fig\u016br\u0173 ir objekt\u0173 jungimo d\u0117lioni\u0173 rinkinys"},{"@type":"BreadcrumbList","@id":"https:\/\/kidsplay.lt\/produktas\/viga-figuru-ir-objektu-jungimo-delioniu-rinkinys\/#breadcrumb","itemListElement":[{"@type":"ListItem","position":1,"name":"Pagrindinis","item":"https:\/\/kidsplay.lt\/"},{"@type":"ListItem","position":2,"name":"Parduotuv\u0117","item":"https:\/\/kidsplay.lt\/parduotuve\/"},{"@type":"ListItem","position":3,"name":"VIGA fig\u016br\u0173 ir objekt\u0173 jungimo d\u0117lioni\u0173 rinkinys"}]},{"@type":"WebSite","@id":"https:\/\/kidsplay.lt\/#website","url":"https:\/\/kidsplay.lt\/","name":"B\u0113rnu sp\u0113les.lv","description":"\u012evairios prek\u0117s vaikams","publisher":{"@id":"https:\/\/kidsplay.lt\/#organization"},"alternateName":"Kidsplay","potentialAction":[{"@type":"SearchAction","target":{"@type":"EntryPoint","urlTemplate":"https:\/\/kidsplay.lt\/?s={search_term_string}"},"query-input":{"@type":"PropertyValueSpecification","valueRequired":true,"valueName":"search_term_string"}}],"inLanguage":"lv-LV"},{"@type":"Organization","@id":"https:\/\/kidsplay.lt\/#organization","name":"B\u0113rnu sp\u0113le","url":"https:\/\/kidsplay.lt\/","logo":{"@type":"ImageObject","inLanguage":"lv-LV","@id":"https:\/\/kidsplay.lt\/#\/schema\/logo\/image\/","url":"https:\/\/kidsplay.lt\/wp-content\/uploads\/2023\/07\/kidsplay-logo.png","contentUrl":"https:\/\/kidsplay.lt\/wp-content\/uploads\/2023\/07\/kidsplay-logo.png","width":451,"height":98,"caption":"KidsPlay"},"image":{"@id":"https:\/\/kidsplay.lt\/#\/schema\/logo\/image\/"},"sameAs":["https:\/\/www.facebook.com\/www.kidsplay.lt"]}]}},"_links":{"self":[{"href":"https:\/\/kidsplay.lt\/lv\/wp-json\/wp\/v2\/product\/89293","targetHints":{"allow":["GET"]}}],"collection":[{"href":"https:\/\/kidsplay.lt\/lv\/wp-json\/wp\/v2\/product"}],"about":[{"href":"https:\/\/kidsplay.lt\/lv\/wp-json\/wp\/v2\/types\/product"}],"version-history":[{"count":1,"href":"https:\/\/kidsplay.lt\/lv\/wp-json\/wp\/v2\/product\/89293\/revisions"}],"predecessor-version":[{"id":89294,"href":"https:\/\/kidsplay.lt\/lv\/wp-json\/wp\/v2\/product\/89293\/revisions\/89294"}],"wp:featuredmedia":[{"embeddable":true,"href":"https:\/\/kidsplay.lt\/lv\/wp-json\/wp\/v2\/media\/79122"}],"wp:attachment":[{"href":"https:\/\/kidsplay.lt\/lv\/wp-json\/wp\/v2\/media?parent=89293"}],"wp:term":[{"taxonomy":"product_brand","embeddable":true,"href":"https:\/\/kidsplay.lt\/lv\/wp-json\/wp\/v2\/product_brand?post=89293"},{"taxonomy":"product_cat","embeddable":true,"href":"https:\/\/kidsplay.lt\/lv\/wp-json\/wp\/v2\/product_cat?post=89293"},{"taxonomy":"product_tag","embeddable":true,"href":"https:\/\/kidsplay.lt\/lv\/wp-json\/wp\/v2\/product_tag?post=89293"}],"curies":[{"name":"wp","href":"https:\/\/api.w.org\/{rel}","templated":true}]}}