{"id":89297,"date":"2026-02-26T09:12:24","date_gmt":"2026-02-26T07:12:24","guid":{"rendered":"https:\/\/kidsplay.lt\/produktas\/kamuoliuku-takelio-spiralinis-rinkinys-3-kamuoliukai\/"},"modified":"2026-04-13T14:48:51","modified_gmt":"2026-04-13T11:48:51","slug":"kamuoliuku-takelio-spiralinis-rinkinys-3-kamuoliukai","status":"publish","type":"product","link":"https:\/\/kidsplay.lt\/lv\/products\/kamuoliuku-takelio-spiralinis-rinkinys-3-kamuoliukai\/","title":{"rendered":"Spir\u0101lveida bumbu trases komplekts + 3 bumbi\u0146as"},"content":{"rendered":"<p>\u201eWOOPIE\u00a0Ball Pit\u201c\u00a0\u00a0 yra\u00a0spiralinis bok\u0161tas\u00a0, suteikiantis begalin\u012f malonum\u0105. \u0160\u012f rinkin\u012f sudaro\u00a05 spalvingos dalys\u00a0, kurias\u00a0j\u016bs\u0173 ma\u017eylis gali lengvai sukrauti\u00a0vien\u0105 ant kitos. Kamuoliukai ried\u0117s nuo auk\u0161\u010diausio \u010diuo\u017eyklos elemento iki pat apa\u010dios. Rutuliniame takelyje yra\u00a03 skirting\u0173 spalv\u0173 lengvi ir lengvai\u00a0suimami kamuoliukai, kurie judant skleid\u017eia garsus. Dydis puikiai tinka ma\u017eoms rankyt\u0117ms ir\u00a0padeda lavinti aki\u0173 ir rank\u0173 koordinacij\u0105\u00a0.<\/p>\n<p>Raksturojums:<\/p>\n<p> \t&#8211; nuo\u00a06 m\u0117nesi\u0173 am\u017eiaus,<br \/>\n \t&#8211;\u00a0rinkin\u012f sudaro:\u00a03 kamuoliukai,<br \/>\n \t&#8211; rutuliai\u00a0skleid\u017eia gars\u0105,\u00a0pana\u0161\u0173 \u012f\u00a0bar\u0161k\u0117jim\u0105,<br \/>\n \t&#8211; padeda lavinti aki\u0173 ir rank\u0173 koordinacij\u0105,<br \/>\n \t&#8211; saug\u016bs elementai,<br \/>\n \t&#8211; dalys gali b\u016bti lengvai sujungiamos.<\/p>","protected":false},"excerpt":{"rendered":"<p>\u201eWOOPIE\u00a0Ball Pit\u201c\u00a0\u00a0 yra\u00a0spiralinis bok\u0161tas\u00a0, suteikiantis begalin\u012f malonum\u0105. \u0160\u012f rinkin\u012f sudaro\u00a05 spalvingos dalys\u00a0, kurias\u00a0j\u016bs\u0173 ma\u017eylis gali lengvai sukrauti\u00a0vien\u0105 ant kitos. Kamuoliukai<\/p>","protected":false},"featured_media":60769,"template":"","meta":{"_acf_changed":false,"_glsr_average":0,"_glsr_ranking":0,"_glsr_reviews":0},"product_brand":[],"product_cat":[396,229],"product_tag":[],"class_list":{"0":"post-89297","1":"product","2":"type-product","3":"status-publish","4":"has-post-thumbnail","6":"product_cat-kudikiu-zaislai-vaikams2","7":"product_cat-zaislai-vaikams","8":"\"style=\"background-color: #2ecc711c;\"","10":"first","11":"instock","12":"purchasable","13":"product-type-simple"},"acf":[],"yoast_head":"<!-- This site is optimized with the Yoast SEO plugin v27.4 - https:\/\/yoast.com\/product\/yoast-seo-wordpress\/ -->\n<title>kamuoliuk\u0173 takelio spiralinis rinkinys + 3 kamuoliukai<\/title>\n<meta name=\"description\" content=\"kamuoliuk\u0173 takelio spiralinis rinkinys + 3 kamuoliukai - KidsPlay. Did\u017eiausias vaik\u0173 \u017eaisl\u0173 pasirinkimas.\" \/>\n<meta name=\"robots\" content=\"index, follow, max-snippet:-1, max-image-preview:large, max-video-preview:-1\" \/>\n<link rel=\"canonical\" href=\"https:\/\/kidsplay.lt\/lv\/products\/kamuoliuku-takelio-spiralinis-rinkinys-3-kamuoliukai\/\" \/>\n<meta property=\"og:locale\" content=\"lv_LV\" \/>\n<meta property=\"og:type\" content=\"article\" \/>\n<meta property=\"og:title\" content=\"kamuoliuk\u0173 takelio spiralinis rinkinys + 3 kamuoliukai\" \/>\n<meta property=\"og:description\" content=\"kamuoliuk\u0173 takelio spiralinis rinkinys + 3 kamuoliukai - KidsPlay. Did\u017eiausias vaik\u0173 \u017eaisl\u0173 pasirinkimas.\" \/>\n<meta property=\"og:url\" content=\"https:\/\/kidsplay.lt\/lv\/products\/kamuoliuku-takelio-spiralinis-rinkinys-3-kamuoliukai\/\" \/>\n<meta property=\"og:site_name\" content=\"KidsPlay\" \/>\n<meta property=\"article:publisher\" content=\"https:\/\/www.facebook.com\/www.kidsplay.lt\" \/>\n<meta property=\"article:modified_time\" content=\"2026-04-13T11:48:51+00:00\" \/>\n<meta property=\"og:image\" content=\"https:\/\/kidsplay.lt\/wp-content\/uploads\/2025\/03\/kamuoliuku-takelio-spiralinis-rinkinys-3-kamuoliukai.jpg\" \/>\n\t<meta property=\"og:image:width\" content=\"2560\" \/>\n\t<meta property=\"og:image:height\" content=\"2560\" \/>\n\t<meta property=\"og:image:type\" content=\"image\/jpeg\" \/>\n<meta name=\"twitter:card\" content=\"summary_large_image\" \/>\n<meta name=\"twitter:label1\" content=\"Est. reading time\" \/>\n\t<meta name=\"twitter:data1\" content=\"1 min\u016bte\" \/>\n<script type=\"application\/ld+json\" class=\"yoast-schema-graph\">{\"@context\":\"https:\\\/\\\/schema.org\",\"@graph\":[{\"@type\":\"WebPage\",\"@id\":\"https:\\\/\\\/kidsplay.lt\\\/produktas\\\/kamuoliuku-takelio-spiralinis-rinkinys-3-kamuoliukai\\\/\",\"url\":\"https:\\\/\\\/kidsplay.lt\\\/produktas\\\/kamuoliuku-takelio-spiralinis-rinkinys-3-kamuoliukai\\\/\",\"name\":\"kamuoliuk\u0173 takelio spiralinis rinkinys + 3 kamuoliukai\",\"isPartOf\":{\"@id\":\"https:\\\/\\\/kidsplay.lt\\\/#website\"},\"primaryImageOfPage\":{\"@id\":\"https:\\\/\\\/kidsplay.lt\\\/produktas\\\/kamuoliuku-takelio-spiralinis-rinkinys-3-kamuoliukai\\\/#primaryimage\"},\"image\":{\"@id\":\"https:\\\/\\\/kidsplay.lt\\\/produktas\\\/kamuoliuku-takelio-spiralinis-rinkinys-3-kamuoliukai\\\/#primaryimage\"},\"thumbnailUrl\":\"https:\\\/\\\/kidsplay.lt\\\/wp-content\\\/uploads\\\/2025\\\/03\\\/kamuoliuku-takelio-spiralinis-rinkinys-3-kamuoliukai.jpg\",\"datePublished\":\"2026-02-26T07:12:24+00:00\",\"dateModified\":\"2026-04-13T11:48:51+00:00\",\"description\":\"kamuoliuk\u0173 takelio spiralinis rinkinys + 3 kamuoliukai - KidsPlay. Did\u017eiausias vaik\u0173 \u017eaisl\u0173 pasirinkimas.\",\"breadcrumb\":{\"@id\":\"https:\\\/\\\/kidsplay.lt\\\/produktas\\\/kamuoliuku-takelio-spiralinis-rinkinys-3-kamuoliukai\\\/#breadcrumb\"},\"inLanguage\":\"lv-LV\",\"potentialAction\":[{\"@type\":\"ReadAction\",\"target\":[\"https:\\\/\\\/kidsplay.lt\\\/produktas\\\/kamuoliuku-takelio-spiralinis-rinkinys-3-kamuoliukai\\\/\"]}]},{\"@type\":\"ImageObject\",\"inLanguage\":\"lv-LV\",\"@id\":\"https:\\\/\\\/kidsplay.lt\\\/produktas\\\/kamuoliuku-takelio-spiralinis-rinkinys-3-kamuoliukai\\\/#primaryimage\",\"url\":\"https:\\\/\\\/kidsplay.lt\\\/wp-content\\\/uploads\\\/2025\\\/03\\\/kamuoliuku-takelio-spiralinis-rinkinys-3-kamuoliukai.jpg\",\"contentUrl\":\"https:\\\/\\\/kidsplay.lt\\\/wp-content\\\/uploads\\\/2025\\\/03\\\/kamuoliuku-takelio-spiralinis-rinkinys-3-kamuoliukai.jpg\",\"width\":2560,\"height\":2560,\"caption\":\"kamuoliuk\u0173 takelio spiralinis rinkinys + 3 kamuoliukai\"},{\"@type\":\"BreadcrumbList\",\"@id\":\"https:\\\/\\\/kidsplay.lt\\\/produktas\\\/kamuoliuku-takelio-spiralinis-rinkinys-3-kamuoliukai\\\/#breadcrumb\",\"itemListElement\":[{\"@type\":\"ListItem\",\"position\":1,\"name\":\"Pagrindinis\",\"item\":\"https:\\\/\\\/kidsplay.lt\\\/\"},{\"@type\":\"ListItem\",\"position\":2,\"name\":\"Parduotuv\u0117\",\"item\":\"https:\\\/\\\/kidsplay.lt\\\/parduotuve\\\/\"},{\"@type\":\"ListItem\",\"position\":3,\"name\":\"kamuoliuk\u0173 takelio spiralinis rinkinys + 3 kamuoliukai\"}]},{\"@type\":\"WebSite\",\"@id\":\"https:\\\/\\\/kidsplay.lt\\\/#website\",\"url\":\"https:\\\/\\\/kidsplay.lt\\\/\",\"name\":\"Kidsplay.lt\",\"description\":\"\u012evairios prek\u0117s vaikams\",\"publisher\":{\"@id\":\"https:\\\/\\\/kidsplay.lt\\\/#organization\"},\"alternateName\":\"Kidsplay\",\"potentialAction\":[{\"@type\":\"SearchAction\",\"target\":{\"@type\":\"EntryPoint\",\"urlTemplate\":\"https:\\\/\\\/kidsplay.lt\\\/?s={search_term_string}\"},\"query-input\":{\"@type\":\"PropertyValueSpecification\",\"valueRequired\":true,\"valueName\":\"search_term_string\"}}],\"inLanguage\":\"lv-LV\"},{\"@type\":\"Organization\",\"@id\":\"https:\\\/\\\/kidsplay.lt\\\/#organization\",\"name\":\"KidsPlay\",\"url\":\"https:\\\/\\\/kidsplay.lt\\\/\",\"logo\":{\"@type\":\"ImageObject\",\"inLanguage\":\"lv-LV\",\"@id\":\"https:\\\/\\\/kidsplay.lt\\\/#\\\/schema\\\/logo\\\/image\\\/\",\"url\":\"https:\\\/\\\/kidsplay.lt\\\/wp-content\\\/uploads\\\/2023\\\/07\\\/kidsplay-logo.png\",\"contentUrl\":\"https:\\\/\\\/kidsplay.lt\\\/wp-content\\\/uploads\\\/2023\\\/07\\\/kidsplay-logo.png\",\"width\":451,\"height\":98,\"caption\":\"KidsPlay\"},\"image\":{\"@id\":\"https:\\\/\\\/kidsplay.lt\\\/#\\\/schema\\\/logo\\\/image\\\/\"},\"sameAs\":[\"https:\\\/\\\/www.facebook.com\\\/www.kidsplay.lt\"]}]}<\/script>\n<!-- \/ Yoast SEO plugin. -->","yoast_head_json":{"title":"Spir\u0101lveida bumbu trases komplekts + 3 bumbi\u0146as","description":"kamuoliuk\u0173 takelio spiralinis rinkinys + 3 kamuoliukai - KidsPlay. Did\u017eiausias vaik\u0173 \u017eaisl\u0173 pasirinkimas.","robots":{"index":"index","follow":"follow","max-snippet":"max-snippet:-1","max-image-preview":"max-image-preview:large","max-video-preview":"max-video-preview:-1"},"canonical":"https:\/\/kidsplay.lt\/lv\/products\/kamuoliuku-takelio-spiralinis-rinkinys-3-kamuoliukai\/","og_locale":"lv_LV","og_type":"article","og_title":"kamuoliuk\u0173 takelio spiralinis rinkinys + 3 kamuoliukai","og_description":"kamuoliuk\u0173 takelio spiralinis rinkinys + 3 kamuoliukai - KidsPlay. Did\u017eiausias vaik\u0173 \u017eaisl\u0173 pasirinkimas.","og_url":"https:\/\/kidsplay.lt\/lv\/products\/kamuoliuku-takelio-spiralinis-rinkinys-3-kamuoliukai\/","og_site_name":"KidsPlay","article_publisher":"https:\/\/www.facebook.com\/www.kidsplay.lt","article_modified_time":"2026-04-13T11:48:51+00:00","og_image":[{"width":2560,"height":2560,"url":"https:\/\/kidsplay.lt\/wp-content\/uploads\/2025\/03\/kamuoliuku-takelio-spiralinis-rinkinys-3-kamuoliukai.jpg","type":"image\/jpeg"}],"twitter_card":"summary_large_image","twitter_misc":{"Est. reading time":"1 min\u016bte"},"schema":{"@context":"https:\/\/schema.org","@graph":[{"@type":"WebPage","@id":"https:\/\/kidsplay.lt\/produktas\/kamuoliuku-takelio-spiralinis-rinkinys-3-kamuoliukai\/","url":"https:\/\/kidsplay.lt\/produktas\/kamuoliuku-takelio-spiralinis-rinkinys-3-kamuoliukai\/","name":"Spir\u0101lveida bumbu trases komplekts + 3 bumbi\u0146as","isPartOf":{"@id":"https:\/\/kidsplay.lt\/#website"},"primaryImageOfPage":{"@id":"https:\/\/kidsplay.lt\/produktas\/kamuoliuku-takelio-spiralinis-rinkinys-3-kamuoliukai\/#primaryimage"},"image":{"@id":"https:\/\/kidsplay.lt\/produktas\/kamuoliuku-takelio-spiralinis-rinkinys-3-kamuoliukai\/#primaryimage"},"thumbnailUrl":"https:\/\/kidsplay.lt\/wp-content\/uploads\/2025\/03\/kamuoliuku-takelio-spiralinis-rinkinys-3-kamuoliukai.jpg","datePublished":"2026-02-26T07:12:24+00:00","dateModified":"2026-04-13T11:48:51+00:00","description":"kamuoliuk\u0173 takelio spiralinis rinkinys + 3 kamuoliukai - KidsPlay. Did\u017eiausias vaik\u0173 \u017eaisl\u0173 pasirinkimas.","breadcrumb":{"@id":"https:\/\/kidsplay.lt\/produktas\/kamuoliuku-takelio-spiralinis-rinkinys-3-kamuoliukai\/#breadcrumb"},"inLanguage":"lv-LV","potentialAction":[{"@type":"ReadAction","target":["https:\/\/kidsplay.lt\/produktas\/kamuoliuku-takelio-spiralinis-rinkinys-3-kamuoliukai\/"]}]},{"@type":"ImageObject","inLanguage":"lv-LV","@id":"https:\/\/kidsplay.lt\/produktas\/kamuoliuku-takelio-spiralinis-rinkinys-3-kamuoliukai\/#primaryimage","url":"https:\/\/kidsplay.lt\/wp-content\/uploads\/2025\/03\/kamuoliuku-takelio-spiralinis-rinkinys-3-kamuoliukai.jpg","contentUrl":"https:\/\/kidsplay.lt\/wp-content\/uploads\/2025\/03\/kamuoliuku-takelio-spiralinis-rinkinys-3-kamuoliukai.jpg","width":2560,"height":2560,"caption":"kamuoliuk\u0173 takelio spiralinis rinkinys + 3 kamuoliukai"},{"@type":"BreadcrumbList","@id":"https:\/\/kidsplay.lt\/produktas\/kamuoliuku-takelio-spiralinis-rinkinys-3-kamuoliukai\/#breadcrumb","itemListElement":[{"@type":"ListItem","position":1,"name":"Pagrindinis","item":"https:\/\/kidsplay.lt\/"},{"@type":"ListItem","position":2,"name":"Parduotuv\u0117","item":"https:\/\/kidsplay.lt\/parduotuve\/"},{"@type":"ListItem","position":3,"name":"kamuoliuk\u0173 takelio spiralinis rinkinys + 3 kamuoliukai"}]},{"@type":"WebSite","@id":"https:\/\/kidsplay.lt\/#website","url":"https:\/\/kidsplay.lt\/","name":"B\u0113rnu sp\u0113les.lv","description":"\u012evairios prek\u0117s vaikams","publisher":{"@id":"https:\/\/kidsplay.lt\/#organization"},"alternateName":"Kidsplay","potentialAction":[{"@type":"SearchAction","target":{"@type":"EntryPoint","urlTemplate":"https:\/\/kidsplay.lt\/?s={search_term_string}"},"query-input":{"@type":"PropertyValueSpecification","valueRequired":true,"valueName":"search_term_string"}}],"inLanguage":"lv-LV"},{"@type":"Organization","@id":"https:\/\/kidsplay.lt\/#organization","name":"B\u0113rnu sp\u0113le","url":"https:\/\/kidsplay.lt\/","logo":{"@type":"ImageObject","inLanguage":"lv-LV","@id":"https:\/\/kidsplay.lt\/#\/schema\/logo\/image\/","url":"https:\/\/kidsplay.lt\/wp-content\/uploads\/2023\/07\/kidsplay-logo.png","contentUrl":"https:\/\/kidsplay.lt\/wp-content\/uploads\/2023\/07\/kidsplay-logo.png","width":451,"height":98,"caption":"KidsPlay"},"image":{"@id":"https:\/\/kidsplay.lt\/#\/schema\/logo\/image\/"},"sameAs":["https:\/\/www.facebook.com\/www.kidsplay.lt"]}]}},"_links":{"self":[{"href":"https:\/\/kidsplay.lt\/lv\/wp-json\/wp\/v2\/product\/89297","targetHints":{"allow":["GET"]}}],"collection":[{"href":"https:\/\/kidsplay.lt\/lv\/wp-json\/wp\/v2\/product"}],"about":[{"href":"https:\/\/kidsplay.lt\/lv\/wp-json\/wp\/v2\/types\/product"}],"version-history":[{"count":1,"href":"https:\/\/kidsplay.lt\/lv\/wp-json\/wp\/v2\/product\/89297\/revisions"}],"predecessor-version":[{"id":89298,"href":"https:\/\/kidsplay.lt\/lv\/wp-json\/wp\/v2\/product\/89297\/revisions\/89298"}],"wp:featuredmedia":[{"embeddable":true,"href":"https:\/\/kidsplay.lt\/lv\/wp-json\/wp\/v2\/media\/60769"}],"wp:attachment":[{"href":"https:\/\/kidsplay.lt\/lv\/wp-json\/wp\/v2\/media?parent=89297"}],"wp:term":[{"taxonomy":"product_brand","embeddable":true,"href":"https:\/\/kidsplay.lt\/lv\/wp-json\/wp\/v2\/product_brand?post=89297"},{"taxonomy":"product_cat","embeddable":true,"href":"https:\/\/kidsplay.lt\/lv\/wp-json\/wp\/v2\/product_cat?post=89297"},{"taxonomy":"product_tag","embeddable":true,"href":"https:\/\/kidsplay.lt\/lv\/wp-json\/wp\/v2\/product_tag?post=89297"}],"curies":[{"name":"wp","href":"https:\/\/api.w.org\/{rel}","templated":true}]}}