{"id":89314,"date":"2026-02-26T09:12:48","date_gmt":"2026-02-26T07:12:48","guid":{"rendered":"https:\/\/kidsplay.lt\/produktas\/viga-kuno-balansavimo-labirintu-rinkinys\/"},"modified":"2026-04-07T10:27:34","modified_gmt":"2026-04-07T07:27:34","slug":"viga-kuno-balansavimo-labirintu-rinkinys","status":"publish","type":"product","link":"https:\/\/kidsplay.lt\/lv\/products\/viga-kuno-balansavimo-labirintu-rinkinys\/","title":{"rendered":"VIGA k\u016bno balansavimo labirint\u0173 rinkinys"},"content":{"rendered":"<p>VIGA balansavimo labirint\u0173 rinkinys \u2014 tai inovatyvus judesio \u017eaidimas, kuris \u012ftraukia vis\u0105 k\u016bn\u0105 ir paver\u010dia fizin\u0119 veikl\u0105 tikru i\u0161\u0161\u016bkiu. Vaikas (ar net suaug\u0119s!) u\u017esisega labirint\u0105 ant liemens, kr\u016btin\u0117s, koj\u0173 ar rank\u0173 ir, judindamas k\u016bn\u0105, turi nukreipti kamuoliuk\u0105 per vingiuot\u0105 tras\u0105.<\/p>\n<p>Dviej\u0173 skirting\u0173 labirint\u0173 ir dviej\u0173 skirtingo svorio kamuoliuk\u0173 derinys leid\u017eia pasirinkti sud\u0117tingumo lyg\u012f, o \u017eaidimas gali vykti tiek solo, tiek poroje, suteikdamas daug juoko, azarto ir sveiko jud\u0117jimo.<\/p>\n<p>Raksturojums<\/p>\n<p> \tB\u0113rniem no 3 gadu vecuma<br \/>\n \tPasi\u016bl\u0173 ilgis: 46\u201395 cm (reguliuojamas)<br \/>\n \tLabirint\u0173 dyd\u017eiai:<\/p>\n<p> \t29,2 \u00d7 15,4 \u00d7 10 cm<br \/>\n \t28,8 \u00d7 15 \u00d7 10 cm<\/p>\n<p> \tRinkinyje:<\/p>\n<p> \t2 mediniai labirintai<br \/>\n \t2 kamuoliukai: lengvas medinis ir sunkesnis metalinis<\/p>\n<p> \tReguliuojami dir\u017eai \u2014 galima tvirtinti ant liemens, kr\u016btin\u0117s, koj\u0173 ar rank\u0173<br \/>\n \tTinka \u017eaidimams vienam arba poroje<\/p>\n<p>Rota\u013clietu lav\u012bna<\/p>\n<p> \tJudesi\u0173 koordinacij\u0105<br \/>\n \tPusiausvyr\u0105 ir k\u016bno kontrol\u0119<br \/>\n \tStambi\u0105j\u0105 motorik\u0105<br \/>\n \tKoncentracij\u0105 ir kantryb\u0119<br \/>\n \tSocialinius \u012fg\u016bd\u017eius \u017eaid\u017eiant poroje ar grup\u0117je<\/p>","protected":false},"excerpt":{"rendered":"<p>VIGA balansavimo labirint\u0173 rinkinys \u2014 tai inovatyvus judesio \u017eaidimas, kuris \u012ftraukia vis\u0105 k\u016bn\u0105 ir paver\u010dia fizin\u0119 veikl\u0105 tikru i\u0161\u0161\u016bkiu. Vaikas<\/p>","protected":false},"featured_media":89316,"template":"","meta":{"_acf_changed":false,"_glsr_average":0,"_glsr_ranking":0,"_glsr_reviews":0},"product_brand":[],"product_cat":[388,229],"product_tag":[],"class_list":{"0":"post-89314","1":"product","2":"type-product","3":"status-publish","4":"has-post-thumbnail","6":"product_cat-edukaciniai-lavinamieji-zaislai","7":"product_cat-zaislai-vaikams","8":"\"style=\"background-color: #2ecc711c;\"","10":"first","11":"instock","12":"purchasable","13":"product-type-simple"},"acf":[],"yoast_head":"<!-- This site is optimized with the Yoast SEO plugin v27.3 - https:\/\/yoast.com\/product\/yoast-seo-wordpress\/ -->\n<title>VIGA k\u016bno balansavimo labirint\u0173 rinkinys<\/title>\n<meta name=\"description\" content=\"VIGA k\u016bno balansavimo labirint\u0173 rinkinys - KidsPlay. Did\u017eiausias vaik\u0173 \u017eaisl\u0173 pasirinkimas.\" \/>\n<meta name=\"robots\" content=\"index, follow, max-snippet:-1, max-image-preview:large, max-video-preview:-1\" \/>\n<link rel=\"canonical\" href=\"https:\/\/kidsplay.lt\/lv\/products\/viga-kuno-balansavimo-labirintu-rinkinys\/\" \/>\n<meta property=\"og:locale\" content=\"lv_LV\" \/>\n<meta property=\"og:type\" content=\"article\" \/>\n<meta property=\"og:title\" content=\"VIGA k\u016bno balansavimo labirint\u0173 rinkinys\" \/>\n<meta property=\"og:description\" content=\"VIGA k\u016bno balansavimo labirint\u0173 rinkinys - KidsPlay. Did\u017eiausias vaik\u0173 \u017eaisl\u0173 pasirinkimas.\" \/>\n<meta property=\"og:url\" content=\"https:\/\/kidsplay.lt\/lv\/products\/viga-kuno-balansavimo-labirintu-rinkinys\/\" \/>\n<meta property=\"og:site_name\" content=\"KidsPlay\" \/>\n<meta property=\"article:publisher\" content=\"https:\/\/www.facebook.com\/www.kidsplay.lt\" \/>\n<meta property=\"article:modified_time\" content=\"2026-04-07T07:27:34+00:00\" \/>\n<meta property=\"og:image\" content=\"https:\/\/kidsplay.lt\/wp-content\/uploads\/2026\/02\/VIGA-kuno-balansavimo-labirintu-rinkinys.jpg\" \/>\n\t<meta property=\"og:image:width\" content=\"2560\" \/>\n\t<meta property=\"og:image:height\" content=\"2560\" \/>\n\t<meta property=\"og:image:type\" content=\"image\/jpeg\" \/>\n<meta name=\"twitter:card\" content=\"summary_large_image\" \/>\n<meta name=\"twitter:label1\" content=\"Est. reading time\" \/>\n\t<meta name=\"twitter:data1\" content=\"1 min\u016bte\" \/>\n<script type=\"application\/ld+json\" class=\"yoast-schema-graph\">{\"@context\":\"https:\\\/\\\/schema.org\",\"@graph\":[{\"@type\":\"WebPage\",\"@id\":\"https:\\\/\\\/kidsplay.lt\\\/produktas\\\/viga-kuno-balansavimo-labirintu-rinkinys\\\/\",\"url\":\"https:\\\/\\\/kidsplay.lt\\\/produktas\\\/viga-kuno-balansavimo-labirintu-rinkinys\\\/\",\"name\":\"VIGA k\u016bno balansavimo labirint\u0173 rinkinys\",\"isPartOf\":{\"@id\":\"https:\\\/\\\/kidsplay.lt\\\/#website\"},\"primaryImageOfPage\":{\"@id\":\"https:\\\/\\\/kidsplay.lt\\\/produktas\\\/viga-kuno-balansavimo-labirintu-rinkinys\\\/#primaryimage\"},\"image\":{\"@id\":\"https:\\\/\\\/kidsplay.lt\\\/produktas\\\/viga-kuno-balansavimo-labirintu-rinkinys\\\/#primaryimage\"},\"thumbnailUrl\":\"https:\\\/\\\/kidsplay.lt\\\/wp-content\\\/uploads\\\/2026\\\/02\\\/VIGA-kuno-balansavimo-labirintu-rinkinys.jpg\",\"datePublished\":\"2026-02-26T07:12:48+00:00\",\"dateModified\":\"2026-04-07T07:27:34+00:00\",\"description\":\"VIGA k\u016bno balansavimo labirint\u0173 rinkinys - KidsPlay. Did\u017eiausias vaik\u0173 \u017eaisl\u0173 pasirinkimas.\",\"breadcrumb\":{\"@id\":\"https:\\\/\\\/kidsplay.lt\\\/produktas\\\/viga-kuno-balansavimo-labirintu-rinkinys\\\/#breadcrumb\"},\"inLanguage\":\"lv-LV\",\"potentialAction\":[{\"@type\":\"ReadAction\",\"target\":[\"https:\\\/\\\/kidsplay.lt\\\/produktas\\\/viga-kuno-balansavimo-labirintu-rinkinys\\\/\"]}]},{\"@type\":\"ImageObject\",\"inLanguage\":\"lv-LV\",\"@id\":\"https:\\\/\\\/kidsplay.lt\\\/produktas\\\/viga-kuno-balansavimo-labirintu-rinkinys\\\/#primaryimage\",\"url\":\"https:\\\/\\\/kidsplay.lt\\\/wp-content\\\/uploads\\\/2026\\\/02\\\/VIGA-kuno-balansavimo-labirintu-rinkinys.jpg\",\"contentUrl\":\"https:\\\/\\\/kidsplay.lt\\\/wp-content\\\/uploads\\\/2026\\\/02\\\/VIGA-kuno-balansavimo-labirintu-rinkinys.jpg\",\"width\":2560,\"height\":2560,\"caption\":\"VIGA k\u016bno balansavimo labirint\u0173 rinkinys\"},{\"@type\":\"BreadcrumbList\",\"@id\":\"https:\\\/\\\/kidsplay.lt\\\/produktas\\\/viga-kuno-balansavimo-labirintu-rinkinys\\\/#breadcrumb\",\"itemListElement\":[{\"@type\":\"ListItem\",\"position\":1,\"name\":\"Pagrindinis\",\"item\":\"https:\\\/\\\/kidsplay.lt\\\/\"},{\"@type\":\"ListItem\",\"position\":2,\"name\":\"Parduotuv\u0117\",\"item\":\"https:\\\/\\\/kidsplay.lt\\\/parduotuve\\\/\"},{\"@type\":\"ListItem\",\"position\":3,\"name\":\"VIGA k\u016bno balansavimo labirint\u0173 rinkinys\"}]},{\"@type\":\"WebSite\",\"@id\":\"https:\\\/\\\/kidsplay.lt\\\/#website\",\"url\":\"https:\\\/\\\/kidsplay.lt\\\/\",\"name\":\"Kidsplay.lt\",\"description\":\"\u012evairios prek\u0117s vaikams\",\"publisher\":{\"@id\":\"https:\\\/\\\/kidsplay.lt\\\/#organization\"},\"alternateName\":\"Kidsplay\",\"potentialAction\":[{\"@type\":\"SearchAction\",\"target\":{\"@type\":\"EntryPoint\",\"urlTemplate\":\"https:\\\/\\\/kidsplay.lt\\\/?s={search_term_string}\"},\"query-input\":{\"@type\":\"PropertyValueSpecification\",\"valueRequired\":true,\"valueName\":\"search_term_string\"}}],\"inLanguage\":\"lv-LV\"},{\"@type\":\"Organization\",\"@id\":\"https:\\\/\\\/kidsplay.lt\\\/#organization\",\"name\":\"KidsPlay\",\"url\":\"https:\\\/\\\/kidsplay.lt\\\/\",\"logo\":{\"@type\":\"ImageObject\",\"inLanguage\":\"lv-LV\",\"@id\":\"https:\\\/\\\/kidsplay.lt\\\/#\\\/schema\\\/logo\\\/image\\\/\",\"url\":\"https:\\\/\\\/kidsplay.lt\\\/wp-content\\\/uploads\\\/2023\\\/07\\\/kidsplay-logo.png\",\"contentUrl\":\"https:\\\/\\\/kidsplay.lt\\\/wp-content\\\/uploads\\\/2023\\\/07\\\/kidsplay-logo.png\",\"width\":451,\"height\":98,\"caption\":\"KidsPlay\"},\"image\":{\"@id\":\"https:\\\/\\\/kidsplay.lt\\\/#\\\/schema\\\/logo\\\/image\\\/\"},\"sameAs\":[\"https:\\\/\\\/www.facebook.com\\\/www.kidsplay.lt\"]}]}<\/script>\n<!-- \/ Yoast SEO plugin. -->","yoast_head_json":{"title":"VIGA k\u016bno balansavimo labirint\u0173 rinkinys","description":"VIGA k\u016bno balansavimo labirint\u0173 rinkinys - KidsPlay. Did\u017eiausias vaik\u0173 \u017eaisl\u0173 pasirinkimas.","robots":{"index":"index","follow":"follow","max-snippet":"max-snippet:-1","max-image-preview":"max-image-preview:large","max-video-preview":"max-video-preview:-1"},"canonical":"https:\/\/kidsplay.lt\/lv\/products\/viga-kuno-balansavimo-labirintu-rinkinys\/","og_locale":"lv_LV","og_type":"article","og_title":"VIGA k\u016bno balansavimo labirint\u0173 rinkinys","og_description":"VIGA k\u016bno balansavimo labirint\u0173 rinkinys - KidsPlay. Did\u017eiausias vaik\u0173 \u017eaisl\u0173 pasirinkimas.","og_url":"https:\/\/kidsplay.lt\/lv\/products\/viga-kuno-balansavimo-labirintu-rinkinys\/","og_site_name":"KidsPlay","article_publisher":"https:\/\/www.facebook.com\/www.kidsplay.lt","article_modified_time":"2026-04-07T07:27:34+00:00","og_image":[{"width":2560,"height":2560,"url":"https:\/\/kidsplay.lt\/wp-content\/uploads\/2026\/02\/VIGA-kuno-balansavimo-labirintu-rinkinys.jpg","type":"image\/jpeg"}],"twitter_card":"summary_large_image","twitter_misc":{"Est. reading time":"1 min\u016bte"},"schema":{"@context":"https:\/\/schema.org","@graph":[{"@type":"WebPage","@id":"https:\/\/kidsplay.lt\/produktas\/viga-kuno-balansavimo-labirintu-rinkinys\/","url":"https:\/\/kidsplay.lt\/produktas\/viga-kuno-balansavimo-labirintu-rinkinys\/","name":"VIGA k\u016bno balansavimo labirint\u0173 rinkinys","isPartOf":{"@id":"https:\/\/kidsplay.lt\/#website"},"primaryImageOfPage":{"@id":"https:\/\/kidsplay.lt\/produktas\/viga-kuno-balansavimo-labirintu-rinkinys\/#primaryimage"},"image":{"@id":"https:\/\/kidsplay.lt\/produktas\/viga-kuno-balansavimo-labirintu-rinkinys\/#primaryimage"},"thumbnailUrl":"https:\/\/kidsplay.lt\/wp-content\/uploads\/2026\/02\/VIGA-kuno-balansavimo-labirintu-rinkinys.jpg","datePublished":"2026-02-26T07:12:48+00:00","dateModified":"2026-04-07T07:27:34+00:00","description":"VIGA k\u016bno balansavimo labirint\u0173 rinkinys - KidsPlay. Did\u017eiausias vaik\u0173 \u017eaisl\u0173 pasirinkimas.","breadcrumb":{"@id":"https:\/\/kidsplay.lt\/produktas\/viga-kuno-balansavimo-labirintu-rinkinys\/#breadcrumb"},"inLanguage":"lv-LV","potentialAction":[{"@type":"ReadAction","target":["https:\/\/kidsplay.lt\/produktas\/viga-kuno-balansavimo-labirintu-rinkinys\/"]}]},{"@type":"ImageObject","inLanguage":"lv-LV","@id":"https:\/\/kidsplay.lt\/produktas\/viga-kuno-balansavimo-labirintu-rinkinys\/#primaryimage","url":"https:\/\/kidsplay.lt\/wp-content\/uploads\/2026\/02\/VIGA-kuno-balansavimo-labirintu-rinkinys.jpg","contentUrl":"https:\/\/kidsplay.lt\/wp-content\/uploads\/2026\/02\/VIGA-kuno-balansavimo-labirintu-rinkinys.jpg","width":2560,"height":2560,"caption":"VIGA k\u016bno balansavimo labirint\u0173 rinkinys"},{"@type":"BreadcrumbList","@id":"https:\/\/kidsplay.lt\/produktas\/viga-kuno-balansavimo-labirintu-rinkinys\/#breadcrumb","itemListElement":[{"@type":"ListItem","position":1,"name":"Pagrindinis","item":"https:\/\/kidsplay.lt\/"},{"@type":"ListItem","position":2,"name":"Parduotuv\u0117","item":"https:\/\/kidsplay.lt\/parduotuve\/"},{"@type":"ListItem","position":3,"name":"VIGA k\u016bno balansavimo labirint\u0173 rinkinys"}]},{"@type":"WebSite","@id":"https:\/\/kidsplay.lt\/#website","url":"https:\/\/kidsplay.lt\/","name":"B\u0113rnu sp\u0113les.lv","description":"\u012evairios prek\u0117s vaikams","publisher":{"@id":"https:\/\/kidsplay.lt\/#organization"},"alternateName":"Kidsplay","potentialAction":[{"@type":"SearchAction","target":{"@type":"EntryPoint","urlTemplate":"https:\/\/kidsplay.lt\/?s={search_term_string}"},"query-input":{"@type":"PropertyValueSpecification","valueRequired":true,"valueName":"search_term_string"}}],"inLanguage":"lv-LV"},{"@type":"Organization","@id":"https:\/\/kidsplay.lt\/#organization","name":"B\u0113rnu sp\u0113le","url":"https:\/\/kidsplay.lt\/","logo":{"@type":"ImageObject","inLanguage":"lv-LV","@id":"https:\/\/kidsplay.lt\/#\/schema\/logo\/image\/","url":"https:\/\/kidsplay.lt\/wp-content\/uploads\/2023\/07\/kidsplay-logo.png","contentUrl":"https:\/\/kidsplay.lt\/wp-content\/uploads\/2023\/07\/kidsplay-logo.png","width":451,"height":98,"caption":"KidsPlay"},"image":{"@id":"https:\/\/kidsplay.lt\/#\/schema\/logo\/image\/"},"sameAs":["https:\/\/www.facebook.com\/www.kidsplay.lt"]}]}},"_links":{"self":[{"href":"https:\/\/kidsplay.lt\/lv\/wp-json\/wp\/v2\/product\/89314","targetHints":{"allow":["GET"]}}],"collection":[{"href":"https:\/\/kidsplay.lt\/lv\/wp-json\/wp\/v2\/product"}],"about":[{"href":"https:\/\/kidsplay.lt\/lv\/wp-json\/wp\/v2\/types\/product"}],"version-history":[{"count":1,"href":"https:\/\/kidsplay.lt\/lv\/wp-json\/wp\/v2\/product\/89314\/revisions"}],"predecessor-version":[{"id":89315,"href":"https:\/\/kidsplay.lt\/lv\/wp-json\/wp\/v2\/product\/89314\/revisions\/89315"}],"wp:featuredmedia":[{"embeddable":true,"href":"https:\/\/kidsplay.lt\/lv\/wp-json\/wp\/v2\/media\/89316"}],"wp:attachment":[{"href":"https:\/\/kidsplay.lt\/lv\/wp-json\/wp\/v2\/media?parent=89314"}],"wp:term":[{"taxonomy":"product_brand","embeddable":true,"href":"https:\/\/kidsplay.lt\/lv\/wp-json\/wp\/v2\/product_brand?post=89314"},{"taxonomy":"product_cat","embeddable":true,"href":"https:\/\/kidsplay.lt\/lv\/wp-json\/wp\/v2\/product_cat?post=89314"},{"taxonomy":"product_tag","embeddable":true,"href":"https:\/\/kidsplay.lt\/lv\/wp-json\/wp\/v2\/product_tag?post=89314"}],"curies":[{"name":"wp","href":"https:\/\/api.w.org\/{rel}","templated":true}]}}