{"id":89319,"date":"2026-02-26T09:13:01","date_gmt":"2026-02-26T07:13:01","guid":{"rendered":"https:\/\/kidsplay.lt\/produktas\/viga-montessori-sienos-arkos-manipuliavimo-lenta\/"},"modified":"2026-04-13T14:49:13","modified_gmt":"2026-04-13T11:49:13","slug":"viga-montessori-sienos-arkos-manipuliavimo-lenta","status":"publish","type":"product","link":"https:\/\/kidsplay.lt\/lv\/products\/viga-montessori-sienos-arkos-manipuliavimo-lenta\/","title":{"rendered":"VIGA Montessori sienos arkos manipuliavimo lenta"},"content":{"rendered":"<p>VIGA Sensory Arch Montessori Wall Manipulative Board\u00a0\u2013 tai lavinantis \u017eaislas, lavinantis rankinius \u012fg\u016bd\u017eius ir skatinantis vaik\u0173 smalsum\u0105. \u012evairi\u0173 element\u0173 d\u0117ka jame galima \u017eaisti i\u0161tisas valandas, tuo pa\u010diu palaikont jutimo vystym\u0105si ir rank\u0173 bei aki\u0173 koordinacij\u0105. Tvirtas darbas ir d\u0117mesys detal\u0117ms daro lent\u0105 puikiu pasirinkimu namuose, dar\u017eelyje ar \u017eaidim\u0173 kambaryje!<\/p>\n<p>Raksturojums:<\/p>\n<p> \tAm\u017eius:\u00a018 m\u0117nesi\u0173<br \/>\n \tLenktas dizainas:\u00a0tinka \u012fvairaus \u016bgio vaikams<br \/>\n \tGalimyb\u0117 bet kokia konfig\u016bracija:\u00a0lenta susideda i\u0161 5 dali\u0173, kurios gali b\u016bti i\u0161d\u0117stytos \u012fvairia tvarka<br \/>\n \tLengva transportuoti ir surinkti<\/p>\n<p>12 interaktyvi\u0173 element\u0173:<\/p>\n<p> \t&#8211; besisukan\u010dios pavaros,<br \/>\n \t&#8211; or\u0173 lenta,<br \/>\n \t&#8211; ried\u0117jimo diskas,<br \/>\n \t&#8211; kalad\u0117li\u0173 derinimas prie form\u0173,<br \/>\n \t&#8211; cimbolai,<br \/>\n \t&#8211; \u012fgaubtas ir i\u0161gaubtas veidrodis,<br \/>\n \t&#8211; gongas<br \/>\n \t&#8211; Kilnojami karoliukai<br \/>\n \t&#8211; Labirintas<br \/>\n \t&#8211; Termometras<br \/>\n \t&#8211; Sezono pasikeitimas<\/p>\n<p>\u017daislas vysto:<\/p>\n<p> \tRank\u0173 miklumas ir rank\u0173 bei aki\u0173 koordinacija<br \/>\n \tForm\u0173 ir spalv\u0173 atpa\u017einimas<br \/>\n \tSensorinis suvokimas<br \/>\n \tMuzikinis talentas ir k\u016brybi\u0161kumas<br \/>\n \tSusikaupimas ir loginis m\u0105stymas<\/p>","protected":false},"excerpt":{"rendered":"<p>VIGA Sensory Arch Montessori Wall Manipulative Board\u00a0\u2013 tai lavinantis \u017eaislas, lavinantis rankinius \u012fg\u016bd\u017eius ir skatinantis vaik\u0173 smalsum\u0105. \u012evairi\u0173 element\u0173 d\u0117ka<\/p>","protected":false},"featured_media":60773,"template":"","meta":{"_acf_changed":false,"_glsr_average":0,"_glsr_ranking":0,"_glsr_reviews":0},"product_brand":[],"product_cat":[549],"product_tag":[],"class_list":{"0":"post-89319","1":"product","2":"type-product","3":"status-publish","4":"has-post-thumbnail","6":"product_cat-manipuliacines-lentos","7":"\"style=\"background-color: #2ecc711c;\"","9":"first","10":"instock","11":"purchasable","12":"product-type-simple"},"acf":[],"yoast_head":"<!-- This site is optimized with the Yoast SEO plugin v27.4 - https:\/\/yoast.com\/product\/yoast-seo-wordpress\/ -->\n<title>VIGA Montessori sienos arkos manipuliavimo lenta<\/title>\n<meta name=\"description\" content=\"VIGA Montessori sienos arkos manipuliavimo lenta - KidsPlay. Did\u017eiausias vaik\u0173 \u017eaisl\u0173 pasirinkimas.\" \/>\n<meta name=\"robots\" content=\"index, follow, max-snippet:-1, max-image-preview:large, max-video-preview:-1\" \/>\n<link rel=\"canonical\" href=\"https:\/\/kidsplay.lt\/lv\/products\/viga-montessori-sienos-arkos-manipuliavimo-lenta\/\" \/>\n<meta property=\"og:locale\" content=\"lv_LV\" \/>\n<meta property=\"og:type\" content=\"article\" \/>\n<meta property=\"og:title\" content=\"VIGA Montessori sienos arkos manipuliavimo lenta\" \/>\n<meta property=\"og:description\" content=\"VIGA Montessori sienos arkos manipuliavimo lenta - KidsPlay. Did\u017eiausias vaik\u0173 \u017eaisl\u0173 pasirinkimas.\" \/>\n<meta property=\"og:url\" content=\"https:\/\/kidsplay.lt\/lv\/products\/viga-montessori-sienos-arkos-manipuliavimo-lenta\/\" \/>\n<meta property=\"og:site_name\" content=\"KidsPlay\" \/>\n<meta property=\"article:publisher\" content=\"https:\/\/www.facebook.com\/www.kidsplay.lt\" \/>\n<meta property=\"article:modified_time\" content=\"2026-04-13T11:49:13+00:00\" \/>\n<meta property=\"og:image\" content=\"https:\/\/kidsplay.lt\/wp-content\/uploads\/2025\/03\/VIGA-Montessori-sienos-arkos-manipuliavimo-lenta.jpg\" \/>\n\t<meta property=\"og:image:width\" content=\"2560\" \/>\n\t<meta property=\"og:image:height\" content=\"2560\" \/>\n\t<meta property=\"og:image:type\" content=\"image\/jpeg\" \/>\n<meta name=\"twitter:card\" content=\"summary_large_image\" \/>\n<meta name=\"twitter:label1\" content=\"Est. reading time\" \/>\n\t<meta name=\"twitter:data1\" content=\"1 min\u016bte\" \/>\n<script type=\"application\/ld+json\" class=\"yoast-schema-graph\">{\"@context\":\"https:\\\/\\\/schema.org\",\"@graph\":[{\"@type\":\"WebPage\",\"@id\":\"https:\\\/\\\/kidsplay.lt\\\/produktas\\\/viga-montessori-sienos-arkos-manipuliavimo-lenta\\\/\",\"url\":\"https:\\\/\\\/kidsplay.lt\\\/produktas\\\/viga-montessori-sienos-arkos-manipuliavimo-lenta\\\/\",\"name\":\"VIGA Montessori sienos arkos manipuliavimo lenta\",\"isPartOf\":{\"@id\":\"https:\\\/\\\/kidsplay.lt\\\/#website\"},\"primaryImageOfPage\":{\"@id\":\"https:\\\/\\\/kidsplay.lt\\\/produktas\\\/viga-montessori-sienos-arkos-manipuliavimo-lenta\\\/#primaryimage\"},\"image\":{\"@id\":\"https:\\\/\\\/kidsplay.lt\\\/produktas\\\/viga-montessori-sienos-arkos-manipuliavimo-lenta\\\/#primaryimage\"},\"thumbnailUrl\":\"https:\\\/\\\/kidsplay.lt\\\/wp-content\\\/uploads\\\/2025\\\/03\\\/VIGA-Montessori-sienos-arkos-manipuliavimo-lenta.jpg\",\"datePublished\":\"2026-02-26T07:13:01+00:00\",\"dateModified\":\"2026-04-13T11:49:13+00:00\",\"description\":\"VIGA Montessori sienos arkos manipuliavimo lenta - KidsPlay. Did\u017eiausias vaik\u0173 \u017eaisl\u0173 pasirinkimas.\",\"breadcrumb\":{\"@id\":\"https:\\\/\\\/kidsplay.lt\\\/produktas\\\/viga-montessori-sienos-arkos-manipuliavimo-lenta\\\/#breadcrumb\"},\"inLanguage\":\"lv-LV\",\"potentialAction\":[{\"@type\":\"ReadAction\",\"target\":[\"https:\\\/\\\/kidsplay.lt\\\/produktas\\\/viga-montessori-sienos-arkos-manipuliavimo-lenta\\\/\"]}]},{\"@type\":\"ImageObject\",\"inLanguage\":\"lv-LV\",\"@id\":\"https:\\\/\\\/kidsplay.lt\\\/produktas\\\/viga-montessori-sienos-arkos-manipuliavimo-lenta\\\/#primaryimage\",\"url\":\"https:\\\/\\\/kidsplay.lt\\\/wp-content\\\/uploads\\\/2025\\\/03\\\/VIGA-Montessori-sienos-arkos-manipuliavimo-lenta.jpg\",\"contentUrl\":\"https:\\\/\\\/kidsplay.lt\\\/wp-content\\\/uploads\\\/2025\\\/03\\\/VIGA-Montessori-sienos-arkos-manipuliavimo-lenta.jpg\",\"width\":2560,\"height\":2560,\"caption\":\"VIGA Montessori sienos arkos manipuliavimo lenta\"},{\"@type\":\"BreadcrumbList\",\"@id\":\"https:\\\/\\\/kidsplay.lt\\\/produktas\\\/viga-montessori-sienos-arkos-manipuliavimo-lenta\\\/#breadcrumb\",\"itemListElement\":[{\"@type\":\"ListItem\",\"position\":1,\"name\":\"Pagrindinis\",\"item\":\"https:\\\/\\\/kidsplay.lt\\\/\"},{\"@type\":\"ListItem\",\"position\":2,\"name\":\"Parduotuv\u0117\",\"item\":\"https:\\\/\\\/kidsplay.lt\\\/parduotuve\\\/\"},{\"@type\":\"ListItem\",\"position\":3,\"name\":\"VIGA Montessori sienos arkos manipuliavimo lenta\"}]},{\"@type\":\"WebSite\",\"@id\":\"https:\\\/\\\/kidsplay.lt\\\/#website\",\"url\":\"https:\\\/\\\/kidsplay.lt\\\/\",\"name\":\"Kidsplay.lt\",\"description\":\"\u012evairios prek\u0117s vaikams\",\"publisher\":{\"@id\":\"https:\\\/\\\/kidsplay.lt\\\/#organization\"},\"alternateName\":\"Kidsplay\",\"potentialAction\":[{\"@type\":\"SearchAction\",\"target\":{\"@type\":\"EntryPoint\",\"urlTemplate\":\"https:\\\/\\\/kidsplay.lt\\\/?s={search_term_string}\"},\"query-input\":{\"@type\":\"PropertyValueSpecification\",\"valueRequired\":true,\"valueName\":\"search_term_string\"}}],\"inLanguage\":\"lv-LV\"},{\"@type\":\"Organization\",\"@id\":\"https:\\\/\\\/kidsplay.lt\\\/#organization\",\"name\":\"KidsPlay\",\"url\":\"https:\\\/\\\/kidsplay.lt\\\/\",\"logo\":{\"@type\":\"ImageObject\",\"inLanguage\":\"lv-LV\",\"@id\":\"https:\\\/\\\/kidsplay.lt\\\/#\\\/schema\\\/logo\\\/image\\\/\",\"url\":\"https:\\\/\\\/kidsplay.lt\\\/wp-content\\\/uploads\\\/2023\\\/07\\\/kidsplay-logo.png\",\"contentUrl\":\"https:\\\/\\\/kidsplay.lt\\\/wp-content\\\/uploads\\\/2023\\\/07\\\/kidsplay-logo.png\",\"width\":451,\"height\":98,\"caption\":\"KidsPlay\"},\"image\":{\"@id\":\"https:\\\/\\\/kidsplay.lt\\\/#\\\/schema\\\/logo\\\/image\\\/\"},\"sameAs\":[\"https:\\\/\\\/www.facebook.com\\\/www.kidsplay.lt\"]}]}<\/script>\n<!-- \/ Yoast SEO plugin. -->","yoast_head_json":{"title":"VIGA Montessori sienos arkos manipuliavimo lenta","description":"VIGA Montessori sienos arkos manipuliavimo lenta - KidsPlay. Did\u017eiausias vaik\u0173 \u017eaisl\u0173 pasirinkimas.","robots":{"index":"index","follow":"follow","max-snippet":"max-snippet:-1","max-image-preview":"max-image-preview:large","max-video-preview":"max-video-preview:-1"},"canonical":"https:\/\/kidsplay.lt\/lv\/products\/viga-montessori-sienos-arkos-manipuliavimo-lenta\/","og_locale":"lv_LV","og_type":"article","og_title":"VIGA Montessori sienos arkos manipuliavimo lenta","og_description":"VIGA Montessori sienos arkos manipuliavimo lenta - KidsPlay. Did\u017eiausias vaik\u0173 \u017eaisl\u0173 pasirinkimas.","og_url":"https:\/\/kidsplay.lt\/lv\/products\/viga-montessori-sienos-arkos-manipuliavimo-lenta\/","og_site_name":"KidsPlay","article_publisher":"https:\/\/www.facebook.com\/www.kidsplay.lt","article_modified_time":"2026-04-13T11:49:13+00:00","og_image":[{"width":2560,"height":2560,"url":"https:\/\/kidsplay.lt\/wp-content\/uploads\/2025\/03\/VIGA-Montessori-sienos-arkos-manipuliavimo-lenta.jpg","type":"image\/jpeg"}],"twitter_card":"summary_large_image","twitter_misc":{"Est. reading time":"1 min\u016bte"},"schema":{"@context":"https:\/\/schema.org","@graph":[{"@type":"WebPage","@id":"https:\/\/kidsplay.lt\/produktas\/viga-montessori-sienos-arkos-manipuliavimo-lenta\/","url":"https:\/\/kidsplay.lt\/produktas\/viga-montessori-sienos-arkos-manipuliavimo-lenta\/","name":"VIGA Montessori sienos arkos manipuliavimo lenta","isPartOf":{"@id":"https:\/\/kidsplay.lt\/#website"},"primaryImageOfPage":{"@id":"https:\/\/kidsplay.lt\/produktas\/viga-montessori-sienos-arkos-manipuliavimo-lenta\/#primaryimage"},"image":{"@id":"https:\/\/kidsplay.lt\/produktas\/viga-montessori-sienos-arkos-manipuliavimo-lenta\/#primaryimage"},"thumbnailUrl":"https:\/\/kidsplay.lt\/wp-content\/uploads\/2025\/03\/VIGA-Montessori-sienos-arkos-manipuliavimo-lenta.jpg","datePublished":"2026-02-26T07:13:01+00:00","dateModified":"2026-04-13T11:49:13+00:00","description":"VIGA Montessori sienos arkos manipuliavimo lenta - KidsPlay. Did\u017eiausias vaik\u0173 \u017eaisl\u0173 pasirinkimas.","breadcrumb":{"@id":"https:\/\/kidsplay.lt\/produktas\/viga-montessori-sienos-arkos-manipuliavimo-lenta\/#breadcrumb"},"inLanguage":"lv-LV","potentialAction":[{"@type":"ReadAction","target":["https:\/\/kidsplay.lt\/produktas\/viga-montessori-sienos-arkos-manipuliavimo-lenta\/"]}]},{"@type":"ImageObject","inLanguage":"lv-LV","@id":"https:\/\/kidsplay.lt\/produktas\/viga-montessori-sienos-arkos-manipuliavimo-lenta\/#primaryimage","url":"https:\/\/kidsplay.lt\/wp-content\/uploads\/2025\/03\/VIGA-Montessori-sienos-arkos-manipuliavimo-lenta.jpg","contentUrl":"https:\/\/kidsplay.lt\/wp-content\/uploads\/2025\/03\/VIGA-Montessori-sienos-arkos-manipuliavimo-lenta.jpg","width":2560,"height":2560,"caption":"VIGA Montessori sienos arkos manipuliavimo lenta"},{"@type":"BreadcrumbList","@id":"https:\/\/kidsplay.lt\/produktas\/viga-montessori-sienos-arkos-manipuliavimo-lenta\/#breadcrumb","itemListElement":[{"@type":"ListItem","position":1,"name":"Pagrindinis","item":"https:\/\/kidsplay.lt\/"},{"@type":"ListItem","position":2,"name":"Parduotuv\u0117","item":"https:\/\/kidsplay.lt\/parduotuve\/"},{"@type":"ListItem","position":3,"name":"VIGA Montessori sienos arkos manipuliavimo lenta"}]},{"@type":"WebSite","@id":"https:\/\/kidsplay.lt\/#website","url":"https:\/\/kidsplay.lt\/","name":"B\u0113rnu sp\u0113les.lv","description":"\u012evairios prek\u0117s vaikams","publisher":{"@id":"https:\/\/kidsplay.lt\/#organization"},"alternateName":"Kidsplay","potentialAction":[{"@type":"SearchAction","target":{"@type":"EntryPoint","urlTemplate":"https:\/\/kidsplay.lt\/?s={search_term_string}"},"query-input":{"@type":"PropertyValueSpecification","valueRequired":true,"valueName":"search_term_string"}}],"inLanguage":"lv-LV"},{"@type":"Organization","@id":"https:\/\/kidsplay.lt\/#organization","name":"B\u0113rnu sp\u0113le","url":"https:\/\/kidsplay.lt\/","logo":{"@type":"ImageObject","inLanguage":"lv-LV","@id":"https:\/\/kidsplay.lt\/#\/schema\/logo\/image\/","url":"https:\/\/kidsplay.lt\/wp-content\/uploads\/2023\/07\/kidsplay-logo.png","contentUrl":"https:\/\/kidsplay.lt\/wp-content\/uploads\/2023\/07\/kidsplay-logo.png","width":451,"height":98,"caption":"KidsPlay"},"image":{"@id":"https:\/\/kidsplay.lt\/#\/schema\/logo\/image\/"},"sameAs":["https:\/\/www.facebook.com\/www.kidsplay.lt"]}]}},"_links":{"self":[{"href":"https:\/\/kidsplay.lt\/lv\/wp-json\/wp\/v2\/product\/89319","targetHints":{"allow":["GET"]}}],"collection":[{"href":"https:\/\/kidsplay.lt\/lv\/wp-json\/wp\/v2\/product"}],"about":[{"href":"https:\/\/kidsplay.lt\/lv\/wp-json\/wp\/v2\/types\/product"}],"version-history":[{"count":1,"href":"https:\/\/kidsplay.lt\/lv\/wp-json\/wp\/v2\/product\/89319\/revisions"}],"predecessor-version":[{"id":89320,"href":"https:\/\/kidsplay.lt\/lv\/wp-json\/wp\/v2\/product\/89319\/revisions\/89320"}],"wp:featuredmedia":[{"embeddable":true,"href":"https:\/\/kidsplay.lt\/lv\/wp-json\/wp\/v2\/media\/60773"}],"wp:attachment":[{"href":"https:\/\/kidsplay.lt\/lv\/wp-json\/wp\/v2\/media?parent=89319"}],"wp:term":[{"taxonomy":"product_brand","embeddable":true,"href":"https:\/\/kidsplay.lt\/lv\/wp-json\/wp\/v2\/product_brand?post=89319"},{"taxonomy":"product_cat","embeddable":true,"href":"https:\/\/kidsplay.lt\/lv\/wp-json\/wp\/v2\/product_cat?post=89319"},{"taxonomy":"product_tag","embeddable":true,"href":"https:\/\/kidsplay.lt\/lv\/wp-json\/wp\/v2\/product_tag?post=89319"}],"curies":[{"name":"wp","href":"https:\/\/api.w.org\/{rel}","templated":true}]}}