{"id":89321,"date":"2026-02-26T09:13:03","date_gmt":"2026-02-26T07:13:03","guid":{"rendered":"https:\/\/kidsplay.lt\/produktas\/little-tikes-supamasis-suo-melynas-supamasis-zaislas\/"},"modified":"2026-03-10T17:30:18","modified_gmt":"2026-03-10T15:30:18","slug":"little-tikes-supamasis-suo-melynas-supamasis-zaislas","status":"publish","type":"product","link":"https:\/\/kidsplay.lt\/lv\/products\/little-tikes-supamasis-suo-melynas-supamasis-zaislas\/","title":{"rendered":"LITTLE TIKES supamasis \u0161uo, m\u0117lynas supamasis \u017eaislas"},"content":{"rendered":"<p>\u201eRockin&#8217; Puppy Rocker\u201c\u00a0\u2013 \u017eavus ir saugus \u017eaislas, sukurtas galvojant apie ma\u017eiausius vaikus. Jo miela forma, primenanti besi\u0161ypsant\u012f \u0161un\u012f, skatina vaikus \u017eaisti ir lavina j\u0173 vaizduot\u0119.<\/p>\n<p>\u201eRockin&#8217; Puppy Rocker\u201c supamoji k\u0117dut\u0117 yra ne tik d\u017eiaugsmo \u0161altinis, bet ir b\u016bdas lavinti vaik\u0173 motorinius \u012fg\u016bd\u017eius bei pusiausvyr\u0105. D\u0117l savo patvarumo ir lengvos prie\u017ei\u016bros tai populiarus t\u0117v\u0173 pasirinkimas.<\/p>\n<p>Rakstur\u012bgs:<\/p>\n<p> \t&#8211; Pritaikytas ma\u017eoms vaiko rankyt\u0117ms ir k\u016bnui, u\u017etikrina komfort\u0105 ir stabilum\u0105 supantis.<br \/>\n \t&#8211; Apval\u016bs kra\u0161tai ir tvirta konstrukcija garantuoja saugum\u0105 naudojimo metu.<br \/>\n \t&#8211; pavir\u0161ius pagamintas i\u0161 lygios, patvarios med\u017eiagos, tod\u0117l \u017eaisl\u0105 lengviau valyti.<br \/>\n \t&#8211; Tinka ma\u017eiems vaikams, padeda lavinti motorin\u0119 koordinacij\u0105 ir pusiausvyr\u0105.<br \/>\n \t&#8211; Draugi\u0161kas \u0161uns dizainas ry\u0161kiomis, linksmomis spalvomis puikiai tiks bet kuriame \u017eaidim\u0173 kambaryje.<\/p>","protected":false},"excerpt":{"rendered":"<p>\u201eRockin&#8217; Puppy Rocker\u201c\u00a0\u2013 \u017eavus ir saugus \u017eaislas, sukurtas galvojant apie ma\u017eiausius vaikus. Jo miela forma, primenanti besi\u0161ypsant\u012f \u0161un\u012f, skatina vaikus<\/p>","protected":false},"featured_media":62872,"template":"","meta":{"_acf_changed":false,"_glsr_average":0,"_glsr_ranking":0,"_glsr_reviews":0},"product_brand":[],"product_cat":[304,229],"product_tag":[],"class_list":{"0":"post-89321","1":"product","2":"type-product","3":"status-publish","4":"has-post-thumbnail","6":"product_cat-supami-zaislai","7":"product_cat-zaislai-vaikams","8":"\"style=\"background-color: #2ecc711c;\"","10":"first","11":"outofstock","12":"purchasable","13":"product-type-simple"},"acf":[],"yoast_head":"<!-- This site is optimized with the Yoast SEO plugin v27.3 - https:\/\/yoast.com\/product\/yoast-seo-wordpress\/ -->\n<title>LITTLE TIKES supamasis \u0161uo, m\u0117lynas supamasis \u017eaislas<\/title>\n<meta name=\"description\" content=\"LITTLE TIKES supamasis \u0161uo, m\u0117lynas supamasis \u017eaislas - KidsPlay. Did\u017eiausias vaik\u0173 \u017eaisl\u0173 pasirinkimas.\" \/>\n<meta name=\"robots\" content=\"index, follow, max-snippet:-1, max-image-preview:large, max-video-preview:-1\" \/>\n<link rel=\"canonical\" href=\"https:\/\/kidsplay.lt\/lv\/products\/little-tikes-supamasis-suo-melynas-supamasis-zaislas\/\" \/>\n<meta property=\"og:locale\" content=\"lv_LV\" \/>\n<meta property=\"og:type\" content=\"article\" \/>\n<meta property=\"og:title\" content=\"LITTLE TIKES supamasis \u0161uo, m\u0117lynas supamasis \u017eaislas\" \/>\n<meta property=\"og:description\" content=\"LITTLE TIKES supamasis \u0161uo, m\u0117lynas supamasis \u017eaislas - KidsPlay. Did\u017eiausias vaik\u0173 \u017eaisl\u0173 pasirinkimas.\" \/>\n<meta property=\"og:url\" content=\"https:\/\/kidsplay.lt\/lv\/products\/little-tikes-supamasis-suo-melynas-supamasis-zaislas\/\" \/>\n<meta property=\"og:site_name\" content=\"KidsPlay\" \/>\n<meta property=\"article:publisher\" content=\"https:\/\/www.facebook.com\/www.kidsplay.lt\" \/>\n<meta property=\"article:modified_time\" content=\"2026-03-10T15:30:18+00:00\" \/>\n<meta property=\"og:image\" content=\"https:\/\/kidsplay.lt\/wp-content\/uploads\/2025\/09\/LITTLE-TIKES-supamasis-suo-melynas-supamasis-zaislas.jpg\" \/>\n\t<meta property=\"og:image:width\" content=\"2560\" \/>\n\t<meta property=\"og:image:height\" content=\"2560\" \/>\n\t<meta property=\"og:image:type\" content=\"image\/jpeg\" \/>\n<meta name=\"twitter:card\" content=\"summary_large_image\" \/>\n<meta name=\"twitter:label1\" content=\"Est. reading time\" \/>\n\t<meta name=\"twitter:data1\" content=\"1 min\u016bte\" \/>\n<script type=\"application\/ld+json\" class=\"yoast-schema-graph\">{\"@context\":\"https:\\\/\\\/schema.org\",\"@graph\":[{\"@type\":\"WebPage\",\"@id\":\"https:\\\/\\\/kidsplay.lt\\\/produktas\\\/little-tikes-supamasis-suo-melynas-supamasis-zaislas\\\/\",\"url\":\"https:\\\/\\\/kidsplay.lt\\\/produktas\\\/little-tikes-supamasis-suo-melynas-supamasis-zaislas\\\/\",\"name\":\"LITTLE TIKES supamasis \u0161uo, m\u0117lynas supamasis \u017eaislas\",\"isPartOf\":{\"@id\":\"https:\\\/\\\/kidsplay.lt\\\/#website\"},\"primaryImageOfPage\":{\"@id\":\"https:\\\/\\\/kidsplay.lt\\\/produktas\\\/little-tikes-supamasis-suo-melynas-supamasis-zaislas\\\/#primaryimage\"},\"image\":{\"@id\":\"https:\\\/\\\/kidsplay.lt\\\/produktas\\\/little-tikes-supamasis-suo-melynas-supamasis-zaislas\\\/#primaryimage\"},\"thumbnailUrl\":\"https:\\\/\\\/kidsplay.lt\\\/wp-content\\\/uploads\\\/2025\\\/09\\\/LITTLE-TIKES-supamasis-suo-melynas-supamasis-zaislas.jpg\",\"datePublished\":\"2026-02-26T07:13:03+00:00\",\"dateModified\":\"2026-03-10T15:30:18+00:00\",\"description\":\"LITTLE TIKES supamasis \u0161uo, m\u0117lynas supamasis \u017eaislas - KidsPlay. Did\u017eiausias vaik\u0173 \u017eaisl\u0173 pasirinkimas.\",\"breadcrumb\":{\"@id\":\"https:\\\/\\\/kidsplay.lt\\\/produktas\\\/little-tikes-supamasis-suo-melynas-supamasis-zaislas\\\/#breadcrumb\"},\"inLanguage\":\"lv-LV\",\"potentialAction\":[{\"@type\":\"ReadAction\",\"target\":[\"https:\\\/\\\/kidsplay.lt\\\/produktas\\\/little-tikes-supamasis-suo-melynas-supamasis-zaislas\\\/\"]}]},{\"@type\":\"ImageObject\",\"inLanguage\":\"lv-LV\",\"@id\":\"https:\\\/\\\/kidsplay.lt\\\/produktas\\\/little-tikes-supamasis-suo-melynas-supamasis-zaislas\\\/#primaryimage\",\"url\":\"https:\\\/\\\/kidsplay.lt\\\/wp-content\\\/uploads\\\/2025\\\/09\\\/LITTLE-TIKES-supamasis-suo-melynas-supamasis-zaislas.jpg\",\"contentUrl\":\"https:\\\/\\\/kidsplay.lt\\\/wp-content\\\/uploads\\\/2025\\\/09\\\/LITTLE-TIKES-supamasis-suo-melynas-supamasis-zaislas.jpg\",\"width\":2560,\"height\":2560,\"caption\":\"LITTLE TIKES supamasis \u0161uo\"},{\"@type\":\"BreadcrumbList\",\"@id\":\"https:\\\/\\\/kidsplay.lt\\\/produktas\\\/little-tikes-supamasis-suo-melynas-supamasis-zaislas\\\/#breadcrumb\",\"itemListElement\":[{\"@type\":\"ListItem\",\"position\":1,\"name\":\"Pagrindinis\",\"item\":\"https:\\\/\\\/kidsplay.lt\\\/\"},{\"@type\":\"ListItem\",\"position\":2,\"name\":\"Parduotuv\u0117\",\"item\":\"https:\\\/\\\/kidsplay.lt\\\/parduotuve\\\/\"},{\"@type\":\"ListItem\",\"position\":3,\"name\":\"LITTLE TIKES supamasis \u0161uo, m\u0117lynas supamasis \u017eaislas\"}]},{\"@type\":\"WebSite\",\"@id\":\"https:\\\/\\\/kidsplay.lt\\\/#website\",\"url\":\"https:\\\/\\\/kidsplay.lt\\\/\",\"name\":\"Kidsplay.lt\",\"description\":\"\u012evairios prek\u0117s vaikams\",\"publisher\":{\"@id\":\"https:\\\/\\\/kidsplay.lt\\\/#organization\"},\"alternateName\":\"Kidsplay\",\"potentialAction\":[{\"@type\":\"SearchAction\",\"target\":{\"@type\":\"EntryPoint\",\"urlTemplate\":\"https:\\\/\\\/kidsplay.lt\\\/?s={search_term_string}\"},\"query-input\":{\"@type\":\"PropertyValueSpecification\",\"valueRequired\":true,\"valueName\":\"search_term_string\"}}],\"inLanguage\":\"lv-LV\"},{\"@type\":\"Organization\",\"@id\":\"https:\\\/\\\/kidsplay.lt\\\/#organization\",\"name\":\"KidsPlay\",\"url\":\"https:\\\/\\\/kidsplay.lt\\\/\",\"logo\":{\"@type\":\"ImageObject\",\"inLanguage\":\"lv-LV\",\"@id\":\"https:\\\/\\\/kidsplay.lt\\\/#\\\/schema\\\/logo\\\/image\\\/\",\"url\":\"https:\\\/\\\/kidsplay.lt\\\/wp-content\\\/uploads\\\/2023\\\/07\\\/kidsplay-logo.png\",\"contentUrl\":\"https:\\\/\\\/kidsplay.lt\\\/wp-content\\\/uploads\\\/2023\\\/07\\\/kidsplay-logo.png\",\"width\":451,\"height\":98,\"caption\":\"KidsPlay\"},\"image\":{\"@id\":\"https:\\\/\\\/kidsplay.lt\\\/#\\\/schema\\\/logo\\\/image\\\/\"},\"sameAs\":[\"https:\\\/\\\/www.facebook.com\\\/www.kidsplay.lt\"]}]}<\/script>\n<!-- \/ Yoast SEO plugin. -->","yoast_head_json":{"title":"LITTLE TIKES supamasis \u0161uo, m\u0117lynas supamasis \u017eaislas","description":"LITTLE TIKES supamasis \u0161uo, m\u0117lynas supamasis \u017eaislas - KidsPlay. Did\u017eiausias vaik\u0173 \u017eaisl\u0173 pasirinkimas.","robots":{"index":"index","follow":"follow","max-snippet":"max-snippet:-1","max-image-preview":"max-image-preview:large","max-video-preview":"max-video-preview:-1"},"canonical":"https:\/\/kidsplay.lt\/lv\/products\/little-tikes-supamasis-suo-melynas-supamasis-zaislas\/","og_locale":"lv_LV","og_type":"article","og_title":"LITTLE TIKES supamasis \u0161uo, m\u0117lynas supamasis \u017eaislas","og_description":"LITTLE TIKES supamasis \u0161uo, m\u0117lynas supamasis \u017eaislas - KidsPlay. Did\u017eiausias vaik\u0173 \u017eaisl\u0173 pasirinkimas.","og_url":"https:\/\/kidsplay.lt\/lv\/products\/little-tikes-supamasis-suo-melynas-supamasis-zaislas\/","og_site_name":"KidsPlay","article_publisher":"https:\/\/www.facebook.com\/www.kidsplay.lt","article_modified_time":"2026-03-10T15:30:18+00:00","og_image":[{"width":2560,"height":2560,"url":"https:\/\/kidsplay.lt\/wp-content\/uploads\/2025\/09\/LITTLE-TIKES-supamasis-suo-melynas-supamasis-zaislas.jpg","type":"image\/jpeg"}],"twitter_card":"summary_large_image","twitter_misc":{"Est. reading time":"1 min\u016bte"},"schema":{"@context":"https:\/\/schema.org","@graph":[{"@type":"WebPage","@id":"https:\/\/kidsplay.lt\/produktas\/little-tikes-supamasis-suo-melynas-supamasis-zaislas\/","url":"https:\/\/kidsplay.lt\/produktas\/little-tikes-supamasis-suo-melynas-supamasis-zaislas\/","name":"LITTLE TIKES supamasis \u0161uo, m\u0117lynas supamasis \u017eaislas","isPartOf":{"@id":"https:\/\/kidsplay.lt\/#website"},"primaryImageOfPage":{"@id":"https:\/\/kidsplay.lt\/produktas\/little-tikes-supamasis-suo-melynas-supamasis-zaislas\/#primaryimage"},"image":{"@id":"https:\/\/kidsplay.lt\/produktas\/little-tikes-supamasis-suo-melynas-supamasis-zaislas\/#primaryimage"},"thumbnailUrl":"https:\/\/kidsplay.lt\/wp-content\/uploads\/2025\/09\/LITTLE-TIKES-supamasis-suo-melynas-supamasis-zaislas.jpg","datePublished":"2026-02-26T07:13:03+00:00","dateModified":"2026-03-10T15:30:18+00:00","description":"LITTLE TIKES supamasis \u0161uo, m\u0117lynas supamasis \u017eaislas - KidsPlay. Did\u017eiausias vaik\u0173 \u017eaisl\u0173 pasirinkimas.","breadcrumb":{"@id":"https:\/\/kidsplay.lt\/produktas\/little-tikes-supamasis-suo-melynas-supamasis-zaislas\/#breadcrumb"},"inLanguage":"lv-LV","potentialAction":[{"@type":"ReadAction","target":["https:\/\/kidsplay.lt\/produktas\/little-tikes-supamasis-suo-melynas-supamasis-zaislas\/"]}]},{"@type":"ImageObject","inLanguage":"lv-LV","@id":"https:\/\/kidsplay.lt\/produktas\/little-tikes-supamasis-suo-melynas-supamasis-zaislas\/#primaryimage","url":"https:\/\/kidsplay.lt\/wp-content\/uploads\/2025\/09\/LITTLE-TIKES-supamasis-suo-melynas-supamasis-zaislas.jpg","contentUrl":"https:\/\/kidsplay.lt\/wp-content\/uploads\/2025\/09\/LITTLE-TIKES-supamasis-suo-melynas-supamasis-zaislas.jpg","width":2560,"height":2560,"caption":"LITTLE TIKES supamasis \u0161uo"},{"@type":"BreadcrumbList","@id":"https:\/\/kidsplay.lt\/produktas\/little-tikes-supamasis-suo-melynas-supamasis-zaislas\/#breadcrumb","itemListElement":[{"@type":"ListItem","position":1,"name":"Pagrindinis","item":"https:\/\/kidsplay.lt\/"},{"@type":"ListItem","position":2,"name":"Parduotuv\u0117","item":"https:\/\/kidsplay.lt\/parduotuve\/"},{"@type":"ListItem","position":3,"name":"LITTLE TIKES supamasis \u0161uo, m\u0117lynas supamasis \u017eaislas"}]},{"@type":"WebSite","@id":"https:\/\/kidsplay.lt\/#website","url":"https:\/\/kidsplay.lt\/","name":"B\u0113rnu sp\u0113les.lv","description":"\u012evairios prek\u0117s vaikams","publisher":{"@id":"https:\/\/kidsplay.lt\/#organization"},"alternateName":"Kidsplay","potentialAction":[{"@type":"SearchAction","target":{"@type":"EntryPoint","urlTemplate":"https:\/\/kidsplay.lt\/?s={search_term_string}"},"query-input":{"@type":"PropertyValueSpecification","valueRequired":true,"valueName":"search_term_string"}}],"inLanguage":"lv-LV"},{"@type":"Organization","@id":"https:\/\/kidsplay.lt\/#organization","name":"B\u0113rnu sp\u0113le","url":"https:\/\/kidsplay.lt\/","logo":{"@type":"ImageObject","inLanguage":"lv-LV","@id":"https:\/\/kidsplay.lt\/#\/schema\/logo\/image\/","url":"https:\/\/kidsplay.lt\/wp-content\/uploads\/2023\/07\/kidsplay-logo.png","contentUrl":"https:\/\/kidsplay.lt\/wp-content\/uploads\/2023\/07\/kidsplay-logo.png","width":451,"height":98,"caption":"KidsPlay"},"image":{"@id":"https:\/\/kidsplay.lt\/#\/schema\/logo\/image\/"},"sameAs":["https:\/\/www.facebook.com\/www.kidsplay.lt"]}]}},"_links":{"self":[{"href":"https:\/\/kidsplay.lt\/lv\/wp-json\/wp\/v2\/product\/89321","targetHints":{"allow":["GET"]}}],"collection":[{"href":"https:\/\/kidsplay.lt\/lv\/wp-json\/wp\/v2\/product"}],"about":[{"href":"https:\/\/kidsplay.lt\/lv\/wp-json\/wp\/v2\/types\/product"}],"version-history":[{"count":1,"href":"https:\/\/kidsplay.lt\/lv\/wp-json\/wp\/v2\/product\/89321\/revisions"}],"predecessor-version":[{"id":89322,"href":"https:\/\/kidsplay.lt\/lv\/wp-json\/wp\/v2\/product\/89321\/revisions\/89322"}],"wp:featuredmedia":[{"embeddable":true,"href":"https:\/\/kidsplay.lt\/lv\/wp-json\/wp\/v2\/media\/62872"}],"wp:attachment":[{"href":"https:\/\/kidsplay.lt\/lv\/wp-json\/wp\/v2\/media?parent=89321"}],"wp:term":[{"taxonomy":"product_brand","embeddable":true,"href":"https:\/\/kidsplay.lt\/lv\/wp-json\/wp\/v2\/product_brand?post=89321"},{"taxonomy":"product_cat","embeddable":true,"href":"https:\/\/kidsplay.lt\/lv\/wp-json\/wp\/v2\/product_cat?post=89321"},{"taxonomy":"product_tag","embeddable":true,"href":"https:\/\/kidsplay.lt\/lv\/wp-json\/wp\/v2\/product_tag?post=89321"}],"curies":[{"name":"wp","href":"https:\/\/api.w.org\/{rel}","templated":true}]}}