{"id":89332,"date":"2026-02-26T09:13:58","date_gmt":"2026-02-26T07:13:58","guid":{"rendered":"https:\/\/kidsplay.lt\/produktas\/masterkidz-kurybines-stem-mokslo-lentos-2-vnt-rinkinys-tvirtinimo-plokste-120x80cm\/"},"modified":"2026-04-13T14:49:28","modified_gmt":"2026-04-13T11:49:28","slug":"masterkidz-kurybines-stem-mokslo-lentos-2-vnt-rinkinys-tvirtinimo-plokste-120x80cm","status":"publish","type":"product","link":"https:\/\/kidsplay.lt\/lv\/products\/masterkidz-kurybines-stem-mokslo-lentos-2-vnt-rinkinys-tvirtinimo-plokste-120x80cm\/","title":{"rendered":"MASTERKIDZ k\u016brybin\u0117s STEM mokslo lentos, 2 vnt. rinkinys + tvirtinimo plok\u0161t\u0117, 120x80cm"},"content":{"rendered":"<p>\u201eMasterkidz\u201c edukacin\u0117 STEM sienin\u0117 lenta\u00a0leid\u017eia k\u016brybi\u0161kai \u017eaisti ir tyrin\u0117ti mokslo pasaul\u012f. Pla\u010dios plok\u0161t\u0117s, kuri\u0173 matmenys 120&#215;80 cm (vienos plytel\u0117s dydis \u2013 20&#215;20 cm), turi skylutes, \u012f kurias galima \u012fsmeigti spalvingus kai\u0161\u010dius ir sukurti gra\u017eius ra\u0161tus. Prie lentos taip pat galima pritvirtinti \u012fvairias edukacines priemones, krumpliara\u010dius, vamzd\u017ei\u0173 sistemas su pompa ir kitus \u012fdomius elementus.<\/p>\n<p>Komplekt\u0105 sudaro 2 lentos<\/p>\n<p>Lentai tinkantys elementai\u00a0(parduodami atskirai)\u00a0:<\/p>\n<p> \t\u00a0&#8211; Spalvoti kai\u0161\u010diai\u00a0ME12746 ME14450 ME21113 ME21137 ME21120 ME21144<br \/>\n \t\u00a0&#8211; Spalvingi kristalai\u00a0ME13989<br \/>\n \t\u00a0&#8211; Spalvingos virvel\u0117s sujungimui su kai\u0161\u010diais\u00a0ME14467<br \/>\n \t\u00a0&#8211; Spalvoti var\u017etai\u00a0ME20963 ME29911<br \/>\n \t\u00a0&#8211; Geometrin\u0117s fig\u016bros\u00a0ME14696 ME14702 ME14818 ME14825 ME31181<br \/>\n \t\u00a0&#8211; \u017dvaig\u017edut\u0117s ir grandin\u0117s\u00a0ME13460 ME24343 ME31204<br \/>\n \t\u00a0&#8211; Kamuoliuk\u0173 ir vandens trasos\u00a0ME14788 ME14665 ME15143 ME25043<br \/>\n \t\u00a0&#8211; Rinkinys su siurbliu pastat\u0173 vamzdyn\u0173 sistemoms\u00a0ME13149<br \/>\n \t\u00a0&#8211; Raid\u017ei\u0173 ir skai\u010di\u0173 rinkinys\u00a0ME30412 ME30429<\/p>\n<p>Su\u00a0\u00a0\u201eMasterkidz\u201c\u00a0mokymosi lenta j\u016bs\u0173 vaikas i\u0161moks vandens mechanizm\u0173 ir sistem\u0173 principus, tyrin\u0117s, kaip veikia vandens siurblys, ir susipa\u017eins su geometrin\u0117mis fig\u016bromis bei fig\u016bromis. Var\u017etai, kuriems yra special\u016bs \u012frankiai, taip pat bus labai naudingi. J\u0173 d\u0117ka j\u016bs\u0173 vaikas i\u0161moks tinkamai naudotis atsuktuvu, atsuktuvu ir ver\u017eliarak\u010diais, tuo pa\u010diu smagiai ir saugiai leis laik\u0105.<\/p>\n<p>KOMPLEKTE YRA TVIRTINIMO PANEL\u0116!<\/p>\n<p>\u00a0Tvirtinimo skydelis\u00a0leid\u017eia lengvai sumontuoti plok\u0161t\u0117s komponentus, nereikia j\u0173 tvirtinti tiesiai prie sienos.<br \/>\nSkydel\u012f galima pritaikyti prie bet kokio pavir\u0161iaus. Kad jis geriausiai tikt\u0173 ir b\u016bt\u0173 lengviau montuoti, rekomenduojame rinktis skydelius su galiniais skydeliais.<\/p>","protected":false},"excerpt":{"rendered":"<p>\u201eMasterkidz\u201c edukacin\u0117 STEM sienin\u0117 lenta\u00a0leid\u017eia k\u016brybi\u0161kai \u017eaisti ir tyrin\u0117ti mokslo pasaul\u012f. Pla\u010dios plok\u0161t\u0117s, kuri\u0173 matmenys 120&#215;80 cm (vienos plytel\u0117s dydis<\/p>","protected":false},"featured_media":62883,"template":"","meta":{"_acf_changed":false,"_glsr_average":0,"_glsr_ranking":0,"_glsr_reviews":0},"product_brand":[],"product_cat":[388,229],"product_tag":[],"class_list":{"0":"post-89332","1":"product","2":"type-product","3":"status-publish","4":"has-post-thumbnail","6":"product_cat-edukaciniai-lavinamieji-zaislai","7":"product_cat-zaislai-vaikams","8":"\"style=\"background-color: #2ecc711c;\"","10":"first","11":"instock","12":"purchasable","13":"product-type-simple"},"acf":[],"yoast_head":"<!-- This site is optimized with the Yoast SEO plugin v27.3 - https:\/\/yoast.com\/product\/yoast-seo-wordpress\/ -->\n<title>MASTERKIDZ k\u016brybin\u0117s STEM mokslo lentos, 2 vnt. rinkinys + tvirtinimo plok\u0161t\u0117, 120x80cm<\/title>\n<meta name=\"description\" content=\"MASTERKIDZ k\u016brybin\u0117s STEM mokslo lentos, 2 vnt. rinkinys + tvirtinimo plok\u0161t\u0117, 120x80cm - KidsPlay. Did\u017eiausias vaik\u0173 \u017eaisl\u0173 pasirinkimas.\" \/>\n<meta name=\"robots\" content=\"index, follow, max-snippet:-1, max-image-preview:large, max-video-preview:-1\" \/>\n<link rel=\"canonical\" href=\"https:\/\/kidsplay.lt\/lv\/products\/masterkidz-kurybines-stem-mokslo-lentos-2-vnt-rinkinys-tvirtinimo-plokste-120x80cm\/\" \/>\n<meta property=\"og:locale\" content=\"lv_LV\" \/>\n<meta property=\"og:type\" content=\"article\" \/>\n<meta property=\"og:title\" content=\"MASTERKIDZ k\u016brybin\u0117s STEM mokslo lentos, 2 vnt. rinkinys + tvirtinimo plok\u0161t\u0117, 120x80cm\" \/>\n<meta property=\"og:description\" content=\"MASTERKIDZ k\u016brybin\u0117s STEM mokslo lentos, 2 vnt. rinkinys + tvirtinimo plok\u0161t\u0117, 120x80cm - KidsPlay. Did\u017eiausias vaik\u0173 \u017eaisl\u0173 pasirinkimas.\" \/>\n<meta property=\"og:url\" content=\"https:\/\/kidsplay.lt\/lv\/products\/masterkidz-kurybines-stem-mokslo-lentos-2-vnt-rinkinys-tvirtinimo-plokste-120x80cm\/\" \/>\n<meta property=\"og:site_name\" content=\"KidsPlay\" \/>\n<meta property=\"article:publisher\" content=\"https:\/\/www.facebook.com\/www.kidsplay.lt\" \/>\n<meta property=\"article:modified_time\" content=\"2026-04-13T11:49:28+00:00\" \/>\n<meta property=\"og:image\" content=\"https:\/\/kidsplay.lt\/wp-content\/uploads\/2025\/09\/MASTERKIDZ-kurybines-STEM-mokslo-lentos-2-vnt.-rinkinys-tvirtinimo-plokste-120x80cm.jpg\" \/>\n\t<meta property=\"og:image:width\" content=\"2500\" \/>\n\t<meta property=\"og:image:height\" content=\"2500\" \/>\n\t<meta property=\"og:image:type\" content=\"image\/jpeg\" \/>\n<meta name=\"twitter:card\" content=\"summary_large_image\" \/>\n<meta name=\"twitter:label1\" content=\"Est. reading time\" \/>\n\t<meta name=\"twitter:data1\" content=\"1 min\u016bte\" \/>\n<script type=\"application\/ld+json\" class=\"yoast-schema-graph\">{\"@context\":\"https:\\\/\\\/schema.org\",\"@graph\":[{\"@type\":\"WebPage\",\"@id\":\"https:\\\/\\\/kidsplay.lt\\\/produktas\\\/masterkidz-kurybines-stem-mokslo-lentos-2-vnt-rinkinys-tvirtinimo-plokste-120x80cm\\\/\",\"url\":\"https:\\\/\\\/kidsplay.lt\\\/produktas\\\/masterkidz-kurybines-stem-mokslo-lentos-2-vnt-rinkinys-tvirtinimo-plokste-120x80cm\\\/\",\"name\":\"MASTERKIDZ k\u016brybin\u0117s STEM mokslo lentos, 2 vnt. rinkinys + tvirtinimo plok\u0161t\u0117, 120x80cm\",\"isPartOf\":{\"@id\":\"https:\\\/\\\/kidsplay.lt\\\/#website\"},\"primaryImageOfPage\":{\"@id\":\"https:\\\/\\\/kidsplay.lt\\\/produktas\\\/masterkidz-kurybines-stem-mokslo-lentos-2-vnt-rinkinys-tvirtinimo-plokste-120x80cm\\\/#primaryimage\"},\"image\":{\"@id\":\"https:\\\/\\\/kidsplay.lt\\\/produktas\\\/masterkidz-kurybines-stem-mokslo-lentos-2-vnt-rinkinys-tvirtinimo-plokste-120x80cm\\\/#primaryimage\"},\"thumbnailUrl\":\"https:\\\/\\\/kidsplay.lt\\\/wp-content\\\/uploads\\\/2025\\\/09\\\/MASTERKIDZ-kurybines-STEM-mokslo-lentos-2-vnt.-rinkinys-tvirtinimo-plokste-120x80cm.jpg\",\"datePublished\":\"2026-02-26T07:13:58+00:00\",\"dateModified\":\"2026-04-13T11:49:28+00:00\",\"description\":\"MASTERKIDZ k\u016brybin\u0117s STEM mokslo lentos, 2 vnt. rinkinys + tvirtinimo plok\u0161t\u0117, 120x80cm - KidsPlay. Did\u017eiausias vaik\u0173 \u017eaisl\u0173 pasirinkimas.\",\"breadcrumb\":{\"@id\":\"https:\\\/\\\/kidsplay.lt\\\/produktas\\\/masterkidz-kurybines-stem-mokslo-lentos-2-vnt-rinkinys-tvirtinimo-plokste-120x80cm\\\/#breadcrumb\"},\"inLanguage\":\"lv-LV\",\"potentialAction\":[{\"@type\":\"ReadAction\",\"target\":[\"https:\\\/\\\/kidsplay.lt\\\/produktas\\\/masterkidz-kurybines-stem-mokslo-lentos-2-vnt-rinkinys-tvirtinimo-plokste-120x80cm\\\/\"]}]},{\"@type\":\"ImageObject\",\"inLanguage\":\"lv-LV\",\"@id\":\"https:\\\/\\\/kidsplay.lt\\\/produktas\\\/masterkidz-kurybines-stem-mokslo-lentos-2-vnt-rinkinys-tvirtinimo-plokste-120x80cm\\\/#primaryimage\",\"url\":\"https:\\\/\\\/kidsplay.lt\\\/wp-content\\\/uploads\\\/2025\\\/09\\\/MASTERKIDZ-kurybines-STEM-mokslo-lentos-2-vnt.-rinkinys-tvirtinimo-plokste-120x80cm.jpg\",\"contentUrl\":\"https:\\\/\\\/kidsplay.lt\\\/wp-content\\\/uploads\\\/2025\\\/09\\\/MASTERKIDZ-kurybines-STEM-mokslo-lentos-2-vnt.-rinkinys-tvirtinimo-plokste-120x80cm.jpg\",\"width\":2500,\"height\":2500,\"caption\":\"MASTERKIDZ k\u016brybin\u0117s STEM mokslo lentos\"},{\"@type\":\"BreadcrumbList\",\"@id\":\"https:\\\/\\\/kidsplay.lt\\\/produktas\\\/masterkidz-kurybines-stem-mokslo-lentos-2-vnt-rinkinys-tvirtinimo-plokste-120x80cm\\\/#breadcrumb\",\"itemListElement\":[{\"@type\":\"ListItem\",\"position\":1,\"name\":\"Pagrindinis\",\"item\":\"https:\\\/\\\/kidsplay.lt\\\/\"},{\"@type\":\"ListItem\",\"position\":2,\"name\":\"Parduotuv\u0117\",\"item\":\"https:\\\/\\\/kidsplay.lt\\\/parduotuve\\\/\"},{\"@type\":\"ListItem\",\"position\":3,\"name\":\"MASTERKIDZ k\u016brybin\u0117s STEM mokslo lentos, 2 vnt. rinkinys + tvirtinimo plok\u0161t\u0117, 120x80cm\"}]},{\"@type\":\"WebSite\",\"@id\":\"https:\\\/\\\/kidsplay.lt\\\/#website\",\"url\":\"https:\\\/\\\/kidsplay.lt\\\/\",\"name\":\"Kidsplay.lt\",\"description\":\"\u012evairios prek\u0117s vaikams\",\"publisher\":{\"@id\":\"https:\\\/\\\/kidsplay.lt\\\/#organization\"},\"alternateName\":\"Kidsplay\",\"potentialAction\":[{\"@type\":\"SearchAction\",\"target\":{\"@type\":\"EntryPoint\",\"urlTemplate\":\"https:\\\/\\\/kidsplay.lt\\\/?s={search_term_string}\"},\"query-input\":{\"@type\":\"PropertyValueSpecification\",\"valueRequired\":true,\"valueName\":\"search_term_string\"}}],\"inLanguage\":\"lv-LV\"},{\"@type\":\"Organization\",\"@id\":\"https:\\\/\\\/kidsplay.lt\\\/#organization\",\"name\":\"KidsPlay\",\"url\":\"https:\\\/\\\/kidsplay.lt\\\/\",\"logo\":{\"@type\":\"ImageObject\",\"inLanguage\":\"lv-LV\",\"@id\":\"https:\\\/\\\/kidsplay.lt\\\/#\\\/schema\\\/logo\\\/image\\\/\",\"url\":\"https:\\\/\\\/kidsplay.lt\\\/wp-content\\\/uploads\\\/2023\\\/07\\\/kidsplay-logo.png\",\"contentUrl\":\"https:\\\/\\\/kidsplay.lt\\\/wp-content\\\/uploads\\\/2023\\\/07\\\/kidsplay-logo.png\",\"width\":451,\"height\":98,\"caption\":\"KidsPlay\"},\"image\":{\"@id\":\"https:\\\/\\\/kidsplay.lt\\\/#\\\/schema\\\/logo\\\/image\\\/\"},\"sameAs\":[\"https:\\\/\\\/www.facebook.com\\\/www.kidsplay.lt\"]}]}<\/script>\n<!-- \/ Yoast SEO plugin. -->","yoast_head_json":{"title":"MASTERKIDZ k\u016brybin\u0117s STEM mokslo lentos, 2 vnt. rinkinys + tvirtinimo plok\u0161t\u0117, 120x80cm","description":"MASTERKIDZ k\u016brybin\u0117s STEM mokslo lentos, 2 vnt. rinkinys + tvirtinimo plok\u0161t\u0117, 120x80cm - KidsPlay. Did\u017eiausias vaik\u0173 \u017eaisl\u0173 pasirinkimas.","robots":{"index":"index","follow":"follow","max-snippet":"max-snippet:-1","max-image-preview":"max-image-preview:large","max-video-preview":"max-video-preview:-1"},"canonical":"https:\/\/kidsplay.lt\/lv\/products\/masterkidz-kurybines-stem-mokslo-lentos-2-vnt-rinkinys-tvirtinimo-plokste-120x80cm\/","og_locale":"lv_LV","og_type":"article","og_title":"MASTERKIDZ k\u016brybin\u0117s STEM mokslo lentos, 2 vnt. rinkinys + tvirtinimo plok\u0161t\u0117, 120x80cm","og_description":"MASTERKIDZ k\u016brybin\u0117s STEM mokslo lentos, 2 vnt. rinkinys + tvirtinimo plok\u0161t\u0117, 120x80cm - KidsPlay. Did\u017eiausias vaik\u0173 \u017eaisl\u0173 pasirinkimas.","og_url":"https:\/\/kidsplay.lt\/lv\/products\/masterkidz-kurybines-stem-mokslo-lentos-2-vnt-rinkinys-tvirtinimo-plokste-120x80cm\/","og_site_name":"KidsPlay","article_publisher":"https:\/\/www.facebook.com\/www.kidsplay.lt","article_modified_time":"2026-04-13T11:49:28+00:00","og_image":[{"width":2500,"height":2500,"url":"https:\/\/kidsplay.lt\/wp-content\/uploads\/2025\/09\/MASTERKIDZ-kurybines-STEM-mokslo-lentos-2-vnt.-rinkinys-tvirtinimo-plokste-120x80cm.jpg","type":"image\/jpeg"}],"twitter_card":"summary_large_image","twitter_misc":{"Est. reading time":"1 min\u016bte"},"schema":{"@context":"https:\/\/schema.org","@graph":[{"@type":"WebPage","@id":"https:\/\/kidsplay.lt\/produktas\/masterkidz-kurybines-stem-mokslo-lentos-2-vnt-rinkinys-tvirtinimo-plokste-120x80cm\/","url":"https:\/\/kidsplay.lt\/produktas\/masterkidz-kurybines-stem-mokslo-lentos-2-vnt-rinkinys-tvirtinimo-plokste-120x80cm\/","name":"MASTERKIDZ k\u016brybin\u0117s STEM mokslo lentos, 2 vnt. rinkinys + tvirtinimo plok\u0161t\u0117, 120x80cm","isPartOf":{"@id":"https:\/\/kidsplay.lt\/#website"},"primaryImageOfPage":{"@id":"https:\/\/kidsplay.lt\/produktas\/masterkidz-kurybines-stem-mokslo-lentos-2-vnt-rinkinys-tvirtinimo-plokste-120x80cm\/#primaryimage"},"image":{"@id":"https:\/\/kidsplay.lt\/produktas\/masterkidz-kurybines-stem-mokslo-lentos-2-vnt-rinkinys-tvirtinimo-plokste-120x80cm\/#primaryimage"},"thumbnailUrl":"https:\/\/kidsplay.lt\/wp-content\/uploads\/2025\/09\/MASTERKIDZ-kurybines-STEM-mokslo-lentos-2-vnt.-rinkinys-tvirtinimo-plokste-120x80cm.jpg","datePublished":"2026-02-26T07:13:58+00:00","dateModified":"2026-04-13T11:49:28+00:00","description":"MASTERKIDZ k\u016brybin\u0117s STEM mokslo lentos, 2 vnt. rinkinys + tvirtinimo plok\u0161t\u0117, 120x80cm - KidsPlay. Did\u017eiausias vaik\u0173 \u017eaisl\u0173 pasirinkimas.","breadcrumb":{"@id":"https:\/\/kidsplay.lt\/produktas\/masterkidz-kurybines-stem-mokslo-lentos-2-vnt-rinkinys-tvirtinimo-plokste-120x80cm\/#breadcrumb"},"inLanguage":"lv-LV","potentialAction":[{"@type":"ReadAction","target":["https:\/\/kidsplay.lt\/produktas\/masterkidz-kurybines-stem-mokslo-lentos-2-vnt-rinkinys-tvirtinimo-plokste-120x80cm\/"]}]},{"@type":"ImageObject","inLanguage":"lv-LV","@id":"https:\/\/kidsplay.lt\/produktas\/masterkidz-kurybines-stem-mokslo-lentos-2-vnt-rinkinys-tvirtinimo-plokste-120x80cm\/#primaryimage","url":"https:\/\/kidsplay.lt\/wp-content\/uploads\/2025\/09\/MASTERKIDZ-kurybines-STEM-mokslo-lentos-2-vnt.-rinkinys-tvirtinimo-plokste-120x80cm.jpg","contentUrl":"https:\/\/kidsplay.lt\/wp-content\/uploads\/2025\/09\/MASTERKIDZ-kurybines-STEM-mokslo-lentos-2-vnt.-rinkinys-tvirtinimo-plokste-120x80cm.jpg","width":2500,"height":2500,"caption":"MASTERKIDZ k\u016brybin\u0117s STEM mokslo lentos"},{"@type":"BreadcrumbList","@id":"https:\/\/kidsplay.lt\/produktas\/masterkidz-kurybines-stem-mokslo-lentos-2-vnt-rinkinys-tvirtinimo-plokste-120x80cm\/#breadcrumb","itemListElement":[{"@type":"ListItem","position":1,"name":"Pagrindinis","item":"https:\/\/kidsplay.lt\/"},{"@type":"ListItem","position":2,"name":"Parduotuv\u0117","item":"https:\/\/kidsplay.lt\/parduotuve\/"},{"@type":"ListItem","position":3,"name":"MASTERKIDZ k\u016brybin\u0117s STEM mokslo lentos, 2 vnt. rinkinys + tvirtinimo plok\u0161t\u0117, 120x80cm"}]},{"@type":"WebSite","@id":"https:\/\/kidsplay.lt\/#website","url":"https:\/\/kidsplay.lt\/","name":"B\u0113rnu sp\u0113les.lv","description":"\u012evairios prek\u0117s vaikams","publisher":{"@id":"https:\/\/kidsplay.lt\/#organization"},"alternateName":"Kidsplay","potentialAction":[{"@type":"SearchAction","target":{"@type":"EntryPoint","urlTemplate":"https:\/\/kidsplay.lt\/?s={search_term_string}"},"query-input":{"@type":"PropertyValueSpecification","valueRequired":true,"valueName":"search_term_string"}}],"inLanguage":"lv-LV"},{"@type":"Organization","@id":"https:\/\/kidsplay.lt\/#organization","name":"B\u0113rnu sp\u0113le","url":"https:\/\/kidsplay.lt\/","logo":{"@type":"ImageObject","inLanguage":"lv-LV","@id":"https:\/\/kidsplay.lt\/#\/schema\/logo\/image\/","url":"https:\/\/kidsplay.lt\/wp-content\/uploads\/2023\/07\/kidsplay-logo.png","contentUrl":"https:\/\/kidsplay.lt\/wp-content\/uploads\/2023\/07\/kidsplay-logo.png","width":451,"height":98,"caption":"KidsPlay"},"image":{"@id":"https:\/\/kidsplay.lt\/#\/schema\/logo\/image\/"},"sameAs":["https:\/\/www.facebook.com\/www.kidsplay.lt"]}]}},"_links":{"self":[{"href":"https:\/\/kidsplay.lt\/lv\/wp-json\/wp\/v2\/product\/89332","targetHints":{"allow":["GET"]}}],"collection":[{"href":"https:\/\/kidsplay.lt\/lv\/wp-json\/wp\/v2\/product"}],"about":[{"href":"https:\/\/kidsplay.lt\/lv\/wp-json\/wp\/v2\/types\/product"}],"version-history":[{"count":1,"href":"https:\/\/kidsplay.lt\/lv\/wp-json\/wp\/v2\/product\/89332\/revisions"}],"predecessor-version":[{"id":89333,"href":"https:\/\/kidsplay.lt\/lv\/wp-json\/wp\/v2\/product\/89332\/revisions\/89333"}],"wp:featuredmedia":[{"embeddable":true,"href":"https:\/\/kidsplay.lt\/lv\/wp-json\/wp\/v2\/media\/62883"}],"wp:attachment":[{"href":"https:\/\/kidsplay.lt\/lv\/wp-json\/wp\/v2\/media?parent=89332"}],"wp:term":[{"taxonomy":"product_brand","embeddable":true,"href":"https:\/\/kidsplay.lt\/lv\/wp-json\/wp\/v2\/product_brand?post=89332"},{"taxonomy":"product_cat","embeddable":true,"href":"https:\/\/kidsplay.lt\/lv\/wp-json\/wp\/v2\/product_cat?post=89332"},{"taxonomy":"product_tag","embeddable":true,"href":"https:\/\/kidsplay.lt\/lv\/wp-json\/wp\/v2\/product_tag?post=89332"}],"curies":[{"name":"wp","href":"https:\/\/api.w.org\/{rel}","templated":true}]}}