{"id":89334,"date":"2026-02-26T09:14:01","date_gmt":"2026-02-26T07:14:01","guid":{"rendered":"https:\/\/kidsplay.lt\/produktas\/smoby-vandens-ir-smelio-zaidimu-virtuve\/"},"modified":"2026-04-07T10:27:56","modified_gmt":"2026-04-07T07:27:56","slug":"smoby-vandens-ir-smelio-zaidimu-virtuve","status":"publish","type":"product","link":"https:\/\/kidsplay.lt\/lv\/product\/smoby-vandens-ir-smelio-zaidimu-virtuve\/","title":{"rendered":"Smoby vandens ir sm\u0117lio \u017eaidim\u0173 virtuv\u0117"},"content":{"rendered":"<p>Smoby Life Water and Sand Play Kitchen\u00a0\u00a0yra pirmasis tokio pob\u016bd\u017eio sodo \u017eaislas, kuriame \u017eaidimo d\u017eiaugsmas sujungiamas su vandeniu ir sm\u0117liu. Su juo vaikai gali kurti savo virtuv\u0117s istorijas lauke, eksperimentuodami su vandeniu, sm\u0117liu ir nat\u016braliomis sode esan\u010diomis med\u017eiagomis. Tai puikus b\u016bdas leisti laik\u0105 lauke, lavinant k\u016brybi\u0161kum\u0105, rankinius ir socialinius \u012fg\u016bd\u017eius.<\/p>\n<p>Charakteristika:<\/p>\n<p> \t\u00a0&#8211;\u00a0Am\u017eius:\u00a03 metai\u00a0<br \/>\n \t\u00a0&#8211; \u017daidim\u0173 virtuv\u0117 su\u00a0vandeniu ir sm\u0117liu.<br \/>\n \t\u00a0&#8211; Nuimami\u00a0vandens ir sm\u0117lio\u00a0konteineriai .<br \/>\n \t\u00a0&#8211;\u00a0Nor\u0117dami i\u0161matuoti vanden\u012f,\u00a0bakstel\u0117kite ranken\u0117le .<br \/>\n \t\u00a0&#8211; Komplekte\u00a015 pried\u0173\u00a0: sietelis, krep\u0161elis, kau\u0161as, gr\u0117blys, kastuvas.<br \/>\n \t\u00a0&#8211;\u00a0Dangtis\u00a0pad\u0117klui lobiams laikyti.<br \/>\n \t\u00a0&#8211;\u00a0Tvirta\u00a0plastikin\u0117 konstrukcija.<br \/>\n \t\u00a0&#8211;\u00a0ANTI-UV danga\u00a0, apsauganti nuo i\u0161blukimo.<br \/>\n \t\u00a0&#8211;\u00a0Ekologi\u0161ka\u00a0\u2013 90% perdirbt\u0173 med\u017eiag\u0173.<br \/>\n \t\u00a0&#8211; Reikalingas suaugusi\u0173j\u0173 surinkimas.<\/p>\n<p>\u017daislas vysto:<\/p>\n<p> \t\u00a0&#8211;\u00a0K\u016brybi\u0161kumas\u00a0smagiai gaminant maist\u0105.<br \/>\n \t\u00a0&#8211; Smulkioji\u00a0motorika\u00a0manipuliuojant priedais.<br \/>\n \t\u00a0&#8211;\u00a0Rankinis miklumas\u00a0su sodo \u012frankiais.<br \/>\n \t\u00a0&#8211;\u00a0Socialiniai \u012fg\u016bd\u017eiai\u00a0\u017eaid\u017eiant grup\u0117je.<\/p>","protected":false},"excerpt":{"rendered":"<p>Smoby Life Water and Sand Play Kitchen\u00a0\u00a0yra pirmasis tokio pob\u016bd\u017eio sodo \u017eaislas, kuriame \u017eaidimo d\u017eiaugsmas sujungiamas su vandeniu ir sm\u0117liu.<\/p>","protected":false},"featured_media":60442,"template":"","meta":{"_acf_changed":false,"_glsr_average":0,"_glsr_ranking":0,"_glsr_reviews":0},"product_brand":[],"product_cat":[233,430],"product_tag":[],"class_list":{"0":"post-89334","1":"product","2":"type-product","3":"status-publish","4":"has-post-thumbnail","6":"product_cat-lauko-pramogos","7":"product_cat-zaidimai-ir-linksmybes","8":"\"style=\"background-color: #2ecc711c;\"","10":"first","11":"instock","12":"purchasable","13":"product-type-simple"},"acf":[],"yoast_head":"<!-- This site is optimized with the Yoast SEO plugin v27.3 - https:\/\/yoast.com\/product\/yoast-seo-wordpress\/ -->\n<title>Smoby vandens ir sm\u0117lio \u017eaidim\u0173 virtuv\u0117<\/title>\n<meta name=\"description\" content=\"Smoby vandens ir sm\u0117lio \u017eaidim\u0173 virtuv\u0117 - KidsPlay. Did\u017eiausias vaik\u0173 \u017eaisl\u0173 pasirinkimas.\" \/>\n<meta name=\"robots\" content=\"index, follow, max-snippet:-1, max-image-preview:large, max-video-preview:-1\" \/>\n<link rel=\"canonical\" href=\"https:\/\/kidsplay.lt\/lv\/product\/smoby-vandens-ir-smelio-zaidimu-virtuve\/\" \/>\n<meta property=\"og:locale\" content=\"lv_LV\" \/>\n<meta property=\"og:type\" content=\"article\" \/>\n<meta property=\"og:title\" content=\"Smoby vandens ir sm\u0117lio \u017eaidim\u0173 virtuv\u0117\" \/>\n<meta property=\"og:description\" content=\"Smoby vandens ir sm\u0117lio \u017eaidim\u0173 virtuv\u0117 - KidsPlay. Did\u017eiausias vaik\u0173 \u017eaisl\u0173 pasirinkimas.\" \/>\n<meta property=\"og:url\" content=\"https:\/\/kidsplay.lt\/lv\/product\/smoby-vandens-ir-smelio-zaidimu-virtuve\/\" \/>\n<meta property=\"og:site_name\" content=\"KidsPlay\" \/>\n<meta property=\"article:publisher\" content=\"https:\/\/www.facebook.com\/www.kidsplay.lt\" \/>\n<meta property=\"article:modified_time\" content=\"2026-04-07T07:27:56+00:00\" \/>\n<meta property=\"og:image\" content=\"https:\/\/kidsplay.lt\/wp-content\/uploads\/2025\/03\/Smoby-vandens-ir-smelio-zaidimu-virtuve.jpg\" \/>\n\t<meta property=\"og:image:width\" content=\"2362\" \/>\n\t<meta property=\"og:image:height\" content=\"2362\" \/>\n\t<meta property=\"og:image:type\" content=\"image\/jpeg\" \/>\n<meta name=\"twitter:card\" content=\"summary_large_image\" \/>\n<meta name=\"twitter:label1\" content=\"Est. reading time\" \/>\n\t<meta name=\"twitter:data1\" content=\"1 min\u016bte\" \/>\n<script type=\"application\/ld+json\" class=\"yoast-schema-graph\">{\"@context\":\"https:\\\/\\\/schema.org\",\"@graph\":[{\"@type\":\"WebPage\",\"@id\":\"https:\\\/\\\/kidsplay.lt\\\/produktas\\\/smoby-vandens-ir-smelio-zaidimu-virtuve\\\/\",\"url\":\"https:\\\/\\\/kidsplay.lt\\\/produktas\\\/smoby-vandens-ir-smelio-zaidimu-virtuve\\\/\",\"name\":\"Smoby vandens ir sm\u0117lio \u017eaidim\u0173 virtuv\u0117\",\"isPartOf\":{\"@id\":\"https:\\\/\\\/kidsplay.lt\\\/#website\"},\"primaryImageOfPage\":{\"@id\":\"https:\\\/\\\/kidsplay.lt\\\/produktas\\\/smoby-vandens-ir-smelio-zaidimu-virtuve\\\/#primaryimage\"},\"image\":{\"@id\":\"https:\\\/\\\/kidsplay.lt\\\/produktas\\\/smoby-vandens-ir-smelio-zaidimu-virtuve\\\/#primaryimage\"},\"thumbnailUrl\":\"https:\\\/\\\/kidsplay.lt\\\/wp-content\\\/uploads\\\/2025\\\/03\\\/Smoby-vandens-ir-smelio-zaidimu-virtuve.jpg\",\"datePublished\":\"2026-02-26T07:14:01+00:00\",\"dateModified\":\"2026-04-07T07:27:56+00:00\",\"description\":\"Smoby vandens ir sm\u0117lio \u017eaidim\u0173 virtuv\u0117 - KidsPlay. Did\u017eiausias vaik\u0173 \u017eaisl\u0173 pasirinkimas.\",\"breadcrumb\":{\"@id\":\"https:\\\/\\\/kidsplay.lt\\\/produktas\\\/smoby-vandens-ir-smelio-zaidimu-virtuve\\\/#breadcrumb\"},\"inLanguage\":\"lv-LV\",\"potentialAction\":[{\"@type\":\"ReadAction\",\"target\":[\"https:\\\/\\\/kidsplay.lt\\\/produktas\\\/smoby-vandens-ir-smelio-zaidimu-virtuve\\\/\"]}]},{\"@type\":\"ImageObject\",\"inLanguage\":\"lv-LV\",\"@id\":\"https:\\\/\\\/kidsplay.lt\\\/produktas\\\/smoby-vandens-ir-smelio-zaidimu-virtuve\\\/#primaryimage\",\"url\":\"https:\\\/\\\/kidsplay.lt\\\/wp-content\\\/uploads\\\/2025\\\/03\\\/Smoby-vandens-ir-smelio-zaidimu-virtuve.jpg\",\"contentUrl\":\"https:\\\/\\\/kidsplay.lt\\\/wp-content\\\/uploads\\\/2025\\\/03\\\/Smoby-vandens-ir-smelio-zaidimu-virtuve.jpg\",\"width\":2362,\"height\":2362,\"caption\":\"Smoby vandens ir sm\u0117lio \u017eaidim\u0173 virtuv\u0117\"},{\"@type\":\"BreadcrumbList\",\"@id\":\"https:\\\/\\\/kidsplay.lt\\\/produktas\\\/smoby-vandens-ir-smelio-zaidimu-virtuve\\\/#breadcrumb\",\"itemListElement\":[{\"@type\":\"ListItem\",\"position\":1,\"name\":\"Pagrindinis\",\"item\":\"https:\\\/\\\/kidsplay.lt\\\/\"},{\"@type\":\"ListItem\",\"position\":2,\"name\":\"Parduotuv\u0117\",\"item\":\"https:\\\/\\\/kidsplay.lt\\\/parduotuve\\\/\"},{\"@type\":\"ListItem\",\"position\":3,\"name\":\"Smoby vandens ir sm\u0117lio \u017eaidim\u0173 virtuv\u0117\"}]},{\"@type\":\"WebSite\",\"@id\":\"https:\\\/\\\/kidsplay.lt\\\/#website\",\"url\":\"https:\\\/\\\/kidsplay.lt\\\/\",\"name\":\"Kidsplay.lt\",\"description\":\"\u012evairios prek\u0117s vaikams\",\"publisher\":{\"@id\":\"https:\\\/\\\/kidsplay.lt\\\/#organization\"},\"alternateName\":\"Kidsplay\",\"potentialAction\":[{\"@type\":\"SearchAction\",\"target\":{\"@type\":\"EntryPoint\",\"urlTemplate\":\"https:\\\/\\\/kidsplay.lt\\\/?s={search_term_string}\"},\"query-input\":{\"@type\":\"PropertyValueSpecification\",\"valueRequired\":true,\"valueName\":\"search_term_string\"}}],\"inLanguage\":\"lv-LV\"},{\"@type\":\"Organization\",\"@id\":\"https:\\\/\\\/kidsplay.lt\\\/#organization\",\"name\":\"KidsPlay\",\"url\":\"https:\\\/\\\/kidsplay.lt\\\/\",\"logo\":{\"@type\":\"ImageObject\",\"inLanguage\":\"lv-LV\",\"@id\":\"https:\\\/\\\/kidsplay.lt\\\/#\\\/schema\\\/logo\\\/image\\\/\",\"url\":\"https:\\\/\\\/kidsplay.lt\\\/wp-content\\\/uploads\\\/2023\\\/07\\\/kidsplay-logo.png\",\"contentUrl\":\"https:\\\/\\\/kidsplay.lt\\\/wp-content\\\/uploads\\\/2023\\\/07\\\/kidsplay-logo.png\",\"width\":451,\"height\":98,\"caption\":\"KidsPlay\"},\"image\":{\"@id\":\"https:\\\/\\\/kidsplay.lt\\\/#\\\/schema\\\/logo\\\/image\\\/\"},\"sameAs\":[\"https:\\\/\\\/www.facebook.com\\\/www.kidsplay.lt\"]}]}<\/script>\n<!-- \/ Yoast SEO plugin. -->","yoast_head_json":{"title":"Smoby vandens ir sm\u0117lio \u017eaidim\u0173 virtuv\u0117","description":"Smoby vandens ir sm\u0117lio \u017eaidim\u0173 virtuv\u0117 - KidsPlay. Did\u017eiausias vaik\u0173 \u017eaisl\u0173 pasirinkimas.","robots":{"index":"index","follow":"follow","max-snippet":"max-snippet:-1","max-image-preview":"max-image-preview:large","max-video-preview":"max-video-preview:-1"},"canonical":"https:\/\/kidsplay.lt\/lv\/product\/smoby-vandens-ir-smelio-zaidimu-virtuve\/","og_locale":"lv_LV","og_type":"article","og_title":"Smoby vandens ir sm\u0117lio \u017eaidim\u0173 virtuv\u0117","og_description":"Smoby vandens ir sm\u0117lio \u017eaidim\u0173 virtuv\u0117 - KidsPlay. Did\u017eiausias vaik\u0173 \u017eaisl\u0173 pasirinkimas.","og_url":"https:\/\/kidsplay.lt\/lv\/product\/smoby-vandens-ir-smelio-zaidimu-virtuve\/","og_site_name":"KidsPlay","article_publisher":"https:\/\/www.facebook.com\/www.kidsplay.lt","article_modified_time":"2026-04-07T07:27:56+00:00","og_image":[{"width":2362,"height":2362,"url":"https:\/\/kidsplay.lt\/wp-content\/uploads\/2025\/03\/Smoby-vandens-ir-smelio-zaidimu-virtuve.jpg","type":"image\/jpeg"}],"twitter_card":"summary_large_image","twitter_misc":{"Est. reading time":"1 min\u016bte"},"schema":{"@context":"https:\/\/schema.org","@graph":[{"@type":"WebPage","@id":"https:\/\/kidsplay.lt\/produktas\/smoby-vandens-ir-smelio-zaidimu-virtuve\/","url":"https:\/\/kidsplay.lt\/produktas\/smoby-vandens-ir-smelio-zaidimu-virtuve\/","name":"Smoby vandens ir sm\u0117lio \u017eaidim\u0173 virtuv\u0117","isPartOf":{"@id":"https:\/\/kidsplay.lt\/#website"},"primaryImageOfPage":{"@id":"https:\/\/kidsplay.lt\/produktas\/smoby-vandens-ir-smelio-zaidimu-virtuve\/#primaryimage"},"image":{"@id":"https:\/\/kidsplay.lt\/produktas\/smoby-vandens-ir-smelio-zaidimu-virtuve\/#primaryimage"},"thumbnailUrl":"https:\/\/kidsplay.lt\/wp-content\/uploads\/2025\/03\/Smoby-vandens-ir-smelio-zaidimu-virtuve.jpg","datePublished":"2026-02-26T07:14:01+00:00","dateModified":"2026-04-07T07:27:56+00:00","description":"Smoby vandens ir sm\u0117lio \u017eaidim\u0173 virtuv\u0117 - KidsPlay. Did\u017eiausias vaik\u0173 \u017eaisl\u0173 pasirinkimas.","breadcrumb":{"@id":"https:\/\/kidsplay.lt\/produktas\/smoby-vandens-ir-smelio-zaidimu-virtuve\/#breadcrumb"},"inLanguage":"lv-LV","potentialAction":[{"@type":"ReadAction","target":["https:\/\/kidsplay.lt\/produktas\/smoby-vandens-ir-smelio-zaidimu-virtuve\/"]}]},{"@type":"ImageObject","inLanguage":"lv-LV","@id":"https:\/\/kidsplay.lt\/produktas\/smoby-vandens-ir-smelio-zaidimu-virtuve\/#primaryimage","url":"https:\/\/kidsplay.lt\/wp-content\/uploads\/2025\/03\/Smoby-vandens-ir-smelio-zaidimu-virtuve.jpg","contentUrl":"https:\/\/kidsplay.lt\/wp-content\/uploads\/2025\/03\/Smoby-vandens-ir-smelio-zaidimu-virtuve.jpg","width":2362,"height":2362,"caption":"Smoby vandens ir sm\u0117lio \u017eaidim\u0173 virtuv\u0117"},{"@type":"BreadcrumbList","@id":"https:\/\/kidsplay.lt\/produktas\/smoby-vandens-ir-smelio-zaidimu-virtuve\/#breadcrumb","itemListElement":[{"@type":"ListItem","position":1,"name":"Pagrindinis","item":"https:\/\/kidsplay.lt\/"},{"@type":"ListItem","position":2,"name":"Parduotuv\u0117","item":"https:\/\/kidsplay.lt\/parduotuve\/"},{"@type":"ListItem","position":3,"name":"Smoby vandens ir sm\u0117lio \u017eaidim\u0173 virtuv\u0117"}]},{"@type":"WebSite","@id":"https:\/\/kidsplay.lt\/#website","url":"https:\/\/kidsplay.lt\/","name":"B\u0113rnu sp\u0113les.lv","description":"\u012evairios prek\u0117s vaikams","publisher":{"@id":"https:\/\/kidsplay.lt\/#organization"},"alternateName":"Kidsplay","potentialAction":[{"@type":"SearchAction","target":{"@type":"EntryPoint","urlTemplate":"https:\/\/kidsplay.lt\/?s={search_term_string}"},"query-input":{"@type":"PropertyValueSpecification","valueRequired":true,"valueName":"search_term_string"}}],"inLanguage":"lv-LV"},{"@type":"Organization","@id":"https:\/\/kidsplay.lt\/#organization","name":"B\u0113rnu sp\u0113le","url":"https:\/\/kidsplay.lt\/","logo":{"@type":"ImageObject","inLanguage":"lv-LV","@id":"https:\/\/kidsplay.lt\/#\/schema\/logo\/image\/","url":"https:\/\/kidsplay.lt\/wp-content\/uploads\/2023\/07\/kidsplay-logo.png","contentUrl":"https:\/\/kidsplay.lt\/wp-content\/uploads\/2023\/07\/kidsplay-logo.png","width":451,"height":98,"caption":"KidsPlay"},"image":{"@id":"https:\/\/kidsplay.lt\/#\/schema\/logo\/image\/"},"sameAs":["https:\/\/www.facebook.com\/www.kidsplay.lt"]}]}},"_links":{"self":[{"href":"https:\/\/kidsplay.lt\/lv\/wp-json\/wp\/v2\/product\/89334","targetHints":{"allow":["GET"]}}],"collection":[{"href":"https:\/\/kidsplay.lt\/lv\/wp-json\/wp\/v2\/product"}],"about":[{"href":"https:\/\/kidsplay.lt\/lv\/wp-json\/wp\/v2\/types\/product"}],"version-history":[{"count":1,"href":"https:\/\/kidsplay.lt\/lv\/wp-json\/wp\/v2\/product\/89334\/revisions"}],"predecessor-version":[{"id":89335,"href":"https:\/\/kidsplay.lt\/lv\/wp-json\/wp\/v2\/product\/89334\/revisions\/89335"}],"wp:featuredmedia":[{"embeddable":true,"href":"https:\/\/kidsplay.lt\/lv\/wp-json\/wp\/v2\/media\/60442"}],"wp:attachment":[{"href":"https:\/\/kidsplay.lt\/lv\/wp-json\/wp\/v2\/media?parent=89334"}],"wp:term":[{"taxonomy":"product_brand","embeddable":true,"href":"https:\/\/kidsplay.lt\/lv\/wp-json\/wp\/v2\/product_brand?post=89334"},{"taxonomy":"product_cat","embeddable":true,"href":"https:\/\/kidsplay.lt\/lv\/wp-json\/wp\/v2\/product_cat?post=89334"},{"taxonomy":"product_tag","embeddable":true,"href":"https:\/\/kidsplay.lt\/lv\/wp-json\/wp\/v2\/product_tag?post=89334"}],"curies":[{"name":"wp","href":"https:\/\/api.w.org\/{rel}","templated":true}]}}