{"id":89336,"date":"2026-02-26T09:14:04","date_gmt":"2026-02-26T07:14:04","guid":{"rendered":"https:\/\/kidsplay.lt\/produktas\/smoby-megagliss-2in1-ciuozykla\/"},"modified":"2026-04-13T14:49:34","modified_gmt":"2026-04-13T11:49:34","slug":"smoby-megagliss-2in1-ciuozykla","status":"publish","type":"product","link":"https:\/\/kidsplay.lt\/lv\/products\/smoby-megagliss-2in1-ciuozykla\/","title":{"rendered":"Smoby MEGAGLISS 2in1 \u010diuo\u017eykla"},"content":{"rendered":"<p>\u201eSmoby MEGAGLISS 2-in-1\u201c\u00a0\u010diuo\u017eykla\u00a0\u2013 tai unikalus sodo \u017eaislas, kuris auga kartu su j\u016bs\u0173 vaiku. 150 cm ilgio \u010diuo\u017eykla tinka vaikams nuo dvej\u0173 met\u0173, o su papildomais prailginimais j\u0105 galima transformuoti \u012f 360 cm ilgio mega \u010diuo\u017eykl\u0105, puikiai tinkan\u010di\u0105 vyresniems vaikams. \u0160i \u201eSmoby\u201c \u010diuo\u017eykla u\u017etikrina saugum\u0105 patiems ma\u017eiausiems \u2013 platus pagrindas garantuoja stabilum\u0105, o neslystantys laipteliai ir ergonomi\u0161kos rankenos padeda vaikams saugiai lipti ir leistis. Pagaminta i\u0161 UV spinduliams atspari\u0173 med\u017eiag\u0173, ji yra itin patvari, atspari blukimui saul\u0117je, o tvirta konstrukcija u\u017etikrina ilgaam\u017e\u012f naudojim\u0105. Puikiai tinka t\u0117vams, ie\u0161kantiems funkcionalaus \u017eaislo, kuris lyd\u0117s j\u0173 vaikus ilgus metus smagiai leid\u017eiant laik\u0105 lauke.<\/p>\n<p>Rakstur\u012bgs:<\/p>\n<p> \t\u00a0&#8211;\u00a0Am\u017eius:\u00a02 metai<br \/>\n \t\u00a0&#8211;\u00a0Maksimali apkrova:\u00a050 kg<br \/>\n \t\u00a0&#8211;\u00a0Modulinis dizainas\u00a0\u2013 \u010diuo\u017eyklos ilgis nuo 150 iki 360 cm<br \/>\n \t\u00a0&#8211;\u00a0Patogumas ir saugumas\u00a0\u2013 didel\u0117s, ergonomi\u0161kos rankenos ir lygus slydimo pavir\u0161ius<br \/>\n \t\u00a0&#8211;\u00a0Apsauga nuo UV spinduli\u0173\u00a0\u2013 apsaugo nuo spalvos blukimo saul\u0117je<br \/>\n \t\u00a0&#8211;\u00a0Subtilios spalvos\u00a0\u2013 spalvos artimos gamtai<br \/>\n \t\u00a0&#8211;\u00a0Surinkim\u0105 turi atlikti\u00a0atsakingas\u00a0suaug\u0119s asmuo<br \/>\n \t\u00a0&#8211;\u00a0\u201eSmoby Life\u201c\u00a0ekologi\u0161ka linija\u00a0\u2013 66 % med\u017eiag\u0173 gaunama i\u0161 perdirbt\u0173 med\u017eiag\u0173<\/p>\n<p>Rota\u013clieta att\u012bst\u0101s:<\/p>\n<p> \t\u00a0&#8211;\u00a0Motoriniai \u012fg\u016bd\u017eiai\u00a0: \u010diuo\u017eimas \u017eemyn padeda lavinti pusiausvyr\u0105 ir motorin\u0119 koordinacij\u0105.<br \/>\n \t\u00a0&#8211;\u00a0Pasitik\u0117jimas savimi\u00a0: padeda j\u016bs\u0173 vaikui \u012fveikti i\u0161\u0161\u016bkius, o tai ugdo jo dr\u0105s\u0105 ir pasitik\u0117jim\u0105 savimi.<br \/>\n \t\u00a0&#8211; Smagu \u017eaisti\u00a0: D\u0117l savo i\u0161pl\u0117timo galimyb\u0117s \u010diuo\u017eykla u\u017etikrina ilgalaik\u0119 pramog\u0105, augan\u010di\u0105 kartu su j\u016bs\u0173 vaiku.<\/p>","protected":false},"excerpt":{"rendered":"<p>\u201eSmoby MEGAGLISS 2-in-1\u201c\u00a0\u010diuo\u017eykla\u00a0\u2013 tai unikalus sodo \u017eaislas, kuris auga kartu su j\u016bs\u0173 vaiku. 150 cm ilgio \u010diuo\u017eykla tinka vaikams nuo<\/p>","protected":false},"featured_media":62886,"template":"","meta":{"_acf_changed":false,"_glsr_average":0,"_glsr_ranking":0,"_glsr_reviews":0},"product_brand":[],"product_cat":[432,233],"product_tag":[],"class_list":{"0":"post-89336","1":"product","2":"type-product","3":"status-publish","4":"has-post-thumbnail","6":"product_cat-ciuozyklos","7":"product_cat-lauko-pramogos","8":"\"style=\"background-color: #2ecc711c;\"","10":"first","11":"instock","12":"purchasable","13":"product-type-simple"},"acf":[],"yoast_head":"<!-- This site is optimized with the Yoast SEO plugin v27.3 - https:\/\/yoast.com\/product\/yoast-seo-wordpress\/ -->\n<title>Smoby MEGAGLISS 2in1 \u010diuo\u017eykla<\/title>\n<meta name=\"description\" content=\"Smoby MEGAGLISS 2in1 \u010diuo\u017eykla - KidsPlay. Did\u017eiausias vaik\u0173 \u017eaisl\u0173 pasirinkimas.\" \/>\n<meta name=\"robots\" content=\"index, follow, max-snippet:-1, max-image-preview:large, max-video-preview:-1\" \/>\n<link rel=\"canonical\" href=\"https:\/\/kidsplay.lt\/lv\/products\/smoby-megagliss-2in1-ciuozykla\/\" \/>\n<meta property=\"og:locale\" content=\"lv_LV\" \/>\n<meta property=\"og:type\" content=\"article\" \/>\n<meta property=\"og:title\" content=\"Smoby MEGAGLISS 2in1 \u010diuo\u017eykla\" \/>\n<meta property=\"og:description\" content=\"Smoby MEGAGLISS 2in1 \u010diuo\u017eykla - KidsPlay. Did\u017eiausias vaik\u0173 \u017eaisl\u0173 pasirinkimas.\" \/>\n<meta property=\"og:url\" content=\"https:\/\/kidsplay.lt\/lv\/products\/smoby-megagliss-2in1-ciuozykla\/\" \/>\n<meta property=\"og:site_name\" content=\"KidsPlay\" \/>\n<meta property=\"article:publisher\" content=\"https:\/\/www.facebook.com\/www.kidsplay.lt\" \/>\n<meta property=\"article:modified_time\" content=\"2026-04-13T11:49:34+00:00\" \/>\n<meta property=\"og:image\" content=\"https:\/\/kidsplay.lt\/wp-content\/uploads\/2025\/09\/Smoby-MEGAGLISS-2in1-ciuozykla.jpg\" \/>\n\t<meta property=\"og:image:width\" content=\"2362\" \/>\n\t<meta property=\"og:image:height\" content=\"2362\" \/>\n\t<meta property=\"og:image:type\" content=\"image\/jpeg\" \/>\n<meta name=\"twitter:card\" content=\"summary_large_image\" \/>\n<meta name=\"twitter:label1\" content=\"Est. reading time\" \/>\n\t<meta name=\"twitter:data1\" content=\"1 min\u016bte\" \/>\n<script type=\"application\/ld+json\" class=\"yoast-schema-graph\">{\"@context\":\"https:\\\/\\\/schema.org\",\"@graph\":[{\"@type\":\"WebPage\",\"@id\":\"https:\\\/\\\/kidsplay.lt\\\/produktas\\\/smoby-megagliss-2in1-ciuozykla\\\/\",\"url\":\"https:\\\/\\\/kidsplay.lt\\\/produktas\\\/smoby-megagliss-2in1-ciuozykla\\\/\",\"name\":\"Smoby MEGAGLISS 2in1 \u010diuo\u017eykla\",\"isPartOf\":{\"@id\":\"https:\\\/\\\/kidsplay.lt\\\/#website\"},\"primaryImageOfPage\":{\"@id\":\"https:\\\/\\\/kidsplay.lt\\\/produktas\\\/smoby-megagliss-2in1-ciuozykla\\\/#primaryimage\"},\"image\":{\"@id\":\"https:\\\/\\\/kidsplay.lt\\\/produktas\\\/smoby-megagliss-2in1-ciuozykla\\\/#primaryimage\"},\"thumbnailUrl\":\"https:\\\/\\\/kidsplay.lt\\\/wp-content\\\/uploads\\\/2025\\\/09\\\/Smoby-MEGAGLISS-2in1-ciuozykla.jpg\",\"datePublished\":\"2026-02-26T07:14:04+00:00\",\"dateModified\":\"2026-04-13T11:49:34+00:00\",\"description\":\"Smoby MEGAGLISS 2in1 \u010diuo\u017eykla - KidsPlay. Did\u017eiausias vaik\u0173 \u017eaisl\u0173 pasirinkimas.\",\"breadcrumb\":{\"@id\":\"https:\\\/\\\/kidsplay.lt\\\/produktas\\\/smoby-megagliss-2in1-ciuozykla\\\/#breadcrumb\"},\"inLanguage\":\"lv-LV\",\"potentialAction\":[{\"@type\":\"ReadAction\",\"target\":[\"https:\\\/\\\/kidsplay.lt\\\/produktas\\\/smoby-megagliss-2in1-ciuozykla\\\/\"]}]},{\"@type\":\"ImageObject\",\"inLanguage\":\"lv-LV\",\"@id\":\"https:\\\/\\\/kidsplay.lt\\\/produktas\\\/smoby-megagliss-2in1-ciuozykla\\\/#primaryimage\",\"url\":\"https:\\\/\\\/kidsplay.lt\\\/wp-content\\\/uploads\\\/2025\\\/09\\\/Smoby-MEGAGLISS-2in1-ciuozykla.jpg\",\"contentUrl\":\"https:\\\/\\\/kidsplay.lt\\\/wp-content\\\/uploads\\\/2025\\\/09\\\/Smoby-MEGAGLISS-2in1-ciuozykla.jpg\",\"width\":2362,\"height\":2362,\"caption\":\"Smoby MEGAGLISS 2in1 \u010diuo\u017eykla\"},{\"@type\":\"BreadcrumbList\",\"@id\":\"https:\\\/\\\/kidsplay.lt\\\/produktas\\\/smoby-megagliss-2in1-ciuozykla\\\/#breadcrumb\",\"itemListElement\":[{\"@type\":\"ListItem\",\"position\":1,\"name\":\"Pagrindinis\",\"item\":\"https:\\\/\\\/kidsplay.lt\\\/\"},{\"@type\":\"ListItem\",\"position\":2,\"name\":\"Parduotuv\u0117\",\"item\":\"https:\\\/\\\/kidsplay.lt\\\/parduotuve\\\/\"},{\"@type\":\"ListItem\",\"position\":3,\"name\":\"Smoby MEGAGLISS 2in1 \u010diuo\u017eykla\"}]},{\"@type\":\"WebSite\",\"@id\":\"https:\\\/\\\/kidsplay.lt\\\/#website\",\"url\":\"https:\\\/\\\/kidsplay.lt\\\/\",\"name\":\"Kidsplay.lt\",\"description\":\"\u012evairios prek\u0117s vaikams\",\"publisher\":{\"@id\":\"https:\\\/\\\/kidsplay.lt\\\/#organization\"},\"alternateName\":\"Kidsplay\",\"potentialAction\":[{\"@type\":\"SearchAction\",\"target\":{\"@type\":\"EntryPoint\",\"urlTemplate\":\"https:\\\/\\\/kidsplay.lt\\\/?s={search_term_string}\"},\"query-input\":{\"@type\":\"PropertyValueSpecification\",\"valueRequired\":true,\"valueName\":\"search_term_string\"}}],\"inLanguage\":\"lv-LV\"},{\"@type\":\"Organization\",\"@id\":\"https:\\\/\\\/kidsplay.lt\\\/#organization\",\"name\":\"KidsPlay\",\"url\":\"https:\\\/\\\/kidsplay.lt\\\/\",\"logo\":{\"@type\":\"ImageObject\",\"inLanguage\":\"lv-LV\",\"@id\":\"https:\\\/\\\/kidsplay.lt\\\/#\\\/schema\\\/logo\\\/image\\\/\",\"url\":\"https:\\\/\\\/kidsplay.lt\\\/wp-content\\\/uploads\\\/2023\\\/07\\\/kidsplay-logo.png\",\"contentUrl\":\"https:\\\/\\\/kidsplay.lt\\\/wp-content\\\/uploads\\\/2023\\\/07\\\/kidsplay-logo.png\",\"width\":451,\"height\":98,\"caption\":\"KidsPlay\"},\"image\":{\"@id\":\"https:\\\/\\\/kidsplay.lt\\\/#\\\/schema\\\/logo\\\/image\\\/\"},\"sameAs\":[\"https:\\\/\\\/www.facebook.com\\\/www.kidsplay.lt\"]}]}<\/script>\n<!-- \/ Yoast SEO plugin. -->","yoast_head_json":{"title":"Smoby MEGAGLISS 2in1 \u010diuo\u017eykla","description":"Smoby MEGAGLISS 2in1 \u010diuo\u017eykla - KidsPlay. Did\u017eiausias vaik\u0173 \u017eaisl\u0173 pasirinkimas.","robots":{"index":"index","follow":"follow","max-snippet":"max-snippet:-1","max-image-preview":"max-image-preview:large","max-video-preview":"max-video-preview:-1"},"canonical":"https:\/\/kidsplay.lt\/lv\/products\/smoby-megagliss-2in1-ciuozykla\/","og_locale":"lv_LV","og_type":"article","og_title":"Smoby MEGAGLISS 2in1 \u010diuo\u017eykla","og_description":"Smoby MEGAGLISS 2in1 \u010diuo\u017eykla - KidsPlay. Did\u017eiausias vaik\u0173 \u017eaisl\u0173 pasirinkimas.","og_url":"https:\/\/kidsplay.lt\/lv\/products\/smoby-megagliss-2in1-ciuozykla\/","og_site_name":"KidsPlay","article_publisher":"https:\/\/www.facebook.com\/www.kidsplay.lt","article_modified_time":"2026-04-13T11:49:34+00:00","og_image":[{"width":2362,"height":2362,"url":"https:\/\/kidsplay.lt\/wp-content\/uploads\/2025\/09\/Smoby-MEGAGLISS-2in1-ciuozykla.jpg","type":"image\/jpeg"}],"twitter_card":"summary_large_image","twitter_misc":{"Est. reading time":"1 min\u016bte"},"schema":{"@context":"https:\/\/schema.org","@graph":[{"@type":"WebPage","@id":"https:\/\/kidsplay.lt\/produktas\/smoby-megagliss-2in1-ciuozykla\/","url":"https:\/\/kidsplay.lt\/produktas\/smoby-megagliss-2in1-ciuozykla\/","name":"Smoby MEGAGLISS 2in1 \u010diuo\u017eykla","isPartOf":{"@id":"https:\/\/kidsplay.lt\/#website"},"primaryImageOfPage":{"@id":"https:\/\/kidsplay.lt\/produktas\/smoby-megagliss-2in1-ciuozykla\/#primaryimage"},"image":{"@id":"https:\/\/kidsplay.lt\/produktas\/smoby-megagliss-2in1-ciuozykla\/#primaryimage"},"thumbnailUrl":"https:\/\/kidsplay.lt\/wp-content\/uploads\/2025\/09\/Smoby-MEGAGLISS-2in1-ciuozykla.jpg","datePublished":"2026-02-26T07:14:04+00:00","dateModified":"2026-04-13T11:49:34+00:00","description":"Smoby MEGAGLISS 2in1 \u010diuo\u017eykla - KidsPlay. Did\u017eiausias vaik\u0173 \u017eaisl\u0173 pasirinkimas.","breadcrumb":{"@id":"https:\/\/kidsplay.lt\/produktas\/smoby-megagliss-2in1-ciuozykla\/#breadcrumb"},"inLanguage":"lv-LV","potentialAction":[{"@type":"ReadAction","target":["https:\/\/kidsplay.lt\/produktas\/smoby-megagliss-2in1-ciuozykla\/"]}]},{"@type":"ImageObject","inLanguage":"lv-LV","@id":"https:\/\/kidsplay.lt\/produktas\/smoby-megagliss-2in1-ciuozykla\/#primaryimage","url":"https:\/\/kidsplay.lt\/wp-content\/uploads\/2025\/09\/Smoby-MEGAGLISS-2in1-ciuozykla.jpg","contentUrl":"https:\/\/kidsplay.lt\/wp-content\/uploads\/2025\/09\/Smoby-MEGAGLISS-2in1-ciuozykla.jpg","width":2362,"height":2362,"caption":"Smoby MEGAGLISS 2in1 \u010diuo\u017eykla"},{"@type":"BreadcrumbList","@id":"https:\/\/kidsplay.lt\/produktas\/smoby-megagliss-2in1-ciuozykla\/#breadcrumb","itemListElement":[{"@type":"ListItem","position":1,"name":"Pagrindinis","item":"https:\/\/kidsplay.lt\/"},{"@type":"ListItem","position":2,"name":"Parduotuv\u0117","item":"https:\/\/kidsplay.lt\/parduotuve\/"},{"@type":"ListItem","position":3,"name":"Smoby MEGAGLISS 2in1 \u010diuo\u017eykla"}]},{"@type":"WebSite","@id":"https:\/\/kidsplay.lt\/#website","url":"https:\/\/kidsplay.lt\/","name":"B\u0113rnu sp\u0113les.lv","description":"\u012evairios prek\u0117s vaikams","publisher":{"@id":"https:\/\/kidsplay.lt\/#organization"},"alternateName":"Kidsplay","potentialAction":[{"@type":"SearchAction","target":{"@type":"EntryPoint","urlTemplate":"https:\/\/kidsplay.lt\/?s={search_term_string}"},"query-input":{"@type":"PropertyValueSpecification","valueRequired":true,"valueName":"search_term_string"}}],"inLanguage":"lv-LV"},{"@type":"Organization","@id":"https:\/\/kidsplay.lt\/#organization","name":"B\u0113rnu sp\u0113le","url":"https:\/\/kidsplay.lt\/","logo":{"@type":"ImageObject","inLanguage":"lv-LV","@id":"https:\/\/kidsplay.lt\/#\/schema\/logo\/image\/","url":"https:\/\/kidsplay.lt\/wp-content\/uploads\/2023\/07\/kidsplay-logo.png","contentUrl":"https:\/\/kidsplay.lt\/wp-content\/uploads\/2023\/07\/kidsplay-logo.png","width":451,"height":98,"caption":"KidsPlay"},"image":{"@id":"https:\/\/kidsplay.lt\/#\/schema\/logo\/image\/"},"sameAs":["https:\/\/www.facebook.com\/www.kidsplay.lt"]}]}},"_links":{"self":[{"href":"https:\/\/kidsplay.lt\/lv\/wp-json\/wp\/v2\/product\/89336","targetHints":{"allow":["GET"]}}],"collection":[{"href":"https:\/\/kidsplay.lt\/lv\/wp-json\/wp\/v2\/product"}],"about":[{"href":"https:\/\/kidsplay.lt\/lv\/wp-json\/wp\/v2\/types\/product"}],"version-history":[{"count":1,"href":"https:\/\/kidsplay.lt\/lv\/wp-json\/wp\/v2\/product\/89336\/revisions"}],"predecessor-version":[{"id":89337,"href":"https:\/\/kidsplay.lt\/lv\/wp-json\/wp\/v2\/product\/89336\/revisions\/89337"}],"wp:featuredmedia":[{"embeddable":true,"href":"https:\/\/kidsplay.lt\/lv\/wp-json\/wp\/v2\/media\/62886"}],"wp:attachment":[{"href":"https:\/\/kidsplay.lt\/lv\/wp-json\/wp\/v2\/media?parent=89336"}],"wp:term":[{"taxonomy":"product_brand","embeddable":true,"href":"https:\/\/kidsplay.lt\/lv\/wp-json\/wp\/v2\/product_brand?post=89336"},{"taxonomy":"product_cat","embeddable":true,"href":"https:\/\/kidsplay.lt\/lv\/wp-json\/wp\/v2\/product_cat?post=89336"},{"taxonomy":"product_tag","embeddable":true,"href":"https:\/\/kidsplay.lt\/lv\/wp-json\/wp\/v2\/product_tag?post=89336"}],"curies":[{"name":"wp","href":"https:\/\/api.w.org\/{rel}","templated":true}]}}