{"id":89338,"date":"2026-02-26T09:14:06","date_gmt":"2026-02-26T07:14:06","guid":{"rendered":"https:\/\/kidsplay.lt\/produktas\/smoby-balansine-sija\/"},"modified":"2026-04-07T10:28:02","modified_gmt":"2026-04-07T07:28:02","slug":"smoby-balansine-sija","status":"publish","type":"product","link":"https:\/\/kidsplay.lt\/lv\/products\/smoby-balansine-sija\/","title":{"rendered":"Smoby balansin\u0117 sija"},"content":{"rendered":"<p>\u201eSmoby\u201c pusiausvyros sija\u00a0\u00a0yra unikalus\u00a0sensorin\u0117s\u00a0pusiausvyros takelis, skirtas vaikams\u00a0nuo 2 met\u0173 am\u017eiaus\u00a0. Jis leid\u017eia ma\u017eyliams lavinti\u00a0motorin\u0119 koordinacij\u0105\u00a0, praktikuoti\u00a0pusiausvyr\u0105\u00a0ir patirti \u012fvairius sensorinius\u00a0stimulus\u00a0.\u00a0\u017daidimas ant sijos ne tik lavina\u00a0motorinius\u00a0\u012fg\u016bd\u017eius , bet ir suteikia daug\u00a0d\u017eiaugsmo\u00a0tiek patalpose, tiek lauke.<\/p>\n<p>Rinkin\u012f sudaro\u00a0keturios\u00a0ilgos (70 cm) panel\u0117s su skirtingomis\u00a0tekst\u016bromis\u00a0ir\u00a0keturi\u00a0pagrindai joms pritvirtinti.\u00a0Lanksti\u00a0element\u0173 konfig\u016bracija leid\u017eia sukurti\u00a0iki 3,5 metro ilgio tak\u0105,\u00a0pritaikyt\u0105 j\u016bs\u0173 vaiko geb\u0117jimams. Rekomenduojama taku vaik\u0161\u010dioti basomis, nes tai pagerina sensorin\u0119 patirt\u012f ir teigiamai veikia\u00a0nerv\u0173 sistemos vystym\u0105si.<\/p>\n<p>D\u0117l\u00a0oro s\u0105lygoms\u00a0atsparios ,\u00a0anti-UV\u00a0dangos\u00a0, balansyras tinka naudoti tiek namuose, tiek kieme. Produktas pagamintas naudojant\u00a0liejimo p\u016btimo\u00a0metod\u0105 \u2013 plok\u0161t\u0117s yra vientisos, tod\u0117l yra patvarios ir lengvos, be to, nereikia papildomo surinkimo.<br \/>\nRakstur\u012bgs:<\/p>\n<p> \t\u00a0&#8211;\u00a0Am\u017eius:\u00a02 metai<br \/>\n \t\u00a0&#8211;\u00a0Maksimali apkrova:\u00a050 kg<br \/>\n \t\u00a0&#8211;\u00a04 70 cm ilgio\u00a0panel\u0117s ir\u00a04\u00a0tvirtinimo\u00a0pagrindai<br \/>\n \t\u00a0&#8211;\u00a0Pavir\u0161ius su skirtingomis tekst\u016bromis\u00a0intensyviam poj\u016b\u010di\u0173 potyriui<br \/>\n \t\u00a0&#8211;\u00a0Bet kokios konfig\u016bracijos galimyb\u0117\u00a0&#8211; maksimalus kelio ilgis yra 3,5 metro<br \/>\n \t\u00a0&#8211;\u00a0Apsauga\u00a0nuo UV spinduli\u0173\u00a0\u2013 atspari saul\u0117s spinduliams, apsaugo nuo spalvos blukimo<br \/>\n \t\u00a0&#8211;\u00a0Pagaminta i\u0161\u00a0patvaraus plastiko\u00a0\u2013 lengvai valoma<br \/>\n \t\u00a0&#8211;\u00a0Subtilios, nat\u016bralios spalvos<br \/>\n \t\u00a0&#8211;\u00a0Ekologi\u0161ka\u00a0\u201eSmoby Life\u201c linija \u2013 57 % med\u017eiag\u0173 yra perdirbta<\/p>\n<p>Rota\u013clieta att\u012bst\u0101s:<\/p>\n<p> \t\u00a0&#8211;\u00a0Motorin\u0117 koordinacija\u00a0\u2013 lavina pusiausvyr\u0105, k\u016bno kontrol\u0119 ir geb\u0117jim\u0105 i\u0161laikyti pusiausvyr\u0105<br \/>\n \t\u00a0&#8211;\u00a0Stambiosios motorikos \u012fg\u016bd\u017eiai\u00a0\u2013 skatina tinkam\u0105 raumen\u0173 vystym\u0105si ir gerina laikysenos stabilizavim\u0105<br \/>\n \t\u00a0&#8211;\u00a0Sensorinis suvokimas\u00a0\u2013 skirtingos plok\u0161\u010di\u0173 tekst\u016bros suteikia stimul\u0173, palaikydamos poj\u016b\u010di\u0173 vystym\u0105si<br \/>\n \t\u00a0&#8211;\u00a0Pasitik\u0117jimas savimi ir dr\u0105sa\u00a0\u2013 vaikas palaipsniui \u012fveikia sunkesnes kelio konfig\u016bracijas<br \/>\n \t\u00a0&#8211; Kognityviniai \u012fg\u016bd\u017eiai\u00a0\u2013 eksperimentavimas su tako i\u0161d\u0117stymu skatina k\u016brybi\u0161kum\u0105 ir login\u012f m\u0105stym\u0105<\/p>","protected":false},"excerpt":{"rendered":"<p>\u201eSmoby\u201c pusiausvyros sija\u00a0\u00a0yra unikalus\u00a0sensorin\u0117s\u00a0pusiausvyros takelis, skirtas vaikams\u00a0nuo 2 met\u0173 am\u017eiaus\u00a0. Jis leid\u017eia ma\u017eyliams lavinti\u00a0motorin\u0119 koordinacij\u0105\u00a0, praktikuoti\u00a0pusiausvyr\u0105\u00a0ir patirti \u012fvairius sensorinius\u00a0stimulus\u00a0.\u00a0\u017daidimas ant<\/p>","protected":false},"featured_media":62891,"template":"","meta":{"_acf_changed":false,"_glsr_average":0,"_glsr_ranking":0,"_glsr_reviews":0},"product_brand":[],"product_cat":[887],"product_tag":[],"class_list":{"0":"post-89338","1":"product","2":"type-product","3":"status-publish","4":"has-post-thumbnail","6":"product_cat-sensoriniai-kilimeliai-kudikiams","7":"\"style=\"background-color: #2ecc711c;\"","9":"first","10":"instock","11":"purchasable","12":"product-type-simple"},"acf":[],"yoast_head":"<!-- This site is optimized with the Yoast SEO plugin v27.3 - https:\/\/yoast.com\/product\/yoast-seo-wordpress\/ -->\n<title>Smoby balansin\u0117 sija<\/title>\n<meta name=\"description\" content=\"Smoby balansin\u0117 sija - KidsPlay. Did\u017eiausias vaik\u0173 \u017eaisl\u0173 pasirinkimas.\" \/>\n<meta name=\"robots\" content=\"index, follow, max-snippet:-1, max-image-preview:large, max-video-preview:-1\" \/>\n<link rel=\"canonical\" href=\"https:\/\/kidsplay.lt\/lv\/products\/smoby-balansine-sija\/\" \/>\n<meta property=\"og:locale\" content=\"lv_LV\" \/>\n<meta property=\"og:type\" content=\"article\" \/>\n<meta property=\"og:title\" content=\"Smoby balansin\u0117 sija\" \/>\n<meta property=\"og:description\" content=\"Smoby balansin\u0117 sija - KidsPlay. Did\u017eiausias vaik\u0173 \u017eaisl\u0173 pasirinkimas.\" \/>\n<meta property=\"og:url\" content=\"https:\/\/kidsplay.lt\/lv\/products\/smoby-balansine-sija\/\" \/>\n<meta property=\"og:site_name\" content=\"KidsPlay\" \/>\n<meta property=\"article:publisher\" content=\"https:\/\/www.facebook.com\/www.kidsplay.lt\" \/>\n<meta property=\"article:modified_time\" content=\"2026-04-07T07:28:02+00:00\" \/>\n<meta property=\"og:image\" content=\"https:\/\/kidsplay.lt\/wp-content\/uploads\/2025\/09\/Smoby-balansine-sija.jpg\" \/>\n\t<meta property=\"og:image:width\" content=\"2362\" \/>\n\t<meta property=\"og:image:height\" content=\"2362\" \/>\n\t<meta property=\"og:image:type\" content=\"image\/jpeg\" \/>\n<meta name=\"twitter:card\" content=\"summary_large_image\" \/>\n<meta name=\"twitter:label1\" content=\"Est. reading time\" \/>\n\t<meta name=\"twitter:data1\" content=\"1 min\u016bte\" \/>\n<script type=\"application\/ld+json\" class=\"yoast-schema-graph\">{\"@context\":\"https:\\\/\\\/schema.org\",\"@graph\":[{\"@type\":\"WebPage\",\"@id\":\"https:\\\/\\\/kidsplay.lt\\\/produktas\\\/smoby-balansine-sija\\\/\",\"url\":\"https:\\\/\\\/kidsplay.lt\\\/produktas\\\/smoby-balansine-sija\\\/\",\"name\":\"Smoby balansin\u0117 sija\",\"isPartOf\":{\"@id\":\"https:\\\/\\\/kidsplay.lt\\\/#website\"},\"primaryImageOfPage\":{\"@id\":\"https:\\\/\\\/kidsplay.lt\\\/produktas\\\/smoby-balansine-sija\\\/#primaryimage\"},\"image\":{\"@id\":\"https:\\\/\\\/kidsplay.lt\\\/produktas\\\/smoby-balansine-sija\\\/#primaryimage\"},\"thumbnailUrl\":\"https:\\\/\\\/kidsplay.lt\\\/wp-content\\\/uploads\\\/2025\\\/09\\\/Smoby-balansine-sija.jpg\",\"datePublished\":\"2026-02-26T07:14:06+00:00\",\"dateModified\":\"2026-04-07T07:28:02+00:00\",\"description\":\"Smoby balansin\u0117 sija - KidsPlay. Did\u017eiausias vaik\u0173 \u017eaisl\u0173 pasirinkimas.\",\"breadcrumb\":{\"@id\":\"https:\\\/\\\/kidsplay.lt\\\/produktas\\\/smoby-balansine-sija\\\/#breadcrumb\"},\"inLanguage\":\"lv-LV\",\"potentialAction\":[{\"@type\":\"ReadAction\",\"target\":[\"https:\\\/\\\/kidsplay.lt\\\/produktas\\\/smoby-balansine-sija\\\/\"]}]},{\"@type\":\"ImageObject\",\"inLanguage\":\"lv-LV\",\"@id\":\"https:\\\/\\\/kidsplay.lt\\\/produktas\\\/smoby-balansine-sija\\\/#primaryimage\",\"url\":\"https:\\\/\\\/kidsplay.lt\\\/wp-content\\\/uploads\\\/2025\\\/09\\\/Smoby-balansine-sija.jpg\",\"contentUrl\":\"https:\\\/\\\/kidsplay.lt\\\/wp-content\\\/uploads\\\/2025\\\/09\\\/Smoby-balansine-sija.jpg\",\"width\":2362,\"height\":2362,\"caption\":\"Smoby balansin\u0117 sija\"},{\"@type\":\"BreadcrumbList\",\"@id\":\"https:\\\/\\\/kidsplay.lt\\\/produktas\\\/smoby-balansine-sija\\\/#breadcrumb\",\"itemListElement\":[{\"@type\":\"ListItem\",\"position\":1,\"name\":\"Pagrindinis\",\"item\":\"https:\\\/\\\/kidsplay.lt\\\/\"},{\"@type\":\"ListItem\",\"position\":2,\"name\":\"Parduotuv\u0117\",\"item\":\"https:\\\/\\\/kidsplay.lt\\\/parduotuve\\\/\"},{\"@type\":\"ListItem\",\"position\":3,\"name\":\"Smoby balansin\u0117 sija\"}]},{\"@type\":\"WebSite\",\"@id\":\"https:\\\/\\\/kidsplay.lt\\\/#website\",\"url\":\"https:\\\/\\\/kidsplay.lt\\\/\",\"name\":\"Kidsplay.lt\",\"description\":\"\u012evairios prek\u0117s vaikams\",\"publisher\":{\"@id\":\"https:\\\/\\\/kidsplay.lt\\\/#organization\"},\"alternateName\":\"Kidsplay\",\"potentialAction\":[{\"@type\":\"SearchAction\",\"target\":{\"@type\":\"EntryPoint\",\"urlTemplate\":\"https:\\\/\\\/kidsplay.lt\\\/?s={search_term_string}\"},\"query-input\":{\"@type\":\"PropertyValueSpecification\",\"valueRequired\":true,\"valueName\":\"search_term_string\"}}],\"inLanguage\":\"lv-LV\"},{\"@type\":\"Organization\",\"@id\":\"https:\\\/\\\/kidsplay.lt\\\/#organization\",\"name\":\"KidsPlay\",\"url\":\"https:\\\/\\\/kidsplay.lt\\\/\",\"logo\":{\"@type\":\"ImageObject\",\"inLanguage\":\"lv-LV\",\"@id\":\"https:\\\/\\\/kidsplay.lt\\\/#\\\/schema\\\/logo\\\/image\\\/\",\"url\":\"https:\\\/\\\/kidsplay.lt\\\/wp-content\\\/uploads\\\/2023\\\/07\\\/kidsplay-logo.png\",\"contentUrl\":\"https:\\\/\\\/kidsplay.lt\\\/wp-content\\\/uploads\\\/2023\\\/07\\\/kidsplay-logo.png\",\"width\":451,\"height\":98,\"caption\":\"KidsPlay\"},\"image\":{\"@id\":\"https:\\\/\\\/kidsplay.lt\\\/#\\\/schema\\\/logo\\\/image\\\/\"},\"sameAs\":[\"https:\\\/\\\/www.facebook.com\\\/www.kidsplay.lt\"]}]}<\/script>\n<!-- \/ Yoast SEO plugin. -->","yoast_head_json":{"title":"Smoby balansin\u0117 sija","description":"Smoby balansin\u0117 sija - KidsPlay. Did\u017eiausias vaik\u0173 \u017eaisl\u0173 pasirinkimas.","robots":{"index":"index","follow":"follow","max-snippet":"max-snippet:-1","max-image-preview":"max-image-preview:large","max-video-preview":"max-video-preview:-1"},"canonical":"https:\/\/kidsplay.lt\/lv\/products\/smoby-balansine-sija\/","og_locale":"lv_LV","og_type":"article","og_title":"Smoby balansin\u0117 sija","og_description":"Smoby balansin\u0117 sija - KidsPlay. Did\u017eiausias vaik\u0173 \u017eaisl\u0173 pasirinkimas.","og_url":"https:\/\/kidsplay.lt\/lv\/products\/smoby-balansine-sija\/","og_site_name":"KidsPlay","article_publisher":"https:\/\/www.facebook.com\/www.kidsplay.lt","article_modified_time":"2026-04-07T07:28:02+00:00","og_image":[{"width":2362,"height":2362,"url":"https:\/\/kidsplay.lt\/wp-content\/uploads\/2025\/09\/Smoby-balansine-sija.jpg","type":"image\/jpeg"}],"twitter_card":"summary_large_image","twitter_misc":{"Est. reading time":"1 min\u016bte"},"schema":{"@context":"https:\/\/schema.org","@graph":[{"@type":"WebPage","@id":"https:\/\/kidsplay.lt\/produktas\/smoby-balansine-sija\/","url":"https:\/\/kidsplay.lt\/produktas\/smoby-balansine-sija\/","name":"Smoby balansin\u0117 sija","isPartOf":{"@id":"https:\/\/kidsplay.lt\/#website"},"primaryImageOfPage":{"@id":"https:\/\/kidsplay.lt\/produktas\/smoby-balansine-sija\/#primaryimage"},"image":{"@id":"https:\/\/kidsplay.lt\/produktas\/smoby-balansine-sija\/#primaryimage"},"thumbnailUrl":"https:\/\/kidsplay.lt\/wp-content\/uploads\/2025\/09\/Smoby-balansine-sija.jpg","datePublished":"2026-02-26T07:14:06+00:00","dateModified":"2026-04-07T07:28:02+00:00","description":"Smoby balansin\u0117 sija - KidsPlay. Did\u017eiausias vaik\u0173 \u017eaisl\u0173 pasirinkimas.","breadcrumb":{"@id":"https:\/\/kidsplay.lt\/produktas\/smoby-balansine-sija\/#breadcrumb"},"inLanguage":"lv-LV","potentialAction":[{"@type":"ReadAction","target":["https:\/\/kidsplay.lt\/produktas\/smoby-balansine-sija\/"]}]},{"@type":"ImageObject","inLanguage":"lv-LV","@id":"https:\/\/kidsplay.lt\/produktas\/smoby-balansine-sija\/#primaryimage","url":"https:\/\/kidsplay.lt\/wp-content\/uploads\/2025\/09\/Smoby-balansine-sija.jpg","contentUrl":"https:\/\/kidsplay.lt\/wp-content\/uploads\/2025\/09\/Smoby-balansine-sija.jpg","width":2362,"height":2362,"caption":"Smoby balansin\u0117 sija"},{"@type":"BreadcrumbList","@id":"https:\/\/kidsplay.lt\/produktas\/smoby-balansine-sija\/#breadcrumb","itemListElement":[{"@type":"ListItem","position":1,"name":"Pagrindinis","item":"https:\/\/kidsplay.lt\/"},{"@type":"ListItem","position":2,"name":"Parduotuv\u0117","item":"https:\/\/kidsplay.lt\/parduotuve\/"},{"@type":"ListItem","position":3,"name":"Smoby balansin\u0117 sija"}]},{"@type":"WebSite","@id":"https:\/\/kidsplay.lt\/#website","url":"https:\/\/kidsplay.lt\/","name":"B\u0113rnu sp\u0113les.lv","description":"\u012evairios prek\u0117s vaikams","publisher":{"@id":"https:\/\/kidsplay.lt\/#organization"},"alternateName":"Kidsplay","potentialAction":[{"@type":"SearchAction","target":{"@type":"EntryPoint","urlTemplate":"https:\/\/kidsplay.lt\/?s={search_term_string}"},"query-input":{"@type":"PropertyValueSpecification","valueRequired":true,"valueName":"search_term_string"}}],"inLanguage":"lv-LV"},{"@type":"Organization","@id":"https:\/\/kidsplay.lt\/#organization","name":"B\u0113rnu sp\u0113le","url":"https:\/\/kidsplay.lt\/","logo":{"@type":"ImageObject","inLanguage":"lv-LV","@id":"https:\/\/kidsplay.lt\/#\/schema\/logo\/image\/","url":"https:\/\/kidsplay.lt\/wp-content\/uploads\/2023\/07\/kidsplay-logo.png","contentUrl":"https:\/\/kidsplay.lt\/wp-content\/uploads\/2023\/07\/kidsplay-logo.png","width":451,"height":98,"caption":"KidsPlay"},"image":{"@id":"https:\/\/kidsplay.lt\/#\/schema\/logo\/image\/"},"sameAs":["https:\/\/www.facebook.com\/www.kidsplay.lt"]}]}},"_links":{"self":[{"href":"https:\/\/kidsplay.lt\/lv\/wp-json\/wp\/v2\/product\/89338","targetHints":{"allow":["GET"]}}],"collection":[{"href":"https:\/\/kidsplay.lt\/lv\/wp-json\/wp\/v2\/product"}],"about":[{"href":"https:\/\/kidsplay.lt\/lv\/wp-json\/wp\/v2\/types\/product"}],"version-history":[{"count":1,"href":"https:\/\/kidsplay.lt\/lv\/wp-json\/wp\/v2\/product\/89338\/revisions"}],"predecessor-version":[{"id":89339,"href":"https:\/\/kidsplay.lt\/lv\/wp-json\/wp\/v2\/product\/89338\/revisions\/89339"}],"wp:featuredmedia":[{"embeddable":true,"href":"https:\/\/kidsplay.lt\/lv\/wp-json\/wp\/v2\/media\/62891"}],"wp:attachment":[{"href":"https:\/\/kidsplay.lt\/lv\/wp-json\/wp\/v2\/media?parent=89338"}],"wp:term":[{"taxonomy":"product_brand","embeddable":true,"href":"https:\/\/kidsplay.lt\/lv\/wp-json\/wp\/v2\/product_brand?post=89338"},{"taxonomy":"product_cat","embeddable":true,"href":"https:\/\/kidsplay.lt\/lv\/wp-json\/wp\/v2\/product_cat?post=89338"},{"taxonomy":"product_tag","embeddable":true,"href":"https:\/\/kidsplay.lt\/lv\/wp-json\/wp\/v2\/product_tag?post=89338"}],"curies":[{"name":"wp","href":"https:\/\/api.w.org\/{rel}","templated":true}]}}