{"id":89342,"date":"2026-02-26T09:14:12","date_gmt":"2026-02-26T07:14:12","guid":{"rendered":"https:\/\/kidsplay.lt\/produktas\/smoby-life-evo-sodo-namelis\/"},"modified":"2026-04-07T10:28:09","modified_gmt":"2026-04-07T07:28:09","slug":"smoby-life-evo-sodo-namelis","status":"publish","type":"product","link":"https:\/\/kidsplay.lt\/lv\/products\/smoby-life-evo-sodo-namelis\/","title":{"rendered":"Smoby Life Evo d\u0101rza m\u0101ji\u0146a"},"content":{"rendered":"<p>\u201eSmoby Life Evo\u201c sodo \u017eaidim\u0173 namelis\u00a0\u00a0\u2013 puiki lauko \u017eaidim\u0173 erdv\u0117 vaikams nuo 3 met\u0173 am\u017eiaus. Tai vieta, kur ma\u017eyliai gali atlikti \u012fvairius vaidmenis, kviesdami sve\u010dius prisijungti prie linksmybi\u0173. Erdvumas, auk\u0161tos kokyb\u0117s med\u017eiagos ir funkcionalumas daro j\u012f idealiu pasirinkimu sodui, kuriame vaikai gali lavinti savo vaizduot\u0119 ir leisti laik\u0105 lauke.<\/p>\n<p>Rakstur\u012bgs:<\/p>\n<p> \t&#8211;\u00a0tinka vaikams\u00a0nuo 3 met\u0173 am\u017eiaus\u00a0,\u00a0suteikiant jiems pakankamai erdv\u0117s \u017eaisti.<br \/>\n \t&#8211; Auk\u0161tos kokyb\u0117s med\u017eiagos:\u00a0namelis pagamintas i\u0161 patvaraus plastiko, imituojan\u010dio medien\u0105 ir akmen\u012f, kuris yra atsparus oro s\u0105lygoms ir tuo pa\u010diu metu\u00a0yra perdirbtas (61 % med\u017eiagos).<br \/>\n \t\u00a0&#8211;\u00a0Apsauga nuo UV spinduli\u0173:\u00a0apsauga nuo blukimo d\u0117l saul\u0117s spinduli\u0173, u\u017etikrinanti ilgalaik\u0119 estetik\u0105 ir spalvos intensyvum\u0105.<br \/>\n \t\u00a0&#8211;\u00a0Erdvumas:\u00a0Auk\u0161tis didesnis nei 1,5 metro<br \/>\n \t\u00a0&#8211;\u00a0Priedai:\u00a0Namas turi duris su akute, langus su atidaromomis langin\u0117mis ir pa\u0161to d\u0117\u017eut\u0119, kurios leid\u017eia vaikams \u017eaisti realiau.<br \/>\n \t\u00a0&#8211;\u00a0Subalansuotos spalvos:\u00a0prislopintos gamtos atspalvi\u0173 spalvos leid\u017eia namui der\u0117ti prie bet kokio sodo, neu\u017ego\u017eiant jo erdv\u0117s.<\/p>\n<p>Rota\u013clieta att\u012bst\u0101s:<\/p>\n<p> \t\u00a0&#8211;\u00a0Vaizduot\u0117 ir k\u016brybi\u0161kumas:\u00a0\u017daidimas namuose lavina vaizduot\u0119, vaikai gali organizuoti skirtingus vaidmenis, kviesti sve\u010dius ar vesti i\u0161galvotus pokalbius.<br \/>\n \t\u00a0&#8211;\u00a0Socialiniai \u012fg\u016bd\u017eiai:\u00a0\u017eaidim\u0173 namelis skatina bendravim\u0105 su bendraam\u017eiais, o tai lavina bendravimo, bendradarbiavimo ir dalijimosi \u012fg\u016bd\u017eius.<br \/>\n \t\u00a0&#8211;\u00a0Smulkioji motorika:\u00a0Atidarytos langin\u0117s, durys, pa\u0161to d\u0117\u017eut\u0117 ir kiti elementai padeda lavinti vaik\u0173 smulki\u0105j\u0105 motorik\u0105, moko juos tiksliai naudoti rankas.<br \/>\n \t\u00a0&#8211;\u00a0Estetinis poj\u016btis:\u00a0prislopintos spalvos ir nat\u016bralios med\u017eiagos formuoja vaik\u0173 estetikos poj\u016bt\u012f ir r\u016bpest\u012f aplinka.<br \/>\n \t\u00a0&#8211;\u00a0K\u016brybi\u0161kumas i\u0161d\u0117styme:\u00a0galimyb\u0117 \u012fsigyti pried\u0173 (parduodam\u0173 atskirai), toki\u0173 kaip sm\u0117lio d\u0117\u017e\u0117, lempa, laistytuvas ar pikniko stalas, leid\u017eia vaikams sukurti visavert\u0119, funkcionali\u0105 \u017eaidim\u0173 erdv\u0119.<\/p>","protected":false},"excerpt":{"rendered":"<p>\u201eSmoby Life Evo\u201c sodo \u017eaidim\u0173 namelis\u00a0\u00a0\u2013 puiki lauko \u017eaidim\u0173 erdv\u0117 vaikams nuo 3 met\u0173 am\u017eiaus. Tai vieta, kur ma\u017eyliai gali<\/p>","protected":false},"featured_media":62896,"template":"","meta":{"_acf_changed":false,"_glsr_average":0,"_glsr_ranking":0,"_glsr_reviews":0},"product_brand":[],"product_cat":[233,234],"product_tag":[],"class_list":{"0":"post-89342","1":"product","2":"type-product","3":"status-publish","4":"has-post-thumbnail","6":"product_cat-lauko-pramogos","7":"product_cat-vaikiski-nameliai","8":"\"style=\"background-color: #2ecc711c;\"","10":"first","11":"instock","12":"purchasable","13":"product-type-simple"},"acf":[],"yoast_head":"<!-- This site is optimized with the Yoast SEO plugin v27.3 - https:\/\/yoast.com\/product\/yoast-seo-wordpress\/ -->\n<title>Smoby Life Evo sodo namelis<\/title>\n<meta name=\"description\" content=\"Smoby Life Evo sodo namelis - KidsPlay. Did\u017eiausias vaik\u0173 \u017eaisl\u0173 pasirinkimas.\" \/>\n<meta name=\"robots\" content=\"index, follow, max-snippet:-1, max-image-preview:large, max-video-preview:-1\" \/>\n<link rel=\"canonical\" href=\"https:\/\/kidsplay.lt\/lv\/products\/smoby-life-evo-sodo-namelis\/\" \/>\n<meta property=\"og:locale\" content=\"lv_LV\" \/>\n<meta property=\"og:type\" content=\"article\" \/>\n<meta property=\"og:title\" content=\"Smoby Life Evo sodo namelis\" \/>\n<meta property=\"og:description\" content=\"Smoby Life Evo sodo namelis - KidsPlay. Did\u017eiausias vaik\u0173 \u017eaisl\u0173 pasirinkimas.\" \/>\n<meta property=\"og:url\" content=\"https:\/\/kidsplay.lt\/lv\/products\/smoby-life-evo-sodo-namelis\/\" \/>\n<meta property=\"og:site_name\" content=\"KidsPlay\" \/>\n<meta property=\"article:publisher\" content=\"https:\/\/www.facebook.com\/www.kidsplay.lt\" \/>\n<meta property=\"article:modified_time\" content=\"2026-04-07T07:28:09+00:00\" \/>\n<meta property=\"og:image\" content=\"https:\/\/kidsplay.lt\/wp-content\/uploads\/2025\/09\/Smoby-Life-Evo-sodo-namelis.jpg\" \/>\n\t<meta property=\"og:image:width\" content=\"2362\" \/>\n\t<meta property=\"og:image:height\" content=\"2361\" \/>\n\t<meta property=\"og:image:type\" content=\"image\/jpeg\" \/>\n<meta name=\"twitter:card\" content=\"summary_large_image\" \/>\n<meta name=\"twitter:label1\" content=\"Est. reading time\" \/>\n\t<meta name=\"twitter:data1\" content=\"1 min\u016bte\" \/>\n<script type=\"application\/ld+json\" class=\"yoast-schema-graph\">{\"@context\":\"https:\\\/\\\/schema.org\",\"@graph\":[{\"@type\":\"WebPage\",\"@id\":\"https:\\\/\\\/kidsplay.lt\\\/produktas\\\/smoby-life-evo-sodo-namelis\\\/\",\"url\":\"https:\\\/\\\/kidsplay.lt\\\/produktas\\\/smoby-life-evo-sodo-namelis\\\/\",\"name\":\"Smoby Life Evo sodo namelis\",\"isPartOf\":{\"@id\":\"https:\\\/\\\/kidsplay.lt\\\/#website\"},\"primaryImageOfPage\":{\"@id\":\"https:\\\/\\\/kidsplay.lt\\\/produktas\\\/smoby-life-evo-sodo-namelis\\\/#primaryimage\"},\"image\":{\"@id\":\"https:\\\/\\\/kidsplay.lt\\\/produktas\\\/smoby-life-evo-sodo-namelis\\\/#primaryimage\"},\"thumbnailUrl\":\"https:\\\/\\\/kidsplay.lt\\\/wp-content\\\/uploads\\\/2025\\\/09\\\/Smoby-Life-Evo-sodo-namelis.jpg\",\"datePublished\":\"2026-02-26T07:14:12+00:00\",\"dateModified\":\"2026-04-07T07:28:09+00:00\",\"description\":\"Smoby Life Evo sodo namelis - KidsPlay. Did\u017eiausias vaik\u0173 \u017eaisl\u0173 pasirinkimas.\",\"breadcrumb\":{\"@id\":\"https:\\\/\\\/kidsplay.lt\\\/produktas\\\/smoby-life-evo-sodo-namelis\\\/#breadcrumb\"},\"inLanguage\":\"lv-LV\",\"potentialAction\":[{\"@type\":\"ReadAction\",\"target\":[\"https:\\\/\\\/kidsplay.lt\\\/produktas\\\/smoby-life-evo-sodo-namelis\\\/\"]}]},{\"@type\":\"ImageObject\",\"inLanguage\":\"lv-LV\",\"@id\":\"https:\\\/\\\/kidsplay.lt\\\/produktas\\\/smoby-life-evo-sodo-namelis\\\/#primaryimage\",\"url\":\"https:\\\/\\\/kidsplay.lt\\\/wp-content\\\/uploads\\\/2025\\\/09\\\/Smoby-Life-Evo-sodo-namelis.jpg\",\"contentUrl\":\"https:\\\/\\\/kidsplay.lt\\\/wp-content\\\/uploads\\\/2025\\\/09\\\/Smoby-Life-Evo-sodo-namelis.jpg\",\"width\":2362,\"height\":2361,\"caption\":\"Smoby Life Evo sodo namelis\"},{\"@type\":\"BreadcrumbList\",\"@id\":\"https:\\\/\\\/kidsplay.lt\\\/produktas\\\/smoby-life-evo-sodo-namelis\\\/#breadcrumb\",\"itemListElement\":[{\"@type\":\"ListItem\",\"position\":1,\"name\":\"Pagrindinis\",\"item\":\"https:\\\/\\\/kidsplay.lt\\\/\"},{\"@type\":\"ListItem\",\"position\":2,\"name\":\"Parduotuv\u0117\",\"item\":\"https:\\\/\\\/kidsplay.lt\\\/parduotuve\\\/\"},{\"@type\":\"ListItem\",\"position\":3,\"name\":\"Smoby Life Evo sodo namelis\"}]},{\"@type\":\"WebSite\",\"@id\":\"https:\\\/\\\/kidsplay.lt\\\/#website\",\"url\":\"https:\\\/\\\/kidsplay.lt\\\/\",\"name\":\"Kidsplay.lt\",\"description\":\"\u012evairios prek\u0117s vaikams\",\"publisher\":{\"@id\":\"https:\\\/\\\/kidsplay.lt\\\/#organization\"},\"alternateName\":\"Kidsplay\",\"potentialAction\":[{\"@type\":\"SearchAction\",\"target\":{\"@type\":\"EntryPoint\",\"urlTemplate\":\"https:\\\/\\\/kidsplay.lt\\\/?s={search_term_string}\"},\"query-input\":{\"@type\":\"PropertyValueSpecification\",\"valueRequired\":true,\"valueName\":\"search_term_string\"}}],\"inLanguage\":\"lv-LV\"},{\"@type\":\"Organization\",\"@id\":\"https:\\\/\\\/kidsplay.lt\\\/#organization\",\"name\":\"KidsPlay\",\"url\":\"https:\\\/\\\/kidsplay.lt\\\/\",\"logo\":{\"@type\":\"ImageObject\",\"inLanguage\":\"lv-LV\",\"@id\":\"https:\\\/\\\/kidsplay.lt\\\/#\\\/schema\\\/logo\\\/image\\\/\",\"url\":\"https:\\\/\\\/kidsplay.lt\\\/wp-content\\\/uploads\\\/2023\\\/07\\\/kidsplay-logo.png\",\"contentUrl\":\"https:\\\/\\\/kidsplay.lt\\\/wp-content\\\/uploads\\\/2023\\\/07\\\/kidsplay-logo.png\",\"width\":451,\"height\":98,\"caption\":\"KidsPlay\"},\"image\":{\"@id\":\"https:\\\/\\\/kidsplay.lt\\\/#\\\/schema\\\/logo\\\/image\\\/\"},\"sameAs\":[\"https:\\\/\\\/www.facebook.com\\\/www.kidsplay.lt\"]}]}<\/script>\n<!-- \/ Yoast SEO plugin. -->","yoast_head_json":{"title":"Smoby Life Evo d\u0101rza m\u0101ji\u0146a","description":"Smoby Life Evo sodo namelis - KidsPlay. Did\u017eiausias vaik\u0173 \u017eaisl\u0173 pasirinkimas.","robots":{"index":"index","follow":"follow","max-snippet":"max-snippet:-1","max-image-preview":"max-image-preview:large","max-video-preview":"max-video-preview:-1"},"canonical":"https:\/\/kidsplay.lt\/lv\/products\/smoby-life-evo-sodo-namelis\/","og_locale":"lv_LV","og_type":"article","og_title":"Smoby Life Evo sodo namelis","og_description":"Smoby Life Evo sodo namelis - KidsPlay. Did\u017eiausias vaik\u0173 \u017eaisl\u0173 pasirinkimas.","og_url":"https:\/\/kidsplay.lt\/lv\/products\/smoby-life-evo-sodo-namelis\/","og_site_name":"KidsPlay","article_publisher":"https:\/\/www.facebook.com\/www.kidsplay.lt","article_modified_time":"2026-04-07T07:28:09+00:00","og_image":[{"width":2362,"height":2361,"url":"https:\/\/kidsplay.lt\/wp-content\/uploads\/2025\/09\/Smoby-Life-Evo-sodo-namelis.jpg","type":"image\/jpeg"}],"twitter_card":"summary_large_image","twitter_misc":{"Est. reading time":"1 min\u016bte"},"schema":{"@context":"https:\/\/schema.org","@graph":[{"@type":"WebPage","@id":"https:\/\/kidsplay.lt\/produktas\/smoby-life-evo-sodo-namelis\/","url":"https:\/\/kidsplay.lt\/produktas\/smoby-life-evo-sodo-namelis\/","name":"Smoby Life Evo d\u0101rza m\u0101ji\u0146a","isPartOf":{"@id":"https:\/\/kidsplay.lt\/#website"},"primaryImageOfPage":{"@id":"https:\/\/kidsplay.lt\/produktas\/smoby-life-evo-sodo-namelis\/#primaryimage"},"image":{"@id":"https:\/\/kidsplay.lt\/produktas\/smoby-life-evo-sodo-namelis\/#primaryimage"},"thumbnailUrl":"https:\/\/kidsplay.lt\/wp-content\/uploads\/2025\/09\/Smoby-Life-Evo-sodo-namelis.jpg","datePublished":"2026-02-26T07:14:12+00:00","dateModified":"2026-04-07T07:28:09+00:00","description":"Smoby Life Evo sodo namelis - KidsPlay. Did\u017eiausias vaik\u0173 \u017eaisl\u0173 pasirinkimas.","breadcrumb":{"@id":"https:\/\/kidsplay.lt\/produktas\/smoby-life-evo-sodo-namelis\/#breadcrumb"},"inLanguage":"lv-LV","potentialAction":[{"@type":"ReadAction","target":["https:\/\/kidsplay.lt\/produktas\/smoby-life-evo-sodo-namelis\/"]}]},{"@type":"ImageObject","inLanguage":"lv-LV","@id":"https:\/\/kidsplay.lt\/produktas\/smoby-life-evo-sodo-namelis\/#primaryimage","url":"https:\/\/kidsplay.lt\/wp-content\/uploads\/2025\/09\/Smoby-Life-Evo-sodo-namelis.jpg","contentUrl":"https:\/\/kidsplay.lt\/wp-content\/uploads\/2025\/09\/Smoby-Life-Evo-sodo-namelis.jpg","width":2362,"height":2361,"caption":"Smoby Life Evo sodo namelis"},{"@type":"BreadcrumbList","@id":"https:\/\/kidsplay.lt\/produktas\/smoby-life-evo-sodo-namelis\/#breadcrumb","itemListElement":[{"@type":"ListItem","position":1,"name":"Pagrindinis","item":"https:\/\/kidsplay.lt\/"},{"@type":"ListItem","position":2,"name":"Parduotuv\u0117","item":"https:\/\/kidsplay.lt\/parduotuve\/"},{"@type":"ListItem","position":3,"name":"Smoby Life Evo sodo namelis"}]},{"@type":"WebSite","@id":"https:\/\/kidsplay.lt\/#website","url":"https:\/\/kidsplay.lt\/","name":"B\u0113rnu sp\u0113les.lv","description":"\u012evairios prek\u0117s vaikams","publisher":{"@id":"https:\/\/kidsplay.lt\/#organization"},"alternateName":"Kidsplay","potentialAction":[{"@type":"SearchAction","target":{"@type":"EntryPoint","urlTemplate":"https:\/\/kidsplay.lt\/?s={search_term_string}"},"query-input":{"@type":"PropertyValueSpecification","valueRequired":true,"valueName":"search_term_string"}}],"inLanguage":"lv-LV"},{"@type":"Organization","@id":"https:\/\/kidsplay.lt\/#organization","name":"B\u0113rnu sp\u0113le","url":"https:\/\/kidsplay.lt\/","logo":{"@type":"ImageObject","inLanguage":"lv-LV","@id":"https:\/\/kidsplay.lt\/#\/schema\/logo\/image\/","url":"https:\/\/kidsplay.lt\/wp-content\/uploads\/2023\/07\/kidsplay-logo.png","contentUrl":"https:\/\/kidsplay.lt\/wp-content\/uploads\/2023\/07\/kidsplay-logo.png","width":451,"height":98,"caption":"KidsPlay"},"image":{"@id":"https:\/\/kidsplay.lt\/#\/schema\/logo\/image\/"},"sameAs":["https:\/\/www.facebook.com\/www.kidsplay.lt"]}]}},"_links":{"self":[{"href":"https:\/\/kidsplay.lt\/lv\/wp-json\/wp\/v2\/product\/89342","targetHints":{"allow":["GET"]}}],"collection":[{"href":"https:\/\/kidsplay.lt\/lv\/wp-json\/wp\/v2\/product"}],"about":[{"href":"https:\/\/kidsplay.lt\/lv\/wp-json\/wp\/v2\/types\/product"}],"version-history":[{"count":1,"href":"https:\/\/kidsplay.lt\/lv\/wp-json\/wp\/v2\/product\/89342\/revisions"}],"predecessor-version":[{"id":89343,"href":"https:\/\/kidsplay.lt\/lv\/wp-json\/wp\/v2\/product\/89342\/revisions\/89343"}],"wp:featuredmedia":[{"embeddable":true,"href":"https:\/\/kidsplay.lt\/lv\/wp-json\/wp\/v2\/media\/62896"}],"wp:attachment":[{"href":"https:\/\/kidsplay.lt\/lv\/wp-json\/wp\/v2\/media?parent=89342"}],"wp:term":[{"taxonomy":"product_brand","embeddable":true,"href":"https:\/\/kidsplay.lt\/lv\/wp-json\/wp\/v2\/product_brand?post=89342"},{"taxonomy":"product_cat","embeddable":true,"href":"https:\/\/kidsplay.lt\/lv\/wp-json\/wp\/v2\/product_cat?post=89342"},{"taxonomy":"product_tag","embeddable":true,"href":"https:\/\/kidsplay.lt\/lv\/wp-json\/wp\/v2\/product_tag?post=89342"}],"curies":[{"name":"wp","href":"https:\/\/api.w.org\/{rel}","templated":true}]}}