{"id":89344,"date":"2026-02-26T09:14:14","date_gmt":"2026-02-26T07:14:14","guid":{"rendered":"https:\/\/kidsplay.lt\/produktas\/smoby-raudonis-automobilis\/"},"modified":"2026-04-07T10:28:12","modified_gmt":"2026-04-07T07:28:12","slug":"smoby-raudonis-automobilis","status":"publish","type":"product","link":"https:\/\/kidsplay.lt\/lv\/product\/smoby-raudonis-automobilis\/","title":{"rendered":"\ufeff Smoby raudonis automobilis"},"content":{"rendered":"<p>Smoby Red Ride-On pasiva\u017ein\u0117jimas su garso signalu\u00a0\u00a0yra puikus pasirinkimas patiems ma\u017eiausiems tyrin\u0117tojams. D\u0117l stabilios strukt\u016bros ir funkcini\u0173 sprendim\u0173 ma\u017eyliai \u017eaisdami gali lavinti motorik\u0105, judesi\u0173 koordinacij\u0105 ir pasitik\u0117jim\u0105 savimi.<br \/>\nPasiva\u017ein\u0117jimas buvo sukurtas atsi\u017evelgiant \u012f ma\u017eiausius vaikus \u2013 special\u016bs i\u0161siki\u0161imai neleid\u017eia nety\u010dia pakrypti \u012f priek\u012f ar atgal, o ergonomi\u0161kas atlo\u0161as atlieka rankenos vaidmen\u012f, tod\u0117l vaikui lengviau vairuoti transporto priemon\u0119.<br \/>\nPatogioje s\u0117dyn\u0117je yra pasl\u0117ptas skyrius vaik\u0173 lobiams, o mechaninis garso signalas leid\u017eia pasijusti tikru vairuotoju. Tvirta konstrukcija ir kokybi\u0161kos med\u017eiagos u\u017etikrina ilgalaik\u012f naudojimo d\u017eiaugsm\u0105.<br \/>\nCharakteristika:<\/p>\n<p> \t\u00a0&#8211;\u00a0Am\u017eius:\u00a0nuo 10 m\u0117n<br \/>\n \t\u00a0&#8211;\u00a0Maksimalus vaiko svoris:\u00a050 kg<br \/>\n \t\u00a0&#8211;\u00a0Patogi s\u0117dyn\u0117\u00a0&#8211; su vieta smulkiems daiktams susid\u0117ti<br \/>\n \t\u00a0&#8211;\u00a0Mechaninis ragas\u00a0&#8211; papildomas interaktyvumas<br \/>\n \t\u00a0&#8211;\u00a0Atlo\u0161as su rankena\u00a0\u2013 pagalba \u017eengiant pirmuosius \u017eingsnius ir va\u017eiuojant stabilumu<br \/>\n \t\u00a0&#8211;\u00a0Saugumas\u00a0\u2013 i\u0161siki\u0161imai neleid\u017eia va\u017eiuojamam automobiliui apvirsti<br \/>\n \t\u00a0&#8211;\u00a0S\u0117dyn\u0117s auk\u0161tis:\u00a020 cm<br \/>\n \t\u00a0&#8211;\u00a0Lengva surinkti\u00a0&#8211; reikia surinkti suaugusiojo<\/p>\n<p>\u017daislas vysto:<\/p>\n<p> \t\u00a0&#8211; Motoriniai \u012fg\u016bd\u017eiai ir judesi\u0173 koordinacija\u00a0\u2013 padeda mokytis vaik\u0161\u010dioti ir kontroliuoti k\u016bno judesius.<br \/>\n \t\u00a0&#8211;\u00a0Savaranki\u0161kumas\u00a0\u2013 leid\u017eia vaikui ugdyti geb\u0117jim\u0105 saugiai jud\u0117ti.<br \/>\n \t\u00a0&#8211;\u00a0Kognityviniai \u012fg\u016bd\u017eiai\u00a0\u2013 interaktyv\u016bs elementai, tokie kaip ragas, pritraukia d\u0117mes\u012f ir skatina jutimo vystym\u0105si.<br \/>\n \t\u00a0&#8211;\u00a0Pasitik\u0117jimas savimi\u00a0\u2013 suteikia j\u016bs\u0173 ma\u017eyliui nepriklausomyb\u0117s jausm\u0105 ir laisv\u0119 jud\u0117ti.<\/p>","protected":false},"excerpt":{"rendered":"<p>Smoby Red Ride-On pasiva\u017ein\u0117jimas su garso signalu\u00a0\u00a0yra puikus pasirinkimas patiems ma\u017eiausiems tyrin\u0117tojams. D\u0117l stabilios strukt\u016bros ir funkcini\u0173 sprendim\u0173 ma\u017eyliai \u017eaisdami<\/p>","protected":false},"featured_media":60452,"template":"","meta":{"_acf_changed":false,"_glsr_average":0,"_glsr_ranking":0,"_glsr_reviews":0},"product_brand":[],"product_cat":[237,238],"product_tag":[],"class_list":{"0":"post-89344","1":"product","2":"type-product","3":"status-publish","4":"has-post-thumbnail","6":"product_cat-judejimo-priemones","7":"product_cat-stumdomos-masineles","8":"\"style=\"background-color: #2ecc711c;\"","10":"first","11":"instock","12":"purchasable","13":"product-type-simple"},"acf":[],"yoast_head":"<!-- This site is optimized with the Yoast SEO plugin v27.3 - https:\/\/yoast.com\/product\/yoast-seo-wordpress\/ -->\n<title>\ufeff Smoby raudonis automobilis<\/title>\n<meta name=\"description\" content=\"\ufeff Smoby raudonis automobilis - KidsPlay. Did\u017eiausias vaik\u0173 \u017eaisl\u0173 pasirinkimas.\" \/>\n<meta name=\"robots\" content=\"index, follow, max-snippet:-1, max-image-preview:large, max-video-preview:-1\" \/>\n<link rel=\"canonical\" href=\"https:\/\/kidsplay.lt\/lv\/product\/smoby-raudonis-automobilis\/\" \/>\n<meta property=\"og:locale\" content=\"lv_LV\" \/>\n<meta property=\"og:type\" content=\"article\" \/>\n<meta property=\"og:title\" content=\"\ufeff Smoby raudonis automobilis\" \/>\n<meta property=\"og:description\" content=\"\ufeff Smoby raudonis automobilis - KidsPlay. Did\u017eiausias vaik\u0173 \u017eaisl\u0173 pasirinkimas.\" \/>\n<meta property=\"og:url\" content=\"https:\/\/kidsplay.lt\/lv\/product\/smoby-raudonis-automobilis\/\" \/>\n<meta property=\"og:site_name\" content=\"KidsPlay\" \/>\n<meta property=\"article:publisher\" content=\"https:\/\/www.facebook.com\/www.kidsplay.lt\" \/>\n<meta property=\"article:modified_time\" content=\"2026-04-07T07:28:12+00:00\" \/>\n<meta property=\"og:image\" content=\"https:\/\/kidsplay.lt\/wp-content\/uploads\/2025\/03\/\ufeff-Smoby-raudonis-automobilis.jpg\" \/>\n\t<meta property=\"og:image:width\" content=\"2362\" \/>\n\t<meta property=\"og:image:height\" content=\"2362\" \/>\n\t<meta property=\"og:image:type\" content=\"image\/jpeg\" \/>\n<meta name=\"twitter:card\" content=\"summary_large_image\" \/>\n<meta name=\"twitter:label1\" content=\"Est. reading time\" \/>\n\t<meta name=\"twitter:data1\" content=\"1 min\u016bte\" \/>\n<script type=\"application\/ld+json\" class=\"yoast-schema-graph\">{\"@context\":\"https:\\\/\\\/schema.org\",\"@graph\":[{\"@type\":\"WebPage\",\"@id\":\"https:\\\/\\\/kidsplay.lt\\\/produktas\\\/smoby-raudonis-automobilis\\\/\",\"url\":\"https:\\\/\\\/kidsplay.lt\\\/produktas\\\/smoby-raudonis-automobilis\\\/\",\"name\":\"\ufeff Smoby raudonis automobilis\",\"isPartOf\":{\"@id\":\"https:\\\/\\\/kidsplay.lt\\\/#website\"},\"primaryImageOfPage\":{\"@id\":\"https:\\\/\\\/kidsplay.lt\\\/produktas\\\/smoby-raudonis-automobilis\\\/#primaryimage\"},\"image\":{\"@id\":\"https:\\\/\\\/kidsplay.lt\\\/produktas\\\/smoby-raudonis-automobilis\\\/#primaryimage\"},\"thumbnailUrl\":\"https:\\\/\\\/kidsplay.lt\\\/wp-content\\\/uploads\\\/2025\\\/03\\\/\ufeff-Smoby-raudonis-automobilis.jpg\",\"datePublished\":\"2026-02-26T07:14:14+00:00\",\"dateModified\":\"2026-04-07T07:28:12+00:00\",\"description\":\"\ufeff Smoby raudonis automobilis - KidsPlay. Did\u017eiausias vaik\u0173 \u017eaisl\u0173 pasirinkimas.\",\"breadcrumb\":{\"@id\":\"https:\\\/\\\/kidsplay.lt\\\/produktas\\\/smoby-raudonis-automobilis\\\/#breadcrumb\"},\"inLanguage\":\"lv-LV\",\"potentialAction\":[{\"@type\":\"ReadAction\",\"target\":[\"https:\\\/\\\/kidsplay.lt\\\/produktas\\\/smoby-raudonis-automobilis\\\/\"]}]},{\"@type\":\"ImageObject\",\"inLanguage\":\"lv-LV\",\"@id\":\"https:\\\/\\\/kidsplay.lt\\\/produktas\\\/smoby-raudonis-automobilis\\\/#primaryimage\",\"url\":\"https:\\\/\\\/kidsplay.lt\\\/wp-content\\\/uploads\\\/2025\\\/03\\\/\ufeff-Smoby-raudonis-automobilis.jpg\",\"contentUrl\":\"https:\\\/\\\/kidsplay.lt\\\/wp-content\\\/uploads\\\/2025\\\/03\\\/\ufeff-Smoby-raudonis-automobilis.jpg\",\"width\":2362,\"height\":2362,\"caption\":\"\ufeff Smoby raudonis automobilis\"},{\"@type\":\"BreadcrumbList\",\"@id\":\"https:\\\/\\\/kidsplay.lt\\\/produktas\\\/smoby-raudonis-automobilis\\\/#breadcrumb\",\"itemListElement\":[{\"@type\":\"ListItem\",\"position\":1,\"name\":\"Pagrindinis\",\"item\":\"https:\\\/\\\/kidsplay.lt\\\/\"},{\"@type\":\"ListItem\",\"position\":2,\"name\":\"Parduotuv\u0117\",\"item\":\"https:\\\/\\\/kidsplay.lt\\\/parduotuve\\\/\"},{\"@type\":\"ListItem\",\"position\":3,\"name\":\"\ufeff Smoby raudonis automobilis\"}]},{\"@type\":\"WebSite\",\"@id\":\"https:\\\/\\\/kidsplay.lt\\\/#website\",\"url\":\"https:\\\/\\\/kidsplay.lt\\\/\",\"name\":\"Kidsplay.lt\",\"description\":\"\u012evairios prek\u0117s vaikams\",\"publisher\":{\"@id\":\"https:\\\/\\\/kidsplay.lt\\\/#organization\"},\"alternateName\":\"Kidsplay\",\"potentialAction\":[{\"@type\":\"SearchAction\",\"target\":{\"@type\":\"EntryPoint\",\"urlTemplate\":\"https:\\\/\\\/kidsplay.lt\\\/?s={search_term_string}\"},\"query-input\":{\"@type\":\"PropertyValueSpecification\",\"valueRequired\":true,\"valueName\":\"search_term_string\"}}],\"inLanguage\":\"lv-LV\"},{\"@type\":\"Organization\",\"@id\":\"https:\\\/\\\/kidsplay.lt\\\/#organization\",\"name\":\"KidsPlay\",\"url\":\"https:\\\/\\\/kidsplay.lt\\\/\",\"logo\":{\"@type\":\"ImageObject\",\"inLanguage\":\"lv-LV\",\"@id\":\"https:\\\/\\\/kidsplay.lt\\\/#\\\/schema\\\/logo\\\/image\\\/\",\"url\":\"https:\\\/\\\/kidsplay.lt\\\/wp-content\\\/uploads\\\/2023\\\/07\\\/kidsplay-logo.png\",\"contentUrl\":\"https:\\\/\\\/kidsplay.lt\\\/wp-content\\\/uploads\\\/2023\\\/07\\\/kidsplay-logo.png\",\"width\":451,\"height\":98,\"caption\":\"KidsPlay\"},\"image\":{\"@id\":\"https:\\\/\\\/kidsplay.lt\\\/#\\\/schema\\\/logo\\\/image\\\/\"},\"sameAs\":[\"https:\\\/\\\/www.facebook.com\\\/www.kidsplay.lt\"]}]}<\/script>\n<!-- \/ Yoast SEO plugin. -->","yoast_head_json":{"title":"\ufeff Smoby raudonis automobilis","description":"\ufeff Smoby raudonis automobilis - KidsPlay. Did\u017eiausias vaik\u0173 \u017eaisl\u0173 pasirinkimas.","robots":{"index":"index","follow":"follow","max-snippet":"max-snippet:-1","max-image-preview":"max-image-preview:large","max-video-preview":"max-video-preview:-1"},"canonical":"https:\/\/kidsplay.lt\/lv\/product\/smoby-raudonis-automobilis\/","og_locale":"lv_LV","og_type":"article","og_title":"\ufeff Smoby raudonis automobilis","og_description":"\ufeff Smoby raudonis automobilis - KidsPlay. Did\u017eiausias vaik\u0173 \u017eaisl\u0173 pasirinkimas.","og_url":"https:\/\/kidsplay.lt\/lv\/product\/smoby-raudonis-automobilis\/","og_site_name":"KidsPlay","article_publisher":"https:\/\/www.facebook.com\/www.kidsplay.lt","article_modified_time":"2026-04-07T07:28:12+00:00","og_image":[{"width":2362,"height":2362,"url":"https:\/\/kidsplay.lt\/wp-content\/uploads\/2025\/03\/\ufeff-Smoby-raudonis-automobilis.jpg","type":"image\/jpeg"}],"twitter_card":"summary_large_image","twitter_misc":{"Est. reading time":"1 min\u016bte"},"schema":{"@context":"https:\/\/schema.org","@graph":[{"@type":"WebPage","@id":"https:\/\/kidsplay.lt\/produktas\/smoby-raudonis-automobilis\/","url":"https:\/\/kidsplay.lt\/produktas\/smoby-raudonis-automobilis\/","name":"\ufeff Smoby raudonis automobilis","isPartOf":{"@id":"https:\/\/kidsplay.lt\/#website"},"primaryImageOfPage":{"@id":"https:\/\/kidsplay.lt\/produktas\/smoby-raudonis-automobilis\/#primaryimage"},"image":{"@id":"https:\/\/kidsplay.lt\/produktas\/smoby-raudonis-automobilis\/#primaryimage"},"thumbnailUrl":"https:\/\/kidsplay.lt\/wp-content\/uploads\/2025\/03\/\ufeff-Smoby-raudonis-automobilis.jpg","datePublished":"2026-02-26T07:14:14+00:00","dateModified":"2026-04-07T07:28:12+00:00","description":"\ufeff Smoby raudonis automobilis - KidsPlay. Did\u017eiausias vaik\u0173 \u017eaisl\u0173 pasirinkimas.","breadcrumb":{"@id":"https:\/\/kidsplay.lt\/produktas\/smoby-raudonis-automobilis\/#breadcrumb"},"inLanguage":"lv-LV","potentialAction":[{"@type":"ReadAction","target":["https:\/\/kidsplay.lt\/produktas\/smoby-raudonis-automobilis\/"]}]},{"@type":"ImageObject","inLanguage":"lv-LV","@id":"https:\/\/kidsplay.lt\/produktas\/smoby-raudonis-automobilis\/#primaryimage","url":"https:\/\/kidsplay.lt\/wp-content\/uploads\/2025\/03\/\ufeff-Smoby-raudonis-automobilis.jpg","contentUrl":"https:\/\/kidsplay.lt\/wp-content\/uploads\/2025\/03\/\ufeff-Smoby-raudonis-automobilis.jpg","width":2362,"height":2362,"caption":"\ufeff Smoby raudonis automobilis"},{"@type":"BreadcrumbList","@id":"https:\/\/kidsplay.lt\/produktas\/smoby-raudonis-automobilis\/#breadcrumb","itemListElement":[{"@type":"ListItem","position":1,"name":"Pagrindinis","item":"https:\/\/kidsplay.lt\/"},{"@type":"ListItem","position":2,"name":"Parduotuv\u0117","item":"https:\/\/kidsplay.lt\/parduotuve\/"},{"@type":"ListItem","position":3,"name":"\ufeff Smoby raudonis automobilis"}]},{"@type":"WebSite","@id":"https:\/\/kidsplay.lt\/#website","url":"https:\/\/kidsplay.lt\/","name":"B\u0113rnu sp\u0113les.lv","description":"\u012evairios prek\u0117s vaikams","publisher":{"@id":"https:\/\/kidsplay.lt\/#organization"},"alternateName":"Kidsplay","potentialAction":[{"@type":"SearchAction","target":{"@type":"EntryPoint","urlTemplate":"https:\/\/kidsplay.lt\/?s={search_term_string}"},"query-input":{"@type":"PropertyValueSpecification","valueRequired":true,"valueName":"search_term_string"}}],"inLanguage":"lv-LV"},{"@type":"Organization","@id":"https:\/\/kidsplay.lt\/#organization","name":"B\u0113rnu sp\u0113le","url":"https:\/\/kidsplay.lt\/","logo":{"@type":"ImageObject","inLanguage":"lv-LV","@id":"https:\/\/kidsplay.lt\/#\/schema\/logo\/image\/","url":"https:\/\/kidsplay.lt\/wp-content\/uploads\/2023\/07\/kidsplay-logo.png","contentUrl":"https:\/\/kidsplay.lt\/wp-content\/uploads\/2023\/07\/kidsplay-logo.png","width":451,"height":98,"caption":"KidsPlay"},"image":{"@id":"https:\/\/kidsplay.lt\/#\/schema\/logo\/image\/"},"sameAs":["https:\/\/www.facebook.com\/www.kidsplay.lt"]}]}},"_links":{"self":[{"href":"https:\/\/kidsplay.lt\/lv\/wp-json\/wp\/v2\/product\/89344","targetHints":{"allow":["GET"]}}],"collection":[{"href":"https:\/\/kidsplay.lt\/lv\/wp-json\/wp\/v2\/product"}],"about":[{"href":"https:\/\/kidsplay.lt\/lv\/wp-json\/wp\/v2\/types\/product"}],"version-history":[{"count":1,"href":"https:\/\/kidsplay.lt\/lv\/wp-json\/wp\/v2\/product\/89344\/revisions"}],"predecessor-version":[{"id":89345,"href":"https:\/\/kidsplay.lt\/lv\/wp-json\/wp\/v2\/product\/89344\/revisions\/89345"}],"wp:featuredmedia":[{"embeddable":true,"href":"https:\/\/kidsplay.lt\/lv\/wp-json\/wp\/v2\/media\/60452"}],"wp:attachment":[{"href":"https:\/\/kidsplay.lt\/lv\/wp-json\/wp\/v2\/media?parent=89344"}],"wp:term":[{"taxonomy":"product_brand","embeddable":true,"href":"https:\/\/kidsplay.lt\/lv\/wp-json\/wp\/v2\/product_brand?post=89344"},{"taxonomy":"product_cat","embeddable":true,"href":"https:\/\/kidsplay.lt\/lv\/wp-json\/wp\/v2\/product_cat?post=89344"},{"taxonomy":"product_tag","embeddable":true,"href":"https:\/\/kidsplay.lt\/lv\/wp-json\/wp\/v2\/product_tag?post=89344"}],"curies":[{"name":"wp","href":"https:\/\/api.w.org\/{rel}","templated":true}]}}