{"id":89348,"date":"2026-02-26T09:14:19","date_gmt":"2026-02-26T07:14:19","guid":{"rendered":"https:\/\/kidsplay.lt\/produktas\/masterkidz-sienine-plokste-mokslo-lenta-kurybine-stem-lauko-lenta-tvirtinimo-plokste-80-x-80-cm\/"},"modified":"2026-04-07T10:28:19","modified_gmt":"2026-04-07T07:28:19","slug":"masterkidz-sienine-plokste-mokslo-lenta-kurybine-stem-lauko-lenta-tvirtinimo-plokste-80-x-80-cm","status":"publish","type":"product","link":"https:\/\/kidsplay.lt\/lv\/products\/masterkidz-sienine-plokste-mokslo-lenta-kurybine-stem-lauko-lenta-tvirtinimo-plokste-80-x-80-cm\/","title":{"rendered":"MASTERKIDZ sienas d\u0113lis Zin\u0101tnes t\u0101fele Rado\u0161a STEM \u0101ra t\u0101fele + mont\u0101\u017eas pl\u0101ksne 80 x 80 (cm)"},"content":{"rendered":"<p>\u201eMasterkidz STEM\u201c mokymosi lenta\u00a0bet koki\u0105 erdv\u0119 paver\u010dia \u017eaviu mokslo ir k\u016brybi\u0161kumo pasauliu vaikams. \u0160i unikali, oro s\u0105lygoms atspari 80&#215;80 cm lenta atveria begales edukacini\u0173 galimybi\u0173, derindama pramogas ir mokym\u0105si taip, kad d\u017eiugint\u0173 ma\u017euosius tyrin\u0117tojus ir suteikt\u0173 valand\u0173 valandas konstruktyvi\u0173 pramog\u0173. STEM lenta yra puiki edukacin\u0117 priemon\u0117, leid\u017eianti vaikams tyrin\u0117ti mokslo ir meno pasaul\u012f per interaktyv\u0173 \u017eaidim\u0105 su daugybe suderinam\u0173 pried\u0173 \u2013 nuo \u200b\u200bspalving\u0173 kai\u0161\u010di\u0173 gra\u017eiems vaizdams kurti iki krumpliara\u010di\u0173 sistem\u0173 sud\u0117tingiems mechanizmams kurti.<\/p>\n<p>\u00a0VERSIJA SU MONTAVIMO PANELIU\u00a0<\/p>\n<p>\u0160i parinktis turi tvirtinimo skydel\u012f, kuris leid\u017eia lengvai pritvirtinti plok\u0161t\u0119 prie bet kokio pavir\u0161iaus, o skydelis taip pat leid\u017eia paprastai ir greitai pakeisti STEM skydelius, tod\u0117l galite sukurti daugyb\u0119 plok\u0161t\u0117s konfig\u016bracij\u0173.<\/p>\n<p>Rakstur\u012bgs:<\/p>\n<p> \t&#8211; Modulin\u0117 sistema, suderinama su STEM priedais<br \/>\n \t&#8211; Pagaminta i\u0161 saugi\u0173 ir patvari\u0173 med\u017eiag\u0173<br \/>\n \t&#8211; Atsparus oro s\u0105lygoms<br \/>\n \t&#8211; Puiki baz\u0117 eksperimentams su mechanika, hidraulika ir menu<br \/>\n \t&#8211; Paprastas surinkimas<\/p>\n<p>Su STEM suderinami komponentai (parduodami atskirai):<\/p>\n<p> \t&#8211; Spalvoti kai\u0161\u010diai\u00a0\u00a0ME12746\u00a0ME14450\u00a0ME21113\u00a0ME21137\u00a0ME21120\u00a0ME21144\u00a0<br \/>\n \t&#8211; Spalvingi kristalai\u00a0ME13989<br \/>\n \t&#8211; Spalvingos virvel\u0117s sujungimui su kai\u0161\u010diais\u00a0ME14467<br \/>\n \t&#8211; Spalvoti var\u017etai\u00a0\u00a0ME20963\u00a0ME29911<br \/>\n \t&#8211; Konstrukciniai blokeliai\u00a0ME29027\u00a0ME29010\u00a0ME29089\u00a0<br \/>\n \t&#8211; Geometrin\u0117s fig\u016bros\u00a0ME14696\u00a0ME14702\u00a0ME14818\u00a0ME14825\u00a0ME31181<br \/>\n \t&#8211; \u017dvaig\u017edut\u0117s ir grandin\u0117s\u00a0ME13460\u00a0ME24343\u00a0ME31204<br \/>\n \t&#8211; Kamuoliuk\u0173 ir vandens trasos\u00a0\u00a0ME14788\u00a0ME14870\u00a0ME14665\u00a0ME15143\u00a0ME25043\u00a0\u00a0<br \/>\n \t&#8211; Rinkinys su siurbliu pastat\u0173 vamzdyn\u0173 sistemoms\u00a0ME13149<br \/>\n \t&#8211; Raid\u017ei\u0173 ir skai\u010di\u0173 rinkinys\u00a0\u00a0ME30412\u00a0ME30429<br \/>\n \t&#8211; Konteineriai ir priedai\u00a0\u00a0ME12845\u00a0ME16560\u00a0ME14672\u00a0<\/p>","protected":false},"excerpt":{"rendered":"<p>\u201eMasterkidz STEM\u201c mokymosi lenta\u00a0bet koki\u0105 erdv\u0119 paver\u010dia \u017eaviu mokslo ir k\u016brybi\u0161kumo pasauliu vaikams. \u0160i unikali, oro s\u0105lygoms atspari 80&#215;80 cm<\/p>","protected":false},"featured_media":62922,"template":"","meta":{"_acf_changed":false,"_glsr_average":0,"_glsr_ranking":0,"_glsr_reviews":0},"product_brand":[],"product_cat":[673,229],"product_tag":[],"class_list":{"0":"post-89348","1":"product","2":"type-product","3":"status-publish","4":"has-post-thumbnail","6":"product_cat-ugdomosios-priemones","7":"product_cat-zaislai-vaikams","8":"\"style=\"background-color: #2ecc711c;\"","10":"first","11":"instock","12":"purchasable","13":"product-type-simple"},"acf":[],"yoast_head":"<!-- This site is optimized with the Yoast SEO plugin v27.3 - https:\/\/yoast.com\/product\/yoast-seo-wordpress\/ -->\n<title>MASTERKIDZ Sienin\u0117 plok\u0161t\u0117 Mokslo lenta K\u016brybin\u0117 STEM lauko lenta + Tvirtinimo plok\u0161t\u0117 80 x 80 (cm)<\/title>\n<meta name=\"description\" content=\"MASTERKIDZ Sienin\u0117 plok\u0161t\u0117 Mokslo lenta K\u016brybin\u0117 STEM lauko lenta + Tvirtinimo plok\u0161t\u0117 80 x 80 (cm) - KidsPlay. Did\u017eiausias vaik\u0173 \u017eaisl\u0173 pasirinkimas.\" \/>\n<meta name=\"robots\" content=\"index, follow, max-snippet:-1, max-image-preview:large, max-video-preview:-1\" \/>\n<link rel=\"canonical\" href=\"https:\/\/kidsplay.lt\/lv\/products\/masterkidz-sienine-plokste-mokslo-lenta-kurybine-stem-lauko-lenta-tvirtinimo-plokste-80-x-80-cm\/\" \/>\n<meta property=\"og:locale\" content=\"lv_LV\" \/>\n<meta property=\"og:type\" content=\"article\" \/>\n<meta property=\"og:title\" content=\"MASTERKIDZ Sienin\u0117 plok\u0161t\u0117 Mokslo lenta K\u016brybin\u0117 STEM lauko lenta + Tvirtinimo plok\u0161t\u0117 80 x 80 (cm)\" \/>\n<meta property=\"og:description\" content=\"MASTERKIDZ Sienin\u0117 plok\u0161t\u0117 Mokslo lenta K\u016brybin\u0117 STEM lauko lenta + Tvirtinimo plok\u0161t\u0117 80 x 80 (cm) - KidsPlay. Did\u017eiausias vaik\u0173 \u017eaisl\u0173 pasirinkimas.\" \/>\n<meta property=\"og:url\" content=\"https:\/\/kidsplay.lt\/lv\/products\/masterkidz-sienine-plokste-mokslo-lenta-kurybine-stem-lauko-lenta-tvirtinimo-plokste-80-x-80-cm\/\" \/>\n<meta property=\"og:site_name\" content=\"KidsPlay\" \/>\n<meta property=\"article:publisher\" content=\"https:\/\/www.facebook.com\/www.kidsplay.lt\" \/>\n<meta property=\"article:modified_time\" content=\"2026-04-07T07:28:19+00:00\" \/>\n<meta property=\"og:image\" content=\"https:\/\/kidsplay.lt\/wp-content\/uploads\/2025\/09\/MASTERKIDZ-Sienine-plokste-Mokslo-lenta-Kurybine-STEM-lauko-lenta-Tvirtinimo-plokste-80-x-80-cm.jpg\" \/>\n\t<meta property=\"og:image:width\" content=\"2500\" \/>\n\t<meta property=\"og:image:height\" content=\"2500\" \/>\n\t<meta property=\"og:image:type\" content=\"image\/jpeg\" \/>\n<meta name=\"twitter:card\" content=\"summary_large_image\" \/>\n<meta name=\"twitter:label1\" content=\"Est. reading time\" \/>\n\t<meta name=\"twitter:data1\" content=\"1 min\u016bte\" \/>\n<script type=\"application\/ld+json\" class=\"yoast-schema-graph\">{\"@context\":\"https:\\\/\\\/schema.org\",\"@graph\":[{\"@type\":\"WebPage\",\"@id\":\"https:\\\/\\\/kidsplay.lt\\\/produktas\\\/masterkidz-sienine-plokste-mokslo-lenta-kurybine-stem-lauko-lenta-tvirtinimo-plokste-80-x-80-cm\\\/\",\"url\":\"https:\\\/\\\/kidsplay.lt\\\/produktas\\\/masterkidz-sienine-plokste-mokslo-lenta-kurybine-stem-lauko-lenta-tvirtinimo-plokste-80-x-80-cm\\\/\",\"name\":\"MASTERKIDZ Sienin\u0117 plok\u0161t\u0117 Mokslo lenta K\u016brybin\u0117 STEM lauko lenta + Tvirtinimo plok\u0161t\u0117 80 x 80 (cm)\",\"isPartOf\":{\"@id\":\"https:\\\/\\\/kidsplay.lt\\\/#website\"},\"primaryImageOfPage\":{\"@id\":\"https:\\\/\\\/kidsplay.lt\\\/produktas\\\/masterkidz-sienine-plokste-mokslo-lenta-kurybine-stem-lauko-lenta-tvirtinimo-plokste-80-x-80-cm\\\/#primaryimage\"},\"image\":{\"@id\":\"https:\\\/\\\/kidsplay.lt\\\/produktas\\\/masterkidz-sienine-plokste-mokslo-lenta-kurybine-stem-lauko-lenta-tvirtinimo-plokste-80-x-80-cm\\\/#primaryimage\"},\"thumbnailUrl\":\"https:\\\/\\\/kidsplay.lt\\\/wp-content\\\/uploads\\\/2025\\\/09\\\/MASTERKIDZ-Sienine-plokste-Mokslo-lenta-Kurybine-STEM-lauko-lenta-Tvirtinimo-plokste-80-x-80-cm.jpg\",\"datePublished\":\"2026-02-26T07:14:19+00:00\",\"dateModified\":\"2026-04-07T07:28:19+00:00\",\"description\":\"MASTERKIDZ Sienin\u0117 plok\u0161t\u0117 Mokslo lenta K\u016brybin\u0117 STEM lauko lenta + Tvirtinimo plok\u0161t\u0117 80 x 80 (cm) - KidsPlay. Did\u017eiausias vaik\u0173 \u017eaisl\u0173 pasirinkimas.\",\"breadcrumb\":{\"@id\":\"https:\\\/\\\/kidsplay.lt\\\/produktas\\\/masterkidz-sienine-plokste-mokslo-lenta-kurybine-stem-lauko-lenta-tvirtinimo-plokste-80-x-80-cm\\\/#breadcrumb\"},\"inLanguage\":\"lv-LV\",\"potentialAction\":[{\"@type\":\"ReadAction\",\"target\":[\"https:\\\/\\\/kidsplay.lt\\\/produktas\\\/masterkidz-sienine-plokste-mokslo-lenta-kurybine-stem-lauko-lenta-tvirtinimo-plokste-80-x-80-cm\\\/\"]}]},{\"@type\":\"ImageObject\",\"inLanguage\":\"lv-LV\",\"@id\":\"https:\\\/\\\/kidsplay.lt\\\/produktas\\\/masterkidz-sienine-plokste-mokslo-lenta-kurybine-stem-lauko-lenta-tvirtinimo-plokste-80-x-80-cm\\\/#primaryimage\",\"url\":\"https:\\\/\\\/kidsplay.lt\\\/wp-content\\\/uploads\\\/2025\\\/09\\\/MASTERKIDZ-Sienine-plokste-Mokslo-lenta-Kurybine-STEM-lauko-lenta-Tvirtinimo-plokste-80-x-80-cm.jpg\",\"contentUrl\":\"https:\\\/\\\/kidsplay.lt\\\/wp-content\\\/uploads\\\/2025\\\/09\\\/MASTERKIDZ-Sienine-plokste-Mokslo-lenta-Kurybine-STEM-lauko-lenta-Tvirtinimo-plokste-80-x-80-cm.jpg\",\"width\":2500,\"height\":2500,\"caption\":\"MASTERKIDZ Sienin\u0117 plok\u0161t\u0117 Mokslo lenta K\u016brybin\u0117 STEM lauko lenta + Tvirtinimo plok\u0161t\u0117 80 x 80 (cm)\"},{\"@type\":\"BreadcrumbList\",\"@id\":\"https:\\\/\\\/kidsplay.lt\\\/produktas\\\/masterkidz-sienine-plokste-mokslo-lenta-kurybine-stem-lauko-lenta-tvirtinimo-plokste-80-x-80-cm\\\/#breadcrumb\",\"itemListElement\":[{\"@type\":\"ListItem\",\"position\":1,\"name\":\"Pagrindinis\",\"item\":\"https:\\\/\\\/kidsplay.lt\\\/\"},{\"@type\":\"ListItem\",\"position\":2,\"name\":\"Parduotuv\u0117\",\"item\":\"https:\\\/\\\/kidsplay.lt\\\/parduotuve\\\/\"},{\"@type\":\"ListItem\",\"position\":3,\"name\":\"MASTERKIDZ Sienin\u0117 plok\u0161t\u0117 Mokslo lenta K\u016brybin\u0117 STEM lauko lenta + Tvirtinimo plok\u0161t\u0117 80 x 80 (cm)\"}]},{\"@type\":\"WebSite\",\"@id\":\"https:\\\/\\\/kidsplay.lt\\\/#website\",\"url\":\"https:\\\/\\\/kidsplay.lt\\\/\",\"name\":\"Kidsplay.lt\",\"description\":\"\u012evairios prek\u0117s vaikams\",\"publisher\":{\"@id\":\"https:\\\/\\\/kidsplay.lt\\\/#organization\"},\"alternateName\":\"Kidsplay\",\"potentialAction\":[{\"@type\":\"SearchAction\",\"target\":{\"@type\":\"EntryPoint\",\"urlTemplate\":\"https:\\\/\\\/kidsplay.lt\\\/?s={search_term_string}\"},\"query-input\":{\"@type\":\"PropertyValueSpecification\",\"valueRequired\":true,\"valueName\":\"search_term_string\"}}],\"inLanguage\":\"lv-LV\"},{\"@type\":\"Organization\",\"@id\":\"https:\\\/\\\/kidsplay.lt\\\/#organization\",\"name\":\"KidsPlay\",\"url\":\"https:\\\/\\\/kidsplay.lt\\\/\",\"logo\":{\"@type\":\"ImageObject\",\"inLanguage\":\"lv-LV\",\"@id\":\"https:\\\/\\\/kidsplay.lt\\\/#\\\/schema\\\/logo\\\/image\\\/\",\"url\":\"https:\\\/\\\/kidsplay.lt\\\/wp-content\\\/uploads\\\/2023\\\/07\\\/kidsplay-logo.png\",\"contentUrl\":\"https:\\\/\\\/kidsplay.lt\\\/wp-content\\\/uploads\\\/2023\\\/07\\\/kidsplay-logo.png\",\"width\":451,\"height\":98,\"caption\":\"KidsPlay\"},\"image\":{\"@id\":\"https:\\\/\\\/kidsplay.lt\\\/#\\\/schema\\\/logo\\\/image\\\/\"},\"sameAs\":[\"https:\\\/\\\/www.facebook.com\\\/www.kidsplay.lt\"]}]}<\/script>\n<!-- \/ Yoast SEO plugin. -->","yoast_head_json":{"title":"MASTERKIDZ sienas d\u0113lis Zin\u0101tnes t\u0101fele Rado\u0161a STEM \u0101ra t\u0101fele + mont\u0101\u017eas pl\u0101ksne 80 x 80 (cm)","description":"MASTERKIDZ Sienin\u0117 plok\u0161t\u0117 Mokslo lenta K\u016brybin\u0117 STEM lauko lenta + Tvirtinimo plok\u0161t\u0117 80 x 80 (cm) - KidsPlay. Did\u017eiausias vaik\u0173 \u017eaisl\u0173 pasirinkimas.","robots":{"index":"index","follow":"follow","max-snippet":"max-snippet:-1","max-image-preview":"max-image-preview:large","max-video-preview":"max-video-preview:-1"},"canonical":"https:\/\/kidsplay.lt\/lv\/products\/masterkidz-sienine-plokste-mokslo-lenta-kurybine-stem-lauko-lenta-tvirtinimo-plokste-80-x-80-cm\/","og_locale":"lv_LV","og_type":"article","og_title":"MASTERKIDZ Sienin\u0117 plok\u0161t\u0117 Mokslo lenta K\u016brybin\u0117 STEM lauko lenta + Tvirtinimo plok\u0161t\u0117 80 x 80 (cm)","og_description":"MASTERKIDZ Sienin\u0117 plok\u0161t\u0117 Mokslo lenta K\u016brybin\u0117 STEM lauko lenta + Tvirtinimo plok\u0161t\u0117 80 x 80 (cm) - KidsPlay. Did\u017eiausias vaik\u0173 \u017eaisl\u0173 pasirinkimas.","og_url":"https:\/\/kidsplay.lt\/lv\/products\/masterkidz-sienine-plokste-mokslo-lenta-kurybine-stem-lauko-lenta-tvirtinimo-plokste-80-x-80-cm\/","og_site_name":"KidsPlay","article_publisher":"https:\/\/www.facebook.com\/www.kidsplay.lt","article_modified_time":"2026-04-07T07:28:19+00:00","og_image":[{"width":2500,"height":2500,"url":"https:\/\/kidsplay.lt\/wp-content\/uploads\/2025\/09\/MASTERKIDZ-Sienine-plokste-Mokslo-lenta-Kurybine-STEM-lauko-lenta-Tvirtinimo-plokste-80-x-80-cm.jpg","type":"image\/jpeg"}],"twitter_card":"summary_large_image","twitter_misc":{"Est. reading time":"1 min\u016bte"},"schema":{"@context":"https:\/\/schema.org","@graph":[{"@type":"WebPage","@id":"https:\/\/kidsplay.lt\/produktas\/masterkidz-sienine-plokste-mokslo-lenta-kurybine-stem-lauko-lenta-tvirtinimo-plokste-80-x-80-cm\/","url":"https:\/\/kidsplay.lt\/produktas\/masterkidz-sienine-plokste-mokslo-lenta-kurybine-stem-lauko-lenta-tvirtinimo-plokste-80-x-80-cm\/","name":"MASTERKIDZ sienas d\u0113lis Zin\u0101tnes t\u0101fele Rado\u0161a STEM \u0101ra t\u0101fele + mont\u0101\u017eas pl\u0101ksne 80 x 80 (cm)","isPartOf":{"@id":"https:\/\/kidsplay.lt\/#website"},"primaryImageOfPage":{"@id":"https:\/\/kidsplay.lt\/produktas\/masterkidz-sienine-plokste-mokslo-lenta-kurybine-stem-lauko-lenta-tvirtinimo-plokste-80-x-80-cm\/#primaryimage"},"image":{"@id":"https:\/\/kidsplay.lt\/produktas\/masterkidz-sienine-plokste-mokslo-lenta-kurybine-stem-lauko-lenta-tvirtinimo-plokste-80-x-80-cm\/#primaryimage"},"thumbnailUrl":"https:\/\/kidsplay.lt\/wp-content\/uploads\/2025\/09\/MASTERKIDZ-Sienine-plokste-Mokslo-lenta-Kurybine-STEM-lauko-lenta-Tvirtinimo-plokste-80-x-80-cm.jpg","datePublished":"2026-02-26T07:14:19+00:00","dateModified":"2026-04-07T07:28:19+00:00","description":"MASTERKIDZ Sienin\u0117 plok\u0161t\u0117 Mokslo lenta K\u016brybin\u0117 STEM lauko lenta + Tvirtinimo plok\u0161t\u0117 80 x 80 (cm) - KidsPlay. Did\u017eiausias vaik\u0173 \u017eaisl\u0173 pasirinkimas.","breadcrumb":{"@id":"https:\/\/kidsplay.lt\/produktas\/masterkidz-sienine-plokste-mokslo-lenta-kurybine-stem-lauko-lenta-tvirtinimo-plokste-80-x-80-cm\/#breadcrumb"},"inLanguage":"lv-LV","potentialAction":[{"@type":"ReadAction","target":["https:\/\/kidsplay.lt\/produktas\/masterkidz-sienine-plokste-mokslo-lenta-kurybine-stem-lauko-lenta-tvirtinimo-plokste-80-x-80-cm\/"]}]},{"@type":"ImageObject","inLanguage":"lv-LV","@id":"https:\/\/kidsplay.lt\/produktas\/masterkidz-sienine-plokste-mokslo-lenta-kurybine-stem-lauko-lenta-tvirtinimo-plokste-80-x-80-cm\/#primaryimage","url":"https:\/\/kidsplay.lt\/wp-content\/uploads\/2025\/09\/MASTERKIDZ-Sienine-plokste-Mokslo-lenta-Kurybine-STEM-lauko-lenta-Tvirtinimo-plokste-80-x-80-cm.jpg","contentUrl":"https:\/\/kidsplay.lt\/wp-content\/uploads\/2025\/09\/MASTERKIDZ-Sienine-plokste-Mokslo-lenta-Kurybine-STEM-lauko-lenta-Tvirtinimo-plokste-80-x-80-cm.jpg","width":2500,"height":2500,"caption":"MASTERKIDZ Sienin\u0117 plok\u0161t\u0117 Mokslo lenta K\u016brybin\u0117 STEM lauko lenta + Tvirtinimo plok\u0161t\u0117 80 x 80 (cm)"},{"@type":"BreadcrumbList","@id":"https:\/\/kidsplay.lt\/produktas\/masterkidz-sienine-plokste-mokslo-lenta-kurybine-stem-lauko-lenta-tvirtinimo-plokste-80-x-80-cm\/#breadcrumb","itemListElement":[{"@type":"ListItem","position":1,"name":"Pagrindinis","item":"https:\/\/kidsplay.lt\/"},{"@type":"ListItem","position":2,"name":"Parduotuv\u0117","item":"https:\/\/kidsplay.lt\/parduotuve\/"},{"@type":"ListItem","position":3,"name":"MASTERKIDZ Sienin\u0117 plok\u0161t\u0117 Mokslo lenta K\u016brybin\u0117 STEM lauko lenta + Tvirtinimo plok\u0161t\u0117 80 x 80 (cm)"}]},{"@type":"WebSite","@id":"https:\/\/kidsplay.lt\/#website","url":"https:\/\/kidsplay.lt\/","name":"B\u0113rnu sp\u0113les.lv","description":"\u012evairios prek\u0117s vaikams","publisher":{"@id":"https:\/\/kidsplay.lt\/#organization"},"alternateName":"Kidsplay","potentialAction":[{"@type":"SearchAction","target":{"@type":"EntryPoint","urlTemplate":"https:\/\/kidsplay.lt\/?s={search_term_string}"},"query-input":{"@type":"PropertyValueSpecification","valueRequired":true,"valueName":"search_term_string"}}],"inLanguage":"lv-LV"},{"@type":"Organization","@id":"https:\/\/kidsplay.lt\/#organization","name":"B\u0113rnu sp\u0113le","url":"https:\/\/kidsplay.lt\/","logo":{"@type":"ImageObject","inLanguage":"lv-LV","@id":"https:\/\/kidsplay.lt\/#\/schema\/logo\/image\/","url":"https:\/\/kidsplay.lt\/wp-content\/uploads\/2023\/07\/kidsplay-logo.png","contentUrl":"https:\/\/kidsplay.lt\/wp-content\/uploads\/2023\/07\/kidsplay-logo.png","width":451,"height":98,"caption":"KidsPlay"},"image":{"@id":"https:\/\/kidsplay.lt\/#\/schema\/logo\/image\/"},"sameAs":["https:\/\/www.facebook.com\/www.kidsplay.lt"]}]}},"_links":{"self":[{"href":"https:\/\/kidsplay.lt\/lv\/wp-json\/wp\/v2\/product\/89348","targetHints":{"allow":["GET"]}}],"collection":[{"href":"https:\/\/kidsplay.lt\/lv\/wp-json\/wp\/v2\/product"}],"about":[{"href":"https:\/\/kidsplay.lt\/lv\/wp-json\/wp\/v2\/types\/product"}],"version-history":[{"count":1,"href":"https:\/\/kidsplay.lt\/lv\/wp-json\/wp\/v2\/product\/89348\/revisions"}],"predecessor-version":[{"id":89349,"href":"https:\/\/kidsplay.lt\/lv\/wp-json\/wp\/v2\/product\/89348\/revisions\/89349"}],"wp:featuredmedia":[{"embeddable":true,"href":"https:\/\/kidsplay.lt\/lv\/wp-json\/wp\/v2\/media\/62922"}],"wp:attachment":[{"href":"https:\/\/kidsplay.lt\/lv\/wp-json\/wp\/v2\/media?parent=89348"}],"wp:term":[{"taxonomy":"product_brand","embeddable":true,"href":"https:\/\/kidsplay.lt\/lv\/wp-json\/wp\/v2\/product_brand?post=89348"},{"taxonomy":"product_cat","embeddable":true,"href":"https:\/\/kidsplay.lt\/lv\/wp-json\/wp\/v2\/product_cat?post=89348"},{"taxonomy":"product_tag","embeddable":true,"href":"https:\/\/kidsplay.lt\/lv\/wp-json\/wp\/v2\/product_tag?post=89348"}],"curies":[{"name":"wp","href":"https:\/\/api.w.org\/{rel}","templated":true}]}}