{"id":89354,"date":"2026-02-26T09:14:26","date_gmt":"2026-02-26T07:14:26","guid":{"rendered":"https:\/\/kidsplay.lt\/produktas\/didelis-melynas-bobby-automobilis-klasikinis\/"},"modified":"2026-04-13T14:50:06","modified_gmt":"2026-04-13T11:50:06","slug":"didelis-melynas-bobby-automobilis-klasikinis","status":"publish","type":"product","link":"https:\/\/kidsplay.lt\/lv\/products\/didelis-melynas-bobby-automobilis-klasikinis\/","title":{"rendered":"LIELA zila Bobija klasisk\u0101 automa\u0161\u012bna"},"content":{"rendered":"<p>BIG Bobby Car Classic\u00a0\u00a0m\u0117lynas va\u017eiuokl\u0117.\u00a0Puikiai tinka jauniausiems vairuotojams! \u0160viesiai m\u0117lynas BIG Bobby Car Classic yra stabilus ir manevringas va\u017eiuokl\u0117, skatinanti vaik\u0173 motorik\u0105. Komplekte yra prakti\u0161ka vaik\u0161tyn\u0117, kuri taip pat tarnauja kaip atlo\u0161as, u\u017etikrinantis ma\u017eyli\u0173 komfort\u0105 ir saugum\u0105 pirmaisiais vaik\u0161\u010diojimo ir va\u017eiavimo bandymais. Pastelin\u0117s \u017ealios spalvos detal\u0117s ir tvirta konstrukcija prad\u017eiugins tiek mergaites, tiek berniukus.<br \/>\nRakstur\u012bgs:<\/p>\n<p> \t\u00a0&#8211;\u00a0Am\u017eius:\u00a012 m\u0117nesi\u0173<br \/>\n \t\u00a0&#8211;\u00a0Saugus\u00a0vairavimas\u00a0\u2013 ergonomi\u0161kas dizainas, plati s\u0117dyn\u0117 ir mechaninis signalas.<br \/>\n \t\u00a0&#8211;\u00a0Prakti\u0161ka vaik\u0161tyn\u0117\u00a0\u2013 atlieka atlo\u0161o ir atramos vaidmen\u012f ma\u017eyliui.<br \/>\n \t\u00a0&#8211;\u00a0Patvarumas ir stabilumas\u00a0\u2013 patvarus, UV spinduliams atsparus plastikas, patikrintas T\u00dcV.<br \/>\n \t\u00a0&#8211;\u00a0Maksimali apkrova: 50 kg\u00a0\u2013 ilgas tarnavimo laikas.<br \/>\n \t\u00a0&#8211;\u00a0I\u0161ple\u010diama\u00a0\u2013 priekin\u0117s ir galin\u0117s jungtys priekabai arba st\u016bmikui prijungti.<br \/>\n \t\u00a0&#8211;\u00a0Lengvas surinkimas\u00a0\u2013 fiksavimo mechanizmas ir atlo\u0161as surenkami vos keliais paprastais \u017eingsniais.<\/p>\n<p>Rota\u013clieta att\u012bst\u0101s:<\/p>\n<p> \t\u00a0&#8211;\u00a0Stambioji ir smulkioji motorika:\u00a0va\u017eiavimas \u017eaislu padeda vystytis koj\u0173 ir rank\u0173 raumenims, \u012ftraukia vaik\u0105 \u012f fizin\u0119 veikl\u0105 ir gerina motorin\u0119 koordinacij\u0105.<br \/>\n \t\u00a0&#8211;\u00a0Motorin\u0117 koordinacija:\u00a0stumdamas ir vairuodamas ve\u017eim\u0117l\u012f, ma\u017eylis lavina pusiausvyr\u0105, koordinacij\u0105 ir motorinius \u012fg\u016bd\u017eius.<br \/>\n \t\u00a0&#8211;\u00a0Pasitik\u0117jimas savimi ir savaranki\u0161kumas:\u00a0skatina vaik\u0105 \u017eaisti savaranki\u0161kai, taip ugdydamas savaranki\u0161kumo ir saugumo jausm\u0105 judant.<br \/>\n \t\u00a0&#8211;\u00a0Socialinis vystymasis:\u00a0jojimo \u017eaidimai ir bendravimas su bendraam\u017eiais padeda lavinti socialinius \u012fg\u016bd\u017eius ir vaizduot\u0119.<br \/>\n \t\u00a0&#8211; Rankiniai \u012fg\u016bd\u017eiai:\u00a0valdydamas mechaninius va\u017eiuojamosios dalies elementus, tokius kaip garso signalas, ma\u017eylis lavina rankinius \u012fg\u016bd\u017eius ir tikslum\u0105.<\/p>\n<p>BIG Bobby Car Classic\u00a0yra puikus \u017eaislas, kuris ne tik suteikia vairavimo malonum\u0105, bet ir palaiko vaiko fizin\u012f, emocin\u012f ir socialin\u012f vystym\u0105si. D\u0117l savo funkcionalumo ir tvirtos konstrukcijos jis ilgai lyd\u0117s j\u016bs\u0173 ma\u017eyl\u012f, palaikydamas j\u012f kituose vystymosi etapuose.<\/p>","protected":false},"excerpt":{"rendered":"<p>BIG Bobby Car Classic\u00a0\u00a0m\u0117lynas va\u017eiuokl\u0117.\u00a0Puikiai tinka jauniausiems vairuotojams! \u0160viesiai m\u0117lynas BIG Bobby Car Classic yra stabilus ir manevringas va\u017eiuokl\u0117, skatinanti<\/p>","protected":false},"featured_media":62934,"template":"","meta":{"_acf_changed":false,"_glsr_average":0,"_glsr_ranking":0,"_glsr_reviews":0},"product_brand":[],"product_cat":[237,238],"product_tag":[],"class_list":{"0":"post-89354","1":"product","2":"type-product","3":"status-publish","4":"has-post-thumbnail","6":"product_cat-judejimo-priemones","7":"product_cat-stumdomos-masineles","8":"\"style=\"background-color: #2ecc711c;\"","10":"first","11":"instock","12":"purchasable","13":"product-type-simple"},"acf":[],"yoast_head":"<!-- This site is optimized with the Yoast SEO plugin v27.4 - https:\/\/yoast.com\/product\/yoast-seo-wordpress\/ -->\n<title>DIDELIS m\u0117lynas Bobby automobilis klasikinis<\/title>\n<meta name=\"description\" content=\"DIDELIS m\u0117lynas Bobby automobilis klasikinis - KidsPlay. Did\u017eiausias vaik\u0173 \u017eaisl\u0173 pasirinkimas.\" \/>\n<meta name=\"robots\" content=\"index, follow, max-snippet:-1, max-image-preview:large, max-video-preview:-1\" \/>\n<link rel=\"canonical\" href=\"https:\/\/kidsplay.lt\/lv\/products\/didelis-melynas-bobby-automobilis-klasikinis\/\" \/>\n<meta property=\"og:locale\" content=\"lv_LV\" \/>\n<meta property=\"og:type\" content=\"article\" \/>\n<meta property=\"og:title\" content=\"DIDELIS m\u0117lynas Bobby automobilis klasikinis\" \/>\n<meta property=\"og:description\" content=\"DIDELIS m\u0117lynas Bobby automobilis klasikinis - KidsPlay. Did\u017eiausias vaik\u0173 \u017eaisl\u0173 pasirinkimas.\" \/>\n<meta property=\"og:url\" content=\"https:\/\/kidsplay.lt\/lv\/products\/didelis-melynas-bobby-automobilis-klasikinis\/\" \/>\n<meta property=\"og:site_name\" content=\"KidsPlay\" \/>\n<meta property=\"article:publisher\" content=\"https:\/\/www.facebook.com\/www.kidsplay.lt\" \/>\n<meta property=\"article:modified_time\" content=\"2026-04-13T11:50:06+00:00\" \/>\n<meta property=\"og:image\" content=\"https:\/\/kidsplay.lt\/wp-content\/uploads\/2025\/09\/DIDELIS-melynas-Bobby-automobilis-klasikinis.jpg\" \/>\n\t<meta property=\"og:image:width\" content=\"2560\" \/>\n\t<meta property=\"og:image:height\" content=\"2182\" \/>\n\t<meta property=\"og:image:type\" content=\"image\/jpeg\" \/>\n<meta name=\"twitter:card\" content=\"summary_large_image\" \/>\n<meta name=\"twitter:label1\" content=\"Est. reading time\" \/>\n\t<meta name=\"twitter:data1\" content=\"1 min\u016bte\" \/>\n<script type=\"application\/ld+json\" class=\"yoast-schema-graph\">{\"@context\":\"https:\\\/\\\/schema.org\",\"@graph\":[{\"@type\":\"WebPage\",\"@id\":\"https:\\\/\\\/kidsplay.lt\\\/produktas\\\/didelis-melynas-bobby-automobilis-klasikinis\\\/\",\"url\":\"https:\\\/\\\/kidsplay.lt\\\/produktas\\\/didelis-melynas-bobby-automobilis-klasikinis\\\/\",\"name\":\"DIDELIS m\u0117lynas Bobby automobilis klasikinis\",\"isPartOf\":{\"@id\":\"https:\\\/\\\/kidsplay.lt\\\/#website\"},\"primaryImageOfPage\":{\"@id\":\"https:\\\/\\\/kidsplay.lt\\\/produktas\\\/didelis-melynas-bobby-automobilis-klasikinis\\\/#primaryimage\"},\"image\":{\"@id\":\"https:\\\/\\\/kidsplay.lt\\\/produktas\\\/didelis-melynas-bobby-automobilis-klasikinis\\\/#primaryimage\"},\"thumbnailUrl\":\"https:\\\/\\\/kidsplay.lt\\\/wp-content\\\/uploads\\\/2025\\\/09\\\/DIDELIS-melynas-Bobby-automobilis-klasikinis.jpg\",\"datePublished\":\"2026-02-26T07:14:26+00:00\",\"dateModified\":\"2026-04-13T11:50:06+00:00\",\"description\":\"DIDELIS m\u0117lynas Bobby automobilis klasikinis - KidsPlay. Did\u017eiausias vaik\u0173 \u017eaisl\u0173 pasirinkimas.\",\"breadcrumb\":{\"@id\":\"https:\\\/\\\/kidsplay.lt\\\/produktas\\\/didelis-melynas-bobby-automobilis-klasikinis\\\/#breadcrumb\"},\"inLanguage\":\"lv-LV\",\"potentialAction\":[{\"@type\":\"ReadAction\",\"target\":[\"https:\\\/\\\/kidsplay.lt\\\/produktas\\\/didelis-melynas-bobby-automobilis-klasikinis\\\/\"]}]},{\"@type\":\"ImageObject\",\"inLanguage\":\"lv-LV\",\"@id\":\"https:\\\/\\\/kidsplay.lt\\\/produktas\\\/didelis-melynas-bobby-automobilis-klasikinis\\\/#primaryimage\",\"url\":\"https:\\\/\\\/kidsplay.lt\\\/wp-content\\\/uploads\\\/2025\\\/09\\\/DIDELIS-melynas-Bobby-automobilis-klasikinis.jpg\",\"contentUrl\":\"https:\\\/\\\/kidsplay.lt\\\/wp-content\\\/uploads\\\/2025\\\/09\\\/DIDELIS-melynas-Bobby-automobilis-klasikinis.jpg\",\"width\":2560,\"height\":2182,\"caption\":\"DIDELIS m\u0117lynas Bobby automobilis klasikinis\"},{\"@type\":\"BreadcrumbList\",\"@id\":\"https:\\\/\\\/kidsplay.lt\\\/produktas\\\/didelis-melynas-bobby-automobilis-klasikinis\\\/#breadcrumb\",\"itemListElement\":[{\"@type\":\"ListItem\",\"position\":1,\"name\":\"Pagrindinis\",\"item\":\"https:\\\/\\\/kidsplay.lt\\\/\"},{\"@type\":\"ListItem\",\"position\":2,\"name\":\"Parduotuv\u0117\",\"item\":\"https:\\\/\\\/kidsplay.lt\\\/parduotuve\\\/\"},{\"@type\":\"ListItem\",\"position\":3,\"name\":\"DIDELIS m\u0117lynas Bobby automobilis klasikinis\"}]},{\"@type\":\"WebSite\",\"@id\":\"https:\\\/\\\/kidsplay.lt\\\/#website\",\"url\":\"https:\\\/\\\/kidsplay.lt\\\/\",\"name\":\"Kidsplay.lt\",\"description\":\"\u012evairios prek\u0117s vaikams\",\"publisher\":{\"@id\":\"https:\\\/\\\/kidsplay.lt\\\/#organization\"},\"alternateName\":\"Kidsplay\",\"potentialAction\":[{\"@type\":\"SearchAction\",\"target\":{\"@type\":\"EntryPoint\",\"urlTemplate\":\"https:\\\/\\\/kidsplay.lt\\\/?s={search_term_string}\"},\"query-input\":{\"@type\":\"PropertyValueSpecification\",\"valueRequired\":true,\"valueName\":\"search_term_string\"}}],\"inLanguage\":\"lv-LV\"},{\"@type\":\"Organization\",\"@id\":\"https:\\\/\\\/kidsplay.lt\\\/#organization\",\"name\":\"KidsPlay\",\"url\":\"https:\\\/\\\/kidsplay.lt\\\/\",\"logo\":{\"@type\":\"ImageObject\",\"inLanguage\":\"lv-LV\",\"@id\":\"https:\\\/\\\/kidsplay.lt\\\/#\\\/schema\\\/logo\\\/image\\\/\",\"url\":\"https:\\\/\\\/kidsplay.lt\\\/wp-content\\\/uploads\\\/2023\\\/07\\\/kidsplay-logo.png\",\"contentUrl\":\"https:\\\/\\\/kidsplay.lt\\\/wp-content\\\/uploads\\\/2023\\\/07\\\/kidsplay-logo.png\",\"width\":451,\"height\":98,\"caption\":\"KidsPlay\"},\"image\":{\"@id\":\"https:\\\/\\\/kidsplay.lt\\\/#\\\/schema\\\/logo\\\/image\\\/\"},\"sameAs\":[\"https:\\\/\\\/www.facebook.com\\\/www.kidsplay.lt\"]}]}<\/script>\n<!-- \/ Yoast SEO plugin. -->","yoast_head_json":{"title":"LIELA zila Bobija klasisk\u0101 automa\u0161\u012bna","description":"DIDELIS m\u0117lynas Bobby automobilis klasikinis - KidsPlay. Did\u017eiausias vaik\u0173 \u017eaisl\u0173 pasirinkimas.","robots":{"index":"index","follow":"follow","max-snippet":"max-snippet:-1","max-image-preview":"max-image-preview:large","max-video-preview":"max-video-preview:-1"},"canonical":"https:\/\/kidsplay.lt\/lv\/products\/didelis-melynas-bobby-automobilis-klasikinis\/","og_locale":"lv_LV","og_type":"article","og_title":"DIDELIS m\u0117lynas Bobby automobilis klasikinis","og_description":"DIDELIS m\u0117lynas Bobby automobilis klasikinis - KidsPlay. Did\u017eiausias vaik\u0173 \u017eaisl\u0173 pasirinkimas.","og_url":"https:\/\/kidsplay.lt\/lv\/products\/didelis-melynas-bobby-automobilis-klasikinis\/","og_site_name":"KidsPlay","article_publisher":"https:\/\/www.facebook.com\/www.kidsplay.lt","article_modified_time":"2026-04-13T11:50:06+00:00","og_image":[{"width":2560,"height":2182,"url":"https:\/\/kidsplay.lt\/wp-content\/uploads\/2025\/09\/DIDELIS-melynas-Bobby-automobilis-klasikinis.jpg","type":"image\/jpeg"}],"twitter_card":"summary_large_image","twitter_misc":{"Est. reading time":"1 min\u016bte"},"schema":{"@context":"https:\/\/schema.org","@graph":[{"@type":"WebPage","@id":"https:\/\/kidsplay.lt\/produktas\/didelis-melynas-bobby-automobilis-klasikinis\/","url":"https:\/\/kidsplay.lt\/produktas\/didelis-melynas-bobby-automobilis-klasikinis\/","name":"LIELA zila Bobija klasisk\u0101 automa\u0161\u012bna","isPartOf":{"@id":"https:\/\/kidsplay.lt\/#website"},"primaryImageOfPage":{"@id":"https:\/\/kidsplay.lt\/produktas\/didelis-melynas-bobby-automobilis-klasikinis\/#primaryimage"},"image":{"@id":"https:\/\/kidsplay.lt\/produktas\/didelis-melynas-bobby-automobilis-klasikinis\/#primaryimage"},"thumbnailUrl":"https:\/\/kidsplay.lt\/wp-content\/uploads\/2025\/09\/DIDELIS-melynas-Bobby-automobilis-klasikinis.jpg","datePublished":"2026-02-26T07:14:26+00:00","dateModified":"2026-04-13T11:50:06+00:00","description":"DIDELIS m\u0117lynas Bobby automobilis klasikinis - KidsPlay. Did\u017eiausias vaik\u0173 \u017eaisl\u0173 pasirinkimas.","breadcrumb":{"@id":"https:\/\/kidsplay.lt\/produktas\/didelis-melynas-bobby-automobilis-klasikinis\/#breadcrumb"},"inLanguage":"lv-LV","potentialAction":[{"@type":"ReadAction","target":["https:\/\/kidsplay.lt\/produktas\/didelis-melynas-bobby-automobilis-klasikinis\/"]}]},{"@type":"ImageObject","inLanguage":"lv-LV","@id":"https:\/\/kidsplay.lt\/produktas\/didelis-melynas-bobby-automobilis-klasikinis\/#primaryimage","url":"https:\/\/kidsplay.lt\/wp-content\/uploads\/2025\/09\/DIDELIS-melynas-Bobby-automobilis-klasikinis.jpg","contentUrl":"https:\/\/kidsplay.lt\/wp-content\/uploads\/2025\/09\/DIDELIS-melynas-Bobby-automobilis-klasikinis.jpg","width":2560,"height":2182,"caption":"DIDELIS m\u0117lynas Bobby automobilis klasikinis"},{"@type":"BreadcrumbList","@id":"https:\/\/kidsplay.lt\/produktas\/didelis-melynas-bobby-automobilis-klasikinis\/#breadcrumb","itemListElement":[{"@type":"ListItem","position":1,"name":"Pagrindinis","item":"https:\/\/kidsplay.lt\/"},{"@type":"ListItem","position":2,"name":"Parduotuv\u0117","item":"https:\/\/kidsplay.lt\/parduotuve\/"},{"@type":"ListItem","position":3,"name":"DIDELIS m\u0117lynas Bobby automobilis klasikinis"}]},{"@type":"WebSite","@id":"https:\/\/kidsplay.lt\/#website","url":"https:\/\/kidsplay.lt\/","name":"B\u0113rnu sp\u0113les.lv","description":"\u012evairios prek\u0117s vaikams","publisher":{"@id":"https:\/\/kidsplay.lt\/#organization"},"alternateName":"Kidsplay","potentialAction":[{"@type":"SearchAction","target":{"@type":"EntryPoint","urlTemplate":"https:\/\/kidsplay.lt\/?s={search_term_string}"},"query-input":{"@type":"PropertyValueSpecification","valueRequired":true,"valueName":"search_term_string"}}],"inLanguage":"lv-LV"},{"@type":"Organization","@id":"https:\/\/kidsplay.lt\/#organization","name":"B\u0113rnu sp\u0113le","url":"https:\/\/kidsplay.lt\/","logo":{"@type":"ImageObject","inLanguage":"lv-LV","@id":"https:\/\/kidsplay.lt\/#\/schema\/logo\/image\/","url":"https:\/\/kidsplay.lt\/wp-content\/uploads\/2023\/07\/kidsplay-logo.png","contentUrl":"https:\/\/kidsplay.lt\/wp-content\/uploads\/2023\/07\/kidsplay-logo.png","width":451,"height":98,"caption":"KidsPlay"},"image":{"@id":"https:\/\/kidsplay.lt\/#\/schema\/logo\/image\/"},"sameAs":["https:\/\/www.facebook.com\/www.kidsplay.lt"]}]}},"_links":{"self":[{"href":"https:\/\/kidsplay.lt\/lv\/wp-json\/wp\/v2\/product\/89354","targetHints":{"allow":["GET"]}}],"collection":[{"href":"https:\/\/kidsplay.lt\/lv\/wp-json\/wp\/v2\/product"}],"about":[{"href":"https:\/\/kidsplay.lt\/lv\/wp-json\/wp\/v2\/types\/product"}],"version-history":[{"count":1,"href":"https:\/\/kidsplay.lt\/lv\/wp-json\/wp\/v2\/product\/89354\/revisions"}],"predecessor-version":[{"id":89355,"href":"https:\/\/kidsplay.lt\/lv\/wp-json\/wp\/v2\/product\/89354\/revisions\/89355"}],"wp:featuredmedia":[{"embeddable":true,"href":"https:\/\/kidsplay.lt\/lv\/wp-json\/wp\/v2\/media\/62934"}],"wp:attachment":[{"href":"https:\/\/kidsplay.lt\/lv\/wp-json\/wp\/v2\/media?parent=89354"}],"wp:term":[{"taxonomy":"product_brand","embeddable":true,"href":"https:\/\/kidsplay.lt\/lv\/wp-json\/wp\/v2\/product_brand?post=89354"},{"taxonomy":"product_cat","embeddable":true,"href":"https:\/\/kidsplay.lt\/lv\/wp-json\/wp\/v2\/product_cat?post=89354"},{"taxonomy":"product_tag","embeddable":true,"href":"https:\/\/kidsplay.lt\/lv\/wp-json\/wp\/v2\/product_tag?post=89354"}],"curies":[{"name":"wp","href":"https:\/\/api.w.org\/{rel}","templated":true}]}}