{"id":89356,"date":"2026-02-26T09:14:28","date_gmt":"2026-02-26T07:14:28","guid":{"rendered":"https:\/\/kidsplay.lt\/produktas\/woopie-royal-leliu-vezimelis-su-spalvingomis-sirdelemis\/"},"modified":"2026-04-13T14:50:11","modified_gmt":"2026-04-13T11:50:11","slug":"woopie-royal-leliu-vezimelis-su-spalvingomis-sirdelemis","status":"publish","type":"product","link":"https:\/\/kidsplay.lt\/lv\/products\/woopie-royal-leliu-vezimelis-su-spalvingomis-sirdelemis\/","title":{"rendered":"WOOPIE ROYAL le\u013c\u013cu rati\u0146i ar kr\u0101sain\u0101m sirsni\u0146\u0101m"},"content":{"rendered":"<p>\u201eWoopie\u00a0\u201c l\u0117l\u0117s ve\u017eim\u0117lis\u00a0yra puikus pasirinkimas bet kuriai ma\u017eai mergaitei, kuri m\u0117gsta \u017eaisti su nameliais ant rat\u0173. Lengvas, bet labai stabilus r\u0117mas u\u017etikrina komfort\u0105 ir saugum\u0105 naudojimo metu. \u012erengtas koj\u0173 atrama, stogelis nuo saul\u0117s, saugos dir\u017eai ir\u00a0prakti\u0161kas krep\u0161elis smulkiems daiktams, jis garantuoja visi\u0161k\u0105 funkcionalum\u0105 ir komfort\u0105.\u00a0Be to, jis turi mink\u0161t\u0105 ranken\u0105, kad b\u016bt\u0173 lengva manevruoti, ir tylius, neslystan\u010dius putplas\u010dio ratukus, puikiai tinkan\u010dius tiek namams, tiek pasivaik\u0161\u010diojimams. Pasibaigus \u017eaidimams, ve\u017eim\u0117lis lengvai sulankstomas, taupant viet\u0105 sand\u0117liavimo metu. Stilingas dizainas paver\u010dia j\u012f unikaliu bet kurios\u00a0l\u0117l\u0117s\u00a0aksesuaru\u00a0.<\/p>\n<p>Rakstur\u012bgs:<\/p>\n<p> \t&#8211; ve\u017eim\u0117lis, skirtas vaikams nuo 3 met\u0173 am\u017eiaus<br \/>\n \t&#8211; eleganti\u0161kas dizainas<br \/>\n \t&#8211; lengvas ir tvirtas r\u0117mas<br \/>\n \t&#8211; sulankstomas stogelis<br \/>\n \t&#8211; mink\u0161ta putplas\u010dio rankena<br \/>\n \t&#8211; koj\u0173 atrama<br \/>\n \t&#8211; krep\u0161elis smulkiems daiktams<br \/>\n \t&#8211; saugos dir\u017eai<br \/>\n \t&#8211; tyl\u016bs, putplas\u010dio ratukai<br \/>\n \t&#8211; med\u017eiaga nuimama skalbimui<\/p>\n<p>IZM\u0112RI:<\/p>\n<p>&#8211; Maksimalus rankenos auk\u0161tis: 67 cm<\/p>\n<p>&#8211; Minimalus rankenos auk\u0161tis: 38 cm<\/p>\n<p>&#8211; Ve\u017eim\u0117lio plotis: 50 cm<\/p>\n<p>&#8211; Rankenos plotis: 30 cm<\/p>\n<p>&#8211; S\u0117dyn\u0117s matmenys: 25 x 23 (cm) \/ i\u0161skleistos: 41 cm<\/p>","protected":false},"excerpt":{"rendered":"<p>\u201eWoopie\u00a0\u201c l\u0117l\u0117s ve\u017eim\u0117lis\u00a0yra puikus pasirinkimas bet kuriai ma\u017eai mergaitei, kuri m\u0117gsta \u017eaisti su nameliais ant rat\u0173. Lengvas, bet labai stabilus<\/p>","protected":false},"featured_media":62939,"template":"","meta":{"_acf_changed":false,"_glsr_average":0,"_glsr_ranking":0,"_glsr_reviews":0},"product_brand":[],"product_cat":[443,295],"product_tag":[],"class_list":{"0":"post-89356","1":"product","2":"type-product","3":"status-publish","4":"has-post-thumbnail","6":"product_cat-leles-ir-priedai","7":"product_cat-vezimeliai-lelems","8":"\"style=\"background-color: #2ecc711c;\"","10":"first","11":"instock","12":"purchasable","13":"product-type-simple"},"acf":[],"yoast_head":"<!-- This site is optimized with the Yoast SEO plugin v27.4 - https:\/\/yoast.com\/product\/yoast-seo-wordpress\/ -->\n<title>WOOPIE ROYAL l\u0117li\u0173 ve\u017eim\u0117lis su spalvingomis \u0161irdel\u0117mis<\/title>\n<meta name=\"description\" content=\"WOOPIE ROYAL l\u0117li\u0173 ve\u017eim\u0117lis su spalvingomis \u0161irdel\u0117mis - KidsPlay. Did\u017eiausias vaik\u0173 \u017eaisl\u0173 pasirinkimas.\" \/>\n<meta name=\"robots\" content=\"index, follow, max-snippet:-1, max-image-preview:large, max-video-preview:-1\" \/>\n<link rel=\"canonical\" href=\"https:\/\/kidsplay.lt\/lv\/products\/woopie-royal-leliu-vezimelis-su-spalvingomis-sirdelemis\/\" \/>\n<meta property=\"og:locale\" content=\"lv_LV\" \/>\n<meta property=\"og:type\" content=\"article\" \/>\n<meta property=\"og:title\" content=\"WOOPIE ROYAL l\u0117li\u0173 ve\u017eim\u0117lis su spalvingomis \u0161irdel\u0117mis\" \/>\n<meta property=\"og:description\" content=\"WOOPIE ROYAL l\u0117li\u0173 ve\u017eim\u0117lis su spalvingomis \u0161irdel\u0117mis - KidsPlay. Did\u017eiausias vaik\u0173 \u017eaisl\u0173 pasirinkimas.\" \/>\n<meta property=\"og:url\" content=\"https:\/\/kidsplay.lt\/lv\/products\/woopie-royal-leliu-vezimelis-su-spalvingomis-sirdelemis\/\" \/>\n<meta property=\"og:site_name\" content=\"KidsPlay\" \/>\n<meta property=\"article:publisher\" content=\"https:\/\/www.facebook.com\/www.kidsplay.lt\" \/>\n<meta property=\"article:modified_time\" content=\"2026-04-13T11:50:11+00:00\" \/>\n<meta property=\"og:image\" content=\"https:\/\/kidsplay.lt\/wp-content\/uploads\/2025\/09\/WOOPIE-ROYAL-leliu-vezimelis-su-spalvingomis-sirdelemis.jpg\" \/>\n\t<meta property=\"og:image:width\" content=\"1000\" \/>\n\t<meta property=\"og:image:height\" content=\"1000\" \/>\n\t<meta property=\"og:image:type\" content=\"image\/jpeg\" \/>\n<meta name=\"twitter:card\" content=\"summary_large_image\" \/>\n<meta name=\"twitter:label1\" content=\"Est. reading time\" \/>\n\t<meta name=\"twitter:data1\" content=\"1 min\u016bte\" \/>\n<script type=\"application\/ld+json\" class=\"yoast-schema-graph\">{\"@context\":\"https:\\\/\\\/schema.org\",\"@graph\":[{\"@type\":\"WebPage\",\"@id\":\"https:\\\/\\\/kidsplay.lt\\\/produktas\\\/woopie-royal-leliu-vezimelis-su-spalvingomis-sirdelemis\\\/\",\"url\":\"https:\\\/\\\/kidsplay.lt\\\/produktas\\\/woopie-royal-leliu-vezimelis-su-spalvingomis-sirdelemis\\\/\",\"name\":\"WOOPIE ROYAL l\u0117li\u0173 ve\u017eim\u0117lis su spalvingomis \u0161irdel\u0117mis\",\"isPartOf\":{\"@id\":\"https:\\\/\\\/kidsplay.lt\\\/#website\"},\"primaryImageOfPage\":{\"@id\":\"https:\\\/\\\/kidsplay.lt\\\/produktas\\\/woopie-royal-leliu-vezimelis-su-spalvingomis-sirdelemis\\\/#primaryimage\"},\"image\":{\"@id\":\"https:\\\/\\\/kidsplay.lt\\\/produktas\\\/woopie-royal-leliu-vezimelis-su-spalvingomis-sirdelemis\\\/#primaryimage\"},\"thumbnailUrl\":\"https:\\\/\\\/kidsplay.lt\\\/wp-content\\\/uploads\\\/2025\\\/09\\\/WOOPIE-ROYAL-leliu-vezimelis-su-spalvingomis-sirdelemis.jpg\",\"datePublished\":\"2026-02-26T07:14:28+00:00\",\"dateModified\":\"2026-04-13T11:50:11+00:00\",\"description\":\"WOOPIE ROYAL l\u0117li\u0173 ve\u017eim\u0117lis su spalvingomis \u0161irdel\u0117mis - KidsPlay. Did\u017eiausias vaik\u0173 \u017eaisl\u0173 pasirinkimas.\",\"breadcrumb\":{\"@id\":\"https:\\\/\\\/kidsplay.lt\\\/produktas\\\/woopie-royal-leliu-vezimelis-su-spalvingomis-sirdelemis\\\/#breadcrumb\"},\"inLanguage\":\"lv-LV\",\"potentialAction\":[{\"@type\":\"ReadAction\",\"target\":[\"https:\\\/\\\/kidsplay.lt\\\/produktas\\\/woopie-royal-leliu-vezimelis-su-spalvingomis-sirdelemis\\\/\"]}]},{\"@type\":\"ImageObject\",\"inLanguage\":\"lv-LV\",\"@id\":\"https:\\\/\\\/kidsplay.lt\\\/produktas\\\/woopie-royal-leliu-vezimelis-su-spalvingomis-sirdelemis\\\/#primaryimage\",\"url\":\"https:\\\/\\\/kidsplay.lt\\\/wp-content\\\/uploads\\\/2025\\\/09\\\/WOOPIE-ROYAL-leliu-vezimelis-su-spalvingomis-sirdelemis.jpg\",\"contentUrl\":\"https:\\\/\\\/kidsplay.lt\\\/wp-content\\\/uploads\\\/2025\\\/09\\\/WOOPIE-ROYAL-leliu-vezimelis-su-spalvingomis-sirdelemis.jpg\",\"width\":1000,\"height\":1000,\"caption\":\"WOOPIE ROYAL l\u0117li\u0173 ve\u017eim\u0117lis su spalvingomis \u0161irdel\u0117mis\"},{\"@type\":\"BreadcrumbList\",\"@id\":\"https:\\\/\\\/kidsplay.lt\\\/produktas\\\/woopie-royal-leliu-vezimelis-su-spalvingomis-sirdelemis\\\/#breadcrumb\",\"itemListElement\":[{\"@type\":\"ListItem\",\"position\":1,\"name\":\"Pagrindinis\",\"item\":\"https:\\\/\\\/kidsplay.lt\\\/\"},{\"@type\":\"ListItem\",\"position\":2,\"name\":\"Parduotuv\u0117\",\"item\":\"https:\\\/\\\/kidsplay.lt\\\/parduotuve\\\/\"},{\"@type\":\"ListItem\",\"position\":3,\"name\":\"WOOPIE ROYAL l\u0117li\u0173 ve\u017eim\u0117lis su spalvingomis \u0161irdel\u0117mis\"}]},{\"@type\":\"WebSite\",\"@id\":\"https:\\\/\\\/kidsplay.lt\\\/#website\",\"url\":\"https:\\\/\\\/kidsplay.lt\\\/\",\"name\":\"Kidsplay.lt\",\"description\":\"\u012evairios prek\u0117s vaikams\",\"publisher\":{\"@id\":\"https:\\\/\\\/kidsplay.lt\\\/#organization\"},\"alternateName\":\"Kidsplay\",\"potentialAction\":[{\"@type\":\"SearchAction\",\"target\":{\"@type\":\"EntryPoint\",\"urlTemplate\":\"https:\\\/\\\/kidsplay.lt\\\/?s={search_term_string}\"},\"query-input\":{\"@type\":\"PropertyValueSpecification\",\"valueRequired\":true,\"valueName\":\"search_term_string\"}}],\"inLanguage\":\"lv-LV\"},{\"@type\":\"Organization\",\"@id\":\"https:\\\/\\\/kidsplay.lt\\\/#organization\",\"name\":\"KidsPlay\",\"url\":\"https:\\\/\\\/kidsplay.lt\\\/\",\"logo\":{\"@type\":\"ImageObject\",\"inLanguage\":\"lv-LV\",\"@id\":\"https:\\\/\\\/kidsplay.lt\\\/#\\\/schema\\\/logo\\\/image\\\/\",\"url\":\"https:\\\/\\\/kidsplay.lt\\\/wp-content\\\/uploads\\\/2023\\\/07\\\/kidsplay-logo.png\",\"contentUrl\":\"https:\\\/\\\/kidsplay.lt\\\/wp-content\\\/uploads\\\/2023\\\/07\\\/kidsplay-logo.png\",\"width\":451,\"height\":98,\"caption\":\"KidsPlay\"},\"image\":{\"@id\":\"https:\\\/\\\/kidsplay.lt\\\/#\\\/schema\\\/logo\\\/image\\\/\"},\"sameAs\":[\"https:\\\/\\\/www.facebook.com\\\/www.kidsplay.lt\"]}]}<\/script>\n<!-- \/ Yoast SEO plugin. -->","yoast_head_json":{"title":"WOOPIE ROYAL le\u013c\u013cu rati\u0146i ar kr\u0101sain\u0101m sirsni\u0146\u0101m","description":"WOOPIE ROYAL l\u0117li\u0173 ve\u017eim\u0117lis su spalvingomis \u0161irdel\u0117mis - KidsPlay. Did\u017eiausias vaik\u0173 \u017eaisl\u0173 pasirinkimas.","robots":{"index":"index","follow":"follow","max-snippet":"max-snippet:-1","max-image-preview":"max-image-preview:large","max-video-preview":"max-video-preview:-1"},"canonical":"https:\/\/kidsplay.lt\/lv\/products\/woopie-royal-leliu-vezimelis-su-spalvingomis-sirdelemis\/","og_locale":"lv_LV","og_type":"article","og_title":"WOOPIE ROYAL l\u0117li\u0173 ve\u017eim\u0117lis su spalvingomis \u0161irdel\u0117mis","og_description":"WOOPIE ROYAL l\u0117li\u0173 ve\u017eim\u0117lis su spalvingomis \u0161irdel\u0117mis - KidsPlay. Did\u017eiausias vaik\u0173 \u017eaisl\u0173 pasirinkimas.","og_url":"https:\/\/kidsplay.lt\/lv\/products\/woopie-royal-leliu-vezimelis-su-spalvingomis-sirdelemis\/","og_site_name":"KidsPlay","article_publisher":"https:\/\/www.facebook.com\/www.kidsplay.lt","article_modified_time":"2026-04-13T11:50:11+00:00","og_image":[{"width":1000,"height":1000,"url":"https:\/\/kidsplay.lt\/wp-content\/uploads\/2025\/09\/WOOPIE-ROYAL-leliu-vezimelis-su-spalvingomis-sirdelemis.jpg","type":"image\/jpeg"}],"twitter_card":"summary_large_image","twitter_misc":{"Est. reading time":"1 min\u016bte"},"schema":{"@context":"https:\/\/schema.org","@graph":[{"@type":"WebPage","@id":"https:\/\/kidsplay.lt\/produktas\/woopie-royal-leliu-vezimelis-su-spalvingomis-sirdelemis\/","url":"https:\/\/kidsplay.lt\/produktas\/woopie-royal-leliu-vezimelis-su-spalvingomis-sirdelemis\/","name":"WOOPIE ROYAL le\u013c\u013cu rati\u0146i ar kr\u0101sain\u0101m sirsni\u0146\u0101m","isPartOf":{"@id":"https:\/\/kidsplay.lt\/#website"},"primaryImageOfPage":{"@id":"https:\/\/kidsplay.lt\/produktas\/woopie-royal-leliu-vezimelis-su-spalvingomis-sirdelemis\/#primaryimage"},"image":{"@id":"https:\/\/kidsplay.lt\/produktas\/woopie-royal-leliu-vezimelis-su-spalvingomis-sirdelemis\/#primaryimage"},"thumbnailUrl":"https:\/\/kidsplay.lt\/wp-content\/uploads\/2025\/09\/WOOPIE-ROYAL-leliu-vezimelis-su-spalvingomis-sirdelemis.jpg","datePublished":"2026-02-26T07:14:28+00:00","dateModified":"2026-04-13T11:50:11+00:00","description":"WOOPIE ROYAL l\u0117li\u0173 ve\u017eim\u0117lis su spalvingomis \u0161irdel\u0117mis - KidsPlay. Did\u017eiausias vaik\u0173 \u017eaisl\u0173 pasirinkimas.","breadcrumb":{"@id":"https:\/\/kidsplay.lt\/produktas\/woopie-royal-leliu-vezimelis-su-spalvingomis-sirdelemis\/#breadcrumb"},"inLanguage":"lv-LV","potentialAction":[{"@type":"ReadAction","target":["https:\/\/kidsplay.lt\/produktas\/woopie-royal-leliu-vezimelis-su-spalvingomis-sirdelemis\/"]}]},{"@type":"ImageObject","inLanguage":"lv-LV","@id":"https:\/\/kidsplay.lt\/produktas\/woopie-royal-leliu-vezimelis-su-spalvingomis-sirdelemis\/#primaryimage","url":"https:\/\/kidsplay.lt\/wp-content\/uploads\/2025\/09\/WOOPIE-ROYAL-leliu-vezimelis-su-spalvingomis-sirdelemis.jpg","contentUrl":"https:\/\/kidsplay.lt\/wp-content\/uploads\/2025\/09\/WOOPIE-ROYAL-leliu-vezimelis-su-spalvingomis-sirdelemis.jpg","width":1000,"height":1000,"caption":"WOOPIE ROYAL l\u0117li\u0173 ve\u017eim\u0117lis su spalvingomis \u0161irdel\u0117mis"},{"@type":"BreadcrumbList","@id":"https:\/\/kidsplay.lt\/produktas\/woopie-royal-leliu-vezimelis-su-spalvingomis-sirdelemis\/#breadcrumb","itemListElement":[{"@type":"ListItem","position":1,"name":"Pagrindinis","item":"https:\/\/kidsplay.lt\/"},{"@type":"ListItem","position":2,"name":"Parduotuv\u0117","item":"https:\/\/kidsplay.lt\/parduotuve\/"},{"@type":"ListItem","position":3,"name":"WOOPIE ROYAL l\u0117li\u0173 ve\u017eim\u0117lis su spalvingomis \u0161irdel\u0117mis"}]},{"@type":"WebSite","@id":"https:\/\/kidsplay.lt\/#website","url":"https:\/\/kidsplay.lt\/","name":"B\u0113rnu sp\u0113les.lv","description":"\u012evairios prek\u0117s vaikams","publisher":{"@id":"https:\/\/kidsplay.lt\/#organization"},"alternateName":"Kidsplay","potentialAction":[{"@type":"SearchAction","target":{"@type":"EntryPoint","urlTemplate":"https:\/\/kidsplay.lt\/?s={search_term_string}"},"query-input":{"@type":"PropertyValueSpecification","valueRequired":true,"valueName":"search_term_string"}}],"inLanguage":"lv-LV"},{"@type":"Organization","@id":"https:\/\/kidsplay.lt\/#organization","name":"B\u0113rnu sp\u0113le","url":"https:\/\/kidsplay.lt\/","logo":{"@type":"ImageObject","inLanguage":"lv-LV","@id":"https:\/\/kidsplay.lt\/#\/schema\/logo\/image\/","url":"https:\/\/kidsplay.lt\/wp-content\/uploads\/2023\/07\/kidsplay-logo.png","contentUrl":"https:\/\/kidsplay.lt\/wp-content\/uploads\/2023\/07\/kidsplay-logo.png","width":451,"height":98,"caption":"KidsPlay"},"image":{"@id":"https:\/\/kidsplay.lt\/#\/schema\/logo\/image\/"},"sameAs":["https:\/\/www.facebook.com\/www.kidsplay.lt"]}]}},"_links":{"self":[{"href":"https:\/\/kidsplay.lt\/lv\/wp-json\/wp\/v2\/product\/89356","targetHints":{"allow":["GET"]}}],"collection":[{"href":"https:\/\/kidsplay.lt\/lv\/wp-json\/wp\/v2\/product"}],"about":[{"href":"https:\/\/kidsplay.lt\/lv\/wp-json\/wp\/v2\/types\/product"}],"version-history":[{"count":1,"href":"https:\/\/kidsplay.lt\/lv\/wp-json\/wp\/v2\/product\/89356\/revisions"}],"predecessor-version":[{"id":89357,"href":"https:\/\/kidsplay.lt\/lv\/wp-json\/wp\/v2\/product\/89356\/revisions\/89357"}],"wp:featuredmedia":[{"embeddable":true,"href":"https:\/\/kidsplay.lt\/lv\/wp-json\/wp\/v2\/media\/62939"}],"wp:attachment":[{"href":"https:\/\/kidsplay.lt\/lv\/wp-json\/wp\/v2\/media?parent=89356"}],"wp:term":[{"taxonomy":"product_brand","embeddable":true,"href":"https:\/\/kidsplay.lt\/lv\/wp-json\/wp\/v2\/product_brand?post=89356"},{"taxonomy":"product_cat","embeddable":true,"href":"https:\/\/kidsplay.lt\/lv\/wp-json\/wp\/v2\/product_cat?post=89356"},{"taxonomy":"product_tag","embeddable":true,"href":"https:\/\/kidsplay.lt\/lv\/wp-json\/wp\/v2\/product_tag?post=89356"}],"curies":[{"name":"wp","href":"https:\/\/api.w.org\/{rel}","templated":true}]}}