{"id":89358,"date":"2026-02-26T09:14:36","date_gmt":"2026-02-26T07:14:36","guid":{"rendered":"https:\/\/kidsplay.lt\/produktas\/falk-traktorius-su-priekaba-ir-kausu\/"},"modified":"2026-04-07T10:28:36","modified_gmt":"2026-04-07T07:28:36","slug":"falk-traktorius-su-priekaba-ir-kausu","status":"publish","type":"product","link":"https:\/\/kidsplay.lt\/lv\/products\/falk-traktorius-su-priekaba-ir-kausu\/","title":{"rendered":"Falk traktorius su priekaba ir kau\u0161u"},"content":{"rendered":"<p>Pedalinis traktorius su priekaba ir priekiniu kau\u0161u\u00a0\u00a0CLAAS\u00a0\u00a0i\u0161\u00a0\u00a0FALK\u00a0yra daugelio jauno traktorininko svajon\u0117s i\u0161sipildymas.\u00a0Pagaminta kruop\u0161\u010diai\u00a0, atkreipiant\u00a0d\u0117mes\u012f\u00a0\u012f\u00a0smulkiausias detales\u00a0! Joks\u00a0\u016akininkas\u00a0tokio \u017emogaus nepaniekint\u0173. Transporto priemon\u0117 pagaminta i\u0161\u00a0auk\u0161\u010diausios kokyb\u0117s med\u017eiagos,\u00a0skirta vaikams\u00a0nuo 2 met\u0173 am\u017eiaus\u00a0.\u00a0Komplekto ilgis: 162 cm\u00a0. Transporto priemon\u0117je yra\u00a0priekinis kau\u0161as, nuimama priekaba\u00a0su skydais ir\u00a0vairas su garso signalu\u00a0.\u00a0Traktoriaus ratai pagaminti i\u0161 auk\u0161tos kokyb\u0117s plastiko.<\/p>\n<p>Charakteristika:<\/p>\n<p> \t&#8211; vaikams\u00a0nuo 2 met\u0173 am\u017eiaus\u00a0,<br \/>\n \t&#8211;\u00a0\u00a0maksimali apkrova iki\u00a030 kg,<br \/>\n \t&#8211;\u00a0garsinis signalas\u00a0ant vairo,<br \/>\n \t&#8211;\u00a0grandinin\u0117 pavara\u00a0iki galin\u0117s a\u0161ies,<br \/>\n \t&#8211; nuimama\u00a0CLAAS priekaba,<br \/>\n \t&#8211;\u00a0vairuojama priekin\u0117 a\u0161is,<br \/>\n \t&#8211;\u00a0priekinis kilnojamas kibiras\u00a0,<br \/>\n \t&#8211; ratai pagaminti i\u0161\u00a0auk\u0161tos kokyb\u0117s plastiko,<br \/>\n \t&#8211; stabilus ir saugus,<br \/>\n \t&#8211; gaminiui reikalingas dalinis surinkimas.<\/p>\n<p>\u201eFalk\u201c\u00a0\u00a0yra pirmaujanti Europos auk\u0161tos kokyb\u0117s pedalini\u0173 transporto priemoni\u0173 gamintoja. \u012emon\u0117s pasi\u016bloje \u2013 traktoriai, licencijuoti i\u0161 toki\u0173 marki\u0173 kaip\u00a0Claas, Renault, McCormick, Kubota, Case IH\u00a0ir kt. Visos transporto priemon\u0117s yra pagamintos Pranc\u016bzijoje i\u0161 auk\u0161tos kokyb\u0117s med\u017eiag\u0173.<\/p>","protected":false},"excerpt":{"rendered":"<p>Pedalinis traktorius su priekaba ir priekiniu kau\u0161u\u00a0\u00a0CLAAS\u00a0\u00a0i\u0161\u00a0\u00a0FALK\u00a0yra daugelio jauno traktorininko svajon\u0117s i\u0161sipildymas.\u00a0Pagaminta kruop\u0161\u010diai\u00a0, atkreipiant\u00a0d\u0117mes\u012f\u00a0\u012f\u00a0smulkiausias detales\u00a0! Joks\u00a0\u016akininkas\u00a0tokio \u017emogaus nepaniekint\u0173. Transporto priemon\u0117<\/p>","protected":false},"featured_media":60466,"template":"","meta":{"_acf_changed":false,"_glsr_average":0,"_glsr_ranking":0,"_glsr_reviews":0},"product_brand":[],"product_cat":[237,393],"product_tag":[],"class_list":{"0":"post-89358","1":"product","2":"type-product","3":"status-publish","4":"has-post-thumbnail","6":"product_cat-judejimo-priemones","7":"product_cat-zaisliniai-traktoriai","8":"\"style=\"background-color: #2ecc711c;\"","10":"first","11":"instock","12":"purchasable","13":"product-type-simple"},"acf":[],"yoast_head":"<!-- This site is optimized with the Yoast SEO plugin v27.3 - https:\/\/yoast.com\/product\/yoast-seo-wordpress\/ -->\n<title>Falk traktorius su priekaba ir kau\u0161u<\/title>\n<meta name=\"description\" content=\"Falk traktorius su priekaba ir kau\u0161u - KidsPlay. Did\u017eiausias vaik\u0173 \u017eaisl\u0173 pasirinkimas.\" \/>\n<meta name=\"robots\" content=\"index, follow, max-snippet:-1, max-image-preview:large, max-video-preview:-1\" \/>\n<link rel=\"canonical\" href=\"https:\/\/kidsplay.lt\/lv\/products\/falk-traktorius-su-priekaba-ir-kausu\/\" \/>\n<meta property=\"og:locale\" content=\"lv_LV\" \/>\n<meta property=\"og:type\" content=\"article\" \/>\n<meta property=\"og:title\" content=\"Falk traktorius su priekaba ir kau\u0161u\" \/>\n<meta property=\"og:description\" content=\"Falk traktorius su priekaba ir kau\u0161u - KidsPlay. Did\u017eiausias vaik\u0173 \u017eaisl\u0173 pasirinkimas.\" \/>\n<meta property=\"og:url\" content=\"https:\/\/kidsplay.lt\/lv\/products\/falk-traktorius-su-priekaba-ir-kausu\/\" \/>\n<meta property=\"og:site_name\" content=\"KidsPlay\" \/>\n<meta property=\"article:publisher\" content=\"https:\/\/www.facebook.com\/www.kidsplay.lt\" \/>\n<meta property=\"article:modified_time\" content=\"2026-04-07T07:28:36+00:00\" \/>\n<meta property=\"og:image\" content=\"https:\/\/kidsplay.lt\/wp-content\/uploads\/2025\/03\/Falk-traktorius-su-priekaba-ir-kausu.jpg\" \/>\n\t<meta property=\"og:image:width\" content=\"1100\" \/>\n\t<meta property=\"og:image:height\" content=\"1100\" \/>\n\t<meta property=\"og:image:type\" content=\"image\/jpeg\" \/>\n<meta name=\"twitter:card\" content=\"summary_large_image\" \/>\n<meta name=\"twitter:label1\" content=\"Est. reading time\" \/>\n\t<meta name=\"twitter:data1\" content=\"1 min\u016bte\" \/>\n<script type=\"application\/ld+json\" class=\"yoast-schema-graph\">{\"@context\":\"https:\\\/\\\/schema.org\",\"@graph\":[{\"@type\":\"WebPage\",\"@id\":\"https:\\\/\\\/kidsplay.lt\\\/produktas\\\/falk-traktorius-su-priekaba-ir-kausu\\\/\",\"url\":\"https:\\\/\\\/kidsplay.lt\\\/produktas\\\/falk-traktorius-su-priekaba-ir-kausu\\\/\",\"name\":\"Falk traktorius su priekaba ir kau\u0161u\",\"isPartOf\":{\"@id\":\"https:\\\/\\\/kidsplay.lt\\\/#website\"},\"primaryImageOfPage\":{\"@id\":\"https:\\\/\\\/kidsplay.lt\\\/produktas\\\/falk-traktorius-su-priekaba-ir-kausu\\\/#primaryimage\"},\"image\":{\"@id\":\"https:\\\/\\\/kidsplay.lt\\\/produktas\\\/falk-traktorius-su-priekaba-ir-kausu\\\/#primaryimage\"},\"thumbnailUrl\":\"https:\\\/\\\/kidsplay.lt\\\/wp-content\\\/uploads\\\/2025\\\/03\\\/Falk-traktorius-su-priekaba-ir-kausu.jpg\",\"datePublished\":\"2026-02-26T07:14:36+00:00\",\"dateModified\":\"2026-04-07T07:28:36+00:00\",\"description\":\"Falk traktorius su priekaba ir kau\u0161u - KidsPlay. Did\u017eiausias vaik\u0173 \u017eaisl\u0173 pasirinkimas.\",\"breadcrumb\":{\"@id\":\"https:\\\/\\\/kidsplay.lt\\\/produktas\\\/falk-traktorius-su-priekaba-ir-kausu\\\/#breadcrumb\"},\"inLanguage\":\"lv-LV\",\"potentialAction\":[{\"@type\":\"ReadAction\",\"target\":[\"https:\\\/\\\/kidsplay.lt\\\/produktas\\\/falk-traktorius-su-priekaba-ir-kausu\\\/\"]}]},{\"@type\":\"ImageObject\",\"inLanguage\":\"lv-LV\",\"@id\":\"https:\\\/\\\/kidsplay.lt\\\/produktas\\\/falk-traktorius-su-priekaba-ir-kausu\\\/#primaryimage\",\"url\":\"https:\\\/\\\/kidsplay.lt\\\/wp-content\\\/uploads\\\/2025\\\/03\\\/Falk-traktorius-su-priekaba-ir-kausu.jpg\",\"contentUrl\":\"https:\\\/\\\/kidsplay.lt\\\/wp-content\\\/uploads\\\/2025\\\/03\\\/Falk-traktorius-su-priekaba-ir-kausu.jpg\",\"width\":1100,\"height\":1100,\"caption\":\"Falk traktorius su priekaba ir kau\u0161u\"},{\"@type\":\"BreadcrumbList\",\"@id\":\"https:\\\/\\\/kidsplay.lt\\\/produktas\\\/falk-traktorius-su-priekaba-ir-kausu\\\/#breadcrumb\",\"itemListElement\":[{\"@type\":\"ListItem\",\"position\":1,\"name\":\"Pagrindinis\",\"item\":\"https:\\\/\\\/kidsplay.lt\\\/\"},{\"@type\":\"ListItem\",\"position\":2,\"name\":\"Parduotuv\u0117\",\"item\":\"https:\\\/\\\/kidsplay.lt\\\/parduotuve\\\/\"},{\"@type\":\"ListItem\",\"position\":3,\"name\":\"Falk traktorius su priekaba ir kau\u0161u\"}]},{\"@type\":\"WebSite\",\"@id\":\"https:\\\/\\\/kidsplay.lt\\\/#website\",\"url\":\"https:\\\/\\\/kidsplay.lt\\\/\",\"name\":\"Kidsplay.lt\",\"description\":\"\u012evairios prek\u0117s vaikams\",\"publisher\":{\"@id\":\"https:\\\/\\\/kidsplay.lt\\\/#organization\"},\"alternateName\":\"Kidsplay\",\"potentialAction\":[{\"@type\":\"SearchAction\",\"target\":{\"@type\":\"EntryPoint\",\"urlTemplate\":\"https:\\\/\\\/kidsplay.lt\\\/?s={search_term_string}\"},\"query-input\":{\"@type\":\"PropertyValueSpecification\",\"valueRequired\":true,\"valueName\":\"search_term_string\"}}],\"inLanguage\":\"lv-LV\"},{\"@type\":\"Organization\",\"@id\":\"https:\\\/\\\/kidsplay.lt\\\/#organization\",\"name\":\"KidsPlay\",\"url\":\"https:\\\/\\\/kidsplay.lt\\\/\",\"logo\":{\"@type\":\"ImageObject\",\"inLanguage\":\"lv-LV\",\"@id\":\"https:\\\/\\\/kidsplay.lt\\\/#\\\/schema\\\/logo\\\/image\\\/\",\"url\":\"https:\\\/\\\/kidsplay.lt\\\/wp-content\\\/uploads\\\/2023\\\/07\\\/kidsplay-logo.png\",\"contentUrl\":\"https:\\\/\\\/kidsplay.lt\\\/wp-content\\\/uploads\\\/2023\\\/07\\\/kidsplay-logo.png\",\"width\":451,\"height\":98,\"caption\":\"KidsPlay\"},\"image\":{\"@id\":\"https:\\\/\\\/kidsplay.lt\\\/#\\\/schema\\\/logo\\\/image\\\/\"},\"sameAs\":[\"https:\\\/\\\/www.facebook.com\\\/www.kidsplay.lt\"]}]}<\/script>\n<!-- \/ Yoast SEO plugin. -->","yoast_head_json":{"title":"Falk traktorius su priekaba ir kau\u0161u","description":"Falk traktorius su priekaba ir kau\u0161u - KidsPlay. Did\u017eiausias vaik\u0173 \u017eaisl\u0173 pasirinkimas.","robots":{"index":"index","follow":"follow","max-snippet":"max-snippet:-1","max-image-preview":"max-image-preview:large","max-video-preview":"max-video-preview:-1"},"canonical":"https:\/\/kidsplay.lt\/lv\/products\/falk-traktorius-su-priekaba-ir-kausu\/","og_locale":"lv_LV","og_type":"article","og_title":"Falk traktorius su priekaba ir kau\u0161u","og_description":"Falk traktorius su priekaba ir kau\u0161u - KidsPlay. Did\u017eiausias vaik\u0173 \u017eaisl\u0173 pasirinkimas.","og_url":"https:\/\/kidsplay.lt\/lv\/products\/falk-traktorius-su-priekaba-ir-kausu\/","og_site_name":"KidsPlay","article_publisher":"https:\/\/www.facebook.com\/www.kidsplay.lt","article_modified_time":"2026-04-07T07:28:36+00:00","og_image":[{"width":1100,"height":1100,"url":"https:\/\/kidsplay.lt\/wp-content\/uploads\/2025\/03\/Falk-traktorius-su-priekaba-ir-kausu.jpg","type":"image\/jpeg"}],"twitter_card":"summary_large_image","twitter_misc":{"Est. reading time":"1 min\u016bte"},"schema":{"@context":"https:\/\/schema.org","@graph":[{"@type":"WebPage","@id":"https:\/\/kidsplay.lt\/produktas\/falk-traktorius-su-priekaba-ir-kausu\/","url":"https:\/\/kidsplay.lt\/produktas\/falk-traktorius-su-priekaba-ir-kausu\/","name":"Falk traktorius su priekaba ir kau\u0161u","isPartOf":{"@id":"https:\/\/kidsplay.lt\/#website"},"primaryImageOfPage":{"@id":"https:\/\/kidsplay.lt\/produktas\/falk-traktorius-su-priekaba-ir-kausu\/#primaryimage"},"image":{"@id":"https:\/\/kidsplay.lt\/produktas\/falk-traktorius-su-priekaba-ir-kausu\/#primaryimage"},"thumbnailUrl":"https:\/\/kidsplay.lt\/wp-content\/uploads\/2025\/03\/Falk-traktorius-su-priekaba-ir-kausu.jpg","datePublished":"2026-02-26T07:14:36+00:00","dateModified":"2026-04-07T07:28:36+00:00","description":"Falk traktorius su priekaba ir kau\u0161u - KidsPlay. Did\u017eiausias vaik\u0173 \u017eaisl\u0173 pasirinkimas.","breadcrumb":{"@id":"https:\/\/kidsplay.lt\/produktas\/falk-traktorius-su-priekaba-ir-kausu\/#breadcrumb"},"inLanguage":"lv-LV","potentialAction":[{"@type":"ReadAction","target":["https:\/\/kidsplay.lt\/produktas\/falk-traktorius-su-priekaba-ir-kausu\/"]}]},{"@type":"ImageObject","inLanguage":"lv-LV","@id":"https:\/\/kidsplay.lt\/produktas\/falk-traktorius-su-priekaba-ir-kausu\/#primaryimage","url":"https:\/\/kidsplay.lt\/wp-content\/uploads\/2025\/03\/Falk-traktorius-su-priekaba-ir-kausu.jpg","contentUrl":"https:\/\/kidsplay.lt\/wp-content\/uploads\/2025\/03\/Falk-traktorius-su-priekaba-ir-kausu.jpg","width":1100,"height":1100,"caption":"Falk traktorius su priekaba ir kau\u0161u"},{"@type":"BreadcrumbList","@id":"https:\/\/kidsplay.lt\/produktas\/falk-traktorius-su-priekaba-ir-kausu\/#breadcrumb","itemListElement":[{"@type":"ListItem","position":1,"name":"Pagrindinis","item":"https:\/\/kidsplay.lt\/"},{"@type":"ListItem","position":2,"name":"Parduotuv\u0117","item":"https:\/\/kidsplay.lt\/parduotuve\/"},{"@type":"ListItem","position":3,"name":"Falk traktorius su priekaba ir kau\u0161u"}]},{"@type":"WebSite","@id":"https:\/\/kidsplay.lt\/#website","url":"https:\/\/kidsplay.lt\/","name":"B\u0113rnu sp\u0113les.lv","description":"\u012evairios prek\u0117s vaikams","publisher":{"@id":"https:\/\/kidsplay.lt\/#organization"},"alternateName":"Kidsplay","potentialAction":[{"@type":"SearchAction","target":{"@type":"EntryPoint","urlTemplate":"https:\/\/kidsplay.lt\/?s={search_term_string}"},"query-input":{"@type":"PropertyValueSpecification","valueRequired":true,"valueName":"search_term_string"}}],"inLanguage":"lv-LV"},{"@type":"Organization","@id":"https:\/\/kidsplay.lt\/#organization","name":"B\u0113rnu sp\u0113le","url":"https:\/\/kidsplay.lt\/","logo":{"@type":"ImageObject","inLanguage":"lv-LV","@id":"https:\/\/kidsplay.lt\/#\/schema\/logo\/image\/","url":"https:\/\/kidsplay.lt\/wp-content\/uploads\/2023\/07\/kidsplay-logo.png","contentUrl":"https:\/\/kidsplay.lt\/wp-content\/uploads\/2023\/07\/kidsplay-logo.png","width":451,"height":98,"caption":"KidsPlay"},"image":{"@id":"https:\/\/kidsplay.lt\/#\/schema\/logo\/image\/"},"sameAs":["https:\/\/www.facebook.com\/www.kidsplay.lt"]}]}},"_links":{"self":[{"href":"https:\/\/kidsplay.lt\/lv\/wp-json\/wp\/v2\/product\/89358","targetHints":{"allow":["GET"]}}],"collection":[{"href":"https:\/\/kidsplay.lt\/lv\/wp-json\/wp\/v2\/product"}],"about":[{"href":"https:\/\/kidsplay.lt\/lv\/wp-json\/wp\/v2\/types\/product"}],"version-history":[{"count":1,"href":"https:\/\/kidsplay.lt\/lv\/wp-json\/wp\/v2\/product\/89358\/revisions"}],"predecessor-version":[{"id":89359,"href":"https:\/\/kidsplay.lt\/lv\/wp-json\/wp\/v2\/product\/89358\/revisions\/89359"}],"wp:featuredmedia":[{"embeddable":true,"href":"https:\/\/kidsplay.lt\/lv\/wp-json\/wp\/v2\/media\/60466"}],"wp:attachment":[{"href":"https:\/\/kidsplay.lt\/lv\/wp-json\/wp\/v2\/media?parent=89358"}],"wp:term":[{"taxonomy":"product_brand","embeddable":true,"href":"https:\/\/kidsplay.lt\/lv\/wp-json\/wp\/v2\/product_brand?post=89358"},{"taxonomy":"product_cat","embeddable":true,"href":"https:\/\/kidsplay.lt\/lv\/wp-json\/wp\/v2\/product_cat?post=89358"},{"taxonomy":"product_tag","embeddable":true,"href":"https:\/\/kidsplay.lt\/lv\/wp-json\/wp\/v2\/product_tag?post=89358"}],"curies":[{"name":"wp","href":"https:\/\/api.w.org\/{rel}","templated":true}]}}