{"id":89360,"date":"2026-02-26T09:14:38","date_gmt":"2026-02-26T07:14:38","guid":{"rendered":"https:\/\/kidsplay.lt\/produktas\/masterkidz-skaiciu-ir-simboliu-rinkinys-stem-sieninems-plokstems-mokytis-skaiciavimo-ir-matematikos-82-vnt\/"},"modified":"2026-04-07T10:28:39","modified_gmt":"2026-04-07T07:28:39","slug":"masterkidz-skaiciu-ir-simboliu-rinkinys-stem-sieninems-plokstems-mokytis-skaiciavimo-ir-matematikos-82-vnt","status":"publish","type":"product","link":"https:\/\/kidsplay.lt\/lv\/products\/masterkidz-skaiciu-ir-simboliu-rinkinys-stem-sieninems-plokstems-mokytis-skaiciavimo-ir-matematikos-82-vnt\/","title":{"rendered":"MASTERKIDZ skai\u010di\u0173 ir simboli\u0173 rinkinys STEM sienin\u0117ms plok\u0161t\u0117ms mokytis skai\u010diavimo ir matematikos, 82 vnt."},"content":{"rendered":"<p>82 dali\u0173 skai\u010diavimo mokymosi rinkinys\u00a0yra puiki priemon\u0117 vaikams mokytis matematikos. Jame yra 40 skai\u010di\u0173, matematiniai simboliai ir lygtys, leid\u017eian\u010dios atlikti paprastus aritmetinius veiksmus. Dalys yra pakankamai didel\u0117s, kad jas b\u016bt\u0173 lengva laikyti ir pad\u0117ti, o j\u0173 violetin\u0117 spalva traukia d\u0117mes\u012f. Rinkinys puikiai telpa \u012f STEM sienas. Jis padeda jiems i\u0161mokti skai\u010diuoti, suprasti skai\u010dius ir atlikti pagrindinius matematikos veiksmus, tokius kaip sud\u0117tis, atimtis, daugyba ir dalyba. Tai puiki priemon\u0117, padedanti lavinti jaun\u0173 mokini\u0173 matematikos \u012fg\u016bd\u017eius.<\/p>\n<p>Rakstur\u012bgs:<\/p>\n<p> \t&#8211; Detal\u0117s yra tinkamo dyd\u017eio ma\u017eoms rankyt\u0117ms ir tinka ant bet kokios STEM sienos ar pavir\u0161iaus.<br \/>\n \t&#8211; Idealiai tinka kaip priemon\u0117 sustiprinti skai\u010diavim\u0105, de\u0161imtainius skai\u010dius,<br \/>\n \t&#8211; Idealiai tinka naudoti paprastoms skai\u010di\u0173 operacijoms \u2013 daugybai, dalybai, sud\u0117tiei ir atim\u010diai.<\/p>\n<p>Komplekt\u0101 ietilpst:<\/p>\n<p> \t&#8211; 40 skai\u010di\u0173 (4 rinkiniai nuo 0 iki 9)<br \/>\n \t&#8211; 4 veiksm\u0173 simboli\u0173 rinkiniai (+, -, xi \/)<br \/>\n \t&#8211; 8 x lygyb\u0117s simbolis (=)<br \/>\n \t&#8211; 6 tablet\u0117s<br \/>\n \t&#8211; 12 var\u017et\u0173<\/p>\n<p>Pastaba: tai lent\u0173 ir stal\u0173 pried\u0173 rinkinys. Nuotraukose pavaizduotos lentos ir stalai\u00a0yra tik iliustraciniai ir gali b\u016bti \u012fsigyti atskirai.<\/p>\n<p>Rinkinys tinka tokioms plok\u0161t\u0117ms kaip: ME25111; ME15365; ME11343.<\/p>","protected":false},"excerpt":{"rendered":"<p>82 dali\u0173 skai\u010diavimo mokymosi rinkinys\u00a0yra puiki priemon\u0117 vaikams mokytis matematikos. Jame yra 40 skai\u010di\u0173, matematiniai simboliai ir lygtys, leid\u017eian\u010dios atlikti<\/p>","protected":false},"featured_media":62949,"template":"","meta":{"_acf_changed":false,"_glsr_average":0,"_glsr_ranking":0,"_glsr_reviews":0},"product_brand":[],"product_cat":[673,229],"product_tag":[],"class_list":{"0":"post-89360","1":"product","2":"type-product","3":"status-publish","4":"has-post-thumbnail","6":"product_cat-ugdomosios-priemones","7":"product_cat-zaislai-vaikams","8":"\"style=\"background-color: #2ecc711c;\"","10":"first","11":"instock","12":"purchasable","13":"product-type-simple"},"acf":[],"yoast_head":"<!-- This site is optimized with the Yoast SEO plugin v27.3 - https:\/\/yoast.com\/product\/yoast-seo-wordpress\/ -->\n<title>MASTERKIDZ skai\u010di\u0173 ir simboli\u0173 rinkinys STEM sienin\u0117ms plok\u0161t\u0117ms mokytis skai\u010diavimo ir matematikos, 82 vnt.<\/title>\n<meta name=\"description\" content=\"MASTERKIDZ skai\u010di\u0173 ir simboli\u0173 rinkinys STEM sienin\u0117ms plok\u0161t\u0117ms mokytis skai\u010diavimo ir matematikos, 82 vnt. - KidsPlay. Did\u017eiausias vaik\u0173 \u017eaisl\u0173 pasirinkimas.\" \/>\n<meta name=\"robots\" content=\"index, follow, max-snippet:-1, max-image-preview:large, max-video-preview:-1\" \/>\n<link rel=\"canonical\" href=\"https:\/\/kidsplay.lt\/lv\/products\/masterkidz-skaiciu-ir-simboliu-rinkinys-stem-sieninems-plokstems-mokytis-skaiciavimo-ir-matematikos-82-vnt\/\" \/>\n<meta property=\"og:locale\" content=\"lv_LV\" \/>\n<meta property=\"og:type\" content=\"article\" \/>\n<meta property=\"og:title\" content=\"MASTERKIDZ skai\u010di\u0173 ir simboli\u0173 rinkinys STEM sienin\u0117ms plok\u0161t\u0117ms mokytis skai\u010diavimo ir matematikos, 82 vnt.\" \/>\n<meta property=\"og:description\" content=\"MASTERKIDZ skai\u010di\u0173 ir simboli\u0173 rinkinys STEM sienin\u0117ms plok\u0161t\u0117ms mokytis skai\u010diavimo ir matematikos, 82 vnt. - KidsPlay. Did\u017eiausias vaik\u0173 \u017eaisl\u0173 pasirinkimas.\" \/>\n<meta property=\"og:url\" content=\"https:\/\/kidsplay.lt\/lv\/products\/masterkidz-skaiciu-ir-simboliu-rinkinys-stem-sieninems-plokstems-mokytis-skaiciavimo-ir-matematikos-82-vnt\/\" \/>\n<meta property=\"og:site_name\" content=\"KidsPlay\" \/>\n<meta property=\"article:publisher\" content=\"https:\/\/www.facebook.com\/www.kidsplay.lt\" \/>\n<meta property=\"article:modified_time\" content=\"2026-04-07T07:28:39+00:00\" \/>\n<meta property=\"og:image\" content=\"https:\/\/kidsplay.lt\/wp-content\/uploads\/2025\/09\/MASTERKIDZ-skaiciu-ir-simboliu-rinkinys-STEM-sieninems-plokstems-mokytis-skaiciavimo-ir-matematikos-82-vnt.jpg\" \/>\n\t<meta property=\"og:image:width\" content=\"2500\" \/>\n\t<meta property=\"og:image:height\" content=\"2500\" \/>\n\t<meta property=\"og:image:type\" content=\"image\/jpeg\" \/>\n<meta name=\"twitter:card\" content=\"summary_large_image\" \/>\n<meta name=\"twitter:label1\" content=\"Est. reading time\" \/>\n\t<meta name=\"twitter:data1\" content=\"1 min\u016bte\" \/>\n<script type=\"application\/ld+json\" class=\"yoast-schema-graph\">{\"@context\":\"https:\\\/\\\/schema.org\",\"@graph\":[{\"@type\":\"WebPage\",\"@id\":\"https:\\\/\\\/kidsplay.lt\\\/produktas\\\/masterkidz-skaiciu-ir-simboliu-rinkinys-stem-sieninems-plokstems-mokytis-skaiciavimo-ir-matematikos-82-vnt\\\/\",\"url\":\"https:\\\/\\\/kidsplay.lt\\\/produktas\\\/masterkidz-skaiciu-ir-simboliu-rinkinys-stem-sieninems-plokstems-mokytis-skaiciavimo-ir-matematikos-82-vnt\\\/\",\"name\":\"MASTERKIDZ skai\u010di\u0173 ir simboli\u0173 rinkinys STEM sienin\u0117ms plok\u0161t\u0117ms mokytis skai\u010diavimo ir matematikos, 82 vnt.\",\"isPartOf\":{\"@id\":\"https:\\\/\\\/kidsplay.lt\\\/#website\"},\"primaryImageOfPage\":{\"@id\":\"https:\\\/\\\/kidsplay.lt\\\/produktas\\\/masterkidz-skaiciu-ir-simboliu-rinkinys-stem-sieninems-plokstems-mokytis-skaiciavimo-ir-matematikos-82-vnt\\\/#primaryimage\"},\"image\":{\"@id\":\"https:\\\/\\\/kidsplay.lt\\\/produktas\\\/masterkidz-skaiciu-ir-simboliu-rinkinys-stem-sieninems-plokstems-mokytis-skaiciavimo-ir-matematikos-82-vnt\\\/#primaryimage\"},\"thumbnailUrl\":\"https:\\\/\\\/kidsplay.lt\\\/wp-content\\\/uploads\\\/2025\\\/09\\\/MASTERKIDZ-skaiciu-ir-simboliu-rinkinys-STEM-sieninems-plokstems-mokytis-skaiciavimo-ir-matematikos-82-vnt.jpg\",\"datePublished\":\"2026-02-26T07:14:38+00:00\",\"dateModified\":\"2026-04-07T07:28:39+00:00\",\"description\":\"MASTERKIDZ skai\u010di\u0173 ir simboli\u0173 rinkinys STEM sienin\u0117ms plok\u0161t\u0117ms mokytis skai\u010diavimo ir matematikos, 82 vnt. - KidsPlay. Did\u017eiausias vaik\u0173 \u017eaisl\u0173 pasirinkimas.\",\"breadcrumb\":{\"@id\":\"https:\\\/\\\/kidsplay.lt\\\/produktas\\\/masterkidz-skaiciu-ir-simboliu-rinkinys-stem-sieninems-plokstems-mokytis-skaiciavimo-ir-matematikos-82-vnt\\\/#breadcrumb\"},\"inLanguage\":\"lv-LV\",\"potentialAction\":[{\"@type\":\"ReadAction\",\"target\":[\"https:\\\/\\\/kidsplay.lt\\\/produktas\\\/masterkidz-skaiciu-ir-simboliu-rinkinys-stem-sieninems-plokstems-mokytis-skaiciavimo-ir-matematikos-82-vnt\\\/\"]}]},{\"@type\":\"ImageObject\",\"inLanguage\":\"lv-LV\",\"@id\":\"https:\\\/\\\/kidsplay.lt\\\/produktas\\\/masterkidz-skaiciu-ir-simboliu-rinkinys-stem-sieninems-plokstems-mokytis-skaiciavimo-ir-matematikos-82-vnt\\\/#primaryimage\",\"url\":\"https:\\\/\\\/kidsplay.lt\\\/wp-content\\\/uploads\\\/2025\\\/09\\\/MASTERKIDZ-skaiciu-ir-simboliu-rinkinys-STEM-sieninems-plokstems-mokytis-skaiciavimo-ir-matematikos-82-vnt.jpg\",\"contentUrl\":\"https:\\\/\\\/kidsplay.lt\\\/wp-content\\\/uploads\\\/2025\\\/09\\\/MASTERKIDZ-skaiciu-ir-simboliu-rinkinys-STEM-sieninems-plokstems-mokytis-skaiciavimo-ir-matematikos-82-vnt.jpg\",\"width\":2500,\"height\":2500,\"caption\":\"MASTERKIDZ skai\u010di\u0173 ir simboli\u0173 rinkinys STEM sienin\u0117ms plok\u0161t\u0117ms mokytis skai\u010diavimo ir matematikos\"},{\"@type\":\"BreadcrumbList\",\"@id\":\"https:\\\/\\\/kidsplay.lt\\\/produktas\\\/masterkidz-skaiciu-ir-simboliu-rinkinys-stem-sieninems-plokstems-mokytis-skaiciavimo-ir-matematikos-82-vnt\\\/#breadcrumb\",\"itemListElement\":[{\"@type\":\"ListItem\",\"position\":1,\"name\":\"Pagrindinis\",\"item\":\"https:\\\/\\\/kidsplay.lt\\\/\"},{\"@type\":\"ListItem\",\"position\":2,\"name\":\"Parduotuv\u0117\",\"item\":\"https:\\\/\\\/kidsplay.lt\\\/parduotuve\\\/\"},{\"@type\":\"ListItem\",\"position\":3,\"name\":\"MASTERKIDZ skai\u010di\u0173 ir simboli\u0173 rinkinys STEM sienin\u0117ms plok\u0161t\u0117ms mokytis skai\u010diavimo ir matematikos, 82 vnt.\"}]},{\"@type\":\"WebSite\",\"@id\":\"https:\\\/\\\/kidsplay.lt\\\/#website\",\"url\":\"https:\\\/\\\/kidsplay.lt\\\/\",\"name\":\"Kidsplay.lt\",\"description\":\"\u012evairios prek\u0117s vaikams\",\"publisher\":{\"@id\":\"https:\\\/\\\/kidsplay.lt\\\/#organization\"},\"alternateName\":\"Kidsplay\",\"potentialAction\":[{\"@type\":\"SearchAction\",\"target\":{\"@type\":\"EntryPoint\",\"urlTemplate\":\"https:\\\/\\\/kidsplay.lt\\\/?s={search_term_string}\"},\"query-input\":{\"@type\":\"PropertyValueSpecification\",\"valueRequired\":true,\"valueName\":\"search_term_string\"}}],\"inLanguage\":\"lv-LV\"},{\"@type\":\"Organization\",\"@id\":\"https:\\\/\\\/kidsplay.lt\\\/#organization\",\"name\":\"KidsPlay\",\"url\":\"https:\\\/\\\/kidsplay.lt\\\/\",\"logo\":{\"@type\":\"ImageObject\",\"inLanguage\":\"lv-LV\",\"@id\":\"https:\\\/\\\/kidsplay.lt\\\/#\\\/schema\\\/logo\\\/image\\\/\",\"url\":\"https:\\\/\\\/kidsplay.lt\\\/wp-content\\\/uploads\\\/2023\\\/07\\\/kidsplay-logo.png\",\"contentUrl\":\"https:\\\/\\\/kidsplay.lt\\\/wp-content\\\/uploads\\\/2023\\\/07\\\/kidsplay-logo.png\",\"width\":451,\"height\":98,\"caption\":\"KidsPlay\"},\"image\":{\"@id\":\"https:\\\/\\\/kidsplay.lt\\\/#\\\/schema\\\/logo\\\/image\\\/\"},\"sameAs\":[\"https:\\\/\\\/www.facebook.com\\\/www.kidsplay.lt\"]}]}<\/script>\n<!-- \/ Yoast SEO plugin. -->","yoast_head_json":{"title":"MASTERKIDZ skai\u010di\u0173 ir simboli\u0173 rinkinys STEM sienin\u0117ms plok\u0161t\u0117ms mokytis skai\u010diavimo ir matematikos, 82 vnt.","description":"MASTERKIDZ skai\u010di\u0173 ir simboli\u0173 rinkinys STEM sienin\u0117ms plok\u0161t\u0117ms mokytis skai\u010diavimo ir matematikos, 82 vnt. - KidsPlay. Did\u017eiausias vaik\u0173 \u017eaisl\u0173 pasirinkimas.","robots":{"index":"index","follow":"follow","max-snippet":"max-snippet:-1","max-image-preview":"max-image-preview:large","max-video-preview":"max-video-preview:-1"},"canonical":"https:\/\/kidsplay.lt\/lv\/products\/masterkidz-skaiciu-ir-simboliu-rinkinys-stem-sieninems-plokstems-mokytis-skaiciavimo-ir-matematikos-82-vnt\/","og_locale":"lv_LV","og_type":"article","og_title":"MASTERKIDZ skai\u010di\u0173 ir simboli\u0173 rinkinys STEM sienin\u0117ms plok\u0161t\u0117ms mokytis skai\u010diavimo ir matematikos, 82 vnt.","og_description":"MASTERKIDZ skai\u010di\u0173 ir simboli\u0173 rinkinys STEM sienin\u0117ms plok\u0161t\u0117ms mokytis skai\u010diavimo ir matematikos, 82 vnt. - KidsPlay. Did\u017eiausias vaik\u0173 \u017eaisl\u0173 pasirinkimas.","og_url":"https:\/\/kidsplay.lt\/lv\/products\/masterkidz-skaiciu-ir-simboliu-rinkinys-stem-sieninems-plokstems-mokytis-skaiciavimo-ir-matematikos-82-vnt\/","og_site_name":"KidsPlay","article_publisher":"https:\/\/www.facebook.com\/www.kidsplay.lt","article_modified_time":"2026-04-07T07:28:39+00:00","og_image":[{"width":2500,"height":2500,"url":"https:\/\/kidsplay.lt\/wp-content\/uploads\/2025\/09\/MASTERKIDZ-skaiciu-ir-simboliu-rinkinys-STEM-sieninems-plokstems-mokytis-skaiciavimo-ir-matematikos-82-vnt.jpg","type":"image\/jpeg"}],"twitter_card":"summary_large_image","twitter_misc":{"Est. reading time":"1 min\u016bte"},"schema":{"@context":"https:\/\/schema.org","@graph":[{"@type":"WebPage","@id":"https:\/\/kidsplay.lt\/produktas\/masterkidz-skaiciu-ir-simboliu-rinkinys-stem-sieninems-plokstems-mokytis-skaiciavimo-ir-matematikos-82-vnt\/","url":"https:\/\/kidsplay.lt\/produktas\/masterkidz-skaiciu-ir-simboliu-rinkinys-stem-sieninems-plokstems-mokytis-skaiciavimo-ir-matematikos-82-vnt\/","name":"MASTERKIDZ skai\u010di\u0173 ir simboli\u0173 rinkinys STEM sienin\u0117ms plok\u0161t\u0117ms mokytis skai\u010diavimo ir matematikos, 82 vnt.","isPartOf":{"@id":"https:\/\/kidsplay.lt\/#website"},"primaryImageOfPage":{"@id":"https:\/\/kidsplay.lt\/produktas\/masterkidz-skaiciu-ir-simboliu-rinkinys-stem-sieninems-plokstems-mokytis-skaiciavimo-ir-matematikos-82-vnt\/#primaryimage"},"image":{"@id":"https:\/\/kidsplay.lt\/produktas\/masterkidz-skaiciu-ir-simboliu-rinkinys-stem-sieninems-plokstems-mokytis-skaiciavimo-ir-matematikos-82-vnt\/#primaryimage"},"thumbnailUrl":"https:\/\/kidsplay.lt\/wp-content\/uploads\/2025\/09\/MASTERKIDZ-skaiciu-ir-simboliu-rinkinys-STEM-sieninems-plokstems-mokytis-skaiciavimo-ir-matematikos-82-vnt.jpg","datePublished":"2026-02-26T07:14:38+00:00","dateModified":"2026-04-07T07:28:39+00:00","description":"MASTERKIDZ skai\u010di\u0173 ir simboli\u0173 rinkinys STEM sienin\u0117ms plok\u0161t\u0117ms mokytis skai\u010diavimo ir matematikos, 82 vnt. - KidsPlay. Did\u017eiausias vaik\u0173 \u017eaisl\u0173 pasirinkimas.","breadcrumb":{"@id":"https:\/\/kidsplay.lt\/produktas\/masterkidz-skaiciu-ir-simboliu-rinkinys-stem-sieninems-plokstems-mokytis-skaiciavimo-ir-matematikos-82-vnt\/#breadcrumb"},"inLanguage":"lv-LV","potentialAction":[{"@type":"ReadAction","target":["https:\/\/kidsplay.lt\/produktas\/masterkidz-skaiciu-ir-simboliu-rinkinys-stem-sieninems-plokstems-mokytis-skaiciavimo-ir-matematikos-82-vnt\/"]}]},{"@type":"ImageObject","inLanguage":"lv-LV","@id":"https:\/\/kidsplay.lt\/produktas\/masterkidz-skaiciu-ir-simboliu-rinkinys-stem-sieninems-plokstems-mokytis-skaiciavimo-ir-matematikos-82-vnt\/#primaryimage","url":"https:\/\/kidsplay.lt\/wp-content\/uploads\/2025\/09\/MASTERKIDZ-skaiciu-ir-simboliu-rinkinys-STEM-sieninems-plokstems-mokytis-skaiciavimo-ir-matematikos-82-vnt.jpg","contentUrl":"https:\/\/kidsplay.lt\/wp-content\/uploads\/2025\/09\/MASTERKIDZ-skaiciu-ir-simboliu-rinkinys-STEM-sieninems-plokstems-mokytis-skaiciavimo-ir-matematikos-82-vnt.jpg","width":2500,"height":2500,"caption":"MASTERKIDZ skai\u010di\u0173 ir simboli\u0173 rinkinys STEM sienin\u0117ms plok\u0161t\u0117ms mokytis skai\u010diavimo ir matematikos"},{"@type":"BreadcrumbList","@id":"https:\/\/kidsplay.lt\/produktas\/masterkidz-skaiciu-ir-simboliu-rinkinys-stem-sieninems-plokstems-mokytis-skaiciavimo-ir-matematikos-82-vnt\/#breadcrumb","itemListElement":[{"@type":"ListItem","position":1,"name":"Pagrindinis","item":"https:\/\/kidsplay.lt\/"},{"@type":"ListItem","position":2,"name":"Parduotuv\u0117","item":"https:\/\/kidsplay.lt\/parduotuve\/"},{"@type":"ListItem","position":3,"name":"MASTERKIDZ skai\u010di\u0173 ir simboli\u0173 rinkinys STEM sienin\u0117ms plok\u0161t\u0117ms mokytis skai\u010diavimo ir matematikos, 82 vnt."}]},{"@type":"WebSite","@id":"https:\/\/kidsplay.lt\/#website","url":"https:\/\/kidsplay.lt\/","name":"B\u0113rnu sp\u0113les.lv","description":"\u012evairios prek\u0117s vaikams","publisher":{"@id":"https:\/\/kidsplay.lt\/#organization"},"alternateName":"Kidsplay","potentialAction":[{"@type":"SearchAction","target":{"@type":"EntryPoint","urlTemplate":"https:\/\/kidsplay.lt\/?s={search_term_string}"},"query-input":{"@type":"PropertyValueSpecification","valueRequired":true,"valueName":"search_term_string"}}],"inLanguage":"lv-LV"},{"@type":"Organization","@id":"https:\/\/kidsplay.lt\/#organization","name":"B\u0113rnu sp\u0113le","url":"https:\/\/kidsplay.lt\/","logo":{"@type":"ImageObject","inLanguage":"lv-LV","@id":"https:\/\/kidsplay.lt\/#\/schema\/logo\/image\/","url":"https:\/\/kidsplay.lt\/wp-content\/uploads\/2023\/07\/kidsplay-logo.png","contentUrl":"https:\/\/kidsplay.lt\/wp-content\/uploads\/2023\/07\/kidsplay-logo.png","width":451,"height":98,"caption":"KidsPlay"},"image":{"@id":"https:\/\/kidsplay.lt\/#\/schema\/logo\/image\/"},"sameAs":["https:\/\/www.facebook.com\/www.kidsplay.lt"]}]}},"_links":{"self":[{"href":"https:\/\/kidsplay.lt\/lv\/wp-json\/wp\/v2\/product\/89360","targetHints":{"allow":["GET"]}}],"collection":[{"href":"https:\/\/kidsplay.lt\/lv\/wp-json\/wp\/v2\/product"}],"about":[{"href":"https:\/\/kidsplay.lt\/lv\/wp-json\/wp\/v2\/types\/product"}],"version-history":[{"count":1,"href":"https:\/\/kidsplay.lt\/lv\/wp-json\/wp\/v2\/product\/89360\/revisions"}],"predecessor-version":[{"id":89361,"href":"https:\/\/kidsplay.lt\/lv\/wp-json\/wp\/v2\/product\/89360\/revisions\/89361"}],"wp:featuredmedia":[{"embeddable":true,"href":"https:\/\/kidsplay.lt\/lv\/wp-json\/wp\/v2\/media\/62949"}],"wp:attachment":[{"href":"https:\/\/kidsplay.lt\/lv\/wp-json\/wp\/v2\/media?parent=89360"}],"wp:term":[{"taxonomy":"product_brand","embeddable":true,"href":"https:\/\/kidsplay.lt\/lv\/wp-json\/wp\/v2\/product_brand?post=89360"},{"taxonomy":"product_cat","embeddable":true,"href":"https:\/\/kidsplay.lt\/lv\/wp-json\/wp\/v2\/product_cat?post=89360"},{"taxonomy":"product_tag","embeddable":true,"href":"https:\/\/kidsplay.lt\/lv\/wp-json\/wp\/v2\/product_tag?post=89360"}],"curies":[{"name":"wp","href":"https:\/\/api.w.org\/{rel}","templated":true}]}}