{"id":89364,"date":"2026-02-26T09:14:43","date_gmt":"2026-02-26T07:14:43","guid":{"rendered":"https:\/\/kidsplay.lt\/produktas\/masterkidz-geometriniu-formu-kaladeliu-rinkinys-stem-sienu-plokstems-260-vnt\/"},"modified":"2026-04-13T14:50:28","modified_gmt":"2026-04-13T11:50:28","slug":"masterkidz-geometriniu-formu-kaladeliu-rinkinys-stem-sienu-plokstems-260-vnt","status":"publish","type":"product","link":"https:\/\/kidsplay.lt\/lv\/products\/masterkidz-geometriniu-formu-kaladeliu-rinkinys-stem-sienu-plokstems-260-vnt\/","title":{"rendered":"MASTERKIDZ \u0123eometrisko formu kluc\u012b\u0161u komplekts STEM sienas pane\u013ciem, 260 gab."},"content":{"rendered":"<p>\u0160is 260 detali\u0173\u00a0rinkinys\u00a0skirtas k\u016brybi\u0161kam konstravimui ir STEM mokymuisi\u00a0.\u00a0Jame yra \u012fvairi\u0173 form\u0173 (\u00a0kvadrat\u0173, trikampi\u0173, apskritim\u0173 ir pusapvali\u0173)\u00a0keturi\u0173 spalv\u0173 (\u00a0raudonos, \u017ealios, geltonos ir m\u0117lynos\u00a0), taip pat plok\u0161\u010dios tiesi\u0173 ir sta\u010diakampi\u0173 form\u0173 juostel\u0117s. Kiekviena detal\u0117 turi skylutes, leid\u017eian\u010dias\u00a0pritvirtinti j\u0105 prie pavir\u0161iaus var\u017etais\u00a0. Vaikai gali kurti projektus individualiai arba grup\u0117se, mokydamiesi planuoti, pasirinkti komponentus, prid\u0117ti detali\u0173 ir tobulinti savo k\u016brinius. Rinkinys lavina matematinius,\u00a0erdvinius\u00a0ir k\u016brybinius\u00a0\u012fg\u016bd\u017eius\u00a0,\u00a0skatindamas kurti simetri\u0161kus ir tikrovi\u0161kus modelius, tokius kaip g\u0117l\u0117s ir kitos strukt\u016bros. J\u012f galima naudoti \u012fvairiose aplinkose, pavyzd\u017eiui, STEM sienose,\u00a0staluose\u00a0ar\u00a0ve\u017eim\u0117liuose.<\/p>\n<p>Komplekt\u0101 ietilpst:<\/p>\n<p> \t&#8211;\u00a032 elementai\u00a02 spalv\u0173 ir 8 skirting\u0173 form\u0173.<br \/>\n \t&#8211;\u00a014 element\u0173\u00a04 spalv\u0173 ir 5 skirting\u0173 form\u0173.<br \/>\n \t&#8211;\u00a096 var\u017etai\u00a06 skirting\u0173 spalv\u0173<br \/>\n \t\u2013\u00a012 r\u0117m\u0117j\u0173<br \/>\n \t&#8211;\u00a040 kapsuli\u0173<br \/>\n \t&#8211;\u00a02 atsuktuvai<\/p>\n<p>Pastaba: tai lent\u0173 ir stal\u0173 pried\u0173 rinkinys. Nuotraukose pavaizduotos lentos ir stalai yra tik iliustraciniai ir gali b\u016bti \u012fsigyti atskirai.<\/p>\n<p>Rinkinys tinka tokioms plok\u0161t\u0117ms kaip\u00a0: ME25111; ME15365; ME11343.<\/p>","protected":false},"excerpt":{"rendered":"<p>\u0160is 260 detali\u0173\u00a0rinkinys\u00a0skirtas k\u016brybi\u0161kam konstravimui ir STEM mokymuisi\u00a0.\u00a0Jame yra \u012fvairi\u0173 form\u0173 (\u00a0kvadrat\u0173, trikampi\u0173, apskritim\u0173 ir pusapvali\u0173)\u00a0keturi\u0173 spalv\u0173 (\u00a0raudonos, \u017ealios, geltonos<\/p>","protected":false},"featured_media":62954,"template":"","meta":{"_acf_changed":false,"_glsr_average":0,"_glsr_ranking":0,"_glsr_reviews":0},"product_brand":[],"product_cat":[673,229],"product_tag":[],"class_list":{"0":"post-89364","1":"product","2":"type-product","3":"status-publish","4":"has-post-thumbnail","6":"product_cat-ugdomosios-priemones","7":"product_cat-zaislai-vaikams","8":"\"style=\"background-color: #2ecc711c;\"","10":"first","11":"instock","12":"purchasable","13":"product-type-simple"},"acf":[],"yoast_head":"<!-- This site is optimized with the Yoast SEO plugin v27.3 - https:\/\/yoast.com\/product\/yoast-seo-wordpress\/ -->\n<title>MASTERKIDZ geometrini\u0173 form\u0173 kalad\u0117li\u0173 rinkinys STEM sien\u0173 plok\u0161t\u0117ms, 260 vnt<\/title>\n<meta name=\"description\" content=\"MASTERKIDZ geometrini\u0173 form\u0173 kalad\u0117li\u0173 rinkinys STEM sien\u0173 plok\u0161t\u0117ms, 260 vnt - KidsPlay. Did\u017eiausias vaik\u0173 \u017eaisl\u0173 pasirinkimas.\" \/>\n<meta name=\"robots\" content=\"index, follow, max-snippet:-1, max-image-preview:large, max-video-preview:-1\" \/>\n<link rel=\"canonical\" href=\"https:\/\/kidsplay.lt\/lv\/products\/masterkidz-geometriniu-formu-kaladeliu-rinkinys-stem-sienu-plokstems-260-vnt\/\" \/>\n<meta property=\"og:locale\" content=\"lv_LV\" \/>\n<meta property=\"og:type\" content=\"article\" \/>\n<meta property=\"og:title\" content=\"MASTERKIDZ geometrini\u0173 form\u0173 kalad\u0117li\u0173 rinkinys STEM sien\u0173 plok\u0161t\u0117ms, 260 vnt\" \/>\n<meta property=\"og:description\" content=\"MASTERKIDZ geometrini\u0173 form\u0173 kalad\u0117li\u0173 rinkinys STEM sien\u0173 plok\u0161t\u0117ms, 260 vnt - KidsPlay. Did\u017eiausias vaik\u0173 \u017eaisl\u0173 pasirinkimas.\" \/>\n<meta property=\"og:url\" content=\"https:\/\/kidsplay.lt\/lv\/products\/masterkidz-geometriniu-formu-kaladeliu-rinkinys-stem-sienu-plokstems-260-vnt\/\" \/>\n<meta property=\"og:site_name\" content=\"KidsPlay\" \/>\n<meta property=\"article:publisher\" content=\"https:\/\/www.facebook.com\/www.kidsplay.lt\" \/>\n<meta property=\"article:modified_time\" content=\"2026-04-13T11:50:28+00:00\" \/>\n<meta property=\"og:image\" content=\"https:\/\/kidsplay.lt\/wp-content\/uploads\/2025\/09\/MASTERKIDZ-geometriniu-formu-kaladeliu-rinkinys-STEM-sienu-plokstems-260-vnt.jpg\" \/>\n\t<meta property=\"og:image:width\" content=\"1000\" \/>\n\t<meta property=\"og:image:height\" content=\"1000\" \/>\n\t<meta property=\"og:image:type\" content=\"image\/jpeg\" \/>\n<meta name=\"twitter:card\" content=\"summary_large_image\" \/>\n<meta name=\"twitter:label1\" content=\"Est. reading time\" \/>\n\t<meta name=\"twitter:data1\" content=\"1 min\u016bte\" \/>\n<script type=\"application\/ld+json\" class=\"yoast-schema-graph\">{\"@context\":\"https:\\\/\\\/schema.org\",\"@graph\":[{\"@type\":\"WebPage\",\"@id\":\"https:\\\/\\\/kidsplay.lt\\\/produktas\\\/masterkidz-geometriniu-formu-kaladeliu-rinkinys-stem-sienu-plokstems-260-vnt\\\/\",\"url\":\"https:\\\/\\\/kidsplay.lt\\\/produktas\\\/masterkidz-geometriniu-formu-kaladeliu-rinkinys-stem-sienu-plokstems-260-vnt\\\/\",\"name\":\"MASTERKIDZ geometrini\u0173 form\u0173 kalad\u0117li\u0173 rinkinys STEM sien\u0173 plok\u0161t\u0117ms, 260 vnt\",\"isPartOf\":{\"@id\":\"https:\\\/\\\/kidsplay.lt\\\/#website\"},\"primaryImageOfPage\":{\"@id\":\"https:\\\/\\\/kidsplay.lt\\\/produktas\\\/masterkidz-geometriniu-formu-kaladeliu-rinkinys-stem-sienu-plokstems-260-vnt\\\/#primaryimage\"},\"image\":{\"@id\":\"https:\\\/\\\/kidsplay.lt\\\/produktas\\\/masterkidz-geometriniu-formu-kaladeliu-rinkinys-stem-sienu-plokstems-260-vnt\\\/#primaryimage\"},\"thumbnailUrl\":\"https:\\\/\\\/kidsplay.lt\\\/wp-content\\\/uploads\\\/2025\\\/09\\\/MASTERKIDZ-geometriniu-formu-kaladeliu-rinkinys-STEM-sienu-plokstems-260-vnt.jpg\",\"datePublished\":\"2026-02-26T07:14:43+00:00\",\"dateModified\":\"2026-04-13T11:50:28+00:00\",\"description\":\"MASTERKIDZ geometrini\u0173 form\u0173 kalad\u0117li\u0173 rinkinys STEM sien\u0173 plok\u0161t\u0117ms, 260 vnt - KidsPlay. Did\u017eiausias vaik\u0173 \u017eaisl\u0173 pasirinkimas.\",\"breadcrumb\":{\"@id\":\"https:\\\/\\\/kidsplay.lt\\\/produktas\\\/masterkidz-geometriniu-formu-kaladeliu-rinkinys-stem-sienu-plokstems-260-vnt\\\/#breadcrumb\"},\"inLanguage\":\"lv-LV\",\"potentialAction\":[{\"@type\":\"ReadAction\",\"target\":[\"https:\\\/\\\/kidsplay.lt\\\/produktas\\\/masterkidz-geometriniu-formu-kaladeliu-rinkinys-stem-sienu-plokstems-260-vnt\\\/\"]}]},{\"@type\":\"ImageObject\",\"inLanguage\":\"lv-LV\",\"@id\":\"https:\\\/\\\/kidsplay.lt\\\/produktas\\\/masterkidz-geometriniu-formu-kaladeliu-rinkinys-stem-sienu-plokstems-260-vnt\\\/#primaryimage\",\"url\":\"https:\\\/\\\/kidsplay.lt\\\/wp-content\\\/uploads\\\/2025\\\/09\\\/MASTERKIDZ-geometriniu-formu-kaladeliu-rinkinys-STEM-sienu-plokstems-260-vnt.jpg\",\"contentUrl\":\"https:\\\/\\\/kidsplay.lt\\\/wp-content\\\/uploads\\\/2025\\\/09\\\/MASTERKIDZ-geometriniu-formu-kaladeliu-rinkinys-STEM-sienu-plokstems-260-vnt.jpg\",\"width\":1000,\"height\":1000,\"caption\":\"MASTERKIDZ geometrini\u0173 form\u0173 kalad\u0117li\u0173 rinkinys STEM sien\u0173 plok\u0161t\u0117ms\"},{\"@type\":\"BreadcrumbList\",\"@id\":\"https:\\\/\\\/kidsplay.lt\\\/produktas\\\/masterkidz-geometriniu-formu-kaladeliu-rinkinys-stem-sienu-plokstems-260-vnt\\\/#breadcrumb\",\"itemListElement\":[{\"@type\":\"ListItem\",\"position\":1,\"name\":\"Pagrindinis\",\"item\":\"https:\\\/\\\/kidsplay.lt\\\/\"},{\"@type\":\"ListItem\",\"position\":2,\"name\":\"Parduotuv\u0117\",\"item\":\"https:\\\/\\\/kidsplay.lt\\\/parduotuve\\\/\"},{\"@type\":\"ListItem\",\"position\":3,\"name\":\"MASTERKIDZ geometrini\u0173 form\u0173 kalad\u0117li\u0173 rinkinys STEM sien\u0173 plok\u0161t\u0117ms, 260 vnt\"}]},{\"@type\":\"WebSite\",\"@id\":\"https:\\\/\\\/kidsplay.lt\\\/#website\",\"url\":\"https:\\\/\\\/kidsplay.lt\\\/\",\"name\":\"Kidsplay.lt\",\"description\":\"\u012evairios prek\u0117s vaikams\",\"publisher\":{\"@id\":\"https:\\\/\\\/kidsplay.lt\\\/#organization\"},\"alternateName\":\"Kidsplay\",\"potentialAction\":[{\"@type\":\"SearchAction\",\"target\":{\"@type\":\"EntryPoint\",\"urlTemplate\":\"https:\\\/\\\/kidsplay.lt\\\/?s={search_term_string}\"},\"query-input\":{\"@type\":\"PropertyValueSpecification\",\"valueRequired\":true,\"valueName\":\"search_term_string\"}}],\"inLanguage\":\"lv-LV\"},{\"@type\":\"Organization\",\"@id\":\"https:\\\/\\\/kidsplay.lt\\\/#organization\",\"name\":\"KidsPlay\",\"url\":\"https:\\\/\\\/kidsplay.lt\\\/\",\"logo\":{\"@type\":\"ImageObject\",\"inLanguage\":\"lv-LV\",\"@id\":\"https:\\\/\\\/kidsplay.lt\\\/#\\\/schema\\\/logo\\\/image\\\/\",\"url\":\"https:\\\/\\\/kidsplay.lt\\\/wp-content\\\/uploads\\\/2023\\\/07\\\/kidsplay-logo.png\",\"contentUrl\":\"https:\\\/\\\/kidsplay.lt\\\/wp-content\\\/uploads\\\/2023\\\/07\\\/kidsplay-logo.png\",\"width\":451,\"height\":98,\"caption\":\"KidsPlay\"},\"image\":{\"@id\":\"https:\\\/\\\/kidsplay.lt\\\/#\\\/schema\\\/logo\\\/image\\\/\"},\"sameAs\":[\"https:\\\/\\\/www.facebook.com\\\/www.kidsplay.lt\"]}]}<\/script>\n<!-- \/ Yoast SEO plugin. -->","yoast_head_json":{"title":"MASTERKIDZ \u0123eometrisko formu kluc\u012b\u0161u komplekts STEM sienas pane\u013ciem, 260 gab.","description":"MASTERKIDZ geometrini\u0173 form\u0173 kalad\u0117li\u0173 rinkinys STEM sien\u0173 plok\u0161t\u0117ms, 260 vnt - KidsPlay. Did\u017eiausias vaik\u0173 \u017eaisl\u0173 pasirinkimas.","robots":{"index":"index","follow":"follow","max-snippet":"max-snippet:-1","max-image-preview":"max-image-preview:large","max-video-preview":"max-video-preview:-1"},"canonical":"https:\/\/kidsplay.lt\/lv\/products\/masterkidz-geometriniu-formu-kaladeliu-rinkinys-stem-sienu-plokstems-260-vnt\/","og_locale":"lv_LV","og_type":"article","og_title":"MASTERKIDZ geometrini\u0173 form\u0173 kalad\u0117li\u0173 rinkinys STEM sien\u0173 plok\u0161t\u0117ms, 260 vnt","og_description":"MASTERKIDZ geometrini\u0173 form\u0173 kalad\u0117li\u0173 rinkinys STEM sien\u0173 plok\u0161t\u0117ms, 260 vnt - KidsPlay. Did\u017eiausias vaik\u0173 \u017eaisl\u0173 pasirinkimas.","og_url":"https:\/\/kidsplay.lt\/lv\/products\/masterkidz-geometriniu-formu-kaladeliu-rinkinys-stem-sienu-plokstems-260-vnt\/","og_site_name":"KidsPlay","article_publisher":"https:\/\/www.facebook.com\/www.kidsplay.lt","article_modified_time":"2026-04-13T11:50:28+00:00","og_image":[{"width":1000,"height":1000,"url":"https:\/\/kidsplay.lt\/wp-content\/uploads\/2025\/09\/MASTERKIDZ-geometriniu-formu-kaladeliu-rinkinys-STEM-sienu-plokstems-260-vnt.jpg","type":"image\/jpeg"}],"twitter_card":"summary_large_image","twitter_misc":{"Est. reading time":"1 min\u016bte"},"schema":{"@context":"https:\/\/schema.org","@graph":[{"@type":"WebPage","@id":"https:\/\/kidsplay.lt\/produktas\/masterkidz-geometriniu-formu-kaladeliu-rinkinys-stem-sienu-plokstems-260-vnt\/","url":"https:\/\/kidsplay.lt\/produktas\/masterkidz-geometriniu-formu-kaladeliu-rinkinys-stem-sienu-plokstems-260-vnt\/","name":"MASTERKIDZ \u0123eometrisko formu kluc\u012b\u0161u komplekts STEM sienas pane\u013ciem, 260 gab.","isPartOf":{"@id":"https:\/\/kidsplay.lt\/#website"},"primaryImageOfPage":{"@id":"https:\/\/kidsplay.lt\/produktas\/masterkidz-geometriniu-formu-kaladeliu-rinkinys-stem-sienu-plokstems-260-vnt\/#primaryimage"},"image":{"@id":"https:\/\/kidsplay.lt\/produktas\/masterkidz-geometriniu-formu-kaladeliu-rinkinys-stem-sienu-plokstems-260-vnt\/#primaryimage"},"thumbnailUrl":"https:\/\/kidsplay.lt\/wp-content\/uploads\/2025\/09\/MASTERKIDZ-geometriniu-formu-kaladeliu-rinkinys-STEM-sienu-plokstems-260-vnt.jpg","datePublished":"2026-02-26T07:14:43+00:00","dateModified":"2026-04-13T11:50:28+00:00","description":"MASTERKIDZ geometrini\u0173 form\u0173 kalad\u0117li\u0173 rinkinys STEM sien\u0173 plok\u0161t\u0117ms, 260 vnt - KidsPlay. Did\u017eiausias vaik\u0173 \u017eaisl\u0173 pasirinkimas.","breadcrumb":{"@id":"https:\/\/kidsplay.lt\/produktas\/masterkidz-geometriniu-formu-kaladeliu-rinkinys-stem-sienu-plokstems-260-vnt\/#breadcrumb"},"inLanguage":"lv-LV","potentialAction":[{"@type":"ReadAction","target":["https:\/\/kidsplay.lt\/produktas\/masterkidz-geometriniu-formu-kaladeliu-rinkinys-stem-sienu-plokstems-260-vnt\/"]}]},{"@type":"ImageObject","inLanguage":"lv-LV","@id":"https:\/\/kidsplay.lt\/produktas\/masterkidz-geometriniu-formu-kaladeliu-rinkinys-stem-sienu-plokstems-260-vnt\/#primaryimage","url":"https:\/\/kidsplay.lt\/wp-content\/uploads\/2025\/09\/MASTERKIDZ-geometriniu-formu-kaladeliu-rinkinys-STEM-sienu-plokstems-260-vnt.jpg","contentUrl":"https:\/\/kidsplay.lt\/wp-content\/uploads\/2025\/09\/MASTERKIDZ-geometriniu-formu-kaladeliu-rinkinys-STEM-sienu-plokstems-260-vnt.jpg","width":1000,"height":1000,"caption":"MASTERKIDZ geometrini\u0173 form\u0173 kalad\u0117li\u0173 rinkinys STEM sien\u0173 plok\u0161t\u0117ms"},{"@type":"BreadcrumbList","@id":"https:\/\/kidsplay.lt\/produktas\/masterkidz-geometriniu-formu-kaladeliu-rinkinys-stem-sienu-plokstems-260-vnt\/#breadcrumb","itemListElement":[{"@type":"ListItem","position":1,"name":"Pagrindinis","item":"https:\/\/kidsplay.lt\/"},{"@type":"ListItem","position":2,"name":"Parduotuv\u0117","item":"https:\/\/kidsplay.lt\/parduotuve\/"},{"@type":"ListItem","position":3,"name":"MASTERKIDZ geometrini\u0173 form\u0173 kalad\u0117li\u0173 rinkinys STEM sien\u0173 plok\u0161t\u0117ms, 260 vnt"}]},{"@type":"WebSite","@id":"https:\/\/kidsplay.lt\/#website","url":"https:\/\/kidsplay.lt\/","name":"B\u0113rnu sp\u0113les.lv","description":"\u012evairios prek\u0117s vaikams","publisher":{"@id":"https:\/\/kidsplay.lt\/#organization"},"alternateName":"Kidsplay","potentialAction":[{"@type":"SearchAction","target":{"@type":"EntryPoint","urlTemplate":"https:\/\/kidsplay.lt\/?s={search_term_string}"},"query-input":{"@type":"PropertyValueSpecification","valueRequired":true,"valueName":"search_term_string"}}],"inLanguage":"lv-LV"},{"@type":"Organization","@id":"https:\/\/kidsplay.lt\/#organization","name":"B\u0113rnu sp\u0113le","url":"https:\/\/kidsplay.lt\/","logo":{"@type":"ImageObject","inLanguage":"lv-LV","@id":"https:\/\/kidsplay.lt\/#\/schema\/logo\/image\/","url":"https:\/\/kidsplay.lt\/wp-content\/uploads\/2023\/07\/kidsplay-logo.png","contentUrl":"https:\/\/kidsplay.lt\/wp-content\/uploads\/2023\/07\/kidsplay-logo.png","width":451,"height":98,"caption":"KidsPlay"},"image":{"@id":"https:\/\/kidsplay.lt\/#\/schema\/logo\/image\/"},"sameAs":["https:\/\/www.facebook.com\/www.kidsplay.lt"]}]}},"_links":{"self":[{"href":"https:\/\/kidsplay.lt\/lv\/wp-json\/wp\/v2\/product\/89364","targetHints":{"allow":["GET"]}}],"collection":[{"href":"https:\/\/kidsplay.lt\/lv\/wp-json\/wp\/v2\/product"}],"about":[{"href":"https:\/\/kidsplay.lt\/lv\/wp-json\/wp\/v2\/types\/product"}],"version-history":[{"count":1,"href":"https:\/\/kidsplay.lt\/lv\/wp-json\/wp\/v2\/product\/89364\/revisions"}],"predecessor-version":[{"id":89365,"href":"https:\/\/kidsplay.lt\/lv\/wp-json\/wp\/v2\/product\/89364\/revisions\/89365"}],"wp:featuredmedia":[{"embeddable":true,"href":"https:\/\/kidsplay.lt\/lv\/wp-json\/wp\/v2\/media\/62954"}],"wp:attachment":[{"href":"https:\/\/kidsplay.lt\/lv\/wp-json\/wp\/v2\/media?parent=89364"}],"wp:term":[{"taxonomy":"product_brand","embeddable":true,"href":"https:\/\/kidsplay.lt\/lv\/wp-json\/wp\/v2\/product_brand?post=89364"},{"taxonomy":"product_cat","embeddable":true,"href":"https:\/\/kidsplay.lt\/lv\/wp-json\/wp\/v2\/product_cat?post=89364"},{"taxonomy":"product_tag","embeddable":true,"href":"https:\/\/kidsplay.lt\/lv\/wp-json\/wp\/v2\/product_tag?post=89364"}],"curies":[{"name":"wp","href":"https:\/\/api.w.org\/{rel}","templated":true}]}}