{"id":89366,"date":"2026-02-26T09:14:46","date_gmt":"2026-02-26T07:14:46","guid":{"rendered":"https:\/\/kidsplay.lt\/produktas\/masterkidz-misriu-krumpliaraciu-priedu-rinkinys-stem-sienu-plokstems-198-vnt\/"},"modified":"2026-04-07T10:28:49","modified_gmt":"2026-04-07T07:28:49","slug":"masterkidz-misriu-krumpliaraciu-priedu-rinkinys-stem-sienu-plokstems-198-vnt","status":"publish","type":"product","link":"https:\/\/kidsplay.lt\/lv\/products\/masterkidz-misriu-krumpliaraciu-priedu-rinkinys-stem-sienu-plokstems-198-vnt\/","title":{"rendered":"MASTERKIDZ mi\u0161ri\u0173 krumpliara\u010di\u0173 pried\u0173 rinkinys STEM sien\u0173 plok\u0161t\u0117ms, 198 vnt."},"content":{"rendered":"<p>Spalving\u0173 krumpliara\u010di\u0173 ir krumpliara\u010di\u0173 rinkinys\u00a0, leid\u017eiantis sukonstruoti sud\u0117tingus mechanizmus. \u017daislas tvirtinamas prie \u201eMasterkidz STEM\u201c mokymosi ir k\u016brybi\u0161kumo lentos naudojant\u00a0specialius\u00a0\u201eMasterkidz\u201c var\u017etus. \u017daidimas su krumpliara\u010diais lavina\u00a0vaik\u0173 motorinius \u012fg\u016bd\u017eius, login\u012f m\u0105stym\u0105 ir k\u016brybi\u0161kum\u0105.<\/p>\n<p>Rakstur\u012bgs:<\/p>\n<p> \t\u00a0\u201eVaikai m\u0117gsta krumpliara\u010dius ir mechanizmus. Jie \u017eav\u016bs \u2013 jie sukasi ir susijungia. Jie veikia kaip vienas organizmas. Steb\u0117ti \u0161i\u0173 mechanizm\u0173 veikim\u0105 yra nepaprastai smagu ir malonu.\u201c<br \/>\n \t\u00a0\u2013 \u201eMasterkidz\u201c krumpliara\u010di\u0173 ir dantra\u010di\u0173 rinkinys skirtas montuoti specializuotoje \u201eMasterkidz STEM\u201c sistemoje. Kiekvienas norimas elementas prie edukacin\u0117s sienel\u0117s tvirtinamas specialiais var\u017etais, pritaikytais \u201eMasterkidz\u201c vaiki\u0161kiems \u012frankiams.<\/p>\n<p>Rinkin\u012f sudaro 198 elementai:<\/p>\n<p> \t&#8211; 34 pavaros ir 4 skriemuliai<br \/>\n \t&#8211; \u017dvaig\u017edut\u0117s pavaros grandin\u0117<br \/>\n \t&#8211; 2 skriemuli\u0173 pavaros dir\u017eai<br \/>\n \t&#8211; 6 balti kai\u0161\u010diai<br \/>\n \t&#8211; 76 var\u017etai (trij\u0173 skirting\u0173 dyd\u017ei\u0173)<br \/>\n \t&#8211; 40 kapsuli\u0173<br \/>\n \t&#8211; 16 L formos laikikli\u0173<br \/>\n \t&#8211; 4 plok\u0161\u010dios atramos<br \/>\n \t&#8211; 2 u\u017epildytos STEM panel\u0117s<br \/>\n \t&#8211; Ventiliatorius<br \/>\n \t&#8211; 3 x rankiniai atsuktuvai<\/p>\n<p>Pastaba: tai lent\u0173 ir stal\u0173 pried\u0173 rinkinys. Nuotraukose pavaizduotos lentos ir stalai yra tik iliustraciniai ir gali b\u016bti \u012fsigyti atskirai.<\/p>\n<p>Rinkinys tinka tokioms plok\u0161t\u0117ms kaip: ME25111; ME15365; ME11343.<\/p>","protected":false},"excerpt":{"rendered":"<p>Spalving\u0173 krumpliara\u010di\u0173 ir krumpliara\u010di\u0173 rinkinys\u00a0, leid\u017eiantis sukonstruoti sud\u0117tingus mechanizmus. \u017daislas tvirtinamas prie \u201eMasterkidz STEM\u201c mokymosi ir k\u016brybi\u0161kumo lentos naudojant\u00a0specialius\u00a0\u201eMasterkidz\u201c var\u017etus.<\/p>","protected":false},"featured_media":62964,"template":"","meta":{"_acf_changed":false,"_glsr_average":0,"_glsr_ranking":0,"_glsr_reviews":0},"product_brand":[],"product_cat":[673,229],"product_tag":[],"class_list":{"0":"post-89366","1":"product","2":"type-product","3":"status-publish","4":"has-post-thumbnail","6":"product_cat-ugdomosios-priemones","7":"product_cat-zaislai-vaikams","8":"\"style=\"background-color: #2ecc711c;\"","10":"first","11":"instock","12":"purchasable","13":"product-type-simple"},"acf":[],"yoast_head":"<!-- This site is optimized with the Yoast SEO plugin v27.3 - https:\/\/yoast.com\/product\/yoast-seo-wordpress\/ -->\n<title>MASTERKIDZ mi\u0161ri\u0173 krumpliara\u010di\u0173 pried\u0173 rinkinys STEM sien\u0173 plok\u0161t\u0117ms, 198 vnt.<\/title>\n<meta name=\"description\" content=\"MASTERKIDZ mi\u0161ri\u0173 krumpliara\u010di\u0173 pried\u0173 rinkinys STEM sien\u0173 plok\u0161t\u0117ms, 198 vnt. - KidsPlay. Did\u017eiausias vaik\u0173 \u017eaisl\u0173 pasirinkimas.\" \/>\n<meta name=\"robots\" content=\"index, follow, max-snippet:-1, max-image-preview:large, max-video-preview:-1\" \/>\n<link rel=\"canonical\" href=\"https:\/\/kidsplay.lt\/lv\/products\/masterkidz-misriu-krumpliaraciu-priedu-rinkinys-stem-sienu-plokstems-198-vnt\/\" \/>\n<meta property=\"og:locale\" content=\"lv_LV\" \/>\n<meta property=\"og:type\" content=\"article\" \/>\n<meta property=\"og:title\" content=\"MASTERKIDZ mi\u0161ri\u0173 krumpliara\u010di\u0173 pried\u0173 rinkinys STEM sien\u0173 plok\u0161t\u0117ms, 198 vnt.\" \/>\n<meta property=\"og:description\" content=\"MASTERKIDZ mi\u0161ri\u0173 krumpliara\u010di\u0173 pried\u0173 rinkinys STEM sien\u0173 plok\u0161t\u0117ms, 198 vnt. - KidsPlay. Did\u017eiausias vaik\u0173 \u017eaisl\u0173 pasirinkimas.\" \/>\n<meta property=\"og:url\" content=\"https:\/\/kidsplay.lt\/lv\/products\/masterkidz-misriu-krumpliaraciu-priedu-rinkinys-stem-sienu-plokstems-198-vnt\/\" \/>\n<meta property=\"og:site_name\" content=\"KidsPlay\" \/>\n<meta property=\"article:publisher\" content=\"https:\/\/www.facebook.com\/www.kidsplay.lt\" \/>\n<meta property=\"article:modified_time\" content=\"2026-04-07T07:28:49+00:00\" \/>\n<meta property=\"og:image\" content=\"https:\/\/kidsplay.lt\/wp-content\/uploads\/2025\/09\/MASTERKIDZ-misriu-krumpliaraciu-priedu-rinkinys-STEM-sienu-plokstems-198-vnt.jpg\" \/>\n\t<meta property=\"og:image:width\" content=\"800\" \/>\n\t<meta property=\"og:image:height\" content=\"800\" \/>\n\t<meta property=\"og:image:type\" content=\"image\/jpeg\" \/>\n<meta name=\"twitter:card\" content=\"summary_large_image\" \/>\n<meta name=\"twitter:label1\" content=\"Est. reading time\" \/>\n\t<meta name=\"twitter:data1\" content=\"1 min\u016bte\" \/>\n<script type=\"application\/ld+json\" class=\"yoast-schema-graph\">{\"@context\":\"https:\\\/\\\/schema.org\",\"@graph\":[{\"@type\":\"WebPage\",\"@id\":\"https:\\\/\\\/kidsplay.lt\\\/produktas\\\/masterkidz-misriu-krumpliaraciu-priedu-rinkinys-stem-sienu-plokstems-198-vnt\\\/\",\"url\":\"https:\\\/\\\/kidsplay.lt\\\/produktas\\\/masterkidz-misriu-krumpliaraciu-priedu-rinkinys-stem-sienu-plokstems-198-vnt\\\/\",\"name\":\"MASTERKIDZ mi\u0161ri\u0173 krumpliara\u010di\u0173 pried\u0173 rinkinys STEM sien\u0173 plok\u0161t\u0117ms, 198 vnt.\",\"isPartOf\":{\"@id\":\"https:\\\/\\\/kidsplay.lt\\\/#website\"},\"primaryImageOfPage\":{\"@id\":\"https:\\\/\\\/kidsplay.lt\\\/produktas\\\/masterkidz-misriu-krumpliaraciu-priedu-rinkinys-stem-sienu-plokstems-198-vnt\\\/#primaryimage\"},\"image\":{\"@id\":\"https:\\\/\\\/kidsplay.lt\\\/produktas\\\/masterkidz-misriu-krumpliaraciu-priedu-rinkinys-stem-sienu-plokstems-198-vnt\\\/#primaryimage\"},\"thumbnailUrl\":\"https:\\\/\\\/kidsplay.lt\\\/wp-content\\\/uploads\\\/2025\\\/09\\\/MASTERKIDZ-misriu-krumpliaraciu-priedu-rinkinys-STEM-sienu-plokstems-198-vnt.jpg\",\"datePublished\":\"2026-02-26T07:14:46+00:00\",\"dateModified\":\"2026-04-07T07:28:49+00:00\",\"description\":\"MASTERKIDZ mi\u0161ri\u0173 krumpliara\u010di\u0173 pried\u0173 rinkinys STEM sien\u0173 plok\u0161t\u0117ms, 198 vnt. - KidsPlay. Did\u017eiausias vaik\u0173 \u017eaisl\u0173 pasirinkimas.\",\"breadcrumb\":{\"@id\":\"https:\\\/\\\/kidsplay.lt\\\/produktas\\\/masterkidz-misriu-krumpliaraciu-priedu-rinkinys-stem-sienu-plokstems-198-vnt\\\/#breadcrumb\"},\"inLanguage\":\"lv-LV\",\"potentialAction\":[{\"@type\":\"ReadAction\",\"target\":[\"https:\\\/\\\/kidsplay.lt\\\/produktas\\\/masterkidz-misriu-krumpliaraciu-priedu-rinkinys-stem-sienu-plokstems-198-vnt\\\/\"]}]},{\"@type\":\"ImageObject\",\"inLanguage\":\"lv-LV\",\"@id\":\"https:\\\/\\\/kidsplay.lt\\\/produktas\\\/masterkidz-misriu-krumpliaraciu-priedu-rinkinys-stem-sienu-plokstems-198-vnt\\\/#primaryimage\",\"url\":\"https:\\\/\\\/kidsplay.lt\\\/wp-content\\\/uploads\\\/2025\\\/09\\\/MASTERKIDZ-misriu-krumpliaraciu-priedu-rinkinys-STEM-sienu-plokstems-198-vnt.jpg\",\"contentUrl\":\"https:\\\/\\\/kidsplay.lt\\\/wp-content\\\/uploads\\\/2025\\\/09\\\/MASTERKIDZ-misriu-krumpliaraciu-priedu-rinkinys-STEM-sienu-plokstems-198-vnt.jpg\",\"width\":2500,\"height\":2500,\"caption\":\"MASTERKIDZ mi\u0161ri\u0173 krumpliara\u010di\u0173 pried\u0173 rinkinys STEM sien\u0173 plok\u0161t\u0117ms\"},{\"@type\":\"BreadcrumbList\",\"@id\":\"https:\\\/\\\/kidsplay.lt\\\/produktas\\\/masterkidz-misriu-krumpliaraciu-priedu-rinkinys-stem-sienu-plokstems-198-vnt\\\/#breadcrumb\",\"itemListElement\":[{\"@type\":\"ListItem\",\"position\":1,\"name\":\"Pagrindinis\",\"item\":\"https:\\\/\\\/kidsplay.lt\\\/\"},{\"@type\":\"ListItem\",\"position\":2,\"name\":\"Parduotuv\u0117\",\"item\":\"https:\\\/\\\/kidsplay.lt\\\/parduotuve\\\/\"},{\"@type\":\"ListItem\",\"position\":3,\"name\":\"MASTERKIDZ mi\u0161ri\u0173 krumpliara\u010di\u0173 pried\u0173 rinkinys STEM sien\u0173 plok\u0161t\u0117ms, 198 vnt.\"}]},{\"@type\":\"WebSite\",\"@id\":\"https:\\\/\\\/kidsplay.lt\\\/#website\",\"url\":\"https:\\\/\\\/kidsplay.lt\\\/\",\"name\":\"Kidsplay.lt\",\"description\":\"\u012evairios prek\u0117s vaikams\",\"publisher\":{\"@id\":\"https:\\\/\\\/kidsplay.lt\\\/#organization\"},\"alternateName\":\"Kidsplay\",\"potentialAction\":[{\"@type\":\"SearchAction\",\"target\":{\"@type\":\"EntryPoint\",\"urlTemplate\":\"https:\\\/\\\/kidsplay.lt\\\/?s={search_term_string}\"},\"query-input\":{\"@type\":\"PropertyValueSpecification\",\"valueRequired\":true,\"valueName\":\"search_term_string\"}}],\"inLanguage\":\"lv-LV\"},{\"@type\":\"Organization\",\"@id\":\"https:\\\/\\\/kidsplay.lt\\\/#organization\",\"name\":\"KidsPlay\",\"url\":\"https:\\\/\\\/kidsplay.lt\\\/\",\"logo\":{\"@type\":\"ImageObject\",\"inLanguage\":\"lv-LV\",\"@id\":\"https:\\\/\\\/kidsplay.lt\\\/#\\\/schema\\\/logo\\\/image\\\/\",\"url\":\"https:\\\/\\\/kidsplay.lt\\\/wp-content\\\/uploads\\\/2023\\\/07\\\/kidsplay-logo.png\",\"contentUrl\":\"https:\\\/\\\/kidsplay.lt\\\/wp-content\\\/uploads\\\/2023\\\/07\\\/kidsplay-logo.png\",\"width\":451,\"height\":98,\"caption\":\"KidsPlay\"},\"image\":{\"@id\":\"https:\\\/\\\/kidsplay.lt\\\/#\\\/schema\\\/logo\\\/image\\\/\"},\"sameAs\":[\"https:\\\/\\\/www.facebook.com\\\/www.kidsplay.lt\"]}]}<\/script>\n<!-- \/ Yoast SEO plugin. -->","yoast_head_json":{"title":"MASTERKIDZ mi\u0161ri\u0173 krumpliara\u010di\u0173 pried\u0173 rinkinys STEM sien\u0173 plok\u0161t\u0117ms, 198 vnt.","description":"MASTERKIDZ mi\u0161ri\u0173 krumpliara\u010di\u0173 pried\u0173 rinkinys STEM sien\u0173 plok\u0161t\u0117ms, 198 vnt. - KidsPlay. Did\u017eiausias vaik\u0173 \u017eaisl\u0173 pasirinkimas.","robots":{"index":"index","follow":"follow","max-snippet":"max-snippet:-1","max-image-preview":"max-image-preview:large","max-video-preview":"max-video-preview:-1"},"canonical":"https:\/\/kidsplay.lt\/lv\/products\/masterkidz-misriu-krumpliaraciu-priedu-rinkinys-stem-sienu-plokstems-198-vnt\/","og_locale":"lv_LV","og_type":"article","og_title":"MASTERKIDZ mi\u0161ri\u0173 krumpliara\u010di\u0173 pried\u0173 rinkinys STEM sien\u0173 plok\u0161t\u0117ms, 198 vnt.","og_description":"MASTERKIDZ mi\u0161ri\u0173 krumpliara\u010di\u0173 pried\u0173 rinkinys STEM sien\u0173 plok\u0161t\u0117ms, 198 vnt. - KidsPlay. Did\u017eiausias vaik\u0173 \u017eaisl\u0173 pasirinkimas.","og_url":"https:\/\/kidsplay.lt\/lv\/products\/masterkidz-misriu-krumpliaraciu-priedu-rinkinys-stem-sienu-plokstems-198-vnt\/","og_site_name":"KidsPlay","article_publisher":"https:\/\/www.facebook.com\/www.kidsplay.lt","article_modified_time":"2026-04-07T07:28:49+00:00","og_image":[{"url":"https:\/\/kidsplay.lt\/wp-content\/uploads\/2025\/09\/MASTERKIDZ-misriu-krumpliaraciu-priedu-rinkinys-STEM-sienu-plokstems-198-vnt.jpg","width":800,"height":800,"type":"image\/jpeg"}],"twitter_card":"summary_large_image","twitter_misc":{"Est. reading time":"1 min\u016bte"},"schema":{"@context":"https:\/\/schema.org","@graph":[{"@type":"WebPage","@id":"https:\/\/kidsplay.lt\/produktas\/masterkidz-misriu-krumpliaraciu-priedu-rinkinys-stem-sienu-plokstems-198-vnt\/","url":"https:\/\/kidsplay.lt\/produktas\/masterkidz-misriu-krumpliaraciu-priedu-rinkinys-stem-sienu-plokstems-198-vnt\/","name":"MASTERKIDZ mi\u0161ri\u0173 krumpliara\u010di\u0173 pried\u0173 rinkinys STEM sien\u0173 plok\u0161t\u0117ms, 198 vnt.","isPartOf":{"@id":"https:\/\/kidsplay.lt\/#website"},"primaryImageOfPage":{"@id":"https:\/\/kidsplay.lt\/produktas\/masterkidz-misriu-krumpliaraciu-priedu-rinkinys-stem-sienu-plokstems-198-vnt\/#primaryimage"},"image":{"@id":"https:\/\/kidsplay.lt\/produktas\/masterkidz-misriu-krumpliaraciu-priedu-rinkinys-stem-sienu-plokstems-198-vnt\/#primaryimage"},"thumbnailUrl":"https:\/\/kidsplay.lt\/wp-content\/uploads\/2025\/09\/MASTERKIDZ-misriu-krumpliaraciu-priedu-rinkinys-STEM-sienu-plokstems-198-vnt.jpg","datePublished":"2026-02-26T07:14:46+00:00","dateModified":"2026-04-07T07:28:49+00:00","description":"MASTERKIDZ mi\u0161ri\u0173 krumpliara\u010di\u0173 pried\u0173 rinkinys STEM sien\u0173 plok\u0161t\u0117ms, 198 vnt. - KidsPlay. Did\u017eiausias vaik\u0173 \u017eaisl\u0173 pasirinkimas.","breadcrumb":{"@id":"https:\/\/kidsplay.lt\/produktas\/masterkidz-misriu-krumpliaraciu-priedu-rinkinys-stem-sienu-plokstems-198-vnt\/#breadcrumb"},"inLanguage":"lv-LV","potentialAction":[{"@type":"ReadAction","target":["https:\/\/kidsplay.lt\/produktas\/masterkidz-misriu-krumpliaraciu-priedu-rinkinys-stem-sienu-plokstems-198-vnt\/"]}]},{"@type":"ImageObject","inLanguage":"lv-LV","@id":"https:\/\/kidsplay.lt\/produktas\/masterkidz-misriu-krumpliaraciu-priedu-rinkinys-stem-sienu-plokstems-198-vnt\/#primaryimage","url":"https:\/\/kidsplay.lt\/wp-content\/uploads\/2025\/09\/MASTERKIDZ-misriu-krumpliaraciu-priedu-rinkinys-STEM-sienu-plokstems-198-vnt.jpg","contentUrl":"https:\/\/kidsplay.lt\/wp-content\/uploads\/2025\/09\/MASTERKIDZ-misriu-krumpliaraciu-priedu-rinkinys-STEM-sienu-plokstems-198-vnt.jpg","width":2500,"height":2500,"caption":"MASTERKIDZ mi\u0161ri\u0173 krumpliara\u010di\u0173 pried\u0173 rinkinys STEM sien\u0173 plok\u0161t\u0117ms"},{"@type":"BreadcrumbList","@id":"https:\/\/kidsplay.lt\/produktas\/masterkidz-misriu-krumpliaraciu-priedu-rinkinys-stem-sienu-plokstems-198-vnt\/#breadcrumb","itemListElement":[{"@type":"ListItem","position":1,"name":"Pagrindinis","item":"https:\/\/kidsplay.lt\/"},{"@type":"ListItem","position":2,"name":"Parduotuv\u0117","item":"https:\/\/kidsplay.lt\/parduotuve\/"},{"@type":"ListItem","position":3,"name":"MASTERKIDZ mi\u0161ri\u0173 krumpliara\u010di\u0173 pried\u0173 rinkinys STEM sien\u0173 plok\u0161t\u0117ms, 198 vnt."}]},{"@type":"WebSite","@id":"https:\/\/kidsplay.lt\/#website","url":"https:\/\/kidsplay.lt\/","name":"B\u0113rnu sp\u0113les.lv","description":"\u012evairios prek\u0117s vaikams","publisher":{"@id":"https:\/\/kidsplay.lt\/#organization"},"alternateName":"Kidsplay","potentialAction":[{"@type":"SearchAction","target":{"@type":"EntryPoint","urlTemplate":"https:\/\/kidsplay.lt\/?s={search_term_string}"},"query-input":{"@type":"PropertyValueSpecification","valueRequired":true,"valueName":"search_term_string"}}],"inLanguage":"lv-LV"},{"@type":"Organization","@id":"https:\/\/kidsplay.lt\/#organization","name":"B\u0113rnu sp\u0113le","url":"https:\/\/kidsplay.lt\/","logo":{"@type":"ImageObject","inLanguage":"lv-LV","@id":"https:\/\/kidsplay.lt\/#\/schema\/logo\/image\/","url":"https:\/\/kidsplay.lt\/wp-content\/uploads\/2023\/07\/kidsplay-logo.png","contentUrl":"https:\/\/kidsplay.lt\/wp-content\/uploads\/2023\/07\/kidsplay-logo.png","width":451,"height":98,"caption":"KidsPlay"},"image":{"@id":"https:\/\/kidsplay.lt\/#\/schema\/logo\/image\/"},"sameAs":["https:\/\/www.facebook.com\/www.kidsplay.lt"]}]}},"_links":{"self":[{"href":"https:\/\/kidsplay.lt\/lv\/wp-json\/wp\/v2\/product\/89366","targetHints":{"allow":["GET"]}}],"collection":[{"href":"https:\/\/kidsplay.lt\/lv\/wp-json\/wp\/v2\/product"}],"about":[{"href":"https:\/\/kidsplay.lt\/lv\/wp-json\/wp\/v2\/types\/product"}],"version-history":[{"count":1,"href":"https:\/\/kidsplay.lt\/lv\/wp-json\/wp\/v2\/product\/89366\/revisions"}],"predecessor-version":[{"id":89367,"href":"https:\/\/kidsplay.lt\/lv\/wp-json\/wp\/v2\/product\/89366\/revisions\/89367"}],"wp:featuredmedia":[{"embeddable":true,"href":"https:\/\/kidsplay.lt\/lv\/wp-json\/wp\/v2\/media\/62964"}],"wp:attachment":[{"href":"https:\/\/kidsplay.lt\/lv\/wp-json\/wp\/v2\/media?parent=89366"}],"wp:term":[{"taxonomy":"product_brand","embeddable":true,"href":"https:\/\/kidsplay.lt\/lv\/wp-json\/wp\/v2\/product_brand?post=89366"},{"taxonomy":"product_cat","embeddable":true,"href":"https:\/\/kidsplay.lt\/lv\/wp-json\/wp\/v2\/product_cat?post=89366"},{"taxonomy":"product_tag","embeddable":true,"href":"https:\/\/kidsplay.lt\/lv\/wp-json\/wp\/v2\/product_tag?post=89366"}],"curies":[{"name":"wp","href":"https:\/\/api.w.org\/{rel}","templated":true}]}}