{"id":89368,"date":"2026-02-26T09:14:48","date_gmt":"2026-02-26T07:14:48","guid":{"rendered":"https:\/\/kidsplay.lt\/produktas\/masterkidz-stem-darbastalio-priedu-rinkinys-111-vnt\/"},"modified":"2026-04-13T14:50:36","modified_gmt":"2026-04-13T11:50:36","slug":"masterkidz-stem-darbastalio-priedu-rinkinys-111-vnt","status":"publish","type":"product","link":"https:\/\/kidsplay.lt\/lv\/products\/masterkidz-stem-darbastalio-priedu-rinkinys-111-vnt\/","title":{"rendered":"MASTERKIDZ STEM galda piederumu komplekts, 111 gab."},"content":{"rendered":"<p>Spalving\u0173 krumpliara\u010di\u0173 ir krumpliara\u010di\u0173 rinkinys\u00a0, leid\u017eiantis sukonstruoti sud\u0117tingus mechanizmus. \u017daislas tvirtinamas prie \u201eMasterkidz STEM Workshop\u201c lentos naudojant\u00a0specialius\u00a0\u201eMasterkidz\u201c var\u017etus. \u017daidimas su krumpliara\u010diais lavina\u00a0vaik\u0173 motorinius \u012fg\u016bd\u017eius, login\u012f m\u0105stym\u0105 ir k\u016brybi\u0161kum\u0105.<\/p>\n<p> \t\u00a0\u201eVaikai m\u0117gsta krumpliara\u010dius ir mechanizmus. Jie \u017eav\u016bs \u2013 jie sukasi ir susijungia. Jie veikia kaip vienas organizmas. Steb\u0117ti \u0161i\u0173 mechanizm\u0173 veikim\u0105 yra nepaprastai smagu ir malonu.\u201c<br \/>\n \t\u00a0\u2013 \u201eMasterkidz\u201c krumpliara\u010di\u0173 ir dantra\u010di\u0173 rinkinys skirtas montuoti specializuotoje \u201eMasterkidz STEM\u201c sistemoje. Kiekvienas norimas elementas prie edukacin\u0117s sienel\u0117s tvirtinamas specialiais var\u017etais, pritaikytais \u201eMasterkidz\u201c vaiki\u0161kiems \u012frankiams.<\/p>\n<p>Komplekt\u0101 ietilpst:<\/p>\n<p>\u00a0&#8211; 1 pavara su alk\u016bniniu velenu.<\/p>\n<p>\u00a0&#8211; 4 didel\u0117s pavaros su 16 dant\u0173.<\/p>\n<p>\u00a0&#8211; 8 spalvoti krumpliara\u010diai su 12 dant\u0173.<\/p>\n<p>\u00a0&#8211; 4 spalvingos pavaros su 6 dantimis.<\/p>\n<p>\u00a0&#8211; grandin\u0117l\u0117 su reguliuojamu ilgiu.<\/p>\n<p>\u00a0&#8211; Grandin\u0117\u00a0kilnojamoms konstrukcijoms kurti.<\/p>\n<p>\u00a0&#8211; 34 \u012fvairi\u0173 dyd\u017ei\u0173 var\u017etai.<\/p>\n<p>\u00a0&#8211; 20 var\u017et\u0173.<\/p>\n<p>\u00a0&#8211; 2 skirting\u0173 dyd\u017ei\u0173 krumpliara\u010di\u0173 pover\u017el\u0117s.<\/p>\n<p>\u00a0&#8211; Rinkinys kamuoliuk\u0173 trasai konstruoti, susidedantis i\u0161 35 element\u0173.<\/p>\n<p>\u00a0&#8211; kulka.<\/p>\n<p>Pastaba: tai lent\u0173 ir stal\u0173 pried\u0173 rinkinys. Nuotraukose pavaizduotos lentos ir stalai yra tik iliustraciniai ir gali b\u016bti \u012fsigyti atskirai.<\/p>\n<p>Komplektas tinka gaminiams ME29591 ir ME29584<\/p>","protected":false},"excerpt":{"rendered":"<p>Spalving\u0173 krumpliara\u010di\u0173 ir krumpliara\u010di\u0173 rinkinys\u00a0, leid\u017eiantis sukonstruoti sud\u0117tingus mechanizmus. \u017daislas tvirtinamas prie \u201eMasterkidz STEM Workshop\u201c lentos naudojant\u00a0specialius\u00a0\u201eMasterkidz\u201c var\u017etus. \u017daidimas su<\/p>","protected":false},"featured_media":62969,"template":"","meta":{"_acf_changed":false,"_glsr_average":0,"_glsr_ranking":0,"_glsr_reviews":0},"product_brand":[],"product_cat":[673,229],"product_tag":[],"class_list":{"0":"post-89368","1":"product","2":"type-product","3":"status-publish","4":"has-post-thumbnail","6":"product_cat-ugdomosios-priemones","7":"product_cat-zaislai-vaikams","8":"\"style=\"background-color: #2ecc711c;\"","10":"first","11":"instock","12":"purchasable","13":"product-type-simple"},"acf":[],"yoast_head":"<!-- This site is optimized with the Yoast SEO plugin v27.4 - https:\/\/yoast.com\/product\/yoast-seo-wordpress\/ -->\n<title>MASTERKIDZ STEM darbastalio pried\u0173 rinkinys, 111 vnt.<\/title>\n<meta name=\"description\" content=\"MASTERKIDZ STEM darbastalio pried\u0173 rinkinys, 111 vnt. - KidsPlay. Did\u017eiausias vaik\u0173 \u017eaisl\u0173 pasirinkimas.\" \/>\n<meta name=\"robots\" content=\"index, follow, max-snippet:-1, max-image-preview:large, max-video-preview:-1\" \/>\n<link rel=\"canonical\" href=\"https:\/\/kidsplay.lt\/lv\/products\/masterkidz-stem-darbastalio-priedu-rinkinys-111-vnt\/\" \/>\n<meta property=\"og:locale\" content=\"lv_LV\" \/>\n<meta property=\"og:type\" content=\"article\" \/>\n<meta property=\"og:title\" content=\"MASTERKIDZ STEM darbastalio pried\u0173 rinkinys, 111 vnt.\" \/>\n<meta property=\"og:description\" content=\"MASTERKIDZ STEM darbastalio pried\u0173 rinkinys, 111 vnt. - KidsPlay. Did\u017eiausias vaik\u0173 \u017eaisl\u0173 pasirinkimas.\" \/>\n<meta property=\"og:url\" content=\"https:\/\/kidsplay.lt\/lv\/products\/masterkidz-stem-darbastalio-priedu-rinkinys-111-vnt\/\" \/>\n<meta property=\"og:site_name\" content=\"KidsPlay\" \/>\n<meta property=\"article:publisher\" content=\"https:\/\/www.facebook.com\/www.kidsplay.lt\" \/>\n<meta property=\"article:modified_time\" content=\"2026-04-13T11:50:36+00:00\" \/>\n<meta property=\"og:image\" content=\"https:\/\/kidsplay.lt\/wp-content\/uploads\/2025\/09\/MASTERKIDZ-STEM-darbastalio-priedu-rinkinys-111-vnt.jpg\" \/>\n\t<meta property=\"og:image:width\" content=\"1000\" \/>\n\t<meta property=\"og:image:height\" content=\"1000\" \/>\n\t<meta property=\"og:image:type\" content=\"image\/jpeg\" \/>\n<meta name=\"twitter:card\" content=\"summary_large_image\" \/>\n<meta name=\"twitter:label1\" content=\"Est. reading time\" \/>\n\t<meta name=\"twitter:data1\" content=\"1 min\u016bte\" \/>\n<script type=\"application\/ld+json\" class=\"yoast-schema-graph\">{\"@context\":\"https:\\\/\\\/schema.org\",\"@graph\":[{\"@type\":\"WebPage\",\"@id\":\"https:\\\/\\\/kidsplay.lt\\\/produktas\\\/masterkidz-stem-darbastalio-priedu-rinkinys-111-vnt\\\/\",\"url\":\"https:\\\/\\\/kidsplay.lt\\\/produktas\\\/masterkidz-stem-darbastalio-priedu-rinkinys-111-vnt\\\/\",\"name\":\"MASTERKIDZ STEM darbastalio pried\u0173 rinkinys, 111 vnt.\",\"isPartOf\":{\"@id\":\"https:\\\/\\\/kidsplay.lt\\\/#website\"},\"primaryImageOfPage\":{\"@id\":\"https:\\\/\\\/kidsplay.lt\\\/produktas\\\/masterkidz-stem-darbastalio-priedu-rinkinys-111-vnt\\\/#primaryimage\"},\"image\":{\"@id\":\"https:\\\/\\\/kidsplay.lt\\\/produktas\\\/masterkidz-stem-darbastalio-priedu-rinkinys-111-vnt\\\/#primaryimage\"},\"thumbnailUrl\":\"https:\\\/\\\/kidsplay.lt\\\/wp-content\\\/uploads\\\/2025\\\/09\\\/MASTERKIDZ-STEM-darbastalio-priedu-rinkinys-111-vnt.jpg\",\"datePublished\":\"2026-02-26T07:14:48+00:00\",\"dateModified\":\"2026-04-13T11:50:36+00:00\",\"description\":\"MASTERKIDZ STEM darbastalio pried\u0173 rinkinys, 111 vnt. - KidsPlay. Did\u017eiausias vaik\u0173 \u017eaisl\u0173 pasirinkimas.\",\"breadcrumb\":{\"@id\":\"https:\\\/\\\/kidsplay.lt\\\/produktas\\\/masterkidz-stem-darbastalio-priedu-rinkinys-111-vnt\\\/#breadcrumb\"},\"inLanguage\":\"lv-LV\",\"potentialAction\":[{\"@type\":\"ReadAction\",\"target\":[\"https:\\\/\\\/kidsplay.lt\\\/produktas\\\/masterkidz-stem-darbastalio-priedu-rinkinys-111-vnt\\\/\"]}]},{\"@type\":\"ImageObject\",\"inLanguage\":\"lv-LV\",\"@id\":\"https:\\\/\\\/kidsplay.lt\\\/produktas\\\/masterkidz-stem-darbastalio-priedu-rinkinys-111-vnt\\\/#primaryimage\",\"url\":\"https:\\\/\\\/kidsplay.lt\\\/wp-content\\\/uploads\\\/2025\\\/09\\\/MASTERKIDZ-STEM-darbastalio-priedu-rinkinys-111-vnt.jpg\",\"contentUrl\":\"https:\\\/\\\/kidsplay.lt\\\/wp-content\\\/uploads\\\/2025\\\/09\\\/MASTERKIDZ-STEM-darbastalio-priedu-rinkinys-111-vnt.jpg\",\"width\":1000,\"height\":1000,\"caption\":\"MASTERKIDZ STEM darbastalio pried\u0173 rinkinys\"},{\"@type\":\"BreadcrumbList\",\"@id\":\"https:\\\/\\\/kidsplay.lt\\\/produktas\\\/masterkidz-stem-darbastalio-priedu-rinkinys-111-vnt\\\/#breadcrumb\",\"itemListElement\":[{\"@type\":\"ListItem\",\"position\":1,\"name\":\"Pagrindinis\",\"item\":\"https:\\\/\\\/kidsplay.lt\\\/\"},{\"@type\":\"ListItem\",\"position\":2,\"name\":\"Parduotuv\u0117\",\"item\":\"https:\\\/\\\/kidsplay.lt\\\/parduotuve\\\/\"},{\"@type\":\"ListItem\",\"position\":3,\"name\":\"MASTERKIDZ STEM darbastalio pried\u0173 rinkinys, 111 vnt.\"}]},{\"@type\":\"WebSite\",\"@id\":\"https:\\\/\\\/kidsplay.lt\\\/#website\",\"url\":\"https:\\\/\\\/kidsplay.lt\\\/\",\"name\":\"Kidsplay.lt\",\"description\":\"\u012evairios prek\u0117s vaikams\",\"publisher\":{\"@id\":\"https:\\\/\\\/kidsplay.lt\\\/#organization\"},\"alternateName\":\"Kidsplay\",\"potentialAction\":[{\"@type\":\"SearchAction\",\"target\":{\"@type\":\"EntryPoint\",\"urlTemplate\":\"https:\\\/\\\/kidsplay.lt\\\/?s={search_term_string}\"},\"query-input\":{\"@type\":\"PropertyValueSpecification\",\"valueRequired\":true,\"valueName\":\"search_term_string\"}}],\"inLanguage\":\"lv-LV\"},{\"@type\":\"Organization\",\"@id\":\"https:\\\/\\\/kidsplay.lt\\\/#organization\",\"name\":\"KidsPlay\",\"url\":\"https:\\\/\\\/kidsplay.lt\\\/\",\"logo\":{\"@type\":\"ImageObject\",\"inLanguage\":\"lv-LV\",\"@id\":\"https:\\\/\\\/kidsplay.lt\\\/#\\\/schema\\\/logo\\\/image\\\/\",\"url\":\"https:\\\/\\\/kidsplay.lt\\\/wp-content\\\/uploads\\\/2023\\\/07\\\/kidsplay-logo.png\",\"contentUrl\":\"https:\\\/\\\/kidsplay.lt\\\/wp-content\\\/uploads\\\/2023\\\/07\\\/kidsplay-logo.png\",\"width\":451,\"height\":98,\"caption\":\"KidsPlay\"},\"image\":{\"@id\":\"https:\\\/\\\/kidsplay.lt\\\/#\\\/schema\\\/logo\\\/image\\\/\"},\"sameAs\":[\"https:\\\/\\\/www.facebook.com\\\/www.kidsplay.lt\"]}]}<\/script>\n<!-- \/ Yoast SEO plugin. -->","yoast_head_json":{"title":"MASTERKIDZ STEM galda piederumu komplekts, 111 gab.","description":"MASTERKIDZ STEM darbastalio pried\u0173 rinkinys, 111 vnt. - KidsPlay. Did\u017eiausias vaik\u0173 \u017eaisl\u0173 pasirinkimas.","robots":{"index":"index","follow":"follow","max-snippet":"max-snippet:-1","max-image-preview":"max-image-preview:large","max-video-preview":"max-video-preview:-1"},"canonical":"https:\/\/kidsplay.lt\/lv\/products\/masterkidz-stem-darbastalio-priedu-rinkinys-111-vnt\/","og_locale":"lv_LV","og_type":"article","og_title":"MASTERKIDZ STEM darbastalio pried\u0173 rinkinys, 111 vnt.","og_description":"MASTERKIDZ STEM darbastalio pried\u0173 rinkinys, 111 vnt. - KidsPlay. Did\u017eiausias vaik\u0173 \u017eaisl\u0173 pasirinkimas.","og_url":"https:\/\/kidsplay.lt\/lv\/products\/masterkidz-stem-darbastalio-priedu-rinkinys-111-vnt\/","og_site_name":"KidsPlay","article_publisher":"https:\/\/www.facebook.com\/www.kidsplay.lt","article_modified_time":"2026-04-13T11:50:36+00:00","og_image":[{"width":1000,"height":1000,"url":"https:\/\/kidsplay.lt\/wp-content\/uploads\/2025\/09\/MASTERKIDZ-STEM-darbastalio-priedu-rinkinys-111-vnt.jpg","type":"image\/jpeg"}],"twitter_card":"summary_large_image","twitter_misc":{"Est. reading time":"1 min\u016bte"},"schema":{"@context":"https:\/\/schema.org","@graph":[{"@type":"WebPage","@id":"https:\/\/kidsplay.lt\/produktas\/masterkidz-stem-darbastalio-priedu-rinkinys-111-vnt\/","url":"https:\/\/kidsplay.lt\/produktas\/masterkidz-stem-darbastalio-priedu-rinkinys-111-vnt\/","name":"MASTERKIDZ STEM galda piederumu komplekts, 111 gab.","isPartOf":{"@id":"https:\/\/kidsplay.lt\/#website"},"primaryImageOfPage":{"@id":"https:\/\/kidsplay.lt\/produktas\/masterkidz-stem-darbastalio-priedu-rinkinys-111-vnt\/#primaryimage"},"image":{"@id":"https:\/\/kidsplay.lt\/produktas\/masterkidz-stem-darbastalio-priedu-rinkinys-111-vnt\/#primaryimage"},"thumbnailUrl":"https:\/\/kidsplay.lt\/wp-content\/uploads\/2025\/09\/MASTERKIDZ-STEM-darbastalio-priedu-rinkinys-111-vnt.jpg","datePublished":"2026-02-26T07:14:48+00:00","dateModified":"2026-04-13T11:50:36+00:00","description":"MASTERKIDZ STEM darbastalio pried\u0173 rinkinys, 111 vnt. - KidsPlay. Did\u017eiausias vaik\u0173 \u017eaisl\u0173 pasirinkimas.","breadcrumb":{"@id":"https:\/\/kidsplay.lt\/produktas\/masterkidz-stem-darbastalio-priedu-rinkinys-111-vnt\/#breadcrumb"},"inLanguage":"lv-LV","potentialAction":[{"@type":"ReadAction","target":["https:\/\/kidsplay.lt\/produktas\/masterkidz-stem-darbastalio-priedu-rinkinys-111-vnt\/"]}]},{"@type":"ImageObject","inLanguage":"lv-LV","@id":"https:\/\/kidsplay.lt\/produktas\/masterkidz-stem-darbastalio-priedu-rinkinys-111-vnt\/#primaryimage","url":"https:\/\/kidsplay.lt\/wp-content\/uploads\/2025\/09\/MASTERKIDZ-STEM-darbastalio-priedu-rinkinys-111-vnt.jpg","contentUrl":"https:\/\/kidsplay.lt\/wp-content\/uploads\/2025\/09\/MASTERKIDZ-STEM-darbastalio-priedu-rinkinys-111-vnt.jpg","width":1000,"height":1000,"caption":"MASTERKIDZ STEM darbastalio pried\u0173 rinkinys"},{"@type":"BreadcrumbList","@id":"https:\/\/kidsplay.lt\/produktas\/masterkidz-stem-darbastalio-priedu-rinkinys-111-vnt\/#breadcrumb","itemListElement":[{"@type":"ListItem","position":1,"name":"Pagrindinis","item":"https:\/\/kidsplay.lt\/"},{"@type":"ListItem","position":2,"name":"Parduotuv\u0117","item":"https:\/\/kidsplay.lt\/parduotuve\/"},{"@type":"ListItem","position":3,"name":"MASTERKIDZ STEM darbastalio pried\u0173 rinkinys, 111 vnt."}]},{"@type":"WebSite","@id":"https:\/\/kidsplay.lt\/#website","url":"https:\/\/kidsplay.lt\/","name":"B\u0113rnu sp\u0113les.lv","description":"\u012evairios prek\u0117s vaikams","publisher":{"@id":"https:\/\/kidsplay.lt\/#organization"},"alternateName":"Kidsplay","potentialAction":[{"@type":"SearchAction","target":{"@type":"EntryPoint","urlTemplate":"https:\/\/kidsplay.lt\/?s={search_term_string}"},"query-input":{"@type":"PropertyValueSpecification","valueRequired":true,"valueName":"search_term_string"}}],"inLanguage":"lv-LV"},{"@type":"Organization","@id":"https:\/\/kidsplay.lt\/#organization","name":"B\u0113rnu sp\u0113le","url":"https:\/\/kidsplay.lt\/","logo":{"@type":"ImageObject","inLanguage":"lv-LV","@id":"https:\/\/kidsplay.lt\/#\/schema\/logo\/image\/","url":"https:\/\/kidsplay.lt\/wp-content\/uploads\/2023\/07\/kidsplay-logo.png","contentUrl":"https:\/\/kidsplay.lt\/wp-content\/uploads\/2023\/07\/kidsplay-logo.png","width":451,"height":98,"caption":"KidsPlay"},"image":{"@id":"https:\/\/kidsplay.lt\/#\/schema\/logo\/image\/"},"sameAs":["https:\/\/www.facebook.com\/www.kidsplay.lt"]}]}},"_links":{"self":[{"href":"https:\/\/kidsplay.lt\/lv\/wp-json\/wp\/v2\/product\/89368","targetHints":{"allow":["GET"]}}],"collection":[{"href":"https:\/\/kidsplay.lt\/lv\/wp-json\/wp\/v2\/product"}],"about":[{"href":"https:\/\/kidsplay.lt\/lv\/wp-json\/wp\/v2\/types\/product"}],"version-history":[{"count":1,"href":"https:\/\/kidsplay.lt\/lv\/wp-json\/wp\/v2\/product\/89368\/revisions"}],"predecessor-version":[{"id":89369,"href":"https:\/\/kidsplay.lt\/lv\/wp-json\/wp\/v2\/product\/89368\/revisions\/89369"}],"wp:featuredmedia":[{"embeddable":true,"href":"https:\/\/kidsplay.lt\/lv\/wp-json\/wp\/v2\/media\/62969"}],"wp:attachment":[{"href":"https:\/\/kidsplay.lt\/lv\/wp-json\/wp\/v2\/media?parent=89368"}],"wp:term":[{"taxonomy":"product_brand","embeddable":true,"href":"https:\/\/kidsplay.lt\/lv\/wp-json\/wp\/v2\/product_brand?post=89368"},{"taxonomy":"product_cat","embeddable":true,"href":"https:\/\/kidsplay.lt\/lv\/wp-json\/wp\/v2\/product_cat?post=89368"},{"taxonomy":"product_tag","embeddable":true,"href":"https:\/\/kidsplay.lt\/lv\/wp-json\/wp\/v2\/product_tag?post=89368"}],"curies":[{"name":"wp","href":"https:\/\/api.w.org\/{rel}","templated":true}]}}