{"id":89370,"date":"2026-02-26T09:14:51","date_gmt":"2026-02-26T07:14:51","guid":{"rendered":"https:\/\/kidsplay.lt\/produktas\/woopie-green-medinis-ledu-kioskeliu-rinkinys-su-ledu-stovu-16-daliu\/"},"modified":"2026-04-07T10:28:55","modified_gmt":"2026-04-07T07:28:55","slug":"woopie-green-medinis-ledu-kioskeliu-rinkinys-su-ledu-stovu-16-daliu","status":"publish","type":"product","link":"https:\/\/kidsplay.lt\/lv\/products\/woopie-green-medinis-ledu-kioskeliu-rinkinys-su-ledu-stovu-16-daliu\/","title":{"rendered":"WOOPIE GREEN medinis led\u0173 kioskeli\u0173 rinkinys su led\u0173 stovu, 16 dali\u0173"},"content":{"rendered":"<p>WOOPIE GREEN \u2013 Medinis led\u0173 stovas \u2013 linksmybi\u0173 kupinas skonio!<\/p>\n<p>Tapk\u00a0led\u0173 meistru\u00a0su \u017eavingu\u00a0\u201eWoopie Green\u201c\u00a0led\u0173 kiosku !<\/p>\n<p>\u0160is pastelini\u0173 spalv\u0173 rinkinys yra\u00a0svajoni\u0173 \u017eaislas ma\u017eiesiems vir\u0117jams\u00a0ir\u00a0konditeriams\u00a0. Vaikai gali apsimesti parduotuve, patiekian\u010dia skanius ledus su vafliniu rageliu, kau\u0161eliais ir ledais ant pagaliuko \u2013 visa tai pagaminta i\u0161\u00a0saugios medienos ir gra\u017eiai nuda\u017eyta.\u00a0Magnetini\u0173 kau\u0161eli\u0173\u00a0ir prid\u0117to\u00a0meniu\u00a0d\u0117ka\u00a0ma\u017eyliai gali tapti led\u0173 pardav\u0117ju ir linksmai lavinti savo vaizduot\u0119 bei rank\u0173 \u012fg\u016bd\u017eius.<\/p>\n<p>Rakstur\u012bgs:<\/p>\n<p> \t&#8211; Vaikams nuo\u00a03 met\u0173 am\u017eiaus<br \/>\n \t&#8211; Komplektas pagamintas i\u0161\u00a0med\u017eio\u00a0, da\u017eytas\u00a0netoksi\u0161kais da\u017eais<br \/>\n \t&#8211; Paprastas ir\u00a0lengvas surinkimas<br \/>\n \t&#8211; Realisti\u0161ki aksesuarai: ledai ant pagaliuko, kau\u0161eliai, vafliai, meniu ir \u0161auk\u0161tas<br \/>\n \t&#8211;\u00a0Ranken\u0117l\u0117s sujungtos magnetu\u00a0\u2013 lengva u\u017ed\u0117ti ir nuimti<br \/>\n \t&#8211; Puikiai tinka\u00a0\u017eaisti parduotuv\u0117je\u00a0arba kaip\u00a0vaik\u0173 virtuv\u0117s papildymas<\/p>\n<p>Komplekt\u0101 ietilpst:<\/p>\n<p> \t&#8211;\u00a0Medinis led\u0173 stovas<br \/>\n \t&#8211;\u00a04 ledukai ant pagaliuko<br \/>\n \t&#8211;\u00a03 vafliai<br \/>\n \t&#8211;\u00a06 magnetiniai led\u0173 kau\u0161eliai<br \/>\n \t&#8211;\u00a0Led\u0173 \u0161auk\u0161telis<br \/>\n \t&#8211;\u00a0Meniu su si\u016blomais skoniais<\/p>\n<p>Rota\u013clieta att\u012bst\u0101s:<\/p>\n<p> \t&#8211;\u00a0Rankiniai \u012fg\u016bd\u017eiai\u00a0\u2013 led\u0173 element\u0173 griebimas, i\u0161d\u0117stymas ir valdymas<br \/>\n \t&#8211;\u00a0Rank\u0173 ir aki\u0173 koordinacija\u00a0\u2013 judesi\u0173 tikslumas derinant skonius<br \/>\n \t&#8211;\u00a0Vikrumas\u00a0\u2013 rank\u0173 ir pir\u0161t\u0173 miklumo lavinimas<br \/>\n \t&#8211;\u00a0Vaizduot\u0117 ir k\u016brybi\u0161kumas\u00a0\u2013 imantis pardav\u0117jo vaidmens<br \/>\n \t&#8211;\u00a0Loginis m\u0105stymas\u00a0\u2013 element\u0173 derinimas ir kompozicij\u0173 k\u016brimas<br \/>\n \t&#8211;\u00a0Vaidmen\u0173 \u017eaidimas\u00a0\u2013 parduotuv\u0117s \u017eaidimas lavina socialinius \u012fg\u016bd\u017eius<\/p>","protected":false},"excerpt":{"rendered":"<p>WOOPIE GREEN \u2013 Medinis led\u0173 stovas \u2013 linksmybi\u0173 kupinas skonio! Tapk\u00a0led\u0173 meistru\u00a0su \u017eavingu\u00a0\u201eWoopie Green\u201c\u00a0led\u0173 kiosku ! \u0160is pastelini\u0173 spalv\u0173 rinkinys<\/p>","protected":false},"featured_media":79156,"template":"","meta":{"_acf_changed":false,"_glsr_average":0,"_glsr_ranking":0,"_glsr_reviews":0},"product_brand":[],"product_cat":[893,399],"product_tag":[],"class_list":{"0":"post-89370","1":"product","2":"type-product","3":"status-publish","4":"has-post-thumbnail","6":"product_cat-parduotuves","7":"product_cat-vaidmenu-zaidimai-2","8":"\"style=\"background-color: #2ecc711c;\"","10":"first","11":"instock","12":"purchasable","13":"product-type-simple"},"acf":[],"yoast_head":"<!-- This site is optimized with the Yoast SEO plugin v27.3 - https:\/\/yoast.com\/product\/yoast-seo-wordpress\/ -->\n<title>WOOPIE GREEN medinis led\u0173 kioskeli\u0173 rinkinys su led\u0173 stovu, 16 dali\u0173<\/title>\n<meta name=\"description\" content=\"WOOPIE GREEN medinis led\u0173 kioskeli\u0173 rinkinys su led\u0173 stovu, 16 dali\u0173 - KidsPlay. Did\u017eiausias vaik\u0173 \u017eaisl\u0173 pasirinkimas.\" \/>\n<meta name=\"robots\" content=\"index, follow, max-snippet:-1, max-image-preview:large, max-video-preview:-1\" \/>\n<link rel=\"canonical\" href=\"https:\/\/kidsplay.lt\/lv\/products\/woopie-green-medinis-ledu-kioskeliu-rinkinys-su-ledu-stovu-16-daliu\/\" \/>\n<meta property=\"og:locale\" content=\"lv_LV\" \/>\n<meta property=\"og:type\" content=\"article\" \/>\n<meta property=\"og:title\" content=\"WOOPIE GREEN medinis led\u0173 kioskeli\u0173 rinkinys su led\u0173 stovu, 16 dali\u0173\" \/>\n<meta property=\"og:description\" content=\"WOOPIE GREEN medinis led\u0173 kioskeli\u0173 rinkinys su led\u0173 stovu, 16 dali\u0173 - KidsPlay. Did\u017eiausias vaik\u0173 \u017eaisl\u0173 pasirinkimas.\" \/>\n<meta property=\"og:url\" content=\"https:\/\/kidsplay.lt\/lv\/products\/woopie-green-medinis-ledu-kioskeliu-rinkinys-su-ledu-stovu-16-daliu\/\" \/>\n<meta property=\"og:site_name\" content=\"KidsPlay\" \/>\n<meta property=\"article:publisher\" content=\"https:\/\/www.facebook.com\/www.kidsplay.lt\" \/>\n<meta property=\"article:modified_time\" content=\"2026-04-07T07:28:55+00:00\" \/>\n<meta property=\"og:image\" content=\"https:\/\/kidsplay.lt\/wp-content\/uploads\/2025\/10\/WOOPIE-GREEN-medinis-ledu-kioskeliu-rinkinys-su-ledu-stovu-16-daliu.jpg\" \/>\n\t<meta property=\"og:image:width\" content=\"2500\" \/>\n\t<meta property=\"og:image:height\" content=\"2500\" \/>\n\t<meta property=\"og:image:type\" content=\"image\/jpeg\" \/>\n<meta name=\"twitter:card\" content=\"summary_large_image\" \/>\n<meta name=\"twitter:label1\" content=\"Est. reading time\" \/>\n\t<meta name=\"twitter:data1\" content=\"1 min\u016bte\" \/>\n<script type=\"application\/ld+json\" class=\"yoast-schema-graph\">{\"@context\":\"https:\\\/\\\/schema.org\",\"@graph\":[{\"@type\":\"WebPage\",\"@id\":\"https:\\\/\\\/kidsplay.lt\\\/produktas\\\/woopie-green-medinis-ledu-kioskeliu-rinkinys-su-ledu-stovu-16-daliu\\\/\",\"url\":\"https:\\\/\\\/kidsplay.lt\\\/produktas\\\/woopie-green-medinis-ledu-kioskeliu-rinkinys-su-ledu-stovu-16-daliu\\\/\",\"name\":\"WOOPIE GREEN medinis led\u0173 kioskeli\u0173 rinkinys su led\u0173 stovu, 16 dali\u0173\",\"isPartOf\":{\"@id\":\"https:\\\/\\\/kidsplay.lt\\\/#website\"},\"primaryImageOfPage\":{\"@id\":\"https:\\\/\\\/kidsplay.lt\\\/produktas\\\/woopie-green-medinis-ledu-kioskeliu-rinkinys-su-ledu-stovu-16-daliu\\\/#primaryimage\"},\"image\":{\"@id\":\"https:\\\/\\\/kidsplay.lt\\\/produktas\\\/woopie-green-medinis-ledu-kioskeliu-rinkinys-su-ledu-stovu-16-daliu\\\/#primaryimage\"},\"thumbnailUrl\":\"https:\\\/\\\/kidsplay.lt\\\/wp-content\\\/uploads\\\/2025\\\/10\\\/WOOPIE-GREEN-medinis-ledu-kioskeliu-rinkinys-su-ledu-stovu-16-daliu.jpg\",\"datePublished\":\"2026-02-26T07:14:51+00:00\",\"dateModified\":\"2026-04-07T07:28:55+00:00\",\"description\":\"WOOPIE GREEN medinis led\u0173 kioskeli\u0173 rinkinys su led\u0173 stovu, 16 dali\u0173 - KidsPlay. Did\u017eiausias vaik\u0173 \u017eaisl\u0173 pasirinkimas.\",\"breadcrumb\":{\"@id\":\"https:\\\/\\\/kidsplay.lt\\\/produktas\\\/woopie-green-medinis-ledu-kioskeliu-rinkinys-su-ledu-stovu-16-daliu\\\/#breadcrumb\"},\"inLanguage\":\"lv-LV\",\"potentialAction\":[{\"@type\":\"ReadAction\",\"target\":[\"https:\\\/\\\/kidsplay.lt\\\/produktas\\\/woopie-green-medinis-ledu-kioskeliu-rinkinys-su-ledu-stovu-16-daliu\\\/\"]}]},{\"@type\":\"ImageObject\",\"inLanguage\":\"lv-LV\",\"@id\":\"https:\\\/\\\/kidsplay.lt\\\/produktas\\\/woopie-green-medinis-ledu-kioskeliu-rinkinys-su-ledu-stovu-16-daliu\\\/#primaryimage\",\"url\":\"https:\\\/\\\/kidsplay.lt\\\/wp-content\\\/uploads\\\/2025\\\/10\\\/WOOPIE-GREEN-medinis-ledu-kioskeliu-rinkinys-su-ledu-stovu-16-daliu.jpg\",\"contentUrl\":\"https:\\\/\\\/kidsplay.lt\\\/wp-content\\\/uploads\\\/2025\\\/10\\\/WOOPIE-GREEN-medinis-ledu-kioskeliu-rinkinys-su-ledu-stovu-16-daliu.jpg\",\"width\":2500,\"height\":2500,\"caption\":\"WOOPIE GREEN medinis led\u0173 kioskeli\u0173 rinkinys su led\u0173 stovu\"},{\"@type\":\"BreadcrumbList\",\"@id\":\"https:\\\/\\\/kidsplay.lt\\\/produktas\\\/woopie-green-medinis-ledu-kioskeliu-rinkinys-su-ledu-stovu-16-daliu\\\/#breadcrumb\",\"itemListElement\":[{\"@type\":\"ListItem\",\"position\":1,\"name\":\"Pagrindinis\",\"item\":\"https:\\\/\\\/kidsplay.lt\\\/\"},{\"@type\":\"ListItem\",\"position\":2,\"name\":\"Parduotuv\u0117\",\"item\":\"https:\\\/\\\/kidsplay.lt\\\/parduotuve\\\/\"},{\"@type\":\"ListItem\",\"position\":3,\"name\":\"WOOPIE GREEN medinis led\u0173 kioskeli\u0173 rinkinys su led\u0173 stovu, 16 dali\u0173\"}]},{\"@type\":\"WebSite\",\"@id\":\"https:\\\/\\\/kidsplay.lt\\\/#website\",\"url\":\"https:\\\/\\\/kidsplay.lt\\\/\",\"name\":\"Kidsplay.lt\",\"description\":\"\u012evairios prek\u0117s vaikams\",\"publisher\":{\"@id\":\"https:\\\/\\\/kidsplay.lt\\\/#organization\"},\"alternateName\":\"Kidsplay\",\"potentialAction\":[{\"@type\":\"SearchAction\",\"target\":{\"@type\":\"EntryPoint\",\"urlTemplate\":\"https:\\\/\\\/kidsplay.lt\\\/?s={search_term_string}\"},\"query-input\":{\"@type\":\"PropertyValueSpecification\",\"valueRequired\":true,\"valueName\":\"search_term_string\"}}],\"inLanguage\":\"lv-LV\"},{\"@type\":\"Organization\",\"@id\":\"https:\\\/\\\/kidsplay.lt\\\/#organization\",\"name\":\"KidsPlay\",\"url\":\"https:\\\/\\\/kidsplay.lt\\\/\",\"logo\":{\"@type\":\"ImageObject\",\"inLanguage\":\"lv-LV\",\"@id\":\"https:\\\/\\\/kidsplay.lt\\\/#\\\/schema\\\/logo\\\/image\\\/\",\"url\":\"https:\\\/\\\/kidsplay.lt\\\/wp-content\\\/uploads\\\/2023\\\/07\\\/kidsplay-logo.png\",\"contentUrl\":\"https:\\\/\\\/kidsplay.lt\\\/wp-content\\\/uploads\\\/2023\\\/07\\\/kidsplay-logo.png\",\"width\":451,\"height\":98,\"caption\":\"KidsPlay\"},\"image\":{\"@id\":\"https:\\\/\\\/kidsplay.lt\\\/#\\\/schema\\\/logo\\\/image\\\/\"},\"sameAs\":[\"https:\\\/\\\/www.facebook.com\\\/www.kidsplay.lt\"]}]}<\/script>\n<!-- \/ Yoast SEO plugin. -->","yoast_head_json":{"title":"WOOPIE GREEN medinis led\u0173 kioskeli\u0173 rinkinys su led\u0173 stovu, 16 dali\u0173","description":"WOOPIE GREEN medinis led\u0173 kioskeli\u0173 rinkinys su led\u0173 stovu, 16 dali\u0173 - KidsPlay. Did\u017eiausias vaik\u0173 \u017eaisl\u0173 pasirinkimas.","robots":{"index":"index","follow":"follow","max-snippet":"max-snippet:-1","max-image-preview":"max-image-preview:large","max-video-preview":"max-video-preview:-1"},"canonical":"https:\/\/kidsplay.lt\/lv\/products\/woopie-green-medinis-ledu-kioskeliu-rinkinys-su-ledu-stovu-16-daliu\/","og_locale":"lv_LV","og_type":"article","og_title":"WOOPIE GREEN medinis led\u0173 kioskeli\u0173 rinkinys su led\u0173 stovu, 16 dali\u0173","og_description":"WOOPIE GREEN medinis led\u0173 kioskeli\u0173 rinkinys su led\u0173 stovu, 16 dali\u0173 - KidsPlay. Did\u017eiausias vaik\u0173 \u017eaisl\u0173 pasirinkimas.","og_url":"https:\/\/kidsplay.lt\/lv\/products\/woopie-green-medinis-ledu-kioskeliu-rinkinys-su-ledu-stovu-16-daliu\/","og_site_name":"KidsPlay","article_publisher":"https:\/\/www.facebook.com\/www.kidsplay.lt","article_modified_time":"2026-04-07T07:28:55+00:00","og_image":[{"width":2500,"height":2500,"url":"https:\/\/kidsplay.lt\/wp-content\/uploads\/2025\/10\/WOOPIE-GREEN-medinis-ledu-kioskeliu-rinkinys-su-ledu-stovu-16-daliu.jpg","type":"image\/jpeg"}],"twitter_card":"summary_large_image","twitter_misc":{"Est. reading time":"1 min\u016bte"},"schema":{"@context":"https:\/\/schema.org","@graph":[{"@type":"WebPage","@id":"https:\/\/kidsplay.lt\/produktas\/woopie-green-medinis-ledu-kioskeliu-rinkinys-su-ledu-stovu-16-daliu\/","url":"https:\/\/kidsplay.lt\/produktas\/woopie-green-medinis-ledu-kioskeliu-rinkinys-su-ledu-stovu-16-daliu\/","name":"WOOPIE GREEN medinis led\u0173 kioskeli\u0173 rinkinys su led\u0173 stovu, 16 dali\u0173","isPartOf":{"@id":"https:\/\/kidsplay.lt\/#website"},"primaryImageOfPage":{"@id":"https:\/\/kidsplay.lt\/produktas\/woopie-green-medinis-ledu-kioskeliu-rinkinys-su-ledu-stovu-16-daliu\/#primaryimage"},"image":{"@id":"https:\/\/kidsplay.lt\/produktas\/woopie-green-medinis-ledu-kioskeliu-rinkinys-su-ledu-stovu-16-daliu\/#primaryimage"},"thumbnailUrl":"https:\/\/kidsplay.lt\/wp-content\/uploads\/2025\/10\/WOOPIE-GREEN-medinis-ledu-kioskeliu-rinkinys-su-ledu-stovu-16-daliu.jpg","datePublished":"2026-02-26T07:14:51+00:00","dateModified":"2026-04-07T07:28:55+00:00","description":"WOOPIE GREEN medinis led\u0173 kioskeli\u0173 rinkinys su led\u0173 stovu, 16 dali\u0173 - KidsPlay. Did\u017eiausias vaik\u0173 \u017eaisl\u0173 pasirinkimas.","breadcrumb":{"@id":"https:\/\/kidsplay.lt\/produktas\/woopie-green-medinis-ledu-kioskeliu-rinkinys-su-ledu-stovu-16-daliu\/#breadcrumb"},"inLanguage":"lv-LV","potentialAction":[{"@type":"ReadAction","target":["https:\/\/kidsplay.lt\/produktas\/woopie-green-medinis-ledu-kioskeliu-rinkinys-su-ledu-stovu-16-daliu\/"]}]},{"@type":"ImageObject","inLanguage":"lv-LV","@id":"https:\/\/kidsplay.lt\/produktas\/woopie-green-medinis-ledu-kioskeliu-rinkinys-su-ledu-stovu-16-daliu\/#primaryimage","url":"https:\/\/kidsplay.lt\/wp-content\/uploads\/2025\/10\/WOOPIE-GREEN-medinis-ledu-kioskeliu-rinkinys-su-ledu-stovu-16-daliu.jpg","contentUrl":"https:\/\/kidsplay.lt\/wp-content\/uploads\/2025\/10\/WOOPIE-GREEN-medinis-ledu-kioskeliu-rinkinys-su-ledu-stovu-16-daliu.jpg","width":2500,"height":2500,"caption":"WOOPIE GREEN medinis led\u0173 kioskeli\u0173 rinkinys su led\u0173 stovu"},{"@type":"BreadcrumbList","@id":"https:\/\/kidsplay.lt\/produktas\/woopie-green-medinis-ledu-kioskeliu-rinkinys-su-ledu-stovu-16-daliu\/#breadcrumb","itemListElement":[{"@type":"ListItem","position":1,"name":"Pagrindinis","item":"https:\/\/kidsplay.lt\/"},{"@type":"ListItem","position":2,"name":"Parduotuv\u0117","item":"https:\/\/kidsplay.lt\/parduotuve\/"},{"@type":"ListItem","position":3,"name":"WOOPIE GREEN medinis led\u0173 kioskeli\u0173 rinkinys su led\u0173 stovu, 16 dali\u0173"}]},{"@type":"WebSite","@id":"https:\/\/kidsplay.lt\/#website","url":"https:\/\/kidsplay.lt\/","name":"B\u0113rnu sp\u0113les.lv","description":"\u012evairios prek\u0117s vaikams","publisher":{"@id":"https:\/\/kidsplay.lt\/#organization"},"alternateName":"Kidsplay","potentialAction":[{"@type":"SearchAction","target":{"@type":"EntryPoint","urlTemplate":"https:\/\/kidsplay.lt\/?s={search_term_string}"},"query-input":{"@type":"PropertyValueSpecification","valueRequired":true,"valueName":"search_term_string"}}],"inLanguage":"lv-LV"},{"@type":"Organization","@id":"https:\/\/kidsplay.lt\/#organization","name":"B\u0113rnu sp\u0113le","url":"https:\/\/kidsplay.lt\/","logo":{"@type":"ImageObject","inLanguage":"lv-LV","@id":"https:\/\/kidsplay.lt\/#\/schema\/logo\/image\/","url":"https:\/\/kidsplay.lt\/wp-content\/uploads\/2023\/07\/kidsplay-logo.png","contentUrl":"https:\/\/kidsplay.lt\/wp-content\/uploads\/2023\/07\/kidsplay-logo.png","width":451,"height":98,"caption":"KidsPlay"},"image":{"@id":"https:\/\/kidsplay.lt\/#\/schema\/logo\/image\/"},"sameAs":["https:\/\/www.facebook.com\/www.kidsplay.lt"]}]}},"_links":{"self":[{"href":"https:\/\/kidsplay.lt\/lv\/wp-json\/wp\/v2\/product\/89370","targetHints":{"allow":["GET"]}}],"collection":[{"href":"https:\/\/kidsplay.lt\/lv\/wp-json\/wp\/v2\/product"}],"about":[{"href":"https:\/\/kidsplay.lt\/lv\/wp-json\/wp\/v2\/types\/product"}],"version-history":[{"count":1,"href":"https:\/\/kidsplay.lt\/lv\/wp-json\/wp\/v2\/product\/89370\/revisions"}],"predecessor-version":[{"id":89371,"href":"https:\/\/kidsplay.lt\/lv\/wp-json\/wp\/v2\/product\/89370\/revisions\/89371"}],"wp:featuredmedia":[{"embeddable":true,"href":"https:\/\/kidsplay.lt\/lv\/wp-json\/wp\/v2\/media\/79156"}],"wp:attachment":[{"href":"https:\/\/kidsplay.lt\/lv\/wp-json\/wp\/v2\/media?parent=89370"}],"wp:term":[{"taxonomy":"product_brand","embeddable":true,"href":"https:\/\/kidsplay.lt\/lv\/wp-json\/wp\/v2\/product_brand?post=89370"},{"taxonomy":"product_cat","embeddable":true,"href":"https:\/\/kidsplay.lt\/lv\/wp-json\/wp\/v2\/product_cat?post=89370"},{"taxonomy":"product_tag","embeddable":true,"href":"https:\/\/kidsplay.lt\/lv\/wp-json\/wp\/v2\/product_tag?post=89370"}],"curies":[{"name":"wp","href":"https:\/\/api.w.org\/{rel}","templated":true}]}}