{"id":89385,"date":"2026-02-26T09:19:53","date_gmt":"2026-02-26T07:19:53","guid":{"rendered":"https:\/\/kidsplay.lt\/produktas\/sensorinis-kilimelis-delione-gyvate\/"},"modified":"2026-04-20T08:25:46","modified_gmt":"2026-04-20T05:25:46","slug":"sensorinis-kilimelis-delione-gyvate","status":"publish","type":"product","link":"https:\/\/kidsplay.lt\/lv\/products\/sensorinis-kilimelis-delione-gyvate\/","title":{"rendered":"Sensor\u0101 puzles \u010d\u016bskas pakl\u0101ji\u0146\u0161"},"content":{"rendered":"<p>\u201eWoopie\u201c\u00a0prek\u0117s \u017eenklo\u00a0jutimo kilim\u0117lis\u00a0, pasi\u017eymintis puikiomis\u00a0ortopedin\u0117mis\u00a0savyb\u0117mis, yra b\u016btinas norint\u00a0palaikyti j\u016bs\u0173 k\u016bdikio vystym\u0105si\u00a0. Be to, tai gali b\u016bti\u00a0labai smagu\u00a0vaikams, kurie m\u0117gsta vaik\u0161\u010dioti\u00a0basomis\u00a0. Rinkinyje yra\u00a06 elementai\/d\u0117lion\u0117s\u00a0su \u012fvairi\u0173 tip\u0173\u00a0kietomis\u00a0ir\u00a0mink\u0161tomis\u00a0konstrukcijomis , kurios surinktos primena gyvat\u0119.<br \/>\nTas sast\u0101v no virsm\u0101m, kas stiprina \u0137erme\u0146a kodolu un nodro\u0161ina l\u012bdzsvaru un stabilit\u0101ti treni\u0146a laik\u0101. Papildu ieguvums ir pot\u012b\u0161u un iek\u0161\u0113jo musku\u013cu nostiprin\u0101\u0161ana, kas pal\u012bdz uztur\u0113t pareizu st\u0101ju. Komplekts lieliski papildina citus \u0161\u012bs s\u0113rijas komplektus.<\/p>\n<p>Pakl\u0101ji\u0146a lieto\u0161ana stimul\u0113 ma\u0146as, mas\u0113 p\u0113das un nov\u0113r\u0161 plakan\u0101s p\u0113das. Pakl\u0101ji\u0146i ietekm\u0113 ar\u012b b\u0113rna sensorisko integr\u0101ciju, kas ir sp\u0113ja sajust un rea\u0123\u0113t uz \u0137erme\u0146a un vides sniegto inform\u0101ciju.<\/p>\n<p>Raksturojums:<\/p>\n<p> \t\u2013 sensorisks, ortop\u0113disks pakl\u0101ji\u0146\u0161, sak\u0101rtots k\u0101 puzle<br \/>\n \t\u2013 cietas un m\u012bkstas virsmas ar da\u017e\u0101d\u0101m funkcij\u0101m un konstrukcij\u0101m<br \/>\n \t- vesel\u012bba un izklaide<br \/>\n \t- b\u0113rniem, kuriem pat\u012bk staig\u0101t bas\u0101m k\u0101j\u0101m<\/p>\n<p>Privalumai ir funkcijos:<\/p>\n<p> \t&#8211;\u00a0stiprina k\u016bno \u0161erd\u012f\u00a0ir u\u017etikrina\u00a0treniruo\u010di\u0173\u00a0pusiausvyr\u0105\u00a0bei\u00a0stabilum\u0105<br \/>\n \t&#8211;\u00a0kulk\u0161ni\u0173\u00a0ir\u00a0vidini\u0173 raumen\u0173\u00a0stiprinimas , padedantis taisyklingai laikysenai<br \/>\n \t&#8211;\u00a0stimuliuoja poj\u016b\u010dius\u00a0,\u00a0masa\u017euoja p\u0117das\u00a0ir\u00a0pa\u0161alina\u00a0plok\u0161\u010di\u0173 p\u0117d\u0173\u00a0atsiradim\u0105<br \/>\n \t&#8211; veikia vaiko\u00a0sensorin\u0119 integracij\u0105\u00a0, t. y.\u00a0geb\u0117jim\u0105 jausti\u00a0ir\u00a0reaguoti\u00a0\u012f k\u016bno ir aplinkos teikiam\u0105 informacij\u0105<\/p>\n<p>Elementi:<\/p>\n<p> \t&#8211;\u00a01 x\u00a0gyvat\u0117s\u00a0galva<br \/>\n \t&#8211;\u00a02 x\u00a0tiesus\u00a0gyvat\u0117s k\u016bnas<br \/>\n \t&#8211;\u00a02 x\u00a0lenktas\u00a0gyvat\u0117s k\u016bnas<br \/>\n \t&#8211;\u00a01 x\u00a0gyvat\u0117s\u00a0uodega<\/p>\n<p>Komplekts lieliski papildina citus \u0161\u012bs s\u0113rijas komplektus.<br \/>\nKomplektus var kombin\u0113t, lai izveidotu liel\u0101ku telpu.<\/p>\n<p>\u201eWoopie\u201c\u00a0prek\u0117s \u017eenklo \u017eaislai\u00a0turi vien\u0105 tiksl\u0105 \u2013 prad\u017eiuginti vaikus! Tarp gausaus asortimento\u00a0Woopie\u00a0, be kita ko, turi karnavalini\u0173 kostium\u0173 ir kostium\u0173 vaikams, taip pat pakabinamas s\u016bpynes, putplas\u010dio \u017eaislus, \u012fvairi\u0173 r\u016b\u0161i\u0173 sodo \u017eaislus ir dar daugiau! Leiskite save nuvilioti linksmybi\u0173 \u2013 leiskite save nuvilti\u00a0Woop\u00a0!<\/p>","protected":false},"excerpt":{"rendered":"<p>\u201eWoopie\u201c\u00a0prek\u0117s \u017eenklo\u00a0jutimo kilim\u0117lis\u00a0, pasi\u017eymintis puikiomis\u00a0ortopedin\u0117mis\u00a0savyb\u0117mis, yra b\u016btinas norint\u00a0palaikyti j\u016bs\u0173 k\u016bdikio vystym\u0105si\u00a0. Be to, tai gali b\u016bti\u00a0labai smagu\u00a0vaikams, kurie m\u0117gsta vaik\u0161\u010dioti\u00a0basomis\u00a0.<\/p>","protected":false},"featured_media":57638,"template":"","meta":{"_acf_changed":false,"_glsr_average":0,"_glsr_ranking":0,"_glsr_reviews":0},"product_brand":[],"product_cat":[882,887],"product_tag":[],"class_list":{"0":"post-89385","1":"product","2":"type-product","3":"status-publish","4":"has-post-thumbnail","6":"product_cat-kudikiu-prieziura","7":"product_cat-sensoriniai-kilimeliai-kudikiams","8":"\"style=\"background-color: #2ecc711c;\"","10":"first","11":"instock","12":"purchasable","13":"product-type-simple"},"acf":[],"yoast_head":"<!-- This site is optimized with the Yoast SEO plugin v27.4 - https:\/\/yoast.com\/product\/yoast-seo-wordpress\/ -->\n<title>Sensorinis Kilim\u0117lis d\u0117lion\u0117 gyvat\u0117<\/title>\n<meta name=\"description\" content=\"Sensorinis Kilim\u0117lis d\u0117lion\u0117 gyvat\u0117 - KidsPlay. Did\u017eiausias vaik\u0173 \u017eaisl\u0173 pasirinkimas.\" \/>\n<meta name=\"robots\" content=\"index, follow, max-snippet:-1, max-image-preview:large, max-video-preview:-1\" \/>\n<link rel=\"canonical\" href=\"https:\/\/kidsplay.lt\/lv\/products\/sensorinis-kilimelis-delione-gyvate\/\" \/>\n<meta property=\"og:locale\" content=\"lv_LV\" \/>\n<meta property=\"og:type\" content=\"article\" \/>\n<meta property=\"og:title\" content=\"Sensorinis Kilim\u0117lis d\u0117lion\u0117 gyvat\u0117\" \/>\n<meta property=\"og:description\" content=\"Sensorinis Kilim\u0117lis d\u0117lion\u0117 gyvat\u0117 - KidsPlay. Did\u017eiausias vaik\u0173 \u017eaisl\u0173 pasirinkimas.\" \/>\n<meta property=\"og:url\" content=\"https:\/\/kidsplay.lt\/lv\/products\/sensorinis-kilimelis-delione-gyvate\/\" \/>\n<meta property=\"og:site_name\" content=\"KidsPlay\" \/>\n<meta property=\"article:publisher\" content=\"https:\/\/www.facebook.com\/www.kidsplay.lt\" \/>\n<meta property=\"article:modified_time\" content=\"2026-04-20T05:25:46+00:00\" \/>\n<meta property=\"og:image\" content=\"https:\/\/kidsplay.lt\/wp-content\/uploads\/2024\/10\/Sensorinis-Kilimelis-delione-gyvate.jpg\" \/>\n\t<meta property=\"og:image:width\" content=\"2477\" \/>\n\t<meta property=\"og:image:height\" content=\"2478\" \/>\n\t<meta property=\"og:image:type\" content=\"image\/jpeg\" \/>\n<meta name=\"twitter:card\" content=\"summary_large_image\" \/>\n<meta name=\"twitter:label1\" content=\"Est. reading time\" \/>\n\t<meta name=\"twitter:data1\" content=\"2 min\u016btes\" \/>\n<script type=\"application\/ld+json\" class=\"yoast-schema-graph\">{\"@context\":\"https:\\\/\\\/schema.org\",\"@graph\":[{\"@type\":\"WebPage\",\"@id\":\"https:\\\/\\\/kidsplay.lt\\\/produktas\\\/sensorinis-kilimelis-delione-gyvate\\\/\",\"url\":\"https:\\\/\\\/kidsplay.lt\\\/produktas\\\/sensorinis-kilimelis-delione-gyvate\\\/\",\"name\":\"Sensorinis Kilim\u0117lis d\u0117lion\u0117 gyvat\u0117\",\"isPartOf\":{\"@id\":\"https:\\\/\\\/kidsplay.lt\\\/#website\"},\"primaryImageOfPage\":{\"@id\":\"https:\\\/\\\/kidsplay.lt\\\/produktas\\\/sensorinis-kilimelis-delione-gyvate\\\/#primaryimage\"},\"image\":{\"@id\":\"https:\\\/\\\/kidsplay.lt\\\/produktas\\\/sensorinis-kilimelis-delione-gyvate\\\/#primaryimage\"},\"thumbnailUrl\":\"https:\\\/\\\/kidsplay.lt\\\/wp-content\\\/uploads\\\/2024\\\/10\\\/Sensorinis-Kilimelis-delione-gyvate.jpg\",\"datePublished\":\"2026-02-26T07:19:53+00:00\",\"dateModified\":\"2026-04-20T05:25:46+00:00\",\"description\":\"Sensorinis Kilim\u0117lis d\u0117lion\u0117 gyvat\u0117 - KidsPlay. Did\u017eiausias vaik\u0173 \u017eaisl\u0173 pasirinkimas.\",\"breadcrumb\":{\"@id\":\"https:\\\/\\\/kidsplay.lt\\\/produktas\\\/sensorinis-kilimelis-delione-gyvate\\\/#breadcrumb\"},\"inLanguage\":\"lv-LV\",\"potentialAction\":[{\"@type\":\"ReadAction\",\"target\":[\"https:\\\/\\\/kidsplay.lt\\\/produktas\\\/sensorinis-kilimelis-delione-gyvate\\\/\"]}]},{\"@type\":\"ImageObject\",\"inLanguage\":\"lv-LV\",\"@id\":\"https:\\\/\\\/kidsplay.lt\\\/produktas\\\/sensorinis-kilimelis-delione-gyvate\\\/#primaryimage\",\"url\":\"https:\\\/\\\/kidsplay.lt\\\/wp-content\\\/uploads\\\/2024\\\/10\\\/Sensorinis-Kilimelis-delione-gyvate.jpg\",\"contentUrl\":\"https:\\\/\\\/kidsplay.lt\\\/wp-content\\\/uploads\\\/2024\\\/10\\\/Sensorinis-Kilimelis-delione-gyvate.jpg\",\"width\":2477,\"height\":2478,\"caption\":\"Sensorinis Kilim\u0117lis d\u0117lion\u0117 gyvat\u0117\"},{\"@type\":\"BreadcrumbList\",\"@id\":\"https:\\\/\\\/kidsplay.lt\\\/produktas\\\/sensorinis-kilimelis-delione-gyvate\\\/#breadcrumb\",\"itemListElement\":[{\"@type\":\"ListItem\",\"position\":1,\"name\":\"Pagrindinis\",\"item\":\"https:\\\/\\\/kidsplay.lt\\\/\"},{\"@type\":\"ListItem\",\"position\":2,\"name\":\"Parduotuv\u0117\",\"item\":\"https:\\\/\\\/kidsplay.lt\\\/parduotuve\\\/\"},{\"@type\":\"ListItem\",\"position\":3,\"name\":\"Sensorinis Kilim\u0117lis d\u0117lion\u0117 gyvat\u0117\"}]},{\"@type\":\"WebSite\",\"@id\":\"https:\\\/\\\/kidsplay.lt\\\/#website\",\"url\":\"https:\\\/\\\/kidsplay.lt\\\/\",\"name\":\"Kidsplay.lt\",\"description\":\"\u012evairios prek\u0117s vaikams\",\"publisher\":{\"@id\":\"https:\\\/\\\/kidsplay.lt\\\/#organization\"},\"alternateName\":\"Kidsplay\",\"potentialAction\":[{\"@type\":\"SearchAction\",\"target\":{\"@type\":\"EntryPoint\",\"urlTemplate\":\"https:\\\/\\\/kidsplay.lt\\\/?s={search_term_string}\"},\"query-input\":{\"@type\":\"PropertyValueSpecification\",\"valueRequired\":true,\"valueName\":\"search_term_string\"}}],\"inLanguage\":\"lv-LV\"},{\"@type\":\"Organization\",\"@id\":\"https:\\\/\\\/kidsplay.lt\\\/#organization\",\"name\":\"KidsPlay\",\"url\":\"https:\\\/\\\/kidsplay.lt\\\/\",\"logo\":{\"@type\":\"ImageObject\",\"inLanguage\":\"lv-LV\",\"@id\":\"https:\\\/\\\/kidsplay.lt\\\/#\\\/schema\\\/logo\\\/image\\\/\",\"url\":\"https:\\\/\\\/kidsplay.lt\\\/wp-content\\\/uploads\\\/2023\\\/07\\\/kidsplay-logo.png\",\"contentUrl\":\"https:\\\/\\\/kidsplay.lt\\\/wp-content\\\/uploads\\\/2023\\\/07\\\/kidsplay-logo.png\",\"width\":451,\"height\":98,\"caption\":\"KidsPlay\"},\"image\":{\"@id\":\"https:\\\/\\\/kidsplay.lt\\\/#\\\/schema\\\/logo\\\/image\\\/\"},\"sameAs\":[\"https:\\\/\\\/www.facebook.com\\\/www.kidsplay.lt\"]}]}<\/script>\n<!-- \/ Yoast SEO plugin. -->","yoast_head_json":{"title":"Sensor\u0101 puzles \u010d\u016bskas pakl\u0101ji\u0146\u0161","description":"Sensorinis Kilim\u0117lis d\u0117lion\u0117 gyvat\u0117 - KidsPlay. Did\u017eiausias vaik\u0173 \u017eaisl\u0173 pasirinkimas.","robots":{"index":"index","follow":"follow","max-snippet":"max-snippet:-1","max-image-preview":"max-image-preview:large","max-video-preview":"max-video-preview:-1"},"canonical":"https:\/\/kidsplay.lt\/lv\/products\/sensorinis-kilimelis-delione-gyvate\/","og_locale":"lv_LV","og_type":"article","og_title":"Sensorinis Kilim\u0117lis d\u0117lion\u0117 gyvat\u0117","og_description":"Sensorinis Kilim\u0117lis d\u0117lion\u0117 gyvat\u0117 - KidsPlay. Did\u017eiausias vaik\u0173 \u017eaisl\u0173 pasirinkimas.","og_url":"https:\/\/kidsplay.lt\/lv\/products\/sensorinis-kilimelis-delione-gyvate\/","og_site_name":"KidsPlay","article_publisher":"https:\/\/www.facebook.com\/www.kidsplay.lt","article_modified_time":"2026-04-20T05:25:46+00:00","og_image":[{"width":2477,"height":2478,"url":"https:\/\/kidsplay.lt\/wp-content\/uploads\/2024\/10\/Sensorinis-Kilimelis-delione-gyvate.jpg","type":"image\/jpeg"}],"twitter_card":"summary_large_image","twitter_misc":{"Est. reading time":"2 min\u016btes"},"schema":{"@context":"https:\/\/schema.org","@graph":[{"@type":"WebPage","@id":"https:\/\/kidsplay.lt\/produktas\/sensorinis-kilimelis-delione-gyvate\/","url":"https:\/\/kidsplay.lt\/produktas\/sensorinis-kilimelis-delione-gyvate\/","name":"Sensor\u0101 puzles \u010d\u016bskas pakl\u0101ji\u0146\u0161","isPartOf":{"@id":"https:\/\/kidsplay.lt\/#website"},"primaryImageOfPage":{"@id":"https:\/\/kidsplay.lt\/produktas\/sensorinis-kilimelis-delione-gyvate\/#primaryimage"},"image":{"@id":"https:\/\/kidsplay.lt\/produktas\/sensorinis-kilimelis-delione-gyvate\/#primaryimage"},"thumbnailUrl":"https:\/\/kidsplay.lt\/wp-content\/uploads\/2024\/10\/Sensorinis-Kilimelis-delione-gyvate.jpg","datePublished":"2026-02-26T07:19:53+00:00","dateModified":"2026-04-20T05:25:46+00:00","description":"Sensorinis Kilim\u0117lis d\u0117lion\u0117 gyvat\u0117 - KidsPlay. Did\u017eiausias vaik\u0173 \u017eaisl\u0173 pasirinkimas.","breadcrumb":{"@id":"https:\/\/kidsplay.lt\/produktas\/sensorinis-kilimelis-delione-gyvate\/#breadcrumb"},"inLanguage":"lv-LV","potentialAction":[{"@type":"ReadAction","target":["https:\/\/kidsplay.lt\/produktas\/sensorinis-kilimelis-delione-gyvate\/"]}]},{"@type":"ImageObject","inLanguage":"lv-LV","@id":"https:\/\/kidsplay.lt\/produktas\/sensorinis-kilimelis-delione-gyvate\/#primaryimage","url":"https:\/\/kidsplay.lt\/wp-content\/uploads\/2024\/10\/Sensorinis-Kilimelis-delione-gyvate.jpg","contentUrl":"https:\/\/kidsplay.lt\/wp-content\/uploads\/2024\/10\/Sensorinis-Kilimelis-delione-gyvate.jpg","width":2477,"height":2478,"caption":"Sensorinis Kilim\u0117lis d\u0117lion\u0117 gyvat\u0117"},{"@type":"BreadcrumbList","@id":"https:\/\/kidsplay.lt\/produktas\/sensorinis-kilimelis-delione-gyvate\/#breadcrumb","itemListElement":[{"@type":"ListItem","position":1,"name":"Pagrindinis","item":"https:\/\/kidsplay.lt\/"},{"@type":"ListItem","position":2,"name":"Parduotuv\u0117","item":"https:\/\/kidsplay.lt\/parduotuve\/"},{"@type":"ListItem","position":3,"name":"Sensorinis Kilim\u0117lis d\u0117lion\u0117 gyvat\u0117"}]},{"@type":"WebSite","@id":"https:\/\/kidsplay.lt\/#website","url":"https:\/\/kidsplay.lt\/","name":"B\u0113rnu sp\u0113les.lv","description":"\u012evairios prek\u0117s vaikams","publisher":{"@id":"https:\/\/kidsplay.lt\/#organization"},"alternateName":"Kidsplay","potentialAction":[{"@type":"SearchAction","target":{"@type":"EntryPoint","urlTemplate":"https:\/\/kidsplay.lt\/?s={search_term_string}"},"query-input":{"@type":"PropertyValueSpecification","valueRequired":true,"valueName":"search_term_string"}}],"inLanguage":"lv-LV"},{"@type":"Organization","@id":"https:\/\/kidsplay.lt\/#organization","name":"B\u0113rnu sp\u0113le","url":"https:\/\/kidsplay.lt\/","logo":{"@type":"ImageObject","inLanguage":"lv-LV","@id":"https:\/\/kidsplay.lt\/#\/schema\/logo\/image\/","url":"https:\/\/kidsplay.lt\/wp-content\/uploads\/2023\/07\/kidsplay-logo.png","contentUrl":"https:\/\/kidsplay.lt\/wp-content\/uploads\/2023\/07\/kidsplay-logo.png","width":451,"height":98,"caption":"KidsPlay"},"image":{"@id":"https:\/\/kidsplay.lt\/#\/schema\/logo\/image\/"},"sameAs":["https:\/\/www.facebook.com\/www.kidsplay.lt"]}]}},"_links":{"self":[{"href":"https:\/\/kidsplay.lt\/lv\/wp-json\/wp\/v2\/product\/89385","targetHints":{"allow":["GET"]}}],"collection":[{"href":"https:\/\/kidsplay.lt\/lv\/wp-json\/wp\/v2\/product"}],"about":[{"href":"https:\/\/kidsplay.lt\/lv\/wp-json\/wp\/v2\/types\/product"}],"version-history":[{"count":1,"href":"https:\/\/kidsplay.lt\/lv\/wp-json\/wp\/v2\/product\/89385\/revisions"}],"predecessor-version":[{"id":89386,"href":"https:\/\/kidsplay.lt\/lv\/wp-json\/wp\/v2\/product\/89385\/revisions\/89386"}],"wp:featuredmedia":[{"embeddable":true,"href":"https:\/\/kidsplay.lt\/lv\/wp-json\/wp\/v2\/media\/57638"}],"wp:attachment":[{"href":"https:\/\/kidsplay.lt\/lv\/wp-json\/wp\/v2\/media?parent=89385"}],"wp:term":[{"taxonomy":"product_brand","embeddable":true,"href":"https:\/\/kidsplay.lt\/lv\/wp-json\/wp\/v2\/product_brand?post=89385"},{"taxonomy":"product_cat","embeddable":true,"href":"https:\/\/kidsplay.lt\/lv\/wp-json\/wp\/v2\/product_cat?post=89385"},{"taxonomy":"product_tag","embeddable":true,"href":"https:\/\/kidsplay.lt\/lv\/wp-json\/wp\/v2\/product_tag?post=89385"}],"curies":[{"name":"wp","href":"https:\/\/api.w.org\/{rel}","templated":true}]}}