{"id":89387,"date":"2026-02-26T09:19:56","date_gmt":"2026-02-26T07:19:56","guid":{"rendered":"https:\/\/kidsplay.lt\/produktas\/montessori-sensorinis-kamuolys-6in1\/"},"modified":"2026-04-07T10:35:01","modified_gmt":"2026-04-07T07:35:01","slug":"montessori-sensorinis-kamuolys-6in1","status":"publish","type":"product","link":"https:\/\/kidsplay.lt\/lv\/products\/montessori-sensorinis-kamuolys-6in1\/","title":{"rendered":"Montessori sensorinis kamuolys 6in1"},"content":{"rendered":"<p>Spalvingas\u00a0d\u0117\u017eut\u0117s formos\u00a0pingvinas i\u0161\u00a0WOOPIE\u00a0prek\u0117s \u017eenklo yra k\u016brybi\u0161kas ir edukacinis pasi\u016blymas ma\u017eiems vaikams. I\u0161 pirmo \u017evilgsnio jis atrodo kaip spalvingas, draugi\u0161kas pingvinas, skatinantis \u017eaisti. Ta\u010diau atid\u017eiau pa\u017ei\u016br\u0117j\u0119 pasteb\u0117site, kad tai taip pat interaktyvus kubas. \u0160is \u017eaislas buvo sukurtas ankstyvosioms vaik\u0173 raidos stadijoms, siekiant palaikyti j\u0173\u00a0jutiminius\u00a0geb\u0117jimus\u00a0ir\u00a0rank\u0173 \u012fg\u016bd\u017eius\u00a0.<\/p>\n<p>\u012evairios tekst\u016bros, ra\u0161tai ir spalvingi elementai d\u0117\u017eut\u0117s pavir\u0161iuje suteikia stimuliuojan\u010di\u0173 jutimini\u0173 potyri\u0173, kurie padeda\u00a0lavinti\u00a0vaiko poj\u016b\u010dius. Be to, interaktyv\u016bs elementai, tokie kaip \u0161okin\u0117jantis\u00a0\u0161uniukas\u00a0ar varpeliai, gali suteikti papildomos garso stimuliacijos, kuri turi \u012ftakos klausos ir motorin\u0117s koordinacijos vystymuisi. \u0160is \u017eaislas ne tik suteikia pramog\u0173, bet ir \u012fvairiais lygmenimis palaiko vaiko vystym\u0105si, tod\u0117l jis yra puikus pasirinkimas vaikams.<\/p>\n<p>Raksturojums:<\/p>\n<p> \tVaikams\u00a0nuo 3 met\u0173<br \/>\n \tKube yra\u00a0\u0161e\u0161ios skirtingos veiklos skydeliai<br \/>\n \tJame yra daug \u012fvairi\u0173 element\u0173, kurie stimuliuoja j\u016bs\u0173 k\u016bdikio poj\u016b\u010dius, pavyzd\u017eiui, tekst\u016bruoti pavir\u0161iai ir garsas<br \/>\n \tJis padeda lavinti j\u016bs\u0173 vaiko\u00a0motorik\u0105\u00a0sugriebiant\u00a0, traukiant, sukant ir spaud\u017eiant \u012fvairius daiktus<br \/>\n \tRy\u0161kios ir ry\u0161kios kubo spalvos kartu su \u012fvairiomis formomis, tekst\u016bromis ir garsais stimuliuoja jutimus ir skatina smulkiosios motorikos bei rank\u0173 ir aki\u0173 koordinacijos vystym\u0105si.<br \/>\n \t\u017daislas buvo sukurtas atsi\u017evelgiant \u012f ma\u017e\u0173 vaik\u0173 saugum\u0105 \u2013 u\u017eapvalinti kra\u0161tai, netoksi\u0161ki da\u017eai ir saugios dalys, kas u\u017etikrina saug\u0173 \u017eaidim\u0105.<\/p>\n<p>\u017daislo savyb\u0117s:<\/p>\n<p> \t&#8211; Pingvino veide yra du judantys elementai &#8211; Kai paspaud\u017eiame nos\u012f, \u017eaislas skleid\u017eia cypim\u0105 ir akys pradeda jud\u0117ti.<br \/>\n \t&#8211; Ant pingvino galvos, paspaudus jo kirp\u010diukus, i\u0161nyra \u0161uns fig\u016bra<br \/>\n \t&#8211; Ant galin\u0117s \u017eaislo sienel\u0117s yra g\u0117li\u0173 vazonas su zuiku\u010diu. D\u0117ka i\u0161 vazon\u0117lio dugno i\u0161siki\u0161usios dalies, vaikas gali judinti zuik\u012f. Be to, du dir\u017eelio galai i\u0161siki\u0161a i\u0161 vazono \u0161on\u0173, o juos patraukus g\u0117l\u0117 sukasi<br \/>\n \t&#8211; Apatin\u0117 sienel\u0117 yra besisukantis bar\u0161kutis su spalvingais kamuoliukais viduje<br \/>\n \t&#8211; Kair\u0117je pingvino kubo pus\u0117je yra \u201ePop-It\u201c \u017eaislas, kuris pasukus skleid\u017eia gars\u0105<br \/>\n \t&#8211; De\u0161in\u0117je \u017eaislo pus\u0117je yra paslaptingas paveikslas, kur\u012f vaikas gali pamatyti pasuk\u0119s raktel\u012f. Ma\u017e\u0173j\u0173 saugumui raktas tvirtai pritvirtintas prie \u017eaislo ant virvel\u0117s.<\/p>","protected":false},"excerpt":{"rendered":"<p>Spalvingas\u00a0d\u0117\u017eut\u0117s formos\u00a0pingvinas i\u0161\u00a0WOOPIE\u00a0prek\u0117s \u017eenklo yra k\u016brybi\u0161kas ir edukacinis pasi\u016blymas ma\u017eiems vaikams. I\u0161 pirmo \u017evilgsnio jis atrodo kaip spalvingas, draugi\u0161kas pingvinas,<\/p>","protected":false},"featured_media":57068,"template":"","meta":{"_acf_changed":false,"_glsr_average":0,"_glsr_ranking":0,"_glsr_reviews":0},"product_brand":[],"product_cat":[396,229],"product_tag":[],"class_list":{"0":"post-89387","1":"product","2":"type-product","3":"status-publish","4":"has-post-thumbnail","6":"product_cat-kudikiu-zaislai-vaikams2","7":"product_cat-zaislai-vaikams","8":"\"style=\"background-color: #2ecc711c;\"","10":"first","11":"instock","12":"purchasable","13":"product-type-simple"},"acf":[],"yoast_head":"<!-- This site is optimized with the Yoast SEO plugin v27.3 - https:\/\/yoast.com\/product\/yoast-seo-wordpress\/ -->\n<title>Montessori sensorinis kamuolys 6in1<\/title>\n<meta name=\"description\" content=\"Montessori sensorinis kamuolys 6in1 - KidsPlay. Did\u017eiausias vaik\u0173 \u017eaisl\u0173 pasirinkimas.\" \/>\n<meta name=\"robots\" content=\"index, follow, max-snippet:-1, max-image-preview:large, max-video-preview:-1\" \/>\n<link rel=\"canonical\" href=\"https:\/\/kidsplay.lt\/lv\/products\/montessori-sensorinis-kamuolys-6in1\/\" \/>\n<meta property=\"og:locale\" content=\"lv_LV\" \/>\n<meta property=\"og:type\" content=\"article\" \/>\n<meta property=\"og:title\" content=\"Montessori sensorinis kamuolys 6in1\" \/>\n<meta property=\"og:description\" content=\"Montessori sensorinis kamuolys 6in1 - KidsPlay. Did\u017eiausias vaik\u0173 \u017eaisl\u0173 pasirinkimas.\" \/>\n<meta property=\"og:url\" content=\"https:\/\/kidsplay.lt\/lv\/products\/montessori-sensorinis-kamuolys-6in1\/\" \/>\n<meta property=\"og:site_name\" content=\"KidsPlay\" \/>\n<meta property=\"article:publisher\" content=\"https:\/\/www.facebook.com\/www.kidsplay.lt\" \/>\n<meta property=\"article:modified_time\" content=\"2026-04-07T07:35:01+00:00\" \/>\n<meta property=\"og:image\" content=\"https:\/\/kidsplay.lt\/wp-content\/uploads\/2024\/10\/Montessori-sensorinis-kamuolys-6in1.jpg\" \/>\n\t<meta property=\"og:image:width\" content=\"2560\" \/>\n\t<meta property=\"og:image:height\" content=\"2560\" \/>\n\t<meta property=\"og:image:type\" content=\"image\/jpeg\" \/>\n<meta name=\"twitter:card\" content=\"summary_large_image\" \/>\n<meta name=\"twitter:label1\" content=\"Est. reading time\" \/>\n\t<meta name=\"twitter:data1\" content=\"2 min\u016btes\" \/>\n<script type=\"application\/ld+json\" class=\"yoast-schema-graph\">{\"@context\":\"https:\\\/\\\/schema.org\",\"@graph\":[{\"@type\":\"WebPage\",\"@id\":\"https:\\\/\\\/kidsplay.lt\\\/produktas\\\/montessori-sensorinis-kamuolys-6in1\\\/\",\"url\":\"https:\\\/\\\/kidsplay.lt\\\/produktas\\\/montessori-sensorinis-kamuolys-6in1\\\/\",\"name\":\"Montessori sensorinis kamuolys 6in1\",\"isPartOf\":{\"@id\":\"https:\\\/\\\/kidsplay.lt\\\/#website\"},\"primaryImageOfPage\":{\"@id\":\"https:\\\/\\\/kidsplay.lt\\\/produktas\\\/montessori-sensorinis-kamuolys-6in1\\\/#primaryimage\"},\"image\":{\"@id\":\"https:\\\/\\\/kidsplay.lt\\\/produktas\\\/montessori-sensorinis-kamuolys-6in1\\\/#primaryimage\"},\"thumbnailUrl\":\"https:\\\/\\\/kidsplay.lt\\\/wp-content\\\/uploads\\\/2024\\\/10\\\/Montessori-sensorinis-kamuolys-6in1.jpg\",\"datePublished\":\"2026-02-26T07:19:56+00:00\",\"dateModified\":\"2026-04-07T07:35:01+00:00\",\"description\":\"Montessori sensorinis kamuolys 6in1 - KidsPlay. Did\u017eiausias vaik\u0173 \u017eaisl\u0173 pasirinkimas.\",\"breadcrumb\":{\"@id\":\"https:\\\/\\\/kidsplay.lt\\\/produktas\\\/montessori-sensorinis-kamuolys-6in1\\\/#breadcrumb\"},\"inLanguage\":\"lv-LV\",\"potentialAction\":[{\"@type\":\"ReadAction\",\"target\":[\"https:\\\/\\\/kidsplay.lt\\\/produktas\\\/montessori-sensorinis-kamuolys-6in1\\\/\"]}]},{\"@type\":\"ImageObject\",\"inLanguage\":\"lv-LV\",\"@id\":\"https:\\\/\\\/kidsplay.lt\\\/produktas\\\/montessori-sensorinis-kamuolys-6in1\\\/#primaryimage\",\"url\":\"https:\\\/\\\/kidsplay.lt\\\/wp-content\\\/uploads\\\/2024\\\/10\\\/Montessori-sensorinis-kamuolys-6in1.jpg\",\"contentUrl\":\"https:\\\/\\\/kidsplay.lt\\\/wp-content\\\/uploads\\\/2024\\\/10\\\/Montessori-sensorinis-kamuolys-6in1.jpg\",\"width\":2560,\"height\":2560,\"caption\":\"Montessori sensorinis kamuolys 6in1\"},{\"@type\":\"BreadcrumbList\",\"@id\":\"https:\\\/\\\/kidsplay.lt\\\/produktas\\\/montessori-sensorinis-kamuolys-6in1\\\/#breadcrumb\",\"itemListElement\":[{\"@type\":\"ListItem\",\"position\":1,\"name\":\"Pagrindinis\",\"item\":\"https:\\\/\\\/kidsplay.lt\\\/\"},{\"@type\":\"ListItem\",\"position\":2,\"name\":\"Parduotuv\u0117\",\"item\":\"https:\\\/\\\/kidsplay.lt\\\/parduotuve\\\/\"},{\"@type\":\"ListItem\",\"position\":3,\"name\":\"Montessori sensorinis kamuolys 6in1\"}]},{\"@type\":\"WebSite\",\"@id\":\"https:\\\/\\\/kidsplay.lt\\\/#website\",\"url\":\"https:\\\/\\\/kidsplay.lt\\\/\",\"name\":\"Kidsplay.lt\",\"description\":\"\u012evairios prek\u0117s vaikams\",\"publisher\":{\"@id\":\"https:\\\/\\\/kidsplay.lt\\\/#organization\"},\"alternateName\":\"Kidsplay\",\"potentialAction\":[{\"@type\":\"SearchAction\",\"target\":{\"@type\":\"EntryPoint\",\"urlTemplate\":\"https:\\\/\\\/kidsplay.lt\\\/?s={search_term_string}\"},\"query-input\":{\"@type\":\"PropertyValueSpecification\",\"valueRequired\":true,\"valueName\":\"search_term_string\"}}],\"inLanguage\":\"lv-LV\"},{\"@type\":\"Organization\",\"@id\":\"https:\\\/\\\/kidsplay.lt\\\/#organization\",\"name\":\"KidsPlay\",\"url\":\"https:\\\/\\\/kidsplay.lt\\\/\",\"logo\":{\"@type\":\"ImageObject\",\"inLanguage\":\"lv-LV\",\"@id\":\"https:\\\/\\\/kidsplay.lt\\\/#\\\/schema\\\/logo\\\/image\\\/\",\"url\":\"https:\\\/\\\/kidsplay.lt\\\/wp-content\\\/uploads\\\/2023\\\/07\\\/kidsplay-logo.png\",\"contentUrl\":\"https:\\\/\\\/kidsplay.lt\\\/wp-content\\\/uploads\\\/2023\\\/07\\\/kidsplay-logo.png\",\"width\":451,\"height\":98,\"caption\":\"KidsPlay\"},\"image\":{\"@id\":\"https:\\\/\\\/kidsplay.lt\\\/#\\\/schema\\\/logo\\\/image\\\/\"},\"sameAs\":[\"https:\\\/\\\/www.facebook.com\\\/www.kidsplay.lt\"]}]}<\/script>\n<!-- \/ Yoast SEO plugin. -->","yoast_head_json":{"title":"Montessori sensorinis kamuolys 6in1","description":"Montessori sensorinis kamuolys 6in1 - KidsPlay. Did\u017eiausias vaik\u0173 \u017eaisl\u0173 pasirinkimas.","robots":{"index":"index","follow":"follow","max-snippet":"max-snippet:-1","max-image-preview":"max-image-preview:large","max-video-preview":"max-video-preview:-1"},"canonical":"https:\/\/kidsplay.lt\/lv\/products\/montessori-sensorinis-kamuolys-6in1\/","og_locale":"lv_LV","og_type":"article","og_title":"Montessori sensorinis kamuolys 6in1","og_description":"Montessori sensorinis kamuolys 6in1 - KidsPlay. Did\u017eiausias vaik\u0173 \u017eaisl\u0173 pasirinkimas.","og_url":"https:\/\/kidsplay.lt\/lv\/products\/montessori-sensorinis-kamuolys-6in1\/","og_site_name":"KidsPlay","article_publisher":"https:\/\/www.facebook.com\/www.kidsplay.lt","article_modified_time":"2026-04-07T07:35:01+00:00","og_image":[{"width":2560,"height":2560,"url":"https:\/\/kidsplay.lt\/wp-content\/uploads\/2024\/10\/Montessori-sensorinis-kamuolys-6in1.jpg","type":"image\/jpeg"}],"twitter_card":"summary_large_image","twitter_misc":{"Est. reading time":"2 min\u016btes"},"schema":{"@context":"https:\/\/schema.org","@graph":[{"@type":"WebPage","@id":"https:\/\/kidsplay.lt\/produktas\/montessori-sensorinis-kamuolys-6in1\/","url":"https:\/\/kidsplay.lt\/produktas\/montessori-sensorinis-kamuolys-6in1\/","name":"Montessori sensorinis kamuolys 6in1","isPartOf":{"@id":"https:\/\/kidsplay.lt\/#website"},"primaryImageOfPage":{"@id":"https:\/\/kidsplay.lt\/produktas\/montessori-sensorinis-kamuolys-6in1\/#primaryimage"},"image":{"@id":"https:\/\/kidsplay.lt\/produktas\/montessori-sensorinis-kamuolys-6in1\/#primaryimage"},"thumbnailUrl":"https:\/\/kidsplay.lt\/wp-content\/uploads\/2024\/10\/Montessori-sensorinis-kamuolys-6in1.jpg","datePublished":"2026-02-26T07:19:56+00:00","dateModified":"2026-04-07T07:35:01+00:00","description":"Montessori sensorinis kamuolys 6in1 - KidsPlay. Did\u017eiausias vaik\u0173 \u017eaisl\u0173 pasirinkimas.","breadcrumb":{"@id":"https:\/\/kidsplay.lt\/produktas\/montessori-sensorinis-kamuolys-6in1\/#breadcrumb"},"inLanguage":"lv-LV","potentialAction":[{"@type":"ReadAction","target":["https:\/\/kidsplay.lt\/produktas\/montessori-sensorinis-kamuolys-6in1\/"]}]},{"@type":"ImageObject","inLanguage":"lv-LV","@id":"https:\/\/kidsplay.lt\/produktas\/montessori-sensorinis-kamuolys-6in1\/#primaryimage","url":"https:\/\/kidsplay.lt\/wp-content\/uploads\/2024\/10\/Montessori-sensorinis-kamuolys-6in1.jpg","contentUrl":"https:\/\/kidsplay.lt\/wp-content\/uploads\/2024\/10\/Montessori-sensorinis-kamuolys-6in1.jpg","width":2560,"height":2560,"caption":"Montessori sensorinis kamuolys 6in1"},{"@type":"BreadcrumbList","@id":"https:\/\/kidsplay.lt\/produktas\/montessori-sensorinis-kamuolys-6in1\/#breadcrumb","itemListElement":[{"@type":"ListItem","position":1,"name":"Pagrindinis","item":"https:\/\/kidsplay.lt\/"},{"@type":"ListItem","position":2,"name":"Parduotuv\u0117","item":"https:\/\/kidsplay.lt\/parduotuve\/"},{"@type":"ListItem","position":3,"name":"Montessori sensorinis kamuolys 6in1"}]},{"@type":"WebSite","@id":"https:\/\/kidsplay.lt\/#website","url":"https:\/\/kidsplay.lt\/","name":"B\u0113rnu sp\u0113les.lv","description":"\u012evairios prek\u0117s vaikams","publisher":{"@id":"https:\/\/kidsplay.lt\/#organization"},"alternateName":"Kidsplay","potentialAction":[{"@type":"SearchAction","target":{"@type":"EntryPoint","urlTemplate":"https:\/\/kidsplay.lt\/?s={search_term_string}"},"query-input":{"@type":"PropertyValueSpecification","valueRequired":true,"valueName":"search_term_string"}}],"inLanguage":"lv-LV"},{"@type":"Organization","@id":"https:\/\/kidsplay.lt\/#organization","name":"B\u0113rnu sp\u0113le","url":"https:\/\/kidsplay.lt\/","logo":{"@type":"ImageObject","inLanguage":"lv-LV","@id":"https:\/\/kidsplay.lt\/#\/schema\/logo\/image\/","url":"https:\/\/kidsplay.lt\/wp-content\/uploads\/2023\/07\/kidsplay-logo.png","contentUrl":"https:\/\/kidsplay.lt\/wp-content\/uploads\/2023\/07\/kidsplay-logo.png","width":451,"height":98,"caption":"KidsPlay"},"image":{"@id":"https:\/\/kidsplay.lt\/#\/schema\/logo\/image\/"},"sameAs":["https:\/\/www.facebook.com\/www.kidsplay.lt"]}]}},"_links":{"self":[{"href":"https:\/\/kidsplay.lt\/lv\/wp-json\/wp\/v2\/product\/89387","targetHints":{"allow":["GET"]}}],"collection":[{"href":"https:\/\/kidsplay.lt\/lv\/wp-json\/wp\/v2\/product"}],"about":[{"href":"https:\/\/kidsplay.lt\/lv\/wp-json\/wp\/v2\/types\/product"}],"version-history":[{"count":1,"href":"https:\/\/kidsplay.lt\/lv\/wp-json\/wp\/v2\/product\/89387\/revisions"}],"predecessor-version":[{"id":89388,"href":"https:\/\/kidsplay.lt\/lv\/wp-json\/wp\/v2\/product\/89387\/revisions\/89388"}],"wp:featuredmedia":[{"embeddable":true,"href":"https:\/\/kidsplay.lt\/lv\/wp-json\/wp\/v2\/media\/57068"}],"wp:attachment":[{"href":"https:\/\/kidsplay.lt\/lv\/wp-json\/wp\/v2\/media?parent=89387"}],"wp:term":[{"taxonomy":"product_brand","embeddable":true,"href":"https:\/\/kidsplay.lt\/lv\/wp-json\/wp\/v2\/product_brand?post=89387"},{"taxonomy":"product_cat","embeddable":true,"href":"https:\/\/kidsplay.lt\/lv\/wp-json\/wp\/v2\/product_cat?post=89387"},{"taxonomy":"product_tag","embeddable":true,"href":"https:\/\/kidsplay.lt\/lv\/wp-json\/wp\/v2\/product_tag?post=89387"}],"curies":[{"name":"wp","href":"https:\/\/api.w.org\/{rel}","templated":true}]}}