{"id":89391,"date":"2026-02-26T09:20:00","date_gmt":"2026-02-26T07:20:00","guid":{"rendered":"https:\/\/kidsplay.lt\/produktas\/woopie-royal-zavus-kudikis-su-rubais-36-cm\/"},"modified":"2026-03-23T08:46:22","modified_gmt":"2026-03-23T06:46:22","slug":"woopie-royal-zavus-kudikis-su-rubais-36-cm","status":"publish","type":"product","link":"https:\/\/kidsplay.lt\/lv\/products\/woopie-royal-zavus-kudikis-su-rubais-36-cm\/","title":{"rendered":"WOOPIE ROYAL \u017eavus k\u016bdikis su r\u016bbais 36 cm"},"content":{"rendered":"<p>Mano \u017eavus k\u016bdikis\u00a0i\u0161\u00a0Woopie Royal\u00a0prek\u0117s \u017eenklo yra produktas, kuris prad\u017eiugins j\u016bs\u0173 vaik\u0105. Jis turi\u00a0judan\u010dias gal\u016bnes\u00a0ir gra\u017eias,\u00a0ak\u012f traukian\u010dias akis\u00a0. L\u0117l\u0117 apsirengusi mielu ro\u017einiu bod\u017eiu, ant galvos turi deran\u010di\u0105 kepur\u0119 ir kojines. Be to,\u00a0rinkinyje yra ro\u017einis buteliukas\u00a0, kur\u012f l\u0117l\u0117 gali laikyti rankose.<\/p>\n<p>Charakteristika:<\/p>\n<p> \t&#8211; \u017daislas nuo 3 met\u0173<br \/>\n \t&#8211; Geras darbas<br \/>\n \t&#8211; L\u0117l\u0117 turi mink\u0161tas, judan\u010dias gumines gal\u016bnes ir plastikin\u012f pilvuk\u0105 be pliu\u0161inio u\u017epildo<br \/>\n \t&#8211; Papildomas butelis<\/p>","protected":false},"excerpt":{"rendered":"<p>Mano \u017eavus k\u016bdikis\u00a0i\u0161\u00a0Woopie Royal\u00a0prek\u0117s \u017eenklo yra produktas, kuris prad\u017eiugins j\u016bs\u0173 vaik\u0105. Jis turi\u00a0judan\u010dias gal\u016bnes\u00a0ir gra\u017eias,\u00a0ak\u012f traukian\u010dias akis\u00a0. L\u0117l\u0117 apsirengusi mielu<\/p>","protected":false},"featured_media":57077,"template":"","meta":{"_acf_changed":false,"_glsr_average":0,"_glsr_ranking":0,"_glsr_reviews":0},"product_brand":[],"product_cat":[443,229],"product_tag":[],"class_list":{"0":"post-89391","1":"product","2":"type-product","3":"status-publish","4":"has-post-thumbnail","6":"product_cat-leles-ir-priedai","7":"product_cat-zaislai-vaikams","8":"\"style=\"background-color: #2ecc711c;\"","10":"first","11":"outofstock","12":"purchasable","13":"product-type-simple"},"acf":[],"yoast_head":"<!-- This site is optimized with the Yoast SEO plugin v27.3 - https:\/\/yoast.com\/product\/yoast-seo-wordpress\/ -->\n<title>WOOPIE ROYAL \u017eavus k\u016bdikis su r\u016bbais 36 cm<\/title>\n<meta name=\"description\" content=\"WOOPIE ROYAL \u017eavus k\u016bdikis su r\u016bbais 36 cm - KidsPlay. Did\u017eiausias vaik\u0173 \u017eaisl\u0173 pasirinkimas.\" \/>\n<meta name=\"robots\" content=\"index, follow, max-snippet:-1, max-image-preview:large, max-video-preview:-1\" \/>\n<link rel=\"canonical\" href=\"https:\/\/kidsplay.lt\/lv\/products\/woopie-royal-zavus-kudikis-su-rubais-36-cm\/\" \/>\n<meta property=\"og:locale\" content=\"lv_LV\" \/>\n<meta property=\"og:type\" content=\"article\" \/>\n<meta property=\"og:title\" content=\"WOOPIE ROYAL \u017eavus k\u016bdikis su r\u016bbais 36 cm\" \/>\n<meta property=\"og:description\" content=\"WOOPIE ROYAL \u017eavus k\u016bdikis su r\u016bbais 36 cm - KidsPlay. Did\u017eiausias vaik\u0173 \u017eaisl\u0173 pasirinkimas.\" \/>\n<meta property=\"og:url\" content=\"https:\/\/kidsplay.lt\/lv\/products\/woopie-royal-zavus-kudikis-su-rubais-36-cm\/\" \/>\n<meta property=\"og:site_name\" content=\"KidsPlay\" \/>\n<meta property=\"article:publisher\" content=\"https:\/\/www.facebook.com\/www.kidsplay.lt\" \/>\n<meta property=\"article:modified_time\" content=\"2026-03-23T06:46:22+00:00\" \/>\n<meta property=\"og:image\" content=\"https:\/\/kidsplay.lt\/wp-content\/uploads\/2024\/10\/WOOPIE-ROYAL-zavus-kudikis-su-rubais-36-cm.jpg\" \/>\n\t<meta property=\"og:image:width\" content=\"2560\" \/>\n\t<meta property=\"og:image:height\" content=\"2560\" \/>\n\t<meta property=\"og:image:type\" content=\"image\/jpeg\" \/>\n<meta name=\"twitter:card\" content=\"summary_large_image\" \/>\n<script type=\"application\/ld+json\" class=\"yoast-schema-graph\">{\"@context\":\"https:\\\/\\\/schema.org\",\"@graph\":[{\"@type\":\"WebPage\",\"@id\":\"https:\\\/\\\/kidsplay.lt\\\/produktas\\\/woopie-royal-zavus-kudikis-su-rubais-36-cm\\\/\",\"url\":\"https:\\\/\\\/kidsplay.lt\\\/produktas\\\/woopie-royal-zavus-kudikis-su-rubais-36-cm\\\/\",\"name\":\"WOOPIE ROYAL \u017eavus k\u016bdikis su r\u016bbais 36 cm\",\"isPartOf\":{\"@id\":\"https:\\\/\\\/kidsplay.lt\\\/#website\"},\"primaryImageOfPage\":{\"@id\":\"https:\\\/\\\/kidsplay.lt\\\/produktas\\\/woopie-royal-zavus-kudikis-su-rubais-36-cm\\\/#primaryimage\"},\"image\":{\"@id\":\"https:\\\/\\\/kidsplay.lt\\\/produktas\\\/woopie-royal-zavus-kudikis-su-rubais-36-cm\\\/#primaryimage\"},\"thumbnailUrl\":\"https:\\\/\\\/kidsplay.lt\\\/wp-content\\\/uploads\\\/2024\\\/10\\\/WOOPIE-ROYAL-zavus-kudikis-su-rubais-36-cm.jpg\",\"datePublished\":\"2026-02-26T07:20:00+00:00\",\"dateModified\":\"2026-03-23T06:46:22+00:00\",\"description\":\"WOOPIE ROYAL \u017eavus k\u016bdikis su r\u016bbais 36 cm - KidsPlay. Did\u017eiausias vaik\u0173 \u017eaisl\u0173 pasirinkimas.\",\"breadcrumb\":{\"@id\":\"https:\\\/\\\/kidsplay.lt\\\/produktas\\\/woopie-royal-zavus-kudikis-su-rubais-36-cm\\\/#breadcrumb\"},\"inLanguage\":\"lv-LV\",\"potentialAction\":[{\"@type\":\"ReadAction\",\"target\":[\"https:\\\/\\\/kidsplay.lt\\\/produktas\\\/woopie-royal-zavus-kudikis-su-rubais-36-cm\\\/\"]}]},{\"@type\":\"ImageObject\",\"inLanguage\":\"lv-LV\",\"@id\":\"https:\\\/\\\/kidsplay.lt\\\/produktas\\\/woopie-royal-zavus-kudikis-su-rubais-36-cm\\\/#primaryimage\",\"url\":\"https:\\\/\\\/kidsplay.lt\\\/wp-content\\\/uploads\\\/2024\\\/10\\\/WOOPIE-ROYAL-zavus-kudikis-su-rubais-36-cm.jpg\",\"contentUrl\":\"https:\\\/\\\/kidsplay.lt\\\/wp-content\\\/uploads\\\/2024\\\/10\\\/WOOPIE-ROYAL-zavus-kudikis-su-rubais-36-cm.jpg\",\"width\":2560,\"height\":2560,\"caption\":\"WOOPIE ROYAL \u017eavus k\u016bdikis su r\u016bbais 36 cm\"},{\"@type\":\"BreadcrumbList\",\"@id\":\"https:\\\/\\\/kidsplay.lt\\\/produktas\\\/woopie-royal-zavus-kudikis-su-rubais-36-cm\\\/#breadcrumb\",\"itemListElement\":[{\"@type\":\"ListItem\",\"position\":1,\"name\":\"Pagrindinis\",\"item\":\"https:\\\/\\\/kidsplay.lt\\\/\"},{\"@type\":\"ListItem\",\"position\":2,\"name\":\"Parduotuv\u0117\",\"item\":\"https:\\\/\\\/kidsplay.lt\\\/parduotuve\\\/\"},{\"@type\":\"ListItem\",\"position\":3,\"name\":\"WOOPIE ROYAL \u017eavus k\u016bdikis su r\u016bbais 36 cm\"}]},{\"@type\":\"WebSite\",\"@id\":\"https:\\\/\\\/kidsplay.lt\\\/#website\",\"url\":\"https:\\\/\\\/kidsplay.lt\\\/\",\"name\":\"Kidsplay.lt\",\"description\":\"\u012evairios prek\u0117s vaikams\",\"publisher\":{\"@id\":\"https:\\\/\\\/kidsplay.lt\\\/#organization\"},\"alternateName\":\"Kidsplay\",\"potentialAction\":[{\"@type\":\"SearchAction\",\"target\":{\"@type\":\"EntryPoint\",\"urlTemplate\":\"https:\\\/\\\/kidsplay.lt\\\/?s={search_term_string}\"},\"query-input\":{\"@type\":\"PropertyValueSpecification\",\"valueRequired\":true,\"valueName\":\"search_term_string\"}}],\"inLanguage\":\"lv-LV\"},{\"@type\":\"Organization\",\"@id\":\"https:\\\/\\\/kidsplay.lt\\\/#organization\",\"name\":\"KidsPlay\",\"url\":\"https:\\\/\\\/kidsplay.lt\\\/\",\"logo\":{\"@type\":\"ImageObject\",\"inLanguage\":\"lv-LV\",\"@id\":\"https:\\\/\\\/kidsplay.lt\\\/#\\\/schema\\\/logo\\\/image\\\/\",\"url\":\"https:\\\/\\\/kidsplay.lt\\\/wp-content\\\/uploads\\\/2023\\\/07\\\/kidsplay-logo.png\",\"contentUrl\":\"https:\\\/\\\/kidsplay.lt\\\/wp-content\\\/uploads\\\/2023\\\/07\\\/kidsplay-logo.png\",\"width\":451,\"height\":98,\"caption\":\"KidsPlay\"},\"image\":{\"@id\":\"https:\\\/\\\/kidsplay.lt\\\/#\\\/schema\\\/logo\\\/image\\\/\"},\"sameAs\":[\"https:\\\/\\\/www.facebook.com\\\/www.kidsplay.lt\"]}]}<\/script>\n<!-- \/ Yoast SEO plugin. -->","yoast_head_json":{"title":"WOOPIE ROYAL \u017eavus k\u016bdikis su r\u016bbais 36 cm","description":"WOOPIE ROYAL \u017eavus k\u016bdikis su r\u016bbais 36 cm - KidsPlay. Did\u017eiausias vaik\u0173 \u017eaisl\u0173 pasirinkimas.","robots":{"index":"index","follow":"follow","max-snippet":"max-snippet:-1","max-image-preview":"max-image-preview:large","max-video-preview":"max-video-preview:-1"},"canonical":"https:\/\/kidsplay.lt\/lv\/products\/woopie-royal-zavus-kudikis-su-rubais-36-cm\/","og_locale":"lv_LV","og_type":"article","og_title":"WOOPIE ROYAL \u017eavus k\u016bdikis su r\u016bbais 36 cm","og_description":"WOOPIE ROYAL \u017eavus k\u016bdikis su r\u016bbais 36 cm - KidsPlay. Did\u017eiausias vaik\u0173 \u017eaisl\u0173 pasirinkimas.","og_url":"https:\/\/kidsplay.lt\/lv\/products\/woopie-royal-zavus-kudikis-su-rubais-36-cm\/","og_site_name":"KidsPlay","article_publisher":"https:\/\/www.facebook.com\/www.kidsplay.lt","article_modified_time":"2026-03-23T06:46:22+00:00","og_image":[{"width":2560,"height":2560,"url":"https:\/\/kidsplay.lt\/wp-content\/uploads\/2024\/10\/WOOPIE-ROYAL-zavus-kudikis-su-rubais-36-cm.jpg","type":"image\/jpeg"}],"twitter_card":"summary_large_image","schema":{"@context":"https:\/\/schema.org","@graph":[{"@type":"WebPage","@id":"https:\/\/kidsplay.lt\/produktas\/woopie-royal-zavus-kudikis-su-rubais-36-cm\/","url":"https:\/\/kidsplay.lt\/produktas\/woopie-royal-zavus-kudikis-su-rubais-36-cm\/","name":"WOOPIE ROYAL \u017eavus k\u016bdikis su r\u016bbais 36 cm","isPartOf":{"@id":"https:\/\/kidsplay.lt\/#website"},"primaryImageOfPage":{"@id":"https:\/\/kidsplay.lt\/produktas\/woopie-royal-zavus-kudikis-su-rubais-36-cm\/#primaryimage"},"image":{"@id":"https:\/\/kidsplay.lt\/produktas\/woopie-royal-zavus-kudikis-su-rubais-36-cm\/#primaryimage"},"thumbnailUrl":"https:\/\/kidsplay.lt\/wp-content\/uploads\/2024\/10\/WOOPIE-ROYAL-zavus-kudikis-su-rubais-36-cm.jpg","datePublished":"2026-02-26T07:20:00+00:00","dateModified":"2026-03-23T06:46:22+00:00","description":"WOOPIE ROYAL \u017eavus k\u016bdikis su r\u016bbais 36 cm - KidsPlay. Did\u017eiausias vaik\u0173 \u017eaisl\u0173 pasirinkimas.","breadcrumb":{"@id":"https:\/\/kidsplay.lt\/produktas\/woopie-royal-zavus-kudikis-su-rubais-36-cm\/#breadcrumb"},"inLanguage":"lv-LV","potentialAction":[{"@type":"ReadAction","target":["https:\/\/kidsplay.lt\/produktas\/woopie-royal-zavus-kudikis-su-rubais-36-cm\/"]}]},{"@type":"ImageObject","inLanguage":"lv-LV","@id":"https:\/\/kidsplay.lt\/produktas\/woopie-royal-zavus-kudikis-su-rubais-36-cm\/#primaryimage","url":"https:\/\/kidsplay.lt\/wp-content\/uploads\/2024\/10\/WOOPIE-ROYAL-zavus-kudikis-su-rubais-36-cm.jpg","contentUrl":"https:\/\/kidsplay.lt\/wp-content\/uploads\/2024\/10\/WOOPIE-ROYAL-zavus-kudikis-su-rubais-36-cm.jpg","width":2560,"height":2560,"caption":"WOOPIE ROYAL \u017eavus k\u016bdikis su r\u016bbais 36 cm"},{"@type":"BreadcrumbList","@id":"https:\/\/kidsplay.lt\/produktas\/woopie-royal-zavus-kudikis-su-rubais-36-cm\/#breadcrumb","itemListElement":[{"@type":"ListItem","position":1,"name":"Pagrindinis","item":"https:\/\/kidsplay.lt\/"},{"@type":"ListItem","position":2,"name":"Parduotuv\u0117","item":"https:\/\/kidsplay.lt\/parduotuve\/"},{"@type":"ListItem","position":3,"name":"WOOPIE ROYAL \u017eavus k\u016bdikis su r\u016bbais 36 cm"}]},{"@type":"WebSite","@id":"https:\/\/kidsplay.lt\/#website","url":"https:\/\/kidsplay.lt\/","name":"B\u0113rnu sp\u0113les.lv","description":"\u012evairios prek\u0117s vaikams","publisher":{"@id":"https:\/\/kidsplay.lt\/#organization"},"alternateName":"Kidsplay","potentialAction":[{"@type":"SearchAction","target":{"@type":"EntryPoint","urlTemplate":"https:\/\/kidsplay.lt\/?s={search_term_string}"},"query-input":{"@type":"PropertyValueSpecification","valueRequired":true,"valueName":"search_term_string"}}],"inLanguage":"lv-LV"},{"@type":"Organization","@id":"https:\/\/kidsplay.lt\/#organization","name":"B\u0113rnu sp\u0113le","url":"https:\/\/kidsplay.lt\/","logo":{"@type":"ImageObject","inLanguage":"lv-LV","@id":"https:\/\/kidsplay.lt\/#\/schema\/logo\/image\/","url":"https:\/\/kidsplay.lt\/wp-content\/uploads\/2023\/07\/kidsplay-logo.png","contentUrl":"https:\/\/kidsplay.lt\/wp-content\/uploads\/2023\/07\/kidsplay-logo.png","width":451,"height":98,"caption":"KidsPlay"},"image":{"@id":"https:\/\/kidsplay.lt\/#\/schema\/logo\/image\/"},"sameAs":["https:\/\/www.facebook.com\/www.kidsplay.lt"]}]}},"_links":{"self":[{"href":"https:\/\/kidsplay.lt\/lv\/wp-json\/wp\/v2\/product\/89391","targetHints":{"allow":["GET"]}}],"collection":[{"href":"https:\/\/kidsplay.lt\/lv\/wp-json\/wp\/v2\/product"}],"about":[{"href":"https:\/\/kidsplay.lt\/lv\/wp-json\/wp\/v2\/types\/product"}],"version-history":[{"count":1,"href":"https:\/\/kidsplay.lt\/lv\/wp-json\/wp\/v2\/product\/89391\/revisions"}],"predecessor-version":[{"id":89392,"href":"https:\/\/kidsplay.lt\/lv\/wp-json\/wp\/v2\/product\/89391\/revisions\/89392"}],"wp:featuredmedia":[{"embeddable":true,"href":"https:\/\/kidsplay.lt\/lv\/wp-json\/wp\/v2\/media\/57077"}],"wp:attachment":[{"href":"https:\/\/kidsplay.lt\/lv\/wp-json\/wp\/v2\/media?parent=89391"}],"wp:term":[{"taxonomy":"product_brand","embeddable":true,"href":"https:\/\/kidsplay.lt\/lv\/wp-json\/wp\/v2\/product_brand?post=89391"},{"taxonomy":"product_cat","embeddable":true,"href":"https:\/\/kidsplay.lt\/lv\/wp-json\/wp\/v2\/product_cat?post=89391"},{"taxonomy":"product_tag","embeddable":true,"href":"https:\/\/kidsplay.lt\/lv\/wp-json\/wp\/v2\/product_tag?post=89391"}],"curies":[{"name":"wp","href":"https:\/\/api.w.org\/{rel}","templated":true}]}}