{"id":89393,"date":"2026-02-26T09:20:02","date_gmt":"2026-02-26T07:20:02","guid":{"rendered":"https:\/\/kidsplay.lt\/produktas\/woopie-grandininio-pjuklo-burbulinis-pistoletas\/"},"modified":"2026-04-20T08:25:56","modified_gmt":"2026-04-20T05:25:56","slug":"woopie-grandininio-pjuklo-burbulinis-pistoletas","status":"publish","type":"product","link":"https:\/\/kidsplay.lt\/lv\/products\/woopie-grandininio-pjuklo-burbulinis-pistoletas\/","title":{"rendered":"WOOPIE motorz\u0101\u0123a burbu\u013cu pistole"},"content":{"rendered":"<p>WOOPIE\u00a0grandininio pj\u016bklo burbul\u0173\u00a0pistoletas\u00a0yra nepaprastas \u012frenginys, kuris pakels linksmybes \u012f visi\u0161kai nauj\u0105 lyg\u012f. Tai ne tik \u017eaislas, bet ir tikras atrakcionas, puikiai tinkantis bet kokiam vakar\u0117liui, sodui ar tiesiog popietei, praleistai lauke. D\u0117l novatori\u0161ko dizaino ir\u00a0unikali\u0173\u00a0vaizdini\u0173 efekt\u0173\u00a0jis tikrai taps tiek vaik\u0173, tiek suaugusi\u0173j\u0173 m\u0117gstamiausiu daiktu, suteikdamas daugyb\u0119 smagi\u0173 ir nepamir\u0161tam\u0173 akimirk\u0173. Pj\u016bklo \u201ea\u0161men\u0173\u201c priedas yra nuimamas, o tai rei\u0161kia, kad\u00a0akimirksniu galite\u00a0j\u012f paversti i\u0161 grandininio pj\u016bklo \u012f stiling\u0105 burbul\u0173 ma\u0161in\u0105. Tikroji magija prasideda \u012fjungus pistolet\u0105. Anga, i\u0161 kurios skrenda burbulai, ne tik\u00a0\u0161vie\u010dia\u00a0, bet ir\u00a0sukasi 360 laipsni\u0173 kampu\u00a0. \u0160is judesys sukuria ne\u012ftik\u0117tin\u0105 efekt\u0105, sustiprindamas vaizdin\u012f potyr\u012f ir si\u0173sdamas burbulus skraidyti pa\u010diomis netik\u0117\u010diausiomis kryptimis.<\/p>\n<p>\u00a0Rakstur\u012bgs:<\/p>\n<p> \t&#8211; \u017daislas nuo 3 met\u0173 am\u017eiaus<br \/>\n \t&#8211; Gra\u017ei oran\u017ein\u0117 spalva, kuri traukia d\u0117mes\u012f<br \/>\n \t&#8211; 360 laipsni\u0173 kampu besisukantis lizdas su \u0161viesomis, sukuriantis \u012fsp\u016bding\u0105 vaizdin\u012f efekt\u0105<br \/>\n \t&#8211; Pridedami du buteliukai vakuuminio skys\u010dio<br \/>\n \t&#8211; \u017daislas maitinamas baterijomis (\u012f komplekt\u0105 ne\u012feina)<\/p>\n<p>Komplekt\u0101 ietilpst:<\/p>\n<p> \t&#8211; Pila burbul\u0173 aparatas<br \/>\n \t&#8211; 2 buteliukai vakuuminio skys\u010dio<\/p>\n<p>Rota\u013clieta att\u012bst\u0101s:<\/p>\n<p> \t&#8211; Smulkioji motorika ir aki\u0173-rank\u0173 koordinacija<br \/>\n \t&#8211; K\u016brybi\u0161kumas ir vaizduot\u0117<br \/>\n \t&#8211; Estetinis poj\u016btis ir suvokimas<br \/>\n \t&#8211; Savaranki\u0161kumas ir pasitik\u0117jimas savimi<br \/>\n \t&#8211; Socialiniai \u012fg\u016bd\u017eiai ir bendradarbiavimas su \u012fmon\u0117mis (B2B)<\/p>\n<p>Gaminio matmenys:\u00a035 x 9,5 x 18,5 (cm)<\/p>\n<p>Pakuot\u0117s matmenys:\u00a037 x 17,5 x 13,5 (cm)<\/p>","protected":false},"excerpt":{"rendered":"<p>WOOPIE\u00a0grandininio pj\u016bklo burbul\u0173\u00a0pistoletas\u00a0yra nepaprastas \u012frenginys, kuris pakels linksmybes \u012f visi\u0161kai nauj\u0105 lyg\u012f. Tai ne tik \u017eaislas, bet ir tikras atrakcionas,<\/p>","protected":false},"featured_media":67794,"template":"","meta":{"_acf_changed":false,"_glsr_average":0,"_glsr_ranking":0,"_glsr_reviews":0},"product_brand":[],"product_cat":[233,430],"product_tag":[],"class_list":{"0":"post-89393","1":"product","2":"type-product","3":"status-publish","4":"has-post-thumbnail","6":"product_cat-lauko-pramogos","7":"product_cat-zaidimai-ir-linksmybes","8":"\"style=\"background-color: #2ecc711c;\"","10":"first","11":"instock","12":"purchasable","13":"product-type-simple"},"acf":[],"yoast_head":"<!-- This site is optimized with the Yoast SEO plugin v27.4 - https:\/\/yoast.com\/product\/yoast-seo-wordpress\/ -->\n<title>WOOPIE grandininio pj\u016bklo burbulinis pistoletas<\/title>\n<meta name=\"description\" content=\"WOOPIE grandininio pj\u016bklo burbulinis pistoletas - KidsPlay. Did\u017eiausias vaik\u0173 \u017eaisl\u0173 pasirinkimas.\" \/>\n<meta name=\"robots\" content=\"index, follow, max-snippet:-1, max-image-preview:large, max-video-preview:-1\" \/>\n<link rel=\"canonical\" href=\"https:\/\/kidsplay.lt\/lv\/products\/woopie-grandininio-pjuklo-burbulinis-pistoletas\/\" \/>\n<meta property=\"og:locale\" content=\"lv_LV\" \/>\n<meta property=\"og:type\" content=\"article\" \/>\n<meta property=\"og:title\" content=\"WOOPIE grandininio pj\u016bklo burbulinis pistoletas\" \/>\n<meta property=\"og:description\" content=\"WOOPIE grandininio pj\u016bklo burbulinis pistoletas - KidsPlay. Did\u017eiausias vaik\u0173 \u017eaisl\u0173 pasirinkimas.\" \/>\n<meta property=\"og:url\" content=\"https:\/\/kidsplay.lt\/lv\/products\/woopie-grandininio-pjuklo-burbulinis-pistoletas\/\" \/>\n<meta property=\"og:site_name\" content=\"KidsPlay\" \/>\n<meta property=\"article:publisher\" content=\"https:\/\/www.facebook.com\/www.kidsplay.lt\" \/>\n<meta property=\"article:modified_time\" content=\"2026-04-20T05:25:56+00:00\" \/>\n<meta property=\"og:image\" content=\"https:\/\/kidsplay.lt\/wp-content\/uploads\/2025\/10\/WOOPIE-grandininio-pjuklo-burbulinis-pistoletas.jpg\" \/>\n\t<meta property=\"og:image:width\" content=\"2560\" \/>\n\t<meta property=\"og:image:height\" content=\"2560\" \/>\n\t<meta property=\"og:image:type\" content=\"image\/jpeg\" \/>\n<meta name=\"twitter:card\" content=\"summary_large_image\" \/>\n<meta name=\"twitter:label1\" content=\"Est. reading time\" \/>\n\t<meta name=\"twitter:data1\" content=\"1 min\u016bte\" \/>\n<script type=\"application\/ld+json\" class=\"yoast-schema-graph\">{\"@context\":\"https:\\\/\\\/schema.org\",\"@graph\":[{\"@type\":\"WebPage\",\"@id\":\"https:\\\/\\\/kidsplay.lt\\\/produktas\\\/woopie-grandininio-pjuklo-burbulinis-pistoletas\\\/\",\"url\":\"https:\\\/\\\/kidsplay.lt\\\/produktas\\\/woopie-grandininio-pjuklo-burbulinis-pistoletas\\\/\",\"name\":\"WOOPIE grandininio pj\u016bklo burbulinis pistoletas\",\"isPartOf\":{\"@id\":\"https:\\\/\\\/kidsplay.lt\\\/#website\"},\"primaryImageOfPage\":{\"@id\":\"https:\\\/\\\/kidsplay.lt\\\/produktas\\\/woopie-grandininio-pjuklo-burbulinis-pistoletas\\\/#primaryimage\"},\"image\":{\"@id\":\"https:\\\/\\\/kidsplay.lt\\\/produktas\\\/woopie-grandininio-pjuklo-burbulinis-pistoletas\\\/#primaryimage\"},\"thumbnailUrl\":\"https:\\\/\\\/kidsplay.lt\\\/wp-content\\\/uploads\\\/2025\\\/10\\\/WOOPIE-grandininio-pjuklo-burbulinis-pistoletas.jpg\",\"datePublished\":\"2026-02-26T07:20:02+00:00\",\"dateModified\":\"2026-04-20T05:25:56+00:00\",\"description\":\"WOOPIE grandininio pj\u016bklo burbulinis pistoletas - KidsPlay. Did\u017eiausias vaik\u0173 \u017eaisl\u0173 pasirinkimas.\",\"breadcrumb\":{\"@id\":\"https:\\\/\\\/kidsplay.lt\\\/produktas\\\/woopie-grandininio-pjuklo-burbulinis-pistoletas\\\/#breadcrumb\"},\"inLanguage\":\"lv-LV\",\"potentialAction\":[{\"@type\":\"ReadAction\",\"target\":[\"https:\\\/\\\/kidsplay.lt\\\/produktas\\\/woopie-grandininio-pjuklo-burbulinis-pistoletas\\\/\"]}]},{\"@type\":\"ImageObject\",\"inLanguage\":\"lv-LV\",\"@id\":\"https:\\\/\\\/kidsplay.lt\\\/produktas\\\/woopie-grandininio-pjuklo-burbulinis-pistoletas\\\/#primaryimage\",\"url\":\"https:\\\/\\\/kidsplay.lt\\\/wp-content\\\/uploads\\\/2025\\\/10\\\/WOOPIE-grandininio-pjuklo-burbulinis-pistoletas.jpg\",\"contentUrl\":\"https:\\\/\\\/kidsplay.lt\\\/wp-content\\\/uploads\\\/2025\\\/10\\\/WOOPIE-grandininio-pjuklo-burbulinis-pistoletas.jpg\",\"width\":2560,\"height\":2560,\"caption\":\"WOOPIE grandininio pj\u016bklo burbulinis pistoletas\"},{\"@type\":\"BreadcrumbList\",\"@id\":\"https:\\\/\\\/kidsplay.lt\\\/produktas\\\/woopie-grandininio-pjuklo-burbulinis-pistoletas\\\/#breadcrumb\",\"itemListElement\":[{\"@type\":\"ListItem\",\"position\":1,\"name\":\"Pagrindinis\",\"item\":\"https:\\\/\\\/kidsplay.lt\\\/\"},{\"@type\":\"ListItem\",\"position\":2,\"name\":\"Parduotuv\u0117\",\"item\":\"https:\\\/\\\/kidsplay.lt\\\/parduotuve\\\/\"},{\"@type\":\"ListItem\",\"position\":3,\"name\":\"WOOPIE grandininio pj\u016bklo burbulinis pistoletas\"}]},{\"@type\":\"WebSite\",\"@id\":\"https:\\\/\\\/kidsplay.lt\\\/#website\",\"url\":\"https:\\\/\\\/kidsplay.lt\\\/\",\"name\":\"Kidsplay.lt\",\"description\":\"\u012evairios prek\u0117s vaikams\",\"publisher\":{\"@id\":\"https:\\\/\\\/kidsplay.lt\\\/#organization\"},\"alternateName\":\"Kidsplay\",\"potentialAction\":[{\"@type\":\"SearchAction\",\"target\":{\"@type\":\"EntryPoint\",\"urlTemplate\":\"https:\\\/\\\/kidsplay.lt\\\/?s={search_term_string}\"},\"query-input\":{\"@type\":\"PropertyValueSpecification\",\"valueRequired\":true,\"valueName\":\"search_term_string\"}}],\"inLanguage\":\"lv-LV\"},{\"@type\":\"Organization\",\"@id\":\"https:\\\/\\\/kidsplay.lt\\\/#organization\",\"name\":\"KidsPlay\",\"url\":\"https:\\\/\\\/kidsplay.lt\\\/\",\"logo\":{\"@type\":\"ImageObject\",\"inLanguage\":\"lv-LV\",\"@id\":\"https:\\\/\\\/kidsplay.lt\\\/#\\\/schema\\\/logo\\\/image\\\/\",\"url\":\"https:\\\/\\\/kidsplay.lt\\\/wp-content\\\/uploads\\\/2023\\\/07\\\/kidsplay-logo.png\",\"contentUrl\":\"https:\\\/\\\/kidsplay.lt\\\/wp-content\\\/uploads\\\/2023\\\/07\\\/kidsplay-logo.png\",\"width\":451,\"height\":98,\"caption\":\"KidsPlay\"},\"image\":{\"@id\":\"https:\\\/\\\/kidsplay.lt\\\/#\\\/schema\\\/logo\\\/image\\\/\"},\"sameAs\":[\"https:\\\/\\\/www.facebook.com\\\/www.kidsplay.lt\"]}]}<\/script>\n<!-- \/ Yoast SEO plugin. -->","yoast_head_json":{"title":"WOOPIE motorz\u0101\u0123a burbu\u013cu pistole","description":"WOOPIE grandininio pj\u016bklo burbulinis pistoletas - KidsPlay. Did\u017eiausias vaik\u0173 \u017eaisl\u0173 pasirinkimas.","robots":{"index":"index","follow":"follow","max-snippet":"max-snippet:-1","max-image-preview":"max-image-preview:large","max-video-preview":"max-video-preview:-1"},"canonical":"https:\/\/kidsplay.lt\/lv\/products\/woopie-grandininio-pjuklo-burbulinis-pistoletas\/","og_locale":"lv_LV","og_type":"article","og_title":"WOOPIE grandininio pj\u016bklo burbulinis pistoletas","og_description":"WOOPIE grandininio pj\u016bklo burbulinis pistoletas - KidsPlay. Did\u017eiausias vaik\u0173 \u017eaisl\u0173 pasirinkimas.","og_url":"https:\/\/kidsplay.lt\/lv\/products\/woopie-grandininio-pjuklo-burbulinis-pistoletas\/","og_site_name":"KidsPlay","article_publisher":"https:\/\/www.facebook.com\/www.kidsplay.lt","article_modified_time":"2026-04-20T05:25:56+00:00","og_image":[{"width":2560,"height":2560,"url":"https:\/\/kidsplay.lt\/wp-content\/uploads\/2025\/10\/WOOPIE-grandininio-pjuklo-burbulinis-pistoletas.jpg","type":"image\/jpeg"}],"twitter_card":"summary_large_image","twitter_misc":{"Est. reading time":"1 min\u016bte"},"schema":{"@context":"https:\/\/schema.org","@graph":[{"@type":"WebPage","@id":"https:\/\/kidsplay.lt\/produktas\/woopie-grandininio-pjuklo-burbulinis-pistoletas\/","url":"https:\/\/kidsplay.lt\/produktas\/woopie-grandininio-pjuklo-burbulinis-pistoletas\/","name":"WOOPIE motorz\u0101\u0123a burbu\u013cu pistole","isPartOf":{"@id":"https:\/\/kidsplay.lt\/#website"},"primaryImageOfPage":{"@id":"https:\/\/kidsplay.lt\/produktas\/woopie-grandininio-pjuklo-burbulinis-pistoletas\/#primaryimage"},"image":{"@id":"https:\/\/kidsplay.lt\/produktas\/woopie-grandininio-pjuklo-burbulinis-pistoletas\/#primaryimage"},"thumbnailUrl":"https:\/\/kidsplay.lt\/wp-content\/uploads\/2025\/10\/WOOPIE-grandininio-pjuklo-burbulinis-pistoletas.jpg","datePublished":"2026-02-26T07:20:02+00:00","dateModified":"2026-04-20T05:25:56+00:00","description":"WOOPIE grandininio pj\u016bklo burbulinis pistoletas - KidsPlay. Did\u017eiausias vaik\u0173 \u017eaisl\u0173 pasirinkimas.","breadcrumb":{"@id":"https:\/\/kidsplay.lt\/produktas\/woopie-grandininio-pjuklo-burbulinis-pistoletas\/#breadcrumb"},"inLanguage":"lv-LV","potentialAction":[{"@type":"ReadAction","target":["https:\/\/kidsplay.lt\/produktas\/woopie-grandininio-pjuklo-burbulinis-pistoletas\/"]}]},{"@type":"ImageObject","inLanguage":"lv-LV","@id":"https:\/\/kidsplay.lt\/produktas\/woopie-grandininio-pjuklo-burbulinis-pistoletas\/#primaryimage","url":"https:\/\/kidsplay.lt\/wp-content\/uploads\/2025\/10\/WOOPIE-grandininio-pjuklo-burbulinis-pistoletas.jpg","contentUrl":"https:\/\/kidsplay.lt\/wp-content\/uploads\/2025\/10\/WOOPIE-grandininio-pjuklo-burbulinis-pistoletas.jpg","width":2560,"height":2560,"caption":"WOOPIE grandininio pj\u016bklo burbulinis pistoletas"},{"@type":"BreadcrumbList","@id":"https:\/\/kidsplay.lt\/produktas\/woopie-grandininio-pjuklo-burbulinis-pistoletas\/#breadcrumb","itemListElement":[{"@type":"ListItem","position":1,"name":"Pagrindinis","item":"https:\/\/kidsplay.lt\/"},{"@type":"ListItem","position":2,"name":"Parduotuv\u0117","item":"https:\/\/kidsplay.lt\/parduotuve\/"},{"@type":"ListItem","position":3,"name":"WOOPIE grandininio pj\u016bklo burbulinis pistoletas"}]},{"@type":"WebSite","@id":"https:\/\/kidsplay.lt\/#website","url":"https:\/\/kidsplay.lt\/","name":"B\u0113rnu sp\u0113les.lv","description":"\u012evairios prek\u0117s vaikams","publisher":{"@id":"https:\/\/kidsplay.lt\/#organization"},"alternateName":"Kidsplay","potentialAction":[{"@type":"SearchAction","target":{"@type":"EntryPoint","urlTemplate":"https:\/\/kidsplay.lt\/?s={search_term_string}"},"query-input":{"@type":"PropertyValueSpecification","valueRequired":true,"valueName":"search_term_string"}}],"inLanguage":"lv-LV"},{"@type":"Organization","@id":"https:\/\/kidsplay.lt\/#organization","name":"B\u0113rnu sp\u0113le","url":"https:\/\/kidsplay.lt\/","logo":{"@type":"ImageObject","inLanguage":"lv-LV","@id":"https:\/\/kidsplay.lt\/#\/schema\/logo\/image\/","url":"https:\/\/kidsplay.lt\/wp-content\/uploads\/2023\/07\/kidsplay-logo.png","contentUrl":"https:\/\/kidsplay.lt\/wp-content\/uploads\/2023\/07\/kidsplay-logo.png","width":451,"height":98,"caption":"KidsPlay"},"image":{"@id":"https:\/\/kidsplay.lt\/#\/schema\/logo\/image\/"},"sameAs":["https:\/\/www.facebook.com\/www.kidsplay.lt"]}]}},"_links":{"self":[{"href":"https:\/\/kidsplay.lt\/lv\/wp-json\/wp\/v2\/product\/89393","targetHints":{"allow":["GET"]}}],"collection":[{"href":"https:\/\/kidsplay.lt\/lv\/wp-json\/wp\/v2\/product"}],"about":[{"href":"https:\/\/kidsplay.lt\/lv\/wp-json\/wp\/v2\/types\/product"}],"version-history":[{"count":1,"href":"https:\/\/kidsplay.lt\/lv\/wp-json\/wp\/v2\/product\/89393\/revisions"}],"predecessor-version":[{"id":89394,"href":"https:\/\/kidsplay.lt\/lv\/wp-json\/wp\/v2\/product\/89393\/revisions\/89394"}],"wp:featuredmedia":[{"embeddable":true,"href":"https:\/\/kidsplay.lt\/lv\/wp-json\/wp\/v2\/media\/67794"}],"wp:attachment":[{"href":"https:\/\/kidsplay.lt\/lv\/wp-json\/wp\/v2\/media?parent=89393"}],"wp:term":[{"taxonomy":"product_brand","embeddable":true,"href":"https:\/\/kidsplay.lt\/lv\/wp-json\/wp\/v2\/product_brand?post=89393"},{"taxonomy":"product_cat","embeddable":true,"href":"https:\/\/kidsplay.lt\/lv\/wp-json\/wp\/v2\/product_cat?post=89393"},{"taxonomy":"product_tag","embeddable":true,"href":"https:\/\/kidsplay.lt\/lv\/wp-json\/wp\/v2\/product_tag?post=89393"}],"curies":[{"name":"wp","href":"https:\/\/api.w.org\/{rel}","templated":true}]}}