{"id":89406,"date":"2026-02-26T09:20:18","date_gmt":"2026-02-26T07:20:18","guid":{"rendered":"https:\/\/kidsplay.lt\/produktas\/woopie-interaktyvus-pop-it-raketa-sensorinis-zaidimas-su-18-rezimu\/"},"modified":"2026-04-07T10:35:17","modified_gmt":"2026-04-07T07:35:17","slug":"woopie-interaktyvus-pop-it-raketa-sensorinis-zaidimas-su-18-rezimu","status":"publish","type":"product","link":"https:\/\/kidsplay.lt\/lv\/products\/woopie-interaktyvus-pop-it-raketa-sensorinis-zaidimas-su-18-rezimu\/","title":{"rendered":"Woopie interaktyvus POP IT \u201eRaketa\u201c \u2013 sensorinis \u017eaidimas su 18 re\u017eim\u0173"},"content":{"rendered":"<p>Woopie POP IT \u201eRaketa\u201c \u2013 tai spalvinga, interaktyvi ir antistresin\u0117 \u017eaisl\u0173 naujiena, kuri patiks tiek vaikams, tiek suaugusiesiems. \u017daislas skleid\u017eia linksmus garsus, \u0161vie\u010dia ir reaguoja \u012f paspaudimus, tod\u0117l \u017eaidimas tampa dar \u012fdomesnis ir labiau \u012ftraukiantis.<\/p>\n<p>D\u0117l kompakti\u0161ko dyd\u017eio \u201eRaket\u0105\u201c lengva pasiimti \u012f kelion\u0119, \u012f lauk\u0105 ar tiesiog tur\u0117ti po ranka, kai reikia nusiraminti ar u\u017eimti ma\u017eyl\u012f. Tai ne tik smagi pramoga, bet ir puiki priemon\u0117 lavinti smulki\u0105j\u0105 motorik\u0105, reakcij\u0105, d\u0117mesio sutelkim\u0105 ir login\u012f m\u0105stym\u0105.<\/p>\n<p>Raksturojums<\/p>\n<p> \tB\u0113rniem no 3 gadu vecuma<br \/>\n \tSkleid\u017eia linksmus garsus, kurie skatina \u017eaisti<br \/>\n \tPadeda ma\u017einti stres\u0105 ir \u012ftamp\u0105<br \/>\n \tLavina smulki\u0105j\u0105 motorik\u0105, rank\u0173\u2013aki\u0173 koordinacij\u0105 ir m\u0105stym\u0105<br \/>\n \tKompakti\u0161ka, lengva, patogi kelion\u0117ms<br \/>\n \t18 skirting\u0173 \u017eaidimo re\u017eim\u0173, \u012fskaitant atminties, grei\u010dio ir daugelio \u017eaid\u0117j\u0173 i\u0161\u0161\u016bkius<\/p>\n<p>\u017daidimo re\u017eimai<br \/>\n1. Atminties re\u017eimas<br \/>\nVaikas turi \u012fsiminti atsitiktinai \u0161vie\u010dian\u010di\u0173 burbuliuk\u0173 sek\u0105 ir j\u0105 tiksliai atkartoti.<br \/>\n2. Ta\u0161k\u0173 rinkimo re\u017eimas<br \/>\nTikslas \u2013 kuo grei\u010diau spausti \u0161vie\u010dian\u010dius burbuliukus ir surinkti kuo daugiau ta\u0161k\u0173.<br \/>\n3. Daugelio \u017eaid\u0117j\u0173 re\u017eimas<br \/>\nLeid\u017eia \u017eaisti ir var\u017eytis su draugu.<br \/>\n4. \u201eBreakout\u201c re\u017eimas<br \/>\nNet 30 lygi\u0173, kuriuose reikia greitai reaguoti ir spausti \u0161vie\u010dian\u010dius burbuliukus.<\/p>\n<p>Rota\u013clietu lav\u012bna<\/p>\n<p> \tM\u0105stym\u0105 ir reakcij\u0105<br \/>\n \tSmalk\u0101s motorikas prasmes<br \/>\n \tRoku-acu koordin\u0101cija<br \/>\n \tSpostr\u0117gum\u0105<br \/>\n \tKoncentracij\u0105<\/p>","protected":false},"excerpt":{"rendered":"<p>Woopie POP IT \u201eRaketa\u201c \u2013 tai spalvinga, interaktyvi ir antistresin\u0117 \u017eaisl\u0173 naujiena, kuri patiks tiek vaikams, tiek suaugusiesiems. \u017daislas skleid\u017eia<\/p>","protected":false},"featured_media":89408,"template":"","meta":{"_acf_changed":false,"_glsr_average":0,"_glsr_ranking":0,"_glsr_reviews":0},"product_brand":[],"product_cat":[388,229],"product_tag":[],"class_list":{"0":"post-89406","1":"product","2":"type-product","3":"status-publish","4":"has-post-thumbnail","6":"product_cat-edukaciniai-lavinamieji-zaislai","7":"product_cat-zaislai-vaikams","8":"\"style=\"background-color: #2ecc711c;\"","10":"first","11":"instock","12":"purchasable","13":"product-type-simple"},"acf":[],"yoast_head":"<!-- This site is optimized with the Yoast SEO plugin v27.3 - https:\/\/yoast.com\/product\/yoast-seo-wordpress\/ -->\n<title>Woopie interaktyvus POP IT \u201eRaketa\u201c \u2013 sensorinis \u017eaidimas su 18 re\u017eim\u0173<\/title>\n<meta name=\"description\" content=\"Woopie interaktyvus POP IT \u201eRaketa\u201c \u2013 sensorinis \u017eaidimas su 18 re\u017eim\u0173 - KidsPlay. Did\u017eiausias vaik\u0173 \u017eaisl\u0173 pasirinkimas.\" \/>\n<meta name=\"robots\" content=\"index, follow, max-snippet:-1, max-image-preview:large, max-video-preview:-1\" \/>\n<link rel=\"canonical\" href=\"https:\/\/kidsplay.lt\/lv\/products\/woopie-interaktyvus-pop-it-raketa-sensorinis-zaidimas-su-18-rezimu\/\" \/>\n<meta property=\"og:locale\" content=\"lv_LV\" \/>\n<meta property=\"og:type\" content=\"article\" \/>\n<meta property=\"og:title\" content=\"Woopie interaktyvus POP IT \u201eRaketa\u201c \u2013 sensorinis \u017eaidimas su 18 re\u017eim\u0173\" \/>\n<meta property=\"og:description\" content=\"Woopie interaktyvus POP IT \u201eRaketa\u201c \u2013 sensorinis \u017eaidimas su 18 re\u017eim\u0173 - KidsPlay. Did\u017eiausias vaik\u0173 \u017eaisl\u0173 pasirinkimas.\" \/>\n<meta property=\"og:url\" content=\"https:\/\/kidsplay.lt\/lv\/products\/woopie-interaktyvus-pop-it-raketa-sensorinis-zaidimas-su-18-rezimu\/\" \/>\n<meta property=\"og:site_name\" content=\"KidsPlay\" \/>\n<meta property=\"article:publisher\" content=\"https:\/\/www.facebook.com\/www.kidsplay.lt\" \/>\n<meta property=\"article:modified_time\" content=\"2026-04-07T07:35:17+00:00\" \/>\n<meta property=\"og:image\" content=\"https:\/\/kidsplay.lt\/wp-content\/uploads\/2026\/02\/Woopie-interaktyvus-POP-IT-\u201eRaketa-\u2013-sensorinis-zaidimas-su-18-rezimu.jpg\" \/>\n\t<meta property=\"og:image:width\" content=\"1154\" \/>\n\t<meta property=\"og:image:height\" content=\"1154\" \/>\n\t<meta property=\"og:image:type\" content=\"image\/jpeg\" \/>\n<meta name=\"twitter:card\" content=\"summary_large_image\" \/>\n<meta name=\"twitter:label1\" content=\"Est. reading time\" \/>\n\t<meta name=\"twitter:data1\" content=\"1 min\u016bte\" \/>\n<script type=\"application\/ld+json\" class=\"yoast-schema-graph\">{\"@context\":\"https:\\\/\\\/schema.org\",\"@graph\":[{\"@type\":\"WebPage\",\"@id\":\"https:\\\/\\\/kidsplay.lt\\\/produktas\\\/woopie-interaktyvus-pop-it-raketa-sensorinis-zaidimas-su-18-rezimu\\\/\",\"url\":\"https:\\\/\\\/kidsplay.lt\\\/produktas\\\/woopie-interaktyvus-pop-it-raketa-sensorinis-zaidimas-su-18-rezimu\\\/\",\"name\":\"Woopie interaktyvus POP IT \u201eRaketa\u201c \u2013 sensorinis \u017eaidimas su 18 re\u017eim\u0173\",\"isPartOf\":{\"@id\":\"https:\\\/\\\/kidsplay.lt\\\/#website\"},\"primaryImageOfPage\":{\"@id\":\"https:\\\/\\\/kidsplay.lt\\\/produktas\\\/woopie-interaktyvus-pop-it-raketa-sensorinis-zaidimas-su-18-rezimu\\\/#primaryimage\"},\"image\":{\"@id\":\"https:\\\/\\\/kidsplay.lt\\\/produktas\\\/woopie-interaktyvus-pop-it-raketa-sensorinis-zaidimas-su-18-rezimu\\\/#primaryimage\"},\"thumbnailUrl\":\"https:\\\/\\\/kidsplay.lt\\\/wp-content\\\/uploads\\\/2026\\\/02\\\/Woopie-interaktyvus-POP-IT-\u201eRaketa-\u2013-sensorinis-zaidimas-su-18-rezimu.jpg\",\"datePublished\":\"2026-02-26T07:20:18+00:00\",\"dateModified\":\"2026-04-07T07:35:17+00:00\",\"description\":\"Woopie interaktyvus POP IT \u201eRaketa\u201c \u2013 sensorinis \u017eaidimas su 18 re\u017eim\u0173 - KidsPlay. Did\u017eiausias vaik\u0173 \u017eaisl\u0173 pasirinkimas.\",\"breadcrumb\":{\"@id\":\"https:\\\/\\\/kidsplay.lt\\\/produktas\\\/woopie-interaktyvus-pop-it-raketa-sensorinis-zaidimas-su-18-rezimu\\\/#breadcrumb\"},\"inLanguage\":\"lv-LV\",\"potentialAction\":[{\"@type\":\"ReadAction\",\"target\":[\"https:\\\/\\\/kidsplay.lt\\\/produktas\\\/woopie-interaktyvus-pop-it-raketa-sensorinis-zaidimas-su-18-rezimu\\\/\"]}]},{\"@type\":\"ImageObject\",\"inLanguage\":\"lv-LV\",\"@id\":\"https:\\\/\\\/kidsplay.lt\\\/produktas\\\/woopie-interaktyvus-pop-it-raketa-sensorinis-zaidimas-su-18-rezimu\\\/#primaryimage\",\"url\":\"https:\\\/\\\/kidsplay.lt\\\/wp-content\\\/uploads\\\/2026\\\/02\\\/Woopie-interaktyvus-POP-IT-\u201eRaketa-\u2013-sensorinis-zaidimas-su-18-rezimu.jpg\",\"contentUrl\":\"https:\\\/\\\/kidsplay.lt\\\/wp-content\\\/uploads\\\/2026\\\/02\\\/Woopie-interaktyvus-POP-IT-\u201eRaketa-\u2013-sensorinis-zaidimas-su-18-rezimu.jpg\",\"width\":1154,\"height\":1154,\"caption\":\"Woopie interaktyvus POP IT \u201eRaketa\u201c \u2013 sensorinis \u017eaidimas su 18 re\u017eim\u0173\"},{\"@type\":\"BreadcrumbList\",\"@id\":\"https:\\\/\\\/kidsplay.lt\\\/produktas\\\/woopie-interaktyvus-pop-it-raketa-sensorinis-zaidimas-su-18-rezimu\\\/#breadcrumb\",\"itemListElement\":[{\"@type\":\"ListItem\",\"position\":1,\"name\":\"Pagrindinis\",\"item\":\"https:\\\/\\\/kidsplay.lt\\\/\"},{\"@type\":\"ListItem\",\"position\":2,\"name\":\"Parduotuv\u0117\",\"item\":\"https:\\\/\\\/kidsplay.lt\\\/parduotuve\\\/\"},{\"@type\":\"ListItem\",\"position\":3,\"name\":\"Woopie interaktyvus POP IT \u201eRaketa\u201c \u2013 sensorinis \u017eaidimas su 18 re\u017eim\u0173\"}]},{\"@type\":\"WebSite\",\"@id\":\"https:\\\/\\\/kidsplay.lt\\\/#website\",\"url\":\"https:\\\/\\\/kidsplay.lt\\\/\",\"name\":\"Kidsplay.lt\",\"description\":\"\u012evairios prek\u0117s vaikams\",\"publisher\":{\"@id\":\"https:\\\/\\\/kidsplay.lt\\\/#organization\"},\"alternateName\":\"Kidsplay\",\"potentialAction\":[{\"@type\":\"SearchAction\",\"target\":{\"@type\":\"EntryPoint\",\"urlTemplate\":\"https:\\\/\\\/kidsplay.lt\\\/?s={search_term_string}\"},\"query-input\":{\"@type\":\"PropertyValueSpecification\",\"valueRequired\":true,\"valueName\":\"search_term_string\"}}],\"inLanguage\":\"lv-LV\"},{\"@type\":\"Organization\",\"@id\":\"https:\\\/\\\/kidsplay.lt\\\/#organization\",\"name\":\"KidsPlay\",\"url\":\"https:\\\/\\\/kidsplay.lt\\\/\",\"logo\":{\"@type\":\"ImageObject\",\"inLanguage\":\"lv-LV\",\"@id\":\"https:\\\/\\\/kidsplay.lt\\\/#\\\/schema\\\/logo\\\/image\\\/\",\"url\":\"https:\\\/\\\/kidsplay.lt\\\/wp-content\\\/uploads\\\/2023\\\/07\\\/kidsplay-logo.png\",\"contentUrl\":\"https:\\\/\\\/kidsplay.lt\\\/wp-content\\\/uploads\\\/2023\\\/07\\\/kidsplay-logo.png\",\"width\":451,\"height\":98,\"caption\":\"KidsPlay\"},\"image\":{\"@id\":\"https:\\\/\\\/kidsplay.lt\\\/#\\\/schema\\\/logo\\\/image\\\/\"},\"sameAs\":[\"https:\\\/\\\/www.facebook.com\\\/www.kidsplay.lt\"]}]}<\/script>\n<!-- \/ Yoast SEO plugin. -->","yoast_head_json":{"title":"Woopie interaktyvus POP IT \u201eRaketa\u201c \u2013 sensorinis \u017eaidimas su 18 re\u017eim\u0173","description":"Woopie interaktyvus POP IT \u201eRaketa\u201c \u2013 sensorinis \u017eaidimas su 18 re\u017eim\u0173 - KidsPlay. Did\u017eiausias vaik\u0173 \u017eaisl\u0173 pasirinkimas.","robots":{"index":"index","follow":"follow","max-snippet":"max-snippet:-1","max-image-preview":"max-image-preview:large","max-video-preview":"max-video-preview:-1"},"canonical":"https:\/\/kidsplay.lt\/lv\/products\/woopie-interaktyvus-pop-it-raketa-sensorinis-zaidimas-su-18-rezimu\/","og_locale":"lv_LV","og_type":"article","og_title":"Woopie interaktyvus POP IT \u201eRaketa\u201c \u2013 sensorinis \u017eaidimas su 18 re\u017eim\u0173","og_description":"Woopie interaktyvus POP IT \u201eRaketa\u201c \u2013 sensorinis \u017eaidimas su 18 re\u017eim\u0173 - KidsPlay. Did\u017eiausias vaik\u0173 \u017eaisl\u0173 pasirinkimas.","og_url":"https:\/\/kidsplay.lt\/lv\/products\/woopie-interaktyvus-pop-it-raketa-sensorinis-zaidimas-su-18-rezimu\/","og_site_name":"KidsPlay","article_publisher":"https:\/\/www.facebook.com\/www.kidsplay.lt","article_modified_time":"2026-04-07T07:35:17+00:00","og_image":[{"width":1154,"height":1154,"url":"https:\/\/kidsplay.lt\/wp-content\/uploads\/2026\/02\/Woopie-interaktyvus-POP-IT-\u201eRaketa-\u2013-sensorinis-zaidimas-su-18-rezimu.jpg","type":"image\/jpeg"}],"twitter_card":"summary_large_image","twitter_misc":{"Est. reading time":"1 min\u016bte"},"schema":{"@context":"https:\/\/schema.org","@graph":[{"@type":"WebPage","@id":"https:\/\/kidsplay.lt\/produktas\/woopie-interaktyvus-pop-it-raketa-sensorinis-zaidimas-su-18-rezimu\/","url":"https:\/\/kidsplay.lt\/produktas\/woopie-interaktyvus-pop-it-raketa-sensorinis-zaidimas-su-18-rezimu\/","name":"Woopie interaktyvus POP IT \u201eRaketa\u201c \u2013 sensorinis \u017eaidimas su 18 re\u017eim\u0173","isPartOf":{"@id":"https:\/\/kidsplay.lt\/#website"},"primaryImageOfPage":{"@id":"https:\/\/kidsplay.lt\/produktas\/woopie-interaktyvus-pop-it-raketa-sensorinis-zaidimas-su-18-rezimu\/#primaryimage"},"image":{"@id":"https:\/\/kidsplay.lt\/produktas\/woopie-interaktyvus-pop-it-raketa-sensorinis-zaidimas-su-18-rezimu\/#primaryimage"},"thumbnailUrl":"https:\/\/kidsplay.lt\/wp-content\/uploads\/2026\/02\/Woopie-interaktyvus-POP-IT-\u201eRaketa-\u2013-sensorinis-zaidimas-su-18-rezimu.jpg","datePublished":"2026-02-26T07:20:18+00:00","dateModified":"2026-04-07T07:35:17+00:00","description":"Woopie interaktyvus POP IT \u201eRaketa\u201c \u2013 sensorinis \u017eaidimas su 18 re\u017eim\u0173 - KidsPlay. Did\u017eiausias vaik\u0173 \u017eaisl\u0173 pasirinkimas.","breadcrumb":{"@id":"https:\/\/kidsplay.lt\/produktas\/woopie-interaktyvus-pop-it-raketa-sensorinis-zaidimas-su-18-rezimu\/#breadcrumb"},"inLanguage":"lv-LV","potentialAction":[{"@type":"ReadAction","target":["https:\/\/kidsplay.lt\/produktas\/woopie-interaktyvus-pop-it-raketa-sensorinis-zaidimas-su-18-rezimu\/"]}]},{"@type":"ImageObject","inLanguage":"lv-LV","@id":"https:\/\/kidsplay.lt\/produktas\/woopie-interaktyvus-pop-it-raketa-sensorinis-zaidimas-su-18-rezimu\/#primaryimage","url":"https:\/\/kidsplay.lt\/wp-content\/uploads\/2026\/02\/Woopie-interaktyvus-POP-IT-\u201eRaketa-\u2013-sensorinis-zaidimas-su-18-rezimu.jpg","contentUrl":"https:\/\/kidsplay.lt\/wp-content\/uploads\/2026\/02\/Woopie-interaktyvus-POP-IT-\u201eRaketa-\u2013-sensorinis-zaidimas-su-18-rezimu.jpg","width":1154,"height":1154,"caption":"Woopie interaktyvus POP IT \u201eRaketa\u201c \u2013 sensorinis \u017eaidimas su 18 re\u017eim\u0173"},{"@type":"BreadcrumbList","@id":"https:\/\/kidsplay.lt\/produktas\/woopie-interaktyvus-pop-it-raketa-sensorinis-zaidimas-su-18-rezimu\/#breadcrumb","itemListElement":[{"@type":"ListItem","position":1,"name":"Pagrindinis","item":"https:\/\/kidsplay.lt\/"},{"@type":"ListItem","position":2,"name":"Parduotuv\u0117","item":"https:\/\/kidsplay.lt\/parduotuve\/"},{"@type":"ListItem","position":3,"name":"Woopie interaktyvus POP IT \u201eRaketa\u201c \u2013 sensorinis \u017eaidimas su 18 re\u017eim\u0173"}]},{"@type":"WebSite","@id":"https:\/\/kidsplay.lt\/#website","url":"https:\/\/kidsplay.lt\/","name":"B\u0113rnu sp\u0113les.lv","description":"\u012evairios prek\u0117s vaikams","publisher":{"@id":"https:\/\/kidsplay.lt\/#organization"},"alternateName":"Kidsplay","potentialAction":[{"@type":"SearchAction","target":{"@type":"EntryPoint","urlTemplate":"https:\/\/kidsplay.lt\/?s={search_term_string}"},"query-input":{"@type":"PropertyValueSpecification","valueRequired":true,"valueName":"search_term_string"}}],"inLanguage":"lv-LV"},{"@type":"Organization","@id":"https:\/\/kidsplay.lt\/#organization","name":"B\u0113rnu sp\u0113le","url":"https:\/\/kidsplay.lt\/","logo":{"@type":"ImageObject","inLanguage":"lv-LV","@id":"https:\/\/kidsplay.lt\/#\/schema\/logo\/image\/","url":"https:\/\/kidsplay.lt\/wp-content\/uploads\/2023\/07\/kidsplay-logo.png","contentUrl":"https:\/\/kidsplay.lt\/wp-content\/uploads\/2023\/07\/kidsplay-logo.png","width":451,"height":98,"caption":"KidsPlay"},"image":{"@id":"https:\/\/kidsplay.lt\/#\/schema\/logo\/image\/"},"sameAs":["https:\/\/www.facebook.com\/www.kidsplay.lt"]}]}},"_links":{"self":[{"href":"https:\/\/kidsplay.lt\/lv\/wp-json\/wp\/v2\/product\/89406","targetHints":{"allow":["GET"]}}],"collection":[{"href":"https:\/\/kidsplay.lt\/lv\/wp-json\/wp\/v2\/product"}],"about":[{"href":"https:\/\/kidsplay.lt\/lv\/wp-json\/wp\/v2\/types\/product"}],"version-history":[{"count":1,"href":"https:\/\/kidsplay.lt\/lv\/wp-json\/wp\/v2\/product\/89406\/revisions"}],"predecessor-version":[{"id":89407,"href":"https:\/\/kidsplay.lt\/lv\/wp-json\/wp\/v2\/product\/89406\/revisions\/89407"}],"wp:featuredmedia":[{"embeddable":true,"href":"https:\/\/kidsplay.lt\/lv\/wp-json\/wp\/v2\/media\/89408"}],"wp:attachment":[{"href":"https:\/\/kidsplay.lt\/lv\/wp-json\/wp\/v2\/media?parent=89406"}],"wp:term":[{"taxonomy":"product_brand","embeddable":true,"href":"https:\/\/kidsplay.lt\/lv\/wp-json\/wp\/v2\/product_brand?post=89406"},{"taxonomy":"product_cat","embeddable":true,"href":"https:\/\/kidsplay.lt\/lv\/wp-json\/wp\/v2\/product_cat?post=89406"},{"taxonomy":"product_tag","embeddable":true,"href":"https:\/\/kidsplay.lt\/lv\/wp-json\/wp\/v2\/product_tag?post=89406"}],"curies":[{"name":"wp","href":"https:\/\/api.w.org\/{rel}","templated":true}]}}