{"id":89411,"date":"2026-02-26T09:20:23","date_gmt":"2026-02-26T07:20:23","guid":{"rendered":"https:\/\/kidsplay.lt\/produktas\/woopie-baby-lavinamasis-piramides-rinkinys-sensoriniu-bloku-2in1-skaiciu-krumpliaraciai\/"},"modified":"2026-04-13T14:57:06","modified_gmt":"2026-04-13T11:57:06","slug":"woopie-baby-lavinamasis-piramides-rinkinys-sensoriniu-bloku-2in1-skaiciu-krumpliaraciai","status":"publish","type":"product","link":"https:\/\/kidsplay.lt\/lv\/products\/woopie-baby-lavinamasis-piramides-rinkinys-sensoriniu-bloku-2in1-skaiciu-krumpliaraciai\/","title":{"rendered":"WOOPIE BABY izgl\u012btojo\u0161ais piram\u012bdas sensorisko kluc\u012b\u0161u komplekts 2in1 ciparu zobrati"},"content":{"rendered":"<p>\u0160is\u00a0k\u016brybingas pastelini\u0173\u00a0kalad\u0117li\u0173\u00a0su skai\u010diais rinkinys\u00a0i\u0161\u00a0WOOPIE\u00a0prek\u0117s \u017eenklo yra idealus pasirinkimas patiems ma\u017eiausiems vaikams, si\u016blantis daug lavinimo ir jutimo galimybi\u0173. Kiekvienas i\u0161\u00a0\u0161e\u0161i\u0173 blok\u0173\u00a0supa\u017eindina ma\u017eyl\u012f su skai\u010di\u0173 pasauliu, kartu lavina \u012fvairius poj\u016b\u010dius ir \u012fg\u016bd\u017eius. Jutiminiai blokeliai pagaminti i\u0161 mink\u0161tos, vaikams patogios med\u017eiagos, tod\u0117l gali veikti\u00a0kaip dantukai\u00a0, o tai palengvina dant\u0173 dygim\u0105. Be to, \u0161ios universalios kalad\u0117l\u0117s taip pat gali lyd\u0117ti j\u016bs\u0173 vaik\u0105 maudymosi metu, suteikdamos daug linksmybi\u0173 vandenyje. D\u0117l i\u0161gaubt\u0173, dideli\u0173 skai\u010di\u0173, \u017eaislas palengvina vaikams pirm\u0105 kart\u0105 i\u0161mokti skai\u010dius. \u017daislas yra universalus, juo galite pastatyti auk\u0161t\u0105 bok\u0161t\u0105,\u00a0mokytis skai\u010di\u0173\u00a0, taip pat naudoti kaip\u00a0saug\u0173\u00a0dantuk\u0105 vaikams.<\/p>\n<p>Raksturojums:<\/p>\n<p> \t\u2013 \u017daislas\u00a0nuo pirm\u0173j\u0173 vaiko gyvenimo dien\u0173<br \/>\n \t&#8211;\u00a0Puikiai tinka kramtymui dant\u0173 dygimo metu\u00a0, mink\u0161tas ir lankstus<br \/>\n \t&#8211; Paspaudus\u00a0kalad\u0117les skleid\u017eia garsus\u00a0, kurie papildomai skatina ma\u017eyl\u012f \u017eaisti<br \/>\n \t&#8211;\u00a0I\u0161gaubta\u00a0Y forma \u2013 leid\u017eia derinti ir sujungti kalad\u0117les<br \/>\n \t&#8211; Miela koala daro rinkin\u012f dar patrauklesn\u012f ir \u012fdomesn\u012f<br \/>\n \t&#8211;\u00a0Daugiafunkcis \u017eaislas:\u00a0krovimas, dantukas, mokomasi skai\u010diuoti<br \/>\n \t&#8211; Si\u016blo daug pramog\u0173 ir mokymo, kuris palaiko visapusi\u0161k\u0105 ma\u017eylio vystym\u0105si<\/p>\n<p>\u017daislas vysto:<\/p>\n<p> \tRankiniai \u012fg\u016bd\u017eiai\u00a0\u2013 sugriebiant, d\u0117liojant ir manipuliuojant kalad\u0117l\u0117mis<br \/>\n \tAki\u0173-rank\u0173 koordinacija\u00a0\u2013 vaikas i\u0161moksta priderinti diskus \u012f reikiamas vietas<br \/>\n \tKognityvinis\u00a0vystymasis\u00a0\u2013 mokantis skai\u010di\u0173 ir spalv\u0173 lavinami matematikos \u012fg\u016bd\u017eiai ir spalv\u0173 atpa\u017einimas. Blok\u0173 skleid\u017eiami garsai moko prie\u017easties ir pasekm\u0117s ry\u0161io<br \/>\n \tK\u016brybi\u0161kumas\u00a0ir\u00a0vaizduot\u0117<\/p>","protected":false},"excerpt":{"rendered":"<p>\u0160is\u00a0k\u016brybingas pastelini\u0173\u00a0kalad\u0117li\u0173\u00a0su skai\u010diais rinkinys\u00a0i\u0161\u00a0WOOPIE\u00a0prek\u0117s \u017eenklo yra idealus pasirinkimas patiems ma\u017eiausiems vaikams, si\u016blantis daug lavinimo ir jutimo galimybi\u0173. Kiekvienas i\u0161\u00a0\u0161e\u0161i\u0173 blok\u0173\u00a0supa\u017eindina<\/p>","protected":false},"featured_media":57095,"template":"","meta":{"_acf_changed":false,"_glsr_average":0,"_glsr_ranking":0,"_glsr_reviews":0},"product_brand":[],"product_cat":[396,229],"product_tag":[],"class_list":{"0":"post-89411","1":"product","2":"type-product","3":"status-publish","4":"has-post-thumbnail","6":"product_cat-kudikiu-zaislai-vaikams2","7":"product_cat-zaislai-vaikams","8":"\"style=\"background-color: #2ecc711c;\"","10":"first","11":"instock","12":"purchasable","13":"product-type-simple"},"acf":[],"yoast_head":"<!-- This site is optimized with the Yoast SEO plugin v27.3 - https:\/\/yoast.com\/product\/yoast-seo-wordpress\/ -->\n<title>WOOPIE BABY lavinamasis piramid\u0117s rinkinys sensorini\u0173 blok\u0173 2in1 skai\u010di\u0173 krumpliara\u010diai<\/title>\n<meta name=\"description\" content=\"WOOPIE BABY lavinamasis piramid\u0117s rinkinys sensorini\u0173 blok\u0173 2in1 skai\u010di\u0173 krumpliara\u010diai - KidsPlay. Did\u017eiausias vaik\u0173 \u017eaisl\u0173 pasirinkimas.\" \/>\n<meta name=\"robots\" content=\"index, follow, max-snippet:-1, max-image-preview:large, max-video-preview:-1\" \/>\n<link rel=\"canonical\" href=\"https:\/\/kidsplay.lt\/lv\/products\/woopie-baby-lavinamasis-piramides-rinkinys-sensoriniu-bloku-2in1-skaiciu-krumpliaraciai\/\" \/>\n<meta property=\"og:locale\" content=\"lv_LV\" \/>\n<meta property=\"og:type\" content=\"article\" \/>\n<meta property=\"og:title\" content=\"WOOPIE BABY lavinamasis piramid\u0117s rinkinys sensorini\u0173 blok\u0173 2in1 skai\u010di\u0173 krumpliara\u010diai\" \/>\n<meta property=\"og:description\" content=\"WOOPIE BABY lavinamasis piramid\u0117s rinkinys sensorini\u0173 blok\u0173 2in1 skai\u010di\u0173 krumpliara\u010diai - KidsPlay. Did\u017eiausias vaik\u0173 \u017eaisl\u0173 pasirinkimas.\" \/>\n<meta property=\"og:url\" content=\"https:\/\/kidsplay.lt\/lv\/products\/woopie-baby-lavinamasis-piramides-rinkinys-sensoriniu-bloku-2in1-skaiciu-krumpliaraciai\/\" \/>\n<meta property=\"og:site_name\" content=\"KidsPlay\" \/>\n<meta property=\"article:publisher\" content=\"https:\/\/www.facebook.com\/www.kidsplay.lt\" \/>\n<meta property=\"article:modified_time\" content=\"2026-04-13T11:57:06+00:00\" \/>\n<meta property=\"og:image\" content=\"https:\/\/kidsplay.lt\/wp-content\/uploads\/2024\/10\/WOOPIE-BABY-lavinamasis-piramides-rinkinys-sensoriniu-bloku-2in1-skaiciu-krumpliaraciai.jpg\" \/>\n\t<meta property=\"og:image:width\" content=\"2560\" \/>\n\t<meta property=\"og:image:height\" content=\"2560\" \/>\n\t<meta property=\"og:image:type\" content=\"image\/jpeg\" \/>\n<meta name=\"twitter:card\" content=\"summary_large_image\" \/>\n<meta name=\"twitter:label1\" content=\"Est. reading time\" \/>\n\t<meta name=\"twitter:data1\" content=\"1 min\u016bte\" \/>\n<script type=\"application\/ld+json\" class=\"yoast-schema-graph\">{\"@context\":\"https:\\\/\\\/schema.org\",\"@graph\":[{\"@type\":\"WebPage\",\"@id\":\"https:\\\/\\\/kidsplay.lt\\\/produktas\\\/woopie-baby-lavinamasis-piramides-rinkinys-sensoriniu-bloku-2in1-skaiciu-krumpliaraciai\\\/\",\"url\":\"https:\\\/\\\/kidsplay.lt\\\/produktas\\\/woopie-baby-lavinamasis-piramides-rinkinys-sensoriniu-bloku-2in1-skaiciu-krumpliaraciai\\\/\",\"name\":\"WOOPIE BABY lavinamasis piramid\u0117s rinkinys sensorini\u0173 blok\u0173 2in1 skai\u010di\u0173 krumpliara\u010diai\",\"isPartOf\":{\"@id\":\"https:\\\/\\\/kidsplay.lt\\\/#website\"},\"primaryImageOfPage\":{\"@id\":\"https:\\\/\\\/kidsplay.lt\\\/produktas\\\/woopie-baby-lavinamasis-piramides-rinkinys-sensoriniu-bloku-2in1-skaiciu-krumpliaraciai\\\/#primaryimage\"},\"image\":{\"@id\":\"https:\\\/\\\/kidsplay.lt\\\/produktas\\\/woopie-baby-lavinamasis-piramides-rinkinys-sensoriniu-bloku-2in1-skaiciu-krumpliaraciai\\\/#primaryimage\"},\"thumbnailUrl\":\"https:\\\/\\\/kidsplay.lt\\\/wp-content\\\/uploads\\\/2024\\\/10\\\/WOOPIE-BABY-lavinamasis-piramides-rinkinys-sensoriniu-bloku-2in1-skaiciu-krumpliaraciai.jpg\",\"datePublished\":\"2026-02-26T07:20:23+00:00\",\"dateModified\":\"2026-04-13T11:57:06+00:00\",\"description\":\"WOOPIE BABY lavinamasis piramid\u0117s rinkinys sensorini\u0173 blok\u0173 2in1 skai\u010di\u0173 krumpliara\u010diai - KidsPlay. Did\u017eiausias vaik\u0173 \u017eaisl\u0173 pasirinkimas.\",\"breadcrumb\":{\"@id\":\"https:\\\/\\\/kidsplay.lt\\\/produktas\\\/woopie-baby-lavinamasis-piramides-rinkinys-sensoriniu-bloku-2in1-skaiciu-krumpliaraciai\\\/#breadcrumb\"},\"inLanguage\":\"lv-LV\",\"potentialAction\":[{\"@type\":\"ReadAction\",\"target\":[\"https:\\\/\\\/kidsplay.lt\\\/produktas\\\/woopie-baby-lavinamasis-piramides-rinkinys-sensoriniu-bloku-2in1-skaiciu-krumpliaraciai\\\/\"]}]},{\"@type\":\"ImageObject\",\"inLanguage\":\"lv-LV\",\"@id\":\"https:\\\/\\\/kidsplay.lt\\\/produktas\\\/woopie-baby-lavinamasis-piramides-rinkinys-sensoriniu-bloku-2in1-skaiciu-krumpliaraciai\\\/#primaryimage\",\"url\":\"https:\\\/\\\/kidsplay.lt\\\/wp-content\\\/uploads\\\/2024\\\/10\\\/WOOPIE-BABY-lavinamasis-piramides-rinkinys-sensoriniu-bloku-2in1-skaiciu-krumpliaraciai.jpg\",\"contentUrl\":\"https:\\\/\\\/kidsplay.lt\\\/wp-content\\\/uploads\\\/2024\\\/10\\\/WOOPIE-BABY-lavinamasis-piramides-rinkinys-sensoriniu-bloku-2in1-skaiciu-krumpliaraciai.jpg\",\"width\":2560,\"height\":2560,\"caption\":\"WOOPIE BABY lavinamasis piramid\u0117s rinkinys sensorini\u0173 blok\u0173 2in1 skai\u010di\u0173 krumpliara\u010diai\"},{\"@type\":\"BreadcrumbList\",\"@id\":\"https:\\\/\\\/kidsplay.lt\\\/produktas\\\/woopie-baby-lavinamasis-piramides-rinkinys-sensoriniu-bloku-2in1-skaiciu-krumpliaraciai\\\/#breadcrumb\",\"itemListElement\":[{\"@type\":\"ListItem\",\"position\":1,\"name\":\"Pagrindinis\",\"item\":\"https:\\\/\\\/kidsplay.lt\\\/\"},{\"@type\":\"ListItem\",\"position\":2,\"name\":\"Parduotuv\u0117\",\"item\":\"https:\\\/\\\/kidsplay.lt\\\/parduotuve\\\/\"},{\"@type\":\"ListItem\",\"position\":3,\"name\":\"WOOPIE BABY lavinamasis piramid\u0117s rinkinys sensorini\u0173 blok\u0173 2in1 skai\u010di\u0173 krumpliara\u010diai\"}]},{\"@type\":\"WebSite\",\"@id\":\"https:\\\/\\\/kidsplay.lt\\\/#website\",\"url\":\"https:\\\/\\\/kidsplay.lt\\\/\",\"name\":\"Kidsplay.lt\",\"description\":\"\u012evairios prek\u0117s vaikams\",\"publisher\":{\"@id\":\"https:\\\/\\\/kidsplay.lt\\\/#organization\"},\"alternateName\":\"Kidsplay\",\"potentialAction\":[{\"@type\":\"SearchAction\",\"target\":{\"@type\":\"EntryPoint\",\"urlTemplate\":\"https:\\\/\\\/kidsplay.lt\\\/?s={search_term_string}\"},\"query-input\":{\"@type\":\"PropertyValueSpecification\",\"valueRequired\":true,\"valueName\":\"search_term_string\"}}],\"inLanguage\":\"lv-LV\"},{\"@type\":\"Organization\",\"@id\":\"https:\\\/\\\/kidsplay.lt\\\/#organization\",\"name\":\"KidsPlay\",\"url\":\"https:\\\/\\\/kidsplay.lt\\\/\",\"logo\":{\"@type\":\"ImageObject\",\"inLanguage\":\"lv-LV\",\"@id\":\"https:\\\/\\\/kidsplay.lt\\\/#\\\/schema\\\/logo\\\/image\\\/\",\"url\":\"https:\\\/\\\/kidsplay.lt\\\/wp-content\\\/uploads\\\/2023\\\/07\\\/kidsplay-logo.png\",\"contentUrl\":\"https:\\\/\\\/kidsplay.lt\\\/wp-content\\\/uploads\\\/2023\\\/07\\\/kidsplay-logo.png\",\"width\":451,\"height\":98,\"caption\":\"KidsPlay\"},\"image\":{\"@id\":\"https:\\\/\\\/kidsplay.lt\\\/#\\\/schema\\\/logo\\\/image\\\/\"},\"sameAs\":[\"https:\\\/\\\/www.facebook.com\\\/www.kidsplay.lt\"]}]}<\/script>\n<!-- \/ Yoast SEO plugin. -->","yoast_head_json":{"title":"WOOPIE BABY izgl\u012btojo\u0161ais piram\u012bdas sensorisko kluc\u012b\u0161u komplekts 2in1 ciparu zobrati","description":"WOOPIE BABY lavinamasis piramid\u0117s rinkinys sensorini\u0173 blok\u0173 2in1 skai\u010di\u0173 krumpliara\u010diai - KidsPlay. Did\u017eiausias vaik\u0173 \u017eaisl\u0173 pasirinkimas.","robots":{"index":"index","follow":"follow","max-snippet":"max-snippet:-1","max-image-preview":"max-image-preview:large","max-video-preview":"max-video-preview:-1"},"canonical":"https:\/\/kidsplay.lt\/lv\/products\/woopie-baby-lavinamasis-piramides-rinkinys-sensoriniu-bloku-2in1-skaiciu-krumpliaraciai\/","og_locale":"lv_LV","og_type":"article","og_title":"WOOPIE BABY lavinamasis piramid\u0117s rinkinys sensorini\u0173 blok\u0173 2in1 skai\u010di\u0173 krumpliara\u010diai","og_description":"WOOPIE BABY lavinamasis piramid\u0117s rinkinys sensorini\u0173 blok\u0173 2in1 skai\u010di\u0173 krumpliara\u010diai - KidsPlay. Did\u017eiausias vaik\u0173 \u017eaisl\u0173 pasirinkimas.","og_url":"https:\/\/kidsplay.lt\/lv\/products\/woopie-baby-lavinamasis-piramides-rinkinys-sensoriniu-bloku-2in1-skaiciu-krumpliaraciai\/","og_site_name":"KidsPlay","article_publisher":"https:\/\/www.facebook.com\/www.kidsplay.lt","article_modified_time":"2026-04-13T11:57:06+00:00","og_image":[{"width":2560,"height":2560,"url":"https:\/\/kidsplay.lt\/wp-content\/uploads\/2024\/10\/WOOPIE-BABY-lavinamasis-piramides-rinkinys-sensoriniu-bloku-2in1-skaiciu-krumpliaraciai.jpg","type":"image\/jpeg"}],"twitter_card":"summary_large_image","twitter_misc":{"Est. reading time":"1 min\u016bte"},"schema":{"@context":"https:\/\/schema.org","@graph":[{"@type":"WebPage","@id":"https:\/\/kidsplay.lt\/produktas\/woopie-baby-lavinamasis-piramides-rinkinys-sensoriniu-bloku-2in1-skaiciu-krumpliaraciai\/","url":"https:\/\/kidsplay.lt\/produktas\/woopie-baby-lavinamasis-piramides-rinkinys-sensoriniu-bloku-2in1-skaiciu-krumpliaraciai\/","name":"WOOPIE BABY izgl\u012btojo\u0161ais piram\u012bdas sensorisko kluc\u012b\u0161u komplekts 2in1 ciparu zobrati","isPartOf":{"@id":"https:\/\/kidsplay.lt\/#website"},"primaryImageOfPage":{"@id":"https:\/\/kidsplay.lt\/produktas\/woopie-baby-lavinamasis-piramides-rinkinys-sensoriniu-bloku-2in1-skaiciu-krumpliaraciai\/#primaryimage"},"image":{"@id":"https:\/\/kidsplay.lt\/produktas\/woopie-baby-lavinamasis-piramides-rinkinys-sensoriniu-bloku-2in1-skaiciu-krumpliaraciai\/#primaryimage"},"thumbnailUrl":"https:\/\/kidsplay.lt\/wp-content\/uploads\/2024\/10\/WOOPIE-BABY-lavinamasis-piramides-rinkinys-sensoriniu-bloku-2in1-skaiciu-krumpliaraciai.jpg","datePublished":"2026-02-26T07:20:23+00:00","dateModified":"2026-04-13T11:57:06+00:00","description":"WOOPIE BABY lavinamasis piramid\u0117s rinkinys sensorini\u0173 blok\u0173 2in1 skai\u010di\u0173 krumpliara\u010diai - KidsPlay. Did\u017eiausias vaik\u0173 \u017eaisl\u0173 pasirinkimas.","breadcrumb":{"@id":"https:\/\/kidsplay.lt\/produktas\/woopie-baby-lavinamasis-piramides-rinkinys-sensoriniu-bloku-2in1-skaiciu-krumpliaraciai\/#breadcrumb"},"inLanguage":"lv-LV","potentialAction":[{"@type":"ReadAction","target":["https:\/\/kidsplay.lt\/produktas\/woopie-baby-lavinamasis-piramides-rinkinys-sensoriniu-bloku-2in1-skaiciu-krumpliaraciai\/"]}]},{"@type":"ImageObject","inLanguage":"lv-LV","@id":"https:\/\/kidsplay.lt\/produktas\/woopie-baby-lavinamasis-piramides-rinkinys-sensoriniu-bloku-2in1-skaiciu-krumpliaraciai\/#primaryimage","url":"https:\/\/kidsplay.lt\/wp-content\/uploads\/2024\/10\/WOOPIE-BABY-lavinamasis-piramides-rinkinys-sensoriniu-bloku-2in1-skaiciu-krumpliaraciai.jpg","contentUrl":"https:\/\/kidsplay.lt\/wp-content\/uploads\/2024\/10\/WOOPIE-BABY-lavinamasis-piramides-rinkinys-sensoriniu-bloku-2in1-skaiciu-krumpliaraciai.jpg","width":2560,"height":2560,"caption":"WOOPIE BABY lavinamasis piramid\u0117s rinkinys sensorini\u0173 blok\u0173 2in1 skai\u010di\u0173 krumpliara\u010diai"},{"@type":"BreadcrumbList","@id":"https:\/\/kidsplay.lt\/produktas\/woopie-baby-lavinamasis-piramides-rinkinys-sensoriniu-bloku-2in1-skaiciu-krumpliaraciai\/#breadcrumb","itemListElement":[{"@type":"ListItem","position":1,"name":"Pagrindinis","item":"https:\/\/kidsplay.lt\/"},{"@type":"ListItem","position":2,"name":"Parduotuv\u0117","item":"https:\/\/kidsplay.lt\/parduotuve\/"},{"@type":"ListItem","position":3,"name":"WOOPIE BABY lavinamasis piramid\u0117s rinkinys sensorini\u0173 blok\u0173 2in1 skai\u010di\u0173 krumpliara\u010diai"}]},{"@type":"WebSite","@id":"https:\/\/kidsplay.lt\/#website","url":"https:\/\/kidsplay.lt\/","name":"B\u0113rnu sp\u0113les.lv","description":"\u012evairios prek\u0117s vaikams","publisher":{"@id":"https:\/\/kidsplay.lt\/#organization"},"alternateName":"Kidsplay","potentialAction":[{"@type":"SearchAction","target":{"@type":"EntryPoint","urlTemplate":"https:\/\/kidsplay.lt\/?s={search_term_string}"},"query-input":{"@type":"PropertyValueSpecification","valueRequired":true,"valueName":"search_term_string"}}],"inLanguage":"lv-LV"},{"@type":"Organization","@id":"https:\/\/kidsplay.lt\/#organization","name":"B\u0113rnu sp\u0113le","url":"https:\/\/kidsplay.lt\/","logo":{"@type":"ImageObject","inLanguage":"lv-LV","@id":"https:\/\/kidsplay.lt\/#\/schema\/logo\/image\/","url":"https:\/\/kidsplay.lt\/wp-content\/uploads\/2023\/07\/kidsplay-logo.png","contentUrl":"https:\/\/kidsplay.lt\/wp-content\/uploads\/2023\/07\/kidsplay-logo.png","width":451,"height":98,"caption":"KidsPlay"},"image":{"@id":"https:\/\/kidsplay.lt\/#\/schema\/logo\/image\/"},"sameAs":["https:\/\/www.facebook.com\/www.kidsplay.lt"]}]}},"_links":{"self":[{"href":"https:\/\/kidsplay.lt\/lv\/wp-json\/wp\/v2\/product\/89411","targetHints":{"allow":["GET"]}}],"collection":[{"href":"https:\/\/kidsplay.lt\/lv\/wp-json\/wp\/v2\/product"}],"about":[{"href":"https:\/\/kidsplay.lt\/lv\/wp-json\/wp\/v2\/types\/product"}],"version-history":[{"count":1,"href":"https:\/\/kidsplay.lt\/lv\/wp-json\/wp\/v2\/product\/89411\/revisions"}],"predecessor-version":[{"id":89412,"href":"https:\/\/kidsplay.lt\/lv\/wp-json\/wp\/v2\/product\/89411\/revisions\/89412"}],"wp:featuredmedia":[{"embeddable":true,"href":"https:\/\/kidsplay.lt\/lv\/wp-json\/wp\/v2\/media\/57095"}],"wp:attachment":[{"href":"https:\/\/kidsplay.lt\/lv\/wp-json\/wp\/v2\/media?parent=89411"}],"wp:term":[{"taxonomy":"product_brand","embeddable":true,"href":"https:\/\/kidsplay.lt\/lv\/wp-json\/wp\/v2\/product_brand?post=89411"},{"taxonomy":"product_cat","embeddable":true,"href":"https:\/\/kidsplay.lt\/lv\/wp-json\/wp\/v2\/product_cat?post=89411"},{"taxonomy":"product_tag","embeddable":true,"href":"https:\/\/kidsplay.lt\/lv\/wp-json\/wp\/v2\/product_tag?post=89411"}],"curies":[{"name":"wp","href":"https:\/\/api.w.org\/{rel}","templated":true}]}}