{"id":89416,"date":"2026-02-26T09:20:31","date_gmt":"2026-02-26T07:20:31","guid":{"rendered":"https:\/\/kidsplay.lt\/produktas\/woopie-vandens-staliukas-2in1-smelio-deze-piratu-laivas-6-vnt\/"},"modified":"2026-04-07T10:35:25","modified_gmt":"2026-04-07T07:35:25","slug":"woopie-vandens-staliukas-2in1-smelio-deze-piratu-laivas-6-vnt","status":"publish","type":"product","link":"https:\/\/kidsplay.lt\/lv\/products\/woopie-vandens-staliukas-2in1-smelio-deze-piratu-laivas-6-vnt\/","title":{"rendered":"WOOPIE \u016bdens galds 2in1 smil\u0161u kaste Pir\u0101tu ku\u0123is 6 gab."},"content":{"rendered":"<p>WOOPIE\u00a0prek\u0117s \u017eenklo\u00a0sm\u0117lio stalas\u00a0yra idealus \u017eaislas \u017eaid\u017eiant\u00a0su vandeniu ir sm\u0117liu\u00a0. Rinkinyje yra\u00a0daug pried\u0173,\u00a0su kuriais galima \u017eaisti, \u012fskaitant formeles, gr\u0117bl\u012f, kastuv\u0105 ir daug kit\u0173. Naudodamas puodel\u012f vaikas gali nupilti vanden\u012f nuo stiebo ir pamatyti, kaip vanduo juda per vandens mal\u016bnus. Stalas skirtas\u00a0\u017eaisti tiek namuose, tiek lauke\u00a0. Puikiai tinka \u017eaisti namuose ir papl\u016bdimyje ar sm\u0117lio d\u0117\u017e\u0117je.<\/p>\n<p>Charakteristika:<\/p>\n<p> \t&#8211; nuo\u00a03 met\u0173 am\u017eiaus\u00a0,<br \/>\n \t&#8211;\u00a02in1\u00a0vandens stalas, pirat\u0173 laivas,<br \/>\n \t&#8211; \u017eaisti\u00a0su vandeniu ir sm\u0117liu,<br \/>\n \t&#8211; komplekte yra\u00a0priedai,<br \/>\n \t&#8211; \u017eaisti lauke ir namuose,<br \/>\n \t&#8211;\u00a0lengvas surinkimas.<\/p>\n<p>Komplekt\u0101 ietilpst:<\/p>\n<p>\u00a0\u00a0\u00a0 &#8211; pirat\u0173 laivas,<br \/>\n\u00a0\u00a0\u00a0 &#8211; kastuvas,<br \/>\n\u00a0\u00a0\u00a0 &#8211; gr\u0117blys,<br \/>\n\u00a0\u00a0\u00a0 &#8211; stiebas su v\u0117liav\u0117le,<br \/>\n\u00a0\u00a0\u00a0 &#8211; laisvai stovinti rit\u0117,<br \/>\n\u00a0\u00a0\u00a0 &#8211; pel\u0117siai,<br \/>\n\u00a0\u00a0\u00a0 &#8211; rutulys vandeniui pilti.<\/p>","protected":false},"excerpt":{"rendered":"<p>WOOPIE\u00a0prek\u0117s \u017eenklo\u00a0sm\u0117lio stalas\u00a0yra idealus \u017eaislas \u017eaid\u017eiant\u00a0su vandeniu ir sm\u0117liu\u00a0. Rinkinyje yra\u00a0daug pried\u0173,\u00a0su kuriais galima \u017eaisti, \u012fskaitant formeles, gr\u0117bl\u012f, kastuv\u0105 ir<\/p>","protected":false},"featured_media":57100,"template":"","meta":{"_acf_changed":false,"_glsr_average":0,"_glsr_ranking":0,"_glsr_reviews":0},"product_brand":[],"product_cat":[395,229],"product_tag":[],"class_list":{"0":"post-89416","1":"product","2":"type-product","3":"status-publish","4":"has-post-thumbnail","6":"product_cat-vandens-ir-smelio-staliukai","7":"product_cat-zaislai-vaikams","8":"\"style=\"background-color: #2ecc711c;\"","10":"first","11":"instock","12":"purchasable","13":"product-type-simple"},"acf":[],"yoast_head":"<!-- This site is optimized with the Yoast SEO plugin v27.3 - https:\/\/yoast.com\/product\/yoast-seo-wordpress\/ -->\n<title>WOOPIE vandens staliukas 2in1 sm\u0117lio d\u0117\u017e\u0117 Pirat\u0173 laivas 6 vnt<\/title>\n<meta name=\"description\" content=\"WOOPIE vandens staliukas 2in1 sm\u0117lio d\u0117\u017e\u0117 Pirat\u0173 laivas 6 vnt - KidsPlay. Did\u017eiausias vaik\u0173 \u017eaisl\u0173 pasirinkimas.\" \/>\n<meta name=\"robots\" content=\"index, follow, max-snippet:-1, max-image-preview:large, max-video-preview:-1\" \/>\n<link rel=\"canonical\" href=\"https:\/\/kidsplay.lt\/lv\/products\/woopie-vandens-staliukas-2in1-smelio-deze-piratu-laivas-6-vnt\/\" \/>\n<meta property=\"og:locale\" content=\"lv_LV\" \/>\n<meta property=\"og:type\" content=\"article\" \/>\n<meta property=\"og:title\" content=\"WOOPIE vandens staliukas 2in1 sm\u0117lio d\u0117\u017e\u0117 Pirat\u0173 laivas 6 vnt\" \/>\n<meta property=\"og:description\" content=\"WOOPIE vandens staliukas 2in1 sm\u0117lio d\u0117\u017e\u0117 Pirat\u0173 laivas 6 vnt - KidsPlay. Did\u017eiausias vaik\u0173 \u017eaisl\u0173 pasirinkimas.\" \/>\n<meta property=\"og:url\" content=\"https:\/\/kidsplay.lt\/lv\/products\/woopie-vandens-staliukas-2in1-smelio-deze-piratu-laivas-6-vnt\/\" \/>\n<meta property=\"og:site_name\" content=\"KidsPlay\" \/>\n<meta property=\"article:publisher\" content=\"https:\/\/www.facebook.com\/www.kidsplay.lt\" \/>\n<meta property=\"article:modified_time\" content=\"2026-04-07T07:35:25+00:00\" \/>\n<meta property=\"og:image\" content=\"https:\/\/kidsplay.lt\/wp-content\/uploads\/2024\/10\/WOOPIE-vandens-staliukas-2in1-smelio-deze-Piratu-laivas-6-vnt.jpg\" \/>\n\t<meta property=\"og:image:width\" content=\"2560\" \/>\n\t<meta property=\"og:image:height\" content=\"2560\" \/>\n\t<meta property=\"og:image:type\" content=\"image\/jpeg\" \/>\n<meta name=\"twitter:card\" content=\"summary_large_image\" \/>\n<meta name=\"twitter:label1\" content=\"Est. reading time\" \/>\n\t<meta name=\"twitter:data1\" content=\"1 min\u016bte\" \/>\n<script type=\"application\/ld+json\" class=\"yoast-schema-graph\">{\"@context\":\"https:\\\/\\\/schema.org\",\"@graph\":[{\"@type\":\"WebPage\",\"@id\":\"https:\\\/\\\/kidsplay.lt\\\/produktas\\\/woopie-vandens-staliukas-2in1-smelio-deze-piratu-laivas-6-vnt\\\/\",\"url\":\"https:\\\/\\\/kidsplay.lt\\\/produktas\\\/woopie-vandens-staliukas-2in1-smelio-deze-piratu-laivas-6-vnt\\\/\",\"name\":\"WOOPIE vandens staliukas 2in1 sm\u0117lio d\u0117\u017e\u0117 Pirat\u0173 laivas 6 vnt\",\"isPartOf\":{\"@id\":\"https:\\\/\\\/kidsplay.lt\\\/#website\"},\"primaryImageOfPage\":{\"@id\":\"https:\\\/\\\/kidsplay.lt\\\/produktas\\\/woopie-vandens-staliukas-2in1-smelio-deze-piratu-laivas-6-vnt\\\/#primaryimage\"},\"image\":{\"@id\":\"https:\\\/\\\/kidsplay.lt\\\/produktas\\\/woopie-vandens-staliukas-2in1-smelio-deze-piratu-laivas-6-vnt\\\/#primaryimage\"},\"thumbnailUrl\":\"https:\\\/\\\/kidsplay.lt\\\/wp-content\\\/uploads\\\/2024\\\/10\\\/WOOPIE-vandens-staliukas-2in1-smelio-deze-Piratu-laivas-6-vnt.jpg\",\"datePublished\":\"2026-02-26T07:20:31+00:00\",\"dateModified\":\"2026-04-07T07:35:25+00:00\",\"description\":\"WOOPIE vandens staliukas 2in1 sm\u0117lio d\u0117\u017e\u0117 Pirat\u0173 laivas 6 vnt - KidsPlay. Did\u017eiausias vaik\u0173 \u017eaisl\u0173 pasirinkimas.\",\"breadcrumb\":{\"@id\":\"https:\\\/\\\/kidsplay.lt\\\/produktas\\\/woopie-vandens-staliukas-2in1-smelio-deze-piratu-laivas-6-vnt\\\/#breadcrumb\"},\"inLanguage\":\"lv-LV\",\"potentialAction\":[{\"@type\":\"ReadAction\",\"target\":[\"https:\\\/\\\/kidsplay.lt\\\/produktas\\\/woopie-vandens-staliukas-2in1-smelio-deze-piratu-laivas-6-vnt\\\/\"]}]},{\"@type\":\"ImageObject\",\"inLanguage\":\"lv-LV\",\"@id\":\"https:\\\/\\\/kidsplay.lt\\\/produktas\\\/woopie-vandens-staliukas-2in1-smelio-deze-piratu-laivas-6-vnt\\\/#primaryimage\",\"url\":\"https:\\\/\\\/kidsplay.lt\\\/wp-content\\\/uploads\\\/2024\\\/10\\\/WOOPIE-vandens-staliukas-2in1-smelio-deze-Piratu-laivas-6-vnt.jpg\",\"contentUrl\":\"https:\\\/\\\/kidsplay.lt\\\/wp-content\\\/uploads\\\/2024\\\/10\\\/WOOPIE-vandens-staliukas-2in1-smelio-deze-Piratu-laivas-6-vnt.jpg\",\"width\":2560,\"height\":2560,\"caption\":\"WOOPIE vandens staliukas 2in1 sm\u0117lio d\u0117\u017e\u0117 Pirat\u0173 laivas 6 vnt\"},{\"@type\":\"BreadcrumbList\",\"@id\":\"https:\\\/\\\/kidsplay.lt\\\/produktas\\\/woopie-vandens-staliukas-2in1-smelio-deze-piratu-laivas-6-vnt\\\/#breadcrumb\",\"itemListElement\":[{\"@type\":\"ListItem\",\"position\":1,\"name\":\"Pagrindinis\",\"item\":\"https:\\\/\\\/kidsplay.lt\\\/\"},{\"@type\":\"ListItem\",\"position\":2,\"name\":\"Parduotuv\u0117\",\"item\":\"https:\\\/\\\/kidsplay.lt\\\/parduotuve\\\/\"},{\"@type\":\"ListItem\",\"position\":3,\"name\":\"WOOPIE vandens staliukas 2in1 sm\u0117lio d\u0117\u017e\u0117 Pirat\u0173 laivas 6 vnt\"}]},{\"@type\":\"WebSite\",\"@id\":\"https:\\\/\\\/kidsplay.lt\\\/#website\",\"url\":\"https:\\\/\\\/kidsplay.lt\\\/\",\"name\":\"Kidsplay.lt\",\"description\":\"\u012evairios prek\u0117s vaikams\",\"publisher\":{\"@id\":\"https:\\\/\\\/kidsplay.lt\\\/#organization\"},\"alternateName\":\"Kidsplay\",\"potentialAction\":[{\"@type\":\"SearchAction\",\"target\":{\"@type\":\"EntryPoint\",\"urlTemplate\":\"https:\\\/\\\/kidsplay.lt\\\/?s={search_term_string}\"},\"query-input\":{\"@type\":\"PropertyValueSpecification\",\"valueRequired\":true,\"valueName\":\"search_term_string\"}}],\"inLanguage\":\"lv-LV\"},{\"@type\":\"Organization\",\"@id\":\"https:\\\/\\\/kidsplay.lt\\\/#organization\",\"name\":\"KidsPlay\",\"url\":\"https:\\\/\\\/kidsplay.lt\\\/\",\"logo\":{\"@type\":\"ImageObject\",\"inLanguage\":\"lv-LV\",\"@id\":\"https:\\\/\\\/kidsplay.lt\\\/#\\\/schema\\\/logo\\\/image\\\/\",\"url\":\"https:\\\/\\\/kidsplay.lt\\\/wp-content\\\/uploads\\\/2023\\\/07\\\/kidsplay-logo.png\",\"contentUrl\":\"https:\\\/\\\/kidsplay.lt\\\/wp-content\\\/uploads\\\/2023\\\/07\\\/kidsplay-logo.png\",\"width\":451,\"height\":98,\"caption\":\"KidsPlay\"},\"image\":{\"@id\":\"https:\\\/\\\/kidsplay.lt\\\/#\\\/schema\\\/logo\\\/image\\\/\"},\"sameAs\":[\"https:\\\/\\\/www.facebook.com\\\/www.kidsplay.lt\"]}]}<\/script>\n<!-- \/ Yoast SEO plugin. -->","yoast_head_json":{"title":"WOOPIE \u016bdens galds 2in1 smil\u0161u kaste Pir\u0101tu ku\u0123is 6 gab.","description":"WOOPIE vandens staliukas 2in1 sm\u0117lio d\u0117\u017e\u0117 Pirat\u0173 laivas 6 vnt - KidsPlay. Did\u017eiausias vaik\u0173 \u017eaisl\u0173 pasirinkimas.","robots":{"index":"index","follow":"follow","max-snippet":"max-snippet:-1","max-image-preview":"max-image-preview:large","max-video-preview":"max-video-preview:-1"},"canonical":"https:\/\/kidsplay.lt\/lv\/products\/woopie-vandens-staliukas-2in1-smelio-deze-piratu-laivas-6-vnt\/","og_locale":"lv_LV","og_type":"article","og_title":"WOOPIE vandens staliukas 2in1 sm\u0117lio d\u0117\u017e\u0117 Pirat\u0173 laivas 6 vnt","og_description":"WOOPIE vandens staliukas 2in1 sm\u0117lio d\u0117\u017e\u0117 Pirat\u0173 laivas 6 vnt - KidsPlay. Did\u017eiausias vaik\u0173 \u017eaisl\u0173 pasirinkimas.","og_url":"https:\/\/kidsplay.lt\/lv\/products\/woopie-vandens-staliukas-2in1-smelio-deze-piratu-laivas-6-vnt\/","og_site_name":"KidsPlay","article_publisher":"https:\/\/www.facebook.com\/www.kidsplay.lt","article_modified_time":"2026-04-07T07:35:25+00:00","og_image":[{"width":2560,"height":2560,"url":"https:\/\/kidsplay.lt\/wp-content\/uploads\/2024\/10\/WOOPIE-vandens-staliukas-2in1-smelio-deze-Piratu-laivas-6-vnt.jpg","type":"image\/jpeg"}],"twitter_card":"summary_large_image","twitter_misc":{"Est. reading time":"1 min\u016bte"},"schema":{"@context":"https:\/\/schema.org","@graph":[{"@type":"WebPage","@id":"https:\/\/kidsplay.lt\/produktas\/woopie-vandens-staliukas-2in1-smelio-deze-piratu-laivas-6-vnt\/","url":"https:\/\/kidsplay.lt\/produktas\/woopie-vandens-staliukas-2in1-smelio-deze-piratu-laivas-6-vnt\/","name":"WOOPIE \u016bdens galds 2in1 smil\u0161u kaste Pir\u0101tu ku\u0123is 6 gab.","isPartOf":{"@id":"https:\/\/kidsplay.lt\/#website"},"primaryImageOfPage":{"@id":"https:\/\/kidsplay.lt\/produktas\/woopie-vandens-staliukas-2in1-smelio-deze-piratu-laivas-6-vnt\/#primaryimage"},"image":{"@id":"https:\/\/kidsplay.lt\/produktas\/woopie-vandens-staliukas-2in1-smelio-deze-piratu-laivas-6-vnt\/#primaryimage"},"thumbnailUrl":"https:\/\/kidsplay.lt\/wp-content\/uploads\/2024\/10\/WOOPIE-vandens-staliukas-2in1-smelio-deze-Piratu-laivas-6-vnt.jpg","datePublished":"2026-02-26T07:20:31+00:00","dateModified":"2026-04-07T07:35:25+00:00","description":"WOOPIE vandens staliukas 2in1 sm\u0117lio d\u0117\u017e\u0117 Pirat\u0173 laivas 6 vnt - KidsPlay. Did\u017eiausias vaik\u0173 \u017eaisl\u0173 pasirinkimas.","breadcrumb":{"@id":"https:\/\/kidsplay.lt\/produktas\/woopie-vandens-staliukas-2in1-smelio-deze-piratu-laivas-6-vnt\/#breadcrumb"},"inLanguage":"lv-LV","potentialAction":[{"@type":"ReadAction","target":["https:\/\/kidsplay.lt\/produktas\/woopie-vandens-staliukas-2in1-smelio-deze-piratu-laivas-6-vnt\/"]}]},{"@type":"ImageObject","inLanguage":"lv-LV","@id":"https:\/\/kidsplay.lt\/produktas\/woopie-vandens-staliukas-2in1-smelio-deze-piratu-laivas-6-vnt\/#primaryimage","url":"https:\/\/kidsplay.lt\/wp-content\/uploads\/2024\/10\/WOOPIE-vandens-staliukas-2in1-smelio-deze-Piratu-laivas-6-vnt.jpg","contentUrl":"https:\/\/kidsplay.lt\/wp-content\/uploads\/2024\/10\/WOOPIE-vandens-staliukas-2in1-smelio-deze-Piratu-laivas-6-vnt.jpg","width":2560,"height":2560,"caption":"WOOPIE vandens staliukas 2in1 sm\u0117lio d\u0117\u017e\u0117 Pirat\u0173 laivas 6 vnt"},{"@type":"BreadcrumbList","@id":"https:\/\/kidsplay.lt\/produktas\/woopie-vandens-staliukas-2in1-smelio-deze-piratu-laivas-6-vnt\/#breadcrumb","itemListElement":[{"@type":"ListItem","position":1,"name":"Pagrindinis","item":"https:\/\/kidsplay.lt\/"},{"@type":"ListItem","position":2,"name":"Parduotuv\u0117","item":"https:\/\/kidsplay.lt\/parduotuve\/"},{"@type":"ListItem","position":3,"name":"WOOPIE vandens staliukas 2in1 sm\u0117lio d\u0117\u017e\u0117 Pirat\u0173 laivas 6 vnt"}]},{"@type":"WebSite","@id":"https:\/\/kidsplay.lt\/#website","url":"https:\/\/kidsplay.lt\/","name":"B\u0113rnu sp\u0113les.lv","description":"\u012evairios prek\u0117s vaikams","publisher":{"@id":"https:\/\/kidsplay.lt\/#organization"},"alternateName":"Kidsplay","potentialAction":[{"@type":"SearchAction","target":{"@type":"EntryPoint","urlTemplate":"https:\/\/kidsplay.lt\/?s={search_term_string}"},"query-input":{"@type":"PropertyValueSpecification","valueRequired":true,"valueName":"search_term_string"}}],"inLanguage":"lv-LV"},{"@type":"Organization","@id":"https:\/\/kidsplay.lt\/#organization","name":"B\u0113rnu sp\u0113le","url":"https:\/\/kidsplay.lt\/","logo":{"@type":"ImageObject","inLanguage":"lv-LV","@id":"https:\/\/kidsplay.lt\/#\/schema\/logo\/image\/","url":"https:\/\/kidsplay.lt\/wp-content\/uploads\/2023\/07\/kidsplay-logo.png","contentUrl":"https:\/\/kidsplay.lt\/wp-content\/uploads\/2023\/07\/kidsplay-logo.png","width":451,"height":98,"caption":"KidsPlay"},"image":{"@id":"https:\/\/kidsplay.lt\/#\/schema\/logo\/image\/"},"sameAs":["https:\/\/www.facebook.com\/www.kidsplay.lt"]}]}},"_links":{"self":[{"href":"https:\/\/kidsplay.lt\/lv\/wp-json\/wp\/v2\/product\/89416","targetHints":{"allow":["GET"]}}],"collection":[{"href":"https:\/\/kidsplay.lt\/lv\/wp-json\/wp\/v2\/product"}],"about":[{"href":"https:\/\/kidsplay.lt\/lv\/wp-json\/wp\/v2\/types\/product"}],"version-history":[{"count":1,"href":"https:\/\/kidsplay.lt\/lv\/wp-json\/wp\/v2\/product\/89416\/revisions"}],"predecessor-version":[{"id":89417,"href":"https:\/\/kidsplay.lt\/lv\/wp-json\/wp\/v2\/product\/89416\/revisions\/89417"}],"wp:featuredmedia":[{"embeddable":true,"href":"https:\/\/kidsplay.lt\/lv\/wp-json\/wp\/v2\/media\/57100"}],"wp:attachment":[{"href":"https:\/\/kidsplay.lt\/lv\/wp-json\/wp\/v2\/media?parent=89416"}],"wp:term":[{"taxonomy":"product_brand","embeddable":true,"href":"https:\/\/kidsplay.lt\/lv\/wp-json\/wp\/v2\/product_brand?post=89416"},{"taxonomy":"product_cat","embeddable":true,"href":"https:\/\/kidsplay.lt\/lv\/wp-json\/wp\/v2\/product_cat?post=89416"},{"taxonomy":"product_tag","embeddable":true,"href":"https:\/\/kidsplay.lt\/lv\/wp-json\/wp\/v2\/product_tag?post=89416"}],"curies":[{"name":"wp","href":"https:\/\/api.w.org\/{rel}","templated":true}]}}