{"id":89422,"date":"2026-02-26T09:20:39","date_gmt":"2026-02-26T07:20:39","guid":{"rendered":"https:\/\/kidsplay.lt\/produktas\/didelis-krepsinis-vaikams-reguliuojamas-ir-sulankstomas\/"},"modified":"2026-04-13T14:57:23","modified_gmt":"2026-04-13T11:57:23","slug":"didelis-krepsinis-vaikams-reguliuojamas-ir-sulankstomas","status":"publish","type":"product","link":"https:\/\/kidsplay.lt\/lv\/products\/didelis-krepsinis-vaikams-reguliuojamas-ir-sulankstomas\/","title":{"rendered":"Didelis krep\u0161inis vaikams, reguliuojamas ir sulankstomas"},"content":{"rendered":"<p>Garsiojo prek\u0117s \u017eenklo\u00a0\u201eLittle Tikes\u201c\u00a0krep\u0161inio kamuolys\u00a0buvo sukurtas vaikams, kurie m\u0117gsta \u017eaisti lauke. Krep\u0161inio \u017eaidimas puikiai tinka grupiniams \u017eaidimams tiek namuose, tiek sode. D\u0117l galimyb\u0117s reguliuoti krep\u0161el\u012f \u012f penkis auk\u0161\u010dius, nuo 150 iki 210 cm, juo gali \u017eaisti \u012fvairaus am\u017eiaus vaikai. Kad b\u016bt\u0173 lengviau saugoti po \u017eaidimo, \u012frengin\u012f galima sulankstyti. Transportavim\u0105 palengvina prie pagrindo sumontuoti ratai.<br \/>\nLittle Tikes \u017eaislai yra auk\u0161\u010diausios kokyb\u0117s gaminiai, kurie tarnaus j\u016bs\u0173 vaikams ilgus metus.<\/p>\n<p>Raksturojums:<\/p>\n<p> \t&#8211; krep\u0161inio krep\u0161ys yra sulankstomas,\u00a0tod\u0117l j\u012f lengva laikyti,<br \/>\n \t&#8211;\u00a0krep\u0161inis turi ratus\u00a0(lengvai juda),<br \/>\n \t&#8211;\u00a05 skirtingi auk\u0161\u010diai,<\/p>\n<p> \t&#8211;\u00a0gaminys pagamintas i\u0161\u00a0auk\u0161tos kokyb\u0117s med\u017eiag\u0173.<\/p>\n<p>\u017daislas vysto:<\/p>\n<p> \t\u2013 roku darba prasmes,<br \/>\n \t&#8211; fizin\u012f pasirengim\u0105,<br \/>\n \t&#8211; vaizduot\u0117,<br \/>\n \t&#8211; k\u016brybi\u0161kumas.<\/p>\n<p>Little Tikes\u00a0gaminiai\u00a0\u00a0\u00a0\u017einomi ir m\u0117gstami visuose \u017eemynuose, daugelyje nam\u0173 tarp begal\u0117s besi\u0161ypsan\u010di\u0173 vaik\u0173 ir patenkint\u0173 t\u0117v\u0173.\u00a0\u00a0Little Tikes\u00a0\u00a0gamina gaminius, kurie garantuoja visus b\u016btinus saugos standartus. Atsi\u017evelgiant \u012f gamini\u0173 ilgaam\u017ei\u0161kum\u0105, \u017eaislai suprojektuoti ir pagaminti naudojant tinkamiausi\u0105 technologij\u0105, tai yra \u201erotomolding\u201c, garantuojant\u012f puik\u0173 malonum\u0105 ilgus metus.<\/p>","protected":false},"excerpt":{"rendered":"<p>Garsiojo prek\u0117s \u017eenklo\u00a0\u201eLittle Tikes\u201c\u00a0krep\u0161inio kamuolys\u00a0buvo sukurtas vaikams, kurie m\u0117gsta \u017eaisti lauke. Krep\u0161inio \u017eaidimas puikiai tinka grupiniams \u017eaidimams tiek namuose, tiek<\/p>","protected":false},"featured_media":56405,"template":"","meta":{"_acf_changed":false,"_glsr_average":0,"_glsr_ranking":0,"_glsr_reviews":0},"product_brand":[],"product_cat":[233,430],"product_tag":[],"class_list":{"0":"post-89422","1":"product","2":"type-product","3":"status-publish","4":"has-post-thumbnail","6":"product_cat-lauko-pramogos","7":"product_cat-zaidimai-ir-linksmybes","8":"\"style=\"background-color: #2ecc711c;\"","10":"first","11":"instock","12":"purchasable","13":"product-type-simple"},"acf":[],"yoast_head":"<!-- This site is optimized with the Yoast SEO plugin v27.4 - https:\/\/yoast.com\/product\/yoast-seo-wordpress\/ -->\n<title>Didelis krep\u0161inis vaikams, reguliuojamas ir sulankstomas<\/title>\n<meta name=\"description\" content=\"Didelis krep\u0161inis vaikams, reguliuojamas ir sulankstomas - KidsPlay. Did\u017eiausias vaik\u0173 \u017eaisl\u0173 pasirinkimas.\" \/>\n<meta name=\"robots\" content=\"index, follow, max-snippet:-1, max-image-preview:large, max-video-preview:-1\" \/>\n<link rel=\"canonical\" href=\"https:\/\/kidsplay.lt\/lv\/products\/didelis-krepsinis-vaikams-reguliuojamas-ir-sulankstomas\/\" \/>\n<meta property=\"og:locale\" content=\"lv_LV\" \/>\n<meta property=\"og:type\" content=\"article\" \/>\n<meta property=\"og:title\" content=\"Didelis krep\u0161inis vaikams, reguliuojamas ir sulankstomas\" \/>\n<meta property=\"og:description\" content=\"Didelis krep\u0161inis vaikams, reguliuojamas ir sulankstomas - KidsPlay. Did\u017eiausias vaik\u0173 \u017eaisl\u0173 pasirinkimas.\" \/>\n<meta property=\"og:url\" content=\"https:\/\/kidsplay.lt\/lv\/products\/didelis-krepsinis-vaikams-reguliuojamas-ir-sulankstomas\/\" \/>\n<meta property=\"og:site_name\" content=\"KidsPlay\" \/>\n<meta property=\"article:publisher\" content=\"https:\/\/www.facebook.com\/www.kidsplay.lt\" \/>\n<meta property=\"article:modified_time\" content=\"2026-04-13T11:57:23+00:00\" \/>\n<meta property=\"og:image\" content=\"https:\/\/kidsplay.lt\/wp-content\/uploads\/2024\/09\/Didelis-krepsinis-vaikams-reguliuojamas-ir-sulankstomas.jpg\" \/>\n\t<meta property=\"og:image:width\" content=\"2560\" \/>\n\t<meta property=\"og:image:height\" content=\"2560\" \/>\n\t<meta property=\"og:image:type\" content=\"image\/jpeg\" \/>\n<meta name=\"twitter:card\" content=\"summary_large_image\" \/>\n<meta name=\"twitter:label1\" content=\"Est. reading time\" \/>\n\t<meta name=\"twitter:data1\" content=\"1 min\u016bte\" \/>\n<script type=\"application\/ld+json\" class=\"yoast-schema-graph\">{\"@context\":\"https:\\\/\\\/schema.org\",\"@graph\":[{\"@type\":\"WebPage\",\"@id\":\"https:\\\/\\\/kidsplay.lt\\\/produktas\\\/didelis-krepsinis-vaikams-reguliuojamas-ir-sulankstomas\\\/\",\"url\":\"https:\\\/\\\/kidsplay.lt\\\/produktas\\\/didelis-krepsinis-vaikams-reguliuojamas-ir-sulankstomas\\\/\",\"name\":\"Didelis krep\u0161inis vaikams, reguliuojamas ir sulankstomas\",\"isPartOf\":{\"@id\":\"https:\\\/\\\/kidsplay.lt\\\/#website\"},\"primaryImageOfPage\":{\"@id\":\"https:\\\/\\\/kidsplay.lt\\\/produktas\\\/didelis-krepsinis-vaikams-reguliuojamas-ir-sulankstomas\\\/#primaryimage\"},\"image\":{\"@id\":\"https:\\\/\\\/kidsplay.lt\\\/produktas\\\/didelis-krepsinis-vaikams-reguliuojamas-ir-sulankstomas\\\/#primaryimage\"},\"thumbnailUrl\":\"https:\\\/\\\/kidsplay.lt\\\/wp-content\\\/uploads\\\/2024\\\/09\\\/Didelis-krepsinis-vaikams-reguliuojamas-ir-sulankstomas.jpg\",\"datePublished\":\"2026-02-26T07:20:39+00:00\",\"dateModified\":\"2026-04-13T11:57:23+00:00\",\"description\":\"Didelis krep\u0161inis vaikams, reguliuojamas ir sulankstomas - KidsPlay. Did\u017eiausias vaik\u0173 \u017eaisl\u0173 pasirinkimas.\",\"breadcrumb\":{\"@id\":\"https:\\\/\\\/kidsplay.lt\\\/produktas\\\/didelis-krepsinis-vaikams-reguliuojamas-ir-sulankstomas\\\/#breadcrumb\"},\"inLanguage\":\"lv-LV\",\"potentialAction\":[{\"@type\":\"ReadAction\",\"target\":[\"https:\\\/\\\/kidsplay.lt\\\/produktas\\\/didelis-krepsinis-vaikams-reguliuojamas-ir-sulankstomas\\\/\"]}]},{\"@type\":\"ImageObject\",\"inLanguage\":\"lv-LV\",\"@id\":\"https:\\\/\\\/kidsplay.lt\\\/produktas\\\/didelis-krepsinis-vaikams-reguliuojamas-ir-sulankstomas\\\/#primaryimage\",\"url\":\"https:\\\/\\\/kidsplay.lt\\\/wp-content\\\/uploads\\\/2024\\\/09\\\/Didelis-krepsinis-vaikams-reguliuojamas-ir-sulankstomas.jpg\",\"contentUrl\":\"https:\\\/\\\/kidsplay.lt\\\/wp-content\\\/uploads\\\/2024\\\/09\\\/Didelis-krepsinis-vaikams-reguliuojamas-ir-sulankstomas.jpg\",\"width\":2560,\"height\":2560,\"caption\":\"Didelis krep\u0161inis vaikams\"},{\"@type\":\"BreadcrumbList\",\"@id\":\"https:\\\/\\\/kidsplay.lt\\\/produktas\\\/didelis-krepsinis-vaikams-reguliuojamas-ir-sulankstomas\\\/#breadcrumb\",\"itemListElement\":[{\"@type\":\"ListItem\",\"position\":1,\"name\":\"Pagrindinis\",\"item\":\"https:\\\/\\\/kidsplay.lt\\\/\"},{\"@type\":\"ListItem\",\"position\":2,\"name\":\"Parduotuv\u0117\",\"item\":\"https:\\\/\\\/kidsplay.lt\\\/parduotuve\\\/\"},{\"@type\":\"ListItem\",\"position\":3,\"name\":\"Didelis krep\u0161inis vaikams, reguliuojamas ir sulankstomas\"}]},{\"@type\":\"WebSite\",\"@id\":\"https:\\\/\\\/kidsplay.lt\\\/#website\",\"url\":\"https:\\\/\\\/kidsplay.lt\\\/\",\"name\":\"Kidsplay.lt\",\"description\":\"\u012evairios prek\u0117s vaikams\",\"publisher\":{\"@id\":\"https:\\\/\\\/kidsplay.lt\\\/#organization\"},\"alternateName\":\"Kidsplay\",\"potentialAction\":[{\"@type\":\"SearchAction\",\"target\":{\"@type\":\"EntryPoint\",\"urlTemplate\":\"https:\\\/\\\/kidsplay.lt\\\/?s={search_term_string}\"},\"query-input\":{\"@type\":\"PropertyValueSpecification\",\"valueRequired\":true,\"valueName\":\"search_term_string\"}}],\"inLanguage\":\"lv-LV\"},{\"@type\":\"Organization\",\"@id\":\"https:\\\/\\\/kidsplay.lt\\\/#organization\",\"name\":\"KidsPlay\",\"url\":\"https:\\\/\\\/kidsplay.lt\\\/\",\"logo\":{\"@type\":\"ImageObject\",\"inLanguage\":\"lv-LV\",\"@id\":\"https:\\\/\\\/kidsplay.lt\\\/#\\\/schema\\\/logo\\\/image\\\/\",\"url\":\"https:\\\/\\\/kidsplay.lt\\\/wp-content\\\/uploads\\\/2023\\\/07\\\/kidsplay-logo.png\",\"contentUrl\":\"https:\\\/\\\/kidsplay.lt\\\/wp-content\\\/uploads\\\/2023\\\/07\\\/kidsplay-logo.png\",\"width\":451,\"height\":98,\"caption\":\"KidsPlay\"},\"image\":{\"@id\":\"https:\\\/\\\/kidsplay.lt\\\/#\\\/schema\\\/logo\\\/image\\\/\"},\"sameAs\":[\"https:\\\/\\\/www.facebook.com\\\/www.kidsplay.lt\"]}]}<\/script>\n<!-- \/ Yoast SEO plugin. -->","yoast_head_json":{"title":"Didelis krep\u0161inis vaikams, reguliuojamas ir sulankstomas","description":"Didelis krep\u0161inis vaikams, reguliuojamas ir sulankstomas - KidsPlay. Did\u017eiausias vaik\u0173 \u017eaisl\u0173 pasirinkimas.","robots":{"index":"index","follow":"follow","max-snippet":"max-snippet:-1","max-image-preview":"max-image-preview:large","max-video-preview":"max-video-preview:-1"},"canonical":"https:\/\/kidsplay.lt\/lv\/products\/didelis-krepsinis-vaikams-reguliuojamas-ir-sulankstomas\/","og_locale":"lv_LV","og_type":"article","og_title":"Didelis krep\u0161inis vaikams, reguliuojamas ir sulankstomas","og_description":"Didelis krep\u0161inis vaikams, reguliuojamas ir sulankstomas - KidsPlay. Did\u017eiausias vaik\u0173 \u017eaisl\u0173 pasirinkimas.","og_url":"https:\/\/kidsplay.lt\/lv\/products\/didelis-krepsinis-vaikams-reguliuojamas-ir-sulankstomas\/","og_site_name":"KidsPlay","article_publisher":"https:\/\/www.facebook.com\/www.kidsplay.lt","article_modified_time":"2026-04-13T11:57:23+00:00","og_image":[{"width":2560,"height":2560,"url":"https:\/\/kidsplay.lt\/wp-content\/uploads\/2024\/09\/Didelis-krepsinis-vaikams-reguliuojamas-ir-sulankstomas.jpg","type":"image\/jpeg"}],"twitter_card":"summary_large_image","twitter_misc":{"Est. reading time":"1 min\u016bte"},"schema":{"@context":"https:\/\/schema.org","@graph":[{"@type":"WebPage","@id":"https:\/\/kidsplay.lt\/produktas\/didelis-krepsinis-vaikams-reguliuojamas-ir-sulankstomas\/","url":"https:\/\/kidsplay.lt\/produktas\/didelis-krepsinis-vaikams-reguliuojamas-ir-sulankstomas\/","name":"Didelis krep\u0161inis vaikams, reguliuojamas ir sulankstomas","isPartOf":{"@id":"https:\/\/kidsplay.lt\/#website"},"primaryImageOfPage":{"@id":"https:\/\/kidsplay.lt\/produktas\/didelis-krepsinis-vaikams-reguliuojamas-ir-sulankstomas\/#primaryimage"},"image":{"@id":"https:\/\/kidsplay.lt\/produktas\/didelis-krepsinis-vaikams-reguliuojamas-ir-sulankstomas\/#primaryimage"},"thumbnailUrl":"https:\/\/kidsplay.lt\/wp-content\/uploads\/2024\/09\/Didelis-krepsinis-vaikams-reguliuojamas-ir-sulankstomas.jpg","datePublished":"2026-02-26T07:20:39+00:00","dateModified":"2026-04-13T11:57:23+00:00","description":"Didelis krep\u0161inis vaikams, reguliuojamas ir sulankstomas - KidsPlay. Did\u017eiausias vaik\u0173 \u017eaisl\u0173 pasirinkimas.","breadcrumb":{"@id":"https:\/\/kidsplay.lt\/produktas\/didelis-krepsinis-vaikams-reguliuojamas-ir-sulankstomas\/#breadcrumb"},"inLanguage":"lv-LV","potentialAction":[{"@type":"ReadAction","target":["https:\/\/kidsplay.lt\/produktas\/didelis-krepsinis-vaikams-reguliuojamas-ir-sulankstomas\/"]}]},{"@type":"ImageObject","inLanguage":"lv-LV","@id":"https:\/\/kidsplay.lt\/produktas\/didelis-krepsinis-vaikams-reguliuojamas-ir-sulankstomas\/#primaryimage","url":"https:\/\/kidsplay.lt\/wp-content\/uploads\/2024\/09\/Didelis-krepsinis-vaikams-reguliuojamas-ir-sulankstomas.jpg","contentUrl":"https:\/\/kidsplay.lt\/wp-content\/uploads\/2024\/09\/Didelis-krepsinis-vaikams-reguliuojamas-ir-sulankstomas.jpg","width":2560,"height":2560,"caption":"Didelis krep\u0161inis vaikams"},{"@type":"BreadcrumbList","@id":"https:\/\/kidsplay.lt\/produktas\/didelis-krepsinis-vaikams-reguliuojamas-ir-sulankstomas\/#breadcrumb","itemListElement":[{"@type":"ListItem","position":1,"name":"Pagrindinis","item":"https:\/\/kidsplay.lt\/"},{"@type":"ListItem","position":2,"name":"Parduotuv\u0117","item":"https:\/\/kidsplay.lt\/parduotuve\/"},{"@type":"ListItem","position":3,"name":"Didelis krep\u0161inis vaikams, reguliuojamas ir sulankstomas"}]},{"@type":"WebSite","@id":"https:\/\/kidsplay.lt\/#website","url":"https:\/\/kidsplay.lt\/","name":"B\u0113rnu sp\u0113les.lv","description":"\u012evairios prek\u0117s vaikams","publisher":{"@id":"https:\/\/kidsplay.lt\/#organization"},"alternateName":"Kidsplay","potentialAction":[{"@type":"SearchAction","target":{"@type":"EntryPoint","urlTemplate":"https:\/\/kidsplay.lt\/?s={search_term_string}"},"query-input":{"@type":"PropertyValueSpecification","valueRequired":true,"valueName":"search_term_string"}}],"inLanguage":"lv-LV"},{"@type":"Organization","@id":"https:\/\/kidsplay.lt\/#organization","name":"B\u0113rnu sp\u0113le","url":"https:\/\/kidsplay.lt\/","logo":{"@type":"ImageObject","inLanguage":"lv-LV","@id":"https:\/\/kidsplay.lt\/#\/schema\/logo\/image\/","url":"https:\/\/kidsplay.lt\/wp-content\/uploads\/2023\/07\/kidsplay-logo.png","contentUrl":"https:\/\/kidsplay.lt\/wp-content\/uploads\/2023\/07\/kidsplay-logo.png","width":451,"height":98,"caption":"KidsPlay"},"image":{"@id":"https:\/\/kidsplay.lt\/#\/schema\/logo\/image\/"},"sameAs":["https:\/\/www.facebook.com\/www.kidsplay.lt"]}]}},"_links":{"self":[{"href":"https:\/\/kidsplay.lt\/lv\/wp-json\/wp\/v2\/product\/89422","targetHints":{"allow":["GET"]}}],"collection":[{"href":"https:\/\/kidsplay.lt\/lv\/wp-json\/wp\/v2\/product"}],"about":[{"href":"https:\/\/kidsplay.lt\/lv\/wp-json\/wp\/v2\/types\/product"}],"version-history":[{"count":1,"href":"https:\/\/kidsplay.lt\/lv\/wp-json\/wp\/v2\/product\/89422\/revisions"}],"predecessor-version":[{"id":89423,"href":"https:\/\/kidsplay.lt\/lv\/wp-json\/wp\/v2\/product\/89422\/revisions\/89423"}],"wp:featuredmedia":[{"embeddable":true,"href":"https:\/\/kidsplay.lt\/lv\/wp-json\/wp\/v2\/media\/56405"}],"wp:attachment":[{"href":"https:\/\/kidsplay.lt\/lv\/wp-json\/wp\/v2\/media?parent=89422"}],"wp:term":[{"taxonomy":"product_brand","embeddable":true,"href":"https:\/\/kidsplay.lt\/lv\/wp-json\/wp\/v2\/product_brand?post=89422"},{"taxonomy":"product_cat","embeddable":true,"href":"https:\/\/kidsplay.lt\/lv\/wp-json\/wp\/v2\/product_cat?post=89422"},{"taxonomy":"product_tag","embeddable":true,"href":"https:\/\/kidsplay.lt\/lv\/wp-json\/wp\/v2\/product_tag?post=89422"}],"curies":[{"name":"wp","href":"https:\/\/api.w.org\/{rel}","templated":true}]}}